{"id":32685,"date":"2023-10-24T11:49:29","date_gmt":"2023-10-24T09:49:29","guid":{"rendered":"https:\/\/baubauwall.com\/product\/pilttapeet-malukihid-elevandiluu\/"},"modified":"2023-10-31T11:18:18","modified_gmt":"2023-10-31T09:18:18","slug":"pilttapeet-malukihid-elevandiluu","status":"publish","type":"product","link":"https:\/\/baubauwall.com\/et\/toode\/pilttapeet-malukihid-elevandiluu\/","title":{"rendered":"M\u00e4lukihid &#8211; elevandiluu"},"content":{"rendered":"<p>Pilttapeet M\u00e4lukihid talletab aja j\u00e4lje, mustrid ja kihid tapeedidisainile. See hele tapeet on segu kergelt <em>faux <\/em><em>surface\u00a0<\/em>efektiga betoonist, \u00f5itest ja m\u00e4lestustest. Efektne disaintapeet, mis justkui kiht kihi haaval jutustab lugusid. Olgu nad Sinu lood ja m\u00e4lestused. Pilttapeet M\u00e4lukihid sobib h\u00e4sti \u00fchele efektseinale, kombineerituna tapeedi p\u00f5hiv\u00e4rvist v\u00f5etud tooni muude seintega interj\u00f6\u00f6ris. Sobita juurde kaasaegses v\u00f5tmes sisustus ning tulemuseks on t\u00f5eliselt isikup\u00e4rane interj\u00f6\u00f6r.<\/p>\n<p><a href=\"https:\/\/baubauwall.com\/et\/tootekategooria\/tapeedi-kollektsioonid\/ateljee-tapeedid\/\" target=\"_blank\" rel=\"noopener\"><strong>Tapeedikollektsioon \u201cAteljee\u201d<\/strong><\/a> on inspireeritud P\u00f5hjamaa looduse tekstuuridest ja arhitektuursetest joontest. Need on efektsed pilttapeedid ja elegantsed kordusmustriga tapeedid, mis m\u00e4nglevalt p\u00f5imivad geomeetria ning detailid metsadest lilleaasadeni. \u201cAteljee\u201d tapeedid pakuvad avastushetki ja detailirohkust ning sobivad h\u00e4sti nii avaliku ruumi seintele kui ka kodustesse interj\u00f6\u00f6ridesse. Kollektsiooni autor on tapeedidisainer <strong>Triinu Silla,\u00a0<\/strong>kelle detailirohke k\u00e4ekiri maalis mustrid tapeedil\u00f5uenditele.<\/p>\n<p><strong>Miks osta tapeet siit? Tapeetimine pole kunagi nii lihtne olnud!<\/strong><\/p>\n<ul>\n<li>Eesti disain<\/li>\n<li>Nummerdatud tapeedipaanid<\/li>\n<li>Just nii pikad paanid, kui on Sinu sein<\/li>\n<li>Premium, matt fliistapeedi materjal<\/li>\n<li>M\u00fcrgivabad tr\u00fckiv\u00e4rvid, Greenguard sertifitseeritud<\/li>\n<li>Keskkonnas\u00f5bralik, j\u00e4\u00e4tmevaba tapeetimine<\/li>\n<li>Tasuta tapeediliim<\/li>\n<li>Tasuta transport ja kiire tarne 5 t\u00f6\u00f6p\u00e4evaga<\/li>\n<\/ul>\n<p>Loe l\u00e4hemalt nutikatest, eritellimust\u00f6\u00f6na valmivatest tapeetidest\u00a0<a href=\"https:\/\/baubauwall.com\/et\/keskkonnasobralikud-tapeedid\/\">siit.<\/a><\/p>\n","protected":false},"excerpt":{"rendered":"<p>Pilttapeet M\u00e4lukihid talletab aja j\u00e4lje, mustrid ja kihid tapeedidisainile. See hele tapeet on segu kergelt faux surface\u00a0efektiga betoonist, \u00f5itest ja m\u00e4lestustest. Efektne disaintapeet, mis justkui kiht kihi haaval jutustab lugusid. Olgu nad Sinu lood ja m\u00e4lestused. Pilttapeet M\u00e4lukihid sobib h\u00e4sti \u00fchele efektseinale, kombineerituna tapeedi p\u00f5hiv\u00e4rvist v\u00f5etud tooni muude seintega interj\u00f6\u00f6ris. Sobita juurde kaasaegses v\u00f5tmes sisustus [&hellip;]<\/p>\n","protected":false},"featured_media":34292,"comment_status":"open","ping_status":"closed","template":"","meta":{"_acf_changed":false,"inline_featured_image":false},"product_brand":[],"product_cat":[680,387,404,392,396,265,273,752,413,414,415,416,399,402,699],"product_tag":[681,695,314,334,345,719],"class_list":{"0":"post-32685","1":"product","2":"type-product","3":"status-publish","4":"has-post-thumbnail","6":"product_cat-ateljee-tapeedid","7":"product_cat-pilttapeedid","8":"product_cat-abstraktne","9":"product_cat-minimalistlik","10":"product_cat-skandinaavia","11":"product_cat-beezid-tapeedid","12":"product_cat-heledad-tapeedid","13":"product_cat-avalik-ruum","14":"product_cat-magamistoa-tapeedid","15":"product_cat-soogitoa-tapeedid","16":"product_cat-kulalistetoa-tapeedid","17":"product_cat-esiku-tapeedid","18":"product_cat-kodukontori-tapeedid","19":"product_cat-elutoa-tapeedid","20":"product_cat-eesti-disain-tapeedid","21":"product_tag-ateljee-tapeedikollektsioon-et","22":"product_tag-eesti-disain-tapeedid","23":"product_tag-faux-surface-et","24":"product_tag-japandi-et","25":"product_tag-pilttapeet","26":"product_tag-vaikne-luksus","27":"pa_designedby-triinu-silla","29":"first","30":"instock","31":"taxable","32":"shipping-taxable","33":"purchasable","34":"product-type-simple"},"acf":[],"yoast_head":"<!-- This site is optimized with the Yoast SEO plugin v25.9 - https:\/\/yoast.com\/wordpress\/plugins\/seo\/ -->\n<title>P\u00f5hjamaine, hele disain pilttapeet M\u00e4lukihid. Ateljee tapeedid<\/title>\n<meta name=\"description\" content=\"M\u00e4lukihid - hele disain pilttapeet. Eritellimusena, ent lihtsalt valmivad tapeedid sinu seina m\u00f5\u00f5dus. Fliistapeedid Ateljee tapeedikollektsioonis\" \/>\n<meta name=\"robots\" content=\"index, follow, max-snippet:-1, max-image-preview:large, max-video-preview:-1\" \/>\n<link rel=\"canonical\" href=\"https:\/\/baubauwall.com\/et\/toode\/pilttapeet-malukihid-elevandiluu\/\" \/>\n<meta property=\"og:locale\" content=\"et_EE\" \/>\n<meta property=\"og:type\" content=\"article\" \/>\n<meta property=\"og:title\" content=\"P\u00f5hjamaine, hele disain pilttapeet M\u00e4lukihid. Ateljee tapeedid\" \/>\n<meta property=\"og:description\" content=\"M\u00e4lukihid - hele disain pilttapeet. Eritellimusena, ent lihtsalt valmivad tapeedid sinu seina m\u00f5\u00f5dus. Fliistapeedid Ateljee tapeedikollektsioonis\" \/>\n<meta property=\"og:url\" content=\"https:\/\/baubauwall.com\/et\/toode\/pilttapeet-malukihid-elevandiluu\/\" \/>\n<meta property=\"og:site_name\" content=\"BAUBAUWALL TAPEEDID\" \/>\n<meta property=\"article:publisher\" content=\"https:\/\/www.facebook.com\/Baubauwall\" \/>\n<meta property=\"article:modified_time\" content=\"2023-10-31T09:18:18+00:00\" \/>\n<meta property=\"og:image\" content=\"https:\/\/baubauwall.com\/wp-content\/uploads\/2023\/10\/51200344_MemoryLayers-Ivory_Baubauwall_Wall_Mural_room3.jpg\" \/>\n\t<meta property=\"og:image:width\" content=\"2400\" \/>\n\t<meta property=\"og:image:height\" content=\"1600\" \/>\n\t<meta property=\"og:image:type\" content=\"image\/jpeg\" \/>\n<meta name=\"twitter:card\" content=\"summary_large_image\" \/>\n<meta name=\"twitter:label1\" content=\"Est. reading time\" \/>\n\t<meta name=\"twitter:data1\" content=\"1 minut\" \/>\n<script type=\"application\/ld+json\" class=\"yoast-schema-graph\">{\"@context\":\"https:\/\/schema.org\",\"@graph\":[{\"@type\":\"WebPage\",\"@id\":\"https:\/\/baubauwall.com\/et\/toode\/pilttapeet-malukihid-elevandiluu\/\",\"url\":\"https:\/\/baubauwall.com\/et\/toode\/pilttapeet-malukihid-elevandiluu\/\",\"name\":\"P\u00f5hjamaine, hele disain pilttapeet M\u00e4lukihid. Ateljee tapeedid\",\"isPartOf\":{\"@id\":\"https:\/\/baubauwall.com\/et\/#website\"},\"primaryImageOfPage\":{\"@id\":\"https:\/\/baubauwall.com\/et\/toode\/pilttapeet-malukihid-elevandiluu\/#primaryimage\"},\"image\":{\"@id\":\"https:\/\/baubauwall.com\/et\/toode\/pilttapeet-malukihid-elevandiluu\/#primaryimage\"},\"thumbnailUrl\":\"https:\/\/baubauwall.com\/wp-content\/uploads\/2023\/10\/51200344_MemoryLayers-Ivory_Baubauwall_Wall_Mural_room3-2.jpg\",\"datePublished\":\"2023-10-24T09:49:29+00:00\",\"dateModified\":\"2023-10-31T09:18:18+00:00\",\"description\":\"M\u00e4lukihid - hele disain pilttapeet. Eritellimusena, ent lihtsalt valmivad tapeedid sinu seina m\u00f5\u00f5dus. Fliistapeedid Ateljee tapeedikollektsioonis\",\"breadcrumb\":{\"@id\":\"https:\/\/baubauwall.com\/et\/toode\/pilttapeet-malukihid-elevandiluu\/#breadcrumb\"},\"inLanguage\":\"et\",\"potentialAction\":[{\"@type\":\"ReadAction\",\"target\":[\"https:\/\/baubauwall.com\/et\/toode\/pilttapeet-malukihid-elevandiluu\/\"]}]},{\"@type\":\"ImageObject\",\"inLanguage\":\"et\",\"@id\":\"https:\/\/baubauwall.com\/et\/toode\/pilttapeet-malukihid-elevandiluu\/#primaryimage\",\"url\":\"https:\/\/baubauwall.com\/wp-content\/uploads\/2023\/10\/51200344_MemoryLayers-Ivory_Baubauwall_Wall_Mural_room3-2.jpg\",\"contentUrl\":\"https:\/\/baubauwall.com\/wp-content\/uploads\/2023\/10\/51200344_MemoryLayers-Ivory_Baubauwall_Wall_Mural_room3-2.jpg\",\"width\":2400,\"height\":1600},{\"@type\":\"BreadcrumbList\",\"@id\":\"https:\/\/baubauwall.com\/et\/toode\/pilttapeet-malukihid-elevandiluu\/#breadcrumb\",\"itemListElement\":[{\"@type\":\"ListItem\",\"position\":1,\"name\":\"Koju\",\"item\":\"https:\/\/baubauwall.com\/et\/\"},{\"@type\":\"ListItem\",\"position\":2,\"name\":\"Tapeedid\",\"item\":\"https:\/\/baubauwall.com\/et\/tapeedid\/\"},{\"@type\":\"ListItem\",\"position\":3,\"name\":\"M\u00e4lukihid &#8211; elevandiluu\"}]},{\"@type\":\"WebSite\",\"@id\":\"https:\/\/baubauwall.com\/et\/#website\",\"url\":\"https:\/\/baubauwall.com\/et\/\",\"name\":\"BAUBAUWALL Wallpapers\",\"description\":\"Valmis paanides tapeet Eestist!\",\"publisher\":{\"@id\":\"https:\/\/baubauwall.com\/et\/#organization\"},\"potentialAction\":[{\"@type\":\"SearchAction\",\"target\":{\"@type\":\"EntryPoint\",\"urlTemplate\":\"https:\/\/baubauwall.com\/et\/?s={search_term_string}\"},\"query-input\":{\"@type\":\"PropertyValueSpecification\",\"valueRequired\":true,\"valueName\":\"search_term_string\"}}],\"inLanguage\":\"et\"},{\"@type\":\"Organization\",\"@id\":\"https:\/\/baubauwall.com\/et\/#organization\",\"name\":\"BAUBAUWALL Wallpapers\",\"url\":\"https:\/\/baubauwall.com\/et\/\",\"logo\":{\"@type\":\"ImageObject\",\"inLanguage\":\"et\",\"@id\":\"https:\/\/baubauwall.com\/et\/#\/schema\/logo\/image\/\",\"url\":\"https:\/\/baubauwall.com\/wp-content\/uploads\/2022\/03\/logo-horizontal.svg\",\"contentUrl\":\"https:\/\/baubauwall.com\/wp-content\/uploads\/2022\/03\/logo-horizontal.svg\",\"width\":\"1024\",\"height\":\"1024\",\"caption\":\"BAUBAUWALL Wallpapers\"},\"image\":{\"@id\":\"https:\/\/baubauwall.com\/et\/#\/schema\/logo\/image\/\"},\"sameAs\":[\"https:\/\/www.facebook.com\/Baubauwall\",\"https:\/\/www.instagram.com\/baubauwall\"]}]}<\/script>\n<!-- \/ Yoast SEO plugin. -->","yoast_head_json":{"title":"P\u00f5hjamaine, hele disain pilttapeet M\u00e4lukihid. Ateljee tapeedid","description":"M\u00e4lukihid - hele disain pilttapeet. Eritellimusena, ent lihtsalt valmivad tapeedid sinu seina m\u00f5\u00f5dus. Fliistapeedid Ateljee tapeedikollektsioonis","robots":{"index":"index","follow":"follow","max-snippet":"max-snippet:-1","max-image-preview":"max-image-preview:large","max-video-preview":"max-video-preview:-1"},"canonical":"https:\/\/baubauwall.com\/et\/toode\/pilttapeet-malukihid-elevandiluu\/","og_locale":"et_EE","og_type":"article","og_title":"P\u00f5hjamaine, hele disain pilttapeet M\u00e4lukihid. Ateljee tapeedid","og_description":"M\u00e4lukihid - hele disain pilttapeet. Eritellimusena, ent lihtsalt valmivad tapeedid sinu seina m\u00f5\u00f5dus. Fliistapeedid Ateljee tapeedikollektsioonis","og_url":"https:\/\/baubauwall.com\/et\/toode\/pilttapeet-malukihid-elevandiluu\/","og_site_name":"BAUBAUWALL TAPEEDID","article_publisher":"https:\/\/www.facebook.com\/Baubauwall","article_modified_time":"2023-10-31T09:18:18+00:00","og_image":[{"width":2400,"height":1600,"url":"https:\/\/baubauwall.com\/wp-content\/uploads\/2023\/10\/51200344_MemoryLayers-Ivory_Baubauwall_Wall_Mural_room3.jpg","type":"image\/jpeg"}],"twitter_card":"summary_large_image","twitter_misc":{"Est. reading time":"1 minut"},"schema":{"@context":"https:\/\/schema.org","@graph":[{"@type":"WebPage","@id":"https:\/\/baubauwall.com\/et\/toode\/pilttapeet-malukihid-elevandiluu\/","url":"https:\/\/baubauwall.com\/et\/toode\/pilttapeet-malukihid-elevandiluu\/","name":"P\u00f5hjamaine, hele disain pilttapeet M\u00e4lukihid. Ateljee tapeedid","isPartOf":{"@id":"https:\/\/baubauwall.com\/et\/#website"},"primaryImageOfPage":{"@id":"https:\/\/baubauwall.com\/et\/toode\/pilttapeet-malukihid-elevandiluu\/#primaryimage"},"image":{"@id":"https:\/\/baubauwall.com\/et\/toode\/pilttapeet-malukihid-elevandiluu\/#primaryimage"},"thumbnailUrl":"https:\/\/baubauwall.com\/wp-content\/uploads\/2023\/10\/51200344_MemoryLayers-Ivory_Baubauwall_Wall_Mural_room3-2.jpg","datePublished":"2023-10-24T09:49:29+00:00","dateModified":"2023-10-31T09:18:18+00:00","description":"M\u00e4lukihid - hele disain pilttapeet. Eritellimusena, ent lihtsalt valmivad tapeedid sinu seina m\u00f5\u00f5dus. Fliistapeedid Ateljee tapeedikollektsioonis","breadcrumb":{"@id":"https:\/\/baubauwall.com\/et\/toode\/pilttapeet-malukihid-elevandiluu\/#breadcrumb"},"inLanguage":"et","potentialAction":[{"@type":"ReadAction","target":["https:\/\/baubauwall.com\/et\/toode\/pilttapeet-malukihid-elevandiluu\/"]}]},{"@type":"ImageObject","inLanguage":"et","@id":"https:\/\/baubauwall.com\/et\/toode\/pilttapeet-malukihid-elevandiluu\/#primaryimage","url":"https:\/\/baubauwall.com\/wp-content\/uploads\/2023\/10\/51200344_MemoryLayers-Ivory_Baubauwall_Wall_Mural_room3-2.jpg","contentUrl":"https:\/\/baubauwall.com\/wp-content\/uploads\/2023\/10\/51200344_MemoryLayers-Ivory_Baubauwall_Wall_Mural_room3-2.jpg","width":2400,"height":1600},{"@type":"BreadcrumbList","@id":"https:\/\/baubauwall.com\/et\/toode\/pilttapeet-malukihid-elevandiluu\/#breadcrumb","itemListElement":[{"@type":"ListItem","position":1,"name":"Koju","item":"https:\/\/baubauwall.com\/et\/"},{"@type":"ListItem","position":2,"name":"Tapeedid","item":"https:\/\/baubauwall.com\/et\/tapeedid\/"},{"@type":"ListItem","position":3,"name":"M\u00e4lukihid &#8211; elevandiluu"}]},{"@type":"WebSite","@id":"https:\/\/baubauwall.com\/et\/#website","url":"https:\/\/baubauwall.com\/et\/","name":"BAUBAUWALL Wallpapers","description":"Valmis paanides tapeet Eestist!","publisher":{"@id":"https:\/\/baubauwall.com\/et\/#organization"},"potentialAction":[{"@type":"SearchAction","target":{"@type":"EntryPoint","urlTemplate":"https:\/\/baubauwall.com\/et\/?s={search_term_string}"},"query-input":{"@type":"PropertyValueSpecification","valueRequired":true,"valueName":"search_term_string"}}],"inLanguage":"et"},{"@type":"Organization","@id":"https:\/\/baubauwall.com\/et\/#organization","name":"BAUBAUWALL Wallpapers","url":"https:\/\/baubauwall.com\/et\/","logo":{"@type":"ImageObject","inLanguage":"et","@id":"https:\/\/baubauwall.com\/et\/#\/schema\/logo\/image\/","url":"https:\/\/baubauwall.com\/wp-content\/uploads\/2022\/03\/logo-horizontal.svg","contentUrl":"https:\/\/baubauwall.com\/wp-content\/uploads\/2022\/03\/logo-horizontal.svg","width":"1024","height":"1024","caption":"BAUBAUWALL Wallpapers"},"image":{"@id":"https:\/\/baubauwall.com\/et\/#\/schema\/logo\/image\/"},"sameAs":["https:\/\/www.facebook.com\/Baubauwall","https:\/\/www.instagram.com\/baubauwall"]}]}},"jetpack_sharing_enabled":true,"_links":{"self":[{"href":"https:\/\/baubauwall.com\/et\/wp-json\/wp\/v2\/product\/32685","targetHints":{"allow":["GET"]}}],"collection":[{"href":"https:\/\/baubauwall.com\/et\/wp-json\/wp\/v2\/product"}],"about":[{"href":"https:\/\/baubauwall.com\/et\/wp-json\/wp\/v2\/types\/product"}],"replies":[{"embeddable":true,"href":"https:\/\/baubauwall.com\/et\/wp-json\/wp\/v2\/comments?post=32685"}],"wp:featuredmedia":[{"embeddable":true,"href":"https:\/\/baubauwall.com\/et\/wp-json\/wp\/v2\/media\/34292"}],"wp:attachment":[{"href":"https:\/\/baubauwall.com\/et\/wp-json\/wp\/v2\/media?parent=32685"}],"wp:term":[{"taxonomy":"product_brand","embeddable":true,"href":"https:\/\/baubauwall.com\/et\/wp-json\/wp\/v2\/product_brand?post=32685"},{"taxonomy":"product_cat","embeddable":true,"href":"https:\/\/baubauwall.com\/et\/wp-json\/wp\/v2\/product_cat?post=32685"},{"taxonomy":"product_tag","embeddable":true,"href":"https:\/\/baubauwall.com\/et\/wp-json\/wp\/v2\/product_tag?post=32685"}],"curies":[{"name":"wp","href":"https:\/\/api.w.org\/{rel}","templated":true}]}}