{"id":32687,"date":"2023-10-20T17:00:24","date_gmt":"2023-10-20T15:00:24","guid":{"rendered":"https:\/\/baubauwall.com\/product\/pilttapeet-modernistlik-geomeetria-tumehall\/"},"modified":"2023-12-01T13:21:35","modified_gmt":"2023-12-01T11:21:35","slug":"pilttapeet-modernistlik-geomeetria-tumehall","status":"publish","type":"product","link":"https:\/\/baubauwall.com\/et\/toode\/pilttapeet-modernistlik-geomeetria-tumehall\/","title":{"rendered":"Modernistlik geomeetria &#8211; tumehall"},"content":{"rendered":"<p>Trendid tulevad ja l\u00e4hevad, ent kodukujundus ei ole kiirmood. Vali koju tapeet, mis peegeldab Sinu iseloomu ning mille seltsis on hea olla. Just selliselt v\u00f5iks kirjeldada tumehalli pilttapeeti Modernistlik geomeetria! Tumehall disaintapeet, millega on lihtne interj\u00f6\u00f6ri sein m\u00e4hkida ajatus stiilis. Detailne, l\u00e4bim\u00f5eldud muster hallides v\u00e4rvides on elegantne tapeedivalik.<strong>\u00a0<\/strong>Eriliselt h\u00e4sti sobib see pilttapeet \u00fchele seinale efektse mulje loomiseks.<\/p>\n<p><a href=\"https:\/\/baubauwall.com\/et\/tootekategooria\/tapeedi-kollektsioonid\/ateljee-tapeedid\/\" target=\"_blank\" rel=\"noopener\"><strong>Tapeedikollektsioon \u201cAteljee\u201d<\/strong><\/a> on inspireeritud P\u00f5hjamaa looduse tekstuuridest ja arhitektuursetest joontest. Need on efektsed pilttapeedid ja elegantsed kordusmustriga tapeedid, mis m\u00e4nglevalt p\u00f5imivad geomeetria ning detailid metsadest lilleaasadeni. \u201cAteljee\u201d tapeedid pakuvad avastushetki ja detailirohkust ning sobivad h\u00e4sti nii avaliku ruumi seintele kui ka kodustesse interj\u00f6\u00f6ridesse. Kollektsiooni autor on tapeedidisainer <strong>Triinu Silla,\u00a0<\/strong>kelle detailirohke k\u00e4ekiri maalis mustrid tapeedil\u00f5uenditele.<\/p>\n<p><strong>Miks osta tapeet siit? Tapeetimine pole kunagi nii lihtne olnud!<\/strong><\/p>\n<ul>\n<li>Eesti disain<\/li>\n<li>Nummerdatud tapeedipaanid<\/li>\n<li>Just nii pikad paanid, kui on Sinu sein<\/li>\n<li>Premium, matt fliistapeedi materjal<\/li>\n<li>M\u00fcrgivabad tr\u00fckiv\u00e4rvid, Greenguard sertifitseeritud<\/li>\n<li>Keskkonnas\u00f5bralik, j\u00e4\u00e4tmevaba tapeetimine<\/li>\n<li>Tasuta tapeediliim<\/li>\n<li>Tasuta transport ja kiire tarne 5 t\u00f6\u00f6p\u00e4evaga<\/li>\n<\/ul>\n<p>Loe l\u00e4hemalt nutikatest, eritellimust\u00f6\u00f6na valmivatest tapeetidest\u00a0<a href=\"https:\/\/baubauwall.com\/et\/keskkonnasobralikud-tapeedid\/\">siit.<\/a><\/p>\n","protected":false},"excerpt":{"rendered":"<p>Trendid tulevad ja l\u00e4hevad, ent kodukujundus ei ole kiirmood. Vali koju tapeet, mis peegeldab Sinu iseloomu ning mille seltsis on hea olla. Just selliselt v\u00f5iks kirjeldada tumehalli pilttapeeti Modernistlik geomeetria! Tumehall disaintapeet, millega on lihtne interj\u00f6\u00f6ri sein m\u00e4hkida ajatus stiilis. Detailne, l\u00e4bim\u00f5eldud muster hallides v\u00e4rvides on elegantne tapeedivalik.\u00a0Eriliselt h\u00e4sti sobib see pilttapeet \u00fchele seinale efektse [&hellip;]<\/p>\n","protected":false},"featured_media":33512,"comment_status":"open","ping_status":"closed","template":"","meta":{"_acf_changed":false,"inline_featured_image":false},"product_brand":[],"product_cat":[680,387,404,408,396,272,752,413,414,415,399,402,699],"product_tag":[681,584,695,345],"class_list":{"0":"post-32687","1":"product","2":"type-product","3":"status-publish","4":"has-post-thumbnail","6":"product_cat-ateljee-tapeedid","7":"product_cat-pilttapeedid","8":"product_cat-abstraktne","9":"product_cat-geomeetriline","10":"product_cat-skandinaavia","11":"product_cat-hallid-tapeedid","12":"product_cat-avalik-ruum","13":"product_cat-magamistoa-tapeedid","14":"product_cat-soogitoa-tapeedid","15":"product_cat-kulalistetoa-tapeedid","16":"product_cat-kodukontori-tapeedid","17":"product_cat-elutoa-tapeedid","18":"product_cat-eesti-disain-tapeedid","19":"product_tag-ateljee-tapeedikollektsioon-et","20":"product_tag-boho-et","21":"product_tag-eesti-disain-tapeedid","22":"product_tag-pilttapeet","23":"pa_designedby-triinu-silla","25":"first","26":"instock","27":"taxable","28":"shipping-taxable","29":"purchasable","30":"product-type-simple"},"acf":[],"yoast_head":"<!-- This site is optimized with the Yoast SEO plugin v25.9 - https:\/\/yoast.com\/wordpress\/plugins\/seo\/ -->\n<title>Ateljee tapeedikollektsiooni pilttapeet Modernistlik Geomeetria. Hall<\/title>\n<meta name=\"description\" content=\"Ateljee tapeedikollektsioon Eesti disaintapeete. Esteetiliselt kaunid, tekstuursed mustrid. Tapeedid nii elu- kui \u00e4riruumidesse. Lihtne tapeetimine\" \/>\n<meta name=\"robots\" content=\"index, follow, max-snippet:-1, max-image-preview:large, max-video-preview:-1\" \/>\n<link rel=\"canonical\" href=\"https:\/\/baubauwall.com\/et\/toode\/pilttapeet-modernistlik-geomeetria-tumehall\/\" \/>\n<meta property=\"og:locale\" content=\"et_EE\" \/>\n<meta property=\"og:type\" content=\"article\" \/>\n<meta property=\"og:title\" content=\"Ateljee tapeedikollektsiooni pilttapeet Modernistlik Geomeetria. Hall\" \/>\n<meta property=\"og:description\" content=\"Ateljee tapeedikollektsioon Eesti disaintapeete. Esteetiliselt kaunid, tekstuursed mustrid. Tapeedid nii elu- kui \u00e4riruumidesse. Lihtne tapeetimine\" \/>\n<meta property=\"og:url\" content=\"https:\/\/baubauwall.com\/et\/toode\/pilttapeet-modernistlik-geomeetria-tumehall\/\" \/>\n<meta property=\"og:site_name\" content=\"BAUBAUWALL TAPEEDID\" \/>\n<meta property=\"article:publisher\" content=\"https:\/\/www.facebook.com\/Baubauwall\" \/>\n<meta property=\"article:modified_time\" content=\"2023-12-01T11:21:35+00:00\" \/>\n<meta property=\"og:image\" content=\"https:\/\/baubauwall.com\/wp-content\/uploads\/2023\/10\/51200346_ModernistGeometry_Dark_Grey_Baubauwall_Wall_Mural_wallpaper_room.jpg\" \/>\n\t<meta property=\"og:image:width\" content=\"737\" \/>\n\t<meta property=\"og:image:height\" content=\"800\" \/>\n\t<meta property=\"og:image:type\" content=\"image\/jpeg\" \/>\n<meta name=\"twitter:card\" content=\"summary_large_image\" \/>\n<meta name=\"twitter:label1\" content=\"Est. reading time\" \/>\n\t<meta name=\"twitter:data1\" content=\"1 minut\" \/>\n<script type=\"application\/ld+json\" class=\"yoast-schema-graph\">{\"@context\":\"https:\/\/schema.org\",\"@graph\":[{\"@type\":\"WebPage\",\"@id\":\"https:\/\/baubauwall.com\/et\/toode\/pilttapeet-modernistlik-geomeetria-tumehall\/\",\"url\":\"https:\/\/baubauwall.com\/et\/toode\/pilttapeet-modernistlik-geomeetria-tumehall\/\",\"name\":\"Ateljee tapeedikollektsiooni pilttapeet Modernistlik Geomeetria. Hall\",\"isPartOf\":{\"@id\":\"https:\/\/baubauwall.com\/et\/#website\"},\"primaryImageOfPage\":{\"@id\":\"https:\/\/baubauwall.com\/et\/toode\/pilttapeet-modernistlik-geomeetria-tumehall\/#primaryimage\"},\"image\":{\"@id\":\"https:\/\/baubauwall.com\/et\/toode\/pilttapeet-modernistlik-geomeetria-tumehall\/#primaryimage\"},\"thumbnailUrl\":\"https:\/\/baubauwall.com\/wp-content\/uploads\/2023\/10\/51200346_ModernistGeometry-DarkGrey_Baubauwall_Wall_Mural_room5.jpg\",\"datePublished\":\"2023-10-20T15:00:24+00:00\",\"dateModified\":\"2023-12-01T11:21:35+00:00\",\"description\":\"Ateljee tapeedikollektsioon Eesti disaintapeete. Esteetiliselt kaunid, tekstuursed mustrid. Tapeedid nii elu- kui \u00e4riruumidesse. Lihtne tapeetimine\",\"breadcrumb\":{\"@id\":\"https:\/\/baubauwall.com\/et\/toode\/pilttapeet-modernistlik-geomeetria-tumehall\/#breadcrumb\"},\"inLanguage\":\"et\",\"potentialAction\":[{\"@type\":\"ReadAction\",\"target\":[\"https:\/\/baubauwall.com\/et\/toode\/pilttapeet-modernistlik-geomeetria-tumehall\/\"]}]},{\"@type\":\"ImageObject\",\"inLanguage\":\"et\",\"@id\":\"https:\/\/baubauwall.com\/et\/toode\/pilttapeet-modernistlik-geomeetria-tumehall\/#primaryimage\",\"url\":\"https:\/\/baubauwall.com\/wp-content\/uploads\/2023\/10\/51200346_ModernistGeometry-DarkGrey_Baubauwall_Wall_Mural_room5.jpg\",\"contentUrl\":\"https:\/\/baubauwall.com\/wp-content\/uploads\/2023\/10\/51200346_ModernistGeometry-DarkGrey_Baubauwall_Wall_Mural_room5.jpg\",\"width\":2400,\"height\":1600},{\"@type\":\"BreadcrumbList\",\"@id\":\"https:\/\/baubauwall.com\/et\/toode\/pilttapeet-modernistlik-geomeetria-tumehall\/#breadcrumb\",\"itemListElement\":[{\"@type\":\"ListItem\",\"position\":1,\"name\":\"Koju\",\"item\":\"https:\/\/baubauwall.com\/et\/\"},{\"@type\":\"ListItem\",\"position\":2,\"name\":\"Tapeedid\",\"item\":\"https:\/\/baubauwall.com\/et\/tapeedid\/\"},{\"@type\":\"ListItem\",\"position\":3,\"name\":\"Modernistlik geomeetria &#8211; tumehall\"}]},{\"@type\":\"WebSite\",\"@id\":\"https:\/\/baubauwall.com\/et\/#website\",\"url\":\"https:\/\/baubauwall.com\/et\/\",\"name\":\"BAUBAUWALL Wallpapers\",\"description\":\"Valmis paanides tapeet Eestist!\",\"publisher\":{\"@id\":\"https:\/\/baubauwall.com\/et\/#organization\"},\"potentialAction\":[{\"@type\":\"SearchAction\",\"target\":{\"@type\":\"EntryPoint\",\"urlTemplate\":\"https:\/\/baubauwall.com\/et\/?s={search_term_string}\"},\"query-input\":{\"@type\":\"PropertyValueSpecification\",\"valueRequired\":true,\"valueName\":\"search_term_string\"}}],\"inLanguage\":\"et\"},{\"@type\":\"Organization\",\"@id\":\"https:\/\/baubauwall.com\/et\/#organization\",\"name\":\"BAUBAUWALL Wallpapers\",\"url\":\"https:\/\/baubauwall.com\/et\/\",\"logo\":{\"@type\":\"ImageObject\",\"inLanguage\":\"et\",\"@id\":\"https:\/\/baubauwall.com\/et\/#\/schema\/logo\/image\/\",\"url\":\"https:\/\/baubauwall.com\/wp-content\/uploads\/2022\/03\/logo-horizontal.svg\",\"contentUrl\":\"https:\/\/baubauwall.com\/wp-content\/uploads\/2022\/03\/logo-horizontal.svg\",\"width\":\"1024\",\"height\":\"1024\",\"caption\":\"BAUBAUWALL Wallpapers\"},\"image\":{\"@id\":\"https:\/\/baubauwall.com\/et\/#\/schema\/logo\/image\/\"},\"sameAs\":[\"https:\/\/www.facebook.com\/Baubauwall\",\"https:\/\/www.instagram.com\/baubauwall\"]}]}<\/script>\n<!-- \/ Yoast SEO plugin. -->","yoast_head_json":{"title":"Ateljee tapeedikollektsiooni pilttapeet Modernistlik Geomeetria. Hall","description":"Ateljee tapeedikollektsioon Eesti disaintapeete. Esteetiliselt kaunid, tekstuursed mustrid. Tapeedid nii elu- kui \u00e4riruumidesse. Lihtne tapeetimine","robots":{"index":"index","follow":"follow","max-snippet":"max-snippet:-1","max-image-preview":"max-image-preview:large","max-video-preview":"max-video-preview:-1"},"canonical":"https:\/\/baubauwall.com\/et\/toode\/pilttapeet-modernistlik-geomeetria-tumehall\/","og_locale":"et_EE","og_type":"article","og_title":"Ateljee tapeedikollektsiooni pilttapeet Modernistlik Geomeetria. Hall","og_description":"Ateljee tapeedikollektsioon Eesti disaintapeete. Esteetiliselt kaunid, tekstuursed mustrid. Tapeedid nii elu- kui \u00e4riruumidesse. Lihtne tapeetimine","og_url":"https:\/\/baubauwall.com\/et\/toode\/pilttapeet-modernistlik-geomeetria-tumehall\/","og_site_name":"BAUBAUWALL TAPEEDID","article_publisher":"https:\/\/www.facebook.com\/Baubauwall","article_modified_time":"2023-12-01T11:21:35+00:00","og_image":[{"width":737,"height":800,"url":"https:\/\/baubauwall.com\/wp-content\/uploads\/2023\/10\/51200346_ModernistGeometry_Dark_Grey_Baubauwall_Wall_Mural_wallpaper_room.jpg","type":"image\/jpeg"}],"twitter_card":"summary_large_image","twitter_misc":{"Est. reading time":"1 minut"},"schema":{"@context":"https:\/\/schema.org","@graph":[{"@type":"WebPage","@id":"https:\/\/baubauwall.com\/et\/toode\/pilttapeet-modernistlik-geomeetria-tumehall\/","url":"https:\/\/baubauwall.com\/et\/toode\/pilttapeet-modernistlik-geomeetria-tumehall\/","name":"Ateljee tapeedikollektsiooni pilttapeet Modernistlik Geomeetria. Hall","isPartOf":{"@id":"https:\/\/baubauwall.com\/et\/#website"},"primaryImageOfPage":{"@id":"https:\/\/baubauwall.com\/et\/toode\/pilttapeet-modernistlik-geomeetria-tumehall\/#primaryimage"},"image":{"@id":"https:\/\/baubauwall.com\/et\/toode\/pilttapeet-modernistlik-geomeetria-tumehall\/#primaryimage"},"thumbnailUrl":"https:\/\/baubauwall.com\/wp-content\/uploads\/2023\/10\/51200346_ModernistGeometry-DarkGrey_Baubauwall_Wall_Mural_room5.jpg","datePublished":"2023-10-20T15:00:24+00:00","dateModified":"2023-12-01T11:21:35+00:00","description":"Ateljee tapeedikollektsioon Eesti disaintapeete. Esteetiliselt kaunid, tekstuursed mustrid. Tapeedid nii elu- kui \u00e4riruumidesse. Lihtne tapeetimine","breadcrumb":{"@id":"https:\/\/baubauwall.com\/et\/toode\/pilttapeet-modernistlik-geomeetria-tumehall\/#breadcrumb"},"inLanguage":"et","potentialAction":[{"@type":"ReadAction","target":["https:\/\/baubauwall.com\/et\/toode\/pilttapeet-modernistlik-geomeetria-tumehall\/"]}]},{"@type":"ImageObject","inLanguage":"et","@id":"https:\/\/baubauwall.com\/et\/toode\/pilttapeet-modernistlik-geomeetria-tumehall\/#primaryimage","url":"https:\/\/baubauwall.com\/wp-content\/uploads\/2023\/10\/51200346_ModernistGeometry-DarkGrey_Baubauwall_Wall_Mural_room5.jpg","contentUrl":"https:\/\/baubauwall.com\/wp-content\/uploads\/2023\/10\/51200346_ModernistGeometry-DarkGrey_Baubauwall_Wall_Mural_room5.jpg","width":2400,"height":1600},{"@type":"BreadcrumbList","@id":"https:\/\/baubauwall.com\/et\/toode\/pilttapeet-modernistlik-geomeetria-tumehall\/#breadcrumb","itemListElement":[{"@type":"ListItem","position":1,"name":"Koju","item":"https:\/\/baubauwall.com\/et\/"},{"@type":"ListItem","position":2,"name":"Tapeedid","item":"https:\/\/baubauwall.com\/et\/tapeedid\/"},{"@type":"ListItem","position":3,"name":"Modernistlik geomeetria &#8211; tumehall"}]},{"@type":"WebSite","@id":"https:\/\/baubauwall.com\/et\/#website","url":"https:\/\/baubauwall.com\/et\/","name":"BAUBAUWALL Wallpapers","description":"Valmis paanides tapeet Eestist!","publisher":{"@id":"https:\/\/baubauwall.com\/et\/#organization"},"potentialAction":[{"@type":"SearchAction","target":{"@type":"EntryPoint","urlTemplate":"https:\/\/baubauwall.com\/et\/?s={search_term_string}"},"query-input":{"@type":"PropertyValueSpecification","valueRequired":true,"valueName":"search_term_string"}}],"inLanguage":"et"},{"@type":"Organization","@id":"https:\/\/baubauwall.com\/et\/#organization","name":"BAUBAUWALL Wallpapers","url":"https:\/\/baubauwall.com\/et\/","logo":{"@type":"ImageObject","inLanguage":"et","@id":"https:\/\/baubauwall.com\/et\/#\/schema\/logo\/image\/","url":"https:\/\/baubauwall.com\/wp-content\/uploads\/2022\/03\/logo-horizontal.svg","contentUrl":"https:\/\/baubauwall.com\/wp-content\/uploads\/2022\/03\/logo-horizontal.svg","width":"1024","height":"1024","caption":"BAUBAUWALL Wallpapers"},"image":{"@id":"https:\/\/baubauwall.com\/et\/#\/schema\/logo\/image\/"},"sameAs":["https:\/\/www.facebook.com\/Baubauwall","https:\/\/www.instagram.com\/baubauwall"]}]}},"jetpack_sharing_enabled":true,"_links":{"self":[{"href":"https:\/\/baubauwall.com\/et\/wp-json\/wp\/v2\/product\/32687","targetHints":{"allow":["GET"]}}],"collection":[{"href":"https:\/\/baubauwall.com\/et\/wp-json\/wp\/v2\/product"}],"about":[{"href":"https:\/\/baubauwall.com\/et\/wp-json\/wp\/v2\/types\/product"}],"replies":[{"embeddable":true,"href":"https:\/\/baubauwall.com\/et\/wp-json\/wp\/v2\/comments?post=32687"}],"wp:featuredmedia":[{"embeddable":true,"href":"https:\/\/baubauwall.com\/et\/wp-json\/wp\/v2\/media\/33512"}],"wp:attachment":[{"href":"https:\/\/baubauwall.com\/et\/wp-json\/wp\/v2\/media?parent=32687"}],"wp:term":[{"taxonomy":"product_brand","embeddable":true,"href":"https:\/\/baubauwall.com\/et\/wp-json\/wp\/v2\/product_brand?post=32687"},{"taxonomy":"product_cat","embeddable":true,"href":"https:\/\/baubauwall.com\/et\/wp-json\/wp\/v2\/product_cat?post=32687"},{"taxonomy":"product_tag","embeddable":true,"href":"https:\/\/baubauwall.com\/et\/wp-json\/wp\/v2\/product_tag?post=32687"}],"curies":[{"name":"wp","href":"https:\/\/api.w.org\/{rel}","templated":true}]}}