{"id":32694,"date":"2023-10-24T14:34:58","date_gmt":"2023-10-24T12:34:58","guid":{"rendered":"https:\/\/baubauwall.com\/product\/pilttapeet-kuumaastik-helesinine\/"},"modified":"2023-10-31T16:25:28","modified_gmt":"2023-10-31T14:25:28","slug":"pilttapeet-kuumaastik-helesinine","status":"publish","type":"product","link":"https:\/\/baubauwall.com\/et\/toode\/pilttapeet-kuumaastik-helesinine\/","title":{"rendered":"Kuumaastik &#8211; helesinine"},"content":{"rendered":"<p>Tapeedidisain, mille muster p\u00f5hineb Bauhausi ajastu funktsionaalsel ja minimalistlikul disainil. Ent mitte ainult. Pilttapeedi geomeetrilisesse mustrisse on p\u00f5imitud kuus\u00f5\u00f5rid taevalaotuses &#8211; kas suudad nad k\u00f5ik kokku lugeda? Kuumaastik on inspireeriv tapeet, mis loob n\u00f5tkeid r\u00fctme nii eluruumi seinal kui avaliku ruumi interj\u00f6\u00f6ris, muutumata iialgi igavaks.<\/p>\n<p><a href=\"https:\/\/baubauwall.com\/et\/tootekategooria\/tapeedi-kollektsioonid\/ateljee-tapeedid\/\"><strong>Tapeedikollektsioon \u201cAteljee\u201d<\/strong>\u00a0<\/a>on inspireeritud P\u00f5hjamaa looduse tekstuuridest ja arhitektuursetest joontest. Need on efektsed pilttapeedid ja elegantsed kordusmustriga tapeedid, mis m\u00e4nglevalt p\u00f5imivad geomeetria ning detailid metsadest lilleaasadeni. \u201cAteljee\u201d tapeedid pakuvad avastushetki ja detailirohkust ning sobivad nii avaliku ruumi seintele kui ka kodustesse interj\u00f6\u00f6ridesse. Kollektsiooni autor on tapeedidisainer\u00a0<strong>Triinu Silla,\u00a0<\/strong>kelle detailirohke k\u00e4ekiri maalis mustrid tapeedil\u00f5uenditele.<\/p>\n<p><strong>Miks osta tapeet siit? Tapeetimine pole kunagi nii lihtne olnud!<\/strong><\/p>\n<ul>\n<li>Eesti disain<\/li>\n<li>Nummerdatud tapeedipaanid<\/li>\n<li>Just nii pikad tapeedipaanid, kui on Sinu sein<\/li>\n<li>Premium, matt fliistapeedi materjal<\/li>\n<li>M\u00fcrgivabad tr\u00fckiv\u00e4rvid, Greenguard sertifitseeritud<\/li>\n<li>Keskkonnas\u00f5bralik, j\u00e4\u00e4tmevaba tapeetimine<\/li>\n<li>Tasuta tapeediliim<\/li>\n<li>Tasuta transport ja kiire tarne 5 t\u00f6\u00f6p\u00e4evaga<\/li>\n<\/ul>\n<p>Loe l\u00e4hemalt nutikatest, eritellimust\u00f6\u00f6na valmivatest tapeetidest\u00a0<a href=\"https:\/\/baubauwall.com\/et\/keskkonnasobralikud-tapeedid\/\">siit.<\/a><\/p>\n","protected":false},"excerpt":{"rendered":"<p>Tapeedidisain, mille muster p\u00f5hineb Bauhausi ajastu funktsionaalsel ja minimalistlikul disainil. Ent mitte ainult. Pilttapeedi geomeetrilisesse mustrisse on p\u00f5imitud kuus\u00f5\u00f5rid taevalaotuses &#8211; kas suudad nad k\u00f5ik kokku lugeda? Kuumaastik on inspireeriv tapeet, mis loob n\u00f5tkeid r\u00fctme nii eluruumi seinal kui avaliku ruumi interj\u00f6\u00f6ris, muutumata iialgi igavaks. Tapeedikollektsioon \u201cAteljee\u201d\u00a0on inspireeritud P\u00f5hjamaa looduse tekstuuridest ja arhitektuursetest joontest. Need [&hellip;]<\/p>\n","protected":false},"featured_media":32488,"comment_status":"open","ping_status":"closed","template":"","meta":{"_acf_changed":false,"inline_featured_image":false},"product_brand":[],"product_cat":[680,387,404,406,408,388,267,752,413,414,415,416,399,402,699],"product_tag":[681,695,345],"class_list":{"0":"post-32694","1":"product","2":"type-product","3":"status-publish","4":"has-post-thumbnail","6":"product_cat-ateljee-tapeedid","7":"product_cat-pilttapeedid","8":"product_cat-abstraktne","9":"product_cat-klassika","10":"product_cat-geomeetriline","11":"product_cat-vintage-et","12":"product_cat-sinised-tapeedid","13":"product_cat-avalik-ruum","14":"product_cat-magamistoa-tapeedid","15":"product_cat-soogitoa-tapeedid","16":"product_cat-kulalistetoa-tapeedid","17":"product_cat-esiku-tapeedid","18":"product_cat-kodukontori-tapeedid","19":"product_cat-elutoa-tapeedid","20":"product_cat-eesti-disain-tapeedid","21":"product_tag-ateljee-tapeedikollektsioon-et","22":"product_tag-eesti-disain-tapeedid","23":"product_tag-pilttapeet","24":"pa_designedby-triinu-silla","26":"first","27":"instock","28":"taxable","29":"shipping-taxable","30":"purchasable","31":"product-type-simple"},"acf":[],"yoast_head":"<!-- This site is optimized with the Yoast SEO plugin v25.9 - https:\/\/yoast.com\/wordpress\/plugins\/seo\/ -->\n<title>Eritellimusena valmiv tapeet Kuumaastik - sinine.<\/title>\n<meta name=\"description\" content=\"Geomeetrilises v\u00f5tmes disaintapeet. Pilttapeet sinistes v\u00e4rvides. Eritellimusena valmivad fliistapeedid, mida on lihtne paigaldada.\" \/>\n<meta name=\"robots\" content=\"index, follow, max-snippet:-1, max-image-preview:large, max-video-preview:-1\" \/>\n<link rel=\"canonical\" href=\"https:\/\/baubauwall.com\/et\/toode\/pilttapeet-kuumaastik-helesinine\/\" \/>\n<meta property=\"og:locale\" content=\"et_EE\" \/>\n<meta property=\"og:type\" content=\"article\" \/>\n<meta property=\"og:title\" content=\"Eritellimusena valmiv tapeet Kuumaastik - sinine.\" \/>\n<meta property=\"og:description\" content=\"Geomeetrilises v\u00f5tmes disaintapeet. Pilttapeet sinistes v\u00e4rvides. Eritellimusena valmivad fliistapeedid, mida on lihtne paigaldada.\" \/>\n<meta property=\"og:url\" content=\"https:\/\/baubauwall.com\/et\/toode\/pilttapeet-kuumaastik-helesinine\/\" \/>\n<meta property=\"og:site_name\" content=\"BAUBAUWALL Wallpapers\" \/>\n<meta property=\"article:publisher\" content=\"https:\/\/www.facebook.com\/Baubauwall\" \/>\n<meta property=\"article:modified_time\" content=\"2023-10-31T14:25:28+00:00\" \/>\n<meta property=\"og:image\" content=\"https:\/\/baubauwall.com\/wp-content\/uploads\/2023\/10\/51200352_MoonGeometry_Light_Blue_Baubauwall_Wall_Mural_room.jpg\" \/>\n\t<meta property=\"og:image:width\" content=\"1128\" \/>\n\t<meta property=\"og:image:height\" content=\"800\" \/>\n\t<meta property=\"og:image:type\" content=\"image\/jpeg\" \/>\n<meta name=\"twitter:card\" content=\"summary_large_image\" \/>\n<meta name=\"twitter:label1\" content=\"Est. reading time\" \/>\n\t<meta name=\"twitter:data1\" content=\"1 minut\" \/>\n<script type=\"application\/ld+json\" class=\"yoast-schema-graph\">{\"@context\":\"https:\/\/schema.org\",\"@graph\":[{\"@type\":\"WebPage\",\"@id\":\"https:\/\/baubauwall.com\/et\/toode\/pilttapeet-kuumaastik-helesinine\/\",\"url\":\"https:\/\/baubauwall.com\/et\/toode\/pilttapeet-kuumaastik-helesinine\/\",\"name\":\"Eritellimusena valmiv tapeet Kuumaastik - sinine.\",\"isPartOf\":{\"@id\":\"https:\/\/baubauwall.com\/et\/#website\"},\"primaryImageOfPage\":{\"@id\":\"https:\/\/baubauwall.com\/et\/toode\/pilttapeet-kuumaastik-helesinine\/#primaryimage\"},\"image\":{\"@id\":\"https:\/\/baubauwall.com\/et\/toode\/pilttapeet-kuumaastik-helesinine\/#primaryimage\"},\"thumbnailUrl\":\"https:\/\/baubauwall.com\/wp-content\/uploads\/2023\/10\/51200352_MoonGeometry_Light_Blue_Baubauwall_Wall_Mural_room.jpg\",\"datePublished\":\"2023-10-24T12:34:58+00:00\",\"dateModified\":\"2023-10-31T14:25:28+00:00\",\"description\":\"Geomeetrilises v\u00f5tmes disaintapeet. Pilttapeet sinistes v\u00e4rvides. Eritellimusena valmivad fliistapeedid, mida on lihtne paigaldada.\",\"breadcrumb\":{\"@id\":\"https:\/\/baubauwall.com\/et\/toode\/pilttapeet-kuumaastik-helesinine\/#breadcrumb\"},\"inLanguage\":\"et\",\"potentialAction\":[{\"@type\":\"ReadAction\",\"target\":[\"https:\/\/baubauwall.com\/et\/toode\/pilttapeet-kuumaastik-helesinine\/\"]}]},{\"@type\":\"ImageObject\",\"inLanguage\":\"et\",\"@id\":\"https:\/\/baubauwall.com\/et\/toode\/pilttapeet-kuumaastik-helesinine\/#primaryimage\",\"url\":\"https:\/\/baubauwall.com\/wp-content\/uploads\/2023\/10\/51200352_MoonGeometry_Light_Blue_Baubauwall_Wall_Mural_room.jpg\",\"contentUrl\":\"https:\/\/baubauwall.com\/wp-content\/uploads\/2023\/10\/51200352_MoonGeometry_Light_Blue_Baubauwall_Wall_Mural_room.jpg\",\"width\":1128,\"height\":800,\"caption\":\"Baubauwall tapeet Kuumaastik - sinine\"},{\"@type\":\"BreadcrumbList\",\"@id\":\"https:\/\/baubauwall.com\/et\/toode\/pilttapeet-kuumaastik-helesinine\/#breadcrumb\",\"itemListElement\":[{\"@type\":\"ListItem\",\"position\":1,\"name\":\"Koju\",\"item\":\"https:\/\/baubauwall.com\/et\/\"},{\"@type\":\"ListItem\",\"position\":2,\"name\":\"Tapeedid\",\"item\":\"https:\/\/baubauwall.com\/et\/tapeedid\/\"},{\"@type\":\"ListItem\",\"position\":3,\"name\":\"Kuumaastik &#8211; helesinine\"}]},{\"@type\":\"WebSite\",\"@id\":\"https:\/\/baubauwall.com\/et\/#website\",\"url\":\"https:\/\/baubauwall.com\/et\/\",\"name\":\"BAUBAUWALL Wallpapers\",\"description\":\"Valmis paanides tapeet Eestist!\",\"publisher\":{\"@id\":\"https:\/\/baubauwall.com\/et\/#organization\"},\"potentialAction\":[{\"@type\":\"SearchAction\",\"target\":{\"@type\":\"EntryPoint\",\"urlTemplate\":\"https:\/\/baubauwall.com\/et\/?s={search_term_string}\"},\"query-input\":{\"@type\":\"PropertyValueSpecification\",\"valueRequired\":true,\"valueName\":\"search_term_string\"}}],\"inLanguage\":\"et\"},{\"@type\":\"Organization\",\"@id\":\"https:\/\/baubauwall.com\/et\/#organization\",\"name\":\"BAUBAUWALL Wallpapers\",\"url\":\"https:\/\/baubauwall.com\/et\/\",\"logo\":{\"@type\":\"ImageObject\",\"inLanguage\":\"et\",\"@id\":\"https:\/\/baubauwall.com\/et\/#\/schema\/logo\/image\/\",\"url\":\"https:\/\/baubauwall.com\/wp-content\/uploads\/2022\/03\/logo-horizontal.svg\",\"contentUrl\":\"https:\/\/baubauwall.com\/wp-content\/uploads\/2022\/03\/logo-horizontal.svg\",\"width\":\"1024\",\"height\":\"1024\",\"caption\":\"BAUBAUWALL Wallpapers\"},\"image\":{\"@id\":\"https:\/\/baubauwall.com\/et\/#\/schema\/logo\/image\/\"},\"sameAs\":[\"https:\/\/www.facebook.com\/Baubauwall\",\"https:\/\/www.instagram.com\/baubauwall\"]}]}<\/script>\n<!-- \/ Yoast SEO plugin. -->","yoast_head_json":{"title":"Eritellimusena valmiv tapeet Kuumaastik - sinine.","description":"Geomeetrilises v\u00f5tmes disaintapeet. Pilttapeet sinistes v\u00e4rvides. Eritellimusena valmivad fliistapeedid, mida on lihtne paigaldada.","robots":{"index":"index","follow":"follow","max-snippet":"max-snippet:-1","max-image-preview":"max-image-preview:large","max-video-preview":"max-video-preview:-1"},"canonical":"https:\/\/baubauwall.com\/et\/toode\/pilttapeet-kuumaastik-helesinine\/","og_locale":"et_EE","og_type":"article","og_title":"Eritellimusena valmiv tapeet Kuumaastik - sinine.","og_description":"Geomeetrilises v\u00f5tmes disaintapeet. Pilttapeet sinistes v\u00e4rvides. Eritellimusena valmivad fliistapeedid, mida on lihtne paigaldada.","og_url":"https:\/\/baubauwall.com\/et\/toode\/pilttapeet-kuumaastik-helesinine\/","og_site_name":"BAUBAUWALL Wallpapers","article_publisher":"https:\/\/www.facebook.com\/Baubauwall","article_modified_time":"2023-10-31T14:25:28+00:00","og_image":[{"width":1128,"height":800,"url":"https:\/\/baubauwall.com\/wp-content\/uploads\/2023\/10\/51200352_MoonGeometry_Light_Blue_Baubauwall_Wall_Mural_room.jpg","type":"image\/jpeg"}],"twitter_card":"summary_large_image","twitter_misc":{"Est. reading time":"1 minut"},"schema":{"@context":"https:\/\/schema.org","@graph":[{"@type":"WebPage","@id":"https:\/\/baubauwall.com\/et\/toode\/pilttapeet-kuumaastik-helesinine\/","url":"https:\/\/baubauwall.com\/et\/toode\/pilttapeet-kuumaastik-helesinine\/","name":"Eritellimusena valmiv tapeet Kuumaastik - sinine.","isPartOf":{"@id":"https:\/\/baubauwall.com\/et\/#website"},"primaryImageOfPage":{"@id":"https:\/\/baubauwall.com\/et\/toode\/pilttapeet-kuumaastik-helesinine\/#primaryimage"},"image":{"@id":"https:\/\/baubauwall.com\/et\/toode\/pilttapeet-kuumaastik-helesinine\/#primaryimage"},"thumbnailUrl":"https:\/\/baubauwall.com\/wp-content\/uploads\/2023\/10\/51200352_MoonGeometry_Light_Blue_Baubauwall_Wall_Mural_room.jpg","datePublished":"2023-10-24T12:34:58+00:00","dateModified":"2023-10-31T14:25:28+00:00","description":"Geomeetrilises v\u00f5tmes disaintapeet. Pilttapeet sinistes v\u00e4rvides. Eritellimusena valmivad fliistapeedid, mida on lihtne paigaldada.","breadcrumb":{"@id":"https:\/\/baubauwall.com\/et\/toode\/pilttapeet-kuumaastik-helesinine\/#breadcrumb"},"inLanguage":"et","potentialAction":[{"@type":"ReadAction","target":["https:\/\/baubauwall.com\/et\/toode\/pilttapeet-kuumaastik-helesinine\/"]}]},{"@type":"ImageObject","inLanguage":"et","@id":"https:\/\/baubauwall.com\/et\/toode\/pilttapeet-kuumaastik-helesinine\/#primaryimage","url":"https:\/\/baubauwall.com\/wp-content\/uploads\/2023\/10\/51200352_MoonGeometry_Light_Blue_Baubauwall_Wall_Mural_room.jpg","contentUrl":"https:\/\/baubauwall.com\/wp-content\/uploads\/2023\/10\/51200352_MoonGeometry_Light_Blue_Baubauwall_Wall_Mural_room.jpg","width":1128,"height":800,"caption":"Baubauwall tapeet Kuumaastik - sinine"},{"@type":"BreadcrumbList","@id":"https:\/\/baubauwall.com\/et\/toode\/pilttapeet-kuumaastik-helesinine\/#breadcrumb","itemListElement":[{"@type":"ListItem","position":1,"name":"Koju","item":"https:\/\/baubauwall.com\/et\/"},{"@type":"ListItem","position":2,"name":"Tapeedid","item":"https:\/\/baubauwall.com\/et\/tapeedid\/"},{"@type":"ListItem","position":3,"name":"Kuumaastik &#8211; helesinine"}]},{"@type":"WebSite","@id":"https:\/\/baubauwall.com\/et\/#website","url":"https:\/\/baubauwall.com\/et\/","name":"BAUBAUWALL Wallpapers","description":"Valmis paanides tapeet Eestist!","publisher":{"@id":"https:\/\/baubauwall.com\/et\/#organization"},"potentialAction":[{"@type":"SearchAction","target":{"@type":"EntryPoint","urlTemplate":"https:\/\/baubauwall.com\/et\/?s={search_term_string}"},"query-input":{"@type":"PropertyValueSpecification","valueRequired":true,"valueName":"search_term_string"}}],"inLanguage":"et"},{"@type":"Organization","@id":"https:\/\/baubauwall.com\/et\/#organization","name":"BAUBAUWALL Wallpapers","url":"https:\/\/baubauwall.com\/et\/","logo":{"@type":"ImageObject","inLanguage":"et","@id":"https:\/\/baubauwall.com\/et\/#\/schema\/logo\/image\/","url":"https:\/\/baubauwall.com\/wp-content\/uploads\/2022\/03\/logo-horizontal.svg","contentUrl":"https:\/\/baubauwall.com\/wp-content\/uploads\/2022\/03\/logo-horizontal.svg","width":"1024","height":"1024","caption":"BAUBAUWALL Wallpapers"},"image":{"@id":"https:\/\/baubauwall.com\/et\/#\/schema\/logo\/image\/"},"sameAs":["https:\/\/www.facebook.com\/Baubauwall","https:\/\/www.instagram.com\/baubauwall"]}]}},"jetpack_sharing_enabled":true,"_links":{"self":[{"href":"https:\/\/baubauwall.com\/et\/wp-json\/wp\/v2\/product\/32694","targetHints":{"allow":["GET"]}}],"collection":[{"href":"https:\/\/baubauwall.com\/et\/wp-json\/wp\/v2\/product"}],"about":[{"href":"https:\/\/baubauwall.com\/et\/wp-json\/wp\/v2\/types\/product"}],"replies":[{"embeddable":true,"href":"https:\/\/baubauwall.com\/et\/wp-json\/wp\/v2\/comments?post=32694"}],"wp:featuredmedia":[{"embeddable":true,"href":"https:\/\/baubauwall.com\/et\/wp-json\/wp\/v2\/media\/32488"}],"wp:attachment":[{"href":"https:\/\/baubauwall.com\/et\/wp-json\/wp\/v2\/media?parent=32694"}],"wp:term":[{"taxonomy":"product_brand","embeddable":true,"href":"https:\/\/baubauwall.com\/et\/wp-json\/wp\/v2\/product_brand?post=32694"},{"taxonomy":"product_cat","embeddable":true,"href":"https:\/\/baubauwall.com\/et\/wp-json\/wp\/v2\/product_cat?post=32694"},{"taxonomy":"product_tag","embeddable":true,"href":"https:\/\/baubauwall.com\/et\/wp-json\/wp\/v2\/product_tag?post=32694"}],"curies":[{"name":"wp","href":"https:\/\/api.w.org\/{rel}","templated":true}]}}