{"id":32695,"date":"2023-10-24T10:00:25","date_gmt":"2023-10-24T08:00:25","guid":{"rendered":"https:\/\/baubauwall.com\/product\/pilttapeet-orhideede-peegeldus-beez\/"},"modified":"2023-11-27T10:40:48","modified_gmt":"2023-11-27T08:40:48","slug":"pilttapeet-orhideede-peegeldus-beez","status":"publish","type":"product","link":"https:\/\/baubauwall.com\/et\/toode\/pilttapeet-orhideede-peegeldus-beez\/","title":{"rendered":"Orhideede peegeldus &#8211; bee\u017e"},"content":{"rendered":"<div class=\"col-md-12\">\n<p>Elegantne pilttapeet, mille kihiline muster \u00fcllatab ja loob efektse tulemuse interj\u00f6\u00f6ris. Tapeedi disain avab end kiht kihi haaval &#8211; paigalda see tapeet interj\u00f6\u00f6ri \u00fchele seinale &#8211; olgu selleks magamistuba v\u00f5i elutuba. Astu seinast paar sammu eemale ja imetele tulemust! Sest tapeedi muster paljastab peidus olnud orhideede \u00f5ied. Sumedates bee\u017eides toonides pilttapeet on disaintapeet selle parimas m\u00f5ttes &#8211; l\u00e4bi m\u00f5eldud, elegantne ja lihtsalt sobitatav interj\u00f6\u00f6ri.<\/p>\n<p><a href=\"https:\/\/baubauwall.com\/et\/tootekategooria\/tapeedi-kollektsioonid\/ateljee-tapeedid\/\" target=\"_blank\" rel=\"noopener\"><strong>Tapeedikollektsioon \u201cAteljee\u201d<\/strong><\/a> on inspireeritud P\u00f5hjamaa looduse tekstuuridest ja arhitektuursetest joontest. Need on efektsed pilttapeedid ja elegantsed kordusmustriga tapeedid, mis m\u00e4nglevalt p\u00f5imivad geomeetria ning detailid metsadest lilleaasadeni. \u201cAteljee\u201d tapeedid pakuvad avastushetki ja detailirohkust ning sobivad h\u00e4sti nii avaliku ruumi seintele kui ka kodustesse interj\u00f6\u00f6ridesse. Kollektsiooni autor on tapeedidisainer <strong>Triinu Silla,\u00a0<\/strong>kelle detailirohke k\u00e4ekiri maalis mustrid tapeedil\u00f5uenditele.<\/p>\n<p><strong>Miks osta tapeet siit? Tapeetimine pole kunagi nii lihtne olnud!<\/strong><\/p>\n<ul>\n<li>Eesti disain<\/li>\n<li>Nummerdatud tapeedipaanid<\/li>\n<li>Just nii pikad paanid, kui on Sinu sein<\/li>\n<li>Premium, matt fliistapeedi materjal<\/li>\n<li>M\u00fcrgivabad tr\u00fckiv\u00e4rvid, Greenguard sertifitseeritud<\/li>\n<li>Keskkonnas\u00f5bralik, j\u00e4\u00e4tmevaba tapeetimine<\/li>\n<li>Tasuta tapeediliim<\/li>\n<li>Tasuta transport ja kiire tarne 5 t\u00f6\u00f6p\u00e4evaga<\/li>\n<\/ul>\n<p>Loe l\u00e4hemalt nutikatest, eritellimust\u00f6\u00f6na valmivatest tapeetidest\u00a0<a href=\"https:\/\/baubauwall.com\/et\/keskkonnasobralikud-tapeedid\/\">siit.<\/a><\/p>\n<\/div>\n<section id=\"productContentSection\">\n<div class=\"container\">\n<div class=\"row w-75 mx-auto\">\n<div class=\"col-md-12\"><\/div>\n<\/div>\n<\/div>\n<\/section>\n","protected":false},"excerpt":{"rendered":"<p>Elegantne pilttapeet, mille kihiline muster \u00fcllatab ja loob efektse tulemuse interj\u00f6\u00f6ris. Tapeedi disain avab end kiht kihi haaval &#8211; paigalda see tapeet interj\u00f6\u00f6ri \u00fchele seinale &#8211; olgu selleks magamistuba v\u00f5i elutuba. Astu seinast paar sammu eemale ja imetele tulemust! Sest tapeedi muster paljastab peidus olnud orhideede \u00f5ied. Sumedates bee\u017eides toonides pilttapeet on disaintapeet selle parimas [&hellip;]<\/p>\n","protected":false},"featured_media":32610,"comment_status":"open","ping_status":"closed","template":"","meta":{"_acf_changed":false,"inline_featured_image":false},"product_brand":[],"product_cat":[680,387,404,396,265,273,752,413,414,415,399,402,699,260],"product_tag":[681,695,345,719],"class_list":{"0":"post-32695","1":"product","2":"type-product","3":"status-publish","4":"has-post-thumbnail","6":"product_cat-ateljee-tapeedid","7":"product_cat-pilttapeedid","8":"product_cat-abstraktne","9":"product_cat-skandinaavia","10":"product_cat-beezid-tapeedid","11":"product_cat-heledad-tapeedid","12":"product_cat-avalik-ruum","13":"product_cat-magamistoa-tapeedid","14":"product_cat-soogitoa-tapeedid","15":"product_cat-kulalistetoa-tapeedid","16":"product_cat-kodukontori-tapeedid","17":"product_cat-elutoa-tapeedid","18":"product_cat-eesti-disain-tapeedid","19":"product_cat-lilled","20":"product_tag-ateljee-tapeedikollektsioon-et","21":"product_tag-eesti-disain-tapeedid","22":"product_tag-pilttapeet","23":"product_tag-vaikne-luksus","24":"pa_designedby-triinu-silla","26":"first","27":"instock","28":"taxable","29":"shipping-taxable","30":"purchasable","31":"product-type-simple"},"acf":[],"yoast_head":"<!-- This site is optimized with the Yoast SEO plugin v25.9 - https:\/\/yoast.com\/wordpress\/plugins\/seo\/ -->\n<title>Pilttapeet orhideedega. Eritellimust\u00f6\u00f6na valmivad Eesti disain<\/title>\n<meta name=\"description\" content=\"Autorit\u00f6\u00f6 pilttapeet tapeedikollektsioonis Ateljee. Bee\u017e imeilus disain avalikku ruumi v\u00f5i koju. Fliistapeedid just sinu seina m\u00f5\u00f5dus paanides.\" \/>\n<meta name=\"robots\" content=\"index, follow, max-snippet:-1, max-image-preview:large, max-video-preview:-1\" \/>\n<link rel=\"canonical\" href=\"https:\/\/baubauwall.com\/et\/toode\/pilttapeet-orhideede-peegeldus-beez\/\" \/>\n<meta property=\"og:locale\" content=\"et_EE\" \/>\n<meta property=\"og:type\" content=\"article\" \/>\n<meta property=\"og:title\" content=\"Pilttapeet orhideedega. Eritellimust\u00f6\u00f6na valmivad Eesti disain\" \/>\n<meta property=\"og:description\" content=\"Autorit\u00f6\u00f6 pilttapeet tapeedikollektsioonis Ateljee. Bee\u017e imeilus disain avalikku ruumi v\u00f5i koju. Fliistapeedid just sinu seina m\u00f5\u00f5dus paanides.\" \/>\n<meta property=\"og:url\" content=\"https:\/\/baubauwall.com\/et\/toode\/pilttapeet-orhideede-peegeldus-beez\/\" \/>\n<meta property=\"og:site_name\" content=\"BAUBAUWALL TAPEEDID\" \/>\n<meta property=\"article:publisher\" content=\"https:\/\/www.facebook.com\/Baubauwall\" \/>\n<meta property=\"article:modified_time\" content=\"2023-11-27T08:40:48+00:00\" \/>\n<meta property=\"og:image\" content=\"https:\/\/baubauwall.com\/wp-content\/uploads\/2023\/10\/51200353_OrchidReflections_Beige_Baubauwall_Wall_Mural_wallpaper_room2.jpg\" \/>\n\t<meta property=\"og:image:width\" content=\"516\" \/>\n\t<meta property=\"og:image:height\" content=\"800\" \/>\n\t<meta property=\"og:image:type\" content=\"image\/jpeg\" \/>\n<meta name=\"twitter:card\" content=\"summary_large_image\" \/>\n<meta name=\"twitter:label1\" content=\"Est. reading time\" \/>\n\t<meta name=\"twitter:data1\" content=\"1 minut\" \/>\n<script type=\"application\/ld+json\" class=\"yoast-schema-graph\">{\"@context\":\"https:\/\/schema.org\",\"@graph\":[{\"@type\":\"WebPage\",\"@id\":\"https:\/\/baubauwall.com\/et\/toode\/pilttapeet-orhideede-peegeldus-beez\/\",\"url\":\"https:\/\/baubauwall.com\/et\/toode\/pilttapeet-orhideede-peegeldus-beez\/\",\"name\":\"Pilttapeet orhideedega. Eritellimust\u00f6\u00f6na valmivad Eesti disain\",\"isPartOf\":{\"@id\":\"https:\/\/baubauwall.com\/et\/#website\"},\"primaryImageOfPage\":{\"@id\":\"https:\/\/baubauwall.com\/et\/toode\/pilttapeet-orhideede-peegeldus-beez\/#primaryimage\"},\"image\":{\"@id\":\"https:\/\/baubauwall.com\/et\/toode\/pilttapeet-orhideede-peegeldus-beez\/#primaryimage\"},\"thumbnailUrl\":\"https:\/\/baubauwall.com\/wp-content\/uploads\/2023\/10\/51200353_OrchidReflections_Beige_Baubauwall_Wall_Mural_wallpaper_room2.jpg\",\"datePublished\":\"2023-10-24T08:00:25+00:00\",\"dateModified\":\"2023-11-27T08:40:48+00:00\",\"description\":\"Autorit\u00f6\u00f6 pilttapeet tapeedikollektsioonis Ateljee. Bee\u017e imeilus disain avalikku ruumi v\u00f5i koju. Fliistapeedid just sinu seina m\u00f5\u00f5dus paanides.\",\"breadcrumb\":{\"@id\":\"https:\/\/baubauwall.com\/et\/toode\/pilttapeet-orhideede-peegeldus-beez\/#breadcrumb\"},\"inLanguage\":\"et\",\"potentialAction\":[{\"@type\":\"ReadAction\",\"target\":[\"https:\/\/baubauwall.com\/et\/toode\/pilttapeet-orhideede-peegeldus-beez\/\"]}]},{\"@type\":\"ImageObject\",\"inLanguage\":\"et\",\"@id\":\"https:\/\/baubauwall.com\/et\/toode\/pilttapeet-orhideede-peegeldus-beez\/#primaryimage\",\"url\":\"https:\/\/baubauwall.com\/wp-content\/uploads\/2023\/10\/51200353_OrchidReflections_Beige_Baubauwall_Wall_Mural_wallpaper_room2.jpg\",\"contentUrl\":\"https:\/\/baubauwall.com\/wp-content\/uploads\/2023\/10\/51200353_OrchidReflections_Beige_Baubauwall_Wall_Mural_wallpaper_room2.jpg\",\"width\":516,\"height\":800,\"caption\":\"Baubauwall pilttapeet orhideedega. Autorit\u00f6\u00f6 tapeet\"},{\"@type\":\"BreadcrumbList\",\"@id\":\"https:\/\/baubauwall.com\/et\/toode\/pilttapeet-orhideede-peegeldus-beez\/#breadcrumb\",\"itemListElement\":[{\"@type\":\"ListItem\",\"position\":1,\"name\":\"Koju\",\"item\":\"https:\/\/baubauwall.com\/et\/\"},{\"@type\":\"ListItem\",\"position\":2,\"name\":\"Tapeedid\",\"item\":\"https:\/\/baubauwall.com\/et\/tapeedid\/\"},{\"@type\":\"ListItem\",\"position\":3,\"name\":\"Orhideede peegeldus &#8211; bee\u017e\"}]},{\"@type\":\"WebSite\",\"@id\":\"https:\/\/baubauwall.com\/et\/#website\",\"url\":\"https:\/\/baubauwall.com\/et\/\",\"name\":\"BAUBAUWALL Wallpapers\",\"description\":\"Valmis paanides tapeet Eestist!\",\"publisher\":{\"@id\":\"https:\/\/baubauwall.com\/et\/#organization\"},\"potentialAction\":[{\"@type\":\"SearchAction\",\"target\":{\"@type\":\"EntryPoint\",\"urlTemplate\":\"https:\/\/baubauwall.com\/et\/?s={search_term_string}\"},\"query-input\":{\"@type\":\"PropertyValueSpecification\",\"valueRequired\":true,\"valueName\":\"search_term_string\"}}],\"inLanguage\":\"et\"},{\"@type\":\"Organization\",\"@id\":\"https:\/\/baubauwall.com\/et\/#organization\",\"name\":\"BAUBAUWALL Wallpapers\",\"url\":\"https:\/\/baubauwall.com\/et\/\",\"logo\":{\"@type\":\"ImageObject\",\"inLanguage\":\"et\",\"@id\":\"https:\/\/baubauwall.com\/et\/#\/schema\/logo\/image\/\",\"url\":\"https:\/\/baubauwall.com\/wp-content\/uploads\/2022\/03\/logo-horizontal.svg\",\"contentUrl\":\"https:\/\/baubauwall.com\/wp-content\/uploads\/2022\/03\/logo-horizontal.svg\",\"width\":\"1024\",\"height\":\"1024\",\"caption\":\"BAUBAUWALL Wallpapers\"},\"image\":{\"@id\":\"https:\/\/baubauwall.com\/et\/#\/schema\/logo\/image\/\"},\"sameAs\":[\"https:\/\/www.facebook.com\/Baubauwall\",\"https:\/\/www.instagram.com\/baubauwall\"]}]}<\/script>\n<!-- \/ Yoast SEO plugin. -->","yoast_head_json":{"title":"Pilttapeet orhideedega. Eritellimust\u00f6\u00f6na valmivad Eesti disain","description":"Autorit\u00f6\u00f6 pilttapeet tapeedikollektsioonis Ateljee. Bee\u017e imeilus disain avalikku ruumi v\u00f5i koju. Fliistapeedid just sinu seina m\u00f5\u00f5dus paanides.","robots":{"index":"index","follow":"follow","max-snippet":"max-snippet:-1","max-image-preview":"max-image-preview:large","max-video-preview":"max-video-preview:-1"},"canonical":"https:\/\/baubauwall.com\/et\/toode\/pilttapeet-orhideede-peegeldus-beez\/","og_locale":"et_EE","og_type":"article","og_title":"Pilttapeet orhideedega. Eritellimust\u00f6\u00f6na valmivad Eesti disain","og_description":"Autorit\u00f6\u00f6 pilttapeet tapeedikollektsioonis Ateljee. Bee\u017e imeilus disain avalikku ruumi v\u00f5i koju. Fliistapeedid just sinu seina m\u00f5\u00f5dus paanides.","og_url":"https:\/\/baubauwall.com\/et\/toode\/pilttapeet-orhideede-peegeldus-beez\/","og_site_name":"BAUBAUWALL TAPEEDID","article_publisher":"https:\/\/www.facebook.com\/Baubauwall","article_modified_time":"2023-11-27T08:40:48+00:00","og_image":[{"width":516,"height":800,"url":"https:\/\/baubauwall.com\/wp-content\/uploads\/2023\/10\/51200353_OrchidReflections_Beige_Baubauwall_Wall_Mural_wallpaper_room2.jpg","type":"image\/jpeg"}],"twitter_card":"summary_large_image","twitter_misc":{"Est. reading time":"1 minut"},"schema":{"@context":"https:\/\/schema.org","@graph":[{"@type":"WebPage","@id":"https:\/\/baubauwall.com\/et\/toode\/pilttapeet-orhideede-peegeldus-beez\/","url":"https:\/\/baubauwall.com\/et\/toode\/pilttapeet-orhideede-peegeldus-beez\/","name":"Pilttapeet orhideedega. Eritellimust\u00f6\u00f6na valmivad Eesti disain","isPartOf":{"@id":"https:\/\/baubauwall.com\/et\/#website"},"primaryImageOfPage":{"@id":"https:\/\/baubauwall.com\/et\/toode\/pilttapeet-orhideede-peegeldus-beez\/#primaryimage"},"image":{"@id":"https:\/\/baubauwall.com\/et\/toode\/pilttapeet-orhideede-peegeldus-beez\/#primaryimage"},"thumbnailUrl":"https:\/\/baubauwall.com\/wp-content\/uploads\/2023\/10\/51200353_OrchidReflections_Beige_Baubauwall_Wall_Mural_wallpaper_room2.jpg","datePublished":"2023-10-24T08:00:25+00:00","dateModified":"2023-11-27T08:40:48+00:00","description":"Autorit\u00f6\u00f6 pilttapeet tapeedikollektsioonis Ateljee. Bee\u017e imeilus disain avalikku ruumi v\u00f5i koju. Fliistapeedid just sinu seina m\u00f5\u00f5dus paanides.","breadcrumb":{"@id":"https:\/\/baubauwall.com\/et\/toode\/pilttapeet-orhideede-peegeldus-beez\/#breadcrumb"},"inLanguage":"et","potentialAction":[{"@type":"ReadAction","target":["https:\/\/baubauwall.com\/et\/toode\/pilttapeet-orhideede-peegeldus-beez\/"]}]},{"@type":"ImageObject","inLanguage":"et","@id":"https:\/\/baubauwall.com\/et\/toode\/pilttapeet-orhideede-peegeldus-beez\/#primaryimage","url":"https:\/\/baubauwall.com\/wp-content\/uploads\/2023\/10\/51200353_OrchidReflections_Beige_Baubauwall_Wall_Mural_wallpaper_room2.jpg","contentUrl":"https:\/\/baubauwall.com\/wp-content\/uploads\/2023\/10\/51200353_OrchidReflections_Beige_Baubauwall_Wall_Mural_wallpaper_room2.jpg","width":516,"height":800,"caption":"Baubauwall pilttapeet orhideedega. Autorit\u00f6\u00f6 tapeet"},{"@type":"BreadcrumbList","@id":"https:\/\/baubauwall.com\/et\/toode\/pilttapeet-orhideede-peegeldus-beez\/#breadcrumb","itemListElement":[{"@type":"ListItem","position":1,"name":"Koju","item":"https:\/\/baubauwall.com\/et\/"},{"@type":"ListItem","position":2,"name":"Tapeedid","item":"https:\/\/baubauwall.com\/et\/tapeedid\/"},{"@type":"ListItem","position":3,"name":"Orhideede peegeldus &#8211; bee\u017e"}]},{"@type":"WebSite","@id":"https:\/\/baubauwall.com\/et\/#website","url":"https:\/\/baubauwall.com\/et\/","name":"BAUBAUWALL Wallpapers","description":"Valmis paanides tapeet Eestist!","publisher":{"@id":"https:\/\/baubauwall.com\/et\/#organization"},"potentialAction":[{"@type":"SearchAction","target":{"@type":"EntryPoint","urlTemplate":"https:\/\/baubauwall.com\/et\/?s={search_term_string}"},"query-input":{"@type":"PropertyValueSpecification","valueRequired":true,"valueName":"search_term_string"}}],"inLanguage":"et"},{"@type":"Organization","@id":"https:\/\/baubauwall.com\/et\/#organization","name":"BAUBAUWALL Wallpapers","url":"https:\/\/baubauwall.com\/et\/","logo":{"@type":"ImageObject","inLanguage":"et","@id":"https:\/\/baubauwall.com\/et\/#\/schema\/logo\/image\/","url":"https:\/\/baubauwall.com\/wp-content\/uploads\/2022\/03\/logo-horizontal.svg","contentUrl":"https:\/\/baubauwall.com\/wp-content\/uploads\/2022\/03\/logo-horizontal.svg","width":"1024","height":"1024","caption":"BAUBAUWALL Wallpapers"},"image":{"@id":"https:\/\/baubauwall.com\/et\/#\/schema\/logo\/image\/"},"sameAs":["https:\/\/www.facebook.com\/Baubauwall","https:\/\/www.instagram.com\/baubauwall"]}]}},"jetpack_sharing_enabled":true,"_links":{"self":[{"href":"https:\/\/baubauwall.com\/et\/wp-json\/wp\/v2\/product\/32695","targetHints":{"allow":["GET"]}}],"collection":[{"href":"https:\/\/baubauwall.com\/et\/wp-json\/wp\/v2\/product"}],"about":[{"href":"https:\/\/baubauwall.com\/et\/wp-json\/wp\/v2\/types\/product"}],"replies":[{"embeddable":true,"href":"https:\/\/baubauwall.com\/et\/wp-json\/wp\/v2\/comments?post=32695"}],"wp:featuredmedia":[{"embeddable":true,"href":"https:\/\/baubauwall.com\/et\/wp-json\/wp\/v2\/media\/32610"}],"wp:attachment":[{"href":"https:\/\/baubauwall.com\/et\/wp-json\/wp\/v2\/media?parent=32695"}],"wp:term":[{"taxonomy":"product_brand","embeddable":true,"href":"https:\/\/baubauwall.com\/et\/wp-json\/wp\/v2\/product_brand?post=32695"},{"taxonomy":"product_cat","embeddable":true,"href":"https:\/\/baubauwall.com\/et\/wp-json\/wp\/v2\/product_cat?post=32695"},{"taxonomy":"product_tag","embeddable":true,"href":"https:\/\/baubauwall.com\/et\/wp-json\/wp\/v2\/product_tag?post=32695"}],"curies":[{"name":"wp","href":"https:\/\/api.w.org\/{rel}","templated":true}]}}