{"id":33899,"date":"2023-12-13T15:15:41","date_gmt":"2023-12-13T13:15:41","guid":{"rendered":"https:\/\/baubauwall.com\/product\/photo-wallpaper-stormy-ocean-view\/"},"modified":"2025-10-22T08:51:40","modified_gmt":"2025-10-22T06:51:40","slug":"fototapeet-tormine-ookean","status":"publish","type":"product","link":"https:\/\/baubauwall.com\/et\/toode\/fototapeet-tormine-ookean\/","title":{"rendered":"Fototapeet Vaade tormisele ookeanile"},"content":{"rendered":"<div class=\"flex-1 overflow-hidden\">\n<div class=\"react-scroll-to-bottom--css-jwyqm-79elbk h-full\">\n<div class=\"react-scroll-to-bottom--css-jwyqm-1n7m0yu\">\n<div class=\"flex flex-col pb-9 text-sm\">\n<div class=\"w-full text-token-text-primary\" data-testid=\"conversation-turn-5\">\n<div class=\"px-4 py-2 justify-center text-base md:gap-6 m-auto\">\n<div class=\"flex flex-1 text-base mx-auto gap-3 md:px-5 lg:px-1 xl:px-5 md:max-w-3xl lg:max-w-[40rem] xl:max-w-[48rem] group final-completion\">\n<div class=\"relative flex w-full flex-col lg:w-[calc(100%-115px)] agent-turn\">\n<div class=\"flex-col gap-1 md:gap-3\">\n<div class=\"flex flex-grow flex-col max-w-full\">\n<div class=\"min-h-[20px] text-message flex flex-col items-start gap-3 whitespace-pre-wrap break-words [.text-message+&amp;]:mt-5 overflow-x-auto\" data-message-author-role=\"assistant\" data-message-id=\"5fb4269a-172c-42ef-9c7f-7fc46445acde\">\n<div class=\"markdown prose w-full break-words dark:prose-invert light\">\n<p>Fototapeet tormine ookean t\u00e4pselt nagu filmis! M\u00e4rkasid seda stseeni, kus filmis \u201eLeave the World Behind\u201c Julia Robertsi karakter Amanda astub villa imelisse magamistuppa? Magamistoa seinal on ei midagi muud kui v\u00e4ga efektne fototapeet tormise merevaatega. Tapeedi k\u00fclm sinine toon on sobitatud t\u00e4pselt hallikas-sinise voodipesuga ning muu sisutusega toas. Tulemuseks on nii \u00e4ge sisekujundus, mis t\u00f5esti \u00fcllatab ja kummutab <a href=\"https:\/\/baubauwall.com\/et\/nipid\/mis-on-fototapeet\/\" target=\"_blank\" rel=\"noopener\">fototapeedi m\u00fc\u00fcte<\/a>. Tormine ookean tapeedil on magamistoa sisekujunduse t\u00f5eline peategelane. Parim osa \u2013 meil on see fototapeet!<\/p>\n<p><strong>Miks osta tapeet siit? Tapeetimine pole kunagi nii lihtne olnud!<\/strong><\/p>\n<ul>\n<li style=\"list-style-type: none;\">\n<ul>\n<li>Nummerdatud tapeedipaanid<\/li>\n<li>Just nii pikad tapeedipaanid, kui on Sinu sein<\/li>\n<li>Premium, matt fliistapeedi materjal<\/li>\n<li>M\u00fcrgivabad tr\u00fckiv\u00e4rvid, Greenguard sertifitseeritud<\/li>\n<li><a href=\"https:\/\/baubauwall.com\/et\/keskkonnasobralikud-tapeedid\/\" target=\"_blank\" rel=\"noopener\">Keskkonnas\u00f5bralik<\/a>, j\u00e4\u00e4tmevaba tapeetimine<\/li>\n<li>Tasuta tapeediliim<\/li>\n<li>Tasuta transport ja kiire tarne 5 t\u00f6\u00f6p\u00e4evaga<\/li>\n<\/ul>\n<\/li>\n<\/ul>\n<p>Loe l\u00e4hemalt nutikatest, eritellimust\u00f6\u00f6na valmivatest tapeetidest\u00a0<a href=\"https:\/\/baubauwall.com\/et\/keskkonnasobralikud-tapeedid\/\">siit.<\/a><\/p>\n<p>&nbsp;<\/p>\n<p>&nbsp;<\/p>\n<\/div>\n<\/div>\n<\/div>\n<\/div>\n<\/div>\n<\/div>\n<\/div>\n<\/div>\n<\/div>\n<\/div>\n<\/div>\n<\/div>\n","protected":false},"excerpt":{"rendered":"<p>Fototapeet tormine ookean t\u00e4pselt nagu filmis! M\u00e4rkasid seda stseeni, kus filmis \u201eLeave the World Behind\u201c Julia Robertsi karakter Amanda astub villa imelisse magamistuppa? Magamistoa seinal on ei midagi muud kui v\u00e4ga efektne fototapeet tormise merevaatega. Tapeedi k\u00fclm sinine toon on sobitatud t\u00e4pselt hallikas-sinise voodipesuga ning muu sisutusega toas. Tulemuseks on nii \u00e4ge sisekujundus, mis t\u00f5esti [&hellip;]<\/p>\n","protected":false},"featured_media":34106,"comment_status":"open","ping_status":"closed","template":"","meta":{"_acf_changed":false,"inline_featured_image":false},"product_brand":[],"product_cat":[433,622,267,752,413,399,402,252,254],"product_tag":[563,486,454],"class_list":{"0":"post-33899","1":"product","2":"type-product","3":"status-publish","4":"has-post-thumbnail","6":"product_cat-fototapeedid","7":"product_cat-julged-tapeedid","8":"product_cat-sinised-tapeedid","9":"product_cat-avalik-ruum","10":"product_cat-magamistoa-tapeedid","11":"product_cat-kodukontori-tapeedid","12":"product_cat-elutoa-tapeedid","13":"product_cat-ookean-meri","14":"product_cat-loodus","15":"product_tag-biofiilia-stiil","16":"product_tag-fotograafia-et","17":"product_tag-fototapeet-et","19":"first","20":"instock","21":"taxable","22":"shipping-taxable","23":"purchasable","24":"product-type-simple"},"acf":[],"yoast_head":"<!-- This site is optimized with the Yoast SEO plugin v25.9 - https:\/\/yoast.com\/wordpress\/plugins\/seo\/ -->\n<title>Fototapeet Tormine ookean nagu filmis Leave the World Behind<\/title>\n<meta name=\"description\" content=\"Fototapeet Tormine ookean - muljetavaldav vaade tapeedil! Efektne fototapeet, t\u00e4pselt nagu filmis Leave the World Behind. Magamistoa tapeedi idee.\" \/>\n<meta name=\"robots\" content=\"index, follow, max-snippet:-1, max-image-preview:large, max-video-preview:-1\" \/>\n<link rel=\"canonical\" href=\"https:\/\/baubauwall.com\/et\/toode\/fototapeet-tormine-ookean\/\" \/>\n<meta property=\"og:locale\" content=\"et_EE\" \/>\n<meta property=\"og:type\" content=\"article\" \/>\n<meta property=\"og:title\" content=\"The photo wallpaper as in the movie The World We Left Behind\" \/>\n<meta property=\"og:description\" content=\"Accent wall photo wallpaper with stormy seascape view. In the primary bedroom, an accent wall wallpaper was showing ocean waves becoming more turbulent with the film\u2019s progression of the movie. Perhaps this wallpaper here could create the same effect at your home?\" \/>\n<meta property=\"og:url\" content=\"https:\/\/baubauwall.com\/et\/toode\/fototapeet-tormine-ookean\/\" \/>\n<meta property=\"og:site_name\" content=\"BAUBAUWALL TAPEEDID\" \/>\n<meta property=\"article:publisher\" content=\"https:\/\/www.facebook.com\/Baubauwall\" \/>\n<meta property=\"article:modified_time\" content=\"2025-10-22T06:51:40+00:00\" \/>\n<meta property=\"og:image\" content=\"https:\/\/baubauwall.com\/wp-content\/uploads\/2022\/03\/51300023_StormyOceanView_Baubauwall_Wall_Mural_room3.jpg\" \/>\n\t<meta property=\"og:image:width\" content=\"1067\" \/>\n\t<meta property=\"og:image:height\" content=\"1600\" \/>\n\t<meta property=\"og:image:type\" content=\"image\/jpeg\" \/>\n<meta name=\"twitter:card\" content=\"summary_large_image\" \/>\n<meta name=\"twitter:label1\" content=\"Est. reading time\" \/>\n\t<meta name=\"twitter:data1\" content=\"1 minut\" \/>\n<script type=\"application\/ld+json\" class=\"yoast-schema-graph\">{\"@context\":\"https:\/\/schema.org\",\"@graph\":[{\"@type\":\"WebPage\",\"@id\":\"https:\/\/baubauwall.com\/et\/toode\/fototapeet-tormine-ookean\/\",\"url\":\"https:\/\/baubauwall.com\/et\/toode\/fototapeet-tormine-ookean\/\",\"name\":\"Fototapeet Tormine ookean nagu filmis Leave the World Behind\",\"isPartOf\":{\"@id\":\"https:\/\/baubauwall.com\/et\/#website\"},\"primaryImageOfPage\":{\"@id\":\"https:\/\/baubauwall.com\/et\/toode\/fototapeet-tormine-ookean\/#primaryimage\"},\"image\":{\"@id\":\"https:\/\/baubauwall.com\/et\/toode\/fototapeet-tormine-ookean\/#primaryimage\"},\"thumbnailUrl\":\"https:\/\/baubauwall.com\/wp-content\/uploads\/2023\/12\/51300023_StormyOceanView_Baubauwall_Wall_Mural_room1.jpg\",\"datePublished\":\"2023-12-13T13:15:41+00:00\",\"dateModified\":\"2025-10-22T06:51:40+00:00\",\"description\":\"Fototapeet Tormine ookean - muljetavaldav vaade tapeedil! Efektne fototapeet, t\u00e4pselt nagu filmis Leave the World Behind. Magamistoa tapeedi idee.\",\"breadcrumb\":{\"@id\":\"https:\/\/baubauwall.com\/et\/toode\/fototapeet-tormine-ookean\/#breadcrumb\"},\"inLanguage\":\"et\",\"potentialAction\":[{\"@type\":\"ReadAction\",\"target\":[\"https:\/\/baubauwall.com\/et\/toode\/fototapeet-tormine-ookean\/\"]}]},{\"@type\":\"ImageObject\",\"inLanguage\":\"et\",\"@id\":\"https:\/\/baubauwall.com\/et\/toode\/fototapeet-tormine-ookean\/#primaryimage\",\"url\":\"https:\/\/baubauwall.com\/wp-content\/uploads\/2023\/12\/51300023_StormyOceanView_Baubauwall_Wall_Mural_room1.jpg\",\"contentUrl\":\"https:\/\/baubauwall.com\/wp-content\/uploads\/2023\/12\/51300023_StormyOceanView_Baubauwall_Wall_Mural_room1.jpg\",\"width\":2399,\"height\":1600,\"caption\":\"Bedroom Room Photo Mural Wallpaper - Stormy Ocean View. Printed on premium, non-woven wallpaper material for easy install and great look. As seen at Leave the World Behind\"},{\"@type\":\"BreadcrumbList\",\"@id\":\"https:\/\/baubauwall.com\/et\/toode\/fototapeet-tormine-ookean\/#breadcrumb\",\"itemListElement\":[{\"@type\":\"ListItem\",\"position\":1,\"name\":\"Koju\",\"item\":\"https:\/\/baubauwall.com\/et\/\"},{\"@type\":\"ListItem\",\"position\":2,\"name\":\"Tapeedid\",\"item\":\"https:\/\/baubauwall.com\/et\/tapeedid\/\"},{\"@type\":\"ListItem\",\"position\":3,\"name\":\"Fototapeet Vaade tormisele ookeanile\"}]},{\"@type\":\"WebSite\",\"@id\":\"https:\/\/baubauwall.com\/et\/#website\",\"url\":\"https:\/\/baubauwall.com\/et\/\",\"name\":\"BAUBAUWALL Wallpapers\",\"description\":\"Valmis paanides tapeet Eestist!\",\"publisher\":{\"@id\":\"https:\/\/baubauwall.com\/et\/#organization\"},\"potentialAction\":[{\"@type\":\"SearchAction\",\"target\":{\"@type\":\"EntryPoint\",\"urlTemplate\":\"https:\/\/baubauwall.com\/et\/?s={search_term_string}\"},\"query-input\":{\"@type\":\"PropertyValueSpecification\",\"valueRequired\":true,\"valueName\":\"search_term_string\"}}],\"inLanguage\":\"et\"},{\"@type\":\"Organization\",\"@id\":\"https:\/\/baubauwall.com\/et\/#organization\",\"name\":\"BAUBAUWALL Wallpapers\",\"url\":\"https:\/\/baubauwall.com\/et\/\",\"logo\":{\"@type\":\"ImageObject\",\"inLanguage\":\"et\",\"@id\":\"https:\/\/baubauwall.com\/et\/#\/schema\/logo\/image\/\",\"url\":\"https:\/\/baubauwall.com\/wp-content\/uploads\/2022\/03\/logo-horizontal.svg\",\"contentUrl\":\"https:\/\/baubauwall.com\/wp-content\/uploads\/2022\/03\/logo-horizontal.svg\",\"width\":\"1024\",\"height\":\"1024\",\"caption\":\"BAUBAUWALL Wallpapers\"},\"image\":{\"@id\":\"https:\/\/baubauwall.com\/et\/#\/schema\/logo\/image\/\"},\"sameAs\":[\"https:\/\/www.facebook.com\/Baubauwall\",\"https:\/\/www.instagram.com\/baubauwall\"]}]}<\/script>\n<!-- \/ Yoast SEO plugin. -->","yoast_head_json":{"title":"Fototapeet Tormine ookean nagu filmis Leave the World Behind","description":"Fototapeet Tormine ookean - muljetavaldav vaade tapeedil! Efektne fototapeet, t\u00e4pselt nagu filmis Leave the World Behind. Magamistoa tapeedi idee.","robots":{"index":"index","follow":"follow","max-snippet":"max-snippet:-1","max-image-preview":"max-image-preview:large","max-video-preview":"max-video-preview:-1"},"canonical":"https:\/\/baubauwall.com\/et\/toode\/fototapeet-tormine-ookean\/","og_locale":"et_EE","og_type":"article","og_title":"The photo wallpaper as in the movie The World We Left Behind","og_description":"Accent wall photo wallpaper with stormy seascape view. In the primary bedroom, an accent wall wallpaper was showing ocean waves becoming more turbulent with the film\u2019s progression of the movie. Perhaps this wallpaper here could create the same effect at your home?","og_url":"https:\/\/baubauwall.com\/et\/toode\/fototapeet-tormine-ookean\/","og_site_name":"BAUBAUWALL TAPEEDID","article_publisher":"https:\/\/www.facebook.com\/Baubauwall","article_modified_time":"2025-10-22T06:51:40+00:00","og_image":[{"width":1067,"height":1600,"url":"https:\/\/baubauwall.com\/wp-content\/uploads\/2022\/03\/51300023_StormyOceanView_Baubauwall_Wall_Mural_room3.jpg","type":"image\/jpeg"}],"twitter_card":"summary_large_image","twitter_misc":{"Est. reading time":"1 minut"},"schema":{"@context":"https:\/\/schema.org","@graph":[{"@type":"WebPage","@id":"https:\/\/baubauwall.com\/et\/toode\/fototapeet-tormine-ookean\/","url":"https:\/\/baubauwall.com\/et\/toode\/fototapeet-tormine-ookean\/","name":"Fototapeet Tormine ookean nagu filmis Leave the World Behind","isPartOf":{"@id":"https:\/\/baubauwall.com\/et\/#website"},"primaryImageOfPage":{"@id":"https:\/\/baubauwall.com\/et\/toode\/fototapeet-tormine-ookean\/#primaryimage"},"image":{"@id":"https:\/\/baubauwall.com\/et\/toode\/fototapeet-tormine-ookean\/#primaryimage"},"thumbnailUrl":"https:\/\/baubauwall.com\/wp-content\/uploads\/2023\/12\/51300023_StormyOceanView_Baubauwall_Wall_Mural_room1.jpg","datePublished":"2023-12-13T13:15:41+00:00","dateModified":"2025-10-22T06:51:40+00:00","description":"Fototapeet Tormine ookean - muljetavaldav vaade tapeedil! Efektne fototapeet, t\u00e4pselt nagu filmis Leave the World Behind. Magamistoa tapeedi idee.","breadcrumb":{"@id":"https:\/\/baubauwall.com\/et\/toode\/fototapeet-tormine-ookean\/#breadcrumb"},"inLanguage":"et","potentialAction":[{"@type":"ReadAction","target":["https:\/\/baubauwall.com\/et\/toode\/fototapeet-tormine-ookean\/"]}]},{"@type":"ImageObject","inLanguage":"et","@id":"https:\/\/baubauwall.com\/et\/toode\/fototapeet-tormine-ookean\/#primaryimage","url":"https:\/\/baubauwall.com\/wp-content\/uploads\/2023\/12\/51300023_StormyOceanView_Baubauwall_Wall_Mural_room1.jpg","contentUrl":"https:\/\/baubauwall.com\/wp-content\/uploads\/2023\/12\/51300023_StormyOceanView_Baubauwall_Wall_Mural_room1.jpg","width":2399,"height":1600,"caption":"Bedroom Room Photo Mural Wallpaper - Stormy Ocean View. Printed on premium, non-woven wallpaper material for easy install and great look. As seen at Leave the World Behind"},{"@type":"BreadcrumbList","@id":"https:\/\/baubauwall.com\/et\/toode\/fototapeet-tormine-ookean\/#breadcrumb","itemListElement":[{"@type":"ListItem","position":1,"name":"Koju","item":"https:\/\/baubauwall.com\/et\/"},{"@type":"ListItem","position":2,"name":"Tapeedid","item":"https:\/\/baubauwall.com\/et\/tapeedid\/"},{"@type":"ListItem","position":3,"name":"Fototapeet Vaade tormisele ookeanile"}]},{"@type":"WebSite","@id":"https:\/\/baubauwall.com\/et\/#website","url":"https:\/\/baubauwall.com\/et\/","name":"BAUBAUWALL Wallpapers","description":"Valmis paanides tapeet Eestist!","publisher":{"@id":"https:\/\/baubauwall.com\/et\/#organization"},"potentialAction":[{"@type":"SearchAction","target":{"@type":"EntryPoint","urlTemplate":"https:\/\/baubauwall.com\/et\/?s={search_term_string}"},"query-input":{"@type":"PropertyValueSpecification","valueRequired":true,"valueName":"search_term_string"}}],"inLanguage":"et"},{"@type":"Organization","@id":"https:\/\/baubauwall.com\/et\/#organization","name":"BAUBAUWALL Wallpapers","url":"https:\/\/baubauwall.com\/et\/","logo":{"@type":"ImageObject","inLanguage":"et","@id":"https:\/\/baubauwall.com\/et\/#\/schema\/logo\/image\/","url":"https:\/\/baubauwall.com\/wp-content\/uploads\/2022\/03\/logo-horizontal.svg","contentUrl":"https:\/\/baubauwall.com\/wp-content\/uploads\/2022\/03\/logo-horizontal.svg","width":"1024","height":"1024","caption":"BAUBAUWALL Wallpapers"},"image":{"@id":"https:\/\/baubauwall.com\/et\/#\/schema\/logo\/image\/"},"sameAs":["https:\/\/www.facebook.com\/Baubauwall","https:\/\/www.instagram.com\/baubauwall"]}]}},"jetpack_sharing_enabled":true,"_links":{"self":[{"href":"https:\/\/baubauwall.com\/et\/wp-json\/wp\/v2\/product\/33899","targetHints":{"allow":["GET"]}}],"collection":[{"href":"https:\/\/baubauwall.com\/et\/wp-json\/wp\/v2\/product"}],"about":[{"href":"https:\/\/baubauwall.com\/et\/wp-json\/wp\/v2\/types\/product"}],"replies":[{"embeddable":true,"href":"https:\/\/baubauwall.com\/et\/wp-json\/wp\/v2\/comments?post=33899"}],"wp:featuredmedia":[{"embeddable":true,"href":"https:\/\/baubauwall.com\/et\/wp-json\/wp\/v2\/media\/34106"}],"wp:attachment":[{"href":"https:\/\/baubauwall.com\/et\/wp-json\/wp\/v2\/media?parent=33899"}],"wp:term":[{"taxonomy":"product_brand","embeddable":true,"href":"https:\/\/baubauwall.com\/et\/wp-json\/wp\/v2\/product_brand?post=33899"},{"taxonomy":"product_cat","embeddable":true,"href":"https:\/\/baubauwall.com\/et\/wp-json\/wp\/v2\/product_cat?post=33899"},{"taxonomy":"product_tag","embeddable":true,"href":"https:\/\/baubauwall.com\/et\/wp-json\/wp\/v2\/product_tag?post=33899"}],"curies":[{"name":"wp","href":"https:\/\/api.w.org\/{rel}","templated":true}]}}