{"id":33917,"date":"2023-12-02T15:15:43","date_gmt":"2023-12-02T13:15:43","guid":{"rendered":"https:\/\/baubauwall.com\/product\/photo-wallpaper-ocean-sea-waves-black-white\/"},"modified":"2024-09-09T14:33:56","modified_gmt":"2024-09-09T12:33:56","slug":"fototapeet-massav-meri","status":"publish","type":"product","link":"https:\/\/baubauwall.com\/et\/toode\/fototapeet-massav-meri\/","title":{"rendered":"Fototapeet M\u00e4ssav meri &#8211; mustvalge"},"content":{"rendered":"<p>Kas oled n\u00e4inud filmi &#8220;Leave the World Behind&#8221;? See film muutis fototapeedi trendikamaks kui kunagi enne. See stseen, kus Julia Robertsi karakter Amanda astub stiilsesse magamistuppa, mille seinal on justnimelt sinakas-hallikas fototapeet &#8211; <a href=\"https:\/\/baubauwall.com\/et\/toode\/fototapeet-tormine-ookean\/\" target=\"_blank\" rel=\"noopener\">jah see!<\/a> M\u00e4ssava merega vaade fototapeedil on sobitatud ideaalselt samastuva v\u00e4rvigammaga magamistoa muudes tekstiilides. Meie &#8220;M\u00e4ssav meri&#8221; mustvalge tapeet sai idee just sellest filmist ja on mereliste tapeetide kollektsiooni lisa. Fototapeet on ideaalne valik \u00fchte seina, olgu selleks magamistoa sein inspireeriv kontor v\u00f5i elutuba.<\/p>\n<p><strong>Miks osta tapeet siit? Tapeetimine pole kunagi nii lihtne olnud!<\/strong><\/p>\n<ul>\n<li style=\"list-style-type: none;\">\n<ul>\n<li>Just nii pikad tapeedipaanid, kui on Sinu sein<\/li>\n<li>Nummerdatud tapeedipaanid<\/li>\n<li>Premium, matt fliistapeedi materjal<\/li>\n<li>M\u00fcrgivabad tr\u00fckiv\u00e4rvid, Greenguard sertifitseeritud<\/li>\n<li><a href=\"https:\/\/baubauwall.com\/et\/keskkonnasobralikud-tapeedid\/\" target=\"_blank\" rel=\"noopener\">Keskkonnas\u00f5bralik<\/a>, j\u00e4\u00e4tmevaba tapeetimine<\/li>\n<li>Tasuta tapeediliim<\/li>\n<li>Tasuta transport ja kiire tarne 5 t\u00f6\u00f6p\u00e4evaga<\/li>\n<\/ul>\n<\/li>\n<\/ul>\n<p>Loe l\u00e4hemalt nutikatest, eritellimust\u00f6\u00f6na valmivatest tapeetidest\u00a0<a href=\"https:\/\/baubauwall.com\/et\/keskkonnasobralikud-tapeedid\/\">siit.<\/a><\/p>\n","protected":false},"excerpt":{"rendered":"<p>Kas oled n\u00e4inud filmi &#8220;Leave the World Behind&#8221;? See film muutis fototapeedi trendikamaks kui kunagi enne. See stseen, kus Julia Robertsi karakter Amanda astub stiilsesse magamistuppa, mille seinal on justnimelt sinakas-hallikas fototapeet &#8211; jah see! M\u00e4ssava merega vaade fototapeedil on sobitatud ideaalselt samastuva v\u00e4rvigammaga magamistoa muudes tekstiilides. Meie &#8220;M\u00e4ssav meri&#8221; mustvalge tapeet sai idee just [&hellip;]<\/p>\n","protected":false},"featured_media":33909,"comment_status":"open","ping_status":"closed","template":"","meta":{"_acf_changed":false,"inline_featured_image":false},"product_brand":[],"product_cat":[433,622,396,266,270,272,752,413,414,415,399,402,465,245,252],"product_tag":[486,454],"class_list":{"0":"post-33917","1":"product","2":"type-product","3":"status-publish","4":"has-post-thumbnail","6":"product_cat-fototapeedid","7":"product_cat-julged-tapeedid","8":"product_cat-skandinaavia","9":"product_cat-mustad-tapeedid","10":"product_cat-tumedad-tapeedid","11":"product_cat-hallid-tapeedid","12":"product_cat-avalik-ruum","13":"product_cat-magamistoa-tapeedid","14":"product_cat-soogitoa-tapeedid","15":"product_cat-kulalistetoa-tapeedid","16":"product_cat-kodukontori-tapeedid","17":"product_cat-elutoa-tapeedid","18":"product_cat-taevas-ja-pilved","19":"product_cat-maastik","20":"product_cat-ookean-meri","21":"product_tag-fotograafia-et","22":"product_tag-fototapeet-et","23":"pa_designedby-baubauwall","25":"first","26":"instock","27":"taxable","28":"shipping-taxable","29":"purchasable","30":"product-type-simple"},"acf":[],"yoast_head":"<!-- This site is optimized with the Yoast SEO plugin v25.9 - https:\/\/yoast.com\/wordpress\/plugins\/seo\/ -->\n<title>Fototapeet aktsentseinale. Mustvalge stseen tormise merega.<\/title>\n<meta name=\"description\" content=\"Mustvalge fototapeet tormise merevaatega. Idee magamistoa aktsentseina tapeediks. Tapeedid, mis valmivad kiirelt ja sinu seina m\u00f5\u00f5dus.\" \/>\n<meta name=\"robots\" content=\"index, follow, max-snippet:-1, max-image-preview:large, max-video-preview:-1\" \/>\n<link rel=\"canonical\" href=\"https:\/\/baubauwall.com\/et\/toode\/fototapeet-massav-meri\/\" \/>\n<meta property=\"og:locale\" content=\"et_EE\" \/>\n<meta property=\"og:type\" content=\"article\" \/>\n<meta property=\"og:title\" content=\"Fototapeet aktsentseinale. Mustvalge stseen tormise merega.\" \/>\n<meta property=\"og:description\" content=\"Mustvalge fototapeet tormise merevaatega. Idee magamistoa aktsentseina tapeediks. Tapeedid, mis valmivad kiirelt ja sinu seina m\u00f5\u00f5dus.\" \/>\n<meta property=\"og:url\" content=\"https:\/\/baubauwall.com\/et\/toode\/fototapeet-massav-meri\/\" \/>\n<meta property=\"og:site_name\" content=\"BAUBAUWALL TAPEEDID\" \/>\n<meta property=\"article:publisher\" content=\"https:\/\/www.facebook.com\/Baubauwall\" \/>\n<meta property=\"article:modified_time\" content=\"2024-09-09T12:33:56+00:00\" \/>\n<meta property=\"og:image\" content=\"https:\/\/baubauwall.com\/wp-content\/uploads\/2022\/03\/51300024_OceanSeaWaves-BlackWhite_Baubauwall_Wall_Mural_room2.jpg\" \/>\n\t<meta property=\"og:image:width\" content=\"2322\" \/>\n\t<meta property=\"og:image:height\" content=\"1600\" \/>\n\t<meta property=\"og:image:type\" content=\"image\/jpeg\" \/>\n<meta name=\"twitter:card\" content=\"summary_large_image\" \/>\n<meta name=\"twitter:label1\" content=\"Est. reading time\" \/>\n\t<meta name=\"twitter:data1\" content=\"1 minut\" \/>\n<script type=\"application\/ld+json\" class=\"yoast-schema-graph\">{\"@context\":\"https:\/\/schema.org\",\"@graph\":[{\"@type\":\"WebPage\",\"@id\":\"https:\/\/baubauwall.com\/et\/toode\/fototapeet-massav-meri\/\",\"url\":\"https:\/\/baubauwall.com\/et\/toode\/fototapeet-massav-meri\/\",\"name\":\"Fototapeet aktsentseinale. Mustvalge stseen tormise merega.\",\"isPartOf\":{\"@id\":\"https:\/\/baubauwall.com\/et\/#website\"},\"primaryImageOfPage\":{\"@id\":\"https:\/\/baubauwall.com\/et\/toode\/fototapeet-massav-meri\/#primaryimage\"},\"image\":{\"@id\":\"https:\/\/baubauwall.com\/et\/toode\/fototapeet-massav-meri\/#primaryimage\"},\"thumbnailUrl\":\"https:\/\/baubauwall.com\/wp-content\/uploads\/2022\/03\/51300024_OceanSeaWaves-BlackWhite_Baubauwall_Wall_Mural_room2.jpg\",\"datePublished\":\"2023-12-02T13:15:43+00:00\",\"dateModified\":\"2024-09-09T12:33:56+00:00\",\"description\":\"Mustvalge fototapeet tormise merevaatega. Idee magamistoa aktsentseina tapeediks. Tapeedid, mis valmivad kiirelt ja sinu seina m\u00f5\u00f5dus.\",\"breadcrumb\":{\"@id\":\"https:\/\/baubauwall.com\/et\/toode\/fototapeet-massav-meri\/#breadcrumb\"},\"inLanguage\":\"et\",\"potentialAction\":[{\"@type\":\"ReadAction\",\"target\":[\"https:\/\/baubauwall.com\/et\/toode\/fototapeet-massav-meri\/\"]}]},{\"@type\":\"ImageObject\",\"inLanguage\":\"et\",\"@id\":\"https:\/\/baubauwall.com\/et\/toode\/fototapeet-massav-meri\/#primaryimage\",\"url\":\"https:\/\/baubauwall.com\/wp-content\/uploads\/2022\/03\/51300024_OceanSeaWaves-BlackWhite_Baubauwall_Wall_Mural_room2.jpg\",\"contentUrl\":\"https:\/\/baubauwall.com\/wp-content\/uploads\/2022\/03\/51300024_OceanSeaWaves-BlackWhite_Baubauwall_Wall_Mural_room2.jpg\",\"width\":2322,\"height\":1600,\"caption\":\"Trending Photo Wallpaper in black and white. Bedroom accent wall idea. Printed on premium non-woven wallpaper material.\"},{\"@type\":\"BreadcrumbList\",\"@id\":\"https:\/\/baubauwall.com\/et\/toode\/fototapeet-massav-meri\/#breadcrumb\",\"itemListElement\":[{\"@type\":\"ListItem\",\"position\":1,\"name\":\"Koju\",\"item\":\"https:\/\/baubauwall.com\/et\/\"},{\"@type\":\"ListItem\",\"position\":2,\"name\":\"Tapeedid\",\"item\":\"https:\/\/baubauwall.com\/et\/tapeedid\/\"},{\"@type\":\"ListItem\",\"position\":3,\"name\":\"Fototapeet M\u00e4ssav meri &#8211; mustvalge\"}]},{\"@type\":\"WebSite\",\"@id\":\"https:\/\/baubauwall.com\/et\/#website\",\"url\":\"https:\/\/baubauwall.com\/et\/\",\"name\":\"BAUBAUWALL Wallpapers\",\"description\":\"Valmis paanides tapeet Eestist!\",\"publisher\":{\"@id\":\"https:\/\/baubauwall.com\/et\/#organization\"},\"potentialAction\":[{\"@type\":\"SearchAction\",\"target\":{\"@type\":\"EntryPoint\",\"urlTemplate\":\"https:\/\/baubauwall.com\/et\/?s={search_term_string}\"},\"query-input\":{\"@type\":\"PropertyValueSpecification\",\"valueRequired\":true,\"valueName\":\"search_term_string\"}}],\"inLanguage\":\"et\"},{\"@type\":\"Organization\",\"@id\":\"https:\/\/baubauwall.com\/et\/#organization\",\"name\":\"BAUBAUWALL Wallpapers\",\"url\":\"https:\/\/baubauwall.com\/et\/\",\"logo\":{\"@type\":\"ImageObject\",\"inLanguage\":\"et\",\"@id\":\"https:\/\/baubauwall.com\/et\/#\/schema\/logo\/image\/\",\"url\":\"https:\/\/baubauwall.com\/wp-content\/uploads\/2022\/03\/logo-horizontal.svg\",\"contentUrl\":\"https:\/\/baubauwall.com\/wp-content\/uploads\/2022\/03\/logo-horizontal.svg\",\"width\":\"1024\",\"height\":\"1024\",\"caption\":\"BAUBAUWALL Wallpapers\"},\"image\":{\"@id\":\"https:\/\/baubauwall.com\/et\/#\/schema\/logo\/image\/\"},\"sameAs\":[\"https:\/\/www.facebook.com\/Baubauwall\",\"https:\/\/www.instagram.com\/baubauwall\"]}]}<\/script>\n<!-- \/ Yoast SEO plugin. -->","yoast_head_json":{"title":"Fototapeet aktsentseinale. Mustvalge stseen tormise merega.","description":"Mustvalge fototapeet tormise merevaatega. Idee magamistoa aktsentseina tapeediks. Tapeedid, mis valmivad kiirelt ja sinu seina m\u00f5\u00f5dus.","robots":{"index":"index","follow":"follow","max-snippet":"max-snippet:-1","max-image-preview":"max-image-preview:large","max-video-preview":"max-video-preview:-1"},"canonical":"https:\/\/baubauwall.com\/et\/toode\/fototapeet-massav-meri\/","og_locale":"et_EE","og_type":"article","og_title":"Fototapeet aktsentseinale. Mustvalge stseen tormise merega.","og_description":"Mustvalge fototapeet tormise merevaatega. Idee magamistoa aktsentseina tapeediks. Tapeedid, mis valmivad kiirelt ja sinu seina m\u00f5\u00f5dus.","og_url":"https:\/\/baubauwall.com\/et\/toode\/fototapeet-massav-meri\/","og_site_name":"BAUBAUWALL TAPEEDID","article_publisher":"https:\/\/www.facebook.com\/Baubauwall","article_modified_time":"2024-09-09T12:33:56+00:00","og_image":[{"width":2322,"height":1600,"url":"https:\/\/baubauwall.com\/wp-content\/uploads\/2022\/03\/51300024_OceanSeaWaves-BlackWhite_Baubauwall_Wall_Mural_room2.jpg","type":"image\/jpeg"}],"twitter_card":"summary_large_image","twitter_misc":{"Est. reading time":"1 minut"},"schema":{"@context":"https:\/\/schema.org","@graph":[{"@type":"WebPage","@id":"https:\/\/baubauwall.com\/et\/toode\/fototapeet-massav-meri\/","url":"https:\/\/baubauwall.com\/et\/toode\/fototapeet-massav-meri\/","name":"Fototapeet aktsentseinale. Mustvalge stseen tormise merega.","isPartOf":{"@id":"https:\/\/baubauwall.com\/et\/#website"},"primaryImageOfPage":{"@id":"https:\/\/baubauwall.com\/et\/toode\/fototapeet-massav-meri\/#primaryimage"},"image":{"@id":"https:\/\/baubauwall.com\/et\/toode\/fototapeet-massav-meri\/#primaryimage"},"thumbnailUrl":"https:\/\/baubauwall.com\/wp-content\/uploads\/2022\/03\/51300024_OceanSeaWaves-BlackWhite_Baubauwall_Wall_Mural_room2.jpg","datePublished":"2023-12-02T13:15:43+00:00","dateModified":"2024-09-09T12:33:56+00:00","description":"Mustvalge fototapeet tormise merevaatega. Idee magamistoa aktsentseina tapeediks. Tapeedid, mis valmivad kiirelt ja sinu seina m\u00f5\u00f5dus.","breadcrumb":{"@id":"https:\/\/baubauwall.com\/et\/toode\/fototapeet-massav-meri\/#breadcrumb"},"inLanguage":"et","potentialAction":[{"@type":"ReadAction","target":["https:\/\/baubauwall.com\/et\/toode\/fototapeet-massav-meri\/"]}]},{"@type":"ImageObject","inLanguage":"et","@id":"https:\/\/baubauwall.com\/et\/toode\/fototapeet-massav-meri\/#primaryimage","url":"https:\/\/baubauwall.com\/wp-content\/uploads\/2022\/03\/51300024_OceanSeaWaves-BlackWhite_Baubauwall_Wall_Mural_room2.jpg","contentUrl":"https:\/\/baubauwall.com\/wp-content\/uploads\/2022\/03\/51300024_OceanSeaWaves-BlackWhite_Baubauwall_Wall_Mural_room2.jpg","width":2322,"height":1600,"caption":"Trending Photo Wallpaper in black and white. Bedroom accent wall idea. Printed on premium non-woven wallpaper material."},{"@type":"BreadcrumbList","@id":"https:\/\/baubauwall.com\/et\/toode\/fototapeet-massav-meri\/#breadcrumb","itemListElement":[{"@type":"ListItem","position":1,"name":"Koju","item":"https:\/\/baubauwall.com\/et\/"},{"@type":"ListItem","position":2,"name":"Tapeedid","item":"https:\/\/baubauwall.com\/et\/tapeedid\/"},{"@type":"ListItem","position":3,"name":"Fototapeet M\u00e4ssav meri &#8211; mustvalge"}]},{"@type":"WebSite","@id":"https:\/\/baubauwall.com\/et\/#website","url":"https:\/\/baubauwall.com\/et\/","name":"BAUBAUWALL Wallpapers","description":"Valmis paanides tapeet Eestist!","publisher":{"@id":"https:\/\/baubauwall.com\/et\/#organization"},"potentialAction":[{"@type":"SearchAction","target":{"@type":"EntryPoint","urlTemplate":"https:\/\/baubauwall.com\/et\/?s={search_term_string}"},"query-input":{"@type":"PropertyValueSpecification","valueRequired":true,"valueName":"search_term_string"}}],"inLanguage":"et"},{"@type":"Organization","@id":"https:\/\/baubauwall.com\/et\/#organization","name":"BAUBAUWALL Wallpapers","url":"https:\/\/baubauwall.com\/et\/","logo":{"@type":"ImageObject","inLanguage":"et","@id":"https:\/\/baubauwall.com\/et\/#\/schema\/logo\/image\/","url":"https:\/\/baubauwall.com\/wp-content\/uploads\/2022\/03\/logo-horizontal.svg","contentUrl":"https:\/\/baubauwall.com\/wp-content\/uploads\/2022\/03\/logo-horizontal.svg","width":"1024","height":"1024","caption":"BAUBAUWALL Wallpapers"},"image":{"@id":"https:\/\/baubauwall.com\/et\/#\/schema\/logo\/image\/"},"sameAs":["https:\/\/www.facebook.com\/Baubauwall","https:\/\/www.instagram.com\/baubauwall"]}]}},"jetpack_sharing_enabled":true,"_links":{"self":[{"href":"https:\/\/baubauwall.com\/et\/wp-json\/wp\/v2\/product\/33917","targetHints":{"allow":["GET"]}}],"collection":[{"href":"https:\/\/baubauwall.com\/et\/wp-json\/wp\/v2\/product"}],"about":[{"href":"https:\/\/baubauwall.com\/et\/wp-json\/wp\/v2\/types\/product"}],"replies":[{"embeddable":true,"href":"https:\/\/baubauwall.com\/et\/wp-json\/wp\/v2\/comments?post=33917"}],"wp:featuredmedia":[{"embeddable":true,"href":"https:\/\/baubauwall.com\/et\/wp-json\/wp\/v2\/media\/33909"}],"wp:attachment":[{"href":"https:\/\/baubauwall.com\/et\/wp-json\/wp\/v2\/media?parent=33917"}],"wp:term":[{"taxonomy":"product_brand","embeddable":true,"href":"https:\/\/baubauwall.com\/et\/wp-json\/wp\/v2\/product_brand?post=33917"},{"taxonomy":"product_cat","embeddable":true,"href":"https:\/\/baubauwall.com\/et\/wp-json\/wp\/v2\/product_cat?post=33917"},{"taxonomy":"product_tag","embeddable":true,"href":"https:\/\/baubauwall.com\/et\/wp-json\/wp\/v2\/product_tag?post=33917"}],"curies":[{"name":"wp","href":"https:\/\/api.w.org\/{rel}","templated":true}]}}