{"id":34339,"date":"2024-02-14T11:00:25","date_gmt":"2024-02-14T09:00:25","guid":{"rendered":"https:\/\/baubauwall.com\/product\/wall-mural-garden-of-parrots-beige\/"},"modified":"2025-07-28T18:34:58","modified_gmt":"2025-07-28T16:34:58","slug":"beez-pilttapeet-papagoide-aed-beez","status":"publish","type":"product","link":"https:\/\/baubauwall.com\/et\/toode\/beez-pilttapeet-papagoide-aed-beez\/","title":{"rendered":"Papagoide aed &#8211; bee\u017e"},"content":{"rendered":"<p><em>Chinoiserie<\/em> stiilis bee\u017e pilttapeet &#8220;Papagoide aed&#8221; on ood ajatule ilule ja elegantsile. Selles stiilis tapeetide luksuslik ilu on <em>chinoiserie<\/em> disainidest teinud sisekujunduse elegantse lemmiku l\u00e4bi aastak\u00fcmnete. Efektsed hortensiad ning graatsilised papagoid bee\u017eil taustal moodustavad\u00a0 tapeedidisaini, mille v\u00e4ljapeetud ilu teeb tapeedist maitseka valiku magamistoa, s\u00f6\u00f6gitoa v\u00f5i elutoa seinale. Seistes selle pilttapeedi ees reisid salaaeda t\u00e4is m\u00f6\u00f6dunud aegade v\u00f5lu, aroome ning saladusi!<\/p>\n<p><a href=\"https:\/\/rosecastlebird.com\/\" target=\"_blank\" rel=\"noopener\">Rose Castlebird <\/a>ainulaadsed mustrid on inspireeritud 19. sajandi Prantsuse kunstnike originaalloomingust, mis k\u00f5ik \u00a0kuuluvad br\u00e4ndi looja Aira Priksi erakogusse. Br\u00e4nd taaselustab m\u00f6\u00f6dunud sajandite kunstnike maale uuel v\u00e4ljundil &#8211; luksuslikul siidil. N\u00fc\u00fcd on needsamad maalide fragmendid j\u00f5udnud lisaks siidile ka tapeetidele kaunistamaks Sinu interj\u00f6\u00f6ri. Olgu Sinu sisustustiiliks luksuslik klassika v\u00f5i eklektika &#8211; need on tapeedid, mis ei l\u00e4he iialgi moest.<\/p>\n<p><strong>Nagu k\u00f5ik Baubauwalli kordusmustriga tapeedid ja pilttapeedid, on ka see imeilus disain tr\u00fckitud <a href=\"https:\/\/baubauwall.com\/et\/keskkonnasobralikud-tapeedid\/\" target=\"_blank\" rel=\"noopener\">keskkonnas\u00f5bralike v\u00e4rvidega<\/a>, hingavale fliistapeedi materjalile, mis ei l\u00e4igi ja on lihtne paigaldada. Sinu uus pilttapeet tuleb valmis l\u00f5igatud ning nummerdatud paanides, mis on t\u00e4pselt nii k\u00f5rged, kui Sinu sein.<\/strong><\/p>\n<p>&nbsp;<\/p>\n<p>&nbsp;<\/p>\n","protected":false},"excerpt":{"rendered":"<p>Chinoiserie stiilis bee\u017e pilttapeet &#8220;Papagoide aed&#8221; on ood ajatule ilule ja elegantsile. Selles stiilis tapeetide luksuslik ilu on chinoiserie disainidest teinud sisekujunduse elegantse lemmiku l\u00e4bi aastak\u00fcmnete. Efektsed hortensiad ning graatsilised papagoid bee\u017eil taustal moodustavad\u00a0 tapeedidisaini, mille v\u00e4ljapeetud ilu teeb tapeedist maitseka valiku magamistoa, s\u00f6\u00f6gitoa v\u00f5i elutoa seinale. Seistes selle pilttapeedi ees reisid salaaeda t\u00e4is m\u00f6\u00f6dunud [&hellip;]<\/p>\n","protected":false},"featured_media":45251,"comment_status":"open","ping_status":"closed","template":"","meta":{"_acf_changed":false,"inline_featured_image":false},"product_brand":[],"product_cat":[780,710,387,395,406,393,388,265,273,276,413,414,402,699,254,257,260],"product_tag":[303,448,708,345],"class_list":{"0":"post-34339","1":"product","2":"type-product","3":"status-publish","4":"has-post-thumbnail","6":"product_cat-pilttapeedid-lugudega","7":"product_cat-house-of-castlebird-rose-tapeedid","8":"product_cat-pilttapeedid","9":"product_cat-romantiline","10":"product_cat-klassika","11":"product_cat-idamaine","12":"product_cat-vintage-et","13":"product_cat-beezid-tapeedid","14":"product_cat-heledad-tapeedid","15":"product_cat-pastelsed-tapeedid","16":"product_cat-magamistoa-tapeedid","17":"product_cat-soogitoa-tapeedid","18":"product_cat-elutoa-tapeedid","19":"product_cat-eesti-disain-tapeedid","20":"product_cat-loodus","21":"product_cat-linnud","22":"product_cat-lilled","23":"product_tag-chinoiserie-idamaine","24":"product_tag-kunst-et","25":"product_tag-castlebird-rose-et","26":"product_tag-pilttapeet","27":"pa_designedby-castlebird-rose-murals-wallpapers","29":"first","30":"instock","31":"taxable","32":"shipping-taxable","33":"purchasable","34":"product-type-simple"},"acf":[],"yoast_head":"<!-- This site is optimized with the Yoast SEO plugin v25.9 - https:\/\/yoast.com\/wordpress\/plugins\/seo\/ -->\n<title>Bee\u017e, luksuslik tapeet hortensiate ja papagoidega.<\/title>\n<meta name=\"description\" content=\"Castlebird Rose disainid n\u00fc\u00fcd tapeetidel. 19. saj maalide originaaldetailid luksuslikul chinoiserie pilttapeedi disainil papagoide ja hortensiatega.\" \/>\n<meta name=\"robots\" content=\"index, follow, max-snippet:-1, max-image-preview:large, max-video-preview:-1\" \/>\n<link rel=\"canonical\" href=\"https:\/\/baubauwall.com\/et\/toode\/beez-pilttapeet-papagoide-aed-beez\/\" \/>\n<meta property=\"og:locale\" content=\"et_EE\" \/>\n<meta property=\"og:type\" content=\"article\" \/>\n<meta property=\"og:title\" content=\"Bee\u017e, luksuslik tapeet hortensiate ja papagoidega.\" \/>\n<meta property=\"og:description\" content=\"Castlebird Rose disainid n\u00fc\u00fcd tapeetidel. 19. saj maalide originaaldetailid luksuslikul chinoiserie pilttapeedi disainil papagoide ja hortensiatega.\" \/>\n<meta property=\"og:url\" content=\"https:\/\/baubauwall.com\/et\/toode\/beez-pilttapeet-papagoide-aed-beez\/\" \/>\n<meta property=\"og:site_name\" content=\"BAUBAUWALL TAPEEDID\" \/>\n<meta property=\"article:publisher\" content=\"https:\/\/www.facebook.com\/Baubauwall\" \/>\n<meta property=\"article:modified_time\" content=\"2025-07-28T16:34:58+00:00\" \/>\n<meta property=\"og:image\" content=\"https:\/\/baubauwall.com\/wp-content\/uploads\/2022\/11\/51200361_GardenOfParrots_chinoiserie_mural_Baubauwall_room-4.jpg\" \/>\n\t<meta property=\"og:image:width\" content=\"1065\" \/>\n\t<meta property=\"og:image:height\" content=\"1600\" \/>\n\t<meta property=\"og:image:type\" content=\"image\/jpeg\" \/>\n<meta name=\"twitter:card\" content=\"summary_large_image\" \/>\n<meta name=\"twitter:label1\" content=\"Est. reading time\" \/>\n\t<meta name=\"twitter:data1\" content=\"1 minut\" \/>\n<script type=\"application\/ld+json\" class=\"yoast-schema-graph\">{\"@context\":\"https:\/\/schema.org\",\"@graph\":[{\"@type\":\"WebPage\",\"@id\":\"https:\/\/baubauwall.com\/et\/toode\/beez-pilttapeet-papagoide-aed-beez\/\",\"url\":\"https:\/\/baubauwall.com\/et\/toode\/beez-pilttapeet-papagoide-aed-beez\/\",\"name\":\"Bee\u017e, luksuslik tapeet hortensiate ja papagoidega.\",\"isPartOf\":{\"@id\":\"https:\/\/baubauwall.com\/et\/#website\"},\"primaryImageOfPage\":{\"@id\":\"https:\/\/baubauwall.com\/et\/toode\/beez-pilttapeet-papagoide-aed-beez\/#primaryimage\"},\"image\":{\"@id\":\"https:\/\/baubauwall.com\/et\/toode\/beez-pilttapeet-papagoide-aed-beez\/#primaryimage\"},\"thumbnailUrl\":\"https:\/\/baubauwall.com\/wp-content\/uploads\/2024\/02\/luxury_wallpapers_maison_castlebird_bauba-5.jpg\",\"datePublished\":\"2024-02-14T09:00:25+00:00\",\"dateModified\":\"2025-07-28T16:34:58+00:00\",\"description\":\"Castlebird Rose disainid n\u00fc\u00fcd tapeetidel. 19. saj maalide originaaldetailid luksuslikul chinoiserie pilttapeedi disainil papagoide ja hortensiatega.\",\"breadcrumb\":{\"@id\":\"https:\/\/baubauwall.com\/et\/toode\/beez-pilttapeet-papagoide-aed-beez\/#breadcrumb\"},\"inLanguage\":\"et\",\"potentialAction\":[{\"@type\":\"ReadAction\",\"target\":[\"https:\/\/baubauwall.com\/et\/toode\/beez-pilttapeet-papagoide-aed-beez\/\"]}]},{\"@type\":\"ImageObject\",\"inLanguage\":\"et\",\"@id\":\"https:\/\/baubauwall.com\/et\/toode\/beez-pilttapeet-papagoide-aed-beez\/#primaryimage\",\"url\":\"https:\/\/baubauwall.com\/wp-content\/uploads\/2024\/02\/luxury_wallpapers_maison_castlebird_bauba-5.jpg\",\"contentUrl\":\"https:\/\/baubauwall.com\/wp-content\/uploads\/2024\/02\/luxury_wallpapers_maison_castlebird_bauba-5.jpg\",\"width\":948,\"height\":708,\"caption\":\"luxury wallpaper repeat pattern for walls\"},{\"@type\":\"BreadcrumbList\",\"@id\":\"https:\/\/baubauwall.com\/et\/toode\/beez-pilttapeet-papagoide-aed-beez\/#breadcrumb\",\"itemListElement\":[{\"@type\":\"ListItem\",\"position\":1,\"name\":\"Koju\",\"item\":\"https:\/\/baubauwall.com\/et\/\"},{\"@type\":\"ListItem\",\"position\":2,\"name\":\"Tapeedid\",\"item\":\"https:\/\/baubauwall.com\/et\/tapeedid\/\"},{\"@type\":\"ListItem\",\"position\":3,\"name\":\"Papagoide aed &#8211; bee\u017e\"}]},{\"@type\":\"WebSite\",\"@id\":\"https:\/\/baubauwall.com\/et\/#website\",\"url\":\"https:\/\/baubauwall.com\/et\/\",\"name\":\"BAUBAUWALL Wallpapers\",\"description\":\"Valmis paanides tapeet Eestist!\",\"publisher\":{\"@id\":\"https:\/\/baubauwall.com\/et\/#organization\"},\"potentialAction\":[{\"@type\":\"SearchAction\",\"target\":{\"@type\":\"EntryPoint\",\"urlTemplate\":\"https:\/\/baubauwall.com\/et\/?s={search_term_string}\"},\"query-input\":{\"@type\":\"PropertyValueSpecification\",\"valueRequired\":true,\"valueName\":\"search_term_string\"}}],\"inLanguage\":\"et\"},{\"@type\":\"Organization\",\"@id\":\"https:\/\/baubauwall.com\/et\/#organization\",\"name\":\"BAUBAUWALL Wallpapers\",\"url\":\"https:\/\/baubauwall.com\/et\/\",\"logo\":{\"@type\":\"ImageObject\",\"inLanguage\":\"et\",\"@id\":\"https:\/\/baubauwall.com\/et\/#\/schema\/logo\/image\/\",\"url\":\"https:\/\/baubauwall.com\/wp-content\/uploads\/2022\/03\/logo-horizontal.svg\",\"contentUrl\":\"https:\/\/baubauwall.com\/wp-content\/uploads\/2022\/03\/logo-horizontal.svg\",\"width\":\"1024\",\"height\":\"1024\",\"caption\":\"BAUBAUWALL Wallpapers\"},\"image\":{\"@id\":\"https:\/\/baubauwall.com\/et\/#\/schema\/logo\/image\/\"},\"sameAs\":[\"https:\/\/www.facebook.com\/Baubauwall\",\"https:\/\/www.instagram.com\/baubauwall\"]}]}<\/script>\n<!-- \/ Yoast SEO plugin. -->","yoast_head_json":{"title":"Bee\u017e, luksuslik tapeet hortensiate ja papagoidega.","description":"Castlebird Rose disainid n\u00fc\u00fcd tapeetidel. 19. saj maalide originaaldetailid luksuslikul chinoiserie pilttapeedi disainil papagoide ja hortensiatega.","robots":{"index":"index","follow":"follow","max-snippet":"max-snippet:-1","max-image-preview":"max-image-preview:large","max-video-preview":"max-video-preview:-1"},"canonical":"https:\/\/baubauwall.com\/et\/toode\/beez-pilttapeet-papagoide-aed-beez\/","og_locale":"et_EE","og_type":"article","og_title":"Bee\u017e, luksuslik tapeet hortensiate ja papagoidega.","og_description":"Castlebird Rose disainid n\u00fc\u00fcd tapeetidel. 19. saj maalide originaaldetailid luksuslikul chinoiserie pilttapeedi disainil papagoide ja hortensiatega.","og_url":"https:\/\/baubauwall.com\/et\/toode\/beez-pilttapeet-papagoide-aed-beez\/","og_site_name":"BAUBAUWALL TAPEEDID","article_publisher":"https:\/\/www.facebook.com\/Baubauwall","article_modified_time":"2025-07-28T16:34:58+00:00","og_image":[{"width":1065,"height":1600,"url":"https:\/\/baubauwall.com\/wp-content\/uploads\/2022\/11\/51200361_GardenOfParrots_chinoiserie_mural_Baubauwall_room-4.jpg","type":"image\/jpeg"}],"twitter_card":"summary_large_image","twitter_misc":{"Est. reading time":"1 minut"},"schema":{"@context":"https:\/\/schema.org","@graph":[{"@type":"WebPage","@id":"https:\/\/baubauwall.com\/et\/toode\/beez-pilttapeet-papagoide-aed-beez\/","url":"https:\/\/baubauwall.com\/et\/toode\/beez-pilttapeet-papagoide-aed-beez\/","name":"Bee\u017e, luksuslik tapeet hortensiate ja papagoidega.","isPartOf":{"@id":"https:\/\/baubauwall.com\/et\/#website"},"primaryImageOfPage":{"@id":"https:\/\/baubauwall.com\/et\/toode\/beez-pilttapeet-papagoide-aed-beez\/#primaryimage"},"image":{"@id":"https:\/\/baubauwall.com\/et\/toode\/beez-pilttapeet-papagoide-aed-beez\/#primaryimage"},"thumbnailUrl":"https:\/\/baubauwall.com\/wp-content\/uploads\/2024\/02\/luxury_wallpapers_maison_castlebird_bauba-5.jpg","datePublished":"2024-02-14T09:00:25+00:00","dateModified":"2025-07-28T16:34:58+00:00","description":"Castlebird Rose disainid n\u00fc\u00fcd tapeetidel. 19. saj maalide originaaldetailid luksuslikul chinoiserie pilttapeedi disainil papagoide ja hortensiatega.","breadcrumb":{"@id":"https:\/\/baubauwall.com\/et\/toode\/beez-pilttapeet-papagoide-aed-beez\/#breadcrumb"},"inLanguage":"et","potentialAction":[{"@type":"ReadAction","target":["https:\/\/baubauwall.com\/et\/toode\/beez-pilttapeet-papagoide-aed-beez\/"]}]},{"@type":"ImageObject","inLanguage":"et","@id":"https:\/\/baubauwall.com\/et\/toode\/beez-pilttapeet-papagoide-aed-beez\/#primaryimage","url":"https:\/\/baubauwall.com\/wp-content\/uploads\/2024\/02\/luxury_wallpapers_maison_castlebird_bauba-5.jpg","contentUrl":"https:\/\/baubauwall.com\/wp-content\/uploads\/2024\/02\/luxury_wallpapers_maison_castlebird_bauba-5.jpg","width":948,"height":708,"caption":"luxury wallpaper repeat pattern for walls"},{"@type":"BreadcrumbList","@id":"https:\/\/baubauwall.com\/et\/toode\/beez-pilttapeet-papagoide-aed-beez\/#breadcrumb","itemListElement":[{"@type":"ListItem","position":1,"name":"Koju","item":"https:\/\/baubauwall.com\/et\/"},{"@type":"ListItem","position":2,"name":"Tapeedid","item":"https:\/\/baubauwall.com\/et\/tapeedid\/"},{"@type":"ListItem","position":3,"name":"Papagoide aed &#8211; bee\u017e"}]},{"@type":"WebSite","@id":"https:\/\/baubauwall.com\/et\/#website","url":"https:\/\/baubauwall.com\/et\/","name":"BAUBAUWALL Wallpapers","description":"Valmis paanides tapeet Eestist!","publisher":{"@id":"https:\/\/baubauwall.com\/et\/#organization"},"potentialAction":[{"@type":"SearchAction","target":{"@type":"EntryPoint","urlTemplate":"https:\/\/baubauwall.com\/et\/?s={search_term_string}"},"query-input":{"@type":"PropertyValueSpecification","valueRequired":true,"valueName":"search_term_string"}}],"inLanguage":"et"},{"@type":"Organization","@id":"https:\/\/baubauwall.com\/et\/#organization","name":"BAUBAUWALL Wallpapers","url":"https:\/\/baubauwall.com\/et\/","logo":{"@type":"ImageObject","inLanguage":"et","@id":"https:\/\/baubauwall.com\/et\/#\/schema\/logo\/image\/","url":"https:\/\/baubauwall.com\/wp-content\/uploads\/2022\/03\/logo-horizontal.svg","contentUrl":"https:\/\/baubauwall.com\/wp-content\/uploads\/2022\/03\/logo-horizontal.svg","width":"1024","height":"1024","caption":"BAUBAUWALL Wallpapers"},"image":{"@id":"https:\/\/baubauwall.com\/et\/#\/schema\/logo\/image\/"},"sameAs":["https:\/\/www.facebook.com\/Baubauwall","https:\/\/www.instagram.com\/baubauwall"]}]}},"jetpack_sharing_enabled":true,"_links":{"self":[{"href":"https:\/\/baubauwall.com\/et\/wp-json\/wp\/v2\/product\/34339","targetHints":{"allow":["GET"]}}],"collection":[{"href":"https:\/\/baubauwall.com\/et\/wp-json\/wp\/v2\/product"}],"about":[{"href":"https:\/\/baubauwall.com\/et\/wp-json\/wp\/v2\/types\/product"}],"replies":[{"embeddable":true,"href":"https:\/\/baubauwall.com\/et\/wp-json\/wp\/v2\/comments?post=34339"}],"wp:featuredmedia":[{"embeddable":true,"href":"https:\/\/baubauwall.com\/et\/wp-json\/wp\/v2\/media\/45251"}],"wp:attachment":[{"href":"https:\/\/baubauwall.com\/et\/wp-json\/wp\/v2\/media?parent=34339"}],"wp:term":[{"taxonomy":"product_brand","embeddable":true,"href":"https:\/\/baubauwall.com\/et\/wp-json\/wp\/v2\/product_brand?post=34339"},{"taxonomy":"product_cat","embeddable":true,"href":"https:\/\/baubauwall.com\/et\/wp-json\/wp\/v2\/product_cat?post=34339"},{"taxonomy":"product_tag","embeddable":true,"href":"https:\/\/baubauwall.com\/et\/wp-json\/wp\/v2\/product_tag?post=34339"}],"curies":[{"name":"wp","href":"https:\/\/api.w.org\/{rel}","templated":true}]}}