{"id":34382,"date":"2024-02-14T13:15:54","date_gmt":"2024-02-14T11:15:54","guid":{"rendered":"https:\/\/baubauwall.com\/?post_type=product&#038;p=34382"},"modified":"2024-12-12T17:12:24","modified_gmt":"2024-12-12T15:12:24","slug":"pilttapeet-papagoide-aed-kirgas-roheline","status":"publish","type":"product","link":"https:\/\/baubauwall.com\/et\/toode\/pilttapeet-papagoide-aed-kirgas-roheline\/","title":{"rendered":"Papagoide aed &#8211; kirgas roheline"},"content":{"rendered":"<p>Luksuslik pilttapeet kirkal rohelisel taustal taustal avab ukse salaaeda t\u00e4is ilu, graatsilisi papagoisid ja l\u00f5hnavaid hortensiaid. <em>Chinoiserie<\/em> stiilis pilttapeet &#8220;Papagoide aed&#8221; on ood ajatule ilule ja elegantsile. Selles stiilis tapeetide ilu on <em>chinoiserie<\/em> disainidest teinud sisekujunduse elegantse lemmiku l\u00e4bi aastak\u00fcmnete. Efektsed hortensiad ning graatsilised papagoid rohelisel taustal moodustavad\u00a0 tapeedidisaini, mille efektne ilu teeb tapeedist maitseka valiku magamistoa, s\u00f6\u00f6gitoa v\u00f5i elutoa seinale. Seistes selle pilttapeedi ees reisid m\u00f6\u00f6dunud aegadesse t\u00e4is salap\u00e4ra, v\u00f5lu ning aroome!<\/p>\n<p><a href=\"https:\/\/www.castlebirdrose.com\/\" target=\"_blank\" rel=\"noopener\">Rose Castlebird <\/a>ainulaadsed mustrid on inspireeritud 19. sajandi Prantsuse kunstnike originaalloomingust, mis k\u00f5ik \u00a0kuuluvad br\u00e4ndi looja Aira Priksi erakogusse. Br\u00e4nd taaselustab m\u00f6\u00f6dunud sajandite kunstnike maale uuel v\u00e4ljundil &#8211; luksuslikul siidil. N\u00fc\u00fcd on needsamad maalide fragmendid j\u00f5udnud lisaks siidile ka tapeetidele kaunistamaks Sinu interj\u00f6\u00f6ri. Olgu Sinu sisustustiiliks luksuslik klassika v\u00f5i eklektika &#8211; need on tapeedid, mis ei l\u00e4he iialgi moest.<\/p>\n<p><strong>Nagu k\u00f5ik Baubauwalli kordusmustriga tapeedid ja pilttapeedid, on ka see imeilus disain tr\u00fckitud <a href=\"https:\/\/baubauwall.com\/et\/keskkonnasobralikud-tapeedid\/\" target=\"_blank\" rel=\"noopener\">keskkonnas\u00f5bralike v\u00e4rvidega<\/a>, hingavale fliistapeedi materjalile, mis ei l\u00e4igi ja on lihtne paigaldada. Sinu uus pilttapeet tuleb valmis l\u00f5igatud ning nummerdatud paanides, mis on t\u00e4pselt nii k\u00f5rged, kui Sinu sein.<\/strong><\/p>\n<p>&nbsp;<\/p>\n<p>&nbsp;<\/p>\n","protected":false},"excerpt":{"rendered":"<p>Luksuslik pilttapeet kirkal rohelisel taustal taustal avab ukse salaaeda t\u00e4is ilu, graatsilisi papagoisid ja l\u00f5hnavaid hortensiaid. Chinoiserie stiilis pilttapeet &#8220;Papagoide aed&#8221; on ood ajatule ilule ja elegantsile. Selles stiilis tapeetide ilu on chinoiserie disainidest teinud sisekujunduse elegantse lemmiku l\u00e4bi aastak\u00fcmnete. Efektsed hortensiad ning graatsilised papagoid rohelisel taustal moodustavad\u00a0 tapeedidisaini, mille efektne ilu teeb tapeedist maitseka [&hellip;]<\/p>\n","protected":false},"featured_media":43721,"comment_status":"open","ping_status":"closed","template":"","meta":{"_acf_changed":false,"inline_featured_image":false},"product_brand":[],"product_cat":[780,710,387,622,395,406,394,393,388,268,270,271,413,414,415,402,699,254,257,260],"product_tag":[303,448,708,345],"class_list":{"0":"post-34382","1":"product","2":"type-product","3":"status-publish","4":"has-post-thumbnail","6":"product_cat-pilttapeedid-lugudega","7":"product_cat-house-of-castlebird-rose-tapeedid","8":"product_cat-pilttapeedid","9":"product_cat-julged-tapeedid","10":"product_cat-romantiline","11":"product_cat-klassika","12":"product_cat-rikkalik","13":"product_cat-idamaine","14":"product_cat-vintage-et","15":"product_cat-kirkad-tapeedid","16":"product_cat-tumedad-tapeedid","17":"product_cat-rohelised-tapeedid","18":"product_cat-magamistoa-tapeedid","19":"product_cat-soogitoa-tapeedid","20":"product_cat-kulalistetoa-tapeedid","21":"product_cat-elutoa-tapeedid","22":"product_cat-eesti-disain-tapeedid","23":"product_cat-loodus","24":"product_cat-linnud","25":"product_cat-lilled","26":"product_tag-chinoiserie-idamaine","27":"product_tag-kunst-et","28":"product_tag-castlebird-rose-et","29":"product_tag-pilttapeet","30":"pa_designedby-castlebird-rose-murals-wallpapers","32":"first","33":"instock","34":"taxable","35":"shipping-taxable","36":"purchasable","37":"product-type-simple"},"acf":[],"yoast_head":"<!-- This site is optimized with the Yoast SEO plugin v25.9 - https:\/\/yoast.com\/wordpress\/plugins\/seo\/ -->\n<title>Efektne roheline tapeet papagoidega. Castlebird Rose tapeedid<\/title>\n<meta name=\"description\" content=\"Castlebird Rose disainid n\u00fc\u00fcd tapeetidel. 19. saj maalide detailid luksuslikul rohelisel chinoiserie pilttapeedi disainil papagoide ja hortensiatega.\" \/>\n<meta name=\"robots\" content=\"index, follow, max-snippet:-1, max-image-preview:large, max-video-preview:-1\" \/>\n<link rel=\"canonical\" href=\"https:\/\/baubauwall.com\/et\/toode\/pilttapeet-papagoide-aed-kirgas-roheline\/\" \/>\n<meta property=\"og:locale\" content=\"et_EE\" \/>\n<meta property=\"og:type\" content=\"article\" \/>\n<meta property=\"og:title\" content=\"Chartreuse roheline pilttapeet Castlebird Rose tapeedikollektsioon\" \/>\n<meta property=\"og:description\" content=\"Castlebird Rose disainid n\u00fc\u00fcd tapeetidel. 19. saj maalide detailid luksuslikul rohelisel chinoiserie pilttapeedi disainil papagoide ja hortensiatega.\" \/>\n<meta property=\"og:url\" content=\"https:\/\/baubauwall.com\/et\/toode\/pilttapeet-papagoide-aed-kirgas-roheline\/\" \/>\n<meta property=\"og:site_name\" content=\"BAUBAUWALL TAPEEDID\" \/>\n<meta property=\"article:publisher\" content=\"https:\/\/www.facebook.com\/Baubauwall\" \/>\n<meta property=\"article:modified_time\" content=\"2024-12-12T15:12:24+00:00\" \/>\n<meta property=\"og:image\" content=\"https:\/\/baubauwall.com\/wp-content\/uploads\/2024\/02\/51200364_GardenOfParrots-Green_Baubauwall_Wall_Mural_room3.jpg\" \/>\n\t<meta property=\"og:image:width\" content=\"1600\" \/>\n\t<meta property=\"og:image:height\" content=\"1600\" \/>\n\t<meta property=\"og:image:type\" content=\"image\/jpeg\" \/>\n<meta name=\"twitter:card\" content=\"summary_large_image\" \/>\n<meta name=\"twitter:label1\" content=\"Est. reading time\" \/>\n\t<meta name=\"twitter:data1\" content=\"1 minut\" \/>\n<script type=\"application\/ld+json\" class=\"yoast-schema-graph\">{\"@context\":\"https:\/\/schema.org\",\"@graph\":[{\"@type\":\"WebPage\",\"@id\":\"https:\/\/baubauwall.com\/et\/toode\/pilttapeet-papagoide-aed-kirgas-roheline\/\",\"url\":\"https:\/\/baubauwall.com\/et\/toode\/pilttapeet-papagoide-aed-kirgas-roheline\/\",\"name\":\"Efektne roheline tapeet papagoidega. Castlebird Rose tapeedid\",\"isPartOf\":{\"@id\":\"https:\/\/baubauwall.com\/et\/#website\"},\"primaryImageOfPage\":{\"@id\":\"https:\/\/baubauwall.com\/et\/toode\/pilttapeet-papagoide-aed-kirgas-roheline\/#primaryimage\"},\"image\":{\"@id\":\"https:\/\/baubauwall.com\/et\/toode\/pilttapeet-papagoide-aed-kirgas-roheline\/#primaryimage\"},\"thumbnailUrl\":\"https:\/\/baubauwall.com\/wp-content\/uploads\/2024\/02\/51200364_GardenOfParrots-Green_Baubauwall_Wall_Mural_room7.jpg\",\"datePublished\":\"2024-02-14T11:15:54+00:00\",\"dateModified\":\"2024-12-12T15:12:24+00:00\",\"description\":\"Castlebird Rose disainid n\u00fc\u00fcd tapeetidel. 19. saj maalide detailid luksuslikul rohelisel chinoiserie pilttapeedi disainil papagoide ja hortensiatega.\",\"breadcrumb\":{\"@id\":\"https:\/\/baubauwall.com\/et\/toode\/pilttapeet-papagoide-aed-kirgas-roheline\/#breadcrumb\"},\"inLanguage\":\"et\",\"potentialAction\":[{\"@type\":\"ReadAction\",\"target\":[\"https:\/\/baubauwall.com\/et\/toode\/pilttapeet-papagoide-aed-kirgas-roheline\/\"]}]},{\"@type\":\"ImageObject\",\"inLanguage\":\"et\",\"@id\":\"https:\/\/baubauwall.com\/et\/toode\/pilttapeet-papagoide-aed-kirgas-roheline\/#primaryimage\",\"url\":\"https:\/\/baubauwall.com\/wp-content\/uploads\/2024\/02\/51200364_GardenOfParrots-Green_Baubauwall_Wall_Mural_room7.jpg\",\"contentUrl\":\"https:\/\/baubauwall.com\/wp-content\/uploads\/2024\/02\/51200364_GardenOfParrots-Green_Baubauwall_Wall_Mural_room7.jpg\",\"width\":1600,\"height\":1600,\"caption\":\"Bright green mural wallpaper of chinoiserie style, set on a contemporary living room accent wall. Baubauwall wallpapers & Maison Castlebird\"},{\"@type\":\"BreadcrumbList\",\"@id\":\"https:\/\/baubauwall.com\/et\/toode\/pilttapeet-papagoide-aed-kirgas-roheline\/#breadcrumb\",\"itemListElement\":[{\"@type\":\"ListItem\",\"position\":1,\"name\":\"Koju\",\"item\":\"https:\/\/baubauwall.com\/et\/\"},{\"@type\":\"ListItem\",\"position\":2,\"name\":\"Tapeedid\",\"item\":\"https:\/\/baubauwall.com\/et\/tapeedid\/\"},{\"@type\":\"ListItem\",\"position\":3,\"name\":\"Papagoide aed &#8211; kirgas roheline\"}]},{\"@type\":\"WebSite\",\"@id\":\"https:\/\/baubauwall.com\/et\/#website\",\"url\":\"https:\/\/baubauwall.com\/et\/\",\"name\":\"BAUBAUWALL Wallpapers\",\"description\":\"Valmis paanides tapeet Eestist!\",\"publisher\":{\"@id\":\"https:\/\/baubauwall.com\/et\/#organization\"},\"potentialAction\":[{\"@type\":\"SearchAction\",\"target\":{\"@type\":\"EntryPoint\",\"urlTemplate\":\"https:\/\/baubauwall.com\/et\/?s={search_term_string}\"},\"query-input\":{\"@type\":\"PropertyValueSpecification\",\"valueRequired\":true,\"valueName\":\"search_term_string\"}}],\"inLanguage\":\"et\"},{\"@type\":\"Organization\",\"@id\":\"https:\/\/baubauwall.com\/et\/#organization\",\"name\":\"BAUBAUWALL Wallpapers\",\"url\":\"https:\/\/baubauwall.com\/et\/\",\"logo\":{\"@type\":\"ImageObject\",\"inLanguage\":\"et\",\"@id\":\"https:\/\/baubauwall.com\/et\/#\/schema\/logo\/image\/\",\"url\":\"https:\/\/baubauwall.com\/wp-content\/uploads\/2022\/03\/logo-horizontal.svg\",\"contentUrl\":\"https:\/\/baubauwall.com\/wp-content\/uploads\/2022\/03\/logo-horizontal.svg\",\"width\":\"1024\",\"height\":\"1024\",\"caption\":\"BAUBAUWALL Wallpapers\"},\"image\":{\"@id\":\"https:\/\/baubauwall.com\/et\/#\/schema\/logo\/image\/\"},\"sameAs\":[\"https:\/\/www.facebook.com\/Baubauwall\",\"https:\/\/www.instagram.com\/baubauwall\"]}]}<\/script>\n<!-- \/ Yoast SEO plugin. -->","yoast_head_json":{"title":"Efektne roheline tapeet papagoidega. Castlebird Rose tapeedid","description":"Castlebird Rose disainid n\u00fc\u00fcd tapeetidel. 19. saj maalide detailid luksuslikul rohelisel chinoiserie pilttapeedi disainil papagoide ja hortensiatega.","robots":{"index":"index","follow":"follow","max-snippet":"max-snippet:-1","max-image-preview":"max-image-preview:large","max-video-preview":"max-video-preview:-1"},"canonical":"https:\/\/baubauwall.com\/et\/toode\/pilttapeet-papagoide-aed-kirgas-roheline\/","og_locale":"et_EE","og_type":"article","og_title":"Chartreuse roheline pilttapeet Castlebird Rose tapeedikollektsioon","og_description":"Castlebird Rose disainid n\u00fc\u00fcd tapeetidel. 19. saj maalide detailid luksuslikul rohelisel chinoiserie pilttapeedi disainil papagoide ja hortensiatega.","og_url":"https:\/\/baubauwall.com\/et\/toode\/pilttapeet-papagoide-aed-kirgas-roheline\/","og_site_name":"BAUBAUWALL TAPEEDID","article_publisher":"https:\/\/www.facebook.com\/Baubauwall","article_modified_time":"2024-12-12T15:12:24+00:00","og_image":[{"width":1600,"height":1600,"url":"https:\/\/baubauwall.com\/wp-content\/uploads\/2024\/02\/51200364_GardenOfParrots-Green_Baubauwall_Wall_Mural_room3.jpg","type":"image\/jpeg"}],"twitter_card":"summary_large_image","twitter_misc":{"Est. reading time":"1 minut"},"schema":{"@context":"https:\/\/schema.org","@graph":[{"@type":"WebPage","@id":"https:\/\/baubauwall.com\/et\/toode\/pilttapeet-papagoide-aed-kirgas-roheline\/","url":"https:\/\/baubauwall.com\/et\/toode\/pilttapeet-papagoide-aed-kirgas-roheline\/","name":"Efektne roheline tapeet papagoidega. Castlebird Rose tapeedid","isPartOf":{"@id":"https:\/\/baubauwall.com\/et\/#website"},"primaryImageOfPage":{"@id":"https:\/\/baubauwall.com\/et\/toode\/pilttapeet-papagoide-aed-kirgas-roheline\/#primaryimage"},"image":{"@id":"https:\/\/baubauwall.com\/et\/toode\/pilttapeet-papagoide-aed-kirgas-roheline\/#primaryimage"},"thumbnailUrl":"https:\/\/baubauwall.com\/wp-content\/uploads\/2024\/02\/51200364_GardenOfParrots-Green_Baubauwall_Wall_Mural_room7.jpg","datePublished":"2024-02-14T11:15:54+00:00","dateModified":"2024-12-12T15:12:24+00:00","description":"Castlebird Rose disainid n\u00fc\u00fcd tapeetidel. 19. saj maalide detailid luksuslikul rohelisel chinoiserie pilttapeedi disainil papagoide ja hortensiatega.","breadcrumb":{"@id":"https:\/\/baubauwall.com\/et\/toode\/pilttapeet-papagoide-aed-kirgas-roheline\/#breadcrumb"},"inLanguage":"et","potentialAction":[{"@type":"ReadAction","target":["https:\/\/baubauwall.com\/et\/toode\/pilttapeet-papagoide-aed-kirgas-roheline\/"]}]},{"@type":"ImageObject","inLanguage":"et","@id":"https:\/\/baubauwall.com\/et\/toode\/pilttapeet-papagoide-aed-kirgas-roheline\/#primaryimage","url":"https:\/\/baubauwall.com\/wp-content\/uploads\/2024\/02\/51200364_GardenOfParrots-Green_Baubauwall_Wall_Mural_room7.jpg","contentUrl":"https:\/\/baubauwall.com\/wp-content\/uploads\/2024\/02\/51200364_GardenOfParrots-Green_Baubauwall_Wall_Mural_room7.jpg","width":1600,"height":1600,"caption":"Bright green mural wallpaper of chinoiserie style, set on a contemporary living room accent wall. Baubauwall wallpapers & Maison Castlebird"},{"@type":"BreadcrumbList","@id":"https:\/\/baubauwall.com\/et\/toode\/pilttapeet-papagoide-aed-kirgas-roheline\/#breadcrumb","itemListElement":[{"@type":"ListItem","position":1,"name":"Koju","item":"https:\/\/baubauwall.com\/et\/"},{"@type":"ListItem","position":2,"name":"Tapeedid","item":"https:\/\/baubauwall.com\/et\/tapeedid\/"},{"@type":"ListItem","position":3,"name":"Papagoide aed &#8211; kirgas roheline"}]},{"@type":"WebSite","@id":"https:\/\/baubauwall.com\/et\/#website","url":"https:\/\/baubauwall.com\/et\/","name":"BAUBAUWALL Wallpapers","description":"Valmis paanides tapeet Eestist!","publisher":{"@id":"https:\/\/baubauwall.com\/et\/#organization"},"potentialAction":[{"@type":"SearchAction","target":{"@type":"EntryPoint","urlTemplate":"https:\/\/baubauwall.com\/et\/?s={search_term_string}"},"query-input":{"@type":"PropertyValueSpecification","valueRequired":true,"valueName":"search_term_string"}}],"inLanguage":"et"},{"@type":"Organization","@id":"https:\/\/baubauwall.com\/et\/#organization","name":"BAUBAUWALL Wallpapers","url":"https:\/\/baubauwall.com\/et\/","logo":{"@type":"ImageObject","inLanguage":"et","@id":"https:\/\/baubauwall.com\/et\/#\/schema\/logo\/image\/","url":"https:\/\/baubauwall.com\/wp-content\/uploads\/2022\/03\/logo-horizontal.svg","contentUrl":"https:\/\/baubauwall.com\/wp-content\/uploads\/2022\/03\/logo-horizontal.svg","width":"1024","height":"1024","caption":"BAUBAUWALL Wallpapers"},"image":{"@id":"https:\/\/baubauwall.com\/et\/#\/schema\/logo\/image\/"},"sameAs":["https:\/\/www.facebook.com\/Baubauwall","https:\/\/www.instagram.com\/baubauwall"]}]}},"jetpack_sharing_enabled":true,"_links":{"self":[{"href":"https:\/\/baubauwall.com\/et\/wp-json\/wp\/v2\/product\/34382","targetHints":{"allow":["GET"]}}],"collection":[{"href":"https:\/\/baubauwall.com\/et\/wp-json\/wp\/v2\/product"}],"about":[{"href":"https:\/\/baubauwall.com\/et\/wp-json\/wp\/v2\/types\/product"}],"replies":[{"embeddable":true,"href":"https:\/\/baubauwall.com\/et\/wp-json\/wp\/v2\/comments?post=34382"}],"wp:featuredmedia":[{"embeddable":true,"href":"https:\/\/baubauwall.com\/et\/wp-json\/wp\/v2\/media\/43721"}],"wp:attachment":[{"href":"https:\/\/baubauwall.com\/et\/wp-json\/wp\/v2\/media?parent=34382"}],"wp:term":[{"taxonomy":"product_brand","embeddable":true,"href":"https:\/\/baubauwall.com\/et\/wp-json\/wp\/v2\/product_brand?post=34382"},{"taxonomy":"product_cat","embeddable":true,"href":"https:\/\/baubauwall.com\/et\/wp-json\/wp\/v2\/product_cat?post=34382"},{"taxonomy":"product_tag","embeddable":true,"href":"https:\/\/baubauwall.com\/et\/wp-json\/wp\/v2\/product_tag?post=34382"}],"curies":[{"name":"wp","href":"https:\/\/api.w.org\/{rel}","templated":true}]}}