{"id":34638,"date":"2024-02-20T12:52:15","date_gmt":"2024-02-20T10:52:15","guid":{"rendered":"https:\/\/baubauwall.com\/?post_type=product&#038;p=34638"},"modified":"2024-12-09T10:39:14","modified_gmt":"2024-12-09T08:39:14","slug":"tapeet-roosiaed-beez","status":"publish","type":"product","link":"https:\/\/baubauwall.com\/et\/toode\/tapeet-roosiaed-beez\/","title":{"rendered":"Roosiaed &#8211; bee\u017e"},"content":{"rendered":"<p>Lopsakas ja k\u00fclluslik bee\u017e tapeet roosidega, mis teeb kummarduse Ilu kuldajastule ehk <em>Belle epoque<\/em> perioodile Euroopas 19. sajandil. Tapeedidisaini roosid ja meelespead moodustavad tantsisklevaid r\u00fctme ning t\u00e4idavad interj\u00f6\u00f6ri aromaatse l\u00f5hnaga!<\/p>\n<p><a href=\"https:\/\/www.maisoncastlebird.com\/\" target=\"_blank\" rel=\"noopener\">Maison Castlebird <\/a>\u00a0ainulaadsed mustrid on inspireeritud 19. sajandi Prantsuse kunstnike originaalloomingust, mis k\u00f5ik \u00a0kuuluvad br\u00e4ndi looja Aira Priksi erakogusse. Br\u00e4nd taaselustab m\u00f6\u00f6dunud sajandite kunstnike maale uuel v\u00e4ljundil \u2013 luksuslikul siidil. N\u00fc\u00fcd on needsamad maalide fragmendid j\u00f5udnud lisaks siidile ka tapeetidele kaunistamaks Sinu interj\u00f6\u00f6ri. Olgu Sinu sisustustiiliks luksuslik klassika v\u00f5i eklektika \u2013 need on tapeedid, mis ei l\u00e4he iialgi moest.<\/p>\n<p><strong>Nagu k\u00f5ik Baubauwalli kordusmustriga tapeedid ja pilttapeedid, on ka see imeilus disain tr\u00fckitud\u00a0<a href=\"https:\/\/baubauwall.com\/et\/keskkonnasobralikud-tapeedid\/\" target=\"_blank\" rel=\"noopener\">keskkonnas\u00f5bralike v\u00e4rvidega<\/a>, hingavale fliistapeedi materjalile, mis ei l\u00e4igi ja on lihtne paigaldada. Sinu uus tapeet tuleb valmis l\u00f5igatud ning nummerdatud paanides, mis on t\u00e4pselt nii k\u00f5rged, kui Sinu sein.<\/strong><\/p>\n","protected":false},"excerpt":{"rendered":"<p>Lopsakas ja k\u00fclluslik bee\u017e tapeet roosidega, mis teeb kummarduse Ilu kuldajastule ehk Belle epoque perioodile Euroopas 19. sajandil. Tapeedidisaini roosid ja meelespead moodustavad tantsisklevaid r\u00fctme ning t\u00e4idavad interj\u00f6\u00f6ri aromaatse l\u00f5hnaga! Maison Castlebird \u00a0ainulaadsed mustrid on inspireeritud 19. sajandi Prantsuse kunstnike originaalloomingust, mis k\u00f5ik \u00a0kuuluvad br\u00e4ndi looja Aira Priksi erakogusse. Br\u00e4nd taaselustab m\u00f6\u00f6dunud sajandite kunstnike maale [&hellip;]<\/p>\n","protected":false},"featured_media":35274,"comment_status":"open","ping_status":"closed","template":"","meta":{"_acf_changed":false,"inline_featured_image":false},"product_brand":[],"product_cat":[710,386,395,406,388,265,273,413,414,415,399,402,412,699,254,260],"product_tag":[708],"class_list":{"0":"post-34638","1":"product","2":"type-product","3":"status-publish","4":"has-post-thumbnail","6":"product_cat-house-of-castlebird-rose-tapeedid","7":"product_cat-kordusmustriga-tapeedid","8":"product_cat-romantiline","9":"product_cat-klassika","10":"product_cat-vintage-et","11":"product_cat-beezid-tapeedid","12":"product_cat-heledad-tapeedid","13":"product_cat-magamistoa-tapeedid","14":"product_cat-soogitoa-tapeedid","15":"product_cat-kulalistetoa-tapeedid","16":"product_cat-kodukontori-tapeedid","17":"product_cat-elutoa-tapeedid","18":"product_cat-vannitoa-tapeedid","19":"product_cat-eesti-disain-tapeedid","20":"product_cat-loodus","21":"product_cat-lilled","22":"product_tag-castlebird-rose-et","23":"pa_designedby-castlebird-rose-murals-wallpapers","25":"first","26":"instock","27":"taxable","28":"shipping-taxable","29":"purchasable","30":"product-type-simple"},"acf":[],"yoast_head":"<!-- This site is optimized with the Yoast SEO plugin v25.9 - https:\/\/yoast.com\/wordpress\/plugins\/seo\/ -->\n<title>Disaintapeet House of Castlebird Rose tapeedikollektsioonis. Bee\u017e<\/title>\n<meta name=\"description\" content=\"Roosiline, bee\u017e tapeet, mis justkui l\u00f5hnab t\u00e4pselt nagu rooside aed suvel. Unikaalne, k\u00fclluslik tapeet roosidega, mis sobib nii \u00fchele seinale kui mitmele.\" \/>\n<meta name=\"robots\" content=\"index, follow, max-snippet:-1, max-image-preview:large, max-video-preview:-1\" \/>\n<link rel=\"canonical\" href=\"https:\/\/baubauwall.com\/et\/toode\/tapeet-roosiaed-beez\/\" \/>\n<meta property=\"og:locale\" content=\"et_EE\" \/>\n<meta property=\"og:type\" content=\"article\" \/>\n<meta property=\"og:title\" content=\"Disaintapeet House of Castlebird Rose tapeedikollektsioonis. Bee\u017e\" \/>\n<meta property=\"og:description\" content=\"Roosiline, bee\u017e tapeet, mis justkui l\u00f5hnab t\u00e4pselt nagu rooside aed suvel. Unikaalne, k\u00fclluslik tapeet roosidega, mis sobib nii \u00fchele seinale kui mitmele.\" \/>\n<meta property=\"og:url\" content=\"https:\/\/baubauwall.com\/et\/toode\/tapeet-roosiaed-beez\/\" \/>\n<meta property=\"og:site_name\" content=\"BAUBAUWALL TAPEEDID\" \/>\n<meta property=\"article:publisher\" content=\"https:\/\/www.facebook.com\/Baubauwall\" \/>\n<meta property=\"article:modified_time\" content=\"2024-12-09T08:39:14+00:00\" \/>\n<meta property=\"og:image\" content=\"https:\/\/baubauwall.com\/wp-content\/uploads\/2024\/02\/51100411_JardindeRoses-beige-creme_wallpaper_Baubauwall_room-6.jpg\" \/>\n\t<meta property=\"og:image:width\" content=\"1162\" \/>\n\t<meta property=\"og:image:height\" content=\"1600\" \/>\n\t<meta property=\"og:image:type\" content=\"image\/jpeg\" \/>\n<meta name=\"twitter:card\" content=\"summary_large_image\" \/>\n<meta name=\"twitter:label1\" content=\"Est. reading time\" \/>\n\t<meta name=\"twitter:data1\" content=\"1 minut\" \/>\n<script type=\"application\/ld+json\" class=\"yoast-schema-graph\">{\"@context\":\"https:\/\/schema.org\",\"@graph\":[{\"@type\":\"WebPage\",\"@id\":\"https:\/\/baubauwall.com\/et\/toode\/tapeet-roosiaed-beez\/\",\"url\":\"https:\/\/baubauwall.com\/et\/toode\/tapeet-roosiaed-beez\/\",\"name\":\"Disaintapeet House of Castlebird Rose tapeedikollektsioonis. Bee\u017e\",\"isPartOf\":{\"@id\":\"https:\/\/baubauwall.com\/et\/#website\"},\"primaryImageOfPage\":{\"@id\":\"https:\/\/baubauwall.com\/et\/toode\/tapeet-roosiaed-beez\/#primaryimage\"},\"image\":{\"@id\":\"https:\/\/baubauwall.com\/et\/toode\/tapeet-roosiaed-beez\/#primaryimage\"},\"thumbnailUrl\":\"https:\/\/baubauwall.com\/wp-content\/uploads\/2024\/02\/51100411_JardindeRoses-beige-creme_wallpaper_Baubauwall_room-6.jpg\",\"datePublished\":\"2024-02-20T10:52:15+00:00\",\"dateModified\":\"2024-12-09T08:39:14+00:00\",\"description\":\"Roosiline, bee\u017e tapeet, mis justkui l\u00f5hnab t\u00e4pselt nagu rooside aed suvel. Unikaalne, k\u00fclluslik tapeet roosidega, mis sobib nii \u00fchele seinale kui mitmele.\",\"breadcrumb\":{\"@id\":\"https:\/\/baubauwall.com\/et\/toode\/tapeet-roosiaed-beez\/#breadcrumb\"},\"inLanguage\":\"et\",\"potentialAction\":[{\"@type\":\"ReadAction\",\"target\":[\"https:\/\/baubauwall.com\/et\/toode\/tapeet-roosiaed-beez\/\"]}]},{\"@type\":\"ImageObject\",\"inLanguage\":\"et\",\"@id\":\"https:\/\/baubauwall.com\/et\/toode\/tapeet-roosiaed-beez\/#primaryimage\",\"url\":\"https:\/\/baubauwall.com\/wp-content\/uploads\/2024\/02\/51100411_JardindeRoses-beige-creme_wallpaper_Baubauwall_room-6.jpg\",\"contentUrl\":\"https:\/\/baubauwall.com\/wp-content\/uploads\/2024\/02\/51100411_JardindeRoses-beige-creme_wallpaper_Baubauwall_room-6.jpg\",\"width\":1162,\"height\":1600,\"caption\":\"Non-woven wallpaper in beige on bedroom accent wall\"},{\"@type\":\"BreadcrumbList\",\"@id\":\"https:\/\/baubauwall.com\/et\/toode\/tapeet-roosiaed-beez\/#breadcrumb\",\"itemListElement\":[{\"@type\":\"ListItem\",\"position\":1,\"name\":\"Koju\",\"item\":\"https:\/\/baubauwall.com\/et\/\"},{\"@type\":\"ListItem\",\"position\":2,\"name\":\"Tapeedid\",\"item\":\"https:\/\/baubauwall.com\/et\/tapeedid\/\"},{\"@type\":\"ListItem\",\"position\":3,\"name\":\"Roosiaed &#8211; bee\u017e\"}]},{\"@type\":\"WebSite\",\"@id\":\"https:\/\/baubauwall.com\/et\/#website\",\"url\":\"https:\/\/baubauwall.com\/et\/\",\"name\":\"BAUBAUWALL Wallpapers\",\"description\":\"Valmis paanides tapeet Eestist!\",\"publisher\":{\"@id\":\"https:\/\/baubauwall.com\/et\/#organization\"},\"potentialAction\":[{\"@type\":\"SearchAction\",\"target\":{\"@type\":\"EntryPoint\",\"urlTemplate\":\"https:\/\/baubauwall.com\/et\/?s={search_term_string}\"},\"query-input\":{\"@type\":\"PropertyValueSpecification\",\"valueRequired\":true,\"valueName\":\"search_term_string\"}}],\"inLanguage\":\"et\"},{\"@type\":\"Organization\",\"@id\":\"https:\/\/baubauwall.com\/et\/#organization\",\"name\":\"BAUBAUWALL Wallpapers\",\"url\":\"https:\/\/baubauwall.com\/et\/\",\"logo\":{\"@type\":\"ImageObject\",\"inLanguage\":\"et\",\"@id\":\"https:\/\/baubauwall.com\/et\/#\/schema\/logo\/image\/\",\"url\":\"https:\/\/baubauwall.com\/wp-content\/uploads\/2022\/03\/logo-horizontal.svg\",\"contentUrl\":\"https:\/\/baubauwall.com\/wp-content\/uploads\/2022\/03\/logo-horizontal.svg\",\"width\":\"1024\",\"height\":\"1024\",\"caption\":\"BAUBAUWALL Wallpapers\"},\"image\":{\"@id\":\"https:\/\/baubauwall.com\/et\/#\/schema\/logo\/image\/\"},\"sameAs\":[\"https:\/\/www.facebook.com\/Baubauwall\",\"https:\/\/www.instagram.com\/baubauwall\"]}]}<\/script>\n<!-- \/ Yoast SEO plugin. -->","yoast_head_json":{"title":"Disaintapeet House of Castlebird Rose tapeedikollektsioonis. Bee\u017e","description":"Roosiline, bee\u017e tapeet, mis justkui l\u00f5hnab t\u00e4pselt nagu rooside aed suvel. Unikaalne, k\u00fclluslik tapeet roosidega, mis sobib nii \u00fchele seinale kui mitmele.","robots":{"index":"index","follow":"follow","max-snippet":"max-snippet:-1","max-image-preview":"max-image-preview:large","max-video-preview":"max-video-preview:-1"},"canonical":"https:\/\/baubauwall.com\/et\/toode\/tapeet-roosiaed-beez\/","og_locale":"et_EE","og_type":"article","og_title":"Disaintapeet House of Castlebird Rose tapeedikollektsioonis. Bee\u017e","og_description":"Roosiline, bee\u017e tapeet, mis justkui l\u00f5hnab t\u00e4pselt nagu rooside aed suvel. Unikaalne, k\u00fclluslik tapeet roosidega, mis sobib nii \u00fchele seinale kui mitmele.","og_url":"https:\/\/baubauwall.com\/et\/toode\/tapeet-roosiaed-beez\/","og_site_name":"BAUBAUWALL TAPEEDID","article_publisher":"https:\/\/www.facebook.com\/Baubauwall","article_modified_time":"2024-12-09T08:39:14+00:00","og_image":[{"width":1162,"height":1600,"url":"https:\/\/baubauwall.com\/wp-content\/uploads\/2024\/02\/51100411_JardindeRoses-beige-creme_wallpaper_Baubauwall_room-6.jpg","type":"image\/jpeg"}],"twitter_card":"summary_large_image","twitter_misc":{"Est. reading time":"1 minut"},"schema":{"@context":"https:\/\/schema.org","@graph":[{"@type":"WebPage","@id":"https:\/\/baubauwall.com\/et\/toode\/tapeet-roosiaed-beez\/","url":"https:\/\/baubauwall.com\/et\/toode\/tapeet-roosiaed-beez\/","name":"Disaintapeet House of Castlebird Rose tapeedikollektsioonis. Bee\u017e","isPartOf":{"@id":"https:\/\/baubauwall.com\/et\/#website"},"primaryImageOfPage":{"@id":"https:\/\/baubauwall.com\/et\/toode\/tapeet-roosiaed-beez\/#primaryimage"},"image":{"@id":"https:\/\/baubauwall.com\/et\/toode\/tapeet-roosiaed-beez\/#primaryimage"},"thumbnailUrl":"https:\/\/baubauwall.com\/wp-content\/uploads\/2024\/02\/51100411_JardindeRoses-beige-creme_wallpaper_Baubauwall_room-6.jpg","datePublished":"2024-02-20T10:52:15+00:00","dateModified":"2024-12-09T08:39:14+00:00","description":"Roosiline, bee\u017e tapeet, mis justkui l\u00f5hnab t\u00e4pselt nagu rooside aed suvel. Unikaalne, k\u00fclluslik tapeet roosidega, mis sobib nii \u00fchele seinale kui mitmele.","breadcrumb":{"@id":"https:\/\/baubauwall.com\/et\/toode\/tapeet-roosiaed-beez\/#breadcrumb"},"inLanguage":"et","potentialAction":[{"@type":"ReadAction","target":["https:\/\/baubauwall.com\/et\/toode\/tapeet-roosiaed-beez\/"]}]},{"@type":"ImageObject","inLanguage":"et","@id":"https:\/\/baubauwall.com\/et\/toode\/tapeet-roosiaed-beez\/#primaryimage","url":"https:\/\/baubauwall.com\/wp-content\/uploads\/2024\/02\/51100411_JardindeRoses-beige-creme_wallpaper_Baubauwall_room-6.jpg","contentUrl":"https:\/\/baubauwall.com\/wp-content\/uploads\/2024\/02\/51100411_JardindeRoses-beige-creme_wallpaper_Baubauwall_room-6.jpg","width":1162,"height":1600,"caption":"Non-woven wallpaper in beige on bedroom accent wall"},{"@type":"BreadcrumbList","@id":"https:\/\/baubauwall.com\/et\/toode\/tapeet-roosiaed-beez\/#breadcrumb","itemListElement":[{"@type":"ListItem","position":1,"name":"Koju","item":"https:\/\/baubauwall.com\/et\/"},{"@type":"ListItem","position":2,"name":"Tapeedid","item":"https:\/\/baubauwall.com\/et\/tapeedid\/"},{"@type":"ListItem","position":3,"name":"Roosiaed &#8211; bee\u017e"}]},{"@type":"WebSite","@id":"https:\/\/baubauwall.com\/et\/#website","url":"https:\/\/baubauwall.com\/et\/","name":"BAUBAUWALL Wallpapers","description":"Valmis paanides tapeet Eestist!","publisher":{"@id":"https:\/\/baubauwall.com\/et\/#organization"},"potentialAction":[{"@type":"SearchAction","target":{"@type":"EntryPoint","urlTemplate":"https:\/\/baubauwall.com\/et\/?s={search_term_string}"},"query-input":{"@type":"PropertyValueSpecification","valueRequired":true,"valueName":"search_term_string"}}],"inLanguage":"et"},{"@type":"Organization","@id":"https:\/\/baubauwall.com\/et\/#organization","name":"BAUBAUWALL Wallpapers","url":"https:\/\/baubauwall.com\/et\/","logo":{"@type":"ImageObject","inLanguage":"et","@id":"https:\/\/baubauwall.com\/et\/#\/schema\/logo\/image\/","url":"https:\/\/baubauwall.com\/wp-content\/uploads\/2022\/03\/logo-horizontal.svg","contentUrl":"https:\/\/baubauwall.com\/wp-content\/uploads\/2022\/03\/logo-horizontal.svg","width":"1024","height":"1024","caption":"BAUBAUWALL Wallpapers"},"image":{"@id":"https:\/\/baubauwall.com\/et\/#\/schema\/logo\/image\/"},"sameAs":["https:\/\/www.facebook.com\/Baubauwall","https:\/\/www.instagram.com\/baubauwall"]}]}},"jetpack_sharing_enabled":true,"_links":{"self":[{"href":"https:\/\/baubauwall.com\/et\/wp-json\/wp\/v2\/product\/34638","targetHints":{"allow":["GET"]}}],"collection":[{"href":"https:\/\/baubauwall.com\/et\/wp-json\/wp\/v2\/product"}],"about":[{"href":"https:\/\/baubauwall.com\/et\/wp-json\/wp\/v2\/types\/product"}],"replies":[{"embeddable":true,"href":"https:\/\/baubauwall.com\/et\/wp-json\/wp\/v2\/comments?post=34638"}],"wp:featuredmedia":[{"embeddable":true,"href":"https:\/\/baubauwall.com\/et\/wp-json\/wp\/v2\/media\/35274"}],"wp:attachment":[{"href":"https:\/\/baubauwall.com\/et\/wp-json\/wp\/v2\/media?parent=34638"}],"wp:term":[{"taxonomy":"product_brand","embeddable":true,"href":"https:\/\/baubauwall.com\/et\/wp-json\/wp\/v2\/product_brand?post=34638"},{"taxonomy":"product_cat","embeddable":true,"href":"https:\/\/baubauwall.com\/et\/wp-json\/wp\/v2\/product_cat?post=34638"},{"taxonomy":"product_tag","embeddable":true,"href":"https:\/\/baubauwall.com\/et\/wp-json\/wp\/v2\/product_tag?post=34638"}],"curies":[{"name":"wp","href":"https:\/\/api.w.org\/{rel}","templated":true}]}}