{"id":34703,"date":"2024-02-20T13:59:37","date_gmt":"2024-02-20T11:59:37","guid":{"rendered":"https:\/\/baubauwall.com\/?post_type=product&#038;p=34703"},"modified":"2024-12-10T16:46:05","modified_gmt":"2024-12-10T14:46:05","slug":"tapeet-prantsuse-lillebukett-kollane","status":"publish","type":"product","link":"https:\/\/baubauwall.com\/et\/toode\/tapeet-prantsuse-lillebukett-kollane\/","title":{"rendered":"Prantsuse lillebukett &#8211; kollane"},"content":{"rendered":"<p>Kollastes toonides tapeet toob interj\u00f6\u00f6ri koheselt\u00a0<em>joie de vivre, <\/em>optimismi ja suvepuhkuse tunde. See k\u00e4sitsi maalitud lillebuketi motiividega tapeet sosistab lugusid romantikast. Kollase taustaga tapeet on disainitud aegumatu tapeedistiilis &#8211; prantsuse lillekimbu tulbid ja pojengid t\u00e4idavad seinad oma v\u00f5luga. Lilleline tapeet, mis sobib h\u00e4sti magamistoa seintele, maakodusse v\u00f5i hoopis s\u00f6\u00f6gitoa sisustusesse r\u00e4\u00e4kima lugusid m\u00f6\u00f6dunud aegadest.<\/p>\n<p><a href=\"https:\/\/www.maisoncastlebird.com\/\" target=\"_blank\" rel=\"noopener\">Maison Castlebird<\/a>\u00a0ainulaadsed mustrid on inspireeritud 19. sajandi Prantsuse kunstnike originaalloomingust, mis k\u00f5ik \u00a0kuuluvad br\u00e4ndi looja Aira Priksi erakogusse. Br\u00e4nd taaselustab m\u00f6\u00f6dunud sajandite kunstnike maale uuel v\u00e4ljundil \u2013 luksuslikul siidil. N\u00fc\u00fcd on needsamad maalide fragmendid j\u00f5udnud lisaks siidile ka tapeetidele kaunistamaks Sinu interj\u00f6\u00f6ri. Olgu Sinu sisustustiiliks luksuslik klassika v\u00f5i eklektika \u2013 need on tapeedid, mis ei l\u00e4he iialgi moest.<\/p>\n<p><strong>Nagu k\u00f5ik Baubauwalli kordusmustriga tapeedid ja pilttapeedid, on ka see imeilus disain tr\u00fckitud\u00a0<a href=\"https:\/\/baubauwall.com\/et\/keskkonnasobralikud-tapeedid\/\" target=\"_blank\" rel=\"noopener\">keskkonnas\u00f5bralike v\u00e4rvidega<\/a>, hingavale fliistapeedi materjalile, mis ei l\u00e4igi ja on lihtne paigaldada. Sinu uus tapeet tuleb valmis l\u00f5igatud ning nummerdatud paanides, mis on t\u00e4pselt nii k\u00f5rged, kui Sinu sein.<\/strong><\/p>\n","protected":false},"excerpt":{"rendered":"<p>Kollastes toonides tapeet toob interj\u00f6\u00f6ri koheselt\u00a0joie de vivre, optimismi ja suvepuhkuse tunde. See k\u00e4sitsi maalitud lillebuketi motiividega tapeet sosistab lugusid romantikast. Kollase taustaga tapeet on disainitud aegumatu tapeedistiilis &#8211; prantsuse lillekimbu tulbid ja pojengid t\u00e4idavad seinad oma v\u00f5luga. Lilleline tapeet, mis sobib h\u00e4sti magamistoa seintele, maakodusse v\u00f5i hoopis s\u00f6\u00f6gitoa sisustusesse r\u00e4\u00e4kima lugusid m\u00f6\u00f6dunud aegadest. Maison [&hellip;]<\/p>\n","protected":false},"featured_media":38773,"comment_status":"open","ping_status":"closed","template":"","meta":{"_acf_changed":false,"inline_featured_image":false},"product_brand":[],"product_cat":[710,386,395,406,388,411,413,414,415,399,402,412,699,254,260,561],"product_tag":[708],"class_list":{"0":"post-34703","1":"product","2":"type-product","3":"status-publish","4":"has-post-thumbnail","6":"product_cat-house-of-castlebird-rose-tapeedid","7":"product_cat-kordusmustriga-tapeedid","8":"product_cat-romantiline","9":"product_cat-klassika","10":"product_cat-vintage-et","11":"product_cat-kollased-tapeedid","12":"product_cat-magamistoa-tapeedid","13":"product_cat-soogitoa-tapeedid","14":"product_cat-kulalistetoa-tapeedid","15":"product_cat-kodukontori-tapeedid","16":"product_cat-elutoa-tapeedid","17":"product_cat-vannitoa-tapeedid","18":"product_cat-eesti-disain-tapeedid","19":"product_cat-loodus","20":"product_cat-lilled","21":"product_cat-suvised-tapeedid","22":"product_tag-castlebird-rose-et","23":"pa_designedby-castlebird-rose-murals-wallpapers","25":"first","26":"instock","27":"taxable","28":"shipping-taxable","29":"purchasable","30":"product-type-simple"},"acf":[],"yoast_head":"<!-- This site is optimized with the Yoast SEO plugin v25.9 - https:\/\/yoast.com\/wordpress\/plugins\/seo\/ -->\n<title>Kollane tapeet House of Castlebird Rose tapeedikollektsioonis<\/title>\n<meta name=\"description\" content=\"Lilleline tapeet, mis justkui l\u00f5hnab nagu lillebukett. Unikaalne, asgumatus vintage stiilis tapeet aktsentseinale v\u00f5i mitmele.\" \/>\n<meta name=\"robots\" content=\"index, follow, max-snippet:-1, max-image-preview:large, max-video-preview:-1\" \/>\n<link rel=\"canonical\" href=\"https:\/\/baubauwall.com\/et\/toode\/tapeet-prantsuse-lillebukett-kollane\/\" \/>\n<meta property=\"og:locale\" content=\"et_EE\" \/>\n<meta property=\"og:type\" content=\"article\" \/>\n<meta property=\"og:title\" content=\"Kollane tapeet House of Castlebird Rose tapeedikollektsioonis\" \/>\n<meta property=\"og:description\" content=\"Lilleline tapeet, mis justkui l\u00f5hnab nagu lillebukett. Unikaalne, asgumatus vintage stiilis tapeet aktsentseinale v\u00f5i mitmele.\" \/>\n<meta property=\"og:url\" content=\"https:\/\/baubauwall.com\/et\/toode\/tapeet-prantsuse-lillebukett-kollane\/\" \/>\n<meta property=\"og:site_name\" content=\"BAUBAUWALL TAPEEDID\" \/>\n<meta property=\"article:publisher\" content=\"https:\/\/www.facebook.com\/Baubauwall\" \/>\n<meta property=\"article:modified_time\" content=\"2024-12-10T14:46:05+00:00\" \/>\n<meta property=\"og:image\" content=\"https:\/\/baubauwall.com\/wp-content\/uploads\/2024\/02\/51100415_FrenchBouquet-Canary-Yellow_baubauwall_wallpaper_preview.jpg\" \/>\n\t<meta property=\"og:image:width\" content=\"800\" \/>\n\t<meta property=\"og:image:height\" content=\"800\" \/>\n\t<meta property=\"og:image:type\" content=\"image\/jpeg\" \/>\n<meta name=\"twitter:card\" content=\"summary_large_image\" \/>\n<meta name=\"twitter:label1\" content=\"Est. reading time\" \/>\n\t<meta name=\"twitter:data1\" content=\"1 minut\" \/>\n<script type=\"application\/ld+json\" class=\"yoast-schema-graph\">{\"@context\":\"https:\/\/schema.org\",\"@graph\":[{\"@type\":\"WebPage\",\"@id\":\"https:\/\/baubauwall.com\/et\/toode\/tapeet-prantsuse-lillebukett-kollane\/\",\"url\":\"https:\/\/baubauwall.com\/et\/toode\/tapeet-prantsuse-lillebukett-kollane\/\",\"name\":\"Kollane tapeet House of Castlebird Rose tapeedikollektsioonis\",\"isPartOf\":{\"@id\":\"https:\/\/baubauwall.com\/et\/#website\"},\"primaryImageOfPage\":{\"@id\":\"https:\/\/baubauwall.com\/et\/toode\/tapeet-prantsuse-lillebukett-kollane\/#primaryimage\"},\"image\":{\"@id\":\"https:\/\/baubauwall.com\/et\/toode\/tapeet-prantsuse-lillebukett-kollane\/#primaryimage\"},\"thumbnailUrl\":\"https:\/\/baubauwall.com\/wp-content\/uploads\/2024\/02\/51100415_FrenchBouquet-Canary-Yellow_Baubauwall_Wallpaper_room4.jpg\",\"datePublished\":\"2024-02-20T11:59:37+00:00\",\"dateModified\":\"2024-12-10T14:46:05+00:00\",\"description\":\"Lilleline tapeet, mis justkui l\u00f5hnab nagu lillebukett. Unikaalne, asgumatus vintage stiilis tapeet aktsentseinale v\u00f5i mitmele.\",\"breadcrumb\":{\"@id\":\"https:\/\/baubauwall.com\/et\/toode\/tapeet-prantsuse-lillebukett-kollane\/#breadcrumb\"},\"inLanguage\":\"et\",\"potentialAction\":[{\"@type\":\"ReadAction\",\"target\":[\"https:\/\/baubauwall.com\/et\/toode\/tapeet-prantsuse-lillebukett-kollane\/\"]}]},{\"@type\":\"ImageObject\",\"inLanguage\":\"et\",\"@id\":\"https:\/\/baubauwall.com\/et\/toode\/tapeet-prantsuse-lillebukett-kollane\/#primaryimage\",\"url\":\"https:\/\/baubauwall.com\/wp-content\/uploads\/2024\/02\/51100415_FrenchBouquet-Canary-Yellow_Baubauwall_Wallpaper_room4.jpg\",\"contentUrl\":\"https:\/\/baubauwall.com\/wp-content\/uploads\/2024\/02\/51100415_FrenchBouquet-Canary-Yellow_Baubauwall_Wallpaper_room4.jpg\",\"width\":1065,\"height\":1600,\"caption\":\"Kollane tapeet magamistuppa v\u00f5i elutuppa. Baubauwall tapeedid\"},{\"@type\":\"BreadcrumbList\",\"@id\":\"https:\/\/baubauwall.com\/et\/toode\/tapeet-prantsuse-lillebukett-kollane\/#breadcrumb\",\"itemListElement\":[{\"@type\":\"ListItem\",\"position\":1,\"name\":\"Koju\",\"item\":\"https:\/\/baubauwall.com\/et\/\"},{\"@type\":\"ListItem\",\"position\":2,\"name\":\"Tapeedid\",\"item\":\"https:\/\/baubauwall.com\/et\/tapeedid\/\"},{\"@type\":\"ListItem\",\"position\":3,\"name\":\"Prantsuse lillebukett &#8211; kollane\"}]},{\"@type\":\"WebSite\",\"@id\":\"https:\/\/baubauwall.com\/et\/#website\",\"url\":\"https:\/\/baubauwall.com\/et\/\",\"name\":\"BAUBAUWALL Wallpapers\",\"description\":\"Valmis paanides tapeet Eestist!\",\"publisher\":{\"@id\":\"https:\/\/baubauwall.com\/et\/#organization\"},\"potentialAction\":[{\"@type\":\"SearchAction\",\"target\":{\"@type\":\"EntryPoint\",\"urlTemplate\":\"https:\/\/baubauwall.com\/et\/?s={search_term_string}\"},\"query-input\":{\"@type\":\"PropertyValueSpecification\",\"valueRequired\":true,\"valueName\":\"search_term_string\"}}],\"inLanguage\":\"et\"},{\"@type\":\"Organization\",\"@id\":\"https:\/\/baubauwall.com\/et\/#organization\",\"name\":\"BAUBAUWALL Wallpapers\",\"url\":\"https:\/\/baubauwall.com\/et\/\",\"logo\":{\"@type\":\"ImageObject\",\"inLanguage\":\"et\",\"@id\":\"https:\/\/baubauwall.com\/et\/#\/schema\/logo\/image\/\",\"url\":\"https:\/\/baubauwall.com\/wp-content\/uploads\/2022\/03\/logo-horizontal.svg\",\"contentUrl\":\"https:\/\/baubauwall.com\/wp-content\/uploads\/2022\/03\/logo-horizontal.svg\",\"width\":\"1024\",\"height\":\"1024\",\"caption\":\"BAUBAUWALL Wallpapers\"},\"image\":{\"@id\":\"https:\/\/baubauwall.com\/et\/#\/schema\/logo\/image\/\"},\"sameAs\":[\"https:\/\/www.facebook.com\/Baubauwall\",\"https:\/\/www.instagram.com\/baubauwall\"]}]}<\/script>\n<!-- \/ Yoast SEO plugin. -->","yoast_head_json":{"title":"Kollane tapeet House of Castlebird Rose tapeedikollektsioonis","description":"Lilleline tapeet, mis justkui l\u00f5hnab nagu lillebukett. Unikaalne, asgumatus vintage stiilis tapeet aktsentseinale v\u00f5i mitmele.","robots":{"index":"index","follow":"follow","max-snippet":"max-snippet:-1","max-image-preview":"max-image-preview:large","max-video-preview":"max-video-preview:-1"},"canonical":"https:\/\/baubauwall.com\/et\/toode\/tapeet-prantsuse-lillebukett-kollane\/","og_locale":"et_EE","og_type":"article","og_title":"Kollane tapeet House of Castlebird Rose tapeedikollektsioonis","og_description":"Lilleline tapeet, mis justkui l\u00f5hnab nagu lillebukett. Unikaalne, asgumatus vintage stiilis tapeet aktsentseinale v\u00f5i mitmele.","og_url":"https:\/\/baubauwall.com\/et\/toode\/tapeet-prantsuse-lillebukett-kollane\/","og_site_name":"BAUBAUWALL TAPEEDID","article_publisher":"https:\/\/www.facebook.com\/Baubauwall","article_modified_time":"2024-12-10T14:46:05+00:00","og_image":[{"width":800,"height":800,"url":"https:\/\/baubauwall.com\/wp-content\/uploads\/2024\/02\/51100415_FrenchBouquet-Canary-Yellow_baubauwall_wallpaper_preview.jpg","type":"image\/jpeg"}],"twitter_card":"summary_large_image","twitter_misc":{"Est. reading time":"1 minut"},"schema":{"@context":"https:\/\/schema.org","@graph":[{"@type":"WebPage","@id":"https:\/\/baubauwall.com\/et\/toode\/tapeet-prantsuse-lillebukett-kollane\/","url":"https:\/\/baubauwall.com\/et\/toode\/tapeet-prantsuse-lillebukett-kollane\/","name":"Kollane tapeet House of Castlebird Rose tapeedikollektsioonis","isPartOf":{"@id":"https:\/\/baubauwall.com\/et\/#website"},"primaryImageOfPage":{"@id":"https:\/\/baubauwall.com\/et\/toode\/tapeet-prantsuse-lillebukett-kollane\/#primaryimage"},"image":{"@id":"https:\/\/baubauwall.com\/et\/toode\/tapeet-prantsuse-lillebukett-kollane\/#primaryimage"},"thumbnailUrl":"https:\/\/baubauwall.com\/wp-content\/uploads\/2024\/02\/51100415_FrenchBouquet-Canary-Yellow_Baubauwall_Wallpaper_room4.jpg","datePublished":"2024-02-20T11:59:37+00:00","dateModified":"2024-12-10T14:46:05+00:00","description":"Lilleline tapeet, mis justkui l\u00f5hnab nagu lillebukett. Unikaalne, asgumatus vintage stiilis tapeet aktsentseinale v\u00f5i mitmele.","breadcrumb":{"@id":"https:\/\/baubauwall.com\/et\/toode\/tapeet-prantsuse-lillebukett-kollane\/#breadcrumb"},"inLanguage":"et","potentialAction":[{"@type":"ReadAction","target":["https:\/\/baubauwall.com\/et\/toode\/tapeet-prantsuse-lillebukett-kollane\/"]}]},{"@type":"ImageObject","inLanguage":"et","@id":"https:\/\/baubauwall.com\/et\/toode\/tapeet-prantsuse-lillebukett-kollane\/#primaryimage","url":"https:\/\/baubauwall.com\/wp-content\/uploads\/2024\/02\/51100415_FrenchBouquet-Canary-Yellow_Baubauwall_Wallpaper_room4.jpg","contentUrl":"https:\/\/baubauwall.com\/wp-content\/uploads\/2024\/02\/51100415_FrenchBouquet-Canary-Yellow_Baubauwall_Wallpaper_room4.jpg","width":1065,"height":1600,"caption":"Kollane tapeet magamistuppa v\u00f5i elutuppa. Baubauwall tapeedid"},{"@type":"BreadcrumbList","@id":"https:\/\/baubauwall.com\/et\/toode\/tapeet-prantsuse-lillebukett-kollane\/#breadcrumb","itemListElement":[{"@type":"ListItem","position":1,"name":"Koju","item":"https:\/\/baubauwall.com\/et\/"},{"@type":"ListItem","position":2,"name":"Tapeedid","item":"https:\/\/baubauwall.com\/et\/tapeedid\/"},{"@type":"ListItem","position":3,"name":"Prantsuse lillebukett &#8211; kollane"}]},{"@type":"WebSite","@id":"https:\/\/baubauwall.com\/et\/#website","url":"https:\/\/baubauwall.com\/et\/","name":"BAUBAUWALL Wallpapers","description":"Valmis paanides tapeet Eestist!","publisher":{"@id":"https:\/\/baubauwall.com\/et\/#organization"},"potentialAction":[{"@type":"SearchAction","target":{"@type":"EntryPoint","urlTemplate":"https:\/\/baubauwall.com\/et\/?s={search_term_string}"},"query-input":{"@type":"PropertyValueSpecification","valueRequired":true,"valueName":"search_term_string"}}],"inLanguage":"et"},{"@type":"Organization","@id":"https:\/\/baubauwall.com\/et\/#organization","name":"BAUBAUWALL Wallpapers","url":"https:\/\/baubauwall.com\/et\/","logo":{"@type":"ImageObject","inLanguage":"et","@id":"https:\/\/baubauwall.com\/et\/#\/schema\/logo\/image\/","url":"https:\/\/baubauwall.com\/wp-content\/uploads\/2022\/03\/logo-horizontal.svg","contentUrl":"https:\/\/baubauwall.com\/wp-content\/uploads\/2022\/03\/logo-horizontal.svg","width":"1024","height":"1024","caption":"BAUBAUWALL Wallpapers"},"image":{"@id":"https:\/\/baubauwall.com\/et\/#\/schema\/logo\/image\/"},"sameAs":["https:\/\/www.facebook.com\/Baubauwall","https:\/\/www.instagram.com\/baubauwall"]}]}},"jetpack_sharing_enabled":true,"_links":{"self":[{"href":"https:\/\/baubauwall.com\/et\/wp-json\/wp\/v2\/product\/34703","targetHints":{"allow":["GET"]}}],"collection":[{"href":"https:\/\/baubauwall.com\/et\/wp-json\/wp\/v2\/product"}],"about":[{"href":"https:\/\/baubauwall.com\/et\/wp-json\/wp\/v2\/types\/product"}],"replies":[{"embeddable":true,"href":"https:\/\/baubauwall.com\/et\/wp-json\/wp\/v2\/comments?post=34703"}],"wp:featuredmedia":[{"embeddable":true,"href":"https:\/\/baubauwall.com\/et\/wp-json\/wp\/v2\/media\/38773"}],"wp:attachment":[{"href":"https:\/\/baubauwall.com\/et\/wp-json\/wp\/v2\/media?parent=34703"}],"wp:term":[{"taxonomy":"product_brand","embeddable":true,"href":"https:\/\/baubauwall.com\/et\/wp-json\/wp\/v2\/product_brand?post=34703"},{"taxonomy":"product_cat","embeddable":true,"href":"https:\/\/baubauwall.com\/et\/wp-json\/wp\/v2\/product_cat?post=34703"},{"taxonomy":"product_tag","embeddable":true,"href":"https:\/\/baubauwall.com\/et\/wp-json\/wp\/v2\/product_tag?post=34703"}],"curies":[{"name":"wp","href":"https:\/\/api.w.org\/{rel}","templated":true}]}}