{"id":34714,"date":"2024-02-20T14:11:00","date_gmt":"2024-02-20T12:11:00","guid":{"rendered":"https:\/\/baubauwall.com\/?post_type=product&#038;p=34714"},"modified":"2024-12-12T17:06:00","modified_gmt":"2024-12-12T15:06:00","slug":"tapeet-papagoide-kokett-beez","status":"publish","type":"product","link":"https:\/\/baubauwall.com\/et\/toode\/tapeet-papagoide-kokett-beez\/","title":{"rendered":"Papagoide kokett &#8211; bee\u017e"},"content":{"rendered":"<p data-sourcepos=\"3:1-3:90\">Tapeedidisain, mis on justkui ajatuse ning elegantsi kohtumine! Elegantne tapeet, mille kreemikas bee\u017eil taustal koketeerivad imeilusad punased lopsakad papagoid. See on disain, mis t\u00e4iendab maitsekat interj\u00f6\u00f6ri, olgu see ajalooline maja vanalinnas v\u00f5i <em>boho\u00a0<\/em>stiilis korter Pariisis. Papagoide kokett on tapeet, mis sobib h\u00e4sti \u00fchele aktsentseinale kui ka mitmele, muutumata v\u00e4sitavaks. Lase papagoid seintele tiibu ripsutama!<\/p>\n<p data-sourcepos=\"3:1-3:90\">Disaini papagoi ja lilled p\u00e4rinevad Rose Castlebird asutaja Aira Priksi erakollektsiooni 19. saj maalilt &#8220;Le Perroquet&#8221;, autoriks prantsuse kunstnik Louis Beurdeley. \u00a0Seesama uhke papagoi on t\u00e4naseks <a href=\"https:\/\/rosecastlebird.com\/pages\/about\" target=\"_blank\" rel=\"noopener\">Rose Castlebird <\/a>br\u00e4ndi signatuur ja s\u00fcmbol, mille leiad eksklusiivsetel siidist kimonotel, kleitidel ning portselanil.<\/p>\n<p><strong>Nagu k\u00f5ik Baubauwalli kordusmustriga tapeedid ja pilttapeedid, on ka see imeilus disain tr\u00fckitud\u00a0<a href=\"https:\/\/baubauwall.com\/et\/keskkonnasobralikud-tapeedid\/\" target=\"_blank\" rel=\"noopener\">keskkonnas\u00f5bralike v\u00e4rvidega<\/a>, hingavale fliistapeedi materjalile, mis ei l\u00e4igi ja on lihtne paigaldada. Sinu uus tapeet tuleb valmis l\u00f5igatud ning nummerdatud paanides, mis on t\u00e4pselt nii k\u00f5rged, kui Sinu sein.<\/strong><\/p>\n","protected":false},"excerpt":{"rendered":"<p>Tapeedidisain, mis on justkui ajatuse ning elegantsi kohtumine! Elegantne tapeet, mille kreemikas bee\u017eil taustal koketeerivad imeilusad punased lopsakad papagoid. See on disain, mis t\u00e4iendab maitsekat interj\u00f6\u00f6ri, olgu see ajalooline maja vanalinnas v\u00f5i boho\u00a0stiilis korter Pariisis. Papagoide kokett on tapeet, mis sobib h\u00e4sti \u00fchele aktsentseinale kui ka mitmele, muutumata v\u00e4sitavaks. Lase papagoid seintele tiibu ripsutama! Disaini [&hellip;]<\/p>\n","protected":false},"featured_media":45255,"comment_status":"open","ping_status":"closed","template":"","meta":{"_acf_changed":false,"inline_featured_image":false},"product_brand":[],"product_cat":[710,386,395,406,265,273,413,414,415,399,402,699,254,257,260],"product_tag":[708],"class_list":{"0":"post-34714","1":"product","2":"type-product","3":"status-publish","4":"has-post-thumbnail","6":"product_cat-house-of-castlebird-rose-tapeedid","7":"product_cat-kordusmustriga-tapeedid","8":"product_cat-romantiline","9":"product_cat-klassika","10":"product_cat-beezid-tapeedid","11":"product_cat-heledad-tapeedid","12":"product_cat-magamistoa-tapeedid","13":"product_cat-soogitoa-tapeedid","14":"product_cat-kulalistetoa-tapeedid","15":"product_cat-kodukontori-tapeedid","16":"product_cat-elutoa-tapeedid","17":"product_cat-eesti-disain-tapeedid","18":"product_cat-loodus","19":"product_cat-linnud","20":"product_cat-lilled","21":"product_tag-castlebird-rose-et","22":"pa_designedby-castlebird-rose-murals-wallpapers","24":"first","25":"instock","26":"taxable","27":"shipping-taxable","28":"purchasable","29":"product-type-simple"},"acf":[],"yoast_head":"<!-- This site is optimized with the Yoast SEO plugin v25.9 - https:\/\/yoast.com\/wordpress\/plugins\/seo\/ -->\n<title>Koketsed papagoid tapeet. Bee\u017eil taustal disaintapeet<\/title>\n<meta name=\"description\" content=\"Castlebird Rose tapeedikollektsiooni tapeet elegantsete papagoidega. Bee\u017eil taustal hele tapeet aktsentseinale v\u00f5i mitmele. Sinu seina m\u00f5\u00f5dus tapeedid.\" \/>\n<meta name=\"robots\" content=\"index, follow, max-snippet:-1, max-image-preview:large, max-video-preview:-1\" \/>\n<link rel=\"canonical\" href=\"https:\/\/baubauwall.com\/et\/toode\/tapeet-papagoide-kokett-beez\/\" \/>\n<meta property=\"og:locale\" content=\"et_EE\" \/>\n<meta property=\"og:type\" content=\"article\" \/>\n<meta property=\"og:title\" content=\"Koketsed papagoid tapeet. Bee\u017eil taustal disaintapeet\" \/>\n<meta property=\"og:description\" content=\"Castlebird Rose tapeedikollektsiooni tapeet elegantsete papagoidega. Bee\u017eil taustal hele tapeet aktsentseinale v\u00f5i mitmele. Sinu seina m\u00f5\u00f5dus tapeedid.\" \/>\n<meta property=\"og:url\" content=\"https:\/\/baubauwall.com\/et\/toode\/tapeet-papagoide-kokett-beez\/\" \/>\n<meta property=\"og:site_name\" content=\"BAUBAUWALL Wallpapers\" \/>\n<meta property=\"article:publisher\" content=\"https:\/\/www.facebook.com\/Baubauwall\" \/>\n<meta property=\"article:modified_time\" content=\"2024-12-12T15:06:00+00:00\" \/>\n<meta property=\"og:image\" content=\"https:\/\/baubauwall.com\/wp-content\/uploads\/2024\/02\/51100405_Le-Perroquet-Coqueterie-wallpaper-beige_980x980mm_closeup.jpg\" \/>\n\t<meta property=\"og:image:width\" content=\"2000\" \/>\n\t<meta property=\"og:image:height\" content=\"800\" \/>\n\t<meta property=\"og:image:type\" content=\"image\/jpeg\" \/>\n<meta name=\"twitter:card\" content=\"summary_large_image\" \/>\n<meta name=\"twitter:label1\" content=\"Est. reading time\" \/>\n\t<meta name=\"twitter:data1\" content=\"1 minut\" \/>\n<script type=\"application\/ld+json\" class=\"yoast-schema-graph\">{\"@context\":\"https:\/\/schema.org\",\"@graph\":[{\"@type\":\"WebPage\",\"@id\":\"https:\/\/baubauwall.com\/et\/toode\/tapeet-papagoide-kokett-beez\/\",\"url\":\"https:\/\/baubauwall.com\/et\/toode\/tapeet-papagoide-kokett-beez\/\",\"name\":\"Koketsed papagoid tapeet. Bee\u017eil taustal disaintapeet\",\"isPartOf\":{\"@id\":\"https:\/\/baubauwall.com\/et\/#website\"},\"primaryImageOfPage\":{\"@id\":\"https:\/\/baubauwall.com\/et\/toode\/tapeet-papagoide-kokett-beez\/#primaryimage\"},\"image\":{\"@id\":\"https:\/\/baubauwall.com\/et\/toode\/tapeet-papagoide-kokett-beez\/#primaryimage\"},\"thumbnailUrl\":\"https:\/\/baubauwall.com\/wp-content\/uploads\/2024\/02\/luxury_wallpapers_maisonCastlebird_baubau-4.jpg\",\"datePublished\":\"2024-02-20T12:11:00+00:00\",\"dateModified\":\"2024-12-12T15:06:00+00:00\",\"description\":\"Castlebird Rose tapeedikollektsiooni tapeet elegantsete papagoidega. Bee\u017eil taustal hele tapeet aktsentseinale v\u00f5i mitmele. Sinu seina m\u00f5\u00f5dus tapeedid.\",\"breadcrumb\":{\"@id\":\"https:\/\/baubauwall.com\/et\/toode\/tapeet-papagoide-kokett-beez\/#breadcrumb\"},\"inLanguage\":\"et\",\"potentialAction\":[{\"@type\":\"ReadAction\",\"target\":[\"https:\/\/baubauwall.com\/et\/toode\/tapeet-papagoide-kokett-beez\/\"]}]},{\"@type\":\"ImageObject\",\"inLanguage\":\"et\",\"@id\":\"https:\/\/baubauwall.com\/et\/toode\/tapeet-papagoide-kokett-beez\/#primaryimage\",\"url\":\"https:\/\/baubauwall.com\/wp-content\/uploads\/2024\/02\/luxury_wallpapers_maisonCastlebird_baubau-4.jpg\",\"contentUrl\":\"https:\/\/baubauwall.com\/wp-content\/uploads\/2024\/02\/luxury_wallpapers_maisonCastlebird_baubau-4.jpg\",\"width\":1200,\"height\":960,\"caption\":\"Maison Castlebird papagoidega magamistoa tapeet\"},{\"@type\":\"BreadcrumbList\",\"@id\":\"https:\/\/baubauwall.com\/et\/toode\/tapeet-papagoide-kokett-beez\/#breadcrumb\",\"itemListElement\":[{\"@type\":\"ListItem\",\"position\":1,\"name\":\"Koju\",\"item\":\"https:\/\/baubauwall.com\/et\/\"},{\"@type\":\"ListItem\",\"position\":2,\"name\":\"Tapeedid\",\"item\":\"https:\/\/baubauwall.com\/et\/tapeedid\/\"},{\"@type\":\"ListItem\",\"position\":3,\"name\":\"Papagoide kokett &#8211; bee\u017e\"}]},{\"@type\":\"WebSite\",\"@id\":\"https:\/\/baubauwall.com\/et\/#website\",\"url\":\"https:\/\/baubauwall.com\/et\/\",\"name\":\"BAUBAUWALL Wallpapers\",\"description\":\"Valmis paanides tapeet Eestist!\",\"publisher\":{\"@id\":\"https:\/\/baubauwall.com\/et\/#organization\"},\"potentialAction\":[{\"@type\":\"SearchAction\",\"target\":{\"@type\":\"EntryPoint\",\"urlTemplate\":\"https:\/\/baubauwall.com\/et\/?s={search_term_string}\"},\"query-input\":{\"@type\":\"PropertyValueSpecification\",\"valueRequired\":true,\"valueName\":\"search_term_string\"}}],\"inLanguage\":\"et\"},{\"@type\":\"Organization\",\"@id\":\"https:\/\/baubauwall.com\/et\/#organization\",\"name\":\"BAUBAUWALL Wallpapers\",\"url\":\"https:\/\/baubauwall.com\/et\/\",\"logo\":{\"@type\":\"ImageObject\",\"inLanguage\":\"et\",\"@id\":\"https:\/\/baubauwall.com\/et\/#\/schema\/logo\/image\/\",\"url\":\"https:\/\/baubauwall.com\/wp-content\/uploads\/2022\/03\/logo-horizontal.svg\",\"contentUrl\":\"https:\/\/baubauwall.com\/wp-content\/uploads\/2022\/03\/logo-horizontal.svg\",\"width\":\"1024\",\"height\":\"1024\",\"caption\":\"BAUBAUWALL Wallpapers\"},\"image\":{\"@id\":\"https:\/\/baubauwall.com\/et\/#\/schema\/logo\/image\/\"},\"sameAs\":[\"https:\/\/www.facebook.com\/Baubauwall\",\"https:\/\/www.instagram.com\/baubauwall\"]}]}<\/script>\n<!-- \/ Yoast SEO plugin. -->","yoast_head_json":{"title":"Koketsed papagoid tapeet. Bee\u017eil taustal disaintapeet","description":"Castlebird Rose tapeedikollektsiooni tapeet elegantsete papagoidega. Bee\u017eil taustal hele tapeet aktsentseinale v\u00f5i mitmele. Sinu seina m\u00f5\u00f5dus tapeedid.","robots":{"index":"index","follow":"follow","max-snippet":"max-snippet:-1","max-image-preview":"max-image-preview:large","max-video-preview":"max-video-preview:-1"},"canonical":"https:\/\/baubauwall.com\/et\/toode\/tapeet-papagoide-kokett-beez\/","og_locale":"et_EE","og_type":"article","og_title":"Koketsed papagoid tapeet. Bee\u017eil taustal disaintapeet","og_description":"Castlebird Rose tapeedikollektsiooni tapeet elegantsete papagoidega. Bee\u017eil taustal hele tapeet aktsentseinale v\u00f5i mitmele. Sinu seina m\u00f5\u00f5dus tapeedid.","og_url":"https:\/\/baubauwall.com\/et\/toode\/tapeet-papagoide-kokett-beez\/","og_site_name":"BAUBAUWALL Wallpapers","article_publisher":"https:\/\/www.facebook.com\/Baubauwall","article_modified_time":"2024-12-12T15:06:00+00:00","og_image":[{"width":2000,"height":800,"url":"https:\/\/baubauwall.com\/wp-content\/uploads\/2024\/02\/51100405_Le-Perroquet-Coqueterie-wallpaper-beige_980x980mm_closeup.jpg","type":"image\/jpeg"}],"twitter_card":"summary_large_image","twitter_misc":{"Est. reading time":"1 minut"},"schema":{"@context":"https:\/\/schema.org","@graph":[{"@type":"WebPage","@id":"https:\/\/baubauwall.com\/et\/toode\/tapeet-papagoide-kokett-beez\/","url":"https:\/\/baubauwall.com\/et\/toode\/tapeet-papagoide-kokett-beez\/","name":"Koketsed papagoid tapeet. Bee\u017eil taustal disaintapeet","isPartOf":{"@id":"https:\/\/baubauwall.com\/et\/#website"},"primaryImageOfPage":{"@id":"https:\/\/baubauwall.com\/et\/toode\/tapeet-papagoide-kokett-beez\/#primaryimage"},"image":{"@id":"https:\/\/baubauwall.com\/et\/toode\/tapeet-papagoide-kokett-beez\/#primaryimage"},"thumbnailUrl":"https:\/\/baubauwall.com\/wp-content\/uploads\/2024\/02\/luxury_wallpapers_maisonCastlebird_baubau-4.jpg","datePublished":"2024-02-20T12:11:00+00:00","dateModified":"2024-12-12T15:06:00+00:00","description":"Castlebird Rose tapeedikollektsiooni tapeet elegantsete papagoidega. Bee\u017eil taustal hele tapeet aktsentseinale v\u00f5i mitmele. Sinu seina m\u00f5\u00f5dus tapeedid.","breadcrumb":{"@id":"https:\/\/baubauwall.com\/et\/toode\/tapeet-papagoide-kokett-beez\/#breadcrumb"},"inLanguage":"et","potentialAction":[{"@type":"ReadAction","target":["https:\/\/baubauwall.com\/et\/toode\/tapeet-papagoide-kokett-beez\/"]}]},{"@type":"ImageObject","inLanguage":"et","@id":"https:\/\/baubauwall.com\/et\/toode\/tapeet-papagoide-kokett-beez\/#primaryimage","url":"https:\/\/baubauwall.com\/wp-content\/uploads\/2024\/02\/luxury_wallpapers_maisonCastlebird_baubau-4.jpg","contentUrl":"https:\/\/baubauwall.com\/wp-content\/uploads\/2024\/02\/luxury_wallpapers_maisonCastlebird_baubau-4.jpg","width":1200,"height":960,"caption":"Maison Castlebird papagoidega magamistoa tapeet"},{"@type":"BreadcrumbList","@id":"https:\/\/baubauwall.com\/et\/toode\/tapeet-papagoide-kokett-beez\/#breadcrumb","itemListElement":[{"@type":"ListItem","position":1,"name":"Koju","item":"https:\/\/baubauwall.com\/et\/"},{"@type":"ListItem","position":2,"name":"Tapeedid","item":"https:\/\/baubauwall.com\/et\/tapeedid\/"},{"@type":"ListItem","position":3,"name":"Papagoide kokett &#8211; bee\u017e"}]},{"@type":"WebSite","@id":"https:\/\/baubauwall.com\/et\/#website","url":"https:\/\/baubauwall.com\/et\/","name":"BAUBAUWALL Wallpapers","description":"Valmis paanides tapeet Eestist!","publisher":{"@id":"https:\/\/baubauwall.com\/et\/#organization"},"potentialAction":[{"@type":"SearchAction","target":{"@type":"EntryPoint","urlTemplate":"https:\/\/baubauwall.com\/et\/?s={search_term_string}"},"query-input":{"@type":"PropertyValueSpecification","valueRequired":true,"valueName":"search_term_string"}}],"inLanguage":"et"},{"@type":"Organization","@id":"https:\/\/baubauwall.com\/et\/#organization","name":"BAUBAUWALL Wallpapers","url":"https:\/\/baubauwall.com\/et\/","logo":{"@type":"ImageObject","inLanguage":"et","@id":"https:\/\/baubauwall.com\/et\/#\/schema\/logo\/image\/","url":"https:\/\/baubauwall.com\/wp-content\/uploads\/2022\/03\/logo-horizontal.svg","contentUrl":"https:\/\/baubauwall.com\/wp-content\/uploads\/2022\/03\/logo-horizontal.svg","width":"1024","height":"1024","caption":"BAUBAUWALL Wallpapers"},"image":{"@id":"https:\/\/baubauwall.com\/et\/#\/schema\/logo\/image\/"},"sameAs":["https:\/\/www.facebook.com\/Baubauwall","https:\/\/www.instagram.com\/baubauwall"]}]}},"jetpack_sharing_enabled":true,"_links":{"self":[{"href":"https:\/\/baubauwall.com\/et\/wp-json\/wp\/v2\/product\/34714","targetHints":{"allow":["GET"]}}],"collection":[{"href":"https:\/\/baubauwall.com\/et\/wp-json\/wp\/v2\/product"}],"about":[{"href":"https:\/\/baubauwall.com\/et\/wp-json\/wp\/v2\/types\/product"}],"replies":[{"embeddable":true,"href":"https:\/\/baubauwall.com\/et\/wp-json\/wp\/v2\/comments?post=34714"}],"wp:featuredmedia":[{"embeddable":true,"href":"https:\/\/baubauwall.com\/et\/wp-json\/wp\/v2\/media\/45255"}],"wp:attachment":[{"href":"https:\/\/baubauwall.com\/et\/wp-json\/wp\/v2\/media?parent=34714"}],"wp:term":[{"taxonomy":"product_brand","embeddable":true,"href":"https:\/\/baubauwall.com\/et\/wp-json\/wp\/v2\/product_brand?post=34714"},{"taxonomy":"product_cat","embeddable":true,"href":"https:\/\/baubauwall.com\/et\/wp-json\/wp\/v2\/product_cat?post=34714"},{"taxonomy":"product_tag","embeddable":true,"href":"https:\/\/baubauwall.com\/et\/wp-json\/wp\/v2\/product_tag?post=34714"}],"curies":[{"name":"wp","href":"https:\/\/api.w.org\/{rel}","templated":true}]}}