{"id":34835,"date":"2024-02-22T09:55:54","date_gmt":"2024-02-22T07:55:54","guid":{"rendered":"https:\/\/baubauwall.com\/?post_type=product&#038;p=34835"},"modified":"2025-10-15T12:15:02","modified_gmt":"2025-10-15T10:15:02","slug":"tapeet-toile-de-castlebird-valge","status":"publish","type":"product","link":"https:\/\/baubauwall.com\/et\/toode\/tapeet-toile-de-castlebird-valge\/","title":{"rendered":"Toile de Castlebird &#8211; White"},"content":{"rendered":"<p><em>Toile de Jouy<\/em>\u00a0tapeedi nimi on tuletatud kangast (<em>toile<\/em>\u00a0\u2013 pr k), millega kaeti ajalooliste losside seinu Prantsusmaal. Kangas p\u00e4rineb 18. sajandi Jouy\u2019 piirkonnast Prantsusmaal ja see oli tavaliselt dekoreeritud kahev\u00e4rviliste illustratsioonidega. Kuigi trendid tulevad ja l\u00e4hevad, on <em>toile\u00a0<\/em>stiil j\u00e4\u00e4nud p\u00fcsima. Sellelt Maison Castlebird kollektsiooni tapeedilt leiad br\u00e4ndi vapilinnu papagoi graatsiliselt poseerimas oma aias. Mustvalge tapeedidisain teeb sellest ilusa valiku \u00fchele seinale aktsendiks v\u00f5i mitmele.<\/p>\n<p><a href=\"https:\/\/www.castlebirdrose.com\/\" target=\"_blank\" rel=\"noopener\">Maison Castlebird<\/a>\u00a0ainulaadsed mustrid on inspireeritud 19. sajandi Prantsuse kunstnike originaalloomingust, mis k\u00f5ik \u00a0kuuluvad br\u00e4ndi looja Aira Priksi erakogusse. Br\u00e4nd taaselustab m\u00f6\u00f6dunud sajandite kunstnike maale uuel v\u00e4ljundil \u2013 luksuslikul siidil. N\u00fc\u00fcd on needsamad maalide fragmendid j\u00f5udnud lisaks siidile ka tapeetidele kaunistamaks Sinu interj\u00f6\u00f6ri. Olgu Sinu sisustustiiliks luksuslik klassika v\u00f5i eklektika \u2013 need on tapeedid, mis ei l\u00e4he iialgi moest.<\/p>\n<p><strong>Nagu k\u00f5ik Baubauwalli kordusmustriga tapeedid ja pilttapeedid, on ka see imeilus disain tr\u00fckitud\u00a0<a href=\"https:\/\/baubauwall.com\/et\/keskkonnasobralikud-tapeedid\/\" target=\"_blank\" rel=\"noopener\">keskkonnas\u00f5bralike v\u00e4rvidega<\/a>, hingavale fliistapeedi materjalile, mis ei l\u00e4igi ja on lihtne paigaldada. Sinu uus tapeet tuleb valmis l\u00f5igatud ning nummerdatud paanides, mis on t\u00e4pselt nii k\u00f5rged, kui Sinu sein.<\/strong><\/p>\n","protected":false},"excerpt":{"rendered":"<p>Toile de Jouy\u00a0tapeedi nimi on tuletatud kangast (toile\u00a0\u2013 pr k), millega kaeti ajalooliste losside seinu Prantsusmaal. Kangas p\u00e4rineb 18. sajandi Jouy\u2019 piirkonnast Prantsusmaal ja see oli tavaliselt dekoreeritud kahev\u00e4rviliste illustratsioonidega. Kuigi trendid tulevad ja l\u00e4hevad, on toile\u00a0stiil j\u00e4\u00e4nud p\u00fcsima. Sellelt Maison Castlebird kollektsiooni tapeedilt leiad br\u00e4ndi vapilinnu papagoi graatsiliselt poseerimas oma aias. Mustvalge tapeedidisain teeb [&hellip;]<\/p>\n","protected":false},"featured_media":45247,"comment_status":"open","ping_status":"closed","template":"","meta":{"_acf_changed":false,"inline_featured_image":false},"product_brand":[],"product_cat":[710,386,395,406,398,273,410,413,414,415,399,402,412,699,254,260,561],"product_tag":[708,294],"class_list":{"0":"post-34835","1":"product","2":"type-product","3":"status-publish","4":"has-post-thumbnail","6":"product_cat-house-of-castlebird-rose-tapeedid","7":"product_cat-kordusmustriga-tapeedid","8":"product_cat-romantiline","9":"product_cat-klassika","10":"product_cat-toile-de-jouy-et","11":"product_cat-heledad-tapeedid","12":"product_cat-valge-tapeedid","13":"product_cat-magamistoa-tapeedid","14":"product_cat-soogitoa-tapeedid","15":"product_cat-kulalistetoa-tapeedid","16":"product_cat-kodukontori-tapeedid","17":"product_cat-elutoa-tapeedid","18":"product_cat-vannitoa-tapeedid","19":"product_cat-eesti-disain-tapeedid","20":"product_cat-loodus","21":"product_cat-lilled","22":"product_cat-suvised-tapeedid","23":"product_tag-castlebird-rose-et","24":"product_tag-mustvalge","25":"pa_designedby-castlebird-rose-murals-wallpapers","27":"first","28":"instock","29":"taxable","30":"shipping-taxable","31":"purchasable","32":"product-type-simple"},"acf":[],"yoast_head":"<!-- This site is optimized with the Yoast SEO plugin v25.9 - https:\/\/yoast.com\/wordpress\/plugins\/seo\/ -->\n<title>Disaintapeet House of Castlebird Rose. Toile de Jouy stiilis muster<\/title>\n<meta name=\"description\" content=\"Toile de Jouy stiilis muster papagoidega mustvalge tapeet. House of Castlebird Rose tapeedikollektsioon. Papagoid ja puud seatud t\u00e4psesse mustrisse.\" \/>\n<meta name=\"robots\" content=\"index, follow, max-snippet:-1, max-image-preview:large, max-video-preview:-1\" \/>\n<link rel=\"canonical\" href=\"https:\/\/baubauwall.com\/et\/toode\/tapeet-toile-de-castlebird-valge\/\" \/>\n<meta property=\"og:locale\" content=\"et_EE\" \/>\n<meta property=\"og:type\" content=\"article\" \/>\n<meta property=\"og:title\" content=\"BAUBAUWALL TAPEEDID\" \/>\n<meta property=\"og:description\" content=\"Toile de Jouy stiilis muster papagoidega mustvalge tapeet. House of Castlebird Rose tapeedikollektsioon. Papagoid ja puud seatud t\u00e4psesse mustrisse.\" \/>\n<meta property=\"og:url\" content=\"https:\/\/baubauwall.com\/et\/toode\/tapeet-toile-de-castlebird-valge\/\" \/>\n<meta property=\"og:site_name\" content=\"BAUBAUWALL TAPEEDID\" \/>\n<meta property=\"article:publisher\" content=\"https:\/\/www.facebook.com\/Baubauwall\" \/>\n<meta property=\"article:modified_time\" content=\"2025-10-15T10:15:02+00:00\" \/>\n<meta property=\"og:image\" content=\"https:\/\/baubauwall.com\/wp-content\/uploads\/2024\/02\/51100417_ToiledeParrotTree-White_wallpaper_room-4.jpg\" \/>\n\t<meta property=\"og:image:width\" content=\"2406\" \/>\n\t<meta property=\"og:image:height\" content=\"1600\" \/>\n\t<meta property=\"og:image:type\" content=\"image\/jpeg\" \/>\n<meta name=\"twitter:card\" content=\"summary_large_image\" \/>\n<meta name=\"twitter:label1\" content=\"Est. reading time\" \/>\n\t<meta name=\"twitter:data1\" content=\"1 minut\" \/>\n<script type=\"application\/ld+json\" class=\"yoast-schema-graph\">{\"@context\":\"https:\/\/schema.org\",\"@graph\":[{\"@type\":\"WebPage\",\"@id\":\"https:\/\/baubauwall.com\/et\/toode\/tapeet-toile-de-castlebird-valge\/\",\"url\":\"https:\/\/baubauwall.com\/et\/toode\/tapeet-toile-de-castlebird-valge\/\",\"name\":\"Disaintapeet House of Castlebird Rose. Toile de Jouy stiilis muster\",\"isPartOf\":{\"@id\":\"https:\/\/baubauwall.com\/et\/#website\"},\"primaryImageOfPage\":{\"@id\":\"https:\/\/baubauwall.com\/et\/toode\/tapeet-toile-de-castlebird-valge\/#primaryimage\"},\"image\":{\"@id\":\"https:\/\/baubauwall.com\/et\/toode\/tapeet-toile-de-castlebird-valge\/#primaryimage\"},\"thumbnailUrl\":\"https:\/\/baubauwall.com\/wp-content\/uploads\/2024\/02\/luxury_wallpapers_maison_castlebird_bauba-11.jpg\",\"datePublished\":\"2024-02-22T07:55:54+00:00\",\"dateModified\":\"2025-10-15T10:15:02+00:00\",\"description\":\"Toile de Jouy stiilis muster papagoidega mustvalge tapeet. House of Castlebird Rose tapeedikollektsioon. Papagoid ja puud seatud t\u00e4psesse mustrisse.\",\"breadcrumb\":{\"@id\":\"https:\/\/baubauwall.com\/et\/toode\/tapeet-toile-de-castlebird-valge\/#breadcrumb\"},\"inLanguage\":\"et\",\"potentialAction\":[{\"@type\":\"ReadAction\",\"target\":[\"https:\/\/baubauwall.com\/et\/toode\/tapeet-toile-de-castlebird-valge\/\"]}]},{\"@type\":\"ImageObject\",\"inLanguage\":\"et\",\"@id\":\"https:\/\/baubauwall.com\/et\/toode\/tapeet-toile-de-castlebird-valge\/#primaryimage\",\"url\":\"https:\/\/baubauwall.com\/wp-content\/uploads\/2024\/02\/luxury_wallpapers_maison_castlebird_bauba-11.jpg\",\"contentUrl\":\"https:\/\/baubauwall.com\/wp-content\/uploads\/2024\/02\/luxury_wallpapers_maison_castlebird_bauba-11.jpg\",\"width\":1250,\"height\":938,\"caption\":\"luxury wallpaper repeat pattern for walls\"},{\"@type\":\"BreadcrumbList\",\"@id\":\"https:\/\/baubauwall.com\/et\/toode\/tapeet-toile-de-castlebird-valge\/#breadcrumb\",\"itemListElement\":[{\"@type\":\"ListItem\",\"position\":1,\"name\":\"Koju\",\"item\":\"https:\/\/baubauwall.com\/et\/\"},{\"@type\":\"ListItem\",\"position\":2,\"name\":\"Tapeedid\",\"item\":\"https:\/\/baubauwall.com\/et\/tapeedid\/\"},{\"@type\":\"ListItem\",\"position\":3,\"name\":\"Toile de Castlebird &#8211; White\"}]},{\"@type\":\"WebSite\",\"@id\":\"https:\/\/baubauwall.com\/et\/#website\",\"url\":\"https:\/\/baubauwall.com\/et\/\",\"name\":\"BAUBAUWALL Wallpapers\",\"description\":\"Valmis paanides tapeet Eestist!\",\"publisher\":{\"@id\":\"https:\/\/baubauwall.com\/et\/#organization\"},\"potentialAction\":[{\"@type\":\"SearchAction\",\"target\":{\"@type\":\"EntryPoint\",\"urlTemplate\":\"https:\/\/baubauwall.com\/et\/?s={search_term_string}\"},\"query-input\":{\"@type\":\"PropertyValueSpecification\",\"valueRequired\":true,\"valueName\":\"search_term_string\"}}],\"inLanguage\":\"et\"},{\"@type\":\"Organization\",\"@id\":\"https:\/\/baubauwall.com\/et\/#organization\",\"name\":\"BAUBAUWALL Wallpapers\",\"url\":\"https:\/\/baubauwall.com\/et\/\",\"logo\":{\"@type\":\"ImageObject\",\"inLanguage\":\"et\",\"@id\":\"https:\/\/baubauwall.com\/et\/#\/schema\/logo\/image\/\",\"url\":\"https:\/\/baubauwall.com\/wp-content\/uploads\/2022\/03\/logo-horizontal.svg\",\"contentUrl\":\"https:\/\/baubauwall.com\/wp-content\/uploads\/2022\/03\/logo-horizontal.svg\",\"width\":\"1024\",\"height\":\"1024\",\"caption\":\"BAUBAUWALL Wallpapers\"},\"image\":{\"@id\":\"https:\/\/baubauwall.com\/et\/#\/schema\/logo\/image\/\"},\"sameAs\":[\"https:\/\/www.facebook.com\/Baubauwall\",\"https:\/\/www.instagram.com\/baubauwall\"]}]}<\/script>\n<!-- \/ Yoast SEO plugin. -->","yoast_head_json":{"title":"Disaintapeet House of Castlebird Rose. Toile de Jouy stiilis muster","description":"Toile de Jouy stiilis muster papagoidega mustvalge tapeet. House of Castlebird Rose tapeedikollektsioon. Papagoid ja puud seatud t\u00e4psesse mustrisse.","robots":{"index":"index","follow":"follow","max-snippet":"max-snippet:-1","max-image-preview":"max-image-preview:large","max-video-preview":"max-video-preview:-1"},"canonical":"https:\/\/baubauwall.com\/et\/toode\/tapeet-toile-de-castlebird-valge\/","og_locale":"et_EE","og_type":"article","og_title":"BAUBAUWALL TAPEEDID","og_description":"Toile de Jouy stiilis muster papagoidega mustvalge tapeet. House of Castlebird Rose tapeedikollektsioon. Papagoid ja puud seatud t\u00e4psesse mustrisse.","og_url":"https:\/\/baubauwall.com\/et\/toode\/tapeet-toile-de-castlebird-valge\/","og_site_name":"BAUBAUWALL TAPEEDID","article_publisher":"https:\/\/www.facebook.com\/Baubauwall","article_modified_time":"2025-10-15T10:15:02+00:00","og_image":[{"width":2406,"height":1600,"url":"https:\/\/baubauwall.com\/wp-content\/uploads\/2024\/02\/51100417_ToiledeParrotTree-White_wallpaper_room-4.jpg","type":"image\/jpeg"}],"twitter_card":"summary_large_image","twitter_misc":{"Est. reading time":"1 minut"},"schema":{"@context":"https:\/\/schema.org","@graph":[{"@type":"WebPage","@id":"https:\/\/baubauwall.com\/et\/toode\/tapeet-toile-de-castlebird-valge\/","url":"https:\/\/baubauwall.com\/et\/toode\/tapeet-toile-de-castlebird-valge\/","name":"Disaintapeet House of Castlebird Rose. Toile de Jouy stiilis muster","isPartOf":{"@id":"https:\/\/baubauwall.com\/et\/#website"},"primaryImageOfPage":{"@id":"https:\/\/baubauwall.com\/et\/toode\/tapeet-toile-de-castlebird-valge\/#primaryimage"},"image":{"@id":"https:\/\/baubauwall.com\/et\/toode\/tapeet-toile-de-castlebird-valge\/#primaryimage"},"thumbnailUrl":"https:\/\/baubauwall.com\/wp-content\/uploads\/2024\/02\/luxury_wallpapers_maison_castlebird_bauba-11.jpg","datePublished":"2024-02-22T07:55:54+00:00","dateModified":"2025-10-15T10:15:02+00:00","description":"Toile de Jouy stiilis muster papagoidega mustvalge tapeet. House of Castlebird Rose tapeedikollektsioon. Papagoid ja puud seatud t\u00e4psesse mustrisse.","breadcrumb":{"@id":"https:\/\/baubauwall.com\/et\/toode\/tapeet-toile-de-castlebird-valge\/#breadcrumb"},"inLanguage":"et","potentialAction":[{"@type":"ReadAction","target":["https:\/\/baubauwall.com\/et\/toode\/tapeet-toile-de-castlebird-valge\/"]}]},{"@type":"ImageObject","inLanguage":"et","@id":"https:\/\/baubauwall.com\/et\/toode\/tapeet-toile-de-castlebird-valge\/#primaryimage","url":"https:\/\/baubauwall.com\/wp-content\/uploads\/2024\/02\/luxury_wallpapers_maison_castlebird_bauba-11.jpg","contentUrl":"https:\/\/baubauwall.com\/wp-content\/uploads\/2024\/02\/luxury_wallpapers_maison_castlebird_bauba-11.jpg","width":1250,"height":938,"caption":"luxury wallpaper repeat pattern for walls"},{"@type":"BreadcrumbList","@id":"https:\/\/baubauwall.com\/et\/toode\/tapeet-toile-de-castlebird-valge\/#breadcrumb","itemListElement":[{"@type":"ListItem","position":1,"name":"Koju","item":"https:\/\/baubauwall.com\/et\/"},{"@type":"ListItem","position":2,"name":"Tapeedid","item":"https:\/\/baubauwall.com\/et\/tapeedid\/"},{"@type":"ListItem","position":3,"name":"Toile de Castlebird &#8211; White"}]},{"@type":"WebSite","@id":"https:\/\/baubauwall.com\/et\/#website","url":"https:\/\/baubauwall.com\/et\/","name":"BAUBAUWALL Wallpapers","description":"Valmis paanides tapeet Eestist!","publisher":{"@id":"https:\/\/baubauwall.com\/et\/#organization"},"potentialAction":[{"@type":"SearchAction","target":{"@type":"EntryPoint","urlTemplate":"https:\/\/baubauwall.com\/et\/?s={search_term_string}"},"query-input":{"@type":"PropertyValueSpecification","valueRequired":true,"valueName":"search_term_string"}}],"inLanguage":"et"},{"@type":"Organization","@id":"https:\/\/baubauwall.com\/et\/#organization","name":"BAUBAUWALL Wallpapers","url":"https:\/\/baubauwall.com\/et\/","logo":{"@type":"ImageObject","inLanguage":"et","@id":"https:\/\/baubauwall.com\/et\/#\/schema\/logo\/image\/","url":"https:\/\/baubauwall.com\/wp-content\/uploads\/2022\/03\/logo-horizontal.svg","contentUrl":"https:\/\/baubauwall.com\/wp-content\/uploads\/2022\/03\/logo-horizontal.svg","width":"1024","height":"1024","caption":"BAUBAUWALL Wallpapers"},"image":{"@id":"https:\/\/baubauwall.com\/et\/#\/schema\/logo\/image\/"},"sameAs":["https:\/\/www.facebook.com\/Baubauwall","https:\/\/www.instagram.com\/baubauwall"]}]}},"jetpack_sharing_enabled":true,"_links":{"self":[{"href":"https:\/\/baubauwall.com\/et\/wp-json\/wp\/v2\/product\/34835","targetHints":{"allow":["GET"]}}],"collection":[{"href":"https:\/\/baubauwall.com\/et\/wp-json\/wp\/v2\/product"}],"about":[{"href":"https:\/\/baubauwall.com\/et\/wp-json\/wp\/v2\/types\/product"}],"replies":[{"embeddable":true,"href":"https:\/\/baubauwall.com\/et\/wp-json\/wp\/v2\/comments?post=34835"}],"wp:featuredmedia":[{"embeddable":true,"href":"https:\/\/baubauwall.com\/et\/wp-json\/wp\/v2\/media\/45247"}],"wp:attachment":[{"href":"https:\/\/baubauwall.com\/et\/wp-json\/wp\/v2\/media?parent=34835"}],"wp:term":[{"taxonomy":"product_brand","embeddable":true,"href":"https:\/\/baubauwall.com\/et\/wp-json\/wp\/v2\/product_brand?post=34835"},{"taxonomy":"product_cat","embeddable":true,"href":"https:\/\/baubauwall.com\/et\/wp-json\/wp\/v2\/product_cat?post=34835"},{"taxonomy":"product_tag","embeddable":true,"href":"https:\/\/baubauwall.com\/et\/wp-json\/wp\/v2\/product_tag?post=34835"}],"curies":[{"name":"wp","href":"https:\/\/api.w.org\/{rel}","templated":true}]}}