{"id":35383,"date":"2024-03-28T12:22:32","date_gmt":"2024-03-28T10:22:32","guid":{"rendered":"https:\/\/baubauwall.com\/?post_type=product&#038;p=35383"},"modified":"2024-04-23T12:56:26","modified_gmt":"2024-04-23T10:56:26","slug":"pilttapeet-vaade-metsa","status":"publish","type":"product","link":"https:\/\/baubauwall.com\/et\/toode\/pilttapeet-vaade-metsa\/","title":{"rendered":"Vaade metsa"},"content":{"rendered":"<p>See on pilttapeet, mis sobib h\u00e4sti lastetoa aktsentseinaks. Rohelised metsad ja nende elanikud on p\u00fcsivalt tapeeditrendide edetabelis ja seda p\u00f5hjusega. Sel s\u00f5na otseses m\u00f5ttes vaatega metsale pilttapeedil on ajatu elegants ja efekt, mis tekitab tuppa sisenedes vau tunde!\u00a0 Valides tapeeti lastetuppa, pea meeles, et disain v\u00f5iks laste kujutlusv\u00f5imet veelgi v\u00f5imendada. Hea lastetoa tapeet on ju \u00fctlemata inspireeriv, muinasjutuline ja otsatult armas! Sellel k\u00e4sitsi maalitud, maitsekates rohelistes toonides loodustapeedil on k\u00f5ik see olemas. Lase lapse m\u00f5tetel r\u00e4nnata ja saada s\u00f5braks majesteetliku p\u00f5dra, rebaste, kitsekeste, oravate ja j\u00e4nkudega.\u00a0 V\u00e4rvi muud seinad sama tapeedi detailide j\u00e4rgi \u2013 n\u00e4iteks \u00f5rnalt salvei rohelisega v\u00f5i kreemikas valgeks.<\/p>\n<p>Nagu k\u00f5ik meie kordusmustriga tapeedid ja pilttapeedid, on ka see disain tr\u00fckitud <a href=\"https:\/\/baubauwall.com\/et\/keskkonnasobralikud-tapeedid\/\" target=\"_blank\" rel=\"noopener\">keskkonnas\u00f5bralike v\u00e4rvidega<\/a>, hingavale fliistapeedi materjalile.<\/p>\n<p><strong>Miks osta tapeet siit? Me teeme tapeetimise lihtsaks!<\/strong><\/p>\n<ul>\n<li>Nummerdatud tapeedipaanid<\/li>\n<li>Just nii pikad paanid, kui on Sinu sein<\/li>\n<li>Premium, matt fliistapeedi materjal<\/li>\n<li>M\u00fcrgivabad tr\u00fckiv\u00e4rvid, Greenguard sertifitseeritud<\/li>\n<li>Keskkonnas\u00f5bralik, j\u00e4\u00e4tmevaba tapeetimine<\/li>\n<li>Tasuta fliistapeedi liim<\/li>\n<li>Tasuta transport ja kiire tarne 5 t\u00f6\u00f6p\u00e4evaga<\/li>\n<\/ul>\n<p>Loe l\u00e4hemalt nutikatest, eritellimust\u00f6\u00f6na valmivatest tapeetidest\u00a0<a href=\"https:\/\/baubauwall.com\/et\/keskkonnasobralikud-tapeedid\/\">siit.<\/a><\/p>\n","protected":false},"excerpt":{"rendered":"<p>See on pilttapeet, mis sobib h\u00e4sti lastetoa aktsentseinaks. Rohelised metsad ja nende elanikud on p\u00fcsivalt tapeeditrendide edetabelis ja seda p\u00f5hjusega. Sel s\u00f5na otseses m\u00f5ttes vaatega metsale pilttapeedil on ajatu elegants ja efekt, mis tekitab tuppa sisenedes vau tunde!\u00a0 Valides tapeeti lastetuppa, pea meeles, et disain v\u00f5iks laste kujutlusv\u00f5imet veelgi v\u00f5imendada. Hea lastetoa tapeet on ju [&hellip;]<\/p>\n","protected":false},"featured_media":35394,"comment_status":"open","ping_status":"closed","template":"","meta":{"_acf_changed":false,"inline_featured_image":false},"product_brand":[],"product_cat":[629,387,396,271,400,248,254,255],"product_tag":[631,345,308,324],"class_list":{"0":"post-35383","1":"product","2":"type-product","3":"status-publish","4":"has-post-thumbnail","6":"product_cat-kikki-belle-tapeedid","7":"product_cat-pilttapeedid","8":"product_cat-skandinaavia","9":"product_cat-rohelised-tapeedid","10":"product_cat-lastetoa-tapeedid","11":"product_cat-mets","12":"product_cat-loodus","13":"product_cat-loomad","14":"product_tag-kikki-belle-et","15":"product_tag-pilttapeet","16":"product_tag-poiste-tuba","17":"product_tag-tudruku-tuba","18":"pa_designedby-sir-edward","20":"first","21":"instock","22":"taxable","23":"shipping-taxable","24":"purchasable","25":"product-type-simple"},"acf":[],"yoast_head":"<!-- This site is optimized with the Yoast SEO plugin v25.9 - https:\/\/yoast.com\/wordpress\/plugins\/seo\/ -->\n<title>Pilttapeet k\u00f5ige ilusamasse lastetuppa! Vaade metsale tapeedil<\/title>\n<meta name=\"description\" content=\"Metsavaade - lastetoa pilttapeet loomadega. M\u00e4nguline, p\u00f5hjamaine mets - disain lastetoa seinale. Keskkonnas\u00f5bralik tapeet lastele\" \/>\n<meta name=\"robots\" content=\"index, follow, max-snippet:-1, max-image-preview:large, max-video-preview:-1\" \/>\n<link rel=\"canonical\" href=\"https:\/\/baubauwall.com\/et\/toode\/pilttapeet-vaade-metsa\/\" \/>\n<meta property=\"og:locale\" content=\"et_EE\" \/>\n<meta property=\"og:type\" content=\"article\" \/>\n<meta property=\"og:title\" content=\"BAUBAUWALL TAPEEDID\" \/>\n<meta property=\"og:description\" content=\"Metsavaade - lastetoa pilttapeet loomadega. M\u00e4nguline, p\u00f5hjamaine mets - disain lastetoa seinale. Keskkonnas\u00f5bralik tapeet lastele\" \/>\n<meta property=\"og:url\" content=\"https:\/\/baubauwall.com\/et\/toode\/pilttapeet-vaade-metsa\/\" \/>\n<meta property=\"og:site_name\" content=\"BAUBAUWALL TAPEEDID\" \/>\n<meta property=\"article:publisher\" content=\"https:\/\/www.facebook.com\/Baubauwall\" \/>\n<meta property=\"article:modified_time\" content=\"2024-04-23T10:56:26+00:00\" \/>\n<meta property=\"og:image\" content=\"https:\/\/baubauwall.com\/wp-content\/uploads\/2024\/03\/51200369_ForestVista_Baubauwall_Wall_Mural_room5.jpg\" \/>\n\t<meta property=\"og:image:width\" content=\"1143\" \/>\n\t<meta property=\"og:image:height\" content=\"1600\" \/>\n\t<meta property=\"og:image:type\" content=\"image\/jpeg\" \/>\n<meta name=\"twitter:card\" content=\"summary_large_image\" \/>\n<meta name=\"twitter:label1\" content=\"Est. reading time\" \/>\n\t<meta name=\"twitter:data1\" content=\"1 minut\" \/>\n<script type=\"application\/ld+json\" class=\"yoast-schema-graph\">{\"@context\":\"https:\/\/schema.org\",\"@graph\":[{\"@type\":\"WebPage\",\"@id\":\"https:\/\/baubauwall.com\/et\/toode\/pilttapeet-vaade-metsa\/\",\"url\":\"https:\/\/baubauwall.com\/et\/toode\/pilttapeet-vaade-metsa\/\",\"name\":\"Pilttapeet k\u00f5ige ilusamasse lastetuppa! Vaade metsale tapeedil\",\"isPartOf\":{\"@id\":\"https:\/\/baubauwall.com\/et\/#website\"},\"primaryImageOfPage\":{\"@id\":\"https:\/\/baubauwall.com\/et\/toode\/pilttapeet-vaade-metsa\/#primaryimage\"},\"image\":{\"@id\":\"https:\/\/baubauwall.com\/et\/toode\/pilttapeet-vaade-metsa\/#primaryimage\"},\"thumbnailUrl\":\"https:\/\/baubauwall.com\/wp-content\/uploads\/2024\/03\/51200369_ForestVista_Baubauwall_Wall_Mural_room1.jpg\",\"datePublished\":\"2024-03-28T10:22:32+00:00\",\"dateModified\":\"2024-04-23T10:56:26+00:00\",\"description\":\"Metsavaade - lastetoa pilttapeet loomadega. M\u00e4nguline, p\u00f5hjamaine mets - disain lastetoa seinale. Keskkonnas\u00f5bralik tapeet lastele\",\"breadcrumb\":{\"@id\":\"https:\/\/baubauwall.com\/et\/toode\/pilttapeet-vaade-metsa\/#breadcrumb\"},\"inLanguage\":\"et\",\"potentialAction\":[{\"@type\":\"ReadAction\",\"target\":[\"https:\/\/baubauwall.com\/et\/toode\/pilttapeet-vaade-metsa\/\"]}]},{\"@type\":\"ImageObject\",\"inLanguage\":\"et\",\"@id\":\"https:\/\/baubauwall.com\/et\/toode\/pilttapeet-vaade-metsa\/#primaryimage\",\"url\":\"https:\/\/baubauwall.com\/wp-content\/uploads\/2024\/03\/51200369_ForestVista_Baubauwall_Wall_Mural_room1.jpg\",\"contentUrl\":\"https:\/\/baubauwall.com\/wp-content\/uploads\/2024\/03\/51200369_ForestVista_Baubauwall_Wall_Mural_room1.jpg\",\"width\":1134,\"height\":850},{\"@type\":\"BreadcrumbList\",\"@id\":\"https:\/\/baubauwall.com\/et\/toode\/pilttapeet-vaade-metsa\/#breadcrumb\",\"itemListElement\":[{\"@type\":\"ListItem\",\"position\":1,\"name\":\"Koju\",\"item\":\"https:\/\/baubauwall.com\/et\/\"},{\"@type\":\"ListItem\",\"position\":2,\"name\":\"Tapeedid\",\"item\":\"https:\/\/baubauwall.com\/et\/tapeedid\/\"},{\"@type\":\"ListItem\",\"position\":3,\"name\":\"Vaade metsa\"}]},{\"@type\":\"WebSite\",\"@id\":\"https:\/\/baubauwall.com\/et\/#website\",\"url\":\"https:\/\/baubauwall.com\/et\/\",\"name\":\"BAUBAUWALL Wallpapers\",\"description\":\"Valmis paanides tapeet Eestist!\",\"publisher\":{\"@id\":\"https:\/\/baubauwall.com\/et\/#organization\"},\"potentialAction\":[{\"@type\":\"SearchAction\",\"target\":{\"@type\":\"EntryPoint\",\"urlTemplate\":\"https:\/\/baubauwall.com\/et\/?s={search_term_string}\"},\"query-input\":{\"@type\":\"PropertyValueSpecification\",\"valueRequired\":true,\"valueName\":\"search_term_string\"}}],\"inLanguage\":\"et\"},{\"@type\":\"Organization\",\"@id\":\"https:\/\/baubauwall.com\/et\/#organization\",\"name\":\"BAUBAUWALL Wallpapers\",\"url\":\"https:\/\/baubauwall.com\/et\/\",\"logo\":{\"@type\":\"ImageObject\",\"inLanguage\":\"et\",\"@id\":\"https:\/\/baubauwall.com\/et\/#\/schema\/logo\/image\/\",\"url\":\"https:\/\/baubauwall.com\/wp-content\/uploads\/2022\/03\/logo-horizontal.svg\",\"contentUrl\":\"https:\/\/baubauwall.com\/wp-content\/uploads\/2022\/03\/logo-horizontal.svg\",\"width\":\"1024\",\"height\":\"1024\",\"caption\":\"BAUBAUWALL Wallpapers\"},\"image\":{\"@id\":\"https:\/\/baubauwall.com\/et\/#\/schema\/logo\/image\/\"},\"sameAs\":[\"https:\/\/www.facebook.com\/Baubauwall\",\"https:\/\/www.instagram.com\/baubauwall\"]}]}<\/script>\n<!-- \/ Yoast SEO plugin. -->","yoast_head_json":{"title":"Pilttapeet k\u00f5ige ilusamasse lastetuppa! Vaade metsale tapeedil","description":"Metsavaade - lastetoa pilttapeet loomadega. M\u00e4nguline, p\u00f5hjamaine mets - disain lastetoa seinale. Keskkonnas\u00f5bralik tapeet lastele","robots":{"index":"index","follow":"follow","max-snippet":"max-snippet:-1","max-image-preview":"max-image-preview:large","max-video-preview":"max-video-preview:-1"},"canonical":"https:\/\/baubauwall.com\/et\/toode\/pilttapeet-vaade-metsa\/","og_locale":"et_EE","og_type":"article","og_title":"BAUBAUWALL TAPEEDID","og_description":"Metsavaade - lastetoa pilttapeet loomadega. M\u00e4nguline, p\u00f5hjamaine mets - disain lastetoa seinale. Keskkonnas\u00f5bralik tapeet lastele","og_url":"https:\/\/baubauwall.com\/et\/toode\/pilttapeet-vaade-metsa\/","og_site_name":"BAUBAUWALL TAPEEDID","article_publisher":"https:\/\/www.facebook.com\/Baubauwall","article_modified_time":"2024-04-23T10:56:26+00:00","og_image":[{"width":1143,"height":1600,"url":"https:\/\/baubauwall.com\/wp-content\/uploads\/2024\/03\/51200369_ForestVista_Baubauwall_Wall_Mural_room5.jpg","type":"image\/jpeg"}],"twitter_card":"summary_large_image","twitter_misc":{"Est. reading time":"1 minut"},"schema":{"@context":"https:\/\/schema.org","@graph":[{"@type":"WebPage","@id":"https:\/\/baubauwall.com\/et\/toode\/pilttapeet-vaade-metsa\/","url":"https:\/\/baubauwall.com\/et\/toode\/pilttapeet-vaade-metsa\/","name":"Pilttapeet k\u00f5ige ilusamasse lastetuppa! Vaade metsale tapeedil","isPartOf":{"@id":"https:\/\/baubauwall.com\/et\/#website"},"primaryImageOfPage":{"@id":"https:\/\/baubauwall.com\/et\/toode\/pilttapeet-vaade-metsa\/#primaryimage"},"image":{"@id":"https:\/\/baubauwall.com\/et\/toode\/pilttapeet-vaade-metsa\/#primaryimage"},"thumbnailUrl":"https:\/\/baubauwall.com\/wp-content\/uploads\/2024\/03\/51200369_ForestVista_Baubauwall_Wall_Mural_room1.jpg","datePublished":"2024-03-28T10:22:32+00:00","dateModified":"2024-04-23T10:56:26+00:00","description":"Metsavaade - lastetoa pilttapeet loomadega. M\u00e4nguline, p\u00f5hjamaine mets - disain lastetoa seinale. Keskkonnas\u00f5bralik tapeet lastele","breadcrumb":{"@id":"https:\/\/baubauwall.com\/et\/toode\/pilttapeet-vaade-metsa\/#breadcrumb"},"inLanguage":"et","potentialAction":[{"@type":"ReadAction","target":["https:\/\/baubauwall.com\/et\/toode\/pilttapeet-vaade-metsa\/"]}]},{"@type":"ImageObject","inLanguage":"et","@id":"https:\/\/baubauwall.com\/et\/toode\/pilttapeet-vaade-metsa\/#primaryimage","url":"https:\/\/baubauwall.com\/wp-content\/uploads\/2024\/03\/51200369_ForestVista_Baubauwall_Wall_Mural_room1.jpg","contentUrl":"https:\/\/baubauwall.com\/wp-content\/uploads\/2024\/03\/51200369_ForestVista_Baubauwall_Wall_Mural_room1.jpg","width":1134,"height":850},{"@type":"BreadcrumbList","@id":"https:\/\/baubauwall.com\/et\/toode\/pilttapeet-vaade-metsa\/#breadcrumb","itemListElement":[{"@type":"ListItem","position":1,"name":"Koju","item":"https:\/\/baubauwall.com\/et\/"},{"@type":"ListItem","position":2,"name":"Tapeedid","item":"https:\/\/baubauwall.com\/et\/tapeedid\/"},{"@type":"ListItem","position":3,"name":"Vaade metsa"}]},{"@type":"WebSite","@id":"https:\/\/baubauwall.com\/et\/#website","url":"https:\/\/baubauwall.com\/et\/","name":"BAUBAUWALL Wallpapers","description":"Valmis paanides tapeet Eestist!","publisher":{"@id":"https:\/\/baubauwall.com\/et\/#organization"},"potentialAction":[{"@type":"SearchAction","target":{"@type":"EntryPoint","urlTemplate":"https:\/\/baubauwall.com\/et\/?s={search_term_string}"},"query-input":{"@type":"PropertyValueSpecification","valueRequired":true,"valueName":"search_term_string"}}],"inLanguage":"et"},{"@type":"Organization","@id":"https:\/\/baubauwall.com\/et\/#organization","name":"BAUBAUWALL Wallpapers","url":"https:\/\/baubauwall.com\/et\/","logo":{"@type":"ImageObject","inLanguage":"et","@id":"https:\/\/baubauwall.com\/et\/#\/schema\/logo\/image\/","url":"https:\/\/baubauwall.com\/wp-content\/uploads\/2022\/03\/logo-horizontal.svg","contentUrl":"https:\/\/baubauwall.com\/wp-content\/uploads\/2022\/03\/logo-horizontal.svg","width":"1024","height":"1024","caption":"BAUBAUWALL Wallpapers"},"image":{"@id":"https:\/\/baubauwall.com\/et\/#\/schema\/logo\/image\/"},"sameAs":["https:\/\/www.facebook.com\/Baubauwall","https:\/\/www.instagram.com\/baubauwall"]}]}},"jetpack_sharing_enabled":true,"_links":{"self":[{"href":"https:\/\/baubauwall.com\/et\/wp-json\/wp\/v2\/product\/35383","targetHints":{"allow":["GET"]}}],"collection":[{"href":"https:\/\/baubauwall.com\/et\/wp-json\/wp\/v2\/product"}],"about":[{"href":"https:\/\/baubauwall.com\/et\/wp-json\/wp\/v2\/types\/product"}],"replies":[{"embeddable":true,"href":"https:\/\/baubauwall.com\/et\/wp-json\/wp\/v2\/comments?post=35383"}],"wp:featuredmedia":[{"embeddable":true,"href":"https:\/\/baubauwall.com\/et\/wp-json\/wp\/v2\/media\/35394"}],"wp:attachment":[{"href":"https:\/\/baubauwall.com\/et\/wp-json\/wp\/v2\/media?parent=35383"}],"wp:term":[{"taxonomy":"product_brand","embeddable":true,"href":"https:\/\/baubauwall.com\/et\/wp-json\/wp\/v2\/product_brand?post=35383"},{"taxonomy":"product_cat","embeddable":true,"href":"https:\/\/baubauwall.com\/et\/wp-json\/wp\/v2\/product_cat?post=35383"},{"taxonomy":"product_tag","embeddable":true,"href":"https:\/\/baubauwall.com\/et\/wp-json\/wp\/v2\/product_tag?post=35383"}],"curies":[{"name":"wp","href":"https:\/\/api.w.org\/{rel}","templated":true}]}}