{"id":35429,"date":"2024-03-28T14:27:43","date_gmt":"2024-03-28T12:27:43","guid":{"rendered":"https:\/\/baubauwall.com\/product\/mural-wallpaper-happy-hills\/"},"modified":"2025-03-17T15:46:58","modified_gmt":"2025-03-17T13:46:58","slug":"pilttapeet-lastele-muinasjutuline-metsatukk","status":"publish","type":"product","link":"https:\/\/baubauwall.com\/et\/toode\/pilttapeet-lastele-muinasjutuline-metsatukk\/","title":{"rendered":"Muinasjutuline metsatukk"},"content":{"rendered":"<p>Lastetoa tapeeditrendide teemade topis on kindlasti metsad ja nende elanikud. Lisa siia P\u00f5hjamaine stiil, k\u00fclm roheline v\u00e4rvigamma, otsatult palju ilu ja detailirohkust ning tulemuseks on tapeet lastele, mis on lihtsalt vau! Kui valid tapeeti lastetuppa, pea meeles, et l\u00f5pptulemus v\u00f5iks laste kujutlusv\u00f5imet veelgi v\u00f5imendada. Hea lastetoa tapeet on \u00fctlemata inspireeriv, muinasjutuline ja t\u00e4iendab toa muud sisustust! Sellel muinasjutumetsa pilttapeedil on k\u00f5ik see olemas. Lase lapse m\u00f5tetel r\u00e4nnata muinasjutumetsas ja saada s\u00f5braks hirvekeste, pisikeste rebaste, oravate ja j\u00e4nkudega.<\/p>\n<p><strong>Nagu k\u00f5ik Baubauwalli kordusmustriga tapeedid, fototapeedid ja pilttapeedid, on ka see imeilus disain lastetuppa tr\u00fckitud\u00a0<a href=\"https:\/\/baubauwall.com\/et\/keskkonnasobralikud-tapeedid\/\" target=\"_blank\" rel=\"noopener\">keskkonnas\u00f5bralike v\u00e4rvidega<\/a>, hingavale fliistapeedi materjalile, mis ei l\u00e4igi ja on lihtne paigaldada. Sinu uus tapeet tuleb valmis l\u00f5igatud ning nummerdatud paanides, mis on t\u00e4pselt nii k\u00f5rged, kui Sinu sein. Pakist leiad ka sobiva fliistapeedi liimi.<\/strong><\/p>\n","protected":false},"excerpt":{"rendered":"<p>Lastetoa tapeeditrendide teemade topis on kindlasti metsad ja nende elanikud. Lisa siia P\u00f5hjamaine stiil, k\u00fclm roheline v\u00e4rvigamma, otsatult palju ilu ja detailirohkust ning tulemuseks on tapeet lastele, mis on lihtsalt vau! Kui valid tapeeti lastetuppa, pea meeles, et l\u00f5pptulemus v\u00f5iks laste kujutlusv\u00f5imet veelgi v\u00f5imendada. Hea lastetoa tapeet on \u00fctlemata inspireeriv, muinasjutuline ja t\u00e4iendab toa muud [&hellip;]<\/p>\n","protected":false},"featured_media":35414,"comment_status":"open","ping_status":"closed","template":"","meta":{"_acf_changed":false,"inline_featured_image":false},"product_brand":[],"product_cat":[629,387,396,269,270,271,400,248,254,255],"product_tag":[631,345,308,724,324],"class_list":{"0":"post-35429","1":"product","2":"type-product","3":"status-publish","4":"has-post-thumbnail","6":"product_cat-kikki-belle-tapeedid","7":"product_cat-pilttapeedid","8":"product_cat-skandinaavia","9":"product_cat-pruunid-tapeedid","10":"product_cat-tumedad-tapeedid","11":"product_cat-rohelised-tapeedid","12":"product_cat-lastetoa-tapeedid","13":"product_cat-mets","14":"product_cat-loodus","15":"product_cat-loomad","16":"product_tag-kikki-belle-et","17":"product_tag-pilttapeet","18":"product_tag-poiste-tuba","19":"product_tag-sooneutraalsed-varvid-et","20":"product_tag-tudruku-tuba","21":"pa_designedby-sir-edward","23":"first","24":"instock","25":"taxable","26":"shipping-taxable","27":"purchasable","28":"product-type-simple"},"acf":[],"yoast_head":"<!-- This site is optimized with the Yoast SEO plugin v25.9 - https:\/\/yoast.com\/wordpress\/plugins\/seo\/ -->\n<title>Lastetoa tapeet, mis paneb naeratama seinad ja sinu!<\/title>\n<meta name=\"description\" content=\"P\u00f5hjamaises stiilis tapeet lastetuppa, mille disainil on k\u00e4sitsi illustreeritud mets ja selle elanikud. Tapeet lastele rohelise metsa ja loomadega.\" \/>\n<meta name=\"robots\" content=\"index, follow, max-snippet:-1, max-image-preview:large, max-video-preview:-1\" \/>\n<link rel=\"canonical\" href=\"https:\/\/baubauwall.com\/et\/toode\/pilttapeet-lastele-muinasjutuline-metsatukk\/\" \/>\n<meta property=\"og:locale\" content=\"et_EE\" \/>\n<meta property=\"og:type\" content=\"article\" \/>\n<meta property=\"og:title\" content=\"BAUBAUWALL TAPEEDID\" \/>\n<meta property=\"og:description\" content=\"Muinasjutuline metsatukk\" \/>\n<meta property=\"og:url\" content=\"https:\/\/baubauwall.com\/et\/toode\/pilttapeet-lastele-muinasjutuline-metsatukk\/\" \/>\n<meta property=\"og:site_name\" content=\"BAUBAUWALL TAPEEDID\" \/>\n<meta property=\"article:publisher\" content=\"https:\/\/www.facebook.com\/Baubauwall\" \/>\n<meta property=\"article:modified_time\" content=\"2025-03-17T13:46:58+00:00\" \/>\n<meta property=\"og:image\" content=\"https:\/\/baubauwall.com\/wp-content\/uploads\/2024\/03\/51200370_HappyHills_Baubauwall_Wall_Mural_room6.jpg\" \/>\n\t<meta property=\"og:image:width\" content=\"2356\" \/>\n\t<meta property=\"og:image:height\" content=\"1600\" \/>\n\t<meta property=\"og:image:type\" content=\"image\/jpeg\" \/>\n<meta name=\"twitter:card\" content=\"summary_large_image\" \/>\n<meta name=\"twitter:label1\" content=\"Est. reading time\" \/>\n\t<meta name=\"twitter:data1\" content=\"1 minut\" \/>\n<script type=\"application\/ld+json\" class=\"yoast-schema-graph\">{\"@context\":\"https:\/\/schema.org\",\"@graph\":[{\"@type\":\"WebPage\",\"@id\":\"https:\/\/baubauwall.com\/et\/toode\/pilttapeet-lastele-muinasjutuline-metsatukk\/\",\"url\":\"https:\/\/baubauwall.com\/et\/toode\/pilttapeet-lastele-muinasjutuline-metsatukk\/\",\"name\":\"Lastetoa tapeet, mis paneb naeratama seinad ja sinu!\",\"isPartOf\":{\"@id\":\"https:\/\/baubauwall.com\/et\/#website\"},\"primaryImageOfPage\":{\"@id\":\"https:\/\/baubauwall.com\/et\/toode\/pilttapeet-lastele-muinasjutuline-metsatukk\/#primaryimage\"},\"image\":{\"@id\":\"https:\/\/baubauwall.com\/et\/toode\/pilttapeet-lastele-muinasjutuline-metsatukk\/#primaryimage\"},\"thumbnailUrl\":\"https:\/\/baubauwall.com\/wp-content\/uploads\/2024\/03\/51200370_HappyHills_Baubauwall_Wall_Mural_room5.jpg\",\"datePublished\":\"2024-03-28T12:27:43+00:00\",\"dateModified\":\"2025-03-17T13:46:58+00:00\",\"description\":\"P\u00f5hjamaises stiilis tapeet lastetuppa, mille disainil on k\u00e4sitsi illustreeritud mets ja selle elanikud. Tapeet lastele rohelise metsa ja loomadega.\",\"breadcrumb\":{\"@id\":\"https:\/\/baubauwall.com\/et\/toode\/pilttapeet-lastele-muinasjutuline-metsatukk\/#breadcrumb\"},\"inLanguage\":\"et\",\"potentialAction\":[{\"@type\":\"ReadAction\",\"target\":[\"https:\/\/baubauwall.com\/et\/toode\/pilttapeet-lastele-muinasjutuline-metsatukk\/\"]}]},{\"@type\":\"ImageObject\",\"inLanguage\":\"et\",\"@id\":\"https:\/\/baubauwall.com\/et\/toode\/pilttapeet-lastele-muinasjutuline-metsatukk\/#primaryimage\",\"url\":\"https:\/\/baubauwall.com\/wp-content\/uploads\/2024\/03\/51200370_HappyHills_Baubauwall_Wall_Mural_room5.jpg\",\"contentUrl\":\"https:\/\/baubauwall.com\/wp-content\/uploads\/2024\/03\/51200370_HappyHills_Baubauwall_Wall_Mural_room5.jpg\",\"width\":2400,\"height\":1600},{\"@type\":\"BreadcrumbList\",\"@id\":\"https:\/\/baubauwall.com\/et\/toode\/pilttapeet-lastele-muinasjutuline-metsatukk\/#breadcrumb\",\"itemListElement\":[{\"@type\":\"ListItem\",\"position\":1,\"name\":\"Koju\",\"item\":\"https:\/\/baubauwall.com\/et\/\"},{\"@type\":\"ListItem\",\"position\":2,\"name\":\"Tapeedid\",\"item\":\"https:\/\/baubauwall.com\/et\/tapeedid\/\"},{\"@type\":\"ListItem\",\"position\":3,\"name\":\"Muinasjutuline metsatukk\"}]},{\"@type\":\"WebSite\",\"@id\":\"https:\/\/baubauwall.com\/et\/#website\",\"url\":\"https:\/\/baubauwall.com\/et\/\",\"name\":\"BAUBAUWALL Wallpapers\",\"description\":\"Valmis paanides tapeet Eestist!\",\"publisher\":{\"@id\":\"https:\/\/baubauwall.com\/et\/#organization\"},\"potentialAction\":[{\"@type\":\"SearchAction\",\"target\":{\"@type\":\"EntryPoint\",\"urlTemplate\":\"https:\/\/baubauwall.com\/et\/?s={search_term_string}\"},\"query-input\":{\"@type\":\"PropertyValueSpecification\",\"valueRequired\":true,\"valueName\":\"search_term_string\"}}],\"inLanguage\":\"et\"},{\"@type\":\"Organization\",\"@id\":\"https:\/\/baubauwall.com\/et\/#organization\",\"name\":\"BAUBAUWALL Wallpapers\",\"url\":\"https:\/\/baubauwall.com\/et\/\",\"logo\":{\"@type\":\"ImageObject\",\"inLanguage\":\"et\",\"@id\":\"https:\/\/baubauwall.com\/et\/#\/schema\/logo\/image\/\",\"url\":\"https:\/\/baubauwall.com\/wp-content\/uploads\/2022\/03\/logo-horizontal.svg\",\"contentUrl\":\"https:\/\/baubauwall.com\/wp-content\/uploads\/2022\/03\/logo-horizontal.svg\",\"width\":\"1024\",\"height\":\"1024\",\"caption\":\"BAUBAUWALL Wallpapers\"},\"image\":{\"@id\":\"https:\/\/baubauwall.com\/et\/#\/schema\/logo\/image\/\"},\"sameAs\":[\"https:\/\/www.facebook.com\/Baubauwall\",\"https:\/\/www.instagram.com\/baubauwall\"]}]}<\/script>\n<!-- \/ Yoast SEO plugin. -->","yoast_head_json":{"title":"Lastetoa tapeet, mis paneb naeratama seinad ja sinu!","description":"P\u00f5hjamaises stiilis tapeet lastetuppa, mille disainil on k\u00e4sitsi illustreeritud mets ja selle elanikud. Tapeet lastele rohelise metsa ja loomadega.","robots":{"index":"index","follow":"follow","max-snippet":"max-snippet:-1","max-image-preview":"max-image-preview:large","max-video-preview":"max-video-preview:-1"},"canonical":"https:\/\/baubauwall.com\/et\/toode\/pilttapeet-lastele-muinasjutuline-metsatukk\/","og_locale":"et_EE","og_type":"article","og_title":"BAUBAUWALL TAPEEDID","og_description":"Muinasjutuline metsatukk","og_url":"https:\/\/baubauwall.com\/et\/toode\/pilttapeet-lastele-muinasjutuline-metsatukk\/","og_site_name":"BAUBAUWALL TAPEEDID","article_publisher":"https:\/\/www.facebook.com\/Baubauwall","article_modified_time":"2025-03-17T13:46:58+00:00","og_image":[{"width":2356,"height":1600,"url":"https:\/\/baubauwall.com\/wp-content\/uploads\/2024\/03\/51200370_HappyHills_Baubauwall_Wall_Mural_room6.jpg","type":"image\/jpeg"}],"twitter_card":"summary_large_image","twitter_misc":{"Est. reading time":"1 minut"},"schema":{"@context":"https:\/\/schema.org","@graph":[{"@type":"WebPage","@id":"https:\/\/baubauwall.com\/et\/toode\/pilttapeet-lastele-muinasjutuline-metsatukk\/","url":"https:\/\/baubauwall.com\/et\/toode\/pilttapeet-lastele-muinasjutuline-metsatukk\/","name":"Lastetoa tapeet, mis paneb naeratama seinad ja sinu!","isPartOf":{"@id":"https:\/\/baubauwall.com\/et\/#website"},"primaryImageOfPage":{"@id":"https:\/\/baubauwall.com\/et\/toode\/pilttapeet-lastele-muinasjutuline-metsatukk\/#primaryimage"},"image":{"@id":"https:\/\/baubauwall.com\/et\/toode\/pilttapeet-lastele-muinasjutuline-metsatukk\/#primaryimage"},"thumbnailUrl":"https:\/\/baubauwall.com\/wp-content\/uploads\/2024\/03\/51200370_HappyHills_Baubauwall_Wall_Mural_room5.jpg","datePublished":"2024-03-28T12:27:43+00:00","dateModified":"2025-03-17T13:46:58+00:00","description":"P\u00f5hjamaises stiilis tapeet lastetuppa, mille disainil on k\u00e4sitsi illustreeritud mets ja selle elanikud. Tapeet lastele rohelise metsa ja loomadega.","breadcrumb":{"@id":"https:\/\/baubauwall.com\/et\/toode\/pilttapeet-lastele-muinasjutuline-metsatukk\/#breadcrumb"},"inLanguage":"et","potentialAction":[{"@type":"ReadAction","target":["https:\/\/baubauwall.com\/et\/toode\/pilttapeet-lastele-muinasjutuline-metsatukk\/"]}]},{"@type":"ImageObject","inLanguage":"et","@id":"https:\/\/baubauwall.com\/et\/toode\/pilttapeet-lastele-muinasjutuline-metsatukk\/#primaryimage","url":"https:\/\/baubauwall.com\/wp-content\/uploads\/2024\/03\/51200370_HappyHills_Baubauwall_Wall_Mural_room5.jpg","contentUrl":"https:\/\/baubauwall.com\/wp-content\/uploads\/2024\/03\/51200370_HappyHills_Baubauwall_Wall_Mural_room5.jpg","width":2400,"height":1600},{"@type":"BreadcrumbList","@id":"https:\/\/baubauwall.com\/et\/toode\/pilttapeet-lastele-muinasjutuline-metsatukk\/#breadcrumb","itemListElement":[{"@type":"ListItem","position":1,"name":"Koju","item":"https:\/\/baubauwall.com\/et\/"},{"@type":"ListItem","position":2,"name":"Tapeedid","item":"https:\/\/baubauwall.com\/et\/tapeedid\/"},{"@type":"ListItem","position":3,"name":"Muinasjutuline metsatukk"}]},{"@type":"WebSite","@id":"https:\/\/baubauwall.com\/et\/#website","url":"https:\/\/baubauwall.com\/et\/","name":"BAUBAUWALL Wallpapers","description":"Valmis paanides tapeet Eestist!","publisher":{"@id":"https:\/\/baubauwall.com\/et\/#organization"},"potentialAction":[{"@type":"SearchAction","target":{"@type":"EntryPoint","urlTemplate":"https:\/\/baubauwall.com\/et\/?s={search_term_string}"},"query-input":{"@type":"PropertyValueSpecification","valueRequired":true,"valueName":"search_term_string"}}],"inLanguage":"et"},{"@type":"Organization","@id":"https:\/\/baubauwall.com\/et\/#organization","name":"BAUBAUWALL Wallpapers","url":"https:\/\/baubauwall.com\/et\/","logo":{"@type":"ImageObject","inLanguage":"et","@id":"https:\/\/baubauwall.com\/et\/#\/schema\/logo\/image\/","url":"https:\/\/baubauwall.com\/wp-content\/uploads\/2022\/03\/logo-horizontal.svg","contentUrl":"https:\/\/baubauwall.com\/wp-content\/uploads\/2022\/03\/logo-horizontal.svg","width":"1024","height":"1024","caption":"BAUBAUWALL Wallpapers"},"image":{"@id":"https:\/\/baubauwall.com\/et\/#\/schema\/logo\/image\/"},"sameAs":["https:\/\/www.facebook.com\/Baubauwall","https:\/\/www.instagram.com\/baubauwall"]}]}},"jetpack_sharing_enabled":true,"_links":{"self":[{"href":"https:\/\/baubauwall.com\/et\/wp-json\/wp\/v2\/product\/35429","targetHints":{"allow":["GET"]}}],"collection":[{"href":"https:\/\/baubauwall.com\/et\/wp-json\/wp\/v2\/product"}],"about":[{"href":"https:\/\/baubauwall.com\/et\/wp-json\/wp\/v2\/types\/product"}],"replies":[{"embeddable":true,"href":"https:\/\/baubauwall.com\/et\/wp-json\/wp\/v2\/comments?post=35429"}],"wp:featuredmedia":[{"embeddable":true,"href":"https:\/\/baubauwall.com\/et\/wp-json\/wp\/v2\/media\/35414"}],"wp:attachment":[{"href":"https:\/\/baubauwall.com\/et\/wp-json\/wp\/v2\/media?parent=35429"}],"wp:term":[{"taxonomy":"product_brand","embeddable":true,"href":"https:\/\/baubauwall.com\/et\/wp-json\/wp\/v2\/product_brand?post=35429"},{"taxonomy":"product_cat","embeddable":true,"href":"https:\/\/baubauwall.com\/et\/wp-json\/wp\/v2\/product_cat?post=35429"},{"taxonomy":"product_tag","embeddable":true,"href":"https:\/\/baubauwall.com\/et\/wp-json\/wp\/v2\/product_tag?post=35429"}],"curies":[{"name":"wp","href":"https:\/\/api.w.org\/{rel}","templated":true}]}}