{"id":35432,"date":"2024-03-28T11:52:50","date_gmt":"2024-03-28T09:52:50","guid":{"rendered":"https:\/\/baubauwall.com\/product\/mural-wallpaper-animal-parade-black-white\/"},"modified":"2024-04-23T11:01:12","modified_gmt":"2024-04-23T09:01:12","slug":"pilttapeet-loomade-paraad-mustvalge","status":"publish","type":"product","link":"https:\/\/baubauwall.com\/et\/toode\/pilttapeet-loomade-paraad-mustvalge\/","title":{"rendered":"Loomade paraad &#8211; mustvalge"},"content":{"rendered":"<p>Mustvalge pilttapeet lastetuppa, mis v\u00f5lub oma monokroomse, P\u00f5hjamaise v\u00e4rvipalettiga. Kuigi, see mida tapeedil kujutatud, on kaugel P\u00f5hjamaast! L\u00f5bus d\u017eungel, mille disainil on end paraadiks valmis s\u00e4ttinud elevandipere, graatsiline kaelkirjak, l\u00f5busad ahvikesed jalgrattal ja isegi tiiger. See on pilttapeet, mille mustvalge v\u00e4rvigamma lubab tapeedi paigaldada aktsentseinale ning lastetoa \u00fclej\u00e4\u00e4nud seinad v\u00e4rvida valgeks ning juurde sobitada hele m\u00f6\u00f6bel. L\u00f5ppude l\u00f5puks on lastetuba tavaliselt t\u00e4is m\u00e4nguasju ja muud meeleolu loovat ning k\u00f5ik kipub lihtsalt kirjuks minema. Seep\u00e4rast ongi hea idee kasutada mustvalget tapeeti rahuliku \u00fcldmulje loomiseks.<\/p>\n<p><strong>Nagu k\u00f5ik Baubauwalli kordusmustriga tapeedid, fototapeedid ja pilttapeedid, on ka see imeilus disain lastetuppa tr\u00fckitud <a href=\"https:\/\/baubauwall.com\/et\/keskkonnasobralikud-tapeedid\/\" target=\"_blank\" rel=\"noopener\">keskkonnas\u00f5bralike v\u00e4rvidega<\/a>, hingavale fliistapeedi materjalile, mis ei l\u00e4igi ja on lihtne paigaldada. Sinu uus tapeet tuleb valmis l\u00f5igatud ning nummerdatud paanides, mis on t\u00e4pselt nii k\u00f5rged, kui Sinu sein. Pakist leiad ka sobiva liimi.<\/strong><\/p>\n","protected":false},"excerpt":{"rendered":"<p>Mustvalge pilttapeet lastetuppa, mis v\u00f5lub oma monokroomse, P\u00f5hjamaise v\u00e4rvipalettiga. Kuigi, see mida tapeedil kujutatud, on kaugel P\u00f5hjamaast! L\u00f5bus d\u017eungel, mille disainil on end paraadiks valmis s\u00e4ttinud elevandipere, graatsiline kaelkirjak, l\u00f5busad ahvikesed jalgrattal ja isegi tiiger. See on pilttapeet, mille mustvalge v\u00e4rvigamma lubab tapeedi paigaldada aktsentseinale ning lastetoa \u00fclej\u00e4\u00e4nud seinad v\u00e4rvida valgeks ning juurde sobitada hele [&hellip;]<\/p>\n","protected":false},"featured_media":35345,"comment_status":"open","ping_status":"closed","template":"","meta":{"_acf_changed":false,"inline_featured_image":false},"product_brand":[],"product_cat":[629,387,396,272,273,410,400,248,250,254,255],"product_tag":[631,294,345,308,724,324],"class_list":{"0":"post-35432","1":"product","2":"type-product","3":"status-publish","4":"has-post-thumbnail","6":"product_cat-kikki-belle-tapeedid","7":"product_cat-pilttapeedid","8":"product_cat-skandinaavia","9":"product_cat-hallid-tapeedid","10":"product_cat-heledad-tapeedid","11":"product_cat-valge-tapeedid","12":"product_cat-lastetoa-tapeedid","13":"product_cat-mets","14":"product_cat-dzungel-troopika","15":"product_cat-loodus","16":"product_cat-loomad","17":"product_tag-kikki-belle-et","18":"product_tag-mustvalge","19":"product_tag-pilttapeet","20":"product_tag-poiste-tuba","21":"product_tag-sooneutraalsed-varvid-et","22":"product_tag-tudruku-tuba","23":"pa_designedby-sir-edward","25":"first","26":"instock","27":"taxable","28":"shipping-taxable","29":"purchasable","30":"product-type-simple"},"acf":[],"yoast_head":"<!-- This site is optimized with the Yoast SEO plugin v25.9 - https:\/\/yoast.com\/wordpress\/plugins\/seo\/ -->\n<title>Pilttapeet mustvalges v\u00e4rvigammas lastetuppa. Lastetoa tapeet<\/title>\n<meta name=\"description\" content=\"Lustlik ja stiilne mustvalge tapeet lastetuppa. D\u017eungel ja selle elanikud - tiiger, elevandid, ahvid ja kaelkirjak! Disain tapeet lastetoa aktsentseinale.\" \/>\n<meta name=\"robots\" content=\"index, follow, max-snippet:-1, max-image-preview:large, max-video-preview:-1\" \/>\n<link rel=\"canonical\" href=\"https:\/\/baubauwall.com\/et\/toode\/pilttapeet-loomade-paraad-mustvalge\/\" \/>\n<meta property=\"og:locale\" content=\"et_EE\" \/>\n<meta property=\"og:type\" content=\"article\" \/>\n<meta property=\"og:title\" content=\"BAUBAUWALL Wallpapers\" \/>\n<meta property=\"og:description\" content=\"Loomade paraad - mustvalge\" \/>\n<meta property=\"og:url\" content=\"https:\/\/baubauwall.com\/et\/toode\/pilttapeet-loomade-paraad-mustvalge\/\" \/>\n<meta property=\"og:site_name\" content=\"BAUBAUWALL Wallpapers\" \/>\n<meta property=\"article:publisher\" content=\"https:\/\/www.facebook.com\/Baubauwall\" \/>\n<meta property=\"article:modified_time\" content=\"2024-04-23T09:01:12+00:00\" \/>\n<meta property=\"og:image\" content=\"https:\/\/baubauwall.com\/wp-content\/uploads\/2024\/03\/51200366_AnimalParade-blacknwhite_Baubauwall_Wall_Mural_room7.jpg\" \/>\n\t<meta property=\"og:image:width\" content=\"2406\" \/>\n\t<meta property=\"og:image:height\" content=\"1600\" \/>\n\t<meta property=\"og:image:type\" content=\"image\/jpeg\" \/>\n<meta name=\"twitter:card\" content=\"summary_large_image\" \/>\n<meta name=\"twitter:label1\" content=\"Est. reading time\" \/>\n\t<meta name=\"twitter:data1\" content=\"1 minut\" \/>\n<script type=\"application\/ld+json\" class=\"yoast-schema-graph\">{\"@context\":\"https:\/\/schema.org\",\"@graph\":[{\"@type\":\"WebPage\",\"@id\":\"https:\/\/baubauwall.com\/et\/toode\/pilttapeet-loomade-paraad-mustvalge\/\",\"url\":\"https:\/\/baubauwall.com\/et\/toode\/pilttapeet-loomade-paraad-mustvalge\/\",\"name\":\"Pilttapeet mustvalges v\u00e4rvigammas lastetuppa. Lastetoa tapeet\",\"isPartOf\":{\"@id\":\"https:\/\/baubauwall.com\/et\/#website\"},\"primaryImageOfPage\":{\"@id\":\"https:\/\/baubauwall.com\/et\/toode\/pilttapeet-loomade-paraad-mustvalge\/#primaryimage\"},\"image\":{\"@id\":\"https:\/\/baubauwall.com\/et\/toode\/pilttapeet-loomade-paraad-mustvalge\/#primaryimage\"},\"thumbnailUrl\":\"https:\/\/baubauwall.com\/wp-content\/uploads\/2024\/03\/51200366_AnimalParade-blacknwhite_Baubauwall_Wall_Mural_room1.jpg\",\"datePublished\":\"2024-03-28T09:52:50+00:00\",\"dateModified\":\"2024-04-23T09:01:12+00:00\",\"description\":\"Lustlik ja stiilne mustvalge tapeet lastetuppa. D\u017eungel ja selle elanikud - tiiger, elevandid, ahvid ja kaelkirjak! Disain tapeet lastetoa aktsentseinale.\",\"breadcrumb\":{\"@id\":\"https:\/\/baubauwall.com\/et\/toode\/pilttapeet-loomade-paraad-mustvalge\/#breadcrumb\"},\"inLanguage\":\"et\",\"potentialAction\":[{\"@type\":\"ReadAction\",\"target\":[\"https:\/\/baubauwall.com\/et\/toode\/pilttapeet-loomade-paraad-mustvalge\/\"]}]},{\"@type\":\"ImageObject\",\"inLanguage\":\"et\",\"@id\":\"https:\/\/baubauwall.com\/et\/toode\/pilttapeet-loomade-paraad-mustvalge\/#primaryimage\",\"url\":\"https:\/\/baubauwall.com\/wp-content\/uploads\/2024\/03\/51200366_AnimalParade-blacknwhite_Baubauwall_Wall_Mural_room1.jpg\",\"contentUrl\":\"https:\/\/baubauwall.com\/wp-content\/uploads\/2024\/03\/51200366_AnimalParade-blacknwhite_Baubauwall_Wall_Mural_room1.jpg\",\"width\":1134,\"height\":850,\"caption\":\"Kids mural wallpaper in black and white\"},{\"@type\":\"BreadcrumbList\",\"@id\":\"https:\/\/baubauwall.com\/et\/toode\/pilttapeet-loomade-paraad-mustvalge\/#breadcrumb\",\"itemListElement\":[{\"@type\":\"ListItem\",\"position\":1,\"name\":\"Koju\",\"item\":\"https:\/\/baubauwall.com\/et\/\"},{\"@type\":\"ListItem\",\"position\":2,\"name\":\"Tapeedid\",\"item\":\"https:\/\/baubauwall.com\/et\/tapeedid\/\"},{\"@type\":\"ListItem\",\"position\":3,\"name\":\"Loomade paraad &#8211; mustvalge\"}]},{\"@type\":\"WebSite\",\"@id\":\"https:\/\/baubauwall.com\/et\/#website\",\"url\":\"https:\/\/baubauwall.com\/et\/\",\"name\":\"BAUBAUWALL Wallpapers\",\"description\":\"Valmis paanides tapeet Eestist!\",\"publisher\":{\"@id\":\"https:\/\/baubauwall.com\/et\/#organization\"},\"potentialAction\":[{\"@type\":\"SearchAction\",\"target\":{\"@type\":\"EntryPoint\",\"urlTemplate\":\"https:\/\/baubauwall.com\/et\/?s={search_term_string}\"},\"query-input\":{\"@type\":\"PropertyValueSpecification\",\"valueRequired\":true,\"valueName\":\"search_term_string\"}}],\"inLanguage\":\"et\"},{\"@type\":\"Organization\",\"@id\":\"https:\/\/baubauwall.com\/et\/#organization\",\"name\":\"BAUBAUWALL Wallpapers\",\"url\":\"https:\/\/baubauwall.com\/et\/\",\"logo\":{\"@type\":\"ImageObject\",\"inLanguage\":\"et\",\"@id\":\"https:\/\/baubauwall.com\/et\/#\/schema\/logo\/image\/\",\"url\":\"https:\/\/baubauwall.com\/wp-content\/uploads\/2022\/03\/logo-horizontal.svg\",\"contentUrl\":\"https:\/\/baubauwall.com\/wp-content\/uploads\/2022\/03\/logo-horizontal.svg\",\"width\":\"1024\",\"height\":\"1024\",\"caption\":\"BAUBAUWALL Wallpapers\"},\"image\":{\"@id\":\"https:\/\/baubauwall.com\/et\/#\/schema\/logo\/image\/\"},\"sameAs\":[\"https:\/\/www.facebook.com\/Baubauwall\",\"https:\/\/www.instagram.com\/baubauwall\"]}]}<\/script>\n<!-- \/ Yoast SEO plugin. -->","yoast_head_json":{"title":"Pilttapeet mustvalges v\u00e4rvigammas lastetuppa. Lastetoa tapeet","description":"Lustlik ja stiilne mustvalge tapeet lastetuppa. D\u017eungel ja selle elanikud - tiiger, elevandid, ahvid ja kaelkirjak! Disain tapeet lastetoa aktsentseinale.","robots":{"index":"index","follow":"follow","max-snippet":"max-snippet:-1","max-image-preview":"max-image-preview:large","max-video-preview":"max-video-preview:-1"},"canonical":"https:\/\/baubauwall.com\/et\/toode\/pilttapeet-loomade-paraad-mustvalge\/","og_locale":"et_EE","og_type":"article","og_title":"BAUBAUWALL Wallpapers","og_description":"Loomade paraad - mustvalge","og_url":"https:\/\/baubauwall.com\/et\/toode\/pilttapeet-loomade-paraad-mustvalge\/","og_site_name":"BAUBAUWALL Wallpapers","article_publisher":"https:\/\/www.facebook.com\/Baubauwall","article_modified_time":"2024-04-23T09:01:12+00:00","og_image":[{"width":2406,"height":1600,"url":"https:\/\/baubauwall.com\/wp-content\/uploads\/2024\/03\/51200366_AnimalParade-blacknwhite_Baubauwall_Wall_Mural_room7.jpg","type":"image\/jpeg"}],"twitter_card":"summary_large_image","twitter_misc":{"Est. reading time":"1 minut"},"schema":{"@context":"https:\/\/schema.org","@graph":[{"@type":"WebPage","@id":"https:\/\/baubauwall.com\/et\/toode\/pilttapeet-loomade-paraad-mustvalge\/","url":"https:\/\/baubauwall.com\/et\/toode\/pilttapeet-loomade-paraad-mustvalge\/","name":"Pilttapeet mustvalges v\u00e4rvigammas lastetuppa. Lastetoa tapeet","isPartOf":{"@id":"https:\/\/baubauwall.com\/et\/#website"},"primaryImageOfPage":{"@id":"https:\/\/baubauwall.com\/et\/toode\/pilttapeet-loomade-paraad-mustvalge\/#primaryimage"},"image":{"@id":"https:\/\/baubauwall.com\/et\/toode\/pilttapeet-loomade-paraad-mustvalge\/#primaryimage"},"thumbnailUrl":"https:\/\/baubauwall.com\/wp-content\/uploads\/2024\/03\/51200366_AnimalParade-blacknwhite_Baubauwall_Wall_Mural_room1.jpg","datePublished":"2024-03-28T09:52:50+00:00","dateModified":"2024-04-23T09:01:12+00:00","description":"Lustlik ja stiilne mustvalge tapeet lastetuppa. D\u017eungel ja selle elanikud - tiiger, elevandid, ahvid ja kaelkirjak! Disain tapeet lastetoa aktsentseinale.","breadcrumb":{"@id":"https:\/\/baubauwall.com\/et\/toode\/pilttapeet-loomade-paraad-mustvalge\/#breadcrumb"},"inLanguage":"et","potentialAction":[{"@type":"ReadAction","target":["https:\/\/baubauwall.com\/et\/toode\/pilttapeet-loomade-paraad-mustvalge\/"]}]},{"@type":"ImageObject","inLanguage":"et","@id":"https:\/\/baubauwall.com\/et\/toode\/pilttapeet-loomade-paraad-mustvalge\/#primaryimage","url":"https:\/\/baubauwall.com\/wp-content\/uploads\/2024\/03\/51200366_AnimalParade-blacknwhite_Baubauwall_Wall_Mural_room1.jpg","contentUrl":"https:\/\/baubauwall.com\/wp-content\/uploads\/2024\/03\/51200366_AnimalParade-blacknwhite_Baubauwall_Wall_Mural_room1.jpg","width":1134,"height":850,"caption":"Kids mural wallpaper in black and white"},{"@type":"BreadcrumbList","@id":"https:\/\/baubauwall.com\/et\/toode\/pilttapeet-loomade-paraad-mustvalge\/#breadcrumb","itemListElement":[{"@type":"ListItem","position":1,"name":"Koju","item":"https:\/\/baubauwall.com\/et\/"},{"@type":"ListItem","position":2,"name":"Tapeedid","item":"https:\/\/baubauwall.com\/et\/tapeedid\/"},{"@type":"ListItem","position":3,"name":"Loomade paraad &#8211; mustvalge"}]},{"@type":"WebSite","@id":"https:\/\/baubauwall.com\/et\/#website","url":"https:\/\/baubauwall.com\/et\/","name":"BAUBAUWALL Wallpapers","description":"Valmis paanides tapeet Eestist!","publisher":{"@id":"https:\/\/baubauwall.com\/et\/#organization"},"potentialAction":[{"@type":"SearchAction","target":{"@type":"EntryPoint","urlTemplate":"https:\/\/baubauwall.com\/et\/?s={search_term_string}"},"query-input":{"@type":"PropertyValueSpecification","valueRequired":true,"valueName":"search_term_string"}}],"inLanguage":"et"},{"@type":"Organization","@id":"https:\/\/baubauwall.com\/et\/#organization","name":"BAUBAUWALL Wallpapers","url":"https:\/\/baubauwall.com\/et\/","logo":{"@type":"ImageObject","inLanguage":"et","@id":"https:\/\/baubauwall.com\/et\/#\/schema\/logo\/image\/","url":"https:\/\/baubauwall.com\/wp-content\/uploads\/2022\/03\/logo-horizontal.svg","contentUrl":"https:\/\/baubauwall.com\/wp-content\/uploads\/2022\/03\/logo-horizontal.svg","width":"1024","height":"1024","caption":"BAUBAUWALL Wallpapers"},"image":{"@id":"https:\/\/baubauwall.com\/et\/#\/schema\/logo\/image\/"},"sameAs":["https:\/\/www.facebook.com\/Baubauwall","https:\/\/www.instagram.com\/baubauwall"]}]}},"jetpack_sharing_enabled":true,"_links":{"self":[{"href":"https:\/\/baubauwall.com\/et\/wp-json\/wp\/v2\/product\/35432","targetHints":{"allow":["GET"]}}],"collection":[{"href":"https:\/\/baubauwall.com\/et\/wp-json\/wp\/v2\/product"}],"about":[{"href":"https:\/\/baubauwall.com\/et\/wp-json\/wp\/v2\/types\/product"}],"replies":[{"embeddable":true,"href":"https:\/\/baubauwall.com\/et\/wp-json\/wp\/v2\/comments?post=35432"}],"wp:featuredmedia":[{"embeddable":true,"href":"https:\/\/baubauwall.com\/et\/wp-json\/wp\/v2\/media\/35345"}],"wp:attachment":[{"href":"https:\/\/baubauwall.com\/et\/wp-json\/wp\/v2\/media?parent=35432"}],"wp:term":[{"taxonomy":"product_brand","embeddable":true,"href":"https:\/\/baubauwall.com\/et\/wp-json\/wp\/v2\/product_brand?post=35432"},{"taxonomy":"product_cat","embeddable":true,"href":"https:\/\/baubauwall.com\/et\/wp-json\/wp\/v2\/product_cat?post=35432"},{"taxonomy":"product_tag","embeddable":true,"href":"https:\/\/baubauwall.com\/et\/wp-json\/wp\/v2\/product_tag?post=35432"}],"curies":[{"name":"wp","href":"https:\/\/api.w.org\/{rel}","templated":true}]}}