{"id":35483,"date":"2024-04-01T09:00:26","date_gmt":"2024-04-01T07:00:26","guid":{"rendered":"https:\/\/baubauwall.com\/product\/mural-wallpaper-playful-forest\/"},"modified":"2025-12-09T11:42:38","modified_gmt":"2025-12-09T09:42:38","slug":"pilttapeet-lastele-rebaste-kuningriik","status":"publish","type":"product","link":"https:\/\/baubauwall.com\/et\/toode\/pilttapeet-lastele-rebaste-kuningriik\/","title":{"rendered":"Rebaste kuningriik"},"content":{"rendered":"<p>Soojades toonides elegantne pilttapeet lastetuppa v\u00f5i mujale. Kohevad rebased h\u00fcplevad muretult oksalt oksale koos linnukeste, siili ja j\u00e4nesega. Terrakota ja oran\u017eides toonides tapeedidisain on ajatu ja just selline, millega on lihtne sobitada interj\u00f6\u00f6ri muid detaile. M\u00f5tle rebasekarva ruugetele kardinatele ja kreemikat tooni m\u00f6\u00f6blile! L\u00f5bus fakt rebaste kohta on, et neid v\u00f5ib kohata peale lastetoa ka igal muul kontinendil peale Antarktika.\u00a0 Kusjuures, rebased eelistavad karjas elamise asemel elada ja jahti pidada \u00fcksinda. See ei k\u00e4i k\u00fcll selle tapeedi disaini kohta, sest siin on neid koguni 3 koos teise loomakestega!<\/p>\n<p>Vaata, kuidas see rebastega tapeet <a href=\"https:\/\/janeblogi.ee\/kuidas-see-ikka-on-nii-julm-et-igal-lapsel-pole-oma-tuba\/\" target=\"_blank\" rel=\"noopener\">muutis Jane lastetuba totaalselt<\/a>!<\/p>\n<p><strong>Nagu k\u00f5ik Baubauwalli kordusmustriga tapeedid, fototapeedid ja pilttapeedid, on ka see imeilus disain lastetuppa tr\u00fckitud\u00a0<a href=\"https:\/\/baubauwall.com\/et\/keskkonnasobralikud-tapeedid\/\" target=\"_blank\" rel=\"noopener\">keskkonnas\u00f5bralike v\u00e4rvidega<\/a>, hingavale fliistapeedi materjalile, mis ei l\u00e4igi ja on lihtne paigaldada. Sinu uus tapeet tuleb valmis l\u00f5igatud ning nummerdatud paanides, mis on t\u00e4pselt nii k\u00f5rged, kui Sinu sein. Pakist leiad ka sobiva fliistapeedi liimi.<\/strong><\/p>\n","protected":false},"excerpt":{"rendered":"<p>Soojades toonides elegantne pilttapeet lastetuppa v\u00f5i mujale. Kohevad rebased h\u00fcplevad muretult oksalt oksale koos linnukeste, siili ja j\u00e4nesega. Terrakota ja oran\u017eides toonides tapeedidisain on ajatu ja just selline, millega on lihtne sobitada interj\u00f6\u00f6ri muid detaile. M\u00f5tle rebasekarva ruugetele kardinatele ja kreemikat tooni m\u00f6\u00f6blile! L\u00f5bus fakt rebaste kohta on, et neid v\u00f5ib kohata peale lastetoa ka [&hellip;]<\/p>\n","protected":false},"featured_media":35474,"comment_status":"open","ping_status":"closed","template":"","meta":{"_acf_changed":false,"inline_featured_image":false},"product_brand":[],"product_cat":[629,387,395,406,396,265,269,275,400,255],"product_tag":[345,324],"class_list":{"0":"post-35483","1":"product","2":"type-product","3":"status-publish","4":"has-post-thumbnail","6":"product_cat-kikki-belle-tapeedid","7":"product_cat-pilttapeedid","8":"product_cat-romantiline","9":"product_cat-klassika","10":"product_cat-skandinaavia","11":"product_cat-beezid-tapeedid","12":"product_cat-pruunid-tapeedid","13":"product_cat-oranzid-tapeedid","14":"product_cat-lastetoa-tapeedid","15":"product_cat-loomad","16":"product_tag-pilttapeet","17":"product_tag-tudruku-tuba","19":"first","20":"instock","21":"taxable","22":"shipping-taxable","23":"purchasable","24":"product-type-simple"},"acf":[],"yoast_head":"<!-- This site is optimized with the Yoast SEO plugin v25.9 - https:\/\/yoast.com\/wordpress\/plugins\/seo\/ -->\n<title>Tapeet lastetuppa ilusate rebastega. Fliistapeet<\/title>\n<meta name=\"description\" content=\"Fliistapeet lastetuppa, millelt leiad ilusad rebased. Pilttapeet aktsentseinale v\u00f5i mitmele. P\u00f5hjamaises stiilis hele tapeet rebastega.\" \/>\n<meta name=\"robots\" content=\"index, follow, max-snippet:-1, max-image-preview:large, max-video-preview:-1\" \/>\n<link rel=\"canonical\" href=\"https:\/\/baubauwall.com\/et\/toode\/pilttapeet-lastele-rebaste-kuningriik\/\" \/>\n<meta property=\"og:locale\" content=\"et_EE\" \/>\n<meta property=\"og:type\" content=\"article\" \/>\n<meta property=\"og:title\" content=\"BAUBAUWALL Wallpapers\" \/>\n<meta property=\"og:description\" content=\"Fliistapeet lastetuppa, millelt leiad ilusad rebased. Pilttapeet aktsentseinale v\u00f5i mitmele. P\u00f5hjamaises stiilis hele tapeet rebastega.\" \/>\n<meta property=\"og:url\" content=\"https:\/\/baubauwall.com\/et\/toode\/pilttapeet-lastele-rebaste-kuningriik\/\" \/>\n<meta property=\"og:site_name\" content=\"BAUBAUWALL Wallpapers\" \/>\n<meta property=\"article:publisher\" content=\"https:\/\/www.facebook.com\/Baubauwall\" \/>\n<meta property=\"article:modified_time\" content=\"2025-12-09T09:42:38+00:00\" \/>\n<meta property=\"og:image\" content=\"https:\/\/baubauwall.com\/wp-content\/uploads\/2022\/11\/51200372_PlayfulForest_Baubauwall_Wall_Mural_room4.jpg\" \/>\n\t<meta property=\"og:image:width\" content=\"1134\" \/>\n\t<meta property=\"og:image:height\" content=\"850\" \/>\n\t<meta property=\"og:image:type\" content=\"image\/jpeg\" \/>\n<meta name=\"twitter:card\" content=\"summary_large_image\" \/>\n<meta name=\"twitter:label1\" content=\"Est. reading time\" \/>\n\t<meta name=\"twitter:data1\" content=\"1 minut\" \/>\n<script type=\"application\/ld+json\" class=\"yoast-schema-graph\">{\"@context\":\"https:\/\/schema.org\",\"@graph\":[{\"@type\":\"WebPage\",\"@id\":\"https:\/\/baubauwall.com\/et\/toode\/pilttapeet-lastele-rebaste-kuningriik\/\",\"url\":\"https:\/\/baubauwall.com\/et\/toode\/pilttapeet-lastele-rebaste-kuningriik\/\",\"name\":\"Tapeet lastetuppa ilusate rebastega. Fliistapeet\",\"isPartOf\":{\"@id\":\"https:\/\/baubauwall.com\/et\/#website\"},\"primaryImageOfPage\":{\"@id\":\"https:\/\/baubauwall.com\/et\/toode\/pilttapeet-lastele-rebaste-kuningriik\/#primaryimage\"},\"image\":{\"@id\":\"https:\/\/baubauwall.com\/et\/toode\/pilttapeet-lastele-rebaste-kuningriik\/#primaryimage\"},\"thumbnailUrl\":\"https:\/\/baubauwall.com\/wp-content\/uploads\/2022\/11\/51200372_PlayfulForest_Baubauwall_Wall_Mural_room5.jpg\",\"datePublished\":\"2024-04-01T07:00:26+00:00\",\"dateModified\":\"2025-12-09T09:42:38+00:00\",\"description\":\"Fliistapeet lastetuppa, millelt leiad ilusad rebased. Pilttapeet aktsentseinale v\u00f5i mitmele. P\u00f5hjamaises stiilis hele tapeet rebastega.\",\"breadcrumb\":{\"@id\":\"https:\/\/baubauwall.com\/et\/toode\/pilttapeet-lastele-rebaste-kuningriik\/#breadcrumb\"},\"inLanguage\":\"et\",\"potentialAction\":[{\"@type\":\"ReadAction\",\"target\":[\"https:\/\/baubauwall.com\/et\/toode\/pilttapeet-lastele-rebaste-kuningriik\/\"]}]},{\"@type\":\"ImageObject\",\"inLanguage\":\"et\",\"@id\":\"https:\/\/baubauwall.com\/et\/toode\/pilttapeet-lastele-rebaste-kuningriik\/#primaryimage\",\"url\":\"https:\/\/baubauwall.com\/wp-content\/uploads\/2022\/11\/51200372_PlayfulForest_Baubauwall_Wall_Mural_room5.jpg\",\"contentUrl\":\"https:\/\/baubauwall.com\/wp-content\/uploads\/2022\/11\/51200372_PlayfulForest_Baubauwall_Wall_Mural_room5.jpg\",\"width\":2133,\"height\":1600,\"caption\":\"Kids room wallcovering\"},{\"@type\":\"BreadcrumbList\",\"@id\":\"https:\/\/baubauwall.com\/et\/toode\/pilttapeet-lastele-rebaste-kuningriik\/#breadcrumb\",\"itemListElement\":[{\"@type\":\"ListItem\",\"position\":1,\"name\":\"Koju\",\"item\":\"https:\/\/baubauwall.com\/et\/\"},{\"@type\":\"ListItem\",\"position\":2,\"name\":\"Tapeedid\",\"item\":\"https:\/\/baubauwall.com\/et\/tapeedid\/\"},{\"@type\":\"ListItem\",\"position\":3,\"name\":\"Rebaste kuningriik\"}]},{\"@type\":\"WebSite\",\"@id\":\"https:\/\/baubauwall.com\/et\/#website\",\"url\":\"https:\/\/baubauwall.com\/et\/\",\"name\":\"BAUBAUWALL Wallpapers\",\"description\":\"Valmis paanides tapeet Eestist!\",\"publisher\":{\"@id\":\"https:\/\/baubauwall.com\/et\/#organization\"},\"potentialAction\":[{\"@type\":\"SearchAction\",\"target\":{\"@type\":\"EntryPoint\",\"urlTemplate\":\"https:\/\/baubauwall.com\/et\/?s={search_term_string}\"},\"query-input\":{\"@type\":\"PropertyValueSpecification\",\"valueRequired\":true,\"valueName\":\"search_term_string\"}}],\"inLanguage\":\"et\"},{\"@type\":\"Organization\",\"@id\":\"https:\/\/baubauwall.com\/et\/#organization\",\"name\":\"BAUBAUWALL Wallpapers\",\"url\":\"https:\/\/baubauwall.com\/et\/\",\"logo\":{\"@type\":\"ImageObject\",\"inLanguage\":\"et\",\"@id\":\"https:\/\/baubauwall.com\/et\/#\/schema\/logo\/image\/\",\"url\":\"https:\/\/baubauwall.com\/wp-content\/uploads\/2022\/03\/logo-horizontal.svg\",\"contentUrl\":\"https:\/\/baubauwall.com\/wp-content\/uploads\/2022\/03\/logo-horizontal.svg\",\"width\":\"1024\",\"height\":\"1024\",\"caption\":\"BAUBAUWALL Wallpapers\"},\"image\":{\"@id\":\"https:\/\/baubauwall.com\/et\/#\/schema\/logo\/image\/\"},\"sameAs\":[\"https:\/\/www.facebook.com\/Baubauwall\",\"https:\/\/www.instagram.com\/baubauwall\"]}]}<\/script>\n<!-- \/ Yoast SEO plugin. -->","yoast_head_json":{"title":"Tapeet lastetuppa ilusate rebastega. Fliistapeet","description":"Fliistapeet lastetuppa, millelt leiad ilusad rebased. Pilttapeet aktsentseinale v\u00f5i mitmele. P\u00f5hjamaises stiilis hele tapeet rebastega.","robots":{"index":"index","follow":"follow","max-snippet":"max-snippet:-1","max-image-preview":"max-image-preview:large","max-video-preview":"max-video-preview:-1"},"canonical":"https:\/\/baubauwall.com\/et\/toode\/pilttapeet-lastele-rebaste-kuningriik\/","og_locale":"et_EE","og_type":"article","og_title":"BAUBAUWALL Wallpapers","og_description":"Fliistapeet lastetuppa, millelt leiad ilusad rebased. Pilttapeet aktsentseinale v\u00f5i mitmele. P\u00f5hjamaises stiilis hele tapeet rebastega.","og_url":"https:\/\/baubauwall.com\/et\/toode\/pilttapeet-lastele-rebaste-kuningriik\/","og_site_name":"BAUBAUWALL Wallpapers","article_publisher":"https:\/\/www.facebook.com\/Baubauwall","article_modified_time":"2025-12-09T09:42:38+00:00","og_image":[{"width":1134,"height":850,"url":"https:\/\/baubauwall.com\/wp-content\/uploads\/2022\/11\/51200372_PlayfulForest_Baubauwall_Wall_Mural_room4.jpg","type":"image\/jpeg"}],"twitter_card":"summary_large_image","twitter_misc":{"Est. reading time":"1 minut"},"schema":{"@context":"https:\/\/schema.org","@graph":[{"@type":"WebPage","@id":"https:\/\/baubauwall.com\/et\/toode\/pilttapeet-lastele-rebaste-kuningriik\/","url":"https:\/\/baubauwall.com\/et\/toode\/pilttapeet-lastele-rebaste-kuningriik\/","name":"Tapeet lastetuppa ilusate rebastega. Fliistapeet","isPartOf":{"@id":"https:\/\/baubauwall.com\/et\/#website"},"primaryImageOfPage":{"@id":"https:\/\/baubauwall.com\/et\/toode\/pilttapeet-lastele-rebaste-kuningriik\/#primaryimage"},"image":{"@id":"https:\/\/baubauwall.com\/et\/toode\/pilttapeet-lastele-rebaste-kuningriik\/#primaryimage"},"thumbnailUrl":"https:\/\/baubauwall.com\/wp-content\/uploads\/2022\/11\/51200372_PlayfulForest_Baubauwall_Wall_Mural_room5.jpg","datePublished":"2024-04-01T07:00:26+00:00","dateModified":"2025-12-09T09:42:38+00:00","description":"Fliistapeet lastetuppa, millelt leiad ilusad rebased. Pilttapeet aktsentseinale v\u00f5i mitmele. P\u00f5hjamaises stiilis hele tapeet rebastega.","breadcrumb":{"@id":"https:\/\/baubauwall.com\/et\/toode\/pilttapeet-lastele-rebaste-kuningriik\/#breadcrumb"},"inLanguage":"et","potentialAction":[{"@type":"ReadAction","target":["https:\/\/baubauwall.com\/et\/toode\/pilttapeet-lastele-rebaste-kuningriik\/"]}]},{"@type":"ImageObject","inLanguage":"et","@id":"https:\/\/baubauwall.com\/et\/toode\/pilttapeet-lastele-rebaste-kuningriik\/#primaryimage","url":"https:\/\/baubauwall.com\/wp-content\/uploads\/2022\/11\/51200372_PlayfulForest_Baubauwall_Wall_Mural_room5.jpg","contentUrl":"https:\/\/baubauwall.com\/wp-content\/uploads\/2022\/11\/51200372_PlayfulForest_Baubauwall_Wall_Mural_room5.jpg","width":2133,"height":1600,"caption":"Kids room wallcovering"},{"@type":"BreadcrumbList","@id":"https:\/\/baubauwall.com\/et\/toode\/pilttapeet-lastele-rebaste-kuningriik\/#breadcrumb","itemListElement":[{"@type":"ListItem","position":1,"name":"Koju","item":"https:\/\/baubauwall.com\/et\/"},{"@type":"ListItem","position":2,"name":"Tapeedid","item":"https:\/\/baubauwall.com\/et\/tapeedid\/"},{"@type":"ListItem","position":3,"name":"Rebaste kuningriik"}]},{"@type":"WebSite","@id":"https:\/\/baubauwall.com\/et\/#website","url":"https:\/\/baubauwall.com\/et\/","name":"BAUBAUWALL Wallpapers","description":"Valmis paanides tapeet Eestist!","publisher":{"@id":"https:\/\/baubauwall.com\/et\/#organization"},"potentialAction":[{"@type":"SearchAction","target":{"@type":"EntryPoint","urlTemplate":"https:\/\/baubauwall.com\/et\/?s={search_term_string}"},"query-input":{"@type":"PropertyValueSpecification","valueRequired":true,"valueName":"search_term_string"}}],"inLanguage":"et"},{"@type":"Organization","@id":"https:\/\/baubauwall.com\/et\/#organization","name":"BAUBAUWALL Wallpapers","url":"https:\/\/baubauwall.com\/et\/","logo":{"@type":"ImageObject","inLanguage":"et","@id":"https:\/\/baubauwall.com\/et\/#\/schema\/logo\/image\/","url":"https:\/\/baubauwall.com\/wp-content\/uploads\/2022\/03\/logo-horizontal.svg","contentUrl":"https:\/\/baubauwall.com\/wp-content\/uploads\/2022\/03\/logo-horizontal.svg","width":"1024","height":"1024","caption":"BAUBAUWALL Wallpapers"},"image":{"@id":"https:\/\/baubauwall.com\/et\/#\/schema\/logo\/image\/"},"sameAs":["https:\/\/www.facebook.com\/Baubauwall","https:\/\/www.instagram.com\/baubauwall"]}]}},"jetpack_sharing_enabled":true,"_links":{"self":[{"href":"https:\/\/baubauwall.com\/et\/wp-json\/wp\/v2\/product\/35483","targetHints":{"allow":["GET"]}}],"collection":[{"href":"https:\/\/baubauwall.com\/et\/wp-json\/wp\/v2\/product"}],"about":[{"href":"https:\/\/baubauwall.com\/et\/wp-json\/wp\/v2\/types\/product"}],"replies":[{"embeddable":true,"href":"https:\/\/baubauwall.com\/et\/wp-json\/wp\/v2\/comments?post=35483"}],"wp:featuredmedia":[{"embeddable":true,"href":"https:\/\/baubauwall.com\/et\/wp-json\/wp\/v2\/media\/35474"}],"wp:attachment":[{"href":"https:\/\/baubauwall.com\/et\/wp-json\/wp\/v2\/media?parent=35483"}],"wp:term":[{"taxonomy":"product_brand","embeddable":true,"href":"https:\/\/baubauwall.com\/et\/wp-json\/wp\/v2\/product_brand?post=35483"},{"taxonomy":"product_cat","embeddable":true,"href":"https:\/\/baubauwall.com\/et\/wp-json\/wp\/v2\/product_cat?post=35483"},{"taxonomy":"product_tag","embeddable":true,"href":"https:\/\/baubauwall.com\/et\/wp-json\/wp\/v2\/product_tag?post=35483"}],"curies":[{"name":"wp","href":"https:\/\/api.w.org\/{rel}","templated":true}]}}