{"id":35552,"date":"2024-04-01T12:00:26","date_gmt":"2024-04-01T10:00:26","guid":{"rendered":"https:\/\/baubauwall.com\/product\/mural-wallpaper-unicorn-forest-green\/"},"modified":"2024-12-03T10:55:06","modified_gmt":"2024-12-03T08:55:06","slug":"pilttapeet-ukssarvikute-muinasjutumets-roheline","status":"publish","type":"product","link":"https:\/\/baubauwall.com\/et\/toode\/pilttapeet-ukssarvikute-muinasjutumets-roheline\/","title":{"rendered":"\u00dckssarvikute muinasjutumets &#8211; roheline"},"content":{"rendered":"<p>Imeline lastetoa tapeet just v\u00e4ikeste t\u00fcdrukute toa seinale, mis vestab lugusid \u00fckssarvikutest. Ning muinasjutt \u00fckssarvikust ei pruugi j\u00e4\u00e4dagi vaid lapsep\u00f5lveunistuseks vaid p\u00fcsida ka juba v\u00e4ga suurena, eks ole.\u00a0See imeilus tapeet on t\u00e4iuslik valik iga v\u00e4ikese printsessi toa kaunistamiseks. Pehmed pastelsed v\u00e4rvid ja detailirohke disain loovad maagilise atmosf\u00e4\u00e4ri, mis kutsub julgustab lugusid vestma. Ning muidugi sisustama!<\/p>\n<p>Nagu k\u00f5ik meie tapeedid on ka see tapeet lastele tr\u00fckitud keskkonnas\u00f5bralike v\u00e4rvidega hingavale, fliistapeedi materjalile. Sinu uus tapeet on l\u00f5igatud nummerdatud paanideks \u2013 t\u00e4pselt nii pikad, kui Sinu sein. Kuidas see t\u00f6\u00f6tab \u2013 loe l\u00e4hemalt <a href=\"https:\/\/baubauwall.com\/et\/kuidas-see-tootab\/\" target=\"_blank\" rel=\"noopener\">siit.<\/a><\/p>\n<p><strong>Miks osta tapeet siit? Tapeetimine pole kunagi nii lihtne olnud!<\/strong><\/p>\n<ul>\n<li>Nummerdatud tapeedipaanid<\/li>\n<li>Just nii pikad paanid, kui on Sinu sein<\/li>\n<li>Premium, matt fliistapeedi materjal<\/li>\n<li>M\u00fcrgivabad tr\u00fckiv\u00e4rvid, Greenguard sertifitseeritud<\/li>\n<li>Keskkonnas\u00f5bralik, j\u00e4\u00e4tmevaba tapeetimine<\/li>\n<li>Tasuta tapeediliim<\/li>\n<li>Tasuta transport ja kiire tarne 5 t\u00f6\u00f6p\u00e4evaga<\/li>\n<\/ul>\n<p>Loe l\u00e4hemalt nutikatest, eritellimust\u00f6\u00f6na valmivatest tapeetidest\u00a0<a href=\"https:\/\/baubauwall.com\/et\/keskkonnasobralikud-tapeedid\/\">siit.<\/a><\/p>\n","protected":false},"excerpt":{"rendered":"<p>Imeline lastetoa tapeet just v\u00e4ikeste t\u00fcdrukute toa seinale, mis vestab lugusid \u00fckssarvikutest. Ning muinasjutt \u00fckssarvikust ei pruugi j\u00e4\u00e4dagi vaid lapsep\u00f5lveunistuseks vaid p\u00fcsida ka juba v\u00e4ga suurena, eks ole.\u00a0See imeilus tapeet on t\u00e4iuslik valik iga v\u00e4ikese printsessi toa kaunistamiseks. Pehmed pastelsed v\u00e4rvid ja detailirohke disain loovad maagilise atmosf\u00e4\u00e4ri, mis kutsub julgustab lugusid vestma. Ning muidugi sisustama! [&hellip;]<\/p>\n","protected":false},"featured_media":35535,"comment_status":"open","ping_status":"closed","template":"","meta":{"_acf_changed":false,"inline_featured_image":false},"product_brand":[],"product_cat":[629,387,395,396,264,271,276,278,400,248,254,255],"product_tag":[631,345,324,817],"class_list":{"0":"post-35552","1":"product","2":"type-product","3":"status-publish","4":"has-post-thumbnail","6":"product_cat-kikki-belle-tapeedid","7":"product_cat-pilttapeedid","8":"product_cat-romantiline","9":"product_cat-skandinaavia","10":"product_cat-varv","11":"product_cat-rohelised-tapeedid","12":"product_cat-pastelsed-tapeedid","13":"product_cat-roosad-tapeedid","14":"product_cat-lastetoa-tapeedid","15":"product_cat-mets","16":"product_cat-loodus","17":"product_cat-loomad","18":"product_tag-kikki-belle-et","19":"product_tag-pilttapeet","20":"product_tag-tudruku-tuba","21":"product_tag-ukssarvikud","22":"pa_designedby-sir-edward","24":"first","25":"instock","26":"taxable","27":"shipping-taxable","28":"purchasable","29":"product-type-simple"},"acf":[],"yoast_head":"<!-- This site is optimized with the Yoast SEO plugin v25.9 - https:\/\/yoast.com\/wordpress\/plugins\/seo\/ -->\n<title>Tapeet t\u00fcdruku tuppa. Lastetoa pilttapeet \u00fckssarvik &amp; mets<\/title>\n<meta name=\"description\" content=\"Pastelne lastetoa tapeet \u00fckssarviku ja teiste muinasjutuliste tegelastega. Pilttapeet aktsentseinale, mis paneb lastetoa s\u00e4rama.\" \/>\n<meta name=\"robots\" content=\"index, follow, max-snippet:-1, max-image-preview:large, max-video-preview:-1\" \/>\n<link rel=\"canonical\" href=\"https:\/\/baubauwall.com\/et\/toode\/pilttapeet-ukssarvikute-muinasjutumets-roheline\/\" \/>\n<meta property=\"og:locale\" content=\"et_EE\" \/>\n<meta property=\"og:type\" content=\"article\" \/>\n<meta property=\"og:title\" content=\"BAUBAUWALL TAPEEDID\" \/>\n<meta property=\"og:description\" content=\"\u00dckssarvikute muinasjutumets - roheline\" \/>\n<meta property=\"og:url\" content=\"https:\/\/baubauwall.com\/et\/toode\/pilttapeet-ukssarvikute-muinasjutumets-roheline\/\" \/>\n<meta property=\"og:site_name\" content=\"BAUBAUWALL TAPEEDID\" \/>\n<meta property=\"article:publisher\" content=\"https:\/\/www.facebook.com\/Baubauwall\" \/>\n<meta property=\"article:modified_time\" content=\"2024-12-03T08:55:06+00:00\" \/>\n<meta property=\"og:image\" content=\"https:\/\/baubauwall.com\/wp-content\/uploads\/2022\/11\/51200375_UnicornForest-Green_Baubauwall_Wall_Mural_room1.jpg\" \/>\n\t<meta property=\"og:image:width\" content=\"1134\" \/>\n\t<meta property=\"og:image:height\" content=\"850\" \/>\n\t<meta property=\"og:image:type\" content=\"image\/jpeg\" \/>\n<meta name=\"twitter:card\" content=\"summary_large_image\" \/>\n<meta name=\"twitter:label1\" content=\"Est. reading time\" \/>\n\t<meta name=\"twitter:data1\" content=\"1 minut\" \/>\n<script type=\"application\/ld+json\" class=\"yoast-schema-graph\">{\"@context\":\"https:\/\/schema.org\",\"@graph\":[{\"@type\":\"WebPage\",\"@id\":\"https:\/\/baubauwall.com\/et\/toode\/pilttapeet-ukssarvikute-muinasjutumets-roheline\/\",\"url\":\"https:\/\/baubauwall.com\/et\/toode\/pilttapeet-ukssarvikute-muinasjutumets-roheline\/\",\"name\":\"Tapeet t\u00fcdruku tuppa. Lastetoa pilttapeet \u00fckssarvik & mets\",\"isPartOf\":{\"@id\":\"https:\/\/baubauwall.com\/et\/#website\"},\"primaryImageOfPage\":{\"@id\":\"https:\/\/baubauwall.com\/et\/toode\/pilttapeet-ukssarvikute-muinasjutumets-roheline\/#primaryimage\"},\"image\":{\"@id\":\"https:\/\/baubauwall.com\/et\/toode\/pilttapeet-ukssarvikute-muinasjutumets-roheline\/#primaryimage\"},\"thumbnailUrl\":\"https:\/\/baubauwall.com\/wp-content\/uploads\/2022\/11\/51200375_UnicornForest-Green_Baubauwall_Wall_Mural_room6.jpg\",\"datePublished\":\"2024-04-01T10:00:26+00:00\",\"dateModified\":\"2024-12-03T08:55:06+00:00\",\"description\":\"Pastelne lastetoa tapeet \u00fckssarviku ja teiste muinasjutuliste tegelastega. Pilttapeet aktsentseinale, mis paneb lastetoa s\u00e4rama.\",\"breadcrumb\":{\"@id\":\"https:\/\/baubauwall.com\/et\/toode\/pilttapeet-ukssarvikute-muinasjutumets-roheline\/#breadcrumb\"},\"inLanguage\":\"et\",\"potentialAction\":[{\"@type\":\"ReadAction\",\"target\":[\"https:\/\/baubauwall.com\/et\/toode\/pilttapeet-ukssarvikute-muinasjutumets-roheline\/\"]}]},{\"@type\":\"ImageObject\",\"inLanguage\":\"et\",\"@id\":\"https:\/\/baubauwall.com\/et\/toode\/pilttapeet-ukssarvikute-muinasjutumets-roheline\/#primaryimage\",\"url\":\"https:\/\/baubauwall.com\/wp-content\/uploads\/2022\/11\/51200375_UnicornForest-Green_Baubauwall_Wall_Mural_room6.jpg\",\"contentUrl\":\"https:\/\/baubauwall.com\/wp-content\/uploads\/2022\/11\/51200375_UnicornForest-Green_Baubauwall_Wall_Mural_room6.jpg\",\"width\":2133,\"height\":1600,\"caption\":\"\u00dckssarvikuga tapeet lastele. Just t\u00fcdruku tuppa sobiv pilttapeet!\"},{\"@type\":\"BreadcrumbList\",\"@id\":\"https:\/\/baubauwall.com\/et\/toode\/pilttapeet-ukssarvikute-muinasjutumets-roheline\/#breadcrumb\",\"itemListElement\":[{\"@type\":\"ListItem\",\"position\":1,\"name\":\"Koju\",\"item\":\"https:\/\/baubauwall.com\/et\/\"},{\"@type\":\"ListItem\",\"position\":2,\"name\":\"Tapeedid\",\"item\":\"https:\/\/baubauwall.com\/et\/tapeedid\/\"},{\"@type\":\"ListItem\",\"position\":3,\"name\":\"\u00dckssarvikute muinasjutumets &#8211; roheline\"}]},{\"@type\":\"WebSite\",\"@id\":\"https:\/\/baubauwall.com\/et\/#website\",\"url\":\"https:\/\/baubauwall.com\/et\/\",\"name\":\"BAUBAUWALL Wallpapers\",\"description\":\"Valmis paanides tapeet Eestist!\",\"publisher\":{\"@id\":\"https:\/\/baubauwall.com\/et\/#organization\"},\"potentialAction\":[{\"@type\":\"SearchAction\",\"target\":{\"@type\":\"EntryPoint\",\"urlTemplate\":\"https:\/\/baubauwall.com\/et\/?s={search_term_string}\"},\"query-input\":{\"@type\":\"PropertyValueSpecification\",\"valueRequired\":true,\"valueName\":\"search_term_string\"}}],\"inLanguage\":\"et\"},{\"@type\":\"Organization\",\"@id\":\"https:\/\/baubauwall.com\/et\/#organization\",\"name\":\"BAUBAUWALL Wallpapers\",\"url\":\"https:\/\/baubauwall.com\/et\/\",\"logo\":{\"@type\":\"ImageObject\",\"inLanguage\":\"et\",\"@id\":\"https:\/\/baubauwall.com\/et\/#\/schema\/logo\/image\/\",\"url\":\"https:\/\/baubauwall.com\/wp-content\/uploads\/2022\/03\/logo-horizontal.svg\",\"contentUrl\":\"https:\/\/baubauwall.com\/wp-content\/uploads\/2022\/03\/logo-horizontal.svg\",\"width\":\"1024\",\"height\":\"1024\",\"caption\":\"BAUBAUWALL Wallpapers\"},\"image\":{\"@id\":\"https:\/\/baubauwall.com\/et\/#\/schema\/logo\/image\/\"},\"sameAs\":[\"https:\/\/www.facebook.com\/Baubauwall\",\"https:\/\/www.instagram.com\/baubauwall\"]}]}<\/script>\n<!-- \/ Yoast SEO plugin. -->","yoast_head_json":{"title":"Tapeet t\u00fcdruku tuppa. Lastetoa pilttapeet \u00fckssarvik & mets","description":"Pastelne lastetoa tapeet \u00fckssarviku ja teiste muinasjutuliste tegelastega. Pilttapeet aktsentseinale, mis paneb lastetoa s\u00e4rama.","robots":{"index":"index","follow":"follow","max-snippet":"max-snippet:-1","max-image-preview":"max-image-preview:large","max-video-preview":"max-video-preview:-1"},"canonical":"https:\/\/baubauwall.com\/et\/toode\/pilttapeet-ukssarvikute-muinasjutumets-roheline\/","og_locale":"et_EE","og_type":"article","og_title":"BAUBAUWALL TAPEEDID","og_description":"\u00dckssarvikute muinasjutumets - roheline","og_url":"https:\/\/baubauwall.com\/et\/toode\/pilttapeet-ukssarvikute-muinasjutumets-roheline\/","og_site_name":"BAUBAUWALL TAPEEDID","article_publisher":"https:\/\/www.facebook.com\/Baubauwall","article_modified_time":"2024-12-03T08:55:06+00:00","og_image":[{"width":1134,"height":850,"url":"https:\/\/baubauwall.com\/wp-content\/uploads\/2022\/11\/51200375_UnicornForest-Green_Baubauwall_Wall_Mural_room1.jpg","type":"image\/jpeg"}],"twitter_card":"summary_large_image","twitter_misc":{"Est. reading time":"1 minut"},"schema":{"@context":"https:\/\/schema.org","@graph":[{"@type":"WebPage","@id":"https:\/\/baubauwall.com\/et\/toode\/pilttapeet-ukssarvikute-muinasjutumets-roheline\/","url":"https:\/\/baubauwall.com\/et\/toode\/pilttapeet-ukssarvikute-muinasjutumets-roheline\/","name":"Tapeet t\u00fcdruku tuppa. Lastetoa pilttapeet \u00fckssarvik & mets","isPartOf":{"@id":"https:\/\/baubauwall.com\/et\/#website"},"primaryImageOfPage":{"@id":"https:\/\/baubauwall.com\/et\/toode\/pilttapeet-ukssarvikute-muinasjutumets-roheline\/#primaryimage"},"image":{"@id":"https:\/\/baubauwall.com\/et\/toode\/pilttapeet-ukssarvikute-muinasjutumets-roheline\/#primaryimage"},"thumbnailUrl":"https:\/\/baubauwall.com\/wp-content\/uploads\/2022\/11\/51200375_UnicornForest-Green_Baubauwall_Wall_Mural_room6.jpg","datePublished":"2024-04-01T10:00:26+00:00","dateModified":"2024-12-03T08:55:06+00:00","description":"Pastelne lastetoa tapeet \u00fckssarviku ja teiste muinasjutuliste tegelastega. Pilttapeet aktsentseinale, mis paneb lastetoa s\u00e4rama.","breadcrumb":{"@id":"https:\/\/baubauwall.com\/et\/toode\/pilttapeet-ukssarvikute-muinasjutumets-roheline\/#breadcrumb"},"inLanguage":"et","potentialAction":[{"@type":"ReadAction","target":["https:\/\/baubauwall.com\/et\/toode\/pilttapeet-ukssarvikute-muinasjutumets-roheline\/"]}]},{"@type":"ImageObject","inLanguage":"et","@id":"https:\/\/baubauwall.com\/et\/toode\/pilttapeet-ukssarvikute-muinasjutumets-roheline\/#primaryimage","url":"https:\/\/baubauwall.com\/wp-content\/uploads\/2022\/11\/51200375_UnicornForest-Green_Baubauwall_Wall_Mural_room6.jpg","contentUrl":"https:\/\/baubauwall.com\/wp-content\/uploads\/2022\/11\/51200375_UnicornForest-Green_Baubauwall_Wall_Mural_room6.jpg","width":2133,"height":1600,"caption":"\u00dckssarvikuga tapeet lastele. Just t\u00fcdruku tuppa sobiv pilttapeet!"},{"@type":"BreadcrumbList","@id":"https:\/\/baubauwall.com\/et\/toode\/pilttapeet-ukssarvikute-muinasjutumets-roheline\/#breadcrumb","itemListElement":[{"@type":"ListItem","position":1,"name":"Koju","item":"https:\/\/baubauwall.com\/et\/"},{"@type":"ListItem","position":2,"name":"Tapeedid","item":"https:\/\/baubauwall.com\/et\/tapeedid\/"},{"@type":"ListItem","position":3,"name":"\u00dckssarvikute muinasjutumets &#8211; roheline"}]},{"@type":"WebSite","@id":"https:\/\/baubauwall.com\/et\/#website","url":"https:\/\/baubauwall.com\/et\/","name":"BAUBAUWALL Wallpapers","description":"Valmis paanides tapeet Eestist!","publisher":{"@id":"https:\/\/baubauwall.com\/et\/#organization"},"potentialAction":[{"@type":"SearchAction","target":{"@type":"EntryPoint","urlTemplate":"https:\/\/baubauwall.com\/et\/?s={search_term_string}"},"query-input":{"@type":"PropertyValueSpecification","valueRequired":true,"valueName":"search_term_string"}}],"inLanguage":"et"},{"@type":"Organization","@id":"https:\/\/baubauwall.com\/et\/#organization","name":"BAUBAUWALL Wallpapers","url":"https:\/\/baubauwall.com\/et\/","logo":{"@type":"ImageObject","inLanguage":"et","@id":"https:\/\/baubauwall.com\/et\/#\/schema\/logo\/image\/","url":"https:\/\/baubauwall.com\/wp-content\/uploads\/2022\/03\/logo-horizontal.svg","contentUrl":"https:\/\/baubauwall.com\/wp-content\/uploads\/2022\/03\/logo-horizontal.svg","width":"1024","height":"1024","caption":"BAUBAUWALL Wallpapers"},"image":{"@id":"https:\/\/baubauwall.com\/et\/#\/schema\/logo\/image\/"},"sameAs":["https:\/\/www.facebook.com\/Baubauwall","https:\/\/www.instagram.com\/baubauwall"]}]}},"jetpack_sharing_enabled":true,"_links":{"self":[{"href":"https:\/\/baubauwall.com\/et\/wp-json\/wp\/v2\/product\/35552","targetHints":{"allow":["GET"]}}],"collection":[{"href":"https:\/\/baubauwall.com\/et\/wp-json\/wp\/v2\/product"}],"about":[{"href":"https:\/\/baubauwall.com\/et\/wp-json\/wp\/v2\/types\/product"}],"replies":[{"embeddable":true,"href":"https:\/\/baubauwall.com\/et\/wp-json\/wp\/v2\/comments?post=35552"}],"wp:featuredmedia":[{"embeddable":true,"href":"https:\/\/baubauwall.com\/et\/wp-json\/wp\/v2\/media\/35535"}],"wp:attachment":[{"href":"https:\/\/baubauwall.com\/et\/wp-json\/wp\/v2\/media?parent=35552"}],"wp:term":[{"taxonomy":"product_brand","embeddable":true,"href":"https:\/\/baubauwall.com\/et\/wp-json\/wp\/v2\/product_brand?post=35552"},{"taxonomy":"product_cat","embeddable":true,"href":"https:\/\/baubauwall.com\/et\/wp-json\/wp\/v2\/product_cat?post=35552"},{"taxonomy":"product_tag","embeddable":true,"href":"https:\/\/baubauwall.com\/et\/wp-json\/wp\/v2\/product_tag?post=35552"}],"curies":[{"name":"wp","href":"https:\/\/api.w.org\/{rel}","templated":true}]}}