{"id":35555,"date":"2024-04-01T12:56:37","date_gmt":"2024-04-01T10:56:37","guid":{"rendered":"https:\/\/baubauwall.com\/?post_type=product&#038;p=35555"},"modified":"2024-12-03T10:51:39","modified_gmt":"2024-12-03T08:51:39","slug":"pilttapeet-ukssarvikute-muinasjutumets-roosa","status":"publish","type":"product","link":"https:\/\/baubauwall.com\/et\/toode\/pilttapeet-ukssarvikute-muinasjutumets-roosa\/","title":{"rendered":"\u00dckssarvikute muinasjutumets &#8211; roosa"},"content":{"rendered":"<p>Imeline lastetoa tapeet just v\u00e4ikeste t\u00fcdrukute toa seinale, mis vestab lugusid \u00fckssarvikutest. Ning muinasjutt \u00fckssarvikust ei pruugi j\u00e4\u00e4dagi vaid lapsep\u00f5lveunistuseks vaid p\u00fcsida ka juba v\u00e4ga suurena, eks ole.\u00a0See imeilus tapeet on t\u00e4iuslik valik iga v\u00e4ikese printsessi toa kaunistamiseks. Pehmed pastelsed v\u00e4rvid ja detailirohke disain loovad maagilise atmosf\u00e4\u00e4ri, mis kutsub julgustab lugusid vestma. Ning muidugi sisustama!<\/p>\n<p>Nagu k\u00f5ik meie tapeedid on ka see tapeet tr\u00fckitud keskkonnas\u00f5bralike v\u00e4rvidega hingavale, fliistapeedi materjalile. Sinu uus tapeet on l\u00f5igatud nummerdatud paanideks \u2013 t\u00e4pselt nii pikad, kui Sinu sein. Kuidas see t\u00f6\u00f6tab \u2013 loe l\u00e4hemalt\u00a0<a href=\"https:\/\/baubauwall.com\/et\/kuidas-see-tootab\/\" target=\"_blank\" rel=\"noopener\">siit.<\/a><\/p>\n","protected":false},"excerpt":{"rendered":"<p>Imeline lastetoa tapeet just v\u00e4ikeste t\u00fcdrukute toa seinale, mis vestab lugusid \u00fckssarvikutest. Ning muinasjutt \u00fckssarvikust ei pruugi j\u00e4\u00e4dagi vaid lapsep\u00f5lveunistuseks vaid p\u00fcsida ka juba v\u00e4ga suurena, eks ole.\u00a0See imeilus tapeet on t\u00e4iuslik valik iga v\u00e4ikese printsessi toa kaunistamiseks. Pehmed pastelsed v\u00e4rvid ja detailirohke disain loovad maagilise atmosf\u00e4\u00e4ri, mis kutsub julgustab lugusid vestma. Ning muidugi sisustama! [&hellip;]<\/p>\n","protected":false},"featured_media":35560,"comment_status":"open","ping_status":"closed","template":"","meta":{"_acf_changed":false,"inline_featured_image":false},"product_brand":[],"product_cat":[629,387,395,396,271,276,278,400,248,254,255],"product_tag":[631,345,324,817],"class_list":{"0":"post-35555","1":"product","2":"type-product","3":"status-publish","4":"has-post-thumbnail","6":"product_cat-kikki-belle-tapeedid","7":"product_cat-pilttapeedid","8":"product_cat-romantiline","9":"product_cat-skandinaavia","10":"product_cat-rohelised-tapeedid","11":"product_cat-pastelsed-tapeedid","12":"product_cat-roosad-tapeedid","13":"product_cat-lastetoa-tapeedid","14":"product_cat-mets","15":"product_cat-loodus","16":"product_cat-loomad","17":"product_tag-kikki-belle-et","18":"product_tag-pilttapeet","19":"product_tag-tudruku-tuba","20":"product_tag-ukssarvikud","21":"pa_designedby-sir-edward","23":"first","24":"instock","25":"taxable","26":"shipping-taxable","27":"purchasable","28":"product-type-simple"},"acf":[],"yoast_head":"<!-- This site is optimized with the Yoast SEO plugin v25.9 - https:\/\/yoast.com\/wordpress\/plugins\/seo\/ -->\n<title>Pilttapeet v\u00e4ikese t\u00fcdruku toa seinale muinasjutulise \u00fckssarvikuga<\/title>\n<meta name=\"description\" content=\"Tapeet, mis jutustab lugusid \u00fckssarvikutest. Roosa tapeet pisikestele printsesside toa seinale. Lastetoa tapeedid sinu seina m\u00f5\u00f5dus!\" \/>\n<meta name=\"robots\" content=\"index, follow, max-snippet:-1, max-image-preview:large, max-video-preview:-1\" \/>\n<link rel=\"canonical\" href=\"https:\/\/baubauwall.com\/et\/toode\/pilttapeet-ukssarvikute-muinasjutumets-roosa\/\" \/>\n<meta property=\"og:locale\" content=\"et_EE\" \/>\n<meta property=\"og:type\" content=\"article\" \/>\n<meta property=\"og:title\" content=\"Pilttapeet v\u00e4ikese t\u00fcdruku toa seinale muinasjutulise \u00fckssarvikuga\" \/>\n<meta property=\"og:description\" content=\"Tapeet, mis jutustab lugusid \u00fckssarvikutest. Roosa tapeet pisikestele printsesside toa seinale. Lastetoa tapeedid sinu seina m\u00f5\u00f5dus!\" \/>\n<meta property=\"og:url\" content=\"https:\/\/baubauwall.com\/et\/toode\/pilttapeet-ukssarvikute-muinasjutumets-roosa\/\" \/>\n<meta property=\"og:site_name\" content=\"BAUBAUWALL TAPEEDID\" \/>\n<meta property=\"article:publisher\" content=\"https:\/\/www.facebook.com\/Baubauwall\" \/>\n<meta property=\"article:modified_time\" content=\"2024-12-03T08:51:39+00:00\" \/>\n<meta property=\"og:image\" content=\"https:\/\/baubauwall.com\/wp-content\/uploads\/2024\/04\/51200376_UnicornForest-Pink_Baubauwall_Wall_Mural_preview.jpg\" \/>\n\t<meta property=\"og:image:width\" content=\"1333\" \/>\n\t<meta property=\"og:image:height\" content=\"800\" \/>\n\t<meta property=\"og:image:type\" content=\"image\/jpeg\" \/>\n<meta name=\"twitter:card\" content=\"summary_large_image\" \/>\n<meta name=\"twitter:label1\" content=\"Est. reading time\" \/>\n\t<meta name=\"twitter:data1\" content=\"1 minut\" \/>\n<script type=\"application\/ld+json\" class=\"yoast-schema-graph\">{\"@context\":\"https:\/\/schema.org\",\"@graph\":[{\"@type\":\"WebPage\",\"@id\":\"https:\/\/baubauwall.com\/et\/toode\/pilttapeet-ukssarvikute-muinasjutumets-roosa\/\",\"url\":\"https:\/\/baubauwall.com\/et\/toode\/pilttapeet-ukssarvikute-muinasjutumets-roosa\/\",\"name\":\"Pilttapeet v\u00e4ikese t\u00fcdruku toa seinale muinasjutulise \u00fckssarvikuga\",\"isPartOf\":{\"@id\":\"https:\/\/baubauwall.com\/et\/#website\"},\"primaryImageOfPage\":{\"@id\":\"https:\/\/baubauwall.com\/et\/toode\/pilttapeet-ukssarvikute-muinasjutumets-roosa\/#primaryimage\"},\"image\":{\"@id\":\"https:\/\/baubauwall.com\/et\/toode\/pilttapeet-ukssarvikute-muinasjutumets-roosa\/#primaryimage\"},\"thumbnailUrl\":\"https:\/\/baubauwall.com\/wp-content\/uploads\/2024\/04\/51200376_UnicornForest-Pink_Baubauwall_Wall_Mural_preview.jpg\",\"datePublished\":\"2024-04-01T10:56:37+00:00\",\"dateModified\":\"2024-12-03T08:51:39+00:00\",\"description\":\"Tapeet, mis jutustab lugusid \u00fckssarvikutest. Roosa tapeet pisikestele printsesside toa seinale. Lastetoa tapeedid sinu seina m\u00f5\u00f5dus!\",\"breadcrumb\":{\"@id\":\"https:\/\/baubauwall.com\/et\/toode\/pilttapeet-ukssarvikute-muinasjutumets-roosa\/#breadcrumb\"},\"inLanguage\":\"et\",\"potentialAction\":[{\"@type\":\"ReadAction\",\"target\":[\"https:\/\/baubauwall.com\/et\/toode\/pilttapeet-ukssarvikute-muinasjutumets-roosa\/\"]}]},{\"@type\":\"ImageObject\",\"inLanguage\":\"et\",\"@id\":\"https:\/\/baubauwall.com\/et\/toode\/pilttapeet-ukssarvikute-muinasjutumets-roosa\/#primaryimage\",\"url\":\"https:\/\/baubauwall.com\/wp-content\/uploads\/2024\/04\/51200376_UnicornForest-Pink_Baubauwall_Wall_Mural_preview.jpg\",\"contentUrl\":\"https:\/\/baubauwall.com\/wp-content\/uploads\/2024\/04\/51200376_UnicornForest-Pink_Baubauwall_Wall_Mural_preview.jpg\",\"width\":1333,\"height\":800},{\"@type\":\"BreadcrumbList\",\"@id\":\"https:\/\/baubauwall.com\/et\/toode\/pilttapeet-ukssarvikute-muinasjutumets-roosa\/#breadcrumb\",\"itemListElement\":[{\"@type\":\"ListItem\",\"position\":1,\"name\":\"Koju\",\"item\":\"https:\/\/baubauwall.com\/et\/\"},{\"@type\":\"ListItem\",\"position\":2,\"name\":\"Tapeedid\",\"item\":\"https:\/\/baubauwall.com\/et\/tapeedid\/\"},{\"@type\":\"ListItem\",\"position\":3,\"name\":\"\u00dckssarvikute muinasjutumets &#8211; roosa\"}]},{\"@type\":\"WebSite\",\"@id\":\"https:\/\/baubauwall.com\/et\/#website\",\"url\":\"https:\/\/baubauwall.com\/et\/\",\"name\":\"BAUBAUWALL Wallpapers\",\"description\":\"Valmis paanides tapeet Eestist!\",\"publisher\":{\"@id\":\"https:\/\/baubauwall.com\/et\/#organization\"},\"potentialAction\":[{\"@type\":\"SearchAction\",\"target\":{\"@type\":\"EntryPoint\",\"urlTemplate\":\"https:\/\/baubauwall.com\/et\/?s={search_term_string}\"},\"query-input\":{\"@type\":\"PropertyValueSpecification\",\"valueRequired\":true,\"valueName\":\"search_term_string\"}}],\"inLanguage\":\"et\"},{\"@type\":\"Organization\",\"@id\":\"https:\/\/baubauwall.com\/et\/#organization\",\"name\":\"BAUBAUWALL Wallpapers\",\"url\":\"https:\/\/baubauwall.com\/et\/\",\"logo\":{\"@type\":\"ImageObject\",\"inLanguage\":\"et\",\"@id\":\"https:\/\/baubauwall.com\/et\/#\/schema\/logo\/image\/\",\"url\":\"https:\/\/baubauwall.com\/wp-content\/uploads\/2022\/03\/logo-horizontal.svg\",\"contentUrl\":\"https:\/\/baubauwall.com\/wp-content\/uploads\/2022\/03\/logo-horizontal.svg\",\"width\":\"1024\",\"height\":\"1024\",\"caption\":\"BAUBAUWALL Wallpapers\"},\"image\":{\"@id\":\"https:\/\/baubauwall.com\/et\/#\/schema\/logo\/image\/\"},\"sameAs\":[\"https:\/\/www.facebook.com\/Baubauwall\",\"https:\/\/www.instagram.com\/baubauwall\"]}]}<\/script>\n<!-- \/ Yoast SEO plugin. -->","yoast_head_json":{"title":"Pilttapeet v\u00e4ikese t\u00fcdruku toa seinale muinasjutulise \u00fckssarvikuga","description":"Tapeet, mis jutustab lugusid \u00fckssarvikutest. Roosa tapeet pisikestele printsesside toa seinale. Lastetoa tapeedid sinu seina m\u00f5\u00f5dus!","robots":{"index":"index","follow":"follow","max-snippet":"max-snippet:-1","max-image-preview":"max-image-preview:large","max-video-preview":"max-video-preview:-1"},"canonical":"https:\/\/baubauwall.com\/et\/toode\/pilttapeet-ukssarvikute-muinasjutumets-roosa\/","og_locale":"et_EE","og_type":"article","og_title":"Pilttapeet v\u00e4ikese t\u00fcdruku toa seinale muinasjutulise \u00fckssarvikuga","og_description":"Tapeet, mis jutustab lugusid \u00fckssarvikutest. Roosa tapeet pisikestele printsesside toa seinale. Lastetoa tapeedid sinu seina m\u00f5\u00f5dus!","og_url":"https:\/\/baubauwall.com\/et\/toode\/pilttapeet-ukssarvikute-muinasjutumets-roosa\/","og_site_name":"BAUBAUWALL TAPEEDID","article_publisher":"https:\/\/www.facebook.com\/Baubauwall","article_modified_time":"2024-12-03T08:51:39+00:00","og_image":[{"width":1333,"height":800,"url":"https:\/\/baubauwall.com\/wp-content\/uploads\/2024\/04\/51200376_UnicornForest-Pink_Baubauwall_Wall_Mural_preview.jpg","type":"image\/jpeg"}],"twitter_card":"summary_large_image","twitter_misc":{"Est. reading time":"1 minut"},"schema":{"@context":"https:\/\/schema.org","@graph":[{"@type":"WebPage","@id":"https:\/\/baubauwall.com\/et\/toode\/pilttapeet-ukssarvikute-muinasjutumets-roosa\/","url":"https:\/\/baubauwall.com\/et\/toode\/pilttapeet-ukssarvikute-muinasjutumets-roosa\/","name":"Pilttapeet v\u00e4ikese t\u00fcdruku toa seinale muinasjutulise \u00fckssarvikuga","isPartOf":{"@id":"https:\/\/baubauwall.com\/et\/#website"},"primaryImageOfPage":{"@id":"https:\/\/baubauwall.com\/et\/toode\/pilttapeet-ukssarvikute-muinasjutumets-roosa\/#primaryimage"},"image":{"@id":"https:\/\/baubauwall.com\/et\/toode\/pilttapeet-ukssarvikute-muinasjutumets-roosa\/#primaryimage"},"thumbnailUrl":"https:\/\/baubauwall.com\/wp-content\/uploads\/2024\/04\/51200376_UnicornForest-Pink_Baubauwall_Wall_Mural_preview.jpg","datePublished":"2024-04-01T10:56:37+00:00","dateModified":"2024-12-03T08:51:39+00:00","description":"Tapeet, mis jutustab lugusid \u00fckssarvikutest. Roosa tapeet pisikestele printsesside toa seinale. Lastetoa tapeedid sinu seina m\u00f5\u00f5dus!","breadcrumb":{"@id":"https:\/\/baubauwall.com\/et\/toode\/pilttapeet-ukssarvikute-muinasjutumets-roosa\/#breadcrumb"},"inLanguage":"et","potentialAction":[{"@type":"ReadAction","target":["https:\/\/baubauwall.com\/et\/toode\/pilttapeet-ukssarvikute-muinasjutumets-roosa\/"]}]},{"@type":"ImageObject","inLanguage":"et","@id":"https:\/\/baubauwall.com\/et\/toode\/pilttapeet-ukssarvikute-muinasjutumets-roosa\/#primaryimage","url":"https:\/\/baubauwall.com\/wp-content\/uploads\/2024\/04\/51200376_UnicornForest-Pink_Baubauwall_Wall_Mural_preview.jpg","contentUrl":"https:\/\/baubauwall.com\/wp-content\/uploads\/2024\/04\/51200376_UnicornForest-Pink_Baubauwall_Wall_Mural_preview.jpg","width":1333,"height":800},{"@type":"BreadcrumbList","@id":"https:\/\/baubauwall.com\/et\/toode\/pilttapeet-ukssarvikute-muinasjutumets-roosa\/#breadcrumb","itemListElement":[{"@type":"ListItem","position":1,"name":"Koju","item":"https:\/\/baubauwall.com\/et\/"},{"@type":"ListItem","position":2,"name":"Tapeedid","item":"https:\/\/baubauwall.com\/et\/tapeedid\/"},{"@type":"ListItem","position":3,"name":"\u00dckssarvikute muinasjutumets &#8211; roosa"}]},{"@type":"WebSite","@id":"https:\/\/baubauwall.com\/et\/#website","url":"https:\/\/baubauwall.com\/et\/","name":"BAUBAUWALL Wallpapers","description":"Valmis paanides tapeet Eestist!","publisher":{"@id":"https:\/\/baubauwall.com\/et\/#organization"},"potentialAction":[{"@type":"SearchAction","target":{"@type":"EntryPoint","urlTemplate":"https:\/\/baubauwall.com\/et\/?s={search_term_string}"},"query-input":{"@type":"PropertyValueSpecification","valueRequired":true,"valueName":"search_term_string"}}],"inLanguage":"et"},{"@type":"Organization","@id":"https:\/\/baubauwall.com\/et\/#organization","name":"BAUBAUWALL Wallpapers","url":"https:\/\/baubauwall.com\/et\/","logo":{"@type":"ImageObject","inLanguage":"et","@id":"https:\/\/baubauwall.com\/et\/#\/schema\/logo\/image\/","url":"https:\/\/baubauwall.com\/wp-content\/uploads\/2022\/03\/logo-horizontal.svg","contentUrl":"https:\/\/baubauwall.com\/wp-content\/uploads\/2022\/03\/logo-horizontal.svg","width":"1024","height":"1024","caption":"BAUBAUWALL Wallpapers"},"image":{"@id":"https:\/\/baubauwall.com\/et\/#\/schema\/logo\/image\/"},"sameAs":["https:\/\/www.facebook.com\/Baubauwall","https:\/\/www.instagram.com\/baubauwall"]}]}},"jetpack_sharing_enabled":true,"_links":{"self":[{"href":"https:\/\/baubauwall.com\/et\/wp-json\/wp\/v2\/product\/35555","targetHints":{"allow":["GET"]}}],"collection":[{"href":"https:\/\/baubauwall.com\/et\/wp-json\/wp\/v2\/product"}],"about":[{"href":"https:\/\/baubauwall.com\/et\/wp-json\/wp\/v2\/types\/product"}],"replies":[{"embeddable":true,"href":"https:\/\/baubauwall.com\/et\/wp-json\/wp\/v2\/comments?post=35555"}],"wp:featuredmedia":[{"embeddable":true,"href":"https:\/\/baubauwall.com\/et\/wp-json\/wp\/v2\/media\/35560"}],"wp:attachment":[{"href":"https:\/\/baubauwall.com\/et\/wp-json\/wp\/v2\/media?parent=35555"}],"wp:term":[{"taxonomy":"product_brand","embeddable":true,"href":"https:\/\/baubauwall.com\/et\/wp-json\/wp\/v2\/product_brand?post=35555"},{"taxonomy":"product_cat","embeddable":true,"href":"https:\/\/baubauwall.com\/et\/wp-json\/wp\/v2\/product_cat?post=35555"},{"taxonomy":"product_tag","embeddable":true,"href":"https:\/\/baubauwall.com\/et\/wp-json\/wp\/v2\/product_tag?post=35555"}],"curies":[{"name":"wp","href":"https:\/\/api.w.org\/{rel}","templated":true}]}}