{"id":35642,"date":"2024-03-24T17:00:27","date_gmt":"2024-03-24T15:00:27","guid":{"rendered":"https:\/\/baubauwall.com\/product\/kids-mural-wallpaper-train-travels\/"},"modified":"2025-04-14T10:15:52","modified_gmt":"2025-04-14T08:15:52","slug":"pilttapeet-rong-see-soitis","status":"publish","type":"product","link":"https:\/\/baubauwall.com\/et\/toode\/pilttapeet-rong-see-soitis\/","title":{"rendered":"Lastetoa tapeet &#8211; Rong see s\u00f5itis&#8230;"},"content":{"rendered":"<p><em>Rong see s\u00f5itis tsuh-tsuh-tsuh,<\/em><br \/>\n<em>Piilupart oli rongijuht.<\/em><br \/>\n<em>Rattad tegid ra-ta-ta, ra-ta-ta ja ta-ta-ta<\/em><br \/>\n<em>Aga seal, rongi peal, kas sa tead, kes olid seal?<\/em><\/p>\n<p>Sellel armsal lastetoa tapeedil on lisaks piilupardile rongijuhi ametis ka hiir ning konnake. Reisijateks elevant, kaelkirjak, l\u00f5vi ning mitmeid teised l\u00f5busad loomad. Ideaalne tapeet k\u00f5ige pisema pereliikme beebitoa seinale esimesteks eluaastateks. Beebitoa sisustus v\u00f5iks ju olla selline, nagu ise unistasid v\u00e4iksena ja natuke rohkemgi. See on kodu k\u00f5ige armsam tuba, kus on aega m\u00e4ngida, puhata ja vahest laulda ka! Rongis\u00f5idu lugu v\u00f5i muud viisjuppi.<\/p>\n<p>Nagu k\u00f5ik meie kordusmustriga tapeedid ja pilttapeedid, on ka see lastetoa pilttapeet tr\u00fckitud <a href=\"https:\/\/baubauwall.com\/et\/keskkonnasobralikud-tapeedid\/\" target=\"_blank\" rel=\"noopener\">keskkonnas\u00f5bralike v\u00e4rvidega<\/a>, hingavale fliistapeedi materjalile, mis ei l\u00e4igi ja on lihtne paigaldada. Pakist lead ka fliistapeedile sobiva liimi.\u00a0<a href=\"https:\/\/baubauwall.com\/et\/ideed\/beebitoa-tapeedid-kuidas-lastetuppa-pilttapeete-valida\/\" target=\"_blank\" rel=\"noopener\"> Loe veel beebitoa tapeetidest<\/a> meie ajakirjas.<\/p>\n","protected":false},"excerpt":{"rendered":"<p>Rong see s\u00f5itis tsuh-tsuh-tsuh, Piilupart oli rongijuht. Rattad tegid ra-ta-ta, ra-ta-ta ja ta-ta-ta Aga seal, rongi peal, kas sa tead, kes olid seal? Sellel armsal lastetoa tapeedil on lisaks piilupardile rongijuhi ametis ka hiir ning konnake. Reisijateks elevant, kaelkirjak, l\u00f5vi ning mitmeid teised l\u00f5busad loomad. Ideaalne tapeet k\u00f5ige pisema pereliikme beebitoa seinale esimesteks eluaastateks. Beebitoa [&hellip;]<\/p>\n","protected":false},"featured_media":35640,"comment_status":"open","ping_status":"closed","template":"","meta":{"_acf_changed":false,"inline_featured_image":false},"product_brand":[],"product_cat":[634,387,406,265,273,276,400,250],"product_tag":[349,635],"class_list":{"0":"post-35642","1":"product","2":"type-product","3":"status-publish","4":"has-post-thumbnail","6":"product_cat-oliver-robbins-tapeedid","7":"product_cat-pilttapeedid","8":"product_cat-klassika","9":"product_cat-beezid-tapeedid","10":"product_cat-heledad-tapeedid","11":"product_cat-pastelsed-tapeedid","12":"product_cat-lastetoa-tapeedid","13":"product_cat-dzungel-troopika","14":"product_tag-beebituba","15":"product_tag-oliver-robbins-tapeedid","16":"pa_designedby-sir-edward","18":"first","19":"instock","20":"taxable","21":"shipping-taxable","22":"purchasable","23":"product-type-simple"},"acf":[],"yoast_head":"<!-- This site is optimized with the Yoast SEO plugin v25.9 - https:\/\/yoast.com\/wordpress\/plugins\/seo\/ -->\n<title>Idee beebitoa tapeediks - rongis\u00f5it pilttapeet.<\/title>\n<meta name=\"description\" content=\"Pilttapeet beebituppa loomade ja lindudega, kes k\u00f5ik koos rongis\u00f5itu teevad. H\u00fcppa reisile kaasa. Armas tapeet lastetoa seinale.\" \/>\n<meta name=\"robots\" content=\"index, follow, max-snippet:-1, max-image-preview:large, max-video-preview:-1\" \/>\n<link rel=\"canonical\" href=\"https:\/\/baubauwall.com\/et\/toode\/pilttapeet-rong-see-soitis\/\" \/>\n<meta property=\"og:locale\" content=\"et_EE\" \/>\n<meta property=\"og:type\" content=\"article\" \/>\n<meta property=\"og:title\" content=\"Idee beebitoa tapeediks - rongis\u00f5it pilttapeet.\" \/>\n<meta property=\"og:description\" content=\"Pilttapeet beebituppa loomade ja lindudega, kes k\u00f5ik koos rongis\u00f5itu teevad. H\u00fcppa reisile kaasa. Armas tapeet lastetoa seinale.\" \/>\n<meta property=\"og:url\" content=\"https:\/\/baubauwall.com\/et\/toode\/pilttapeet-rong-see-soitis\/\" \/>\n<meta property=\"og:site_name\" content=\"BAUBAUWALL TAPEEDID\" \/>\n<meta property=\"article:publisher\" content=\"https:\/\/www.facebook.com\/Baubauwall\" \/>\n<meta property=\"article:modified_time\" content=\"2025-04-14T08:15:52+00:00\" \/>\n<meta property=\"og:image\" content=\"https:\/\/baubauwall.com\/wp-content\/uploads\/2022\/11\/51200385_TrainTravels_Baubauwall_Wall_Mural_room6.jpg\" \/>\n\t<meta property=\"og:image:width\" content=\"2400\" \/>\n\t<meta property=\"og:image:height\" content=\"1600\" \/>\n\t<meta property=\"og:image:type\" content=\"image\/jpeg\" \/>\n<meta name=\"twitter:card\" content=\"summary_large_image\" \/>\n<meta name=\"twitter:label1\" content=\"Est. reading time\" \/>\n\t<meta name=\"twitter:data1\" content=\"1 minut\" \/>\n<script type=\"application\/ld+json\" class=\"yoast-schema-graph\">{\"@context\":\"https:\/\/schema.org\",\"@graph\":[{\"@type\":\"WebPage\",\"@id\":\"https:\/\/baubauwall.com\/et\/toode\/pilttapeet-rong-see-soitis\/\",\"url\":\"https:\/\/baubauwall.com\/et\/toode\/pilttapeet-rong-see-soitis\/\",\"name\":\"Idee beebitoa tapeediks - rongis\u00f5it pilttapeet.\",\"isPartOf\":{\"@id\":\"https:\/\/baubauwall.com\/et\/#website\"},\"primaryImageOfPage\":{\"@id\":\"https:\/\/baubauwall.com\/et\/toode\/pilttapeet-rong-see-soitis\/#primaryimage\"},\"image\":{\"@id\":\"https:\/\/baubauwall.com\/et\/toode\/pilttapeet-rong-see-soitis\/#primaryimage\"},\"thumbnailUrl\":\"https:\/\/baubauwall.com\/wp-content\/uploads\/2022\/11\/51200385_TrainTravels_Baubauwall_Wall_Mural_room6.jpg\",\"datePublished\":\"2024-03-24T15:00:27+00:00\",\"dateModified\":\"2025-04-14T08:15:52+00:00\",\"description\":\"Pilttapeet beebituppa loomade ja lindudega, kes k\u00f5ik koos rongis\u00f5itu teevad. H\u00fcppa reisile kaasa. Armas tapeet lastetoa seinale.\",\"breadcrumb\":{\"@id\":\"https:\/\/baubauwall.com\/et\/toode\/pilttapeet-rong-see-soitis\/#breadcrumb\"},\"inLanguage\":\"et\",\"potentialAction\":[{\"@type\":\"ReadAction\",\"target\":[\"https:\/\/baubauwall.com\/et\/toode\/pilttapeet-rong-see-soitis\/\"]}]},{\"@type\":\"ImageObject\",\"inLanguage\":\"et\",\"@id\":\"https:\/\/baubauwall.com\/et\/toode\/pilttapeet-rong-see-soitis\/#primaryimage\",\"url\":\"https:\/\/baubauwall.com\/wp-content\/uploads\/2022\/11\/51200385_TrainTravels_Baubauwall_Wall_Mural_room6.jpg\",\"contentUrl\":\"https:\/\/baubauwall.com\/wp-content\/uploads\/2022\/11\/51200385_TrainTravels_Baubauwall_Wall_Mural_room6.jpg\",\"width\":2400,\"height\":1600},{\"@type\":\"BreadcrumbList\",\"@id\":\"https:\/\/baubauwall.com\/et\/toode\/pilttapeet-rong-see-soitis\/#breadcrumb\",\"itemListElement\":[{\"@type\":\"ListItem\",\"position\":1,\"name\":\"Koju\",\"item\":\"https:\/\/baubauwall.com\/et\/\"},{\"@type\":\"ListItem\",\"position\":2,\"name\":\"Tapeedid\",\"item\":\"https:\/\/baubauwall.com\/et\/tapeedid\/\"},{\"@type\":\"ListItem\",\"position\":3,\"name\":\"Lastetoa tapeet &#8211; Rong see s\u00f5itis&#8230;\"}]},{\"@type\":\"WebSite\",\"@id\":\"https:\/\/baubauwall.com\/et\/#website\",\"url\":\"https:\/\/baubauwall.com\/et\/\",\"name\":\"BAUBAUWALL Wallpapers\",\"description\":\"Valmis paanides tapeet Eestist!\",\"publisher\":{\"@id\":\"https:\/\/baubauwall.com\/et\/#organization\"},\"potentialAction\":[{\"@type\":\"SearchAction\",\"target\":{\"@type\":\"EntryPoint\",\"urlTemplate\":\"https:\/\/baubauwall.com\/et\/?s={search_term_string}\"},\"query-input\":{\"@type\":\"PropertyValueSpecification\",\"valueRequired\":true,\"valueName\":\"search_term_string\"}}],\"inLanguage\":\"et\"},{\"@type\":\"Organization\",\"@id\":\"https:\/\/baubauwall.com\/et\/#organization\",\"name\":\"BAUBAUWALL Wallpapers\",\"url\":\"https:\/\/baubauwall.com\/et\/\",\"logo\":{\"@type\":\"ImageObject\",\"inLanguage\":\"et\",\"@id\":\"https:\/\/baubauwall.com\/et\/#\/schema\/logo\/image\/\",\"url\":\"https:\/\/baubauwall.com\/wp-content\/uploads\/2022\/03\/logo-horizontal.svg\",\"contentUrl\":\"https:\/\/baubauwall.com\/wp-content\/uploads\/2022\/03\/logo-horizontal.svg\",\"width\":\"1024\",\"height\":\"1024\",\"caption\":\"BAUBAUWALL Wallpapers\"},\"image\":{\"@id\":\"https:\/\/baubauwall.com\/et\/#\/schema\/logo\/image\/\"},\"sameAs\":[\"https:\/\/www.facebook.com\/Baubauwall\",\"https:\/\/www.instagram.com\/baubauwall\"]}]}<\/script>\n<!-- \/ Yoast SEO plugin. -->","yoast_head_json":{"title":"Idee beebitoa tapeediks - rongis\u00f5it pilttapeet.","description":"Pilttapeet beebituppa loomade ja lindudega, kes k\u00f5ik koos rongis\u00f5itu teevad. H\u00fcppa reisile kaasa. Armas tapeet lastetoa seinale.","robots":{"index":"index","follow":"follow","max-snippet":"max-snippet:-1","max-image-preview":"max-image-preview:large","max-video-preview":"max-video-preview:-1"},"canonical":"https:\/\/baubauwall.com\/et\/toode\/pilttapeet-rong-see-soitis\/","og_locale":"et_EE","og_type":"article","og_title":"Idee beebitoa tapeediks - rongis\u00f5it pilttapeet.","og_description":"Pilttapeet beebituppa loomade ja lindudega, kes k\u00f5ik koos rongis\u00f5itu teevad. H\u00fcppa reisile kaasa. Armas tapeet lastetoa seinale.","og_url":"https:\/\/baubauwall.com\/et\/toode\/pilttapeet-rong-see-soitis\/","og_site_name":"BAUBAUWALL TAPEEDID","article_publisher":"https:\/\/www.facebook.com\/Baubauwall","article_modified_time":"2025-04-14T08:15:52+00:00","og_image":[{"width":2400,"height":1600,"url":"https:\/\/baubauwall.com\/wp-content\/uploads\/2022\/11\/51200385_TrainTravels_Baubauwall_Wall_Mural_room6.jpg","type":"image\/jpeg"}],"twitter_card":"summary_large_image","twitter_misc":{"Est. reading time":"1 minut"},"schema":{"@context":"https:\/\/schema.org","@graph":[{"@type":"WebPage","@id":"https:\/\/baubauwall.com\/et\/toode\/pilttapeet-rong-see-soitis\/","url":"https:\/\/baubauwall.com\/et\/toode\/pilttapeet-rong-see-soitis\/","name":"Idee beebitoa tapeediks - rongis\u00f5it pilttapeet.","isPartOf":{"@id":"https:\/\/baubauwall.com\/et\/#website"},"primaryImageOfPage":{"@id":"https:\/\/baubauwall.com\/et\/toode\/pilttapeet-rong-see-soitis\/#primaryimage"},"image":{"@id":"https:\/\/baubauwall.com\/et\/toode\/pilttapeet-rong-see-soitis\/#primaryimage"},"thumbnailUrl":"https:\/\/baubauwall.com\/wp-content\/uploads\/2022\/11\/51200385_TrainTravels_Baubauwall_Wall_Mural_room6.jpg","datePublished":"2024-03-24T15:00:27+00:00","dateModified":"2025-04-14T08:15:52+00:00","description":"Pilttapeet beebituppa loomade ja lindudega, kes k\u00f5ik koos rongis\u00f5itu teevad. H\u00fcppa reisile kaasa. Armas tapeet lastetoa seinale.","breadcrumb":{"@id":"https:\/\/baubauwall.com\/et\/toode\/pilttapeet-rong-see-soitis\/#breadcrumb"},"inLanguage":"et","potentialAction":[{"@type":"ReadAction","target":["https:\/\/baubauwall.com\/et\/toode\/pilttapeet-rong-see-soitis\/"]}]},{"@type":"ImageObject","inLanguage":"et","@id":"https:\/\/baubauwall.com\/et\/toode\/pilttapeet-rong-see-soitis\/#primaryimage","url":"https:\/\/baubauwall.com\/wp-content\/uploads\/2022\/11\/51200385_TrainTravels_Baubauwall_Wall_Mural_room6.jpg","contentUrl":"https:\/\/baubauwall.com\/wp-content\/uploads\/2022\/11\/51200385_TrainTravels_Baubauwall_Wall_Mural_room6.jpg","width":2400,"height":1600},{"@type":"BreadcrumbList","@id":"https:\/\/baubauwall.com\/et\/toode\/pilttapeet-rong-see-soitis\/#breadcrumb","itemListElement":[{"@type":"ListItem","position":1,"name":"Koju","item":"https:\/\/baubauwall.com\/et\/"},{"@type":"ListItem","position":2,"name":"Tapeedid","item":"https:\/\/baubauwall.com\/et\/tapeedid\/"},{"@type":"ListItem","position":3,"name":"Lastetoa tapeet &#8211; Rong see s\u00f5itis&#8230;"}]},{"@type":"WebSite","@id":"https:\/\/baubauwall.com\/et\/#website","url":"https:\/\/baubauwall.com\/et\/","name":"BAUBAUWALL Wallpapers","description":"Valmis paanides tapeet Eestist!","publisher":{"@id":"https:\/\/baubauwall.com\/et\/#organization"},"potentialAction":[{"@type":"SearchAction","target":{"@type":"EntryPoint","urlTemplate":"https:\/\/baubauwall.com\/et\/?s={search_term_string}"},"query-input":{"@type":"PropertyValueSpecification","valueRequired":true,"valueName":"search_term_string"}}],"inLanguage":"et"},{"@type":"Organization","@id":"https:\/\/baubauwall.com\/et\/#organization","name":"BAUBAUWALL Wallpapers","url":"https:\/\/baubauwall.com\/et\/","logo":{"@type":"ImageObject","inLanguage":"et","@id":"https:\/\/baubauwall.com\/et\/#\/schema\/logo\/image\/","url":"https:\/\/baubauwall.com\/wp-content\/uploads\/2022\/03\/logo-horizontal.svg","contentUrl":"https:\/\/baubauwall.com\/wp-content\/uploads\/2022\/03\/logo-horizontal.svg","width":"1024","height":"1024","caption":"BAUBAUWALL Wallpapers"},"image":{"@id":"https:\/\/baubauwall.com\/et\/#\/schema\/logo\/image\/"},"sameAs":["https:\/\/www.facebook.com\/Baubauwall","https:\/\/www.instagram.com\/baubauwall"]}]}},"jetpack_sharing_enabled":true,"_links":{"self":[{"href":"https:\/\/baubauwall.com\/et\/wp-json\/wp\/v2\/product\/35642","targetHints":{"allow":["GET"]}}],"collection":[{"href":"https:\/\/baubauwall.com\/et\/wp-json\/wp\/v2\/product"}],"about":[{"href":"https:\/\/baubauwall.com\/et\/wp-json\/wp\/v2\/types\/product"}],"replies":[{"embeddable":true,"href":"https:\/\/baubauwall.com\/et\/wp-json\/wp\/v2\/comments?post=35642"}],"wp:featuredmedia":[{"embeddable":true,"href":"https:\/\/baubauwall.com\/et\/wp-json\/wp\/v2\/media\/35640"}],"wp:attachment":[{"href":"https:\/\/baubauwall.com\/et\/wp-json\/wp\/v2\/media?parent=35642"}],"wp:term":[{"taxonomy":"product_brand","embeddable":true,"href":"https:\/\/baubauwall.com\/et\/wp-json\/wp\/v2\/product_brand?post=35642"},{"taxonomy":"product_cat","embeddable":true,"href":"https:\/\/baubauwall.com\/et\/wp-json\/wp\/v2\/product_cat?post=35642"},{"taxonomy":"product_tag","embeddable":true,"href":"https:\/\/baubauwall.com\/et\/wp-json\/wp\/v2\/product_tag?post=35642"}],"curies":[{"name":"wp","href":"https:\/\/api.w.org\/{rel}","templated":true}]}}