{"id":35646,"date":"2024-04-01T15:56:25","date_gmt":"2024-04-01T13:56:25","guid":{"rendered":"https:\/\/baubauwall.com\/?post_type=product&#038;p=35646"},"modified":"2025-04-14T10:21:40","modified_gmt":"2025-04-14T08:21:40","slug":"pilttapeet-seiklus-kosmoses-helesinine","status":"publish","type":"product","link":"https:\/\/baubauwall.com\/et\/toode\/pilttapeet-seiklus-kosmoses-helesinine\/","title":{"rendered":"Lastetoa tapeet &#8211; Seiklus kosmoses &#8211; helesinine"},"content":{"rendered":"<p>Lastetoa tapeet, mis viib otse kosmosesse! \u00dcks t\u00f5eliselt tore tapeet pisikesele astronoomiahuvilisele. Helesinisel tapeedil leiad kosmonaudi, kosmoselaeva, planeedid ja t\u00e4hed. Seiklus kosmoses on on pilttapeet, mis sobib imeliselt lapse magamistuppa ja toob s\u00f5na otseses m\u00f5tted t\u00e4hed taevast alla!<\/p>\n<p>Nagu k\u00f5ik meie tapeedid on ka see tapeet tr\u00fckitud keskkonnas\u00f5bralike v\u00e4rvidega hingavale, fliistapeedi materjalile. Sinu uus tapeet on l\u00f5igatud nummerdatud paanideks \u2013 t\u00e4pselt nii pikad, kui Sinu sein. Kuidas see t\u00f6\u00f6tab \u2013 loe l\u00e4hemalt<a href=\"https:\/\/baubauwall.com\/et\/kuidas-see-tootab\/\" target=\"_blank\" rel=\"noopener\">\u00a0siit.<\/a><\/p>\n<p>&nbsp;<\/p>\n<p>&nbsp;<\/p>\n<p>&nbsp;<\/p>\n","protected":false},"excerpt":{"rendered":"<p>Lastetoa tapeet, mis viib otse kosmosesse! \u00dcks t\u00f5eliselt tore tapeet pisikesele astronoomiahuvilisele. Helesinisel tapeedil leiad kosmonaudi, kosmoselaeva, planeedid ja t\u00e4hed. Seiklus kosmoses on on pilttapeet, mis sobib imeliselt lapse magamistuppa ja toob s\u00f5na otseses m\u00f5tted t\u00e4hed taevast alla! Nagu k\u00f5ik meie tapeedid on ka see tapeet tr\u00fckitud keskkonnas\u00f5bralike v\u00e4rvidega hingavale, fliistapeedi materjalile. Sinu uus tapeet [&hellip;]<\/p>\n","protected":false},"featured_media":35663,"comment_status":"open","ping_status":"closed","template":"","meta":{"_acf_changed":false,"inline_featured_image":false},"product_brand":[],"product_cat":[634,387,267,400,465,614],"product_tag":[430,635,345,308],"class_list":{"0":"post-35646","1":"product","2":"type-product","3":"status-publish","4":"has-post-thumbnail","6":"product_cat-oliver-robbins-tapeedid","7":"product_cat-pilttapeedid","8":"product_cat-sinised-tapeedid","9":"product_cat-lastetoa-tapeedid","10":"product_cat-taevas-ja-pilved","11":"product_cat-kosmos-galaktika-et","12":"product_tag-kosmos","13":"product_tag-oliver-robbins-tapeedid","14":"product_tag-pilttapeet","15":"product_tag-poiste-tuba","16":"pa_designedby-sir-edward","18":"first","19":"instock","20":"taxable","21":"shipping-taxable","22":"purchasable","23":"product-type-simple"},"acf":[],"yoast_head":"<!-- This site is optimized with the Yoast SEO plugin v25.9 - https:\/\/yoast.com\/wordpress\/plugins\/seo\/ -->\n<title>Planeedid ja s\u00e4ravad t\u00e4hed pilttapeet. Sinu seina m\u00f5\u00f5dus tapeedid<\/title>\n<meta name=\"description\" content=\"Pilttapeet t\u00e4histaeva ja planeetidega. Koge kaugeid planeete oma toas. Pilttapeet p\u00e4ikeses\u00fcsteemist tuntud planeetidega. Kui suur on Marss Maa suhtes?\" \/>\n<meta name=\"robots\" content=\"index, follow, max-snippet:-1, max-image-preview:large, max-video-preview:-1\" \/>\n<link rel=\"canonical\" href=\"https:\/\/baubauwall.com\/et\/toode\/pilttapeet-seiklus-kosmoses-helesinine\/\" \/>\n<meta property=\"og:locale\" content=\"et_EE\" \/>\n<meta property=\"og:type\" content=\"article\" \/>\n<meta property=\"og:title\" content=\"Lastetoa tapeet - Seiklus kosmoses - helesinine\" \/>\n<meta property=\"og:description\" content=\"BAUBAUWALL TAPEEDID\" \/>\n<meta property=\"og:url\" content=\"https:\/\/baubauwall.com\/et\/toode\/pilttapeet-seiklus-kosmoses-helesinine\/\" \/>\n<meta property=\"og:site_name\" content=\"BAUBAUWALL TAPEEDID\" \/>\n<meta property=\"article:publisher\" content=\"https:\/\/www.facebook.com\/Baubauwall\" \/>\n<meta property=\"article:modified_time\" content=\"2025-04-14T08:21:40+00:00\" \/>\n<meta property=\"og:image\" content=\"https:\/\/baubauwall.com\/wp-content\/uploads\/2022\/03\/51200083_SolarSystem_ENG-darkblue_Baubauwall_Wallmural_room8.jpg\" \/>\n\t<meta property=\"og:image:width\" content=\"1301\" \/>\n\t<meta property=\"og:image:height\" content=\"800\" \/>\n\t<meta property=\"og:image:type\" content=\"image\/jpeg\" \/>\n<meta name=\"twitter:card\" content=\"summary_large_image\" \/>\n<meta name=\"twitter:label1\" content=\"Est. reading time\" \/>\n\t<meta name=\"twitter:data1\" content=\"1 minut\" \/>\n<script type=\"application\/ld+json\" class=\"yoast-schema-graph\">{\"@context\":\"https:\/\/schema.org\",\"@graph\":[{\"@type\":\"WebPage\",\"@id\":\"https:\/\/baubauwall.com\/et\/toode\/pilttapeet-seiklus-kosmoses-helesinine\/\",\"url\":\"https:\/\/baubauwall.com\/et\/toode\/pilttapeet-seiklus-kosmoses-helesinine\/\",\"name\":\"Planeedid ja s\u00e4ravad t\u00e4hed pilttapeet. Sinu seina m\u00f5\u00f5dus tapeedid\",\"isPartOf\":{\"@id\":\"https:\/\/baubauwall.com\/et\/#website\"},\"primaryImageOfPage\":{\"@id\":\"https:\/\/baubauwall.com\/et\/toode\/pilttapeet-seiklus-kosmoses-helesinine\/#primaryimage\"},\"image\":{\"@id\":\"https:\/\/baubauwall.com\/et\/toode\/pilttapeet-seiklus-kosmoses-helesinine\/#primaryimage\"},\"thumbnailUrl\":\"https:\/\/baubauwall.com\/wp-content\/uploads\/2024\/04\/51200384_SpaceJoy-Light_Baubauwall_Wall_Mural_room5.jpg\",\"datePublished\":\"2024-04-01T13:56:25+00:00\",\"dateModified\":\"2025-04-14T08:21:40+00:00\",\"description\":\"Pilttapeet t\u00e4histaeva ja planeetidega. Koge kaugeid planeete oma toas. Pilttapeet p\u00e4ikeses\u00fcsteemist tuntud planeetidega. Kui suur on Marss Maa suhtes?\",\"breadcrumb\":{\"@id\":\"https:\/\/baubauwall.com\/et\/toode\/pilttapeet-seiklus-kosmoses-helesinine\/#breadcrumb\"},\"inLanguage\":\"et\",\"potentialAction\":[{\"@type\":\"ReadAction\",\"target\":[\"https:\/\/baubauwall.com\/et\/toode\/pilttapeet-seiklus-kosmoses-helesinine\/\"]}]},{\"@type\":\"ImageObject\",\"inLanguage\":\"et\",\"@id\":\"https:\/\/baubauwall.com\/et\/toode\/pilttapeet-seiklus-kosmoses-helesinine\/#primaryimage\",\"url\":\"https:\/\/baubauwall.com\/wp-content\/uploads\/2024\/04\/51200384_SpaceJoy-Light_Baubauwall_Wall_Mural_room5.jpg\",\"contentUrl\":\"https:\/\/baubauwall.com\/wp-content\/uploads\/2024\/04\/51200384_SpaceJoy-Light_Baubauwall_Wall_Mural_room5.jpg\",\"width\":2135,\"height\":1600},{\"@type\":\"BreadcrumbList\",\"@id\":\"https:\/\/baubauwall.com\/et\/toode\/pilttapeet-seiklus-kosmoses-helesinine\/#breadcrumb\",\"itemListElement\":[{\"@type\":\"ListItem\",\"position\":1,\"name\":\"Koju\",\"item\":\"https:\/\/baubauwall.com\/et\/\"},{\"@type\":\"ListItem\",\"position\":2,\"name\":\"Tapeedid\",\"item\":\"https:\/\/baubauwall.com\/et\/tapeedid\/\"},{\"@type\":\"ListItem\",\"position\":3,\"name\":\"Lastetoa tapeet &#8211; Seiklus kosmoses &#8211; helesinine\"}]},{\"@type\":\"WebSite\",\"@id\":\"https:\/\/baubauwall.com\/et\/#website\",\"url\":\"https:\/\/baubauwall.com\/et\/\",\"name\":\"BAUBAUWALL Wallpapers\",\"description\":\"Valmis paanides tapeet Eestist!\",\"publisher\":{\"@id\":\"https:\/\/baubauwall.com\/et\/#organization\"},\"potentialAction\":[{\"@type\":\"SearchAction\",\"target\":{\"@type\":\"EntryPoint\",\"urlTemplate\":\"https:\/\/baubauwall.com\/et\/?s={search_term_string}\"},\"query-input\":{\"@type\":\"PropertyValueSpecification\",\"valueRequired\":true,\"valueName\":\"search_term_string\"}}],\"inLanguage\":\"et\"},{\"@type\":\"Organization\",\"@id\":\"https:\/\/baubauwall.com\/et\/#organization\",\"name\":\"BAUBAUWALL Wallpapers\",\"url\":\"https:\/\/baubauwall.com\/et\/\",\"logo\":{\"@type\":\"ImageObject\",\"inLanguage\":\"et\",\"@id\":\"https:\/\/baubauwall.com\/et\/#\/schema\/logo\/image\/\",\"url\":\"https:\/\/baubauwall.com\/wp-content\/uploads\/2022\/03\/logo-horizontal.svg\",\"contentUrl\":\"https:\/\/baubauwall.com\/wp-content\/uploads\/2022\/03\/logo-horizontal.svg\",\"width\":\"1024\",\"height\":\"1024\",\"caption\":\"BAUBAUWALL Wallpapers\"},\"image\":{\"@id\":\"https:\/\/baubauwall.com\/et\/#\/schema\/logo\/image\/\"},\"sameAs\":[\"https:\/\/www.facebook.com\/Baubauwall\",\"https:\/\/www.instagram.com\/baubauwall\"]}]}<\/script>\n<!-- \/ Yoast SEO plugin. -->","yoast_head_json":{"title":"Planeedid ja s\u00e4ravad t\u00e4hed pilttapeet. Sinu seina m\u00f5\u00f5dus tapeedid","description":"Pilttapeet t\u00e4histaeva ja planeetidega. Koge kaugeid planeete oma toas. Pilttapeet p\u00e4ikeses\u00fcsteemist tuntud planeetidega. Kui suur on Marss Maa suhtes?","robots":{"index":"index","follow":"follow","max-snippet":"max-snippet:-1","max-image-preview":"max-image-preview:large","max-video-preview":"max-video-preview:-1"},"canonical":"https:\/\/baubauwall.com\/et\/toode\/pilttapeet-seiklus-kosmoses-helesinine\/","og_locale":"et_EE","og_type":"article","og_title":"Lastetoa tapeet - Seiklus kosmoses - helesinine","og_description":"BAUBAUWALL TAPEEDID","og_url":"https:\/\/baubauwall.com\/et\/toode\/pilttapeet-seiklus-kosmoses-helesinine\/","og_site_name":"BAUBAUWALL TAPEEDID","article_publisher":"https:\/\/www.facebook.com\/Baubauwall","article_modified_time":"2025-04-14T08:21:40+00:00","og_image":[{"width":1301,"height":800,"url":"https:\/\/baubauwall.com\/wp-content\/uploads\/2022\/03\/51200083_SolarSystem_ENG-darkblue_Baubauwall_Wallmural_room8.jpg","type":"image\/jpeg"}],"twitter_card":"summary_large_image","twitter_misc":{"Est. reading time":"1 minut"},"schema":{"@context":"https:\/\/schema.org","@graph":[{"@type":"WebPage","@id":"https:\/\/baubauwall.com\/et\/toode\/pilttapeet-seiklus-kosmoses-helesinine\/","url":"https:\/\/baubauwall.com\/et\/toode\/pilttapeet-seiklus-kosmoses-helesinine\/","name":"Planeedid ja s\u00e4ravad t\u00e4hed pilttapeet. Sinu seina m\u00f5\u00f5dus tapeedid","isPartOf":{"@id":"https:\/\/baubauwall.com\/et\/#website"},"primaryImageOfPage":{"@id":"https:\/\/baubauwall.com\/et\/toode\/pilttapeet-seiklus-kosmoses-helesinine\/#primaryimage"},"image":{"@id":"https:\/\/baubauwall.com\/et\/toode\/pilttapeet-seiklus-kosmoses-helesinine\/#primaryimage"},"thumbnailUrl":"https:\/\/baubauwall.com\/wp-content\/uploads\/2024\/04\/51200384_SpaceJoy-Light_Baubauwall_Wall_Mural_room5.jpg","datePublished":"2024-04-01T13:56:25+00:00","dateModified":"2025-04-14T08:21:40+00:00","description":"Pilttapeet t\u00e4histaeva ja planeetidega. Koge kaugeid planeete oma toas. Pilttapeet p\u00e4ikeses\u00fcsteemist tuntud planeetidega. Kui suur on Marss Maa suhtes?","breadcrumb":{"@id":"https:\/\/baubauwall.com\/et\/toode\/pilttapeet-seiklus-kosmoses-helesinine\/#breadcrumb"},"inLanguage":"et","potentialAction":[{"@type":"ReadAction","target":["https:\/\/baubauwall.com\/et\/toode\/pilttapeet-seiklus-kosmoses-helesinine\/"]}]},{"@type":"ImageObject","inLanguage":"et","@id":"https:\/\/baubauwall.com\/et\/toode\/pilttapeet-seiklus-kosmoses-helesinine\/#primaryimage","url":"https:\/\/baubauwall.com\/wp-content\/uploads\/2024\/04\/51200384_SpaceJoy-Light_Baubauwall_Wall_Mural_room5.jpg","contentUrl":"https:\/\/baubauwall.com\/wp-content\/uploads\/2024\/04\/51200384_SpaceJoy-Light_Baubauwall_Wall_Mural_room5.jpg","width":2135,"height":1600},{"@type":"BreadcrumbList","@id":"https:\/\/baubauwall.com\/et\/toode\/pilttapeet-seiklus-kosmoses-helesinine\/#breadcrumb","itemListElement":[{"@type":"ListItem","position":1,"name":"Koju","item":"https:\/\/baubauwall.com\/et\/"},{"@type":"ListItem","position":2,"name":"Tapeedid","item":"https:\/\/baubauwall.com\/et\/tapeedid\/"},{"@type":"ListItem","position":3,"name":"Lastetoa tapeet &#8211; Seiklus kosmoses &#8211; helesinine"}]},{"@type":"WebSite","@id":"https:\/\/baubauwall.com\/et\/#website","url":"https:\/\/baubauwall.com\/et\/","name":"BAUBAUWALL Wallpapers","description":"Valmis paanides tapeet Eestist!","publisher":{"@id":"https:\/\/baubauwall.com\/et\/#organization"},"potentialAction":[{"@type":"SearchAction","target":{"@type":"EntryPoint","urlTemplate":"https:\/\/baubauwall.com\/et\/?s={search_term_string}"},"query-input":{"@type":"PropertyValueSpecification","valueRequired":true,"valueName":"search_term_string"}}],"inLanguage":"et"},{"@type":"Organization","@id":"https:\/\/baubauwall.com\/et\/#organization","name":"BAUBAUWALL Wallpapers","url":"https:\/\/baubauwall.com\/et\/","logo":{"@type":"ImageObject","inLanguage":"et","@id":"https:\/\/baubauwall.com\/et\/#\/schema\/logo\/image\/","url":"https:\/\/baubauwall.com\/wp-content\/uploads\/2022\/03\/logo-horizontal.svg","contentUrl":"https:\/\/baubauwall.com\/wp-content\/uploads\/2022\/03\/logo-horizontal.svg","width":"1024","height":"1024","caption":"BAUBAUWALL Wallpapers"},"image":{"@id":"https:\/\/baubauwall.com\/et\/#\/schema\/logo\/image\/"},"sameAs":["https:\/\/www.facebook.com\/Baubauwall","https:\/\/www.instagram.com\/baubauwall"]}]}},"jetpack_sharing_enabled":true,"_links":{"self":[{"href":"https:\/\/baubauwall.com\/et\/wp-json\/wp\/v2\/product\/35646","targetHints":{"allow":["GET"]}}],"collection":[{"href":"https:\/\/baubauwall.com\/et\/wp-json\/wp\/v2\/product"}],"about":[{"href":"https:\/\/baubauwall.com\/et\/wp-json\/wp\/v2\/types\/product"}],"replies":[{"embeddable":true,"href":"https:\/\/baubauwall.com\/et\/wp-json\/wp\/v2\/comments?post=35646"}],"wp:featuredmedia":[{"embeddable":true,"href":"https:\/\/baubauwall.com\/et\/wp-json\/wp\/v2\/media\/35663"}],"wp:attachment":[{"href":"https:\/\/baubauwall.com\/et\/wp-json\/wp\/v2\/media?parent=35646"}],"wp:term":[{"taxonomy":"product_brand","embeddable":true,"href":"https:\/\/baubauwall.com\/et\/wp-json\/wp\/v2\/product_brand?post=35646"},{"taxonomy":"product_cat","embeddable":true,"href":"https:\/\/baubauwall.com\/et\/wp-json\/wp\/v2\/product_cat?post=35646"},{"taxonomy":"product_tag","embeddable":true,"href":"https:\/\/baubauwall.com\/et\/wp-json\/wp\/v2\/product_tag?post=35646"}],"curies":[{"name":"wp","href":"https:\/\/api.w.org\/{rel}","templated":true}]}}