{"id":35752,"date":"2024-04-04T10:48:21","date_gmt":"2024-04-04T08:48:21","guid":{"rendered":"https:\/\/baubauwall.com\/?post_type=product&#038;p=35752"},"modified":"2025-04-14T10:09:56","modified_gmt":"2025-04-14T08:09:56","slug":"pilttapeet-lastele-rebane-kuul-roosa","status":"publish","type":"product","link":"https:\/\/baubauwall.com\/et\/toode\/pilttapeet-lastele-rebane-kuul-roosa\/","title":{"rendered":"Lastetoa tapeet &#8211; Rebane Kuul &#8211; roosa"},"content":{"rendered":"<p>&#8220;H\u00fcvasti,\u201d \u00fctles rebane. \u201cSiin on minu saladus. See on v\u00e4ga lihtne: ainult s\u00fcdamega n\u00e4ed h\u00e4sti. K\u00f5ige t\u00e4htsam on silmale n\u00e4htamatu.&#8221; Antoine de Saint-Exupery kirjutas nii raamatus &#8220;V\u00e4ike prints&#8221;. Selle tapeedi rebane on Sinu lastetoa parim s\u00f5ber, just nagu &#8220;V\u00e4ikese printsi&#8221; peategelased.\u00a0 Kes \u00fctles, et rebased ei v\u00f5iks elada koos parima s\u00f5bra hiirega just Kuul? Aga muidugi, sest k\u00f5ige ilusamates fantaasiates just nii olema peab. V\u00f5i v\u00e4hemalt hea disainiga lastetoa tapeedil. Rebane Kuul on roosal taustal pilttapeet, millelt tabad lendavad t\u00e4hed, armsa hiire ja rebase &#8211; otse Kuul. Disainil on just parajalt nii palju vaba ruumi, et kui m\u00f5ni m\u00f6\u00f6bliese satub ette, ei juhtu midagi.<\/p>\n<p>Nagu k\u00f5ik meie kordusmustriga tapeedid ja pilttapeedid, on ka see disain tr\u00fckitud\u00a0<a href=\"https:\/\/baubauwall.com\/et\/keskkonnasobralikud-tapeedid\/\" target=\"_blank\" rel=\"noopener\">keskkonnas\u00f5bralike v\u00e4rvidega<\/a>, hingavale fliistapeedi materjalile, mis ei l\u00e4igi ja on lihtne paigaldada. Sinu uus tapeet tuleb valmis l\u00f5igatud ning nummerdatud paanides, mis on t\u00e4pselt nii k\u00f5rged, kui Sinu sein.<\/p>\n","protected":false},"excerpt":{"rendered":"<p>&#8220;H\u00fcvasti,\u201d \u00fctles rebane. \u201cSiin on minu saladus. See on v\u00e4ga lihtne: ainult s\u00fcdamega n\u00e4ed h\u00e4sti. K\u00f5ige t\u00e4htsam on silmale n\u00e4htamatu.&#8221; Antoine de Saint-Exupery kirjutas nii raamatus &#8220;V\u00e4ike prints&#8221;. Selle tapeedi rebane on Sinu lastetoa parim s\u00f5ber, just nagu &#8220;V\u00e4ikese printsi&#8221; peategelased.\u00a0 Kes \u00fctles, et rebased ei v\u00f5iks elada koos parima s\u00f5bra hiirega just Kuul? Aga [&hellip;]<\/p>\n","protected":false},"featured_media":35772,"comment_status":"open","ping_status":"closed","template":"","meta":{"_acf_changed":false,"inline_featured_image":false},"product_brand":[],"product_cat":[634,387,395,392,396,273,276,278,400,614,255],"product_tag":[349,635,345,324],"class_list":{"0":"post-35752","1":"product","2":"type-product","3":"status-publish","4":"has-post-thumbnail","6":"product_cat-oliver-robbins-tapeedid","7":"product_cat-pilttapeedid","8":"product_cat-romantiline","9":"product_cat-minimalistlik","10":"product_cat-skandinaavia","11":"product_cat-heledad-tapeedid","12":"product_cat-pastelsed-tapeedid","13":"product_cat-roosad-tapeedid","14":"product_cat-lastetoa-tapeedid","15":"product_cat-kosmos-galaktika-et","16":"product_cat-loomad","17":"product_tag-beebituba","18":"product_tag-oliver-robbins-tapeedid","19":"product_tag-pilttapeet","20":"product_tag-tudruku-tuba","21":"pa_designedby-sir-edward","23":"first","24":"instock","25":"taxable","26":"shipping-taxable","27":"purchasable","28":"product-type-simple"},"acf":[],"yoast_head":"<!-- This site is optimized with the Yoast SEO plugin v25.9 - https:\/\/yoast.com\/wordpress\/plugins\/seo\/ -->\n<title>Rebane, kes elab Kuul. Roosa tapeet lastele lastetuppa<\/title>\n<meta name=\"description\" content=\"Imekaunis roosades toonides pilttapeet lastetuppa! Rebane, kes elab Kuul ja tegeleb t\u00e4hevaatlusega, Nagu ikka - just sinu seina m\u00f5\u00f5dus tapeet.\" \/>\n<meta name=\"robots\" content=\"index, follow, max-snippet:-1, max-image-preview:large, max-video-preview:-1\" \/>\n<link rel=\"canonical\" href=\"https:\/\/baubauwall.com\/et\/toode\/pilttapeet-lastele-rebane-kuul-roosa\/\" \/>\n<meta property=\"og:locale\" content=\"et_EE\" \/>\n<meta property=\"og:type\" content=\"article\" \/>\n<meta property=\"og:title\" content=\"Lastetoa tapeet - Rebane Kuul - roosa\" \/>\n<meta property=\"og:description\" content=\"BAUBAUWALL TAPEEDID\" \/>\n<meta property=\"og:url\" content=\"https:\/\/baubauwall.com\/et\/toode\/pilttapeet-lastele-rebane-kuul-roosa\/\" \/>\n<meta property=\"og:site_name\" content=\"BAUBAUWALL TAPEEDID\" \/>\n<meta property=\"article:publisher\" content=\"https:\/\/www.facebook.com\/Baubauwall\" \/>\n<meta property=\"article:modified_time\" content=\"2025-04-14T08:09:56+00:00\" \/>\n<meta property=\"og:image\" content=\"https:\/\/baubauwall.com\/wp-content\/uploads\/2024\/04\/51200381_FoxOnTheMoon-Pink_Baubauwall_Wall_Mural_room6.jpg\" \/>\n\t<meta property=\"og:image:width\" content=\"2400\" \/>\n\t<meta property=\"og:image:height\" content=\"1600\" \/>\n\t<meta property=\"og:image:type\" content=\"image\/jpeg\" \/>\n<meta name=\"twitter:card\" content=\"summary_large_image\" \/>\n<meta name=\"twitter:label1\" content=\"Est. reading time\" \/>\n\t<meta name=\"twitter:data1\" content=\"1 minut\" \/>\n<script type=\"application\/ld+json\" class=\"yoast-schema-graph\">{\"@context\":\"https:\/\/schema.org\",\"@graph\":[{\"@type\":\"WebPage\",\"@id\":\"https:\/\/baubauwall.com\/et\/toode\/pilttapeet-lastele-rebane-kuul-roosa\/\",\"url\":\"https:\/\/baubauwall.com\/et\/toode\/pilttapeet-lastele-rebane-kuul-roosa\/\",\"name\":\"Rebane, kes elab Kuul. Roosa tapeet lastele lastetuppa\",\"isPartOf\":{\"@id\":\"https:\/\/baubauwall.com\/et\/#website\"},\"primaryImageOfPage\":{\"@id\":\"https:\/\/baubauwall.com\/et\/toode\/pilttapeet-lastele-rebane-kuul-roosa\/#primaryimage\"},\"image\":{\"@id\":\"https:\/\/baubauwall.com\/et\/toode\/pilttapeet-lastele-rebane-kuul-roosa\/#primaryimage\"},\"thumbnailUrl\":\"https:\/\/baubauwall.com\/wp-content\/uploads\/2024\/04\/51200381_FoxOnTheMoon-Pink_Baubauwall_Wall_Mural_room5.jpg\",\"datePublished\":\"2024-04-04T08:48:21+00:00\",\"dateModified\":\"2025-04-14T08:09:56+00:00\",\"description\":\"Imekaunis roosades toonides pilttapeet lastetuppa! Rebane, kes elab Kuul ja tegeleb t\u00e4hevaatlusega, Nagu ikka - just sinu seina m\u00f5\u00f5dus tapeet.\",\"breadcrumb\":{\"@id\":\"https:\/\/baubauwall.com\/et\/toode\/pilttapeet-lastele-rebane-kuul-roosa\/#breadcrumb\"},\"inLanguage\":\"et\",\"potentialAction\":[{\"@type\":\"ReadAction\",\"target\":[\"https:\/\/baubauwall.com\/et\/toode\/pilttapeet-lastele-rebane-kuul-roosa\/\"]}]},{\"@type\":\"ImageObject\",\"inLanguage\":\"et\",\"@id\":\"https:\/\/baubauwall.com\/et\/toode\/pilttapeet-lastele-rebane-kuul-roosa\/#primaryimage\",\"url\":\"https:\/\/baubauwall.com\/wp-content\/uploads\/2024\/04\/51200381_FoxOnTheMoon-Pink_Baubauwall_Wall_Mural_room5.jpg\",\"contentUrl\":\"https:\/\/baubauwall.com\/wp-content\/uploads\/2024\/04\/51200381_FoxOnTheMoon-Pink_Baubauwall_Wall_Mural_room5.jpg\",\"width\":2400,\"height\":1600},{\"@type\":\"BreadcrumbList\",\"@id\":\"https:\/\/baubauwall.com\/et\/toode\/pilttapeet-lastele-rebane-kuul-roosa\/#breadcrumb\",\"itemListElement\":[{\"@type\":\"ListItem\",\"position\":1,\"name\":\"Koju\",\"item\":\"https:\/\/baubauwall.com\/et\/\"},{\"@type\":\"ListItem\",\"position\":2,\"name\":\"Tapeedid\",\"item\":\"https:\/\/baubauwall.com\/et\/tapeedid\/\"},{\"@type\":\"ListItem\",\"position\":3,\"name\":\"Lastetoa tapeet &#8211; Rebane Kuul &#8211; roosa\"}]},{\"@type\":\"WebSite\",\"@id\":\"https:\/\/baubauwall.com\/et\/#website\",\"url\":\"https:\/\/baubauwall.com\/et\/\",\"name\":\"BAUBAUWALL Wallpapers\",\"description\":\"Valmis paanides tapeet Eestist!\",\"publisher\":{\"@id\":\"https:\/\/baubauwall.com\/et\/#organization\"},\"potentialAction\":[{\"@type\":\"SearchAction\",\"target\":{\"@type\":\"EntryPoint\",\"urlTemplate\":\"https:\/\/baubauwall.com\/et\/?s={search_term_string}\"},\"query-input\":{\"@type\":\"PropertyValueSpecification\",\"valueRequired\":true,\"valueName\":\"search_term_string\"}}],\"inLanguage\":\"et\"},{\"@type\":\"Organization\",\"@id\":\"https:\/\/baubauwall.com\/et\/#organization\",\"name\":\"BAUBAUWALL Wallpapers\",\"url\":\"https:\/\/baubauwall.com\/et\/\",\"logo\":{\"@type\":\"ImageObject\",\"inLanguage\":\"et\",\"@id\":\"https:\/\/baubauwall.com\/et\/#\/schema\/logo\/image\/\",\"url\":\"https:\/\/baubauwall.com\/wp-content\/uploads\/2022\/03\/logo-horizontal.svg\",\"contentUrl\":\"https:\/\/baubauwall.com\/wp-content\/uploads\/2022\/03\/logo-horizontal.svg\",\"width\":\"1024\",\"height\":\"1024\",\"caption\":\"BAUBAUWALL Wallpapers\"},\"image\":{\"@id\":\"https:\/\/baubauwall.com\/et\/#\/schema\/logo\/image\/\"},\"sameAs\":[\"https:\/\/www.facebook.com\/Baubauwall\",\"https:\/\/www.instagram.com\/baubauwall\"]}]}<\/script>\n<!-- \/ Yoast SEO plugin. -->","yoast_head_json":{"title":"Rebane, kes elab Kuul. Roosa tapeet lastele lastetuppa","description":"Imekaunis roosades toonides pilttapeet lastetuppa! Rebane, kes elab Kuul ja tegeleb t\u00e4hevaatlusega, Nagu ikka - just sinu seina m\u00f5\u00f5dus tapeet.","robots":{"index":"index","follow":"follow","max-snippet":"max-snippet:-1","max-image-preview":"max-image-preview:large","max-video-preview":"max-video-preview:-1"},"canonical":"https:\/\/baubauwall.com\/et\/toode\/pilttapeet-lastele-rebane-kuul-roosa\/","og_locale":"et_EE","og_type":"article","og_title":"Lastetoa tapeet - Rebane Kuul - roosa","og_description":"BAUBAUWALL TAPEEDID","og_url":"https:\/\/baubauwall.com\/et\/toode\/pilttapeet-lastele-rebane-kuul-roosa\/","og_site_name":"BAUBAUWALL TAPEEDID","article_publisher":"https:\/\/www.facebook.com\/Baubauwall","article_modified_time":"2025-04-14T08:09:56+00:00","og_image":[{"width":2400,"height":1600,"url":"https:\/\/baubauwall.com\/wp-content\/uploads\/2024\/04\/51200381_FoxOnTheMoon-Pink_Baubauwall_Wall_Mural_room6.jpg","type":"image\/jpeg"}],"twitter_card":"summary_large_image","twitter_misc":{"Est. reading time":"1 minut"},"schema":{"@context":"https:\/\/schema.org","@graph":[{"@type":"WebPage","@id":"https:\/\/baubauwall.com\/et\/toode\/pilttapeet-lastele-rebane-kuul-roosa\/","url":"https:\/\/baubauwall.com\/et\/toode\/pilttapeet-lastele-rebane-kuul-roosa\/","name":"Rebane, kes elab Kuul. Roosa tapeet lastele lastetuppa","isPartOf":{"@id":"https:\/\/baubauwall.com\/et\/#website"},"primaryImageOfPage":{"@id":"https:\/\/baubauwall.com\/et\/toode\/pilttapeet-lastele-rebane-kuul-roosa\/#primaryimage"},"image":{"@id":"https:\/\/baubauwall.com\/et\/toode\/pilttapeet-lastele-rebane-kuul-roosa\/#primaryimage"},"thumbnailUrl":"https:\/\/baubauwall.com\/wp-content\/uploads\/2024\/04\/51200381_FoxOnTheMoon-Pink_Baubauwall_Wall_Mural_room5.jpg","datePublished":"2024-04-04T08:48:21+00:00","dateModified":"2025-04-14T08:09:56+00:00","description":"Imekaunis roosades toonides pilttapeet lastetuppa! Rebane, kes elab Kuul ja tegeleb t\u00e4hevaatlusega, Nagu ikka - just sinu seina m\u00f5\u00f5dus tapeet.","breadcrumb":{"@id":"https:\/\/baubauwall.com\/et\/toode\/pilttapeet-lastele-rebane-kuul-roosa\/#breadcrumb"},"inLanguage":"et","potentialAction":[{"@type":"ReadAction","target":["https:\/\/baubauwall.com\/et\/toode\/pilttapeet-lastele-rebane-kuul-roosa\/"]}]},{"@type":"ImageObject","inLanguage":"et","@id":"https:\/\/baubauwall.com\/et\/toode\/pilttapeet-lastele-rebane-kuul-roosa\/#primaryimage","url":"https:\/\/baubauwall.com\/wp-content\/uploads\/2024\/04\/51200381_FoxOnTheMoon-Pink_Baubauwall_Wall_Mural_room5.jpg","contentUrl":"https:\/\/baubauwall.com\/wp-content\/uploads\/2024\/04\/51200381_FoxOnTheMoon-Pink_Baubauwall_Wall_Mural_room5.jpg","width":2400,"height":1600},{"@type":"BreadcrumbList","@id":"https:\/\/baubauwall.com\/et\/toode\/pilttapeet-lastele-rebane-kuul-roosa\/#breadcrumb","itemListElement":[{"@type":"ListItem","position":1,"name":"Koju","item":"https:\/\/baubauwall.com\/et\/"},{"@type":"ListItem","position":2,"name":"Tapeedid","item":"https:\/\/baubauwall.com\/et\/tapeedid\/"},{"@type":"ListItem","position":3,"name":"Lastetoa tapeet &#8211; Rebane Kuul &#8211; roosa"}]},{"@type":"WebSite","@id":"https:\/\/baubauwall.com\/et\/#website","url":"https:\/\/baubauwall.com\/et\/","name":"BAUBAUWALL Wallpapers","description":"Valmis paanides tapeet Eestist!","publisher":{"@id":"https:\/\/baubauwall.com\/et\/#organization"},"potentialAction":[{"@type":"SearchAction","target":{"@type":"EntryPoint","urlTemplate":"https:\/\/baubauwall.com\/et\/?s={search_term_string}"},"query-input":{"@type":"PropertyValueSpecification","valueRequired":true,"valueName":"search_term_string"}}],"inLanguage":"et"},{"@type":"Organization","@id":"https:\/\/baubauwall.com\/et\/#organization","name":"BAUBAUWALL Wallpapers","url":"https:\/\/baubauwall.com\/et\/","logo":{"@type":"ImageObject","inLanguage":"et","@id":"https:\/\/baubauwall.com\/et\/#\/schema\/logo\/image\/","url":"https:\/\/baubauwall.com\/wp-content\/uploads\/2022\/03\/logo-horizontal.svg","contentUrl":"https:\/\/baubauwall.com\/wp-content\/uploads\/2022\/03\/logo-horizontal.svg","width":"1024","height":"1024","caption":"BAUBAUWALL Wallpapers"},"image":{"@id":"https:\/\/baubauwall.com\/et\/#\/schema\/logo\/image\/"},"sameAs":["https:\/\/www.facebook.com\/Baubauwall","https:\/\/www.instagram.com\/baubauwall"]}]}},"jetpack_sharing_enabled":true,"_links":{"self":[{"href":"https:\/\/baubauwall.com\/et\/wp-json\/wp\/v2\/product\/35752","targetHints":{"allow":["GET"]}}],"collection":[{"href":"https:\/\/baubauwall.com\/et\/wp-json\/wp\/v2\/product"}],"about":[{"href":"https:\/\/baubauwall.com\/et\/wp-json\/wp\/v2\/types\/product"}],"replies":[{"embeddable":true,"href":"https:\/\/baubauwall.com\/et\/wp-json\/wp\/v2\/comments?post=35752"}],"wp:featuredmedia":[{"embeddable":true,"href":"https:\/\/baubauwall.com\/et\/wp-json\/wp\/v2\/media\/35772"}],"wp:attachment":[{"href":"https:\/\/baubauwall.com\/et\/wp-json\/wp\/v2\/media?parent=35752"}],"wp:term":[{"taxonomy":"product_brand","embeddable":true,"href":"https:\/\/baubauwall.com\/et\/wp-json\/wp\/v2\/product_brand?post=35752"},{"taxonomy":"product_cat","embeddable":true,"href":"https:\/\/baubauwall.com\/et\/wp-json\/wp\/v2\/product_cat?post=35752"},{"taxonomy":"product_tag","embeddable":true,"href":"https:\/\/baubauwall.com\/et\/wp-json\/wp\/v2\/product_tag?post=35752"}],"curies":[{"name":"wp","href":"https:\/\/api.w.org\/{rel}","templated":true}]}}