{"id":35775,"date":"2024-04-04T11:02:28","date_gmt":"2024-04-04T09:02:28","guid":{"rendered":"https:\/\/baubauwall.com\/?post_type=product&#038;p=35775"},"modified":"2025-04-14T10:25:04","modified_gmt":"2025-04-14T08:25:04","slug":"pilttapeet-lastele-veealune-seiklus","status":"publish","type":"product","link":"https:\/\/baubauwall.com\/et\/toode\/pilttapeet-lastele-veealune-seiklus\/","title":{"rendered":"Lastetoa tapeet &#8211; Veealune seiklus"},"content":{"rendered":"<p>Tapeet lastetuppa, mille disainil elavad r\u00f5\u00f5msalt koos erinevad kalad, vaalad, millimallikad ning vetikad. Sukeldu ookeanis\u00fcgavustesse &#8211; kodust lahkumata! Puhas, helge, p\u00f5hjamaine ja efektne tapeedidisain, mida sobitada lastetuppa v\u00f5i aktsentseina vasts\u00fcndinu toas. Saladuslik ookean pilttapeet on sobilik lastele erinevas vanuses ja tegu sellise disainiga, mis ei v\u00e4sita. Vastupidi, tapeet, mis pakub kogu aeg avastamisr\u00f5\u00f5mu! Heleroheline tonaalsus teeb sellest mereelu tapeedist eriliselt hea valiku poiste tuppa.\u00a0\u00a0See lastetoa tapeet on osa <a href=\"https:\/\/baubauwall.com\/et\/tootekategooria\/tapeedi-kollektsioonid\/oliver-robbins-tapeedid\/\">Oliver Robbins beebitubade<\/a>\u00a0kollektsioonist, millest leiad armsaid ideid pere k\u00f5ige pisemate interj\u00f6\u00f6ri.<\/p>\n<p>Nagu k\u00f5ik meie tapeedid on ka see tapeet tr\u00fckitud keskkonnas\u00f5bralike v\u00e4rvidega hingavale, fliistapeedi materjalile. Sinu uus tapeet on l\u00f5igatud nummerdatud paanideks \u2013 t\u00e4pselt nii pikad, kui Sinu sein. Kuidas see t\u00f6\u00f6tab \u2013 loe l\u00e4hemalt\u00a0<a href=\"https:\/\/baubauwall.com\/et\/kuidas-see-tootab\/\" target=\"_blank\" rel=\"noopener\">siit.<\/a><\/p>\n","protected":false},"excerpt":{"rendered":"<p>Tapeet lastetuppa, mille disainil elavad r\u00f5\u00f5msalt koos erinevad kalad, vaalad, millimallikad ning vetikad. Sukeldu ookeanis\u00fcgavustesse &#8211; kodust lahkumata! Puhas, helge, p\u00f5hjamaine ja efektne tapeedidisain, mida sobitada lastetuppa v\u00f5i aktsentseina vasts\u00fcndinu toas. Saladuslik ookean pilttapeet on sobilik lastele erinevas vanuses ja tegu sellise disainiga, mis ei v\u00e4sita. Vastupidi, tapeet, mis pakub kogu aeg avastamisr\u00f5\u00f5mu! Heleroheline tonaalsus [&hellip;]<\/p>\n","protected":false},"featured_media":35783,"comment_status":"open","ping_status":"closed","template":"","meta":{"_acf_changed":false,"inline_featured_image":false},"product_brand":[],"product_cat":[634,387,267,276,400,252,259],"product_tag":[349,635,345,308],"class_list":{"0":"post-35775","1":"product","2":"type-product","3":"status-publish","4":"has-post-thumbnail","6":"product_cat-oliver-robbins-tapeedid","7":"product_cat-pilttapeedid","8":"product_cat-sinised-tapeedid","9":"product_cat-pastelsed-tapeedid","10":"product_cat-lastetoa-tapeedid","11":"product_cat-ookean-meri","12":"product_cat-kalad-veealune-maailm","13":"product_tag-beebituba","14":"product_tag-oliver-robbins-tapeedid","15":"product_tag-pilttapeet","16":"product_tag-poiste-tuba","17":"pa_designedby-sir-edward","19":"first","20":"instock","21":"taxable","22":"shipping-taxable","23":"purchasable","24":"product-type-simple"},"acf":[],"yoast_head":"<!-- This site is optimized with the Yoast SEO plugin v25.9 - https:\/\/yoast.com\/wordpress\/plugins\/seo\/ -->\n<title>Veealune seiklus - fantaasiarikas mere-elu tapeet beebitoa seinale<\/title>\n<meta name=\"description\" content=\"Heleroheline ookean &amp; selle elanikud tapeedil. Efektne pilttapeet lastetoa seinale. Tapeedid nutikalt - telli e-poest. Fliistapeedid, m\u00fcrgivabade v\u00e4rvidega.\" \/>\n<meta name=\"robots\" content=\"index, follow, max-snippet:-1, max-image-preview:large, max-video-preview:-1\" \/>\n<link rel=\"canonical\" href=\"https:\/\/baubauwall.com\/et\/toode\/pilttapeet-lastele-veealune-seiklus\/\" \/>\n<meta property=\"og:locale\" content=\"et_EE\" \/>\n<meta property=\"og:type\" content=\"article\" \/>\n<meta property=\"og:title\" content=\"Veealune seiklus - fantaasiarikas mere-elu tapeet beebitoa seinale\" \/>\n<meta property=\"og:description\" content=\"Heleroheline ookean &amp; selle elanikud tapeedil. Efektne pilttapeet lastetoa seinale. Tapeedid nutikalt - telli e-poest. Fliistapeedid, m\u00fcrgivabade v\u00e4rvidega.\" \/>\n<meta property=\"og:url\" content=\"https:\/\/baubauwall.com\/et\/toode\/pilttapeet-lastele-veealune-seiklus\/\" \/>\n<meta property=\"og:site_name\" content=\"BAUBAUWALL Wallpapers\" \/>\n<meta property=\"article:publisher\" content=\"https:\/\/www.facebook.com\/Baubauwall\" \/>\n<meta property=\"article:modified_time\" content=\"2025-04-14T08:25:04+00:00\" \/>\n<meta property=\"og:image\" content=\"https:\/\/baubauwall.com\/wp-content\/uploads\/2024\/04\/51200382_KelpForest_Baubauwall_Wall_Mural_preview.jpg\" \/>\n\t<meta property=\"og:image:width\" content=\"1333\" \/>\n\t<meta property=\"og:image:height\" content=\"800\" \/>\n\t<meta property=\"og:image:type\" content=\"image\/jpeg\" \/>\n<meta name=\"twitter:card\" content=\"summary_large_image\" \/>\n<meta name=\"twitter:label1\" content=\"Est. reading time\" \/>\n\t<meta name=\"twitter:data1\" content=\"1 minut\" \/>\n<script type=\"application\/ld+json\" class=\"yoast-schema-graph\">{\"@context\":\"https:\/\/schema.org\",\"@graph\":[{\"@type\":\"WebPage\",\"@id\":\"https:\/\/baubauwall.com\/et\/toode\/pilttapeet-lastele-veealune-seiklus\/\",\"url\":\"https:\/\/baubauwall.com\/et\/toode\/pilttapeet-lastele-veealune-seiklus\/\",\"name\":\"Veealune seiklus - fantaasiarikas mere-elu tapeet beebitoa seinale\",\"isPartOf\":{\"@id\":\"https:\/\/baubauwall.com\/et\/#website\"},\"primaryImageOfPage\":{\"@id\":\"https:\/\/baubauwall.com\/et\/toode\/pilttapeet-lastele-veealune-seiklus\/#primaryimage\"},\"image\":{\"@id\":\"https:\/\/baubauwall.com\/et\/toode\/pilttapeet-lastele-veealune-seiklus\/#primaryimage\"},\"thumbnailUrl\":\"https:\/\/baubauwall.com\/wp-content\/uploads\/2024\/04\/51200382_KelpForest_Baubauwall_Wall_Mural_preview.jpg\",\"datePublished\":\"2024-04-04T09:02:28+00:00\",\"dateModified\":\"2025-04-14T08:25:04+00:00\",\"description\":\"Heleroheline ookean & selle elanikud tapeedil. Efektne pilttapeet lastetoa seinale. Tapeedid nutikalt - telli e-poest. Fliistapeedid, m\u00fcrgivabade v\u00e4rvidega.\",\"breadcrumb\":{\"@id\":\"https:\/\/baubauwall.com\/et\/toode\/pilttapeet-lastele-veealune-seiklus\/#breadcrumb\"},\"inLanguage\":\"et\",\"potentialAction\":[{\"@type\":\"ReadAction\",\"target\":[\"https:\/\/baubauwall.com\/et\/toode\/pilttapeet-lastele-veealune-seiklus\/\"]}]},{\"@type\":\"ImageObject\",\"inLanguage\":\"et\",\"@id\":\"https:\/\/baubauwall.com\/et\/toode\/pilttapeet-lastele-veealune-seiklus\/#primaryimage\",\"url\":\"https:\/\/baubauwall.com\/wp-content\/uploads\/2024\/04\/51200382_KelpForest_Baubauwall_Wall_Mural_preview.jpg\",\"contentUrl\":\"https:\/\/baubauwall.com\/wp-content\/uploads\/2024\/04\/51200382_KelpForest_Baubauwall_Wall_Mural_preview.jpg\",\"width\":1333,\"height\":800},{\"@type\":\"BreadcrumbList\",\"@id\":\"https:\/\/baubauwall.com\/et\/toode\/pilttapeet-lastele-veealune-seiklus\/#breadcrumb\",\"itemListElement\":[{\"@type\":\"ListItem\",\"position\":1,\"name\":\"Koju\",\"item\":\"https:\/\/baubauwall.com\/et\/\"},{\"@type\":\"ListItem\",\"position\":2,\"name\":\"Tapeedid\",\"item\":\"https:\/\/baubauwall.com\/et\/tapeedid\/\"},{\"@type\":\"ListItem\",\"position\":3,\"name\":\"Lastetoa tapeet &#8211; Veealune seiklus\"}]},{\"@type\":\"WebSite\",\"@id\":\"https:\/\/baubauwall.com\/et\/#website\",\"url\":\"https:\/\/baubauwall.com\/et\/\",\"name\":\"BAUBAUWALL Wallpapers\",\"description\":\"Valmis paanides tapeet Eestist!\",\"publisher\":{\"@id\":\"https:\/\/baubauwall.com\/et\/#organization\"},\"potentialAction\":[{\"@type\":\"SearchAction\",\"target\":{\"@type\":\"EntryPoint\",\"urlTemplate\":\"https:\/\/baubauwall.com\/et\/?s={search_term_string}\"},\"query-input\":{\"@type\":\"PropertyValueSpecification\",\"valueRequired\":true,\"valueName\":\"search_term_string\"}}],\"inLanguage\":\"et\"},{\"@type\":\"Organization\",\"@id\":\"https:\/\/baubauwall.com\/et\/#organization\",\"name\":\"BAUBAUWALL Wallpapers\",\"url\":\"https:\/\/baubauwall.com\/et\/\",\"logo\":{\"@type\":\"ImageObject\",\"inLanguage\":\"et\",\"@id\":\"https:\/\/baubauwall.com\/et\/#\/schema\/logo\/image\/\",\"url\":\"https:\/\/baubauwall.com\/wp-content\/uploads\/2022\/03\/logo-horizontal.svg\",\"contentUrl\":\"https:\/\/baubauwall.com\/wp-content\/uploads\/2022\/03\/logo-horizontal.svg\",\"width\":\"1024\",\"height\":\"1024\",\"caption\":\"BAUBAUWALL Wallpapers\"},\"image\":{\"@id\":\"https:\/\/baubauwall.com\/et\/#\/schema\/logo\/image\/\"},\"sameAs\":[\"https:\/\/www.facebook.com\/Baubauwall\",\"https:\/\/www.instagram.com\/baubauwall\"]}]}<\/script>\n<!-- \/ Yoast SEO plugin. -->","yoast_head_json":{"title":"Veealune seiklus - fantaasiarikas mere-elu tapeet beebitoa seinale","description":"Heleroheline ookean & selle elanikud tapeedil. Efektne pilttapeet lastetoa seinale. Tapeedid nutikalt - telli e-poest. Fliistapeedid, m\u00fcrgivabade v\u00e4rvidega.","robots":{"index":"index","follow":"follow","max-snippet":"max-snippet:-1","max-image-preview":"max-image-preview:large","max-video-preview":"max-video-preview:-1"},"canonical":"https:\/\/baubauwall.com\/et\/toode\/pilttapeet-lastele-veealune-seiklus\/","og_locale":"et_EE","og_type":"article","og_title":"Veealune seiklus - fantaasiarikas mere-elu tapeet beebitoa seinale","og_description":"Heleroheline ookean & selle elanikud tapeedil. Efektne pilttapeet lastetoa seinale. Tapeedid nutikalt - telli e-poest. Fliistapeedid, m\u00fcrgivabade v\u00e4rvidega.","og_url":"https:\/\/baubauwall.com\/et\/toode\/pilttapeet-lastele-veealune-seiklus\/","og_site_name":"BAUBAUWALL Wallpapers","article_publisher":"https:\/\/www.facebook.com\/Baubauwall","article_modified_time":"2025-04-14T08:25:04+00:00","og_image":[{"width":1333,"height":800,"url":"https:\/\/baubauwall.com\/wp-content\/uploads\/2024\/04\/51200382_KelpForest_Baubauwall_Wall_Mural_preview.jpg","type":"image\/jpeg"}],"twitter_card":"summary_large_image","twitter_misc":{"Est. reading time":"1 minut"},"schema":{"@context":"https:\/\/schema.org","@graph":[{"@type":"WebPage","@id":"https:\/\/baubauwall.com\/et\/toode\/pilttapeet-lastele-veealune-seiklus\/","url":"https:\/\/baubauwall.com\/et\/toode\/pilttapeet-lastele-veealune-seiklus\/","name":"Veealune seiklus - fantaasiarikas mere-elu tapeet beebitoa seinale","isPartOf":{"@id":"https:\/\/baubauwall.com\/et\/#website"},"primaryImageOfPage":{"@id":"https:\/\/baubauwall.com\/et\/toode\/pilttapeet-lastele-veealune-seiklus\/#primaryimage"},"image":{"@id":"https:\/\/baubauwall.com\/et\/toode\/pilttapeet-lastele-veealune-seiklus\/#primaryimage"},"thumbnailUrl":"https:\/\/baubauwall.com\/wp-content\/uploads\/2024\/04\/51200382_KelpForest_Baubauwall_Wall_Mural_preview.jpg","datePublished":"2024-04-04T09:02:28+00:00","dateModified":"2025-04-14T08:25:04+00:00","description":"Heleroheline ookean & selle elanikud tapeedil. Efektne pilttapeet lastetoa seinale. Tapeedid nutikalt - telli e-poest. Fliistapeedid, m\u00fcrgivabade v\u00e4rvidega.","breadcrumb":{"@id":"https:\/\/baubauwall.com\/et\/toode\/pilttapeet-lastele-veealune-seiklus\/#breadcrumb"},"inLanguage":"et","potentialAction":[{"@type":"ReadAction","target":["https:\/\/baubauwall.com\/et\/toode\/pilttapeet-lastele-veealune-seiklus\/"]}]},{"@type":"ImageObject","inLanguage":"et","@id":"https:\/\/baubauwall.com\/et\/toode\/pilttapeet-lastele-veealune-seiklus\/#primaryimage","url":"https:\/\/baubauwall.com\/wp-content\/uploads\/2024\/04\/51200382_KelpForest_Baubauwall_Wall_Mural_preview.jpg","contentUrl":"https:\/\/baubauwall.com\/wp-content\/uploads\/2024\/04\/51200382_KelpForest_Baubauwall_Wall_Mural_preview.jpg","width":1333,"height":800},{"@type":"BreadcrumbList","@id":"https:\/\/baubauwall.com\/et\/toode\/pilttapeet-lastele-veealune-seiklus\/#breadcrumb","itemListElement":[{"@type":"ListItem","position":1,"name":"Koju","item":"https:\/\/baubauwall.com\/et\/"},{"@type":"ListItem","position":2,"name":"Tapeedid","item":"https:\/\/baubauwall.com\/et\/tapeedid\/"},{"@type":"ListItem","position":3,"name":"Lastetoa tapeet &#8211; Veealune seiklus"}]},{"@type":"WebSite","@id":"https:\/\/baubauwall.com\/et\/#website","url":"https:\/\/baubauwall.com\/et\/","name":"BAUBAUWALL Wallpapers","description":"Valmis paanides tapeet Eestist!","publisher":{"@id":"https:\/\/baubauwall.com\/et\/#organization"},"potentialAction":[{"@type":"SearchAction","target":{"@type":"EntryPoint","urlTemplate":"https:\/\/baubauwall.com\/et\/?s={search_term_string}"},"query-input":{"@type":"PropertyValueSpecification","valueRequired":true,"valueName":"search_term_string"}}],"inLanguage":"et"},{"@type":"Organization","@id":"https:\/\/baubauwall.com\/et\/#organization","name":"BAUBAUWALL Wallpapers","url":"https:\/\/baubauwall.com\/et\/","logo":{"@type":"ImageObject","inLanguage":"et","@id":"https:\/\/baubauwall.com\/et\/#\/schema\/logo\/image\/","url":"https:\/\/baubauwall.com\/wp-content\/uploads\/2022\/03\/logo-horizontal.svg","contentUrl":"https:\/\/baubauwall.com\/wp-content\/uploads\/2022\/03\/logo-horizontal.svg","width":"1024","height":"1024","caption":"BAUBAUWALL Wallpapers"},"image":{"@id":"https:\/\/baubauwall.com\/et\/#\/schema\/logo\/image\/"},"sameAs":["https:\/\/www.facebook.com\/Baubauwall","https:\/\/www.instagram.com\/baubauwall"]}]}},"jetpack_sharing_enabled":true,"_links":{"self":[{"href":"https:\/\/baubauwall.com\/et\/wp-json\/wp\/v2\/product\/35775","targetHints":{"allow":["GET"]}}],"collection":[{"href":"https:\/\/baubauwall.com\/et\/wp-json\/wp\/v2\/product"}],"about":[{"href":"https:\/\/baubauwall.com\/et\/wp-json\/wp\/v2\/types\/product"}],"replies":[{"embeddable":true,"href":"https:\/\/baubauwall.com\/et\/wp-json\/wp\/v2\/comments?post=35775"}],"wp:featuredmedia":[{"embeddable":true,"href":"https:\/\/baubauwall.com\/et\/wp-json\/wp\/v2\/media\/35783"}],"wp:attachment":[{"href":"https:\/\/baubauwall.com\/et\/wp-json\/wp\/v2\/media?parent=35775"}],"wp:term":[{"taxonomy":"product_brand","embeddable":true,"href":"https:\/\/baubauwall.com\/et\/wp-json\/wp\/v2\/product_brand?post=35775"},{"taxonomy":"product_cat","embeddable":true,"href":"https:\/\/baubauwall.com\/et\/wp-json\/wp\/v2\/product_cat?post=35775"},{"taxonomy":"product_tag","embeddable":true,"href":"https:\/\/baubauwall.com\/et\/wp-json\/wp\/v2\/product_tag?post=35775"}],"curies":[{"name":"wp","href":"https:\/\/api.w.org\/{rel}","templated":true}]}}