{"id":36040,"date":"2024-05-03T13:28:00","date_gmt":"2024-05-03T11:28:00","guid":{"rendered":"https:\/\/baubauwall.com\/?post_type=product&#038;p=36040"},"modified":"2024-05-03T13:40:31","modified_gmt":"2024-05-03T11:40:31","slug":"pilttapeet-kurja-oied-hall","status":"publish","type":"product","link":"https:\/\/baubauwall.com\/et\/toode\/pilttapeet-kurja-oied-hall\/","title":{"rendered":"Kurja \u00f5ied &#8211; hall"},"content":{"rendered":"<p>Maksimalistlik, hall pilttapeet, mis on justnagu lillede plahvatus! Tapeedi nimi on prantsuse poeedi Baudelaire\u00b4i ainsa ja tuntuima teose j\u00e4rgi. &#8220;Kurja \u00f5ied&#8221; luulekogu p\u00f5hjustas oma ilmumisaastal 1857\u00a0 kohtuprotsessi ja skandaal: kuus luuletust keelati &#8220;\u00fchiskondliku moraalitunde solvamise t\u00f5ttu&#8221;. Midagi sellist ei juhtu aga luulest inspireeritud tapeediga! Pane see efektne panoraamtapeet interj\u00f6\u00f6ri aktsentseinale v\u00f5i sisusta sellega elegantne <em>walk-in-<\/em>garderoobi sein.<\/p>\n<p>Huvitav teada: Baudelaire oli esimene, kes loobus \u00f5hkava ja kaebleva luule kirjutamisest. Tema luule on agressiivne,\u00a0 julm ja tihti lugejat r\u00fcndav. See tapeet samamoodi parim julgesse interj\u00f6\u00f6ri! Peale tapeetimist, vala klaas veini ja loe raamat l\u00e4bi.<\/p>\n<p><strong>Miks osta tapeet siit? Tapeetimine pole kunagi nii lihtne olnud!<\/strong><\/p>\n<ul>\n<li>Eesti disain<\/li>\n<li>Nummerdatud tapeedipaanid<\/li>\n<li>Just nii pikad tapeedipaanid, kui on Sinu sein<\/li>\n<li>Premium, matt fliistapeedi materjal<\/li>\n<li>M\u00fcrgivabad tr\u00fckiv\u00e4rvid, Greenguard sertifitseeritud<\/li>\n<li>Keskkonnas\u00f5bralik, j\u00e4\u00e4tmevaba tapeetimine<\/li>\n<li>Tasuta tapeediliim<\/li>\n<li>Tasuta transport ja kiire tarne 5 t\u00f6\u00f6p\u00e4evaga<\/li>\n<\/ul>\n<p>Loe l\u00e4hemalt nutikatest, eritellimust\u00f6\u00f6na valmivatest tapeetidest\u00a0<a href=\"https:\/\/baubauwall.com\/et\/keskkonnasobralikud-tapeedid\/\">siit.<\/a><\/p>\n","protected":false},"excerpt":{"rendered":"<p>Maksimalistlik, hall pilttapeet, mis on justnagu lillede plahvatus! Tapeedi nimi on prantsuse poeedi Baudelaire\u00b4i ainsa ja tuntuima teose j\u00e4rgi. &#8220;Kurja \u00f5ied&#8221; luulekogu p\u00f5hjustas oma ilmumisaastal 1857\u00a0 kohtuprotsessi ja skandaal: kuus luuletust keelati &#8220;\u00fchiskondliku moraalitunde solvamise t\u00f5ttu&#8221;. Midagi sellist ei juhtu aga luulest inspireeritud tapeediga! Pane see efektne panoraamtapeet interj\u00f6\u00f6ri aktsentseinale v\u00f5i sisusta sellega elegantne walk-in-garderoobi [&hellip;]<\/p>\n","protected":false},"featured_media":36093,"comment_status":"open","ping_status":"closed","template":"","meta":{"_acf_changed":false,"inline_featured_image":false},"product_brand":[],"product_cat":[780,387,622,447,394,388,270,272,413,416,399,402,254,257,260],"product_tag":[345,646],"class_list":{"0":"post-36040","1":"product","2":"type-product","3":"status-publish","4":"has-post-thumbnail","6":"product_cat-pilttapeedid-lugudega","7":"product_cat-pilttapeedid","8":"product_cat-julged-tapeedid","9":"product_cat-maksimalistlik-et","10":"product_cat-rikkalik","11":"product_cat-vintage-et","12":"product_cat-tumedad-tapeedid","13":"product_cat-hallid-tapeedid","14":"product_cat-magamistoa-tapeedid","15":"product_cat-esiku-tapeedid","16":"product_cat-kodukontori-tapeedid","17":"product_cat-elutoa-tapeedid","18":"product_cat-loodus","19":"product_cat-linnud","20":"product_cat-lilled","21":"product_tag-pilttapeet","22":"product_tag-suured-lilled-et","23":"pa_designedby-triinu-silla","25":"first","26":"instock","27":"taxable","28":"shipping-taxable","29":"purchasable","30":"product-type-simple"},"acf":[],"yoast_head":"<!-- This site is optimized with the Yoast SEO plugin v25.9 - https:\/\/yoast.com\/wordpress\/plugins\/seo\/ -->\n<title>Kurja \u00f5ied - hall - Maksimalistlik panoraamtapeet aktsentseina<\/title>\n<meta name=\"description\" content=\"K\u00fclluslik mustvalge tapeet, mis m\u00f5jub eriliselt h\u00e4sti interj\u00f6\u00f6ri aktsentseinal. Maksimalistlik panoraamtapeet inspireeritud kuulsast luuletuses Kurja lilled\" \/>\n<meta name=\"robots\" content=\"index, follow, max-snippet:-1, max-image-preview:large, max-video-preview:-1\" \/>\n<link rel=\"canonical\" href=\"https:\/\/baubauwall.com\/et\/toode\/pilttapeet-kurja-oied-hall\/\" \/>\n<meta property=\"og:locale\" content=\"et_EE\" \/>\n<meta property=\"og:type\" content=\"article\" \/>\n<meta property=\"og:title\" content=\"BAUBAUWALL TAPEEDID\" \/>\n<meta property=\"og:description\" content=\"Kurja \u00f5ied - hall\" \/>\n<meta property=\"og:url\" content=\"https:\/\/baubauwall.com\/et\/toode\/pilttapeet-kurja-oied-hall\/\" \/>\n<meta property=\"og:site_name\" content=\"BAUBAUWALL TAPEEDID\" \/>\n<meta property=\"article:publisher\" content=\"https:\/\/www.facebook.com\/Baubauwall\" \/>\n<meta property=\"article:modified_time\" content=\"2024-05-03T11:40:31+00:00\" \/>\n<meta property=\"og:image\" content=\"https:\/\/i0.wp.com\/baubauwall.com\/wp-content\/uploads\/2024\/05\/51200390_LesFleursDuMal-Grey_Baubauwall_Wall_Mural_room1.jpg?fit=2400%2C1600&ssl=1\" \/>\n\t<meta property=\"og:image:width\" content=\"2400\" \/>\n\t<meta property=\"og:image:height\" content=\"1600\" \/>\n\t<meta property=\"og:image:type\" content=\"image\/jpeg\" \/>\n<meta name=\"twitter:card\" content=\"summary_large_image\" \/>\n<meta name=\"twitter:label1\" content=\"Est. reading time\" \/>\n\t<meta name=\"twitter:data1\" content=\"1 minut\" \/>\n<script type=\"application\/ld+json\" class=\"yoast-schema-graph\">{\"@context\":\"https:\/\/schema.org\",\"@graph\":[{\"@type\":\"WebPage\",\"@id\":\"https:\/\/baubauwall.com\/et\/toode\/pilttapeet-kurja-oied-hall\/\",\"url\":\"https:\/\/baubauwall.com\/et\/toode\/pilttapeet-kurja-oied-hall\/\",\"name\":\"Kurja \u00f5ied - hall - Maksimalistlik panoraamtapeet aktsentseina\",\"isPartOf\":{\"@id\":\"https:\/\/baubauwall.com\/et\/#website\"},\"primaryImageOfPage\":{\"@id\":\"https:\/\/baubauwall.com\/et\/toode\/pilttapeet-kurja-oied-hall\/#primaryimage\"},\"image\":{\"@id\":\"https:\/\/baubauwall.com\/et\/toode\/pilttapeet-kurja-oied-hall\/#primaryimage\"},\"thumbnailUrl\":\"https:\/\/baubauwall.com\/wp-content\/uploads\/2024\/05\/51200390_LesFleursDuMal-Grey_Baubauwall_Wall_Mural_room1-1.jpg\",\"datePublished\":\"2024-05-03T11:28:00+00:00\",\"dateModified\":\"2024-05-03T11:40:31+00:00\",\"description\":\"K\u00fclluslik mustvalge tapeet, mis m\u00f5jub eriliselt h\u00e4sti interj\u00f6\u00f6ri aktsentseinal. Maksimalistlik panoraamtapeet inspireeritud kuulsast luuletuses Kurja lilled\",\"breadcrumb\":{\"@id\":\"https:\/\/baubauwall.com\/et\/toode\/pilttapeet-kurja-oied-hall\/#breadcrumb\"},\"inLanguage\":\"et\",\"potentialAction\":[{\"@type\":\"ReadAction\",\"target\":[\"https:\/\/baubauwall.com\/et\/toode\/pilttapeet-kurja-oied-hall\/\"]}]},{\"@type\":\"ImageObject\",\"inLanguage\":\"et\",\"@id\":\"https:\/\/baubauwall.com\/et\/toode\/pilttapeet-kurja-oied-hall\/#primaryimage\",\"url\":\"https:\/\/baubauwall.com\/wp-content\/uploads\/2024\/05\/51200390_LesFleursDuMal-Grey_Baubauwall_Wall_Mural_room1-1.jpg\",\"contentUrl\":\"https:\/\/baubauwall.com\/wp-content\/uploads\/2024\/05\/51200390_LesFleursDuMal-Grey_Baubauwall_Wall_Mural_room1-1.jpg\",\"width\":2400,\"height\":1600},{\"@type\":\"BreadcrumbList\",\"@id\":\"https:\/\/baubauwall.com\/et\/toode\/pilttapeet-kurja-oied-hall\/#breadcrumb\",\"itemListElement\":[{\"@type\":\"ListItem\",\"position\":1,\"name\":\"Koju\",\"item\":\"https:\/\/baubauwall.com\/et\/\"},{\"@type\":\"ListItem\",\"position\":2,\"name\":\"Tapeedid\",\"item\":\"https:\/\/baubauwall.com\/et\/tapeedid\/\"},{\"@type\":\"ListItem\",\"position\":3,\"name\":\"Kurja \u00f5ied &#8211; hall\"}]},{\"@type\":\"WebSite\",\"@id\":\"https:\/\/baubauwall.com\/et\/#website\",\"url\":\"https:\/\/baubauwall.com\/et\/\",\"name\":\"BAUBAUWALL Wallpapers\",\"description\":\"Valmis paanides tapeet Eestist!\",\"publisher\":{\"@id\":\"https:\/\/baubauwall.com\/et\/#organization\"},\"potentialAction\":[{\"@type\":\"SearchAction\",\"target\":{\"@type\":\"EntryPoint\",\"urlTemplate\":\"https:\/\/baubauwall.com\/et\/?s={search_term_string}\"},\"query-input\":{\"@type\":\"PropertyValueSpecification\",\"valueRequired\":true,\"valueName\":\"search_term_string\"}}],\"inLanguage\":\"et\"},{\"@type\":\"Organization\",\"@id\":\"https:\/\/baubauwall.com\/et\/#organization\",\"name\":\"BAUBAUWALL Wallpapers\",\"url\":\"https:\/\/baubauwall.com\/et\/\",\"logo\":{\"@type\":\"ImageObject\",\"inLanguage\":\"et\",\"@id\":\"https:\/\/baubauwall.com\/et\/#\/schema\/logo\/image\/\",\"url\":\"https:\/\/baubauwall.com\/wp-content\/uploads\/2022\/03\/logo-horizontal.svg\",\"contentUrl\":\"https:\/\/baubauwall.com\/wp-content\/uploads\/2022\/03\/logo-horizontal.svg\",\"width\":\"1024\",\"height\":\"1024\",\"caption\":\"BAUBAUWALL Wallpapers\"},\"image\":{\"@id\":\"https:\/\/baubauwall.com\/et\/#\/schema\/logo\/image\/\"},\"sameAs\":[\"https:\/\/www.facebook.com\/Baubauwall\",\"https:\/\/www.instagram.com\/baubauwall\"]}]}<\/script>\n<!-- \/ Yoast SEO plugin. -->","yoast_head_json":{"title":"Kurja \u00f5ied - hall - Maksimalistlik panoraamtapeet aktsentseina","description":"K\u00fclluslik mustvalge tapeet, mis m\u00f5jub eriliselt h\u00e4sti interj\u00f6\u00f6ri aktsentseinal. Maksimalistlik panoraamtapeet inspireeritud kuulsast luuletuses Kurja lilled","robots":{"index":"index","follow":"follow","max-snippet":"max-snippet:-1","max-image-preview":"max-image-preview:large","max-video-preview":"max-video-preview:-1"},"canonical":"https:\/\/baubauwall.com\/et\/toode\/pilttapeet-kurja-oied-hall\/","og_locale":"et_EE","og_type":"article","og_title":"BAUBAUWALL TAPEEDID","og_description":"Kurja \u00f5ied - hall","og_url":"https:\/\/baubauwall.com\/et\/toode\/pilttapeet-kurja-oied-hall\/","og_site_name":"BAUBAUWALL TAPEEDID","article_publisher":"https:\/\/www.facebook.com\/Baubauwall","article_modified_time":"2024-05-03T11:40:31+00:00","og_image":[{"width":2400,"height":1600,"url":"https:\/\/i0.wp.com\/baubauwall.com\/wp-content\/uploads\/2024\/05\/51200390_LesFleursDuMal-Grey_Baubauwall_Wall_Mural_room1.jpg?fit=2400%2C1600&ssl=1","type":"image\/jpeg"}],"twitter_card":"summary_large_image","twitter_misc":{"Est. reading time":"1 minut"},"schema":{"@context":"https:\/\/schema.org","@graph":[{"@type":"WebPage","@id":"https:\/\/baubauwall.com\/et\/toode\/pilttapeet-kurja-oied-hall\/","url":"https:\/\/baubauwall.com\/et\/toode\/pilttapeet-kurja-oied-hall\/","name":"Kurja \u00f5ied - hall - Maksimalistlik panoraamtapeet aktsentseina","isPartOf":{"@id":"https:\/\/baubauwall.com\/et\/#website"},"primaryImageOfPage":{"@id":"https:\/\/baubauwall.com\/et\/toode\/pilttapeet-kurja-oied-hall\/#primaryimage"},"image":{"@id":"https:\/\/baubauwall.com\/et\/toode\/pilttapeet-kurja-oied-hall\/#primaryimage"},"thumbnailUrl":"https:\/\/baubauwall.com\/wp-content\/uploads\/2024\/05\/51200390_LesFleursDuMal-Grey_Baubauwall_Wall_Mural_room1-1.jpg","datePublished":"2024-05-03T11:28:00+00:00","dateModified":"2024-05-03T11:40:31+00:00","description":"K\u00fclluslik mustvalge tapeet, mis m\u00f5jub eriliselt h\u00e4sti interj\u00f6\u00f6ri aktsentseinal. Maksimalistlik panoraamtapeet inspireeritud kuulsast luuletuses Kurja lilled","breadcrumb":{"@id":"https:\/\/baubauwall.com\/et\/toode\/pilttapeet-kurja-oied-hall\/#breadcrumb"},"inLanguage":"et","potentialAction":[{"@type":"ReadAction","target":["https:\/\/baubauwall.com\/et\/toode\/pilttapeet-kurja-oied-hall\/"]}]},{"@type":"ImageObject","inLanguage":"et","@id":"https:\/\/baubauwall.com\/et\/toode\/pilttapeet-kurja-oied-hall\/#primaryimage","url":"https:\/\/baubauwall.com\/wp-content\/uploads\/2024\/05\/51200390_LesFleursDuMal-Grey_Baubauwall_Wall_Mural_room1-1.jpg","contentUrl":"https:\/\/baubauwall.com\/wp-content\/uploads\/2024\/05\/51200390_LesFleursDuMal-Grey_Baubauwall_Wall_Mural_room1-1.jpg","width":2400,"height":1600},{"@type":"BreadcrumbList","@id":"https:\/\/baubauwall.com\/et\/toode\/pilttapeet-kurja-oied-hall\/#breadcrumb","itemListElement":[{"@type":"ListItem","position":1,"name":"Koju","item":"https:\/\/baubauwall.com\/et\/"},{"@type":"ListItem","position":2,"name":"Tapeedid","item":"https:\/\/baubauwall.com\/et\/tapeedid\/"},{"@type":"ListItem","position":3,"name":"Kurja \u00f5ied &#8211; hall"}]},{"@type":"WebSite","@id":"https:\/\/baubauwall.com\/et\/#website","url":"https:\/\/baubauwall.com\/et\/","name":"BAUBAUWALL Wallpapers","description":"Valmis paanides tapeet Eestist!","publisher":{"@id":"https:\/\/baubauwall.com\/et\/#organization"},"potentialAction":[{"@type":"SearchAction","target":{"@type":"EntryPoint","urlTemplate":"https:\/\/baubauwall.com\/et\/?s={search_term_string}"},"query-input":{"@type":"PropertyValueSpecification","valueRequired":true,"valueName":"search_term_string"}}],"inLanguage":"et"},{"@type":"Organization","@id":"https:\/\/baubauwall.com\/et\/#organization","name":"BAUBAUWALL Wallpapers","url":"https:\/\/baubauwall.com\/et\/","logo":{"@type":"ImageObject","inLanguage":"et","@id":"https:\/\/baubauwall.com\/et\/#\/schema\/logo\/image\/","url":"https:\/\/baubauwall.com\/wp-content\/uploads\/2022\/03\/logo-horizontal.svg","contentUrl":"https:\/\/baubauwall.com\/wp-content\/uploads\/2022\/03\/logo-horizontal.svg","width":"1024","height":"1024","caption":"BAUBAUWALL Wallpapers"},"image":{"@id":"https:\/\/baubauwall.com\/et\/#\/schema\/logo\/image\/"},"sameAs":["https:\/\/www.facebook.com\/Baubauwall","https:\/\/www.instagram.com\/baubauwall"]}]}},"jetpack_sharing_enabled":true,"_links":{"self":[{"href":"https:\/\/baubauwall.com\/et\/wp-json\/wp\/v2\/product\/36040","targetHints":{"allow":["GET"]}}],"collection":[{"href":"https:\/\/baubauwall.com\/et\/wp-json\/wp\/v2\/product"}],"about":[{"href":"https:\/\/baubauwall.com\/et\/wp-json\/wp\/v2\/types\/product"}],"replies":[{"embeddable":true,"href":"https:\/\/baubauwall.com\/et\/wp-json\/wp\/v2\/comments?post=36040"}],"wp:featuredmedia":[{"embeddable":true,"href":"https:\/\/baubauwall.com\/et\/wp-json\/wp\/v2\/media\/36093"}],"wp:attachment":[{"href":"https:\/\/baubauwall.com\/et\/wp-json\/wp\/v2\/media?parent=36040"}],"wp:term":[{"taxonomy":"product_brand","embeddable":true,"href":"https:\/\/baubauwall.com\/et\/wp-json\/wp\/v2\/product_brand?post=36040"},{"taxonomy":"product_cat","embeddable":true,"href":"https:\/\/baubauwall.com\/et\/wp-json\/wp\/v2\/product_cat?post=36040"},{"taxonomy":"product_tag","embeddable":true,"href":"https:\/\/baubauwall.com\/et\/wp-json\/wp\/v2\/product_tag?post=36040"}],"curies":[{"name":"wp","href":"https:\/\/api.w.org\/{rel}","templated":true}]}}