{"id":36091,"date":"2024-05-08T09:15:55","date_gmt":"2024-05-08T07:15:55","guid":{"rendered":"https:\/\/baubauwall.com\/?post_type=product&#038;p=36091"},"modified":"2024-08-06T12:35:43","modified_gmt":"2024-08-06T10:35:43","slug":"pilttapeet-fiesta-de-verano-hall","status":"publish","type":"product","link":"https:\/\/baubauwall.com\/et\/toode\/pilttapeet-fiesta-de-verano-hall\/","title":{"rendered":"Fiesta de Verano &#8211; hall"},"content":{"rendered":"<p>Ladina r\u00fctmid ja pillerkaar efektsel pilttapeedil! Hallika taustaga tapeedil on k\u00e4sitsi illustreeritud lilled, linnud ja isegi kitsekesed tantsisklemas. See on pilttapeet, mis loob interj\u00f6\u00f6ris \u00f5hkkonna, mis paneb puusad n\u00f5ksuma ja toob naeratuse n\u00e4ole. Olgu tegemist avaliku ruumi seinaga (kujuta ette seda tapeeti oma kohvikus v\u00f5i butiigi seinal!) v\u00f5i kodu magamistoa aktsentseinaga &#8211; Fiesta de Verano tapeet ei j\u00e4ta kedagi k\u00fclmaks. Psst &#8211; &#8220;Fiesta de Verano&#8221; t\u00e4hendab Suvepidu hispaania keeles.<\/p>\n<p><strong>Miks osta tapeet siit? Tapeetimine pole kunagi nii lihtne olnud!<\/strong><\/p>\n<ul>\n<li>Eesti disain<\/li>\n<li>Nummerdatud tapeedipaanid, et oleks lihtne tapeetida<\/li>\n<li>Just nii pikad paanid, kui on Sinu sein<\/li>\n<li>Premium, matt fliistapeedi materjal<\/li>\n<li>M\u00fcrgivabad tr\u00fckiv\u00e4rvid, Greenguard sertifitseeritud<\/li>\n<li>Keskkonnas\u00f5bralik, j\u00e4\u00e4tmevaba tapeetimine<\/li>\n<li>Tasuta tapeediliim<\/li>\n<li>Tasuta transport ja kiire tarne 5 t\u00f6\u00f6p\u00e4evaga<\/li>\n<\/ul>\n<p>Loe l\u00e4hemalt nutikatest, eritellimust\u00f6\u00f6na valmivatest tapeetidest\u00a0<a href=\"https:\/\/baubauwall.com\/et\/keskkonnasobralikud-tapeedid\/\">siit.<\/a><\/p>\n","protected":false},"excerpt":{"rendered":"<p>Ladina r\u00fctmid ja pillerkaar efektsel pilttapeedil! Hallika taustaga tapeedil on k\u00e4sitsi illustreeritud lilled, linnud ja isegi kitsekesed tantsisklemas. See on pilttapeet, mis loob interj\u00f6\u00f6ris \u00f5hkkonna, mis paneb puusad n\u00f5ksuma ja toob naeratuse n\u00e4ole. Olgu tegemist avaliku ruumi seinaga (kujuta ette seda tapeeti oma kohvikus v\u00f5i butiigi seinal!) v\u00f5i kodu magamistoa aktsentseinaga &#8211; Fiesta de Verano [&hellip;]<\/p>\n","protected":false},"featured_media":36111,"comment_status":"open","ping_status":"closed","template":"","meta":{"_acf_changed":false,"inline_featured_image":false},"product_brand":[],"product_cat":[387,395,394,388,268,272,278,411,413,400,414,416,699,254,257,260,561],"product_tag":[345],"class_list":{"0":"post-36091","1":"product","2":"type-product","3":"status-publish","4":"has-post-thumbnail","6":"product_cat-pilttapeedid","7":"product_cat-romantiline","8":"product_cat-rikkalik","9":"product_cat-vintage-et","10":"product_cat-kirkad-tapeedid","11":"product_cat-hallid-tapeedid","12":"product_cat-roosad-tapeedid","13":"product_cat-kollased-tapeedid","14":"product_cat-magamistoa-tapeedid","15":"product_cat-lastetoa-tapeedid","16":"product_cat-soogitoa-tapeedid","17":"product_cat-esiku-tapeedid","18":"product_cat-eesti-disain-tapeedid","19":"product_cat-loodus","20":"product_cat-linnud","21":"product_cat-lilled","22":"product_cat-suvised-tapeedid","23":"product_tag-pilttapeet","24":"pa_designedby-triinu-silla","26":"first","27":"instock","28":"taxable","29":"shipping-taxable","30":"purchasable","31":"product-type-simple"},"acf":[],"yoast_head":"<!-- This site is optimized with the Yoast SEO plugin v25.9 - https:\/\/yoast.com\/wordpress\/plugins\/seo\/ -->\n<title>Fiesta de Verano - hall - pilttapeet t\u00e4is ladina r\u00fctme<\/title>\n<meta name=\"description\" content=\"Hallil taustal efektne pilttapeet t\u00e4is lilli, kitsekesi ja linde. Disain tapeet, millega on lihtne seina tapeetida - nummerdatud, valmis paanides tapeedid\" \/>\n<meta name=\"robots\" content=\"index, follow, max-snippet:-1, max-image-preview:large, max-video-preview:-1\" \/>\n<link rel=\"canonical\" href=\"https:\/\/baubauwall.com\/et\/toode\/pilttapeet-fiesta-de-verano-hall\/\" \/>\n<meta property=\"og:locale\" content=\"et_EE\" \/>\n<meta property=\"og:type\" content=\"article\" \/>\n<meta property=\"og:title\" content=\"BAUBAUWALL TAPEEDID\" \/>\n<meta property=\"og:description\" content=\"Hallil taustal efektne pilttapeet t\u00e4is lilli, kitsekesi ja linde. Disain tapeet, millega on lihtne seina tapeetida - nummerdatud, valmis paanides tapeedid\" \/>\n<meta property=\"og:url\" content=\"https:\/\/baubauwall.com\/et\/toode\/pilttapeet-fiesta-de-verano-hall\/\" \/>\n<meta property=\"og:site_name\" content=\"BAUBAUWALL TAPEEDID\" \/>\n<meta property=\"article:publisher\" content=\"https:\/\/www.facebook.com\/Baubauwall\" \/>\n<meta property=\"article:modified_time\" content=\"2024-08-06T10:35:43+00:00\" \/>\n<meta property=\"og:image\" content=\"https:\/\/baubauwall.com\/wp-content\/uploads\/2022\/11\/51200387_FiestaDeVerano-Grey_Baubauwall_Wall_Mural_room4.jpg\" \/>\n\t<meta property=\"og:image:width\" content=\"2397\" \/>\n\t<meta property=\"og:image:height\" content=\"1600\" \/>\n\t<meta property=\"og:image:type\" content=\"image\/jpeg\" \/>\n<meta name=\"twitter:card\" content=\"summary_large_image\" \/>\n<meta name=\"twitter:label1\" content=\"Est. reading time\" \/>\n\t<meta name=\"twitter:data1\" content=\"1 minut\" \/>\n<script type=\"application\/ld+json\" class=\"yoast-schema-graph\">{\"@context\":\"https:\/\/schema.org\",\"@graph\":[{\"@type\":\"WebPage\",\"@id\":\"https:\/\/baubauwall.com\/et\/toode\/pilttapeet-fiesta-de-verano-hall\/\",\"url\":\"https:\/\/baubauwall.com\/et\/toode\/pilttapeet-fiesta-de-verano-hall\/\",\"name\":\"Fiesta de Verano - hall - pilttapeet t\u00e4is ladina r\u00fctme\",\"isPartOf\":{\"@id\":\"https:\/\/baubauwall.com\/et\/#website\"},\"primaryImageOfPage\":{\"@id\":\"https:\/\/baubauwall.com\/et\/toode\/pilttapeet-fiesta-de-verano-hall\/#primaryimage\"},\"image\":{\"@id\":\"https:\/\/baubauwall.com\/et\/toode\/pilttapeet-fiesta-de-verano-hall\/#primaryimage\"},\"thumbnailUrl\":\"https:\/\/baubauwall.com\/wp-content\/uploads\/2024\/05\/51200386_FiestaDeVerano_Baubauwall_Wall_Mural_room3.jpg\",\"datePublished\":\"2024-05-08T07:15:55+00:00\",\"dateModified\":\"2024-08-06T10:35:43+00:00\",\"description\":\"Hallil taustal efektne pilttapeet t\u00e4is lilli, kitsekesi ja linde. Disain tapeet, millega on lihtne seina tapeetida - nummerdatud, valmis paanides tapeedid\",\"breadcrumb\":{\"@id\":\"https:\/\/baubauwall.com\/et\/toode\/pilttapeet-fiesta-de-verano-hall\/#breadcrumb\"},\"inLanguage\":\"et\",\"potentialAction\":[{\"@type\":\"ReadAction\",\"target\":[\"https:\/\/baubauwall.com\/et\/toode\/pilttapeet-fiesta-de-verano-hall\/\"]}]},{\"@type\":\"ImageObject\",\"inLanguage\":\"et\",\"@id\":\"https:\/\/baubauwall.com\/et\/toode\/pilttapeet-fiesta-de-verano-hall\/#primaryimage\",\"url\":\"https:\/\/baubauwall.com\/wp-content\/uploads\/2024\/05\/51200386_FiestaDeVerano_Baubauwall_Wall_Mural_room3.jpg\",\"contentUrl\":\"https:\/\/baubauwall.com\/wp-content\/uploads\/2024\/05\/51200386_FiestaDeVerano_Baubauwall_Wall_Mural_room3.jpg\",\"width\":2215,\"height\":1600},{\"@type\":\"BreadcrumbList\",\"@id\":\"https:\/\/baubauwall.com\/et\/toode\/pilttapeet-fiesta-de-verano-hall\/#breadcrumb\",\"itemListElement\":[{\"@type\":\"ListItem\",\"position\":1,\"name\":\"Koju\",\"item\":\"https:\/\/baubauwall.com\/et\/\"},{\"@type\":\"ListItem\",\"position\":2,\"name\":\"Tapeedid\",\"item\":\"https:\/\/baubauwall.com\/et\/tapeedid\/\"},{\"@type\":\"ListItem\",\"position\":3,\"name\":\"Fiesta de Verano &#8211; hall\"}]},{\"@type\":\"WebSite\",\"@id\":\"https:\/\/baubauwall.com\/et\/#website\",\"url\":\"https:\/\/baubauwall.com\/et\/\",\"name\":\"BAUBAUWALL Wallpapers\",\"description\":\"Valmis paanides tapeet Eestist!\",\"publisher\":{\"@id\":\"https:\/\/baubauwall.com\/et\/#organization\"},\"potentialAction\":[{\"@type\":\"SearchAction\",\"target\":{\"@type\":\"EntryPoint\",\"urlTemplate\":\"https:\/\/baubauwall.com\/et\/?s={search_term_string}\"},\"query-input\":{\"@type\":\"PropertyValueSpecification\",\"valueRequired\":true,\"valueName\":\"search_term_string\"}}],\"inLanguage\":\"et\"},{\"@type\":\"Organization\",\"@id\":\"https:\/\/baubauwall.com\/et\/#organization\",\"name\":\"BAUBAUWALL Wallpapers\",\"url\":\"https:\/\/baubauwall.com\/et\/\",\"logo\":{\"@type\":\"ImageObject\",\"inLanguage\":\"et\",\"@id\":\"https:\/\/baubauwall.com\/et\/#\/schema\/logo\/image\/\",\"url\":\"https:\/\/baubauwall.com\/wp-content\/uploads\/2022\/03\/logo-horizontal.svg\",\"contentUrl\":\"https:\/\/baubauwall.com\/wp-content\/uploads\/2022\/03\/logo-horizontal.svg\",\"width\":\"1024\",\"height\":\"1024\",\"caption\":\"BAUBAUWALL Wallpapers\"},\"image\":{\"@id\":\"https:\/\/baubauwall.com\/et\/#\/schema\/logo\/image\/\"},\"sameAs\":[\"https:\/\/www.facebook.com\/Baubauwall\",\"https:\/\/www.instagram.com\/baubauwall\"]}]}<\/script>\n<!-- \/ Yoast SEO plugin. -->","yoast_head_json":{"title":"Fiesta de Verano - hall - pilttapeet t\u00e4is ladina r\u00fctme","description":"Hallil taustal efektne pilttapeet t\u00e4is lilli, kitsekesi ja linde. Disain tapeet, millega on lihtne seina tapeetida - nummerdatud, valmis paanides tapeedid","robots":{"index":"index","follow":"follow","max-snippet":"max-snippet:-1","max-image-preview":"max-image-preview:large","max-video-preview":"max-video-preview:-1"},"canonical":"https:\/\/baubauwall.com\/et\/toode\/pilttapeet-fiesta-de-verano-hall\/","og_locale":"et_EE","og_type":"article","og_title":"BAUBAUWALL TAPEEDID","og_description":"Hallil taustal efektne pilttapeet t\u00e4is lilli, kitsekesi ja linde. Disain tapeet, millega on lihtne seina tapeetida - nummerdatud, valmis paanides tapeedid","og_url":"https:\/\/baubauwall.com\/et\/toode\/pilttapeet-fiesta-de-verano-hall\/","og_site_name":"BAUBAUWALL TAPEEDID","article_publisher":"https:\/\/www.facebook.com\/Baubauwall","article_modified_time":"2024-08-06T10:35:43+00:00","og_image":[{"width":2397,"height":1600,"url":"https:\/\/baubauwall.com\/wp-content\/uploads\/2022\/11\/51200387_FiestaDeVerano-Grey_Baubauwall_Wall_Mural_room4.jpg","type":"image\/jpeg"}],"twitter_card":"summary_large_image","twitter_misc":{"Est. reading time":"1 minut"},"schema":{"@context":"https:\/\/schema.org","@graph":[{"@type":"WebPage","@id":"https:\/\/baubauwall.com\/et\/toode\/pilttapeet-fiesta-de-verano-hall\/","url":"https:\/\/baubauwall.com\/et\/toode\/pilttapeet-fiesta-de-verano-hall\/","name":"Fiesta de Verano - hall - pilttapeet t\u00e4is ladina r\u00fctme","isPartOf":{"@id":"https:\/\/baubauwall.com\/et\/#website"},"primaryImageOfPage":{"@id":"https:\/\/baubauwall.com\/et\/toode\/pilttapeet-fiesta-de-verano-hall\/#primaryimage"},"image":{"@id":"https:\/\/baubauwall.com\/et\/toode\/pilttapeet-fiesta-de-verano-hall\/#primaryimage"},"thumbnailUrl":"https:\/\/baubauwall.com\/wp-content\/uploads\/2024\/05\/51200386_FiestaDeVerano_Baubauwall_Wall_Mural_room3.jpg","datePublished":"2024-05-08T07:15:55+00:00","dateModified":"2024-08-06T10:35:43+00:00","description":"Hallil taustal efektne pilttapeet t\u00e4is lilli, kitsekesi ja linde. Disain tapeet, millega on lihtne seina tapeetida - nummerdatud, valmis paanides tapeedid","breadcrumb":{"@id":"https:\/\/baubauwall.com\/et\/toode\/pilttapeet-fiesta-de-verano-hall\/#breadcrumb"},"inLanguage":"et","potentialAction":[{"@type":"ReadAction","target":["https:\/\/baubauwall.com\/et\/toode\/pilttapeet-fiesta-de-verano-hall\/"]}]},{"@type":"ImageObject","inLanguage":"et","@id":"https:\/\/baubauwall.com\/et\/toode\/pilttapeet-fiesta-de-verano-hall\/#primaryimage","url":"https:\/\/baubauwall.com\/wp-content\/uploads\/2024\/05\/51200386_FiestaDeVerano_Baubauwall_Wall_Mural_room3.jpg","contentUrl":"https:\/\/baubauwall.com\/wp-content\/uploads\/2024\/05\/51200386_FiestaDeVerano_Baubauwall_Wall_Mural_room3.jpg","width":2215,"height":1600},{"@type":"BreadcrumbList","@id":"https:\/\/baubauwall.com\/et\/toode\/pilttapeet-fiesta-de-verano-hall\/#breadcrumb","itemListElement":[{"@type":"ListItem","position":1,"name":"Koju","item":"https:\/\/baubauwall.com\/et\/"},{"@type":"ListItem","position":2,"name":"Tapeedid","item":"https:\/\/baubauwall.com\/et\/tapeedid\/"},{"@type":"ListItem","position":3,"name":"Fiesta de Verano &#8211; hall"}]},{"@type":"WebSite","@id":"https:\/\/baubauwall.com\/et\/#website","url":"https:\/\/baubauwall.com\/et\/","name":"BAUBAUWALL Wallpapers","description":"Valmis paanides tapeet Eestist!","publisher":{"@id":"https:\/\/baubauwall.com\/et\/#organization"},"potentialAction":[{"@type":"SearchAction","target":{"@type":"EntryPoint","urlTemplate":"https:\/\/baubauwall.com\/et\/?s={search_term_string}"},"query-input":{"@type":"PropertyValueSpecification","valueRequired":true,"valueName":"search_term_string"}}],"inLanguage":"et"},{"@type":"Organization","@id":"https:\/\/baubauwall.com\/et\/#organization","name":"BAUBAUWALL Wallpapers","url":"https:\/\/baubauwall.com\/et\/","logo":{"@type":"ImageObject","inLanguage":"et","@id":"https:\/\/baubauwall.com\/et\/#\/schema\/logo\/image\/","url":"https:\/\/baubauwall.com\/wp-content\/uploads\/2022\/03\/logo-horizontal.svg","contentUrl":"https:\/\/baubauwall.com\/wp-content\/uploads\/2022\/03\/logo-horizontal.svg","width":"1024","height":"1024","caption":"BAUBAUWALL Wallpapers"},"image":{"@id":"https:\/\/baubauwall.com\/et\/#\/schema\/logo\/image\/"},"sameAs":["https:\/\/www.facebook.com\/Baubauwall","https:\/\/www.instagram.com\/baubauwall"]}]}},"jetpack_sharing_enabled":true,"_links":{"self":[{"href":"https:\/\/baubauwall.com\/et\/wp-json\/wp\/v2\/product\/36091","targetHints":{"allow":["GET"]}}],"collection":[{"href":"https:\/\/baubauwall.com\/et\/wp-json\/wp\/v2\/product"}],"about":[{"href":"https:\/\/baubauwall.com\/et\/wp-json\/wp\/v2\/types\/product"}],"replies":[{"embeddable":true,"href":"https:\/\/baubauwall.com\/et\/wp-json\/wp\/v2\/comments?post=36091"}],"wp:featuredmedia":[{"embeddable":true,"href":"https:\/\/baubauwall.com\/et\/wp-json\/wp\/v2\/media\/36111"}],"wp:attachment":[{"href":"https:\/\/baubauwall.com\/et\/wp-json\/wp\/v2\/media?parent=36091"}],"wp:term":[{"taxonomy":"product_brand","embeddable":true,"href":"https:\/\/baubauwall.com\/et\/wp-json\/wp\/v2\/product_brand?post=36091"},{"taxonomy":"product_cat","embeddable":true,"href":"https:\/\/baubauwall.com\/et\/wp-json\/wp\/v2\/product_cat?post=36091"},{"taxonomy":"product_tag","embeddable":true,"href":"https:\/\/baubauwall.com\/et\/wp-json\/wp\/v2\/product_tag?post=36091"}],"curies":[{"name":"wp","href":"https:\/\/api.w.org\/{rel}","templated":true}]}}