{"id":36263,"date":"2024-05-13T13:00:27","date_gmt":"2024-05-13T11:00:27","guid":{"rendered":"https:\/\/baubauwall.com\/product\/mural-wallpaper-paris-rooftops-romance\/"},"modified":"2024-05-14T16:09:15","modified_gmt":"2024-05-14T14:09:15","slug":"pilttapeet-vaade-pariisi-katustele","status":"publish","type":"product","link":"https:\/\/baubauwall.com\/et\/toode\/pilttapeet-vaade-pariisi-katustele\/","title":{"rendered":"Vaade Pariisi katustele"},"content":{"rendered":"<p>M\u00e4letad eelmise kevade reisi Pariisi? Valguse ja armastuse linna tuled, vaated, kohvikud ning atmosf\u00e4\u00e4r &#8211; see k\u00f5ik on n\u00fc\u00fcd p\u00fc\u00fctud sellele tapeedile. Mustvalge pilttapeet, millest tabad Pariisi katused ja katusekorterid ning muidugi Eiffeli torni taamal &#8211; too m\u00e4lestused ja unistused koju oma seinale! Muutumata maitsetuks, sest mustvalge tapeet on alati stiiline ning elegantne tapeedivalik. Selle tapeedi juurde on lihtne sobitada interj\u00f6\u00f6ri muud sisustust. Vaade Pariisi katustele on pilttapeet, mis sobib sama h\u00e4sti kaunistama nii magamistoa aktsentseina v\u00f5i hoopis kohviku v\u00f5i butiigi seina isikup\u00e4rastama!<\/p>\n<p>Nagu k\u00f5ik meie tapeedid on ka see pilttapeet tr\u00fckitud keskkonnas\u00f5bralike v\u00e4rvidega hingavale, fliistapeedi materjalile. Sinu uus tapeet on l\u00f5igatud nummerdatud paanideks \u2013 t\u00e4pselt nii pikad, kui Sinu sein. Kuidas see t\u00f6\u00f6tab \u2013 loe l\u00e4hemalt\u00a0<a href=\"https:\/\/baubauwall.com\/et\/kuidas-see-tootab\/\" target=\"_blank\" rel=\"noopener\">siit.<\/a><\/p>\n","protected":false},"excerpt":{"rendered":"<p>M\u00e4letad eelmise kevade reisi Pariisi? Valguse ja armastuse linna tuled, vaated, kohvikud ning atmosf\u00e4\u00e4r &#8211; see k\u00f5ik on n\u00fc\u00fcd p\u00fc\u00fctud sellele tapeedile. Mustvalge pilttapeet, millest tabad Pariisi katused ja katusekorterid ning muidugi Eiffeli torni taamal &#8211; too m\u00e4lestused ja unistused koju oma seinale! Muutumata maitsetuks, sest mustvalge tapeet on alati stiiline ning elegantne tapeedivalik. Selle [&hellip;]<\/p>\n","protected":false},"featured_media":36252,"comment_status":"open","ping_status":"closed","template":"","meta":{"_acf_changed":false,"inline_featured_image":false},"product_brand":[],"product_cat":[387,395,408,390,392,273,410,413,414,399,402,245],"product_tag":[294,345],"class_list":{"0":"post-36263","1":"product","2":"type-product","3":"status-publish","4":"has-post-thumbnail","6":"product_cat-pilttapeedid","7":"product_cat-romantiline","8":"product_cat-geomeetriline","9":"product_cat-jooned","10":"product_cat-minimalistlik","11":"product_cat-heledad-tapeedid","12":"product_cat-valge-tapeedid","13":"product_cat-magamistoa-tapeedid","14":"product_cat-soogitoa-tapeedid","15":"product_cat-kodukontori-tapeedid","16":"product_cat-elutoa-tapeedid","17":"product_cat-maastik","18":"product_tag-mustvalge","19":"product_tag-pilttapeet","20":"pa_designedby-baubauwall","22":"first","23":"instock","24":"taxable","25":"shipping-taxable","26":"purchasable","27":"product-type-simple"},"acf":[],"yoast_head":"<!-- This site is optimized with the Yoast SEO plugin v25.9 - https:\/\/yoast.com\/wordpress\/plugins\/seo\/ -->\n<title>Vaade Pariisi katustele - mustvalge pilttapeet imelise vaatega<\/title>\n<meta name=\"description\" content=\"Mustvalge stiiline tapeet vaatega Pariisi katusele! Too imeline vaade koju pilttapeedil, mis on elegantne ja minimalistlik valik.\" \/>\n<meta name=\"robots\" content=\"index, follow, max-snippet:-1, max-image-preview:large, max-video-preview:-1\" \/>\n<link rel=\"canonical\" href=\"https:\/\/baubauwall.com\/et\/toode\/pilttapeet-vaade-pariisi-katustele\/\" \/>\n<meta property=\"og:locale\" content=\"et_EE\" \/>\n<meta property=\"og:type\" content=\"article\" \/>\n<meta property=\"og:title\" content=\"Vaade Pariisi katustele - mustvalge pilttapeet imelise vaatega\" \/>\n<meta property=\"og:description\" content=\"Mustvalge stiiline tapeet vaatega Pariisi katusele! Too imeline vaade koju pilttapeedil, mis on elegantne ja minimalistlik valik.\" \/>\n<meta property=\"og:url\" content=\"https:\/\/baubauwall.com\/et\/toode\/pilttapeet-vaade-pariisi-katustele\/\" \/>\n<meta property=\"og:site_name\" content=\"BAUBAUWALL TAPEEDID\" \/>\n<meta property=\"article:publisher\" content=\"https:\/\/www.facebook.com\/Baubauwall\" \/>\n<meta property=\"article:modified_time\" content=\"2024-05-14T14:09:15+00:00\" \/>\n<meta property=\"og:image\" content=\"https:\/\/baubauwall.com\/wp-content\/uploads\/2024\/05\/51200393_ParisRooftopsRomance_Baubauwall_Wall_Mural_room3-3.jpg\" \/>\n\t<meta property=\"og:image:width\" content=\"1600\" \/>\n\t<meta property=\"og:image:height\" content=\"1600\" \/>\n\t<meta property=\"og:image:type\" content=\"image\/jpeg\" \/>\n<meta name=\"twitter:card\" content=\"summary_large_image\" \/>\n<meta name=\"twitter:label1\" content=\"Est. reading time\" \/>\n\t<meta name=\"twitter:data1\" content=\"1 minut\" \/>\n<script type=\"application\/ld+json\" class=\"yoast-schema-graph\">{\"@context\":\"https:\/\/schema.org\",\"@graph\":[{\"@type\":\"WebPage\",\"@id\":\"https:\/\/baubauwall.com\/et\/toode\/pilttapeet-vaade-pariisi-katustele\/\",\"url\":\"https:\/\/baubauwall.com\/et\/toode\/pilttapeet-vaade-pariisi-katustele\/\",\"name\":\"Vaade Pariisi katustele - mustvalge pilttapeet imelise vaatega\",\"isPartOf\":{\"@id\":\"https:\/\/baubauwall.com\/et\/#website\"},\"primaryImageOfPage\":{\"@id\":\"https:\/\/baubauwall.com\/et\/toode\/pilttapeet-vaade-pariisi-katustele\/#primaryimage\"},\"image\":{\"@id\":\"https:\/\/baubauwall.com\/et\/toode\/pilttapeet-vaade-pariisi-katustele\/#primaryimage\"},\"thumbnailUrl\":\"https:\/\/baubauwall.com\/wp-content\/uploads\/2024\/05\/51200393_ParisRooftopsRomance_Baubauwall_Wall_Mural_room3-3.jpg\",\"datePublished\":\"2024-05-13T11:00:27+00:00\",\"dateModified\":\"2024-05-14T14:09:15+00:00\",\"description\":\"Mustvalge stiiline tapeet vaatega Pariisi katusele! Too imeline vaade koju pilttapeedil, mis on elegantne ja minimalistlik valik.\",\"breadcrumb\":{\"@id\":\"https:\/\/baubauwall.com\/et\/toode\/pilttapeet-vaade-pariisi-katustele\/#breadcrumb\"},\"inLanguage\":\"et\",\"potentialAction\":[{\"@type\":\"ReadAction\",\"target\":[\"https:\/\/baubauwall.com\/et\/toode\/pilttapeet-vaade-pariisi-katustele\/\"]}]},{\"@type\":\"ImageObject\",\"inLanguage\":\"et\",\"@id\":\"https:\/\/baubauwall.com\/et\/toode\/pilttapeet-vaade-pariisi-katustele\/#primaryimage\",\"url\":\"https:\/\/baubauwall.com\/wp-content\/uploads\/2024\/05\/51200393_ParisRooftopsRomance_Baubauwall_Wall_Mural_room3-3.jpg\",\"contentUrl\":\"https:\/\/baubauwall.com\/wp-content\/uploads\/2024\/05\/51200393_ParisRooftopsRomance_Baubauwall_Wall_Mural_room3-3.jpg\",\"width\":1600,\"height\":1600,\"caption\":\"Mural Wallpaper in Black and White - Paris Rooftops Romance\"},{\"@type\":\"BreadcrumbList\",\"@id\":\"https:\/\/baubauwall.com\/et\/toode\/pilttapeet-vaade-pariisi-katustele\/#breadcrumb\",\"itemListElement\":[{\"@type\":\"ListItem\",\"position\":1,\"name\":\"Koju\",\"item\":\"https:\/\/baubauwall.com\/et\/\"},{\"@type\":\"ListItem\",\"position\":2,\"name\":\"Tapeedid\",\"item\":\"https:\/\/baubauwall.com\/et\/tapeedid\/\"},{\"@type\":\"ListItem\",\"position\":3,\"name\":\"Vaade Pariisi katustele\"}]},{\"@type\":\"WebSite\",\"@id\":\"https:\/\/baubauwall.com\/et\/#website\",\"url\":\"https:\/\/baubauwall.com\/et\/\",\"name\":\"BAUBAUWALL Wallpapers\",\"description\":\"Valmis paanides tapeet Eestist!\",\"publisher\":{\"@id\":\"https:\/\/baubauwall.com\/et\/#organization\"},\"potentialAction\":[{\"@type\":\"SearchAction\",\"target\":{\"@type\":\"EntryPoint\",\"urlTemplate\":\"https:\/\/baubauwall.com\/et\/?s={search_term_string}\"},\"query-input\":{\"@type\":\"PropertyValueSpecification\",\"valueRequired\":true,\"valueName\":\"search_term_string\"}}],\"inLanguage\":\"et\"},{\"@type\":\"Organization\",\"@id\":\"https:\/\/baubauwall.com\/et\/#organization\",\"name\":\"BAUBAUWALL Wallpapers\",\"url\":\"https:\/\/baubauwall.com\/et\/\",\"logo\":{\"@type\":\"ImageObject\",\"inLanguage\":\"et\",\"@id\":\"https:\/\/baubauwall.com\/et\/#\/schema\/logo\/image\/\",\"url\":\"https:\/\/baubauwall.com\/wp-content\/uploads\/2022\/03\/logo-horizontal.svg\",\"contentUrl\":\"https:\/\/baubauwall.com\/wp-content\/uploads\/2022\/03\/logo-horizontal.svg\",\"width\":\"1024\",\"height\":\"1024\",\"caption\":\"BAUBAUWALL Wallpapers\"},\"image\":{\"@id\":\"https:\/\/baubauwall.com\/et\/#\/schema\/logo\/image\/\"},\"sameAs\":[\"https:\/\/www.facebook.com\/Baubauwall\",\"https:\/\/www.instagram.com\/baubauwall\"]}]}<\/script>\n<!-- \/ Yoast SEO plugin. -->","yoast_head_json":{"title":"Vaade Pariisi katustele - mustvalge pilttapeet imelise vaatega","description":"Mustvalge stiiline tapeet vaatega Pariisi katusele! Too imeline vaade koju pilttapeedil, mis on elegantne ja minimalistlik valik.","robots":{"index":"index","follow":"follow","max-snippet":"max-snippet:-1","max-image-preview":"max-image-preview:large","max-video-preview":"max-video-preview:-1"},"canonical":"https:\/\/baubauwall.com\/et\/toode\/pilttapeet-vaade-pariisi-katustele\/","og_locale":"et_EE","og_type":"article","og_title":"Vaade Pariisi katustele - mustvalge pilttapeet imelise vaatega","og_description":"Mustvalge stiiline tapeet vaatega Pariisi katusele! Too imeline vaade koju pilttapeedil, mis on elegantne ja minimalistlik valik.","og_url":"https:\/\/baubauwall.com\/et\/toode\/pilttapeet-vaade-pariisi-katustele\/","og_site_name":"BAUBAUWALL TAPEEDID","article_publisher":"https:\/\/www.facebook.com\/Baubauwall","article_modified_time":"2024-05-14T14:09:15+00:00","og_image":[{"width":1600,"height":1600,"url":"https:\/\/baubauwall.com\/wp-content\/uploads\/2024\/05\/51200393_ParisRooftopsRomance_Baubauwall_Wall_Mural_room3-3.jpg","type":"image\/jpeg"}],"twitter_card":"summary_large_image","twitter_misc":{"Est. reading time":"1 minut"},"schema":{"@context":"https:\/\/schema.org","@graph":[{"@type":"WebPage","@id":"https:\/\/baubauwall.com\/et\/toode\/pilttapeet-vaade-pariisi-katustele\/","url":"https:\/\/baubauwall.com\/et\/toode\/pilttapeet-vaade-pariisi-katustele\/","name":"Vaade Pariisi katustele - mustvalge pilttapeet imelise vaatega","isPartOf":{"@id":"https:\/\/baubauwall.com\/et\/#website"},"primaryImageOfPage":{"@id":"https:\/\/baubauwall.com\/et\/toode\/pilttapeet-vaade-pariisi-katustele\/#primaryimage"},"image":{"@id":"https:\/\/baubauwall.com\/et\/toode\/pilttapeet-vaade-pariisi-katustele\/#primaryimage"},"thumbnailUrl":"https:\/\/baubauwall.com\/wp-content\/uploads\/2024\/05\/51200393_ParisRooftopsRomance_Baubauwall_Wall_Mural_room3-3.jpg","datePublished":"2024-05-13T11:00:27+00:00","dateModified":"2024-05-14T14:09:15+00:00","description":"Mustvalge stiiline tapeet vaatega Pariisi katusele! Too imeline vaade koju pilttapeedil, mis on elegantne ja minimalistlik valik.","breadcrumb":{"@id":"https:\/\/baubauwall.com\/et\/toode\/pilttapeet-vaade-pariisi-katustele\/#breadcrumb"},"inLanguage":"et","potentialAction":[{"@type":"ReadAction","target":["https:\/\/baubauwall.com\/et\/toode\/pilttapeet-vaade-pariisi-katustele\/"]}]},{"@type":"ImageObject","inLanguage":"et","@id":"https:\/\/baubauwall.com\/et\/toode\/pilttapeet-vaade-pariisi-katustele\/#primaryimage","url":"https:\/\/baubauwall.com\/wp-content\/uploads\/2024\/05\/51200393_ParisRooftopsRomance_Baubauwall_Wall_Mural_room3-3.jpg","contentUrl":"https:\/\/baubauwall.com\/wp-content\/uploads\/2024\/05\/51200393_ParisRooftopsRomance_Baubauwall_Wall_Mural_room3-3.jpg","width":1600,"height":1600,"caption":"Mural Wallpaper in Black and White - Paris Rooftops Romance"},{"@type":"BreadcrumbList","@id":"https:\/\/baubauwall.com\/et\/toode\/pilttapeet-vaade-pariisi-katustele\/#breadcrumb","itemListElement":[{"@type":"ListItem","position":1,"name":"Koju","item":"https:\/\/baubauwall.com\/et\/"},{"@type":"ListItem","position":2,"name":"Tapeedid","item":"https:\/\/baubauwall.com\/et\/tapeedid\/"},{"@type":"ListItem","position":3,"name":"Vaade Pariisi katustele"}]},{"@type":"WebSite","@id":"https:\/\/baubauwall.com\/et\/#website","url":"https:\/\/baubauwall.com\/et\/","name":"BAUBAUWALL Wallpapers","description":"Valmis paanides tapeet Eestist!","publisher":{"@id":"https:\/\/baubauwall.com\/et\/#organization"},"potentialAction":[{"@type":"SearchAction","target":{"@type":"EntryPoint","urlTemplate":"https:\/\/baubauwall.com\/et\/?s={search_term_string}"},"query-input":{"@type":"PropertyValueSpecification","valueRequired":true,"valueName":"search_term_string"}}],"inLanguage":"et"},{"@type":"Organization","@id":"https:\/\/baubauwall.com\/et\/#organization","name":"BAUBAUWALL Wallpapers","url":"https:\/\/baubauwall.com\/et\/","logo":{"@type":"ImageObject","inLanguage":"et","@id":"https:\/\/baubauwall.com\/et\/#\/schema\/logo\/image\/","url":"https:\/\/baubauwall.com\/wp-content\/uploads\/2022\/03\/logo-horizontal.svg","contentUrl":"https:\/\/baubauwall.com\/wp-content\/uploads\/2022\/03\/logo-horizontal.svg","width":"1024","height":"1024","caption":"BAUBAUWALL Wallpapers"},"image":{"@id":"https:\/\/baubauwall.com\/et\/#\/schema\/logo\/image\/"},"sameAs":["https:\/\/www.facebook.com\/Baubauwall","https:\/\/www.instagram.com\/baubauwall"]}]}},"jetpack_sharing_enabled":true,"_links":{"self":[{"href":"https:\/\/baubauwall.com\/et\/wp-json\/wp\/v2\/product\/36263","targetHints":{"allow":["GET"]}}],"collection":[{"href":"https:\/\/baubauwall.com\/et\/wp-json\/wp\/v2\/product"}],"about":[{"href":"https:\/\/baubauwall.com\/et\/wp-json\/wp\/v2\/types\/product"}],"replies":[{"embeddable":true,"href":"https:\/\/baubauwall.com\/et\/wp-json\/wp\/v2\/comments?post=36263"}],"wp:featuredmedia":[{"embeddable":true,"href":"https:\/\/baubauwall.com\/et\/wp-json\/wp\/v2\/media\/36252"}],"wp:attachment":[{"href":"https:\/\/baubauwall.com\/et\/wp-json\/wp\/v2\/media?parent=36263"}],"wp:term":[{"taxonomy":"product_brand","embeddable":true,"href":"https:\/\/baubauwall.com\/et\/wp-json\/wp\/v2\/product_brand?post=36263"},{"taxonomy":"product_cat","embeddable":true,"href":"https:\/\/baubauwall.com\/et\/wp-json\/wp\/v2\/product_cat?post=36263"},{"taxonomy":"product_tag","embeddable":true,"href":"https:\/\/baubauwall.com\/et\/wp-json\/wp\/v2\/product_tag?post=36263"}],"curies":[{"name":"wp","href":"https:\/\/api.w.org\/{rel}","templated":true}]}}