{"id":36329,"date":"2024-05-14T15:15:14","date_gmt":"2024-05-14T13:15:14","guid":{"rendered":"https:\/\/baubauwall.com\/product\/wallpaper-cafe-baubau-black-white\/"},"modified":"2024-08-06T12:36:41","modified_gmt":"2024-08-06T10:36:41","slug":"kordusmustriga-tapeet-cafe-baubau","status":"publish","type":"product","link":"https:\/\/baubauwall.com\/et\/toode\/kordusmustriga-tapeet-cafe-baubau\/","title":{"rendered":"Cafe Baubau"},"content":{"rendered":"<p>Mustvalge tapeet &#8220;Cafe Baubau&#8221; &#8211; \u00fcks armas tapeedidisain, mis on t\u00e4idetud l\u00f5busa linnakesega. Tapeedi mustrilt ei puudu kohvikud, elamud ega poed, kus sisseoste teha. Seega, see mustvalge tapeet sobib \u00fchtviisi h\u00e4sti nii koju n\u00e4iteks lastetuppa v\u00f5i hoopis kohviku, butiigi seinale. Sobita juurde v\u00e4rsked saiakesed, aurav kohv ning m\u00f5ned muffinid &#8211; ideaalne sobivus!<\/p>\n<p>Nagu k\u00f5ik me pilttapeedid, fototapeedid ja kordusmustriga tapeedid, on see mustvalge disain tr\u00fckitud fliistapeedi materjalile. Nummerdatud, valmis l\u00f5igatud paanides, mis on just nii pikad, kui Sinu sein. Tapeetimine pole kunagi nii lihtne ja nutikas olnud!<\/p>\n","protected":false},"excerpt":{"rendered":"<p>Mustvalge tapeet &#8220;Cafe Baubau&#8221; &#8211; \u00fcks armas tapeedidisain, mis on t\u00e4idetud l\u00f5busa linnakesega. Tapeedi mustrilt ei puudu kohvikud, elamud ega poed, kus sisseoste teha. Seega, see mustvalge tapeet sobib \u00fchtviisi h\u00e4sti nii koju n\u00e4iteks lastetuppa v\u00f5i hoopis kohviku, butiigi seinale. Sobita juurde v\u00e4rsked saiakesed, aurav kohv ning m\u00f5ned muffinid &#8211; ideaalne sobivus! Nagu k\u00f5ik me [&hellip;]<\/p>\n","protected":false},"featured_media":36309,"comment_status":"open","ping_status":"closed","template":"","meta":{"_acf_changed":false,"inline_featured_image":false},"product_brand":[],"product_cat":[386,406,408,390,273,410,400,414,415,399,402,561],"product_tag":[294],"class_list":{"0":"post-36329","1":"product","2":"type-product","3":"status-publish","4":"has-post-thumbnail","6":"product_cat-kordusmustriga-tapeedid","7":"product_cat-klassika","8":"product_cat-geomeetriline","9":"product_cat-jooned","10":"product_cat-heledad-tapeedid","11":"product_cat-valge-tapeedid","12":"product_cat-lastetoa-tapeedid","13":"product_cat-soogitoa-tapeedid","14":"product_cat-kulalistetoa-tapeedid","15":"product_cat-kodukontori-tapeedid","16":"product_cat-elutoa-tapeedid","17":"product_cat-suvised-tapeedid","18":"product_tag-mustvalge","19":"pa_designedby-baubauwall","21":"first","22":"instock","23":"taxable","24":"shipping-taxable","25":"purchasable","26":"product-type-simple"},"acf":[],"yoast_head":"<!-- This site is optimized with the Yoast SEO plugin v25.9 - https:\/\/yoast.com\/wordpress\/plugins\/seo\/ -->\n<title>Cafe Baubau - mustvalge tapeet armsa mustriga.<\/title>\n<meta name=\"description\" content=\"Mustvalge tapeet t\u00e4idetud armsa linna mustriga, kust pole puudu ei kohvikud, kauplused ja kortermajad. Valmis paanides tapeedid - lihtne tapeetimine.\" \/>\n<meta name=\"robots\" content=\"index, follow, max-snippet:-1, max-image-preview:large, max-video-preview:-1\" \/>\n<link rel=\"canonical\" href=\"https:\/\/baubauwall.com\/et\/toode\/kordusmustriga-tapeet-cafe-baubau\/\" \/>\n<meta property=\"og:locale\" content=\"et_EE\" \/>\n<meta property=\"og:type\" content=\"article\" \/>\n<meta property=\"og:title\" content=\"Cafe Baubau - mustvalge tapeet armsa mustriga.\" \/>\n<meta property=\"og:description\" content=\"Mustvalge tapeet t\u00e4idetud armsa linna mustriga, kust pole puudu ei kohvikud, kauplused ja kortermajad. Valmis paanides tapeedid - lihtne tapeetimine.\" \/>\n<meta property=\"og:url\" content=\"https:\/\/baubauwall.com\/et\/toode\/kordusmustriga-tapeet-cafe-baubau\/\" \/>\n<meta property=\"og:site_name\" content=\"BAUBAUWALL TAPEEDID\" \/>\n<meta property=\"article:publisher\" content=\"https:\/\/www.facebook.com\/Baubauwall\" \/>\n<meta property=\"article:modified_time\" content=\"2024-08-06T10:36:41+00:00\" \/>\n<meta property=\"og:image\" content=\"https:\/\/baubauwall.com\/wp-content\/uploads\/2022\/11\/51100418_CafeBaubau_Baubauwall_Wallpaper_room1.jpg\" \/>\n\t<meta property=\"og:image:width\" content=\"2000\" \/>\n\t<meta property=\"og:image:height\" content=\"1600\" \/>\n\t<meta property=\"og:image:type\" content=\"image\/jpeg\" \/>\n<meta name=\"twitter:card\" content=\"summary_large_image\" \/>\n<meta name=\"twitter:label1\" content=\"Est. reading time\" \/>\n\t<meta name=\"twitter:data1\" content=\"1 minut\" \/>\n<script type=\"application\/ld+json\" class=\"yoast-schema-graph\">{\"@context\":\"https:\/\/schema.org\",\"@graph\":[{\"@type\":\"WebPage\",\"@id\":\"https:\/\/baubauwall.com\/et\/toode\/kordusmustriga-tapeet-cafe-baubau\/\",\"url\":\"https:\/\/baubauwall.com\/et\/toode\/kordusmustriga-tapeet-cafe-baubau\/\",\"name\":\"Cafe Baubau - mustvalge tapeet armsa mustriga.\",\"isPartOf\":{\"@id\":\"https:\/\/baubauwall.com\/et\/#website\"},\"primaryImageOfPage\":{\"@id\":\"https:\/\/baubauwall.com\/et\/toode\/kordusmustriga-tapeet-cafe-baubau\/#primaryimage\"},\"image\":{\"@id\":\"https:\/\/baubauwall.com\/et\/toode\/kordusmustriga-tapeet-cafe-baubau\/#primaryimage\"},\"thumbnailUrl\":\"https:\/\/baubauwall.com\/wp-content\/uploads\/2022\/11\/51100418_CafeBaubau_Baubauwall_Wallpaper_room1.jpg\",\"datePublished\":\"2024-05-14T13:15:14+00:00\",\"dateModified\":\"2024-08-06T10:36:41+00:00\",\"description\":\"Mustvalge tapeet t\u00e4idetud armsa linna mustriga, kust pole puudu ei kohvikud, kauplused ja kortermajad. Valmis paanides tapeedid - lihtne tapeetimine.\",\"breadcrumb\":{\"@id\":\"https:\/\/baubauwall.com\/et\/toode\/kordusmustriga-tapeet-cafe-baubau\/#breadcrumb\"},\"inLanguage\":\"et\",\"potentialAction\":[{\"@type\":\"ReadAction\",\"target\":[\"https:\/\/baubauwall.com\/et\/toode\/kordusmustriga-tapeet-cafe-baubau\/\"]}]},{\"@type\":\"ImageObject\",\"inLanguage\":\"et\",\"@id\":\"https:\/\/baubauwall.com\/et\/toode\/kordusmustriga-tapeet-cafe-baubau\/#primaryimage\",\"url\":\"https:\/\/baubauwall.com\/wp-content\/uploads\/2022\/11\/51100418_CafeBaubau_Baubauwall_Wallpaper_room1.jpg\",\"contentUrl\":\"https:\/\/baubauwall.com\/wp-content\/uploads\/2022\/11\/51100418_CafeBaubau_Baubauwall_Wallpaper_room1.jpg\",\"width\":2000,\"height\":1600},{\"@type\":\"BreadcrumbList\",\"@id\":\"https:\/\/baubauwall.com\/et\/toode\/kordusmustriga-tapeet-cafe-baubau\/#breadcrumb\",\"itemListElement\":[{\"@type\":\"ListItem\",\"position\":1,\"name\":\"Koju\",\"item\":\"https:\/\/baubauwall.com\/et\/\"},{\"@type\":\"ListItem\",\"position\":2,\"name\":\"Tapeedid\",\"item\":\"https:\/\/baubauwall.com\/et\/tapeedid\/\"},{\"@type\":\"ListItem\",\"position\":3,\"name\":\"Cafe Baubau\"}]},{\"@type\":\"WebSite\",\"@id\":\"https:\/\/baubauwall.com\/et\/#website\",\"url\":\"https:\/\/baubauwall.com\/et\/\",\"name\":\"BAUBAUWALL Wallpapers\",\"description\":\"Valmis paanides tapeet Eestist!\",\"publisher\":{\"@id\":\"https:\/\/baubauwall.com\/et\/#organization\"},\"potentialAction\":[{\"@type\":\"SearchAction\",\"target\":{\"@type\":\"EntryPoint\",\"urlTemplate\":\"https:\/\/baubauwall.com\/et\/?s={search_term_string}\"},\"query-input\":{\"@type\":\"PropertyValueSpecification\",\"valueRequired\":true,\"valueName\":\"search_term_string\"}}],\"inLanguage\":\"et\"},{\"@type\":\"Organization\",\"@id\":\"https:\/\/baubauwall.com\/et\/#organization\",\"name\":\"BAUBAUWALL Wallpapers\",\"url\":\"https:\/\/baubauwall.com\/et\/\",\"logo\":{\"@type\":\"ImageObject\",\"inLanguage\":\"et\",\"@id\":\"https:\/\/baubauwall.com\/et\/#\/schema\/logo\/image\/\",\"url\":\"https:\/\/baubauwall.com\/wp-content\/uploads\/2022\/03\/logo-horizontal.svg\",\"contentUrl\":\"https:\/\/baubauwall.com\/wp-content\/uploads\/2022\/03\/logo-horizontal.svg\",\"width\":\"1024\",\"height\":\"1024\",\"caption\":\"BAUBAUWALL Wallpapers\"},\"image\":{\"@id\":\"https:\/\/baubauwall.com\/et\/#\/schema\/logo\/image\/\"},\"sameAs\":[\"https:\/\/www.facebook.com\/Baubauwall\",\"https:\/\/www.instagram.com\/baubauwall\"]}]}<\/script>\n<!-- \/ Yoast SEO plugin. -->","yoast_head_json":{"title":"Cafe Baubau - mustvalge tapeet armsa mustriga.","description":"Mustvalge tapeet t\u00e4idetud armsa linna mustriga, kust pole puudu ei kohvikud, kauplused ja kortermajad. Valmis paanides tapeedid - lihtne tapeetimine.","robots":{"index":"index","follow":"follow","max-snippet":"max-snippet:-1","max-image-preview":"max-image-preview:large","max-video-preview":"max-video-preview:-1"},"canonical":"https:\/\/baubauwall.com\/et\/toode\/kordusmustriga-tapeet-cafe-baubau\/","og_locale":"et_EE","og_type":"article","og_title":"Cafe Baubau - mustvalge tapeet armsa mustriga.","og_description":"Mustvalge tapeet t\u00e4idetud armsa linna mustriga, kust pole puudu ei kohvikud, kauplused ja kortermajad. Valmis paanides tapeedid - lihtne tapeetimine.","og_url":"https:\/\/baubauwall.com\/et\/toode\/kordusmustriga-tapeet-cafe-baubau\/","og_site_name":"BAUBAUWALL TAPEEDID","article_publisher":"https:\/\/www.facebook.com\/Baubauwall","article_modified_time":"2024-08-06T10:36:41+00:00","og_image":[{"width":2000,"height":1600,"url":"https:\/\/baubauwall.com\/wp-content\/uploads\/2022\/11\/51100418_CafeBaubau_Baubauwall_Wallpaper_room1.jpg","type":"image\/jpeg"}],"twitter_card":"summary_large_image","twitter_misc":{"Est. reading time":"1 minut"},"schema":{"@context":"https:\/\/schema.org","@graph":[{"@type":"WebPage","@id":"https:\/\/baubauwall.com\/et\/toode\/kordusmustriga-tapeet-cafe-baubau\/","url":"https:\/\/baubauwall.com\/et\/toode\/kordusmustriga-tapeet-cafe-baubau\/","name":"Cafe Baubau - mustvalge tapeet armsa mustriga.","isPartOf":{"@id":"https:\/\/baubauwall.com\/et\/#website"},"primaryImageOfPage":{"@id":"https:\/\/baubauwall.com\/et\/toode\/kordusmustriga-tapeet-cafe-baubau\/#primaryimage"},"image":{"@id":"https:\/\/baubauwall.com\/et\/toode\/kordusmustriga-tapeet-cafe-baubau\/#primaryimage"},"thumbnailUrl":"https:\/\/baubauwall.com\/wp-content\/uploads\/2022\/11\/51100418_CafeBaubau_Baubauwall_Wallpaper_room1.jpg","datePublished":"2024-05-14T13:15:14+00:00","dateModified":"2024-08-06T10:36:41+00:00","description":"Mustvalge tapeet t\u00e4idetud armsa linna mustriga, kust pole puudu ei kohvikud, kauplused ja kortermajad. Valmis paanides tapeedid - lihtne tapeetimine.","breadcrumb":{"@id":"https:\/\/baubauwall.com\/et\/toode\/kordusmustriga-tapeet-cafe-baubau\/#breadcrumb"},"inLanguage":"et","potentialAction":[{"@type":"ReadAction","target":["https:\/\/baubauwall.com\/et\/toode\/kordusmustriga-tapeet-cafe-baubau\/"]}]},{"@type":"ImageObject","inLanguage":"et","@id":"https:\/\/baubauwall.com\/et\/toode\/kordusmustriga-tapeet-cafe-baubau\/#primaryimage","url":"https:\/\/baubauwall.com\/wp-content\/uploads\/2022\/11\/51100418_CafeBaubau_Baubauwall_Wallpaper_room1.jpg","contentUrl":"https:\/\/baubauwall.com\/wp-content\/uploads\/2022\/11\/51100418_CafeBaubau_Baubauwall_Wallpaper_room1.jpg","width":2000,"height":1600},{"@type":"BreadcrumbList","@id":"https:\/\/baubauwall.com\/et\/toode\/kordusmustriga-tapeet-cafe-baubau\/#breadcrumb","itemListElement":[{"@type":"ListItem","position":1,"name":"Koju","item":"https:\/\/baubauwall.com\/et\/"},{"@type":"ListItem","position":2,"name":"Tapeedid","item":"https:\/\/baubauwall.com\/et\/tapeedid\/"},{"@type":"ListItem","position":3,"name":"Cafe Baubau"}]},{"@type":"WebSite","@id":"https:\/\/baubauwall.com\/et\/#website","url":"https:\/\/baubauwall.com\/et\/","name":"BAUBAUWALL Wallpapers","description":"Valmis paanides tapeet Eestist!","publisher":{"@id":"https:\/\/baubauwall.com\/et\/#organization"},"potentialAction":[{"@type":"SearchAction","target":{"@type":"EntryPoint","urlTemplate":"https:\/\/baubauwall.com\/et\/?s={search_term_string}"},"query-input":{"@type":"PropertyValueSpecification","valueRequired":true,"valueName":"search_term_string"}}],"inLanguage":"et"},{"@type":"Organization","@id":"https:\/\/baubauwall.com\/et\/#organization","name":"BAUBAUWALL Wallpapers","url":"https:\/\/baubauwall.com\/et\/","logo":{"@type":"ImageObject","inLanguage":"et","@id":"https:\/\/baubauwall.com\/et\/#\/schema\/logo\/image\/","url":"https:\/\/baubauwall.com\/wp-content\/uploads\/2022\/03\/logo-horizontal.svg","contentUrl":"https:\/\/baubauwall.com\/wp-content\/uploads\/2022\/03\/logo-horizontal.svg","width":"1024","height":"1024","caption":"BAUBAUWALL Wallpapers"},"image":{"@id":"https:\/\/baubauwall.com\/et\/#\/schema\/logo\/image\/"},"sameAs":["https:\/\/www.facebook.com\/Baubauwall","https:\/\/www.instagram.com\/baubauwall"]}]}},"jetpack_sharing_enabled":true,"_links":{"self":[{"href":"https:\/\/baubauwall.com\/et\/wp-json\/wp\/v2\/product\/36329","targetHints":{"allow":["GET"]}}],"collection":[{"href":"https:\/\/baubauwall.com\/et\/wp-json\/wp\/v2\/product"}],"about":[{"href":"https:\/\/baubauwall.com\/et\/wp-json\/wp\/v2\/types\/product"}],"replies":[{"embeddable":true,"href":"https:\/\/baubauwall.com\/et\/wp-json\/wp\/v2\/comments?post=36329"}],"wp:featuredmedia":[{"embeddable":true,"href":"https:\/\/baubauwall.com\/et\/wp-json\/wp\/v2\/media\/36309"}],"wp:attachment":[{"href":"https:\/\/baubauwall.com\/et\/wp-json\/wp\/v2\/media?parent=36329"}],"wp:term":[{"taxonomy":"product_brand","embeddable":true,"href":"https:\/\/baubauwall.com\/et\/wp-json\/wp\/v2\/product_brand?post=36329"},{"taxonomy":"product_cat","embeddable":true,"href":"https:\/\/baubauwall.com\/et\/wp-json\/wp\/v2\/product_cat?post=36329"},{"taxonomy":"product_tag","embeddable":true,"href":"https:\/\/baubauwall.com\/et\/wp-json\/wp\/v2\/product_tag?post=36329"}],"curies":[{"name":"wp","href":"https:\/\/api.w.org\/{rel}","templated":true}]}}