{"id":36498,"date":"2024-06-06T11:54:08","date_gmt":"2024-06-06T09:54:08","guid":{"rendered":"https:\/\/baubauwall.com\/?post_type=product&#038;p=36498"},"modified":"2024-06-06T12:06:28","modified_gmt":"2024-06-06T10:06:28","slug":"pilttapeet-lopsakas-troopikaaed-hele","status":"publish","type":"product","link":"https:\/\/baubauwall.com\/et\/toode\/pilttapeet-lopsakas-troopikaaed-hele\/","title":{"rendered":"Lopsakas troopikaaed &#8211; hele"},"content":{"rendered":"<p>Luksuslik, vintage stiilis bee\u017e pilttapeet stiilsesse interj\u00f6\u00f6ri. Tapeedi disain p\u00f5hineb inglise kunstniku <strong>Philip Reinagle<\/strong> originaaljoonistusel, kes maalis elutruid loomi, maastike ja botaanilisi stseene.\u00a0Helestatud toonides troopiline pilttapeet on just Sulle, kes Sa armastad eksootilisi maastikke, d\u017eungleid ja m\u00f6\u00f6dunud aegade avastusretkede h\u00f5ngu. Tapeet sobib luksusliku ajaloolise maja seinale v\u00f5i vastupidi \u2013 kaasaegse \u0161iki interj\u00f6\u00f6ri loomiseks. Kas oled maksimalistliku sisekujunduse f\u00e4nn? Siis see tapeet ongi see! Maksimalism t\u00e4hendab rikkalike tekstuuride, julgete v\u00e4rvide ja eklektiliste mustrite kihistamist, loomaks isikup\u00e4raseid interj\u00f6\u00f6re. Loe l\u00e4hemalt<a href=\"https:\/\/baubauwall.com\/et\/uudised\/kui-rohkem-on-parem-maksimalistlikud-tapeedid\/\" target=\"_blank\" rel=\"noopener\"> sellest rikkalikust stiilist<\/a> meie ajakirjas.<\/p>\n<p><strong>Miks osta tapeet siit? Tapeetimine pole kunagi nii lihtne olnud!<\/strong><\/p>\n<ul>\n<li>Nummerdatud tapeedipaanid<\/li>\n<li>Just nii pikad tapeedipaanid, kui on Sinu sein<\/li>\n<li>Premium, matt fliistapeedi materjal<\/li>\n<li>M\u00fcrgivabad tr\u00fckiv\u00e4rvid, Greenguard sertifitseeritud<\/li>\n<li>Keskkonnas\u00f5bralik, j\u00e4\u00e4tmevaba tapeetimine<\/li>\n<li>Tasuta tapeediliim<\/li>\n<li>Tasuta transport ja kiire tarne 5 t\u00f6\u00f6p\u00e4evaga<\/li>\n<\/ul>\n<p>Loe l\u00e4hemalt nutikatest, eritellimust\u00f6\u00f6na valmivatest tapeetidest\u00a0<a href=\"https:\/\/baubauwall.com\/et\/keskkonnasobralikud-tapeedid\/\">siit.<\/a><\/p>\n","protected":false},"excerpt":{"rendered":"<p>Luksuslik, vintage stiilis bee\u017e pilttapeet stiilsesse interj\u00f6\u00f6ri. Tapeedi disain p\u00f5hineb inglise kunstniku Philip Reinagle originaaljoonistusel, kes maalis elutruid loomi, maastike ja botaanilisi stseene.\u00a0Helestatud toonides troopiline pilttapeet on just Sulle, kes Sa armastad eksootilisi maastikke, d\u017eungleid ja m\u00f6\u00f6dunud aegade avastusretkede h\u00f5ngu. Tapeet sobib luksusliku ajaloolise maja seinale v\u00f5i vastupidi \u2013 kaasaegse \u0161iki interj\u00f6\u00f6ri loomiseks. Kas oled [&hellip;]<\/p>\n","protected":false},"featured_media":36506,"comment_status":"open","ping_status":"closed","template":"","meta":{"_acf_changed":false,"inline_featured_image":false},"product_brand":[],"product_cat":[780,387,395,447,394,388,265,270,413,414,415,416,402,412,245,250,254],"product_tag":[286,448,345],"class_list":{"0":"post-36498","1":"product","2":"type-product","3":"status-publish","4":"has-post-thumbnail","6":"product_cat-pilttapeedid-lugudega","7":"product_cat-pilttapeedid","8":"product_cat-romantiline","9":"product_cat-maksimalistlik-et","10":"product_cat-rikkalik","11":"product_cat-vintage-et","12":"product_cat-beezid-tapeedid","13":"product_cat-tumedad-tapeedid","14":"product_cat-magamistoa-tapeedid","15":"product_cat-soogitoa-tapeedid","16":"product_cat-kulalistetoa-tapeedid","17":"product_cat-esiku-tapeedid","18":"product_cat-elutoa-tapeedid","19":"product_cat-vannitoa-tapeedid","20":"product_cat-maastik","21":"product_cat-dzungel-troopika","22":"product_cat-loodus","23":"product_tag-amazonia-et","24":"product_tag-kunst-et","25":"product_tag-pilttapeet","26":"pa_designedby-triinu-silla","28":"first","29":"instock","30":"taxable","31":"shipping-taxable","32":"purchasable","33":"product-type-simple"},"acf":[],"yoast_head":"<!-- This site is optimized with the Yoast SEO plugin v25.9 - https:\/\/yoast.com\/wordpress\/plugins\/seo\/ -->\n<title>Lopsakas troopikaaed - hele - luksuslik vintage stiilis pilttapeet<\/title>\n<meta name=\"description\" content=\"Bee\u017e, troopiline pilttapeet k\u00fclluslikus aias t\u00e4is salap\u00e4ra. Lopsakas maksimalistlik disain. Sinu seina suuruses tapeedid.\" \/>\n<meta name=\"robots\" content=\"index, follow, max-snippet:-1, max-image-preview:large, max-video-preview:-1\" \/>\n<link rel=\"canonical\" href=\"https:\/\/baubauwall.com\/et\/toode\/pilttapeet-lopsakas-troopikaaed-hele\/\" \/>\n<meta property=\"og:locale\" content=\"et_EE\" \/>\n<meta property=\"og:type\" content=\"article\" \/>\n<meta property=\"og:title\" content=\"BAUBAUWALL TAPEEDID\" \/>\n<meta property=\"og:description\" content=\"Lopsakas troopikaaed - hele\" \/>\n<meta property=\"og:url\" content=\"https:\/\/baubauwall.com\/et\/toode\/pilttapeet-lopsakas-troopikaaed-hele\/\" \/>\n<meta property=\"og:site_name\" content=\"BAUBAUWALL TAPEEDID\" \/>\n<meta property=\"article:publisher\" content=\"https:\/\/www.facebook.com\/Baubauwall\" \/>\n<meta property=\"article:modified_time\" content=\"2024-06-06T10:06:28+00:00\" \/>\n<meta property=\"og:image\" content=\"https:\/\/baubauwall.com\/wp-content\/uploads\/2024\/06\/51200398_TheLuxuriantTropicalGarden-muted_Baubauwall_Wall_Mural_room2.jpg\" \/>\n\t<meta property=\"og:image:width\" content=\"2400\" \/>\n\t<meta property=\"og:image:height\" content=\"1600\" \/>\n\t<meta property=\"og:image:type\" content=\"image\/jpeg\" \/>\n<meta name=\"twitter:card\" content=\"summary_large_image\" \/>\n<meta name=\"twitter:label1\" content=\"Est. reading time\" \/>\n\t<meta name=\"twitter:data1\" content=\"1 minut\" \/>\n<script type=\"application\/ld+json\" class=\"yoast-schema-graph\">{\"@context\":\"https:\/\/schema.org\",\"@graph\":[{\"@type\":\"WebPage\",\"@id\":\"https:\/\/baubauwall.com\/et\/toode\/pilttapeet-lopsakas-troopikaaed-hele\/\",\"url\":\"https:\/\/baubauwall.com\/et\/toode\/pilttapeet-lopsakas-troopikaaed-hele\/\",\"name\":\"Lopsakas troopikaaed - hele - luksuslik vintage stiilis pilttapeet\",\"isPartOf\":{\"@id\":\"https:\/\/baubauwall.com\/et\/#website\"},\"primaryImageOfPage\":{\"@id\":\"https:\/\/baubauwall.com\/et\/toode\/pilttapeet-lopsakas-troopikaaed-hele\/#primaryimage\"},\"image\":{\"@id\":\"https:\/\/baubauwall.com\/et\/toode\/pilttapeet-lopsakas-troopikaaed-hele\/#primaryimage\"},\"thumbnailUrl\":\"https:\/\/baubauwall.com\/wp-content\/uploads\/2024\/06\/51200398_TheLuxuriantTropicalGarden-muted_Baubauwall_Wall_Mural_preview.jpg\",\"datePublished\":\"2024-06-06T09:54:08+00:00\",\"dateModified\":\"2024-06-06T10:06:28+00:00\",\"description\":\"Bee\u017e, troopiline pilttapeet k\u00fclluslikus aias t\u00e4is salap\u00e4ra. Lopsakas maksimalistlik disain. Sinu seina suuruses tapeedid.\",\"breadcrumb\":{\"@id\":\"https:\/\/baubauwall.com\/et\/toode\/pilttapeet-lopsakas-troopikaaed-hele\/#breadcrumb\"},\"inLanguage\":\"et\",\"potentialAction\":[{\"@type\":\"ReadAction\",\"target\":[\"https:\/\/baubauwall.com\/et\/toode\/pilttapeet-lopsakas-troopikaaed-hele\/\"]}]},{\"@type\":\"ImageObject\",\"inLanguage\":\"et\",\"@id\":\"https:\/\/baubauwall.com\/et\/toode\/pilttapeet-lopsakas-troopikaaed-hele\/#primaryimage\",\"url\":\"https:\/\/baubauwall.com\/wp-content\/uploads\/2024\/06\/51200398_TheLuxuriantTropicalGarden-muted_Baubauwall_Wall_Mural_preview.jpg\",\"contentUrl\":\"https:\/\/baubauwall.com\/wp-content\/uploads\/2024\/06\/51200398_TheLuxuriantTropicalGarden-muted_Baubauwall_Wall_Mural_preview.jpg\",\"width\":1469,\"height\":800,\"caption\":\"Panoramic Mural Wallpaper - Luxuriant Tropical Garden.\"},{\"@type\":\"BreadcrumbList\",\"@id\":\"https:\/\/baubauwall.com\/et\/toode\/pilttapeet-lopsakas-troopikaaed-hele\/#breadcrumb\",\"itemListElement\":[{\"@type\":\"ListItem\",\"position\":1,\"name\":\"Koju\",\"item\":\"https:\/\/baubauwall.com\/et\/\"},{\"@type\":\"ListItem\",\"position\":2,\"name\":\"Tapeedid\",\"item\":\"https:\/\/baubauwall.com\/et\/tapeedid\/\"},{\"@type\":\"ListItem\",\"position\":3,\"name\":\"Lopsakas troopikaaed &#8211; hele\"}]},{\"@type\":\"WebSite\",\"@id\":\"https:\/\/baubauwall.com\/et\/#website\",\"url\":\"https:\/\/baubauwall.com\/et\/\",\"name\":\"BAUBAUWALL Wallpapers\",\"description\":\"Valmis paanides tapeet Eestist!\",\"publisher\":{\"@id\":\"https:\/\/baubauwall.com\/et\/#organization\"},\"potentialAction\":[{\"@type\":\"SearchAction\",\"target\":{\"@type\":\"EntryPoint\",\"urlTemplate\":\"https:\/\/baubauwall.com\/et\/?s={search_term_string}\"},\"query-input\":{\"@type\":\"PropertyValueSpecification\",\"valueRequired\":true,\"valueName\":\"search_term_string\"}}],\"inLanguage\":\"et\"},{\"@type\":\"Organization\",\"@id\":\"https:\/\/baubauwall.com\/et\/#organization\",\"name\":\"BAUBAUWALL Wallpapers\",\"url\":\"https:\/\/baubauwall.com\/et\/\",\"logo\":{\"@type\":\"ImageObject\",\"inLanguage\":\"et\",\"@id\":\"https:\/\/baubauwall.com\/et\/#\/schema\/logo\/image\/\",\"url\":\"https:\/\/baubauwall.com\/wp-content\/uploads\/2022\/03\/logo-horizontal.svg\",\"contentUrl\":\"https:\/\/baubauwall.com\/wp-content\/uploads\/2022\/03\/logo-horizontal.svg\",\"width\":\"1024\",\"height\":\"1024\",\"caption\":\"BAUBAUWALL Wallpapers\"},\"image\":{\"@id\":\"https:\/\/baubauwall.com\/et\/#\/schema\/logo\/image\/\"},\"sameAs\":[\"https:\/\/www.facebook.com\/Baubauwall\",\"https:\/\/www.instagram.com\/baubauwall\"]}]}<\/script>\n<!-- \/ Yoast SEO plugin. -->","yoast_head_json":{"title":"Lopsakas troopikaaed - hele - luksuslik vintage stiilis pilttapeet","description":"Bee\u017e, troopiline pilttapeet k\u00fclluslikus aias t\u00e4is salap\u00e4ra. Lopsakas maksimalistlik disain. Sinu seina suuruses tapeedid.","robots":{"index":"index","follow":"follow","max-snippet":"max-snippet:-1","max-image-preview":"max-image-preview:large","max-video-preview":"max-video-preview:-1"},"canonical":"https:\/\/baubauwall.com\/et\/toode\/pilttapeet-lopsakas-troopikaaed-hele\/","og_locale":"et_EE","og_type":"article","og_title":"BAUBAUWALL TAPEEDID","og_description":"Lopsakas troopikaaed - hele","og_url":"https:\/\/baubauwall.com\/et\/toode\/pilttapeet-lopsakas-troopikaaed-hele\/","og_site_name":"BAUBAUWALL TAPEEDID","article_publisher":"https:\/\/www.facebook.com\/Baubauwall","article_modified_time":"2024-06-06T10:06:28+00:00","og_image":[{"width":2400,"height":1600,"url":"https:\/\/baubauwall.com\/wp-content\/uploads\/2024\/06\/51200398_TheLuxuriantTropicalGarden-muted_Baubauwall_Wall_Mural_room2.jpg","type":"image\/jpeg"}],"twitter_card":"summary_large_image","twitter_misc":{"Est. reading time":"1 minut"},"schema":{"@context":"https:\/\/schema.org","@graph":[{"@type":"WebPage","@id":"https:\/\/baubauwall.com\/et\/toode\/pilttapeet-lopsakas-troopikaaed-hele\/","url":"https:\/\/baubauwall.com\/et\/toode\/pilttapeet-lopsakas-troopikaaed-hele\/","name":"Lopsakas troopikaaed - hele - luksuslik vintage stiilis pilttapeet","isPartOf":{"@id":"https:\/\/baubauwall.com\/et\/#website"},"primaryImageOfPage":{"@id":"https:\/\/baubauwall.com\/et\/toode\/pilttapeet-lopsakas-troopikaaed-hele\/#primaryimage"},"image":{"@id":"https:\/\/baubauwall.com\/et\/toode\/pilttapeet-lopsakas-troopikaaed-hele\/#primaryimage"},"thumbnailUrl":"https:\/\/baubauwall.com\/wp-content\/uploads\/2024\/06\/51200398_TheLuxuriantTropicalGarden-muted_Baubauwall_Wall_Mural_preview.jpg","datePublished":"2024-06-06T09:54:08+00:00","dateModified":"2024-06-06T10:06:28+00:00","description":"Bee\u017e, troopiline pilttapeet k\u00fclluslikus aias t\u00e4is salap\u00e4ra. Lopsakas maksimalistlik disain. Sinu seina suuruses tapeedid.","breadcrumb":{"@id":"https:\/\/baubauwall.com\/et\/toode\/pilttapeet-lopsakas-troopikaaed-hele\/#breadcrumb"},"inLanguage":"et","potentialAction":[{"@type":"ReadAction","target":["https:\/\/baubauwall.com\/et\/toode\/pilttapeet-lopsakas-troopikaaed-hele\/"]}]},{"@type":"ImageObject","inLanguage":"et","@id":"https:\/\/baubauwall.com\/et\/toode\/pilttapeet-lopsakas-troopikaaed-hele\/#primaryimage","url":"https:\/\/baubauwall.com\/wp-content\/uploads\/2024\/06\/51200398_TheLuxuriantTropicalGarden-muted_Baubauwall_Wall_Mural_preview.jpg","contentUrl":"https:\/\/baubauwall.com\/wp-content\/uploads\/2024\/06\/51200398_TheLuxuriantTropicalGarden-muted_Baubauwall_Wall_Mural_preview.jpg","width":1469,"height":800,"caption":"Panoramic Mural Wallpaper - Luxuriant Tropical Garden."},{"@type":"BreadcrumbList","@id":"https:\/\/baubauwall.com\/et\/toode\/pilttapeet-lopsakas-troopikaaed-hele\/#breadcrumb","itemListElement":[{"@type":"ListItem","position":1,"name":"Koju","item":"https:\/\/baubauwall.com\/et\/"},{"@type":"ListItem","position":2,"name":"Tapeedid","item":"https:\/\/baubauwall.com\/et\/tapeedid\/"},{"@type":"ListItem","position":3,"name":"Lopsakas troopikaaed &#8211; hele"}]},{"@type":"WebSite","@id":"https:\/\/baubauwall.com\/et\/#website","url":"https:\/\/baubauwall.com\/et\/","name":"BAUBAUWALL Wallpapers","description":"Valmis paanides tapeet Eestist!","publisher":{"@id":"https:\/\/baubauwall.com\/et\/#organization"},"potentialAction":[{"@type":"SearchAction","target":{"@type":"EntryPoint","urlTemplate":"https:\/\/baubauwall.com\/et\/?s={search_term_string}"},"query-input":{"@type":"PropertyValueSpecification","valueRequired":true,"valueName":"search_term_string"}}],"inLanguage":"et"},{"@type":"Organization","@id":"https:\/\/baubauwall.com\/et\/#organization","name":"BAUBAUWALL Wallpapers","url":"https:\/\/baubauwall.com\/et\/","logo":{"@type":"ImageObject","inLanguage":"et","@id":"https:\/\/baubauwall.com\/et\/#\/schema\/logo\/image\/","url":"https:\/\/baubauwall.com\/wp-content\/uploads\/2022\/03\/logo-horizontal.svg","contentUrl":"https:\/\/baubauwall.com\/wp-content\/uploads\/2022\/03\/logo-horizontal.svg","width":"1024","height":"1024","caption":"BAUBAUWALL Wallpapers"},"image":{"@id":"https:\/\/baubauwall.com\/et\/#\/schema\/logo\/image\/"},"sameAs":["https:\/\/www.facebook.com\/Baubauwall","https:\/\/www.instagram.com\/baubauwall"]}]}},"jetpack_sharing_enabled":true,"_links":{"self":[{"href":"https:\/\/baubauwall.com\/et\/wp-json\/wp\/v2\/product\/36498","targetHints":{"allow":["GET"]}}],"collection":[{"href":"https:\/\/baubauwall.com\/et\/wp-json\/wp\/v2\/product"}],"about":[{"href":"https:\/\/baubauwall.com\/et\/wp-json\/wp\/v2\/types\/product"}],"replies":[{"embeddable":true,"href":"https:\/\/baubauwall.com\/et\/wp-json\/wp\/v2\/comments?post=36498"}],"wp:featuredmedia":[{"embeddable":true,"href":"https:\/\/baubauwall.com\/et\/wp-json\/wp\/v2\/media\/36506"}],"wp:attachment":[{"href":"https:\/\/baubauwall.com\/et\/wp-json\/wp\/v2\/media?parent=36498"}],"wp:term":[{"taxonomy":"product_brand","embeddable":true,"href":"https:\/\/baubauwall.com\/et\/wp-json\/wp\/v2\/product_brand?post=36498"},{"taxonomy":"product_cat","embeddable":true,"href":"https:\/\/baubauwall.com\/et\/wp-json\/wp\/v2\/product_cat?post=36498"},{"taxonomy":"product_tag","embeddable":true,"href":"https:\/\/baubauwall.com\/et\/wp-json\/wp\/v2\/product_tag?post=36498"}],"curies":[{"name":"wp","href":"https:\/\/api.w.org\/{rel}","templated":true}]}}