{"id":36551,"date":"2024-06-10T11:15:14","date_gmt":"2024-06-10T09:15:14","guid":{"rendered":"https:\/\/baubauwall.com\/product\/wallpaper-kraftskiva-crayfish-party\/"},"modified":"2024-06-10T15:17:06","modified_gmt":"2024-06-10T13:17:06","slug":"tapeet-kraftskiva-vahipidu","status":"publish","type":"product","link":"https:\/\/baubauwall.com\/et\/toode\/tapeet-kraftskiva-vahipidu\/","title":{"rendered":"Kr\u00e4ftskiva &#8211; v\u00e4hipidu"},"content":{"rendered":"<p>Tapeet t\u00e4is pidu! T\u00e4psemalt &#8211; v\u00e4hipidu ehk <em>Kr\u00e4ftskiva<\/em>, mis on just rootslaste \u00fcks armastatumaid suvepidusid augustis. Siis kogunetakse koos pere ja s\u00f5pradega pika laua taha ja nauditakse punaste v\u00e4hkide s\u00f6\u00f6mist, kaaslaseks ikka lonks aqvaviti! Sellel kelmikale tapeedile on p\u00fc\u00fctud kogu pidus\u00f6\u00f6ma toredus, mis saabki Sinu interj\u00f6\u00f6ris kesta aastaringselt. Seda kordusmustriga tapeeti saab kasutada h\u00e4sti ka v\u00e4ikeste pindade (n\u00e4iteks vitriinkapp, sahver!) tapeetimiseks. V\u00e4hkidega tapeet on tore idee k\u00f6\u00f6gi tasapinna seinale v\u00f5i s\u00f6\u00f6gituppa.<\/p>\n<p><strong>Miks osta tapeet siit? Tapeetimine pole kunagi nii lihtne olnud!<\/strong><\/p>\n<ul>\n<li>Nummerdatud tapeedipaanid<\/li>\n<li>Eesti disain<\/li>\n<li>Just nii pikad tapeedipaanid, kui on Sinu sein<\/li>\n<li>Premium, matt fliistapeedi materjal<\/li>\n<li>M\u00fcrgivabad tr\u00fckiv\u00e4rvid, Greenguard sertifitseeritud<\/li>\n<li>Keskkonnas\u00f5bralik, j\u00e4\u00e4tmevaba tapeetimine<\/li>\n<li>Tasuta tapeediliim<\/li>\n<li>Tasuta transport ja kiire tarne 5 t\u00f6\u00f6p\u00e4evaga<\/li>\n<\/ul>\n<p>Loe l\u00e4hemalt nutikatest, eritellimust\u00f6\u00f6na valmivatest tapeetidest\u00a0<a href=\"https:\/\/baubauwall.com\/et\/keskkonnasobralikud-tapeedid\/\">siit.<\/a><\/p>\n<p>&nbsp;<\/p>\n<p>&nbsp;<\/p>\n","protected":false},"excerpt":{"rendered":"<p>Tapeet t\u00e4is pidu! T\u00e4psemalt &#8211; v\u00e4hipidu ehk Kr\u00e4ftskiva, mis on just rootslaste \u00fcks armastatumaid suvepidusid augustis. Siis kogunetakse koos pere ja s\u00f5pradega pika laua taha ja nauditakse punaste v\u00e4hkide s\u00f6\u00f6mist, kaaslaseks ikka lonks aqvaviti! Sellel kelmikale tapeedile on p\u00fc\u00fctud kogu pidus\u00f6\u00f6ma toredus, mis saabki Sinu interj\u00f6\u00f6ris kesta aastaringselt. Seda kordusmustriga tapeeti saab kasutada h\u00e4sti ka [&hellip;]<\/p>\n","protected":false},"featured_media":36534,"comment_status":"open","ping_status":"closed","template":"","meta":{"_acf_changed":false,"inline_featured_image":false},"product_brand":[],"product_cat":[386,622,394,396,388,267,275,413,414,415,416,401,402,699,254,259,561],"product_tag":[584],"class_list":{"0":"post-36551","1":"product","2":"type-product","3":"status-publish","4":"has-post-thumbnail","6":"product_cat-kordusmustriga-tapeedid","7":"product_cat-julged-tapeedid","8":"product_cat-rikkalik","9":"product_cat-skandinaavia","10":"product_cat-vintage-et","11":"product_cat-sinised-tapeedid","12":"product_cat-oranzid-tapeedid","13":"product_cat-magamistoa-tapeedid","14":"product_cat-soogitoa-tapeedid","15":"product_cat-kulalistetoa-tapeedid","16":"product_cat-esiku-tapeedid","17":"product_cat-koogi-tapeedid","18":"product_cat-elutoa-tapeedid","19":"product_cat-eesti-disain-tapeedid","20":"product_cat-loodus","21":"product_cat-kalad-veealune-maailm","22":"product_cat-suvised-tapeedid","23":"product_tag-boho-et","24":"pa_designedby-triinu-silla","26":"first","27":"instock","28":"taxable","29":"shipping-taxable","30":"purchasable","31":"product-type-simple"},"acf":[],"yoast_head":"<!-- This site is optimized with the Yoast SEO plugin v25.9 - https:\/\/yoast.com\/wordpress\/plugins\/seo\/ -->\n<title>Tapeet Kr\u00e4ftskiva - v\u00e4hipidu - tapeedimuster t\u00e4is karakterit<\/title>\n<meta name=\"description\" content=\"Astuge lauda! Kordusmustriga tapeet, mis kutsub lauda ja paneb naeratama. V\u00e4hipidu on P\u00f5hjamaine traditsioon, mis n\u00fc\u00fcd on ka tapeedi disainile p\u00fc\u00fctud.\" \/>\n<meta name=\"robots\" content=\"index, follow, max-snippet:-1, max-image-preview:large, max-video-preview:-1\" \/>\n<link rel=\"canonical\" href=\"https:\/\/baubauwall.com\/et\/toode\/tapeet-kraftskiva-vahipidu\/\" \/>\n<meta property=\"og:locale\" content=\"et_EE\" \/>\n<meta property=\"og:type\" content=\"article\" \/>\n<meta property=\"og:title\" content=\"Kr\u00e4ftskiva - v\u00e4hipidu\" \/>\n<meta property=\"og:description\" content=\"BAUBAUWALL TAPEEDID\" \/>\n<meta property=\"og:url\" content=\"https:\/\/baubauwall.com\/et\/toode\/tapeet-kraftskiva-vahipidu\/\" \/>\n<meta property=\"og:site_name\" content=\"BAUBAUWALL TAPEEDID\" \/>\n<meta property=\"article:publisher\" content=\"https:\/\/www.facebook.com\/Baubauwall\" \/>\n<meta property=\"article:modified_time\" content=\"2024-06-10T13:17:06+00:00\" \/>\n<meta property=\"og:image\" content=\"https:\/\/i0.wp.com\/baubauwall.com\/wp-content\/uploads\/2024\/06\/51100419_Kraftskiva_Baubauwall_Wallpaper_room1.jpg?fit=2400%2C1600&ssl=1\" \/>\n\t<meta property=\"og:image:width\" content=\"2400\" \/>\n\t<meta property=\"og:image:height\" content=\"1600\" \/>\n\t<meta property=\"og:image:type\" content=\"image\/jpeg\" \/>\n<meta name=\"twitter:card\" content=\"summary_large_image\" \/>\n<meta name=\"twitter:label1\" content=\"Est. reading time\" \/>\n\t<meta name=\"twitter:data1\" content=\"1 minut\" \/>\n<script type=\"application\/ld+json\" class=\"yoast-schema-graph\">{\"@context\":\"https:\/\/schema.org\",\"@graph\":[{\"@type\":\"WebPage\",\"@id\":\"https:\/\/baubauwall.com\/et\/toode\/tapeet-kraftskiva-vahipidu\/\",\"url\":\"https:\/\/baubauwall.com\/et\/toode\/tapeet-kraftskiva-vahipidu\/\",\"name\":\"Tapeet Kr\u00e4ftskiva - v\u00e4hipidu - tapeedimuster t\u00e4is karakterit\",\"isPartOf\":{\"@id\":\"https:\/\/baubauwall.com\/et\/#website\"},\"primaryImageOfPage\":{\"@id\":\"https:\/\/baubauwall.com\/et\/toode\/tapeet-kraftskiva-vahipidu\/#primaryimage\"},\"image\":{\"@id\":\"https:\/\/baubauwall.com\/et\/toode\/tapeet-kraftskiva-vahipidu\/#primaryimage\"},\"thumbnailUrl\":\"https:\/\/baubauwall.com\/wp-content\/uploads\/2022\/11\/51100419_Kraftskiva_Baubauwall_Wallpaper_room3.jpg\",\"datePublished\":\"2024-06-10T09:15:14+00:00\",\"dateModified\":\"2024-06-10T13:17:06+00:00\",\"description\":\"Astuge lauda! Kordusmustriga tapeet, mis kutsub lauda ja paneb naeratama. V\u00e4hipidu on P\u00f5hjamaine traditsioon, mis n\u00fc\u00fcd on ka tapeedi disainile p\u00fc\u00fctud.\",\"breadcrumb\":{\"@id\":\"https:\/\/baubauwall.com\/et\/toode\/tapeet-kraftskiva-vahipidu\/#breadcrumb\"},\"inLanguage\":\"et\",\"potentialAction\":[{\"@type\":\"ReadAction\",\"target\":[\"https:\/\/baubauwall.com\/et\/toode\/tapeet-kraftskiva-vahipidu\/\"]}]},{\"@type\":\"ImageObject\",\"inLanguage\":\"et\",\"@id\":\"https:\/\/baubauwall.com\/et\/toode\/tapeet-kraftskiva-vahipidu\/#primaryimage\",\"url\":\"https:\/\/baubauwall.com\/wp-content\/uploads\/2022\/11\/51100419_Kraftskiva_Baubauwall_Wallpaper_room3.jpg\",\"contentUrl\":\"https:\/\/baubauwall.com\/wp-content\/uploads\/2022\/11\/51100419_Kraftskiva_Baubauwall_Wallpaper_room3.jpg\",\"width\":2400,\"height\":1600,\"caption\":\"Repeating pattern wallpaper filled with crayfish. Wall covering full of character\"},{\"@type\":\"BreadcrumbList\",\"@id\":\"https:\/\/baubauwall.com\/et\/toode\/tapeet-kraftskiva-vahipidu\/#breadcrumb\",\"itemListElement\":[{\"@type\":\"ListItem\",\"position\":1,\"name\":\"Koju\",\"item\":\"https:\/\/baubauwall.com\/et\/\"},{\"@type\":\"ListItem\",\"position\":2,\"name\":\"Tapeedid\",\"item\":\"https:\/\/baubauwall.com\/et\/tapeedid\/\"},{\"@type\":\"ListItem\",\"position\":3,\"name\":\"Kr\u00e4ftskiva &#8211; v\u00e4hipidu\"}]},{\"@type\":\"WebSite\",\"@id\":\"https:\/\/baubauwall.com\/et\/#website\",\"url\":\"https:\/\/baubauwall.com\/et\/\",\"name\":\"BAUBAUWALL Wallpapers\",\"description\":\"Valmis paanides tapeet Eestist!\",\"publisher\":{\"@id\":\"https:\/\/baubauwall.com\/et\/#organization\"},\"potentialAction\":[{\"@type\":\"SearchAction\",\"target\":{\"@type\":\"EntryPoint\",\"urlTemplate\":\"https:\/\/baubauwall.com\/et\/?s={search_term_string}\"},\"query-input\":{\"@type\":\"PropertyValueSpecification\",\"valueRequired\":true,\"valueName\":\"search_term_string\"}}],\"inLanguage\":\"et\"},{\"@type\":\"Organization\",\"@id\":\"https:\/\/baubauwall.com\/et\/#organization\",\"name\":\"BAUBAUWALL Wallpapers\",\"url\":\"https:\/\/baubauwall.com\/et\/\",\"logo\":{\"@type\":\"ImageObject\",\"inLanguage\":\"et\",\"@id\":\"https:\/\/baubauwall.com\/et\/#\/schema\/logo\/image\/\",\"url\":\"https:\/\/baubauwall.com\/wp-content\/uploads\/2022\/03\/logo-horizontal.svg\",\"contentUrl\":\"https:\/\/baubauwall.com\/wp-content\/uploads\/2022\/03\/logo-horizontal.svg\",\"width\":\"1024\",\"height\":\"1024\",\"caption\":\"BAUBAUWALL Wallpapers\"},\"image\":{\"@id\":\"https:\/\/baubauwall.com\/et\/#\/schema\/logo\/image\/\"},\"sameAs\":[\"https:\/\/www.facebook.com\/Baubauwall\",\"https:\/\/www.instagram.com\/baubauwall\"]}]}<\/script>\n<!-- \/ Yoast SEO plugin. -->","yoast_head_json":{"title":"Tapeet Kr\u00e4ftskiva - v\u00e4hipidu - tapeedimuster t\u00e4is karakterit","description":"Astuge lauda! Kordusmustriga tapeet, mis kutsub lauda ja paneb naeratama. V\u00e4hipidu on P\u00f5hjamaine traditsioon, mis n\u00fc\u00fcd on ka tapeedi disainile p\u00fc\u00fctud.","robots":{"index":"index","follow":"follow","max-snippet":"max-snippet:-1","max-image-preview":"max-image-preview:large","max-video-preview":"max-video-preview:-1"},"canonical":"https:\/\/baubauwall.com\/et\/toode\/tapeet-kraftskiva-vahipidu\/","og_locale":"et_EE","og_type":"article","og_title":"Kr\u00e4ftskiva - v\u00e4hipidu","og_description":"BAUBAUWALL TAPEEDID","og_url":"https:\/\/baubauwall.com\/et\/toode\/tapeet-kraftskiva-vahipidu\/","og_site_name":"BAUBAUWALL TAPEEDID","article_publisher":"https:\/\/www.facebook.com\/Baubauwall","article_modified_time":"2024-06-10T13:17:06+00:00","og_image":[{"width":2400,"height":1600,"url":"https:\/\/i0.wp.com\/baubauwall.com\/wp-content\/uploads\/2024\/06\/51100419_Kraftskiva_Baubauwall_Wallpaper_room1.jpg?fit=2400%2C1600&ssl=1","type":"image\/jpeg"}],"twitter_card":"summary_large_image","twitter_misc":{"Est. reading time":"1 minut"},"schema":{"@context":"https:\/\/schema.org","@graph":[{"@type":"WebPage","@id":"https:\/\/baubauwall.com\/et\/toode\/tapeet-kraftskiva-vahipidu\/","url":"https:\/\/baubauwall.com\/et\/toode\/tapeet-kraftskiva-vahipidu\/","name":"Tapeet Kr\u00e4ftskiva - v\u00e4hipidu - tapeedimuster t\u00e4is karakterit","isPartOf":{"@id":"https:\/\/baubauwall.com\/et\/#website"},"primaryImageOfPage":{"@id":"https:\/\/baubauwall.com\/et\/toode\/tapeet-kraftskiva-vahipidu\/#primaryimage"},"image":{"@id":"https:\/\/baubauwall.com\/et\/toode\/tapeet-kraftskiva-vahipidu\/#primaryimage"},"thumbnailUrl":"https:\/\/baubauwall.com\/wp-content\/uploads\/2022\/11\/51100419_Kraftskiva_Baubauwall_Wallpaper_room3.jpg","datePublished":"2024-06-10T09:15:14+00:00","dateModified":"2024-06-10T13:17:06+00:00","description":"Astuge lauda! Kordusmustriga tapeet, mis kutsub lauda ja paneb naeratama. V\u00e4hipidu on P\u00f5hjamaine traditsioon, mis n\u00fc\u00fcd on ka tapeedi disainile p\u00fc\u00fctud.","breadcrumb":{"@id":"https:\/\/baubauwall.com\/et\/toode\/tapeet-kraftskiva-vahipidu\/#breadcrumb"},"inLanguage":"et","potentialAction":[{"@type":"ReadAction","target":["https:\/\/baubauwall.com\/et\/toode\/tapeet-kraftskiva-vahipidu\/"]}]},{"@type":"ImageObject","inLanguage":"et","@id":"https:\/\/baubauwall.com\/et\/toode\/tapeet-kraftskiva-vahipidu\/#primaryimage","url":"https:\/\/baubauwall.com\/wp-content\/uploads\/2022\/11\/51100419_Kraftskiva_Baubauwall_Wallpaper_room3.jpg","contentUrl":"https:\/\/baubauwall.com\/wp-content\/uploads\/2022\/11\/51100419_Kraftskiva_Baubauwall_Wallpaper_room3.jpg","width":2400,"height":1600,"caption":"Repeating pattern wallpaper filled with crayfish. Wall covering full of character"},{"@type":"BreadcrumbList","@id":"https:\/\/baubauwall.com\/et\/toode\/tapeet-kraftskiva-vahipidu\/#breadcrumb","itemListElement":[{"@type":"ListItem","position":1,"name":"Koju","item":"https:\/\/baubauwall.com\/et\/"},{"@type":"ListItem","position":2,"name":"Tapeedid","item":"https:\/\/baubauwall.com\/et\/tapeedid\/"},{"@type":"ListItem","position":3,"name":"Kr\u00e4ftskiva &#8211; v\u00e4hipidu"}]},{"@type":"WebSite","@id":"https:\/\/baubauwall.com\/et\/#website","url":"https:\/\/baubauwall.com\/et\/","name":"BAUBAUWALL Wallpapers","description":"Valmis paanides tapeet Eestist!","publisher":{"@id":"https:\/\/baubauwall.com\/et\/#organization"},"potentialAction":[{"@type":"SearchAction","target":{"@type":"EntryPoint","urlTemplate":"https:\/\/baubauwall.com\/et\/?s={search_term_string}"},"query-input":{"@type":"PropertyValueSpecification","valueRequired":true,"valueName":"search_term_string"}}],"inLanguage":"et"},{"@type":"Organization","@id":"https:\/\/baubauwall.com\/et\/#organization","name":"BAUBAUWALL Wallpapers","url":"https:\/\/baubauwall.com\/et\/","logo":{"@type":"ImageObject","inLanguage":"et","@id":"https:\/\/baubauwall.com\/et\/#\/schema\/logo\/image\/","url":"https:\/\/baubauwall.com\/wp-content\/uploads\/2022\/03\/logo-horizontal.svg","contentUrl":"https:\/\/baubauwall.com\/wp-content\/uploads\/2022\/03\/logo-horizontal.svg","width":"1024","height":"1024","caption":"BAUBAUWALL Wallpapers"},"image":{"@id":"https:\/\/baubauwall.com\/et\/#\/schema\/logo\/image\/"},"sameAs":["https:\/\/www.facebook.com\/Baubauwall","https:\/\/www.instagram.com\/baubauwall"]}]}},"jetpack_sharing_enabled":true,"_links":{"self":[{"href":"https:\/\/baubauwall.com\/et\/wp-json\/wp\/v2\/product\/36551","targetHints":{"allow":["GET"]}}],"collection":[{"href":"https:\/\/baubauwall.com\/et\/wp-json\/wp\/v2\/product"}],"about":[{"href":"https:\/\/baubauwall.com\/et\/wp-json\/wp\/v2\/types\/product"}],"replies":[{"embeddable":true,"href":"https:\/\/baubauwall.com\/et\/wp-json\/wp\/v2\/comments?post=36551"}],"wp:featuredmedia":[{"embeddable":true,"href":"https:\/\/baubauwall.com\/et\/wp-json\/wp\/v2\/media\/36534"}],"wp:attachment":[{"href":"https:\/\/baubauwall.com\/et\/wp-json\/wp\/v2\/media?parent=36551"}],"wp:term":[{"taxonomy":"product_brand","embeddable":true,"href":"https:\/\/baubauwall.com\/et\/wp-json\/wp\/v2\/product_brand?post=36551"},{"taxonomy":"product_cat","embeddable":true,"href":"https:\/\/baubauwall.com\/et\/wp-json\/wp\/v2\/product_cat?post=36551"},{"taxonomy":"product_tag","embeddable":true,"href":"https:\/\/baubauwall.com\/et\/wp-json\/wp\/v2\/product_tag?post=36551"}],"curies":[{"name":"wp","href":"https:\/\/api.w.org\/{rel}","templated":true}]}}