{"id":36575,"date":"2024-06-10T15:46:14","date_gmt":"2024-06-10T13:46:14","guid":{"rendered":"https:\/\/baubauwall.com\/?post_type=product&#038;p=36575"},"modified":"2025-12-15T10:59:32","modified_gmt":"2025-12-15T08:59:32","slug":"tapeet-kujundujujad-helesinine","status":"publish","type":"product","link":"https:\/\/baubauwall.com\/et\/toode\/tapeet-kujundujujad-helesinine\/","title":{"rendered":"Kujundujujad &#8211; helesinine"},"content":{"rendered":"<div class=\"flex flex-grow flex-col max-w-full\">\n<div class=\"min-h-[20px] text-message flex flex-col items-start whitespace-pre-wrap break-words [.text-message+&amp;]:mt-5 juice:w-full juice:items-end overflow-x-auto gap-2\" dir=\"auto\" data-message-author-role=\"assistant\" data-message-id=\"6ec6d153-93fa-4207-88d9-ce62cc21e7a7\">\n<div class=\"flex w-full flex-col gap-1 juice:empty:hidden juice:first:pt-[3px]\">\n<div class=\"markdown prose w-full break-words dark:prose-invert light\">\n<p>Kordusmustriga tapeet kelmikate ujujatega. Ilus tapeet, mis m\u00f5jub h\u00e4sti nii merelises interj\u00f6\u00f6ris suuremal seinal kui ka v\u00e4ikses ni\u0161is, olgu selleks Sinu garderoob v\u00f5i hoopis baarikapp! <em>Vintage\u00a0<\/em>stiilis illustreeritud ujujad tunnevad end \u00fchtviisi h\u00e4sti, mida v\u00f5ib ka \u00f6elda nende seltsis olevate mere-elukate kohta! See on tapeet, mis toob naeratuse n\u00e4ole ja paneb unistama. Merest, veealusest maailmast ning seiklustest. Piilu meie <a href=\"https:\/\/baubauwall.com\/et\/ideed\/let-the-homes-do-the-talking\/\">tehtud t\u00f6\u00f6de galeriisse<\/a> ja vaata, kui h\u00e4sti see ujujatega tapeet m\u00f5jub nii <a href=\"https:\/\/www.instagram.com\/koplikaak\/\">magamistoas<\/a> kui vannitoas.<\/p>\n<\/div>\n<p><strong>Miks osta tapeet siit? Tapeetimine pole kunagi nii lihtne olnud!<\/strong><\/p>\n<ul>\n<li>Eesti disain, Eesti ettev\u00f5te<\/li>\n<li>Nummerdatud tapeedipaanid<\/li>\n<li>Just nii pikad tapeedipaanid, kui on Sinu sein<\/li>\n<li>Premium, matt fliistapeedi materjal<\/li>\n<li>M\u00fcrgivabad tr\u00fckiv\u00e4rvid, Greenguard sertifitseeritud<\/li>\n<li>Keskkonnas\u00f5bralik, j\u00e4\u00e4tmevaba tapeetimine<\/li>\n<li>Tasuta tapeediliim<\/li>\n<li>Tasuta transport ja kiire tarne 5 t\u00f6\u00f6p\u00e4evaga<\/li>\n<\/ul>\n<p>Loe l\u00e4hemalt nutikatest, eritellimust\u00f6\u00f6na valmivatest tapeetidest\u00a0<a href=\"https:\/\/baubauwall.com\/et\/keskkonnasobralikud-tapeedid\/\">siit.<\/a><\/p>\n<\/div>\n<\/div>\n<\/div>\n","protected":false},"excerpt":{"rendered":"<p>Kordusmustriga tapeet kelmikate ujujatega. Ilus tapeet, mis m\u00f5jub h\u00e4sti nii merelises interj\u00f6\u00f6ris suuremal seinal kui ka v\u00e4ikses ni\u0161is, olgu selleks Sinu garderoob v\u00f5i hoopis baarikapp! Vintage\u00a0stiilis illustreeritud ujujad tunnevad end \u00fchtviisi h\u00e4sti, mida v\u00f5ib ka \u00f6elda nende seltsis olevate mere-elukate kohta! See on tapeet, mis toob naeratuse n\u00e4ole ja paneb unistama. Merest, veealusest maailmast ning [&hellip;]<\/p>\n","protected":false},"featured_media":42912,"comment_status":"open","ping_status":"closed","template":"","meta":{"_acf_changed":false,"inline_featured_image":false},"product_brand":[],"product_cat":[386,406,405,391,388,267,273,410,413,415,416,399,401,412,699,252,259],"product_tag":[832],"class_list":{"0":"post-36575","1":"product","2":"type-product","3":"status-publish","4":"has-post-thumbnail","6":"product_cat-kordusmustriga-tapeedid","7":"product_cat-klassika","8":"product_cat-art-deco","9":"product_cat-vahemereline","10":"product_cat-vintage-et","11":"product_cat-sinised-tapeedid","12":"product_cat-heledad-tapeedid","13":"product_cat-valge-tapeedid","14":"product_cat-magamistoa-tapeedid","15":"product_cat-kulalistetoa-tapeedid","16":"product_cat-esiku-tapeedid","17":"product_cat-kodukontori-tapeedid","18":"product_cat-koogi-tapeedid","19":"product_cat-vannitoa-tapeedid","20":"product_cat-eesti-disain-tapeedid","21":"product_cat-ookean-meri","22":"product_cat-kalad-veealune-maailm","23":"product_tag-kordusmustriga-tapeedid","25":"first","26":"instock","27":"taxable","28":"shipping-taxable","29":"purchasable","30":"product-type-simple"},"acf":[],"yoast_head":"<!-- This site is optimized with the Yoast SEO plugin v25.9 - https:\/\/yoast.com\/wordpress\/plugins\/seo\/ -->\n<title>Ujujatega tapeet Kujundujujad - helesinine - kelmikas disain<\/title>\n<meta name=\"description\" content=\"Ujujatega tapeet t\u00e4is kelmikat ilu ja stiili. Kujundujujad vintage stiilis heledal tapeedil heljuvad koos mereolenditega. Sinu seina m\u00f5\u00f5dus tapeedid.\" \/>\n<meta name=\"robots\" content=\"index, follow, max-snippet:-1, max-image-preview:large, max-video-preview:-1\" \/>\n<link rel=\"canonical\" href=\"https:\/\/baubauwall.com\/et\/toode\/tapeet-kujundujujad-helesinine\/\" \/>\n<meta property=\"og:locale\" content=\"et_EE\" \/>\n<meta property=\"og:type\" content=\"article\" \/>\n<meta property=\"og:title\" content=\"BAUBAUWALL Wallpapers\" \/>\n<meta property=\"og:description\" content=\"Kujundujujad - helesinine\" \/>\n<meta property=\"og:url\" content=\"https:\/\/baubauwall.com\/et\/toode\/tapeet-kujundujujad-helesinine\/\" \/>\n<meta property=\"og:site_name\" content=\"BAUBAUWALL Wallpapers\" \/>\n<meta property=\"article:publisher\" content=\"https:\/\/www.facebook.com\/Baubauwall\" \/>\n<meta property=\"article:modified_time\" content=\"2025-12-15T08:59:32+00:00\" \/>\n<meta property=\"og:image\" content=\"https:\/\/baubauwall.com\/wp-content\/uploads\/2024\/06\/51100421_repeating-pattern-wallpaper_AquaDancers-_lightgrey_room-2.jpg\" \/>\n\t<meta property=\"og:image:width\" content=\"2350\" \/>\n\t<meta property=\"og:image:height\" content=\"1600\" \/>\n\t<meta property=\"og:image:type\" content=\"image\/jpeg\" \/>\n<meta name=\"twitter:card\" content=\"summary_large_image\" \/>\n<meta name=\"twitter:label1\" content=\"Est. reading time\" \/>\n\t<meta name=\"twitter:data1\" content=\"1 minut\" \/>\n<script type=\"application\/ld+json\" class=\"yoast-schema-graph\">{\"@context\":\"https:\/\/schema.org\",\"@graph\":[{\"@type\":\"WebPage\",\"@id\":\"https:\/\/baubauwall.com\/et\/toode\/tapeet-kujundujujad-helesinine\/\",\"url\":\"https:\/\/baubauwall.com\/et\/toode\/tapeet-kujundujujad-helesinine\/\",\"name\":\"Ujujatega tapeet Kujundujujad - helesinine - kelmikas disain\",\"isPartOf\":{\"@id\":\"https:\/\/baubauwall.com\/et\/#website\"},\"primaryImageOfPage\":{\"@id\":\"https:\/\/baubauwall.com\/et\/toode\/tapeet-kujundujujad-helesinine\/#primaryimage\"},\"image\":{\"@id\":\"https:\/\/baubauwall.com\/et\/toode\/tapeet-kujundujujad-helesinine\/#primaryimage\"},\"thumbnailUrl\":\"https:\/\/baubauwall.com\/wp-content\/uploads\/2024\/06\/51100421_repeating-pattern-wallpaper_AquaDancers-_lightgrey_room6.jpg\",\"datePublished\":\"2024-06-10T13:46:14+00:00\",\"dateModified\":\"2025-12-15T08:59:32+00:00\",\"description\":\"Ujujatega tapeet t\u00e4is kelmikat ilu ja stiili. Kujundujujad vintage stiilis heledal tapeedil heljuvad koos mereolenditega. Sinu seina m\u00f5\u00f5dus tapeedid.\",\"breadcrumb\":{\"@id\":\"https:\/\/baubauwall.com\/et\/toode\/tapeet-kujundujujad-helesinine\/#breadcrumb\"},\"inLanguage\":\"et\",\"potentialAction\":[{\"@type\":\"ReadAction\",\"target\":[\"https:\/\/baubauwall.com\/et\/toode\/tapeet-kujundujujad-helesinine\/\"]}]},{\"@type\":\"ImageObject\",\"inLanguage\":\"et\",\"@id\":\"https:\/\/baubauwall.com\/et\/toode\/tapeet-kujundujujad-helesinine\/#primaryimage\",\"url\":\"https:\/\/baubauwall.com\/wp-content\/uploads\/2024\/06\/51100421_repeating-pattern-wallpaper_AquaDancers-_lightgrey_room6.jpg\",\"contentUrl\":\"https:\/\/baubauwall.com\/wp-content\/uploads\/2024\/06\/51100421_repeating-pattern-wallpaper_AquaDancers-_lightgrey_room6.jpg\",\"width\":2400,\"height\":1600,\"caption\":\"Vintage wallpaper with swimmers illustration by Baubauwall. Wallpaper installed on a shelf backdrop\"},{\"@type\":\"BreadcrumbList\",\"@id\":\"https:\/\/baubauwall.com\/et\/toode\/tapeet-kujundujujad-helesinine\/#breadcrumb\",\"itemListElement\":[{\"@type\":\"ListItem\",\"position\":1,\"name\":\"Koju\",\"item\":\"https:\/\/baubauwall.com\/et\/\"},{\"@type\":\"ListItem\",\"position\":2,\"name\":\"Tapeedid\",\"item\":\"https:\/\/baubauwall.com\/et\/tapeedid\/\"},{\"@type\":\"ListItem\",\"position\":3,\"name\":\"Kujundujujad &#8211; helesinine\"}]},{\"@type\":\"WebSite\",\"@id\":\"https:\/\/baubauwall.com\/et\/#website\",\"url\":\"https:\/\/baubauwall.com\/et\/\",\"name\":\"BAUBAUWALL Wallpapers\",\"description\":\"Valmis paanides tapeet Eestist!\",\"publisher\":{\"@id\":\"https:\/\/baubauwall.com\/et\/#organization\"},\"potentialAction\":[{\"@type\":\"SearchAction\",\"target\":{\"@type\":\"EntryPoint\",\"urlTemplate\":\"https:\/\/baubauwall.com\/et\/?s={search_term_string}\"},\"query-input\":{\"@type\":\"PropertyValueSpecification\",\"valueRequired\":true,\"valueName\":\"search_term_string\"}}],\"inLanguage\":\"et\"},{\"@type\":\"Organization\",\"@id\":\"https:\/\/baubauwall.com\/et\/#organization\",\"name\":\"BAUBAUWALL Wallpapers\",\"url\":\"https:\/\/baubauwall.com\/et\/\",\"logo\":{\"@type\":\"ImageObject\",\"inLanguage\":\"et\",\"@id\":\"https:\/\/baubauwall.com\/et\/#\/schema\/logo\/image\/\",\"url\":\"https:\/\/baubauwall.com\/wp-content\/uploads\/2022\/03\/logo-horizontal.svg\",\"contentUrl\":\"https:\/\/baubauwall.com\/wp-content\/uploads\/2022\/03\/logo-horizontal.svg\",\"width\":\"1024\",\"height\":\"1024\",\"caption\":\"BAUBAUWALL Wallpapers\"},\"image\":{\"@id\":\"https:\/\/baubauwall.com\/et\/#\/schema\/logo\/image\/\"},\"sameAs\":[\"https:\/\/www.facebook.com\/Baubauwall\",\"https:\/\/www.instagram.com\/baubauwall\"]}]}<\/script>\n<!-- \/ Yoast SEO plugin. -->","yoast_head_json":{"title":"Ujujatega tapeet Kujundujujad - helesinine - kelmikas disain","description":"Ujujatega tapeet t\u00e4is kelmikat ilu ja stiili. Kujundujujad vintage stiilis heledal tapeedil heljuvad koos mereolenditega. Sinu seina m\u00f5\u00f5dus tapeedid.","robots":{"index":"index","follow":"follow","max-snippet":"max-snippet:-1","max-image-preview":"max-image-preview:large","max-video-preview":"max-video-preview:-1"},"canonical":"https:\/\/baubauwall.com\/et\/toode\/tapeet-kujundujujad-helesinine\/","og_locale":"et_EE","og_type":"article","og_title":"BAUBAUWALL Wallpapers","og_description":"Kujundujujad - helesinine","og_url":"https:\/\/baubauwall.com\/et\/toode\/tapeet-kujundujujad-helesinine\/","og_site_name":"BAUBAUWALL Wallpapers","article_publisher":"https:\/\/www.facebook.com\/Baubauwall","article_modified_time":"2025-12-15T08:59:32+00:00","og_image":[{"width":2350,"height":1600,"url":"https:\/\/baubauwall.com\/wp-content\/uploads\/2024\/06\/51100421_repeating-pattern-wallpaper_AquaDancers-_lightgrey_room-2.jpg","type":"image\/jpeg"}],"twitter_card":"summary_large_image","twitter_misc":{"Est. reading time":"1 minut"},"schema":{"@context":"https:\/\/schema.org","@graph":[{"@type":"WebPage","@id":"https:\/\/baubauwall.com\/et\/toode\/tapeet-kujundujujad-helesinine\/","url":"https:\/\/baubauwall.com\/et\/toode\/tapeet-kujundujujad-helesinine\/","name":"Ujujatega tapeet Kujundujujad - helesinine - kelmikas disain","isPartOf":{"@id":"https:\/\/baubauwall.com\/et\/#website"},"primaryImageOfPage":{"@id":"https:\/\/baubauwall.com\/et\/toode\/tapeet-kujundujujad-helesinine\/#primaryimage"},"image":{"@id":"https:\/\/baubauwall.com\/et\/toode\/tapeet-kujundujujad-helesinine\/#primaryimage"},"thumbnailUrl":"https:\/\/baubauwall.com\/wp-content\/uploads\/2024\/06\/51100421_repeating-pattern-wallpaper_AquaDancers-_lightgrey_room6.jpg","datePublished":"2024-06-10T13:46:14+00:00","dateModified":"2025-12-15T08:59:32+00:00","description":"Ujujatega tapeet t\u00e4is kelmikat ilu ja stiili. Kujundujujad vintage stiilis heledal tapeedil heljuvad koos mereolenditega. Sinu seina m\u00f5\u00f5dus tapeedid.","breadcrumb":{"@id":"https:\/\/baubauwall.com\/et\/toode\/tapeet-kujundujujad-helesinine\/#breadcrumb"},"inLanguage":"et","potentialAction":[{"@type":"ReadAction","target":["https:\/\/baubauwall.com\/et\/toode\/tapeet-kujundujujad-helesinine\/"]}]},{"@type":"ImageObject","inLanguage":"et","@id":"https:\/\/baubauwall.com\/et\/toode\/tapeet-kujundujujad-helesinine\/#primaryimage","url":"https:\/\/baubauwall.com\/wp-content\/uploads\/2024\/06\/51100421_repeating-pattern-wallpaper_AquaDancers-_lightgrey_room6.jpg","contentUrl":"https:\/\/baubauwall.com\/wp-content\/uploads\/2024\/06\/51100421_repeating-pattern-wallpaper_AquaDancers-_lightgrey_room6.jpg","width":2400,"height":1600,"caption":"Vintage wallpaper with swimmers illustration by Baubauwall. Wallpaper installed on a shelf backdrop"},{"@type":"BreadcrumbList","@id":"https:\/\/baubauwall.com\/et\/toode\/tapeet-kujundujujad-helesinine\/#breadcrumb","itemListElement":[{"@type":"ListItem","position":1,"name":"Koju","item":"https:\/\/baubauwall.com\/et\/"},{"@type":"ListItem","position":2,"name":"Tapeedid","item":"https:\/\/baubauwall.com\/et\/tapeedid\/"},{"@type":"ListItem","position":3,"name":"Kujundujujad &#8211; helesinine"}]},{"@type":"WebSite","@id":"https:\/\/baubauwall.com\/et\/#website","url":"https:\/\/baubauwall.com\/et\/","name":"BAUBAUWALL Wallpapers","description":"Valmis paanides tapeet Eestist!","publisher":{"@id":"https:\/\/baubauwall.com\/et\/#organization"},"potentialAction":[{"@type":"SearchAction","target":{"@type":"EntryPoint","urlTemplate":"https:\/\/baubauwall.com\/et\/?s={search_term_string}"},"query-input":{"@type":"PropertyValueSpecification","valueRequired":true,"valueName":"search_term_string"}}],"inLanguage":"et"},{"@type":"Organization","@id":"https:\/\/baubauwall.com\/et\/#organization","name":"BAUBAUWALL Wallpapers","url":"https:\/\/baubauwall.com\/et\/","logo":{"@type":"ImageObject","inLanguage":"et","@id":"https:\/\/baubauwall.com\/et\/#\/schema\/logo\/image\/","url":"https:\/\/baubauwall.com\/wp-content\/uploads\/2022\/03\/logo-horizontal.svg","contentUrl":"https:\/\/baubauwall.com\/wp-content\/uploads\/2022\/03\/logo-horizontal.svg","width":"1024","height":"1024","caption":"BAUBAUWALL Wallpapers"},"image":{"@id":"https:\/\/baubauwall.com\/et\/#\/schema\/logo\/image\/"},"sameAs":["https:\/\/www.facebook.com\/Baubauwall","https:\/\/www.instagram.com\/baubauwall"]}]}},"jetpack_sharing_enabled":true,"_links":{"self":[{"href":"https:\/\/baubauwall.com\/et\/wp-json\/wp\/v2\/product\/36575","targetHints":{"allow":["GET"]}}],"collection":[{"href":"https:\/\/baubauwall.com\/et\/wp-json\/wp\/v2\/product"}],"about":[{"href":"https:\/\/baubauwall.com\/et\/wp-json\/wp\/v2\/types\/product"}],"replies":[{"embeddable":true,"href":"https:\/\/baubauwall.com\/et\/wp-json\/wp\/v2\/comments?post=36575"}],"wp:featuredmedia":[{"embeddable":true,"href":"https:\/\/baubauwall.com\/et\/wp-json\/wp\/v2\/media\/42912"}],"wp:attachment":[{"href":"https:\/\/baubauwall.com\/et\/wp-json\/wp\/v2\/media?parent=36575"}],"wp:term":[{"taxonomy":"product_brand","embeddable":true,"href":"https:\/\/baubauwall.com\/et\/wp-json\/wp\/v2\/product_brand?post=36575"},{"taxonomy":"product_cat","embeddable":true,"href":"https:\/\/baubauwall.com\/et\/wp-json\/wp\/v2\/product_cat?post=36575"},{"taxonomy":"product_tag","embeddable":true,"href":"https:\/\/baubauwall.com\/et\/wp-json\/wp\/v2\/product_tag?post=36575"}],"curies":[{"name":"wp","href":"https:\/\/api.w.org\/{rel}","templated":true}]}}