{"id":36647,"date":"2024-06-25T15:11:44","date_gmt":"2024-06-25T13:11:44","guid":{"rendered":"https:\/\/baubauwall.com\/?post_type=product&#038;p=36647"},"modified":"2025-02-26T10:31:37","modified_gmt":"2025-02-26T08:31:37","slug":"pilttapeet-koolibrilindude-humn","status":"publish","type":"product","link":"https:\/\/baubauwall.com\/et\/toode\/pilttapeet-koolibrilindude-humn\/","title":{"rendered":"Koolibride h\u00fcmn"},"content":{"rendered":"<p>Koolibrid on erakordselt v\u00e4ikesed linnud, ent kiired. Ning suudavad lennata tagurpidi! Sel efektsel pilttapeedil tabadki neid siin ja seal. Eriti meeldivat koolibritele kellukesekujulised rippuvad mimoosid, mille \u00f5itelt ammutada&#8230;inspiratsiooni uuteks lugudeks! Just nagu ilusad tapeedid &#8211; nad r\u00e4\u00e4givad lugusid. Pilttapeedi disain p\u00f5hineb 19. sajandi botaanikaraamatu ofordil, autoriks Robert John Thornton. Pilttapeet Koolibride h\u00fcmn v\u00f5iks sobida eriti h\u00e4sti ajaloolisesse interj\u00f6\u00f6ri v\u00f5i siis hoopis kontrastiks kaasaegsesse toomaks maksimalistlikku k\u00fcllust.<\/p>\n<p>PS! Mimoos on ladina keeles tuntud ka\u00a0<em>Mimosa Grandiflora\u00a0<\/em>nimega. Kas see ei k\u00f5la fantastiliselt? Too <em>Grandiflora<\/em> oma seinale!<\/p>\n<p><strong>Miks osta tapeet siit? Tapeetimine pole kunagi nii lihtne olnud!<\/strong><\/p>\n<ul>\n<li>Eesti disain<\/li>\n<li>Nummerdatud tapeedipaanid<\/li>\n<li>Just nii pikad tapeedipaanid, kui on Sinu sein<\/li>\n<li>Premium, matt fliistapeedi materjal<\/li>\n<li>M\u00fcrgivabad tr\u00fckiv\u00e4rvid, Greenguard sertifitseeritud<\/li>\n<li>Keskkonnas\u00f5bralik, j\u00e4\u00e4tmevaba tapeetimine<\/li>\n<li>Tasuta tapeediliim<\/li>\n<li>Tasuta transport ja kiire tarne 5 t\u00f6\u00f6p\u00e4evaga<\/li>\n<\/ul>\n<p>Loe l\u00e4hemalt nutikatest, eritellimust\u00f6\u00f6na valmivatest tapeetidest\u00a0<a href=\"https:\/\/baubauwall.com\/et\/keskkonnasobralikud-tapeedid\/\">siit.<\/a><\/p>\n","protected":false},"excerpt":{"rendered":"<p>Koolibrid on erakordselt v\u00e4ikesed linnud, ent kiired. Ning suudavad lennata tagurpidi! Sel efektsel pilttapeedil tabadki neid siin ja seal. Eriti meeldivat koolibritele kellukesekujulised rippuvad mimoosid, mille \u00f5itelt ammutada&#8230;inspiratsiooni uuteks lugudeks! Just nagu ilusad tapeedid &#8211; nad r\u00e4\u00e4givad lugusid. Pilttapeedi disain p\u00f5hineb 19. sajandi botaanikaraamatu ofordil, autoriks Robert John Thornton. Pilttapeet Koolibride h\u00fcmn v\u00f5iks sobida eriti [&hellip;]<\/p>\n","protected":false},"featured_media":46556,"comment_status":"open","ping_status":"closed","template":"","meta":{"_acf_changed":false,"inline_featured_image":false},"product_brand":[],"product_cat":[780,387,622,447,394,388,270,271,413,414,415,402,412,245,254,257,260],"product_tag":[298,448,345,646],"class_list":{"0":"post-36647","1":"product","2":"type-product","3":"status-publish","4":"has-post-thumbnail","6":"product_cat-pilttapeedid-lugudega","7":"product_cat-pilttapeedid","8":"product_cat-julged-tapeedid","9":"product_cat-maksimalistlik-et","10":"product_cat-rikkalik","11":"product_cat-vintage-et","12":"product_cat-tumedad-tapeedid","13":"product_cat-rohelised-tapeedid","14":"product_cat-magamistoa-tapeedid","15":"product_cat-soogitoa-tapeedid","16":"product_cat-kulalistetoa-tapeedid","17":"product_cat-elutoa-tapeedid","18":"product_cat-vannitoa-tapeedid","19":"product_cat-maastik","20":"product_cat-loodus","21":"product_cat-linnud","22":"product_cat-lilled","23":"product_tag-botaaniline","24":"product_tag-kunst-et","25":"product_tag-pilttapeet","26":"product_tag-suured-lilled-et","27":"pa_designedby-triinu-silla","29":"first","30":"instock","31":"taxable","32":"shipping-taxable","33":"purchasable","34":"product-type-simple"},"acf":[],"yoast_head":"<!-- This site is optimized with the Yoast SEO plugin v25.9 - https:\/\/yoast.com\/wordpress\/plugins\/seo\/ -->\n<title>Koolibride h\u00fcmn - pilttapeet vintage illustratsioonist<\/title>\n<meta name=\"description\" content=\"Maksimalistlik ja salap\u00e4rane pilttapeet t\u00e4is ilu, lilli ja koolibreid. Lopsakas maksimalistlik disain. Sinu seina suuruses tapeedid.\" \/>\n<meta name=\"robots\" content=\"index, follow, max-snippet:-1, max-image-preview:large, max-video-preview:-1\" \/>\n<link rel=\"canonical\" href=\"https:\/\/baubauwall.com\/et\/toode\/pilttapeet-koolibrilindude-humn\/\" \/>\n<meta property=\"og:locale\" content=\"et_EE\" \/>\n<meta property=\"og:type\" content=\"article\" \/>\n<meta property=\"og:title\" content=\"BAUBAUWALL TAPEEDID\" \/>\n<meta property=\"og:description\" content=\"Koolibride h\u00fcmn\" \/>\n<meta property=\"og:url\" content=\"https:\/\/baubauwall.com\/et\/toode\/pilttapeet-koolibrilindude-humn\/\" \/>\n<meta property=\"og:site_name\" content=\"BAUBAUWALL TAPEEDID\" \/>\n<meta property=\"article:publisher\" content=\"https:\/\/www.facebook.com\/Baubauwall\" \/>\n<meta property=\"article:modified_time\" content=\"2025-02-26T08:31:37+00:00\" \/>\n<meta property=\"og:image\" content=\"https:\/\/baubauwall.com\/wp-content\/uploads\/2024\/06\/51200401_HymnOfHummingbirds_Baubauwall_Wall_Mural_room2.jpg\" \/>\n\t<meta property=\"og:image:width\" content=\"1076\" \/>\n\t<meta property=\"og:image:height\" content=\"1600\" \/>\n\t<meta property=\"og:image:type\" content=\"image\/jpeg\" \/>\n<meta name=\"twitter:card\" content=\"summary_large_image\" \/>\n<meta name=\"twitter:label1\" content=\"Est. reading time\" \/>\n\t<meta name=\"twitter:data1\" content=\"1 minut\" \/>\n<script type=\"application\/ld+json\" class=\"yoast-schema-graph\">{\"@context\":\"https:\/\/schema.org\",\"@graph\":[{\"@type\":\"WebPage\",\"@id\":\"https:\/\/baubauwall.com\/et\/toode\/pilttapeet-koolibrilindude-humn\/\",\"url\":\"https:\/\/baubauwall.com\/et\/toode\/pilttapeet-koolibrilindude-humn\/\",\"name\":\"Koolibride h\u00fcmn - pilttapeet vintage illustratsioonist\",\"isPartOf\":{\"@id\":\"https:\/\/baubauwall.com\/et\/#website\"},\"primaryImageOfPage\":{\"@id\":\"https:\/\/baubauwall.com\/et\/toode\/pilttapeet-koolibrilindude-humn\/#primaryimage\"},\"image\":{\"@id\":\"https:\/\/baubauwall.com\/et\/toode\/pilttapeet-koolibrilindude-humn\/#primaryimage\"},\"thumbnailUrl\":\"https:\/\/baubauwall.com\/wp-content\/uploads\/2024\/06\/Mural_Wallpaper_Hymn_-Hummingbirds_dining_room_baubauwall_51200401.png\",\"datePublished\":\"2024-06-25T13:11:44+00:00\",\"dateModified\":\"2025-02-26T08:31:37+00:00\",\"description\":\"Maksimalistlik ja salap\u00e4rane pilttapeet t\u00e4is ilu, lilli ja koolibreid. Lopsakas maksimalistlik disain. Sinu seina suuruses tapeedid.\",\"breadcrumb\":{\"@id\":\"https:\/\/baubauwall.com\/et\/toode\/pilttapeet-koolibrilindude-humn\/#breadcrumb\"},\"inLanguage\":\"et\",\"potentialAction\":[{\"@type\":\"ReadAction\",\"target\":[\"https:\/\/baubauwall.com\/et\/toode\/pilttapeet-koolibrilindude-humn\/\"]}]},{\"@type\":\"ImageObject\",\"inLanguage\":\"et\",\"@id\":\"https:\/\/baubauwall.com\/et\/toode\/pilttapeet-koolibrilindude-humn\/#primaryimage\",\"url\":\"https:\/\/baubauwall.com\/wp-content\/uploads\/2024\/06\/Mural_Wallpaper_Hymn_-Hummingbirds_dining_room_baubauwall_51200401.png\",\"contentUrl\":\"https:\/\/baubauwall.com\/wp-content\/uploads\/2024\/06\/Mural_Wallpaper_Hymn_-Hummingbirds_dining_room_baubauwall_51200401.png\",\"width\":888,\"height\":648,\"caption\":\"Petrol color mural wallpaper with historical illustration of humming birds. Dining room feature wall wallpaper by Baubauwall\"},{\"@type\":\"BreadcrumbList\",\"@id\":\"https:\/\/baubauwall.com\/et\/toode\/pilttapeet-koolibrilindude-humn\/#breadcrumb\",\"itemListElement\":[{\"@type\":\"ListItem\",\"position\":1,\"name\":\"Koju\",\"item\":\"https:\/\/baubauwall.com\/et\/\"},{\"@type\":\"ListItem\",\"position\":2,\"name\":\"Tapeedid\",\"item\":\"https:\/\/baubauwall.com\/et\/tapeedid\/\"},{\"@type\":\"ListItem\",\"position\":3,\"name\":\"Koolibride h\u00fcmn\"}]},{\"@type\":\"WebSite\",\"@id\":\"https:\/\/baubauwall.com\/et\/#website\",\"url\":\"https:\/\/baubauwall.com\/et\/\",\"name\":\"BAUBAUWALL Wallpapers\",\"description\":\"Valmis paanides tapeet Eestist!\",\"publisher\":{\"@id\":\"https:\/\/baubauwall.com\/et\/#organization\"},\"potentialAction\":[{\"@type\":\"SearchAction\",\"target\":{\"@type\":\"EntryPoint\",\"urlTemplate\":\"https:\/\/baubauwall.com\/et\/?s={search_term_string}\"},\"query-input\":{\"@type\":\"PropertyValueSpecification\",\"valueRequired\":true,\"valueName\":\"search_term_string\"}}],\"inLanguage\":\"et\"},{\"@type\":\"Organization\",\"@id\":\"https:\/\/baubauwall.com\/et\/#organization\",\"name\":\"BAUBAUWALL Wallpapers\",\"url\":\"https:\/\/baubauwall.com\/et\/\",\"logo\":{\"@type\":\"ImageObject\",\"inLanguage\":\"et\",\"@id\":\"https:\/\/baubauwall.com\/et\/#\/schema\/logo\/image\/\",\"url\":\"https:\/\/baubauwall.com\/wp-content\/uploads\/2022\/03\/logo-horizontal.svg\",\"contentUrl\":\"https:\/\/baubauwall.com\/wp-content\/uploads\/2022\/03\/logo-horizontal.svg\",\"width\":\"1024\",\"height\":\"1024\",\"caption\":\"BAUBAUWALL Wallpapers\"},\"image\":{\"@id\":\"https:\/\/baubauwall.com\/et\/#\/schema\/logo\/image\/\"},\"sameAs\":[\"https:\/\/www.facebook.com\/Baubauwall\",\"https:\/\/www.instagram.com\/baubauwall\"]}]}<\/script>\n<!-- \/ Yoast SEO plugin. -->","yoast_head_json":{"title":"Koolibride h\u00fcmn - pilttapeet vintage illustratsioonist","description":"Maksimalistlik ja salap\u00e4rane pilttapeet t\u00e4is ilu, lilli ja koolibreid. Lopsakas maksimalistlik disain. Sinu seina suuruses tapeedid.","robots":{"index":"index","follow":"follow","max-snippet":"max-snippet:-1","max-image-preview":"max-image-preview:large","max-video-preview":"max-video-preview:-1"},"canonical":"https:\/\/baubauwall.com\/et\/toode\/pilttapeet-koolibrilindude-humn\/","og_locale":"et_EE","og_type":"article","og_title":"BAUBAUWALL TAPEEDID","og_description":"Koolibride h\u00fcmn","og_url":"https:\/\/baubauwall.com\/et\/toode\/pilttapeet-koolibrilindude-humn\/","og_site_name":"BAUBAUWALL TAPEEDID","article_publisher":"https:\/\/www.facebook.com\/Baubauwall","article_modified_time":"2025-02-26T08:31:37+00:00","og_image":[{"width":1076,"height":1600,"url":"https:\/\/baubauwall.com\/wp-content\/uploads\/2024\/06\/51200401_HymnOfHummingbirds_Baubauwall_Wall_Mural_room2.jpg","type":"image\/jpeg"}],"twitter_card":"summary_large_image","twitter_misc":{"Est. reading time":"1 minut"},"schema":{"@context":"https:\/\/schema.org","@graph":[{"@type":"WebPage","@id":"https:\/\/baubauwall.com\/et\/toode\/pilttapeet-koolibrilindude-humn\/","url":"https:\/\/baubauwall.com\/et\/toode\/pilttapeet-koolibrilindude-humn\/","name":"Koolibride h\u00fcmn - pilttapeet vintage illustratsioonist","isPartOf":{"@id":"https:\/\/baubauwall.com\/et\/#website"},"primaryImageOfPage":{"@id":"https:\/\/baubauwall.com\/et\/toode\/pilttapeet-koolibrilindude-humn\/#primaryimage"},"image":{"@id":"https:\/\/baubauwall.com\/et\/toode\/pilttapeet-koolibrilindude-humn\/#primaryimage"},"thumbnailUrl":"https:\/\/baubauwall.com\/wp-content\/uploads\/2024\/06\/Mural_Wallpaper_Hymn_-Hummingbirds_dining_room_baubauwall_51200401.png","datePublished":"2024-06-25T13:11:44+00:00","dateModified":"2025-02-26T08:31:37+00:00","description":"Maksimalistlik ja salap\u00e4rane pilttapeet t\u00e4is ilu, lilli ja koolibreid. Lopsakas maksimalistlik disain. Sinu seina suuruses tapeedid.","breadcrumb":{"@id":"https:\/\/baubauwall.com\/et\/toode\/pilttapeet-koolibrilindude-humn\/#breadcrumb"},"inLanguage":"et","potentialAction":[{"@type":"ReadAction","target":["https:\/\/baubauwall.com\/et\/toode\/pilttapeet-koolibrilindude-humn\/"]}]},{"@type":"ImageObject","inLanguage":"et","@id":"https:\/\/baubauwall.com\/et\/toode\/pilttapeet-koolibrilindude-humn\/#primaryimage","url":"https:\/\/baubauwall.com\/wp-content\/uploads\/2024\/06\/Mural_Wallpaper_Hymn_-Hummingbirds_dining_room_baubauwall_51200401.png","contentUrl":"https:\/\/baubauwall.com\/wp-content\/uploads\/2024\/06\/Mural_Wallpaper_Hymn_-Hummingbirds_dining_room_baubauwall_51200401.png","width":888,"height":648,"caption":"Petrol color mural wallpaper with historical illustration of humming birds. Dining room feature wall wallpaper by Baubauwall"},{"@type":"BreadcrumbList","@id":"https:\/\/baubauwall.com\/et\/toode\/pilttapeet-koolibrilindude-humn\/#breadcrumb","itemListElement":[{"@type":"ListItem","position":1,"name":"Koju","item":"https:\/\/baubauwall.com\/et\/"},{"@type":"ListItem","position":2,"name":"Tapeedid","item":"https:\/\/baubauwall.com\/et\/tapeedid\/"},{"@type":"ListItem","position":3,"name":"Koolibride h\u00fcmn"}]},{"@type":"WebSite","@id":"https:\/\/baubauwall.com\/et\/#website","url":"https:\/\/baubauwall.com\/et\/","name":"BAUBAUWALL Wallpapers","description":"Valmis paanides tapeet Eestist!","publisher":{"@id":"https:\/\/baubauwall.com\/et\/#organization"},"potentialAction":[{"@type":"SearchAction","target":{"@type":"EntryPoint","urlTemplate":"https:\/\/baubauwall.com\/et\/?s={search_term_string}"},"query-input":{"@type":"PropertyValueSpecification","valueRequired":true,"valueName":"search_term_string"}}],"inLanguage":"et"},{"@type":"Organization","@id":"https:\/\/baubauwall.com\/et\/#organization","name":"BAUBAUWALL Wallpapers","url":"https:\/\/baubauwall.com\/et\/","logo":{"@type":"ImageObject","inLanguage":"et","@id":"https:\/\/baubauwall.com\/et\/#\/schema\/logo\/image\/","url":"https:\/\/baubauwall.com\/wp-content\/uploads\/2022\/03\/logo-horizontal.svg","contentUrl":"https:\/\/baubauwall.com\/wp-content\/uploads\/2022\/03\/logo-horizontal.svg","width":"1024","height":"1024","caption":"BAUBAUWALL Wallpapers"},"image":{"@id":"https:\/\/baubauwall.com\/et\/#\/schema\/logo\/image\/"},"sameAs":["https:\/\/www.facebook.com\/Baubauwall","https:\/\/www.instagram.com\/baubauwall"]}]}},"jetpack_sharing_enabled":true,"_links":{"self":[{"href":"https:\/\/baubauwall.com\/et\/wp-json\/wp\/v2\/product\/36647","targetHints":{"allow":["GET"]}}],"collection":[{"href":"https:\/\/baubauwall.com\/et\/wp-json\/wp\/v2\/product"}],"about":[{"href":"https:\/\/baubauwall.com\/et\/wp-json\/wp\/v2\/types\/product"}],"replies":[{"embeddable":true,"href":"https:\/\/baubauwall.com\/et\/wp-json\/wp\/v2\/comments?post=36647"}],"wp:featuredmedia":[{"embeddable":true,"href":"https:\/\/baubauwall.com\/et\/wp-json\/wp\/v2\/media\/46556"}],"wp:attachment":[{"href":"https:\/\/baubauwall.com\/et\/wp-json\/wp\/v2\/media?parent=36647"}],"wp:term":[{"taxonomy":"product_brand","embeddable":true,"href":"https:\/\/baubauwall.com\/et\/wp-json\/wp\/v2\/product_brand?post=36647"},{"taxonomy":"product_cat","embeddable":true,"href":"https:\/\/baubauwall.com\/et\/wp-json\/wp\/v2\/product_cat?post=36647"},{"taxonomy":"product_tag","embeddable":true,"href":"https:\/\/baubauwall.com\/et\/wp-json\/wp\/v2\/product_tag?post=36647"}],"curies":[{"name":"wp","href":"https:\/\/api.w.org\/{rel}","templated":true}]}}