{"id":36859,"date":"2024-07-10T12:59:09","date_gmt":"2024-07-10T10:59:09","guid":{"rendered":"https:\/\/baubauwall.com\/?post_type=product&#038;p=36859"},"modified":"2024-07-10T13:07:34","modified_gmt":"2024-07-10T11:07:34","slug":"kordusmustriga-tapeet-huatsintie-lummus-roosa","status":"publish","type":"product","link":"https:\/\/baubauwall.com\/et\/toode\/kordusmustriga-tapeet-huatsintie-lummus-roosa\/","title":{"rendered":"H\u00fcatsintide lummuses &#8211; pastelne roosa"},"content":{"rendered":"<p>Lilleline, roosa tapeet <em>vintage\u00a0<\/em>stiilis k\u00fclluslike h\u00fcatsintidega. Tead ju k\u00fcll, kui h\u00e4sti need lilled kevadel l\u00f5hnavad? See tapeet toob h\u00fcatsintide aroomi aastaringselt tuppa. Taustaks malbe roosa, mis toob meelde Bridgertoni stseenid, kas pole? Lummav tapeet, mis on \u00fche korraga nii maksimalistlik ja n\u00f5ksa nostalgiline. Perfektne tapeedivalik v\u00e4ikese printsessi tuppa, v\u00e4iksemasse ni\u0161\u0161i, m\u00f6\u00f6bli tuunimiseks v\u00f5i hoopis romantilise magamistoa aktsentseinale. PS! \u00c4ra unusta vaasi panna m\u00f5ni h\u00fcatsindi\u00f5is!<\/p>\n<p><strong>Nagu k\u00f5ik Baubauwalli kordusmustriga tapeedid ja pilttapeedid, on ka see imeilus lilleline disain tr\u00fckitud <a href=\"https:\/\/baubauwall.com\/et\/keskkonnasobralikud-tapeedid\/\" target=\"_blank\" rel=\"noopener\">keskkonnas\u00f5bralike v\u00e4rvidega<\/a>, hingavale fliistapeedi materjalile, mis ei l\u00e4igi ja on lihtne paigaldada. Sinu uus tapeet tuleb valmis l\u00f5igatud ning nummerdatud paanides, mis on t\u00e4pselt nii k\u00f5rged, kui Sinu sein.<\/strong><\/p>\n","protected":false},"excerpt":{"rendered":"<p>Lilleline, roosa tapeet vintage\u00a0stiilis k\u00fclluslike h\u00fcatsintidega. Tead ju k\u00fcll, kui h\u00e4sti need lilled kevadel l\u00f5hnavad? See tapeet toob h\u00fcatsintide aroomi aastaringselt tuppa. Taustaks malbe roosa, mis toob meelde Bridgertoni stseenid, kas pole? Lummav tapeet, mis on \u00fche korraga nii maksimalistlik ja n\u00f5ksa nostalgiline. Perfektne tapeedivalik v\u00e4ikese printsessi tuppa, v\u00e4iksemasse ni\u0161\u0161i, m\u00f6\u00f6bli tuunimiseks v\u00f5i hoopis romantilise [&hellip;]<\/p>\n","protected":false},"featured_media":36870,"comment_status":"open","ping_status":"closed","template":"","meta":{"_acf_changed":false,"inline_featured_image":false},"product_brand":[],"product_cat":[386,395,447,394,391,388,268,278,413,400,415,416,401,402,254,260,561],"product_tag":[324],"class_list":{"0":"post-36859","1":"product","2":"type-product","3":"status-publish","4":"has-post-thumbnail","6":"product_cat-kordusmustriga-tapeedid","7":"product_cat-romantiline","8":"product_cat-maksimalistlik-et","9":"product_cat-rikkalik","10":"product_cat-vahemereline","11":"product_cat-vintage-et","12":"product_cat-kirkad-tapeedid","13":"product_cat-roosad-tapeedid","14":"product_cat-magamistoa-tapeedid","15":"product_cat-lastetoa-tapeedid","16":"product_cat-kulalistetoa-tapeedid","17":"product_cat-esiku-tapeedid","18":"product_cat-koogi-tapeedid","19":"product_cat-elutoa-tapeedid","20":"product_cat-loodus","21":"product_cat-lilled","22":"product_cat-suvised-tapeedid","23":"product_tag-tudruku-tuba","24":"pa_designedby-triinu-silla","26":"first","27":"instock","28":"taxable","29":"shipping-taxable","30":"purchasable","31":"product-type-simple"},"acf":[],"yoast_head":"<!-- This site is optimized with the Yoast SEO plugin v25.9 - https:\/\/yoast.com\/wordpress\/plugins\/seo\/ -->\n<title>H\u00fcatsintide lummuses - pastelne roosa lilleline tapeet t\u00e4is \u00f5isi<\/title>\n<meta name=\"description\" content=\"Tead ju k\u00fcll, kui h\u00e4sti h\u00fcatsint l\u00f5hnab? Sel lillelisel, roosal tapeedil tantsivad imeilusad h\u00fcatsindid oma valssi ning kogu tuba l\u00f5hnab h\u00e4sti.\" \/>\n<meta name=\"robots\" content=\"index, follow, max-snippet:-1, max-image-preview:large, max-video-preview:-1\" \/>\n<link rel=\"canonical\" href=\"https:\/\/baubauwall.com\/et\/toode\/kordusmustriga-tapeet-huatsintie-lummus-roosa\/\" \/>\n<meta property=\"og:locale\" content=\"et_EE\" \/>\n<meta property=\"og:type\" content=\"article\" \/>\n<meta property=\"og:title\" content=\"H\u00fcatsintide lummuses - pastelne roosa\" \/>\n<meta property=\"og:description\" content=\"BAUBAUWALL TAPEEDID\" \/>\n<meta property=\"og:url\" content=\"https:\/\/baubauwall.com\/et\/toode\/kordusmustriga-tapeet-huatsintie-lummus-roosa\/\" \/>\n<meta property=\"og:site_name\" content=\"BAUBAUWALL TAPEEDID\" \/>\n<meta property=\"article:publisher\" content=\"https:\/\/www.facebook.com\/Baubauwall\" \/>\n<meta property=\"article:modified_time\" content=\"2024-07-10T11:07:34+00:00\" \/>\n<meta property=\"og:image\" content=\"https:\/\/baubauwall.com\/wp-content\/uploads\/2024\/07\/51100426_SpelledByHyacinths-pink_Baubauwall_Wallpaper_room4.jpg\" \/>\n\t<meta property=\"og:image:width\" content=\"1200\" \/>\n\t<meta property=\"og:image:height\" content=\"1600\" \/>\n\t<meta property=\"og:image:type\" content=\"image\/jpeg\" \/>\n<meta name=\"twitter:card\" content=\"summary_large_image\" \/>\n<meta name=\"twitter:label1\" content=\"Est. reading time\" \/>\n\t<meta name=\"twitter:data1\" content=\"1 minut\" \/>\n<script type=\"application\/ld+json\" class=\"yoast-schema-graph\">{\"@context\":\"https:\/\/schema.org\",\"@graph\":[{\"@type\":\"WebPage\",\"@id\":\"https:\/\/baubauwall.com\/et\/toode\/kordusmustriga-tapeet-huatsintie-lummus-roosa\/\",\"url\":\"https:\/\/baubauwall.com\/et\/toode\/kordusmustriga-tapeet-huatsintie-lummus-roosa\/\",\"name\":\"H\u00fcatsintide lummuses - pastelne roosa lilleline tapeet t\u00e4is \u00f5isi\",\"isPartOf\":{\"@id\":\"https:\/\/baubauwall.com\/et\/#website\"},\"primaryImageOfPage\":{\"@id\":\"https:\/\/baubauwall.com\/et\/toode\/kordusmustriga-tapeet-huatsintie-lummus-roosa\/#primaryimage\"},\"image\":{\"@id\":\"https:\/\/baubauwall.com\/et\/toode\/kordusmustriga-tapeet-huatsintie-lummus-roosa\/#primaryimage\"},\"thumbnailUrl\":\"https:\/\/baubauwall.com\/wp-content\/uploads\/2024\/07\/51100426_SpelledByHyacinths-pink_Baubauwall_Wallpaper_preview.jpg\",\"datePublished\":\"2024-07-10T10:59:09+00:00\",\"dateModified\":\"2024-07-10T11:07:34+00:00\",\"description\":\"Tead ju k\u00fcll, kui h\u00e4sti h\u00fcatsint l\u00f5hnab? Sel lillelisel, roosal tapeedil tantsivad imeilusad h\u00fcatsindid oma valssi ning kogu tuba l\u00f5hnab h\u00e4sti.\",\"breadcrumb\":{\"@id\":\"https:\/\/baubauwall.com\/et\/toode\/kordusmustriga-tapeet-huatsintie-lummus-roosa\/#breadcrumb\"},\"inLanguage\":\"et\",\"potentialAction\":[{\"@type\":\"ReadAction\",\"target\":[\"https:\/\/baubauwall.com\/et\/toode\/kordusmustriga-tapeet-huatsintie-lummus-roosa\/\"]}]},{\"@type\":\"ImageObject\",\"inLanguage\":\"et\",\"@id\":\"https:\/\/baubauwall.com\/et\/toode\/kordusmustriga-tapeet-huatsintie-lummus-roosa\/#primaryimage\",\"url\":\"https:\/\/baubauwall.com\/wp-content\/uploads\/2024\/07\/51100426_SpelledByHyacinths-pink_Baubauwall_Wallpaper_preview.jpg\",\"contentUrl\":\"https:\/\/baubauwall.com\/wp-content\/uploads\/2024\/07\/51100426_SpelledByHyacinths-pink_Baubauwall_Wallpaper_preview.jpg\",\"width\":800,\"height\":800},{\"@type\":\"BreadcrumbList\",\"@id\":\"https:\/\/baubauwall.com\/et\/toode\/kordusmustriga-tapeet-huatsintie-lummus-roosa\/#breadcrumb\",\"itemListElement\":[{\"@type\":\"ListItem\",\"position\":1,\"name\":\"Koju\",\"item\":\"https:\/\/baubauwall.com\/et\/\"},{\"@type\":\"ListItem\",\"position\":2,\"name\":\"Tapeedid\",\"item\":\"https:\/\/baubauwall.com\/et\/tapeedid\/\"},{\"@type\":\"ListItem\",\"position\":3,\"name\":\"H\u00fcatsintide lummuses &#8211; pastelne roosa\"}]},{\"@type\":\"WebSite\",\"@id\":\"https:\/\/baubauwall.com\/et\/#website\",\"url\":\"https:\/\/baubauwall.com\/et\/\",\"name\":\"BAUBAUWALL Wallpapers\",\"description\":\"Valmis paanides tapeet Eestist!\",\"publisher\":{\"@id\":\"https:\/\/baubauwall.com\/et\/#organization\"},\"potentialAction\":[{\"@type\":\"SearchAction\",\"target\":{\"@type\":\"EntryPoint\",\"urlTemplate\":\"https:\/\/baubauwall.com\/et\/?s={search_term_string}\"},\"query-input\":{\"@type\":\"PropertyValueSpecification\",\"valueRequired\":true,\"valueName\":\"search_term_string\"}}],\"inLanguage\":\"et\"},{\"@type\":\"Organization\",\"@id\":\"https:\/\/baubauwall.com\/et\/#organization\",\"name\":\"BAUBAUWALL Wallpapers\",\"url\":\"https:\/\/baubauwall.com\/et\/\",\"logo\":{\"@type\":\"ImageObject\",\"inLanguage\":\"et\",\"@id\":\"https:\/\/baubauwall.com\/et\/#\/schema\/logo\/image\/\",\"url\":\"https:\/\/baubauwall.com\/wp-content\/uploads\/2022\/03\/logo-horizontal.svg\",\"contentUrl\":\"https:\/\/baubauwall.com\/wp-content\/uploads\/2022\/03\/logo-horizontal.svg\",\"width\":\"1024\",\"height\":\"1024\",\"caption\":\"BAUBAUWALL Wallpapers\"},\"image\":{\"@id\":\"https:\/\/baubauwall.com\/et\/#\/schema\/logo\/image\/\"},\"sameAs\":[\"https:\/\/www.facebook.com\/Baubauwall\",\"https:\/\/www.instagram.com\/baubauwall\"]}]}<\/script>\n<!-- \/ Yoast SEO plugin. -->","yoast_head_json":{"title":"H\u00fcatsintide lummuses - pastelne roosa lilleline tapeet t\u00e4is \u00f5isi","description":"Tead ju k\u00fcll, kui h\u00e4sti h\u00fcatsint l\u00f5hnab? Sel lillelisel, roosal tapeedil tantsivad imeilusad h\u00fcatsindid oma valssi ning kogu tuba l\u00f5hnab h\u00e4sti.","robots":{"index":"index","follow":"follow","max-snippet":"max-snippet:-1","max-image-preview":"max-image-preview:large","max-video-preview":"max-video-preview:-1"},"canonical":"https:\/\/baubauwall.com\/et\/toode\/kordusmustriga-tapeet-huatsintie-lummus-roosa\/","og_locale":"et_EE","og_type":"article","og_title":"H\u00fcatsintide lummuses - pastelne roosa","og_description":"BAUBAUWALL TAPEEDID","og_url":"https:\/\/baubauwall.com\/et\/toode\/kordusmustriga-tapeet-huatsintie-lummus-roosa\/","og_site_name":"BAUBAUWALL TAPEEDID","article_publisher":"https:\/\/www.facebook.com\/Baubauwall","article_modified_time":"2024-07-10T11:07:34+00:00","og_image":[{"width":1200,"height":1600,"url":"https:\/\/baubauwall.com\/wp-content\/uploads\/2024\/07\/51100426_SpelledByHyacinths-pink_Baubauwall_Wallpaper_room4.jpg","type":"image\/jpeg"}],"twitter_card":"summary_large_image","twitter_misc":{"Est. reading time":"1 minut"},"schema":{"@context":"https:\/\/schema.org","@graph":[{"@type":"WebPage","@id":"https:\/\/baubauwall.com\/et\/toode\/kordusmustriga-tapeet-huatsintie-lummus-roosa\/","url":"https:\/\/baubauwall.com\/et\/toode\/kordusmustriga-tapeet-huatsintie-lummus-roosa\/","name":"H\u00fcatsintide lummuses - pastelne roosa lilleline tapeet t\u00e4is \u00f5isi","isPartOf":{"@id":"https:\/\/baubauwall.com\/et\/#website"},"primaryImageOfPage":{"@id":"https:\/\/baubauwall.com\/et\/toode\/kordusmustriga-tapeet-huatsintie-lummus-roosa\/#primaryimage"},"image":{"@id":"https:\/\/baubauwall.com\/et\/toode\/kordusmustriga-tapeet-huatsintie-lummus-roosa\/#primaryimage"},"thumbnailUrl":"https:\/\/baubauwall.com\/wp-content\/uploads\/2024\/07\/51100426_SpelledByHyacinths-pink_Baubauwall_Wallpaper_preview.jpg","datePublished":"2024-07-10T10:59:09+00:00","dateModified":"2024-07-10T11:07:34+00:00","description":"Tead ju k\u00fcll, kui h\u00e4sti h\u00fcatsint l\u00f5hnab? Sel lillelisel, roosal tapeedil tantsivad imeilusad h\u00fcatsindid oma valssi ning kogu tuba l\u00f5hnab h\u00e4sti.","breadcrumb":{"@id":"https:\/\/baubauwall.com\/et\/toode\/kordusmustriga-tapeet-huatsintie-lummus-roosa\/#breadcrumb"},"inLanguage":"et","potentialAction":[{"@type":"ReadAction","target":["https:\/\/baubauwall.com\/et\/toode\/kordusmustriga-tapeet-huatsintie-lummus-roosa\/"]}]},{"@type":"ImageObject","inLanguage":"et","@id":"https:\/\/baubauwall.com\/et\/toode\/kordusmustriga-tapeet-huatsintie-lummus-roosa\/#primaryimage","url":"https:\/\/baubauwall.com\/wp-content\/uploads\/2024\/07\/51100426_SpelledByHyacinths-pink_Baubauwall_Wallpaper_preview.jpg","contentUrl":"https:\/\/baubauwall.com\/wp-content\/uploads\/2024\/07\/51100426_SpelledByHyacinths-pink_Baubauwall_Wallpaper_preview.jpg","width":800,"height":800},{"@type":"BreadcrumbList","@id":"https:\/\/baubauwall.com\/et\/toode\/kordusmustriga-tapeet-huatsintie-lummus-roosa\/#breadcrumb","itemListElement":[{"@type":"ListItem","position":1,"name":"Koju","item":"https:\/\/baubauwall.com\/et\/"},{"@type":"ListItem","position":2,"name":"Tapeedid","item":"https:\/\/baubauwall.com\/et\/tapeedid\/"},{"@type":"ListItem","position":3,"name":"H\u00fcatsintide lummuses &#8211; pastelne roosa"}]},{"@type":"WebSite","@id":"https:\/\/baubauwall.com\/et\/#website","url":"https:\/\/baubauwall.com\/et\/","name":"BAUBAUWALL Wallpapers","description":"Valmis paanides tapeet Eestist!","publisher":{"@id":"https:\/\/baubauwall.com\/et\/#organization"},"potentialAction":[{"@type":"SearchAction","target":{"@type":"EntryPoint","urlTemplate":"https:\/\/baubauwall.com\/et\/?s={search_term_string}"},"query-input":{"@type":"PropertyValueSpecification","valueRequired":true,"valueName":"search_term_string"}}],"inLanguage":"et"},{"@type":"Organization","@id":"https:\/\/baubauwall.com\/et\/#organization","name":"BAUBAUWALL Wallpapers","url":"https:\/\/baubauwall.com\/et\/","logo":{"@type":"ImageObject","inLanguage":"et","@id":"https:\/\/baubauwall.com\/et\/#\/schema\/logo\/image\/","url":"https:\/\/baubauwall.com\/wp-content\/uploads\/2022\/03\/logo-horizontal.svg","contentUrl":"https:\/\/baubauwall.com\/wp-content\/uploads\/2022\/03\/logo-horizontal.svg","width":"1024","height":"1024","caption":"BAUBAUWALL Wallpapers"},"image":{"@id":"https:\/\/baubauwall.com\/et\/#\/schema\/logo\/image\/"},"sameAs":["https:\/\/www.facebook.com\/Baubauwall","https:\/\/www.instagram.com\/baubauwall"]}]}},"jetpack_sharing_enabled":true,"_links":{"self":[{"href":"https:\/\/baubauwall.com\/et\/wp-json\/wp\/v2\/product\/36859","targetHints":{"allow":["GET"]}}],"collection":[{"href":"https:\/\/baubauwall.com\/et\/wp-json\/wp\/v2\/product"}],"about":[{"href":"https:\/\/baubauwall.com\/et\/wp-json\/wp\/v2\/types\/product"}],"replies":[{"embeddable":true,"href":"https:\/\/baubauwall.com\/et\/wp-json\/wp\/v2\/comments?post=36859"}],"wp:featuredmedia":[{"embeddable":true,"href":"https:\/\/baubauwall.com\/et\/wp-json\/wp\/v2\/media\/36870"}],"wp:attachment":[{"href":"https:\/\/baubauwall.com\/et\/wp-json\/wp\/v2\/media?parent=36859"}],"wp:term":[{"taxonomy":"product_brand","embeddable":true,"href":"https:\/\/baubauwall.com\/et\/wp-json\/wp\/v2\/product_brand?post=36859"},{"taxonomy":"product_cat","embeddable":true,"href":"https:\/\/baubauwall.com\/et\/wp-json\/wp\/v2\/product_cat?post=36859"},{"taxonomy":"product_tag","embeddable":true,"href":"https:\/\/baubauwall.com\/et\/wp-json\/wp\/v2\/product_tag?post=36859"}],"curies":[{"name":"wp","href":"https:\/\/api.w.org\/{rel}","templated":true}]}}