{"id":36969,"date":"2024-07-17T10:30:05","date_gmt":"2024-07-17T08:30:05","guid":{"rendered":"https:\/\/baubauwall.com\/product\/mural-wallpaper-bunnies-in-the-undergrowth\/"},"modified":"2024-10-31T11:59:18","modified_gmt":"2024-10-31T09:59:18","slug":"pilttapeet-lastetoa-jankud-roheluses","status":"publish","type":"product","link":"https:\/\/baubauwall.com\/et\/toode\/pilttapeet-lastetoa-jankud-roheluses\/","title":{"rendered":"J\u00e4nkud roheluses"},"content":{"rendered":"<p>Otsatult tore lastetoa tapeet! Kes saaks \u00f6elda &#8220;ei&#8221; tapeedidisainile, mille on k\u00f5ige armsamad j\u00e4nesed? J\u00e4nkude roheluses on ideaalne pilttapeet iga lapse tuppa. Sellelt lastetoa tapeedilt leiad armsad j\u00e4nesed m\u00e4ngimas aasal lillede ja rohu sees, luues justkui stseeni muinasjutust! Ilus tapeedivalik lastetuppa, mis vestab lugusid aastaid. Olgu Sa sisustamas lastetuba v\u00e4ikesele printsile, printsessile v\u00f5i m\u00f5lemale korraga &#8211; j\u00e4nestega tapeet alt ei vea.<\/p>\n<p>Nagu k\u00f5ik Baubauwalli kordusmustriga tapeedid ja pilttapeedid, on ka see imeilus disain lastetuppa tr\u00fckitud\u00a0<a href=\"https:\/\/baubauwall.com\/et\/keskkonnasobralikud-tapeedid\/\" target=\"_blank\" rel=\"noopener\">keskkonnas\u00f5bralike v\u00e4rvidega<\/a>, hingavale fliistapeedi materjalile, mis ei l\u00e4igi ja on lihtne paigaldada. Sinu uus tapeet tuleb valmis l\u00f5igatud ning nummerdatud paanides, mis on t\u00e4pselt nii k\u00f5rged, kui Sinu sein.<\/p>\n<p>Kuidas m\u00f5\u00f5ta seina enne tapeedi v\u00f5i pilttapeedi ostmist? <a href=\"https:\/\/baubauwall.com\/et\/nipid\/tapeedi-koguse-planeerimine-seina-mootmine\/\">Loe siit lihtsat \u00f5petust.<\/a><\/p>\n","protected":false},"excerpt":{"rendered":"<p>Otsatult tore lastetoa tapeet! Kes saaks \u00f6elda &#8220;ei&#8221; tapeedidisainile, mille on k\u00f5ige armsamad j\u00e4nesed? J\u00e4nkude roheluses on ideaalne pilttapeet iga lapse tuppa. Sellelt lastetoa tapeedilt leiad armsad j\u00e4nesed m\u00e4ngimas aasal lillede ja rohu sees, luues justkui stseeni muinasjutust! Ilus tapeedivalik lastetuppa, mis vestab lugusid aastaid. Olgu Sa sisustamas lastetuba v\u00e4ikesele printsile, printsessile v\u00f5i m\u00f5lemale korraga [&hellip;]<\/p>\n","protected":false},"featured_media":36961,"comment_status":"open","ping_status":"closed","template":"","meta":{"_acf_changed":false,"inline_featured_image":false},"product_brand":[],"product_cat":[629,387,395,406,271,273,410,400,254,255],"product_tag":[631,306,345,724,324],"class_list":{"0":"post-36969","1":"product","2":"type-product","3":"status-publish","4":"has-post-thumbnail","6":"product_cat-kikki-belle-tapeedid","7":"product_cat-pilttapeedid","8":"product_cat-romantiline","9":"product_cat-klassika","10":"product_cat-rohelised-tapeedid","11":"product_cat-heledad-tapeedid","12":"product_cat-valge-tapeedid","13":"product_cat-lastetoa-tapeedid","14":"product_cat-loodus","15":"product_cat-loomad","16":"product_tag-kikki-belle-et","17":"product_tag-liblikas","18":"product_tag-pilttapeet","19":"product_tag-sooneutraalsed-varvid-et","20":"product_tag-tudruku-tuba","21":"pa_designedby-sir-edward","23":"first","24":"instock","25":"taxable","26":"shipping-taxable","27":"purchasable","28":"product-type-simple"},"acf":[],"yoast_head":"<!-- This site is optimized with the Yoast SEO plugin v25.9 - https:\/\/yoast.com\/wordpress\/plugins\/seo\/ -->\n<title>J\u00e4nestega tapeet lastetuppa<\/title>\n<meta name=\"description\" content=\"Pilttapeet lastetuppa, mille disainilt leiad j\u00e4nesed rohelisel aasal m\u00e4ngimas. Ilus tapeet lastetoa seinale, nii t\u00fcdruku v\u00f5i poisi tuppa.\" \/>\n<meta name=\"robots\" content=\"index, follow, max-snippet:-1, max-image-preview:large, max-video-preview:-1\" \/>\n<link rel=\"canonical\" href=\"https:\/\/baubauwall.com\/et\/toode\/pilttapeet-lastetoa-jankud-roheluses\/\" \/>\n<meta property=\"og:locale\" content=\"et_EE\" \/>\n<meta property=\"og:type\" content=\"article\" \/>\n<meta property=\"og:title\" content=\"J\u00e4nkud roheluses\" \/>\n<meta property=\"og:description\" content=\"BAUBAUWALL TAPEEDID\" \/>\n<meta property=\"og:url\" content=\"https:\/\/baubauwall.com\/et\/toode\/pilttapeet-lastetoa-jankud-roheluses\/\" \/>\n<meta property=\"og:site_name\" content=\"BAUBAUWALL TAPEEDID\" \/>\n<meta property=\"article:publisher\" content=\"https:\/\/www.facebook.com\/Baubauwall\" \/>\n<meta property=\"article:modified_time\" content=\"2024-10-31T09:59:18+00:00\" \/>\n<meta property=\"og:image\" content=\"https:\/\/baubauwall.com\/wp-content\/uploads\/2024\/02\/51200404_BunniesintheUndergrowth_Baubauwall_Wall_Mural_room-wallpaper-1.jpg\" \/>\n\t<meta property=\"og:image:width\" content=\"2400\" \/>\n\t<meta property=\"og:image:height\" content=\"1600\" \/>\n\t<meta property=\"og:image:type\" content=\"image\/jpeg\" \/>\n<meta name=\"twitter:card\" content=\"summary_large_image\" \/>\n<meta name=\"twitter:label1\" content=\"Est. reading time\" \/>\n\t<meta name=\"twitter:data1\" content=\"1 minut\" \/>\n<script type=\"application\/ld+json\" class=\"yoast-schema-graph\">{\"@context\":\"https:\/\/schema.org\",\"@graph\":[{\"@type\":\"WebPage\",\"@id\":\"https:\/\/baubauwall.com\/et\/toode\/pilttapeet-lastetoa-jankud-roheluses\/\",\"url\":\"https:\/\/baubauwall.com\/et\/toode\/pilttapeet-lastetoa-jankud-roheluses\/\",\"name\":\"J\u00e4nestega tapeet lastetuppa\",\"isPartOf\":{\"@id\":\"https:\/\/baubauwall.com\/et\/#website\"},\"primaryImageOfPage\":{\"@id\":\"https:\/\/baubauwall.com\/et\/toode\/pilttapeet-lastetoa-jankud-roheluses\/#primaryimage\"},\"image\":{\"@id\":\"https:\/\/baubauwall.com\/et\/toode\/pilttapeet-lastetoa-jankud-roheluses\/#primaryimage\"},\"thumbnailUrl\":\"https:\/\/baubauwall.com\/wp-content\/uploads\/2024\/02\/51200404_BunniesintheUndergrowth_Baubauwall_Wall_Mural_room-wallpaper-1.jpg\",\"datePublished\":\"2024-07-17T08:30:05+00:00\",\"dateModified\":\"2024-10-31T09:59:18+00:00\",\"description\":\"Pilttapeet lastetuppa, mille disainilt leiad j\u00e4nesed rohelisel aasal m\u00e4ngimas. Ilus tapeet lastetoa seinale, nii t\u00fcdruku v\u00f5i poisi tuppa.\",\"breadcrumb\":{\"@id\":\"https:\/\/baubauwall.com\/et\/toode\/pilttapeet-lastetoa-jankud-roheluses\/#breadcrumb\"},\"inLanguage\":\"et\",\"potentialAction\":[{\"@type\":\"ReadAction\",\"target\":[\"https:\/\/baubauwall.com\/et\/toode\/pilttapeet-lastetoa-jankud-roheluses\/\"]}]},{\"@type\":\"ImageObject\",\"inLanguage\":\"et\",\"@id\":\"https:\/\/baubauwall.com\/et\/toode\/pilttapeet-lastetoa-jankud-roheluses\/#primaryimage\",\"url\":\"https:\/\/baubauwall.com\/wp-content\/uploads\/2024\/02\/51200404_BunniesintheUndergrowth_Baubauwall_Wall_Mural_room-wallpaper-1.jpg\",\"contentUrl\":\"https:\/\/baubauwall.com\/wp-content\/uploads\/2024\/02\/51200404_BunniesintheUndergrowth_Baubauwall_Wall_Mural_room-wallpaper-1.jpg\",\"width\":2400,\"height\":1600,\"caption\":\"Kids mural wallpaper with cute bunnies in the meadow\"},{\"@type\":\"BreadcrumbList\",\"@id\":\"https:\/\/baubauwall.com\/et\/toode\/pilttapeet-lastetoa-jankud-roheluses\/#breadcrumb\",\"itemListElement\":[{\"@type\":\"ListItem\",\"position\":1,\"name\":\"Koju\",\"item\":\"https:\/\/baubauwall.com\/et\/\"},{\"@type\":\"ListItem\",\"position\":2,\"name\":\"Tapeedid\",\"item\":\"https:\/\/baubauwall.com\/et\/tapeedid\/\"},{\"@type\":\"ListItem\",\"position\":3,\"name\":\"J\u00e4nkud roheluses\"}]},{\"@type\":\"WebSite\",\"@id\":\"https:\/\/baubauwall.com\/et\/#website\",\"url\":\"https:\/\/baubauwall.com\/et\/\",\"name\":\"BAUBAUWALL Wallpapers\",\"description\":\"Valmis paanides tapeet Eestist!\",\"publisher\":{\"@id\":\"https:\/\/baubauwall.com\/et\/#organization\"},\"potentialAction\":[{\"@type\":\"SearchAction\",\"target\":{\"@type\":\"EntryPoint\",\"urlTemplate\":\"https:\/\/baubauwall.com\/et\/?s={search_term_string}\"},\"query-input\":{\"@type\":\"PropertyValueSpecification\",\"valueRequired\":true,\"valueName\":\"search_term_string\"}}],\"inLanguage\":\"et\"},{\"@type\":\"Organization\",\"@id\":\"https:\/\/baubauwall.com\/et\/#organization\",\"name\":\"BAUBAUWALL Wallpapers\",\"url\":\"https:\/\/baubauwall.com\/et\/\",\"logo\":{\"@type\":\"ImageObject\",\"inLanguage\":\"et\",\"@id\":\"https:\/\/baubauwall.com\/et\/#\/schema\/logo\/image\/\",\"url\":\"https:\/\/baubauwall.com\/wp-content\/uploads\/2022\/03\/logo-horizontal.svg\",\"contentUrl\":\"https:\/\/baubauwall.com\/wp-content\/uploads\/2022\/03\/logo-horizontal.svg\",\"width\":\"1024\",\"height\":\"1024\",\"caption\":\"BAUBAUWALL Wallpapers\"},\"image\":{\"@id\":\"https:\/\/baubauwall.com\/et\/#\/schema\/logo\/image\/\"},\"sameAs\":[\"https:\/\/www.facebook.com\/Baubauwall\",\"https:\/\/www.instagram.com\/baubauwall\"]}]}<\/script>\n<!-- \/ Yoast SEO plugin. -->","yoast_head_json":{"title":"J\u00e4nestega tapeet lastetuppa","description":"Pilttapeet lastetuppa, mille disainilt leiad j\u00e4nesed rohelisel aasal m\u00e4ngimas. Ilus tapeet lastetoa seinale, nii t\u00fcdruku v\u00f5i poisi tuppa.","robots":{"index":"index","follow":"follow","max-snippet":"max-snippet:-1","max-image-preview":"max-image-preview:large","max-video-preview":"max-video-preview:-1"},"canonical":"https:\/\/baubauwall.com\/et\/toode\/pilttapeet-lastetoa-jankud-roheluses\/","og_locale":"et_EE","og_type":"article","og_title":"J\u00e4nkud roheluses","og_description":"BAUBAUWALL TAPEEDID","og_url":"https:\/\/baubauwall.com\/et\/toode\/pilttapeet-lastetoa-jankud-roheluses\/","og_site_name":"BAUBAUWALL TAPEEDID","article_publisher":"https:\/\/www.facebook.com\/Baubauwall","article_modified_time":"2024-10-31T09:59:18+00:00","og_image":[{"width":2400,"height":1600,"url":"https:\/\/baubauwall.com\/wp-content\/uploads\/2024\/02\/51200404_BunniesintheUndergrowth_Baubauwall_Wall_Mural_room-wallpaper-1.jpg","type":"image\/jpeg"}],"twitter_card":"summary_large_image","twitter_misc":{"Est. reading time":"1 minut"},"schema":{"@context":"https:\/\/schema.org","@graph":[{"@type":"WebPage","@id":"https:\/\/baubauwall.com\/et\/toode\/pilttapeet-lastetoa-jankud-roheluses\/","url":"https:\/\/baubauwall.com\/et\/toode\/pilttapeet-lastetoa-jankud-roheluses\/","name":"J\u00e4nestega tapeet lastetuppa","isPartOf":{"@id":"https:\/\/baubauwall.com\/et\/#website"},"primaryImageOfPage":{"@id":"https:\/\/baubauwall.com\/et\/toode\/pilttapeet-lastetoa-jankud-roheluses\/#primaryimage"},"image":{"@id":"https:\/\/baubauwall.com\/et\/toode\/pilttapeet-lastetoa-jankud-roheluses\/#primaryimage"},"thumbnailUrl":"https:\/\/baubauwall.com\/wp-content\/uploads\/2024\/02\/51200404_BunniesintheUndergrowth_Baubauwall_Wall_Mural_room-wallpaper-1.jpg","datePublished":"2024-07-17T08:30:05+00:00","dateModified":"2024-10-31T09:59:18+00:00","description":"Pilttapeet lastetuppa, mille disainilt leiad j\u00e4nesed rohelisel aasal m\u00e4ngimas. Ilus tapeet lastetoa seinale, nii t\u00fcdruku v\u00f5i poisi tuppa.","breadcrumb":{"@id":"https:\/\/baubauwall.com\/et\/toode\/pilttapeet-lastetoa-jankud-roheluses\/#breadcrumb"},"inLanguage":"et","potentialAction":[{"@type":"ReadAction","target":["https:\/\/baubauwall.com\/et\/toode\/pilttapeet-lastetoa-jankud-roheluses\/"]}]},{"@type":"ImageObject","inLanguage":"et","@id":"https:\/\/baubauwall.com\/et\/toode\/pilttapeet-lastetoa-jankud-roheluses\/#primaryimage","url":"https:\/\/baubauwall.com\/wp-content\/uploads\/2024\/02\/51200404_BunniesintheUndergrowth_Baubauwall_Wall_Mural_room-wallpaper-1.jpg","contentUrl":"https:\/\/baubauwall.com\/wp-content\/uploads\/2024\/02\/51200404_BunniesintheUndergrowth_Baubauwall_Wall_Mural_room-wallpaper-1.jpg","width":2400,"height":1600,"caption":"Kids mural wallpaper with cute bunnies in the meadow"},{"@type":"BreadcrumbList","@id":"https:\/\/baubauwall.com\/et\/toode\/pilttapeet-lastetoa-jankud-roheluses\/#breadcrumb","itemListElement":[{"@type":"ListItem","position":1,"name":"Koju","item":"https:\/\/baubauwall.com\/et\/"},{"@type":"ListItem","position":2,"name":"Tapeedid","item":"https:\/\/baubauwall.com\/et\/tapeedid\/"},{"@type":"ListItem","position":3,"name":"J\u00e4nkud roheluses"}]},{"@type":"WebSite","@id":"https:\/\/baubauwall.com\/et\/#website","url":"https:\/\/baubauwall.com\/et\/","name":"BAUBAUWALL Wallpapers","description":"Valmis paanides tapeet Eestist!","publisher":{"@id":"https:\/\/baubauwall.com\/et\/#organization"},"potentialAction":[{"@type":"SearchAction","target":{"@type":"EntryPoint","urlTemplate":"https:\/\/baubauwall.com\/et\/?s={search_term_string}"},"query-input":{"@type":"PropertyValueSpecification","valueRequired":true,"valueName":"search_term_string"}}],"inLanguage":"et"},{"@type":"Organization","@id":"https:\/\/baubauwall.com\/et\/#organization","name":"BAUBAUWALL Wallpapers","url":"https:\/\/baubauwall.com\/et\/","logo":{"@type":"ImageObject","inLanguage":"et","@id":"https:\/\/baubauwall.com\/et\/#\/schema\/logo\/image\/","url":"https:\/\/baubauwall.com\/wp-content\/uploads\/2022\/03\/logo-horizontal.svg","contentUrl":"https:\/\/baubauwall.com\/wp-content\/uploads\/2022\/03\/logo-horizontal.svg","width":"1024","height":"1024","caption":"BAUBAUWALL Wallpapers"},"image":{"@id":"https:\/\/baubauwall.com\/et\/#\/schema\/logo\/image\/"},"sameAs":["https:\/\/www.facebook.com\/Baubauwall","https:\/\/www.instagram.com\/baubauwall"]}]}},"jetpack_sharing_enabled":true,"_links":{"self":[{"href":"https:\/\/baubauwall.com\/et\/wp-json\/wp\/v2\/product\/36969","targetHints":{"allow":["GET"]}}],"collection":[{"href":"https:\/\/baubauwall.com\/et\/wp-json\/wp\/v2\/product"}],"about":[{"href":"https:\/\/baubauwall.com\/et\/wp-json\/wp\/v2\/types\/product"}],"replies":[{"embeddable":true,"href":"https:\/\/baubauwall.com\/et\/wp-json\/wp\/v2\/comments?post=36969"}],"wp:featuredmedia":[{"embeddable":true,"href":"https:\/\/baubauwall.com\/et\/wp-json\/wp\/v2\/media\/36961"}],"wp:attachment":[{"href":"https:\/\/baubauwall.com\/et\/wp-json\/wp\/v2\/media?parent=36969"}],"wp:term":[{"taxonomy":"product_brand","embeddable":true,"href":"https:\/\/baubauwall.com\/et\/wp-json\/wp\/v2\/product_brand?post=36969"},{"taxonomy":"product_cat","embeddable":true,"href":"https:\/\/baubauwall.com\/et\/wp-json\/wp\/v2\/product_cat?post=36969"},{"taxonomy":"product_tag","embeddable":true,"href":"https:\/\/baubauwall.com\/et\/wp-json\/wp\/v2\/product_tag?post=36969"}],"curies":[{"name":"wp","href":"https:\/\/api.w.org\/{rel}","templated":true}]}}