{"id":37039,"date":"2024-07-18T09:31:26","date_gmt":"2024-07-18T07:31:26","guid":{"rendered":"https:\/\/baubauwall.com\/?post_type=product&#038;p=37039"},"modified":"2024-08-06T12:36:19","modified_gmt":"2024-08-06T10:36:19","slug":"lastetoa-pilttapeet-dinosauruste-pidu-dzunglis-roosa","status":"publish","type":"product","link":"https:\/\/baubauwall.com\/et\/toode\/lastetoa-pilttapeet-dinosauruste-pidu-dzunglis-roosa\/","title":{"rendered":"Dinosauruste pidu d\u017eunglis &#8211; roosa"},"content":{"rendered":"<p>Pilttapeet lapsele, kes armastab dinosauruseid ja roosat v\u00e4rvi muidugi! Neid m\u00fc\u00fctilisi tegelasi pole p\u00f5hjust karta, nad ju armastasid vaid taimi s\u00fc\u00fca. Kui Sinu lapsele meeldivad dinosaurused, siis see efektne pilttapeet on lastetoa kohustuslik osa! Sobib ideaalselt maadeavastajate ja v\u00e4ikeste zooloogide tubade aktsentseina tapeediks. Tapeedi roosa v\u00e4rv teeb s\u00f5bralikud dinosaurused kuidagi veel s\u00f5bralikumaks. V\u00e4rvi lastetoa \u00fclej\u00e4\u00e4nud seinad \u00f5hk\u00f5rnalt roosaks v\u00f5i siiski valgeks ning tulemus on t\u00e4iuslik!<\/p>\n<p>Nagu k\u00f5ik Baubauwalli kordusmustriga tapeedid ja pilttapeedid, on ka see imeilus disain lastetuppa tr\u00fckitud\u00a0<a href=\"https:\/\/baubauwall.com\/et\/keskkonnasobralikud-tapeedid\/\" target=\"_blank\" rel=\"noopener\">keskkonnas\u00f5bralike v\u00e4rvidega<\/a>, hingavale fliistapeedi materjalile, mis ei l\u00e4igi ja on lihtne paigaldada. Sinu uus tapeet tuleb valmis l\u00f5igatud ning nummerdatud paanides, mis on t\u00e4pselt nii k\u00f5rged, kui Sinu sein.<\/p>\n<p>Kuidas m\u00f5\u00f5ta seina enne tapeedi v\u00f5i pilttapeedi ostmist?\u00a0<a href=\"https:\/\/baubauwall.com\/et\/nipid\/tapeedi-koguse-planeerimine-seina-mootmine\/\">Loe siit lihtsat \u00f5petust.<\/a><\/p>\n","protected":false},"excerpt":{"rendered":"<p>Pilttapeet lapsele, kes armastab dinosauruseid ja roosat v\u00e4rvi muidugi! Neid m\u00fc\u00fctilisi tegelasi pole p\u00f5hjust karta, nad ju armastasid vaid taimi s\u00fc\u00fca. Kui Sinu lapsele meeldivad dinosaurused, siis see efektne pilttapeet on lastetoa kohustuslik osa! Sobib ideaalselt maadeavastajate ja v\u00e4ikeste zooloogide tubade aktsentseina tapeediks. Tapeedi roosa v\u00e4rv teeb s\u00f5bralikud dinosaurused kuidagi veel s\u00f5bralikumaks. V\u00e4rvi lastetoa \u00fclej\u00e4\u00e4nud [&hellip;]<\/p>\n","protected":false},"featured_media":37050,"comment_status":"open","ping_status":"closed","template":"","meta":{"_acf_changed":false,"inline_featured_image":false},"product_brand":[],"product_cat":[629,387,406,396,273,276,278,400,255],"product_tag":[726,631,345,324],"class_list":{"0":"post-37039","1":"product","2":"type-product","3":"status-publish","4":"has-post-thumbnail","6":"product_cat-kikki-belle-tapeedid","7":"product_cat-pilttapeedid","8":"product_cat-klassika","9":"product_cat-skandinaavia","10":"product_cat-heledad-tapeedid","11":"product_cat-pastelsed-tapeedid","12":"product_cat-roosad-tapeedid","13":"product_cat-lastetoa-tapeedid","14":"product_cat-loomad","15":"product_tag-dinosaurused","16":"product_tag-kikki-belle-et","17":"product_tag-pilttapeet","18":"product_tag-tudruku-tuba","19":"pa_designedby-sir-edward","21":"first","22":"instock","23":"taxable","24":"shipping-taxable","25":"purchasable","26":"product-type-simple"},"acf":[],"yoast_head":"<!-- This site is optimized with the Yoast SEO plugin v25.9 - https:\/\/yoast.com\/wordpress\/plugins\/seo\/ -->\n<title>Dinosauruste pidu d\u017eunglis - roosa - pilttapeet lastetoa seinale<\/title>\n<meta name=\"description\" content=\"Roosa pilttapeet lastetuppa, mis ei j\u00e4ta k\u00fclmaks \u00fchtegi dinosauruste s\u00f5pra. Eelajaloolised dinosaurused kaasaegsel, maitsekal lastetoa tapeedil\" \/>\n<meta name=\"robots\" content=\"index, follow, max-snippet:-1, max-image-preview:large, max-video-preview:-1\" \/>\n<link rel=\"canonical\" href=\"https:\/\/baubauwall.com\/et\/toode\/lastetoa-pilttapeet-dinosauruste-pidu-dzunglis-roosa\/\" \/>\n<meta property=\"og:locale\" content=\"et_EE\" \/>\n<meta property=\"og:type\" content=\"article\" \/>\n<meta property=\"og:title\" content=\"Dinosauruste pidu d\u017eunglis - roosa\" \/>\n<meta property=\"og:description\" content=\"BAUBAUWALL Wallpapers\" \/>\n<meta property=\"og:url\" content=\"https:\/\/baubauwall.com\/et\/toode\/lastetoa-pilttapeet-dinosauruste-pidu-dzunglis-roosa\/\" \/>\n<meta property=\"og:site_name\" content=\"BAUBAUWALL Wallpapers\" \/>\n<meta property=\"article:publisher\" content=\"https:\/\/www.facebook.com\/Baubauwall\" \/>\n<meta property=\"article:modified_time\" content=\"2024-08-06T10:36:19+00:00\" \/>\n<meta property=\"og:image\" content=\"https:\/\/baubauwall.com\/wp-content\/uploads\/2024\/07\/51200408_MonochromeDino-Pink_Baubauwall_Wall_Mural_room2-scaled.jpg\" \/>\n\t<meta property=\"og:image:width\" content=\"2560\" \/>\n\t<meta property=\"og:image:height\" content=\"1515\" \/>\n\t<meta property=\"og:image:type\" content=\"image\/jpeg\" \/>\n<meta name=\"twitter:card\" content=\"summary_large_image\" \/>\n<meta name=\"twitter:label1\" content=\"Est. reading time\" \/>\n\t<meta name=\"twitter:data1\" content=\"1 minut\" \/>\n<script type=\"application\/ld+json\" class=\"yoast-schema-graph\">{\"@context\":\"https:\/\/schema.org\",\"@graph\":[{\"@type\":\"WebPage\",\"@id\":\"https:\/\/baubauwall.com\/et\/toode\/lastetoa-pilttapeet-dinosauruste-pidu-dzunglis-roosa\/\",\"url\":\"https:\/\/baubauwall.com\/et\/toode\/lastetoa-pilttapeet-dinosauruste-pidu-dzunglis-roosa\/\",\"name\":\"Dinosauruste pidu d\u017eunglis - roosa - pilttapeet lastetoa seinale\",\"isPartOf\":{\"@id\":\"https:\/\/baubauwall.com\/et\/#website\"},\"primaryImageOfPage\":{\"@id\":\"https:\/\/baubauwall.com\/et\/toode\/lastetoa-pilttapeet-dinosauruste-pidu-dzunglis-roosa\/#primaryimage\"},\"image\":{\"@id\":\"https:\/\/baubauwall.com\/et\/toode\/lastetoa-pilttapeet-dinosauruste-pidu-dzunglis-roosa\/#primaryimage\"},\"thumbnailUrl\":\"https:\/\/baubauwall.com\/wp-content\/uploads\/2024\/07\/51200408_MonochromeDino-Pink_Baubauwall_Wall_Mural_room2-scaled.jpg\",\"datePublished\":\"2024-07-18T07:31:26+00:00\",\"dateModified\":\"2024-08-06T10:36:19+00:00\",\"description\":\"Roosa pilttapeet lastetuppa, mis ei j\u00e4ta k\u00fclmaks \u00fchtegi dinosauruste s\u00f5pra. Eelajaloolised dinosaurused kaasaegsel, maitsekal lastetoa tapeedil\",\"breadcrumb\":{\"@id\":\"https:\/\/baubauwall.com\/et\/toode\/lastetoa-pilttapeet-dinosauruste-pidu-dzunglis-roosa\/#breadcrumb\"},\"inLanguage\":\"et\",\"potentialAction\":[{\"@type\":\"ReadAction\",\"target\":[\"https:\/\/baubauwall.com\/et\/toode\/lastetoa-pilttapeet-dinosauruste-pidu-dzunglis-roosa\/\"]}]},{\"@type\":\"ImageObject\",\"inLanguage\":\"et\",\"@id\":\"https:\/\/baubauwall.com\/et\/toode\/lastetoa-pilttapeet-dinosauruste-pidu-dzunglis-roosa\/#primaryimage\",\"url\":\"https:\/\/baubauwall.com\/wp-content\/uploads\/2024\/07\/51200408_MonochromeDino-Pink_Baubauwall_Wall_Mural_room2-scaled.jpg\",\"contentUrl\":\"https:\/\/baubauwall.com\/wp-content\/uploads\/2024\/07\/51200408_MonochromeDino-Pink_Baubauwall_Wall_Mural_room2-scaled.jpg\",\"width\":2560,\"height\":1515,\"caption\":\"Pink dinosaur mural wallpaper for children room feature wall\"},{\"@type\":\"BreadcrumbList\",\"@id\":\"https:\/\/baubauwall.com\/et\/toode\/lastetoa-pilttapeet-dinosauruste-pidu-dzunglis-roosa\/#breadcrumb\",\"itemListElement\":[{\"@type\":\"ListItem\",\"position\":1,\"name\":\"Koju\",\"item\":\"https:\/\/baubauwall.com\/et\/\"},{\"@type\":\"ListItem\",\"position\":2,\"name\":\"Tapeedid\",\"item\":\"https:\/\/baubauwall.com\/et\/tapeedid\/\"},{\"@type\":\"ListItem\",\"position\":3,\"name\":\"Dinosauruste pidu d\u017eunglis &#8211; roosa\"}]},{\"@type\":\"WebSite\",\"@id\":\"https:\/\/baubauwall.com\/et\/#website\",\"url\":\"https:\/\/baubauwall.com\/et\/\",\"name\":\"BAUBAUWALL Wallpapers\",\"description\":\"Valmis paanides tapeet Eestist!\",\"publisher\":{\"@id\":\"https:\/\/baubauwall.com\/et\/#organization\"},\"potentialAction\":[{\"@type\":\"SearchAction\",\"target\":{\"@type\":\"EntryPoint\",\"urlTemplate\":\"https:\/\/baubauwall.com\/et\/?s={search_term_string}\"},\"query-input\":{\"@type\":\"PropertyValueSpecification\",\"valueRequired\":true,\"valueName\":\"search_term_string\"}}],\"inLanguage\":\"et\"},{\"@type\":\"Organization\",\"@id\":\"https:\/\/baubauwall.com\/et\/#organization\",\"name\":\"BAUBAUWALL Wallpapers\",\"url\":\"https:\/\/baubauwall.com\/et\/\",\"logo\":{\"@type\":\"ImageObject\",\"inLanguage\":\"et\",\"@id\":\"https:\/\/baubauwall.com\/et\/#\/schema\/logo\/image\/\",\"url\":\"https:\/\/baubauwall.com\/wp-content\/uploads\/2022\/03\/logo-horizontal.svg\",\"contentUrl\":\"https:\/\/baubauwall.com\/wp-content\/uploads\/2022\/03\/logo-horizontal.svg\",\"width\":\"1024\",\"height\":\"1024\",\"caption\":\"BAUBAUWALL Wallpapers\"},\"image\":{\"@id\":\"https:\/\/baubauwall.com\/et\/#\/schema\/logo\/image\/\"},\"sameAs\":[\"https:\/\/www.facebook.com\/Baubauwall\",\"https:\/\/www.instagram.com\/baubauwall\"]}]}<\/script>\n<!-- \/ Yoast SEO plugin. -->","yoast_head_json":{"title":"Dinosauruste pidu d\u017eunglis - roosa - pilttapeet lastetoa seinale","description":"Roosa pilttapeet lastetuppa, mis ei j\u00e4ta k\u00fclmaks \u00fchtegi dinosauruste s\u00f5pra. Eelajaloolised dinosaurused kaasaegsel, maitsekal lastetoa tapeedil","robots":{"index":"index","follow":"follow","max-snippet":"max-snippet:-1","max-image-preview":"max-image-preview:large","max-video-preview":"max-video-preview:-1"},"canonical":"https:\/\/baubauwall.com\/et\/toode\/lastetoa-pilttapeet-dinosauruste-pidu-dzunglis-roosa\/","og_locale":"et_EE","og_type":"article","og_title":"Dinosauruste pidu d\u017eunglis - roosa","og_description":"BAUBAUWALL Wallpapers","og_url":"https:\/\/baubauwall.com\/et\/toode\/lastetoa-pilttapeet-dinosauruste-pidu-dzunglis-roosa\/","og_site_name":"BAUBAUWALL Wallpapers","article_publisher":"https:\/\/www.facebook.com\/Baubauwall","article_modified_time":"2024-08-06T10:36:19+00:00","og_image":[{"width":2560,"height":1515,"url":"https:\/\/baubauwall.com\/wp-content\/uploads\/2024\/07\/51200408_MonochromeDino-Pink_Baubauwall_Wall_Mural_room2-scaled.jpg","type":"image\/jpeg"}],"twitter_card":"summary_large_image","twitter_misc":{"Est. reading time":"1 minut"},"schema":{"@context":"https:\/\/schema.org","@graph":[{"@type":"WebPage","@id":"https:\/\/baubauwall.com\/et\/toode\/lastetoa-pilttapeet-dinosauruste-pidu-dzunglis-roosa\/","url":"https:\/\/baubauwall.com\/et\/toode\/lastetoa-pilttapeet-dinosauruste-pidu-dzunglis-roosa\/","name":"Dinosauruste pidu d\u017eunglis - roosa - pilttapeet lastetoa seinale","isPartOf":{"@id":"https:\/\/baubauwall.com\/et\/#website"},"primaryImageOfPage":{"@id":"https:\/\/baubauwall.com\/et\/toode\/lastetoa-pilttapeet-dinosauruste-pidu-dzunglis-roosa\/#primaryimage"},"image":{"@id":"https:\/\/baubauwall.com\/et\/toode\/lastetoa-pilttapeet-dinosauruste-pidu-dzunglis-roosa\/#primaryimage"},"thumbnailUrl":"https:\/\/baubauwall.com\/wp-content\/uploads\/2024\/07\/51200408_MonochromeDino-Pink_Baubauwall_Wall_Mural_room2-scaled.jpg","datePublished":"2024-07-18T07:31:26+00:00","dateModified":"2024-08-06T10:36:19+00:00","description":"Roosa pilttapeet lastetuppa, mis ei j\u00e4ta k\u00fclmaks \u00fchtegi dinosauruste s\u00f5pra. Eelajaloolised dinosaurused kaasaegsel, maitsekal lastetoa tapeedil","breadcrumb":{"@id":"https:\/\/baubauwall.com\/et\/toode\/lastetoa-pilttapeet-dinosauruste-pidu-dzunglis-roosa\/#breadcrumb"},"inLanguage":"et","potentialAction":[{"@type":"ReadAction","target":["https:\/\/baubauwall.com\/et\/toode\/lastetoa-pilttapeet-dinosauruste-pidu-dzunglis-roosa\/"]}]},{"@type":"ImageObject","inLanguage":"et","@id":"https:\/\/baubauwall.com\/et\/toode\/lastetoa-pilttapeet-dinosauruste-pidu-dzunglis-roosa\/#primaryimage","url":"https:\/\/baubauwall.com\/wp-content\/uploads\/2024\/07\/51200408_MonochromeDino-Pink_Baubauwall_Wall_Mural_room2-scaled.jpg","contentUrl":"https:\/\/baubauwall.com\/wp-content\/uploads\/2024\/07\/51200408_MonochromeDino-Pink_Baubauwall_Wall_Mural_room2-scaled.jpg","width":2560,"height":1515,"caption":"Pink dinosaur mural wallpaper for children room feature wall"},{"@type":"BreadcrumbList","@id":"https:\/\/baubauwall.com\/et\/toode\/lastetoa-pilttapeet-dinosauruste-pidu-dzunglis-roosa\/#breadcrumb","itemListElement":[{"@type":"ListItem","position":1,"name":"Koju","item":"https:\/\/baubauwall.com\/et\/"},{"@type":"ListItem","position":2,"name":"Tapeedid","item":"https:\/\/baubauwall.com\/et\/tapeedid\/"},{"@type":"ListItem","position":3,"name":"Dinosauruste pidu d\u017eunglis &#8211; roosa"}]},{"@type":"WebSite","@id":"https:\/\/baubauwall.com\/et\/#website","url":"https:\/\/baubauwall.com\/et\/","name":"BAUBAUWALL Wallpapers","description":"Valmis paanides tapeet Eestist!","publisher":{"@id":"https:\/\/baubauwall.com\/et\/#organization"},"potentialAction":[{"@type":"SearchAction","target":{"@type":"EntryPoint","urlTemplate":"https:\/\/baubauwall.com\/et\/?s={search_term_string}"},"query-input":{"@type":"PropertyValueSpecification","valueRequired":true,"valueName":"search_term_string"}}],"inLanguage":"et"},{"@type":"Organization","@id":"https:\/\/baubauwall.com\/et\/#organization","name":"BAUBAUWALL Wallpapers","url":"https:\/\/baubauwall.com\/et\/","logo":{"@type":"ImageObject","inLanguage":"et","@id":"https:\/\/baubauwall.com\/et\/#\/schema\/logo\/image\/","url":"https:\/\/baubauwall.com\/wp-content\/uploads\/2022\/03\/logo-horizontal.svg","contentUrl":"https:\/\/baubauwall.com\/wp-content\/uploads\/2022\/03\/logo-horizontal.svg","width":"1024","height":"1024","caption":"BAUBAUWALL Wallpapers"},"image":{"@id":"https:\/\/baubauwall.com\/et\/#\/schema\/logo\/image\/"},"sameAs":["https:\/\/www.facebook.com\/Baubauwall","https:\/\/www.instagram.com\/baubauwall"]}]}},"jetpack_sharing_enabled":true,"_links":{"self":[{"href":"https:\/\/baubauwall.com\/et\/wp-json\/wp\/v2\/product\/37039","targetHints":{"allow":["GET"]}}],"collection":[{"href":"https:\/\/baubauwall.com\/et\/wp-json\/wp\/v2\/product"}],"about":[{"href":"https:\/\/baubauwall.com\/et\/wp-json\/wp\/v2\/types\/product"}],"replies":[{"embeddable":true,"href":"https:\/\/baubauwall.com\/et\/wp-json\/wp\/v2\/comments?post=37039"}],"wp:featuredmedia":[{"embeddable":true,"href":"https:\/\/baubauwall.com\/et\/wp-json\/wp\/v2\/media\/37050"}],"wp:attachment":[{"href":"https:\/\/baubauwall.com\/et\/wp-json\/wp\/v2\/media?parent=37039"}],"wp:term":[{"taxonomy":"product_brand","embeddable":true,"href":"https:\/\/baubauwall.com\/et\/wp-json\/wp\/v2\/product_brand?post=37039"},{"taxonomy":"product_cat","embeddable":true,"href":"https:\/\/baubauwall.com\/et\/wp-json\/wp\/v2\/product_cat?post=37039"},{"taxonomy":"product_tag","embeddable":true,"href":"https:\/\/baubauwall.com\/et\/wp-json\/wp\/v2\/product_tag?post=37039"}],"curies":[{"name":"wp","href":"https:\/\/api.w.org\/{rel}","templated":true}]}}