{"id":37087,"date":"2024-07-18T10:53:27","date_gmt":"2024-07-18T08:53:27","guid":{"rendered":"https:\/\/baubauwall.com\/?post_type=product&#038;p=37087"},"modified":"2024-11-23T16:10:43","modified_gmt":"2024-11-23T14:10:43","slug":"pilttapeet-dzungli-dzaiv-helesinine","status":"publish","type":"product","link":"https:\/\/baubauwall.com\/et\/toode\/pilttapeet-dzungli-dzaiv-helesinine\/","title":{"rendered":"D\u017eungli d\u017eaiv &#8211; helesinine"},"content":{"rendered":"<div class=\"flex flex-grow flex-col max-w-full\">\n<div class=\"min-h-[20px] text-message flex flex-col items-start whitespace-pre-wrap break-words [.text-message+&amp;]:mt-5 juice:w-full juice:items-end overflow-x-auto gap-2\" dir=\"auto\" data-message-author-role=\"assistant\" data-message-id=\"edd10f18-d06d-4a77-a34e-d6bf47c9a949\">\n<div class=\"flex w-full flex-col gap-1 juice:empty:hidden juice:first:pt-[3px]\">\n<div class=\"markdown prose w-full break-words dark:prose-invert light\">\n<p>Helesinine tapeet on ikka poiste toa lemmik. Lisa siia veel troopiline d\u017eungel ja selles elavad loomad ning linnud &#8211; tulemuseks on pilttapeet, millega ei saa m\u00f6\u00f6da panna. D\u017eingli d\u017eaiv pilttapeet on ka \u00fcks k\u00f5ige populaarsemaid tapeete just lastetuppa.\u00a0 Tapeedilt leiad troopilise d\u017eungli ja eksootilised loomad, mida naljalt P\u00f5hjamaa metsades ei kohta! Graatsiline kaelkirjak, suursugune elevant, tiiger, sebra ning paljud teised &#8211; vali vaid oma lemmik! Fantastiliselt fantaasiarikas pilttapeet, mis pakub avastamisr\u00f5\u00f5mu iga p\u00e4ev ja teeb lihtsa vau-vau efekti lastetoas!<\/p>\n<p>See lastetoa tapeet tr\u00fckitakse <a href=\"https:\/\/baubauwall.com\/et\/keskkonnasobralikud-tapeedid\/\">keskkonnas\u00f5bralike v\u00e4rvidega<\/a>, hingavale fliistapeedi materjalile, mis ei l\u00e4igi ja on lihtne paigaldada. Sinu uus lastetoa tapeet tuleb valmis l\u00f5igatud ning nummerdatud paanides, mis on t\u00e4pselt nii k\u00f5rged, kui Sinu sein. Tapeetimine &#8211; lihtsalt ja nutikalt! Kuidas see t\u00f6\u00f6tab \u2013 loe l\u00e4hemalt <a href=\"https:\/\/baubauwall.com\/et\/kuidas-see-tootab\/\">siit.<\/a><\/p>\n<\/div>\n<\/div>\n<\/div>\n<\/div>\n","protected":false},"excerpt":{"rendered":"<p>Helesinine tapeet on ikka poiste toa lemmik. Lisa siia veel troopiline d\u017eungel ja selles elavad loomad ning linnud &#8211; tulemuseks on pilttapeet, millega ei saa m\u00f6\u00f6da panna. D\u017eingli d\u017eaiv pilttapeet on ka \u00fcks k\u00f5ige populaarsemaid tapeete just lastetuppa.\u00a0 Tapeedilt leiad troopilise d\u017eungli ja eksootilised loomad, mida naljalt P\u00f5hjamaa metsades ei kohta! Graatsiline kaelkirjak, suursugune elevant, [&hellip;]<\/p>\n","protected":false},"featured_media":37101,"comment_status":"open","ping_status":"closed","template":"","meta":{"_acf_changed":false,"inline_featured_image":false},"product_brand":[],"product_cat":[629,387,396,267,273,276,400,250,255],"product_tag":[349,531,631,345,308],"class_list":{"0":"post-37087","1":"product","2":"type-product","3":"status-publish","4":"has-post-thumbnail","6":"product_cat-kikki-belle-tapeedid","7":"product_cat-pilttapeedid","8":"product_cat-skandinaavia","9":"product_cat-sinised-tapeedid","10":"product_cat-heledad-tapeedid","11":"product_cat-pastelsed-tapeedid","12":"product_cat-lastetoa-tapeedid","13":"product_cat-dzungel-troopika","14":"product_cat-loomad","15":"product_tag-beebituba","16":"product_tag-elevant","17":"product_tag-kikki-belle-et","18":"product_tag-pilttapeet","19":"product_tag-poiste-tuba","20":"pa_designedby-sir-edward","22":"first","23":"instock","24":"taxable","25":"shipping-taxable","26":"purchasable","27":"product-type-simple"},"acf":[],"yoast_head":"<!-- This site is optimized with the Yoast SEO plugin v25.9 - https:\/\/yoast.com\/wordpress\/plugins\/seo\/ -->\n<title>D\u017eungli d\u017eaiv - helesinine loomadega pilttapeet lastetoa seinale.<\/title>\n<meta name=\"description\" content=\"Helesinine pop lastetoa tapeet. Tapeedidisain eksootiliste loomadega d\u017eunglis. M\u00e4nguline disain just poiste toa seinale. Keskkonnas\u00f5bralik tapeet lastele\" \/>\n<meta name=\"robots\" content=\"index, follow, max-snippet:-1, max-image-preview:large, max-video-preview:-1\" \/>\n<link rel=\"canonical\" href=\"https:\/\/baubauwall.com\/et\/toode\/pilttapeet-dzungli-dzaiv-helesinine\/\" \/>\n<meta property=\"og:locale\" content=\"et_EE\" \/>\n<meta property=\"og:type\" content=\"article\" \/>\n<meta property=\"og:title\" content=\"D\u017eungli d\u017eaiv - helesinine\" \/>\n<meta property=\"og:description\" content=\"BAUBAUWALL Wallpapers\" \/>\n<meta property=\"og:url\" content=\"https:\/\/baubauwall.com\/et\/toode\/pilttapeet-dzungli-dzaiv-helesinine\/\" \/>\n<meta property=\"og:site_name\" content=\"BAUBAUWALL Wallpapers\" \/>\n<meta property=\"article:publisher\" content=\"https:\/\/www.facebook.com\/Baubauwall\" \/>\n<meta property=\"article:modified_time\" content=\"2024-11-23T14:10:43+00:00\" \/>\n<meta property=\"og:image\" content=\"https:\/\/baubauwall.com\/wp-content\/uploads\/2022\/11\/51200405_MONOCHROME-JUNGLE-beige-kids-mural-wallpaper-baubauwall.jpg\" \/>\n\t<meta property=\"og:image:width\" content=\"1134\" \/>\n\t<meta property=\"og:image:height\" content=\"850\" \/>\n\t<meta property=\"og:image:type\" content=\"image\/jpeg\" \/>\n<meta name=\"twitter:card\" content=\"summary_large_image\" \/>\n<meta name=\"twitter:label1\" content=\"Est. reading time\" \/>\n\t<meta name=\"twitter:data1\" content=\"1 minut\" \/>\n<script type=\"application\/ld+json\" class=\"yoast-schema-graph\">{\"@context\":\"https:\/\/schema.org\",\"@graph\":[{\"@type\":\"WebPage\",\"@id\":\"https:\/\/baubauwall.com\/et\/toode\/pilttapeet-dzungli-dzaiv-helesinine\/\",\"url\":\"https:\/\/baubauwall.com\/et\/toode\/pilttapeet-dzungli-dzaiv-helesinine\/\",\"name\":\"D\u017eungli d\u017eaiv - helesinine loomadega pilttapeet lastetoa seinale.\",\"isPartOf\":{\"@id\":\"https:\/\/baubauwall.com\/et\/#website\"},\"primaryImageOfPage\":{\"@id\":\"https:\/\/baubauwall.com\/et\/toode\/pilttapeet-dzungli-dzaiv-helesinine\/#primaryimage\"},\"image\":{\"@id\":\"https:\/\/baubauwall.com\/et\/toode\/pilttapeet-dzungli-dzaiv-helesinine\/#primaryimage\"},\"thumbnailUrl\":\"https:\/\/baubauwall.com\/wp-content\/uploads\/2024\/07\/51200414_MonochromeJungle-LightBlue_Baubauwall_Wall_Mural_room2.jpg\",\"datePublished\":\"2024-07-18T08:53:27+00:00\",\"dateModified\":\"2024-11-23T14:10:43+00:00\",\"description\":\"Helesinine pop lastetoa tapeet. Tapeedidisain eksootiliste loomadega d\u017eunglis. M\u00e4nguline disain just poiste toa seinale. Keskkonnas\u00f5bralik tapeet lastele\",\"breadcrumb\":{\"@id\":\"https:\/\/baubauwall.com\/et\/toode\/pilttapeet-dzungli-dzaiv-helesinine\/#breadcrumb\"},\"inLanguage\":\"et\",\"potentialAction\":[{\"@type\":\"ReadAction\",\"target\":[\"https:\/\/baubauwall.com\/et\/toode\/pilttapeet-dzungli-dzaiv-helesinine\/\"]}]},{\"@type\":\"ImageObject\",\"inLanguage\":\"et\",\"@id\":\"https:\/\/baubauwall.com\/et\/toode\/pilttapeet-dzungli-dzaiv-helesinine\/#primaryimage\",\"url\":\"https:\/\/baubauwall.com\/wp-content\/uploads\/2024\/07\/51200414_MonochromeJungle-LightBlue_Baubauwall_Wall_Mural_room2.jpg\",\"contentUrl\":\"https:\/\/baubauwall.com\/wp-content\/uploads\/2024\/07\/51200414_MonochromeJungle-LightBlue_Baubauwall_Wall_Mural_room2.jpg\",\"width\":1067,\"height\":1600,\"caption\":\"Light blue jungle theme mural wallpaper for kids feature wall\"},{\"@type\":\"BreadcrumbList\",\"@id\":\"https:\/\/baubauwall.com\/et\/toode\/pilttapeet-dzungli-dzaiv-helesinine\/#breadcrumb\",\"itemListElement\":[{\"@type\":\"ListItem\",\"position\":1,\"name\":\"Koju\",\"item\":\"https:\/\/baubauwall.com\/et\/\"},{\"@type\":\"ListItem\",\"position\":2,\"name\":\"Tapeedid\",\"item\":\"https:\/\/baubauwall.com\/et\/tapeedid\/\"},{\"@type\":\"ListItem\",\"position\":3,\"name\":\"D\u017eungli d\u017eaiv &#8211; helesinine\"}]},{\"@type\":\"WebSite\",\"@id\":\"https:\/\/baubauwall.com\/et\/#website\",\"url\":\"https:\/\/baubauwall.com\/et\/\",\"name\":\"BAUBAUWALL Wallpapers\",\"description\":\"Valmis paanides tapeet Eestist!\",\"publisher\":{\"@id\":\"https:\/\/baubauwall.com\/et\/#organization\"},\"potentialAction\":[{\"@type\":\"SearchAction\",\"target\":{\"@type\":\"EntryPoint\",\"urlTemplate\":\"https:\/\/baubauwall.com\/et\/?s={search_term_string}\"},\"query-input\":{\"@type\":\"PropertyValueSpecification\",\"valueRequired\":true,\"valueName\":\"search_term_string\"}}],\"inLanguage\":\"et\"},{\"@type\":\"Organization\",\"@id\":\"https:\/\/baubauwall.com\/et\/#organization\",\"name\":\"BAUBAUWALL Wallpapers\",\"url\":\"https:\/\/baubauwall.com\/et\/\",\"logo\":{\"@type\":\"ImageObject\",\"inLanguage\":\"et\",\"@id\":\"https:\/\/baubauwall.com\/et\/#\/schema\/logo\/image\/\",\"url\":\"https:\/\/baubauwall.com\/wp-content\/uploads\/2022\/03\/logo-horizontal.svg\",\"contentUrl\":\"https:\/\/baubauwall.com\/wp-content\/uploads\/2022\/03\/logo-horizontal.svg\",\"width\":\"1024\",\"height\":\"1024\",\"caption\":\"BAUBAUWALL Wallpapers\"},\"image\":{\"@id\":\"https:\/\/baubauwall.com\/et\/#\/schema\/logo\/image\/\"},\"sameAs\":[\"https:\/\/www.facebook.com\/Baubauwall\",\"https:\/\/www.instagram.com\/baubauwall\"]}]}<\/script>\n<!-- \/ Yoast SEO plugin. -->","yoast_head_json":{"title":"D\u017eungli d\u017eaiv - helesinine loomadega pilttapeet lastetoa seinale.","description":"Helesinine pop lastetoa tapeet. Tapeedidisain eksootiliste loomadega d\u017eunglis. M\u00e4nguline disain just poiste toa seinale. Keskkonnas\u00f5bralik tapeet lastele","robots":{"index":"index","follow":"follow","max-snippet":"max-snippet:-1","max-image-preview":"max-image-preview:large","max-video-preview":"max-video-preview:-1"},"canonical":"https:\/\/baubauwall.com\/et\/toode\/pilttapeet-dzungli-dzaiv-helesinine\/","og_locale":"et_EE","og_type":"article","og_title":"D\u017eungli d\u017eaiv - helesinine","og_description":"BAUBAUWALL Wallpapers","og_url":"https:\/\/baubauwall.com\/et\/toode\/pilttapeet-dzungli-dzaiv-helesinine\/","og_site_name":"BAUBAUWALL Wallpapers","article_publisher":"https:\/\/www.facebook.com\/Baubauwall","article_modified_time":"2024-11-23T14:10:43+00:00","og_image":[{"width":1134,"height":850,"url":"https:\/\/baubauwall.com\/wp-content\/uploads\/2022\/11\/51200405_MONOCHROME-JUNGLE-beige-kids-mural-wallpaper-baubauwall.jpg","type":"image\/jpeg"}],"twitter_card":"summary_large_image","twitter_misc":{"Est. reading time":"1 minut"},"schema":{"@context":"https:\/\/schema.org","@graph":[{"@type":"WebPage","@id":"https:\/\/baubauwall.com\/et\/toode\/pilttapeet-dzungli-dzaiv-helesinine\/","url":"https:\/\/baubauwall.com\/et\/toode\/pilttapeet-dzungli-dzaiv-helesinine\/","name":"D\u017eungli d\u017eaiv - helesinine loomadega pilttapeet lastetoa seinale.","isPartOf":{"@id":"https:\/\/baubauwall.com\/et\/#website"},"primaryImageOfPage":{"@id":"https:\/\/baubauwall.com\/et\/toode\/pilttapeet-dzungli-dzaiv-helesinine\/#primaryimage"},"image":{"@id":"https:\/\/baubauwall.com\/et\/toode\/pilttapeet-dzungli-dzaiv-helesinine\/#primaryimage"},"thumbnailUrl":"https:\/\/baubauwall.com\/wp-content\/uploads\/2024\/07\/51200414_MonochromeJungle-LightBlue_Baubauwall_Wall_Mural_room2.jpg","datePublished":"2024-07-18T08:53:27+00:00","dateModified":"2024-11-23T14:10:43+00:00","description":"Helesinine pop lastetoa tapeet. Tapeedidisain eksootiliste loomadega d\u017eunglis. M\u00e4nguline disain just poiste toa seinale. Keskkonnas\u00f5bralik tapeet lastele","breadcrumb":{"@id":"https:\/\/baubauwall.com\/et\/toode\/pilttapeet-dzungli-dzaiv-helesinine\/#breadcrumb"},"inLanguage":"et","potentialAction":[{"@type":"ReadAction","target":["https:\/\/baubauwall.com\/et\/toode\/pilttapeet-dzungli-dzaiv-helesinine\/"]}]},{"@type":"ImageObject","inLanguage":"et","@id":"https:\/\/baubauwall.com\/et\/toode\/pilttapeet-dzungli-dzaiv-helesinine\/#primaryimage","url":"https:\/\/baubauwall.com\/wp-content\/uploads\/2024\/07\/51200414_MonochromeJungle-LightBlue_Baubauwall_Wall_Mural_room2.jpg","contentUrl":"https:\/\/baubauwall.com\/wp-content\/uploads\/2024\/07\/51200414_MonochromeJungle-LightBlue_Baubauwall_Wall_Mural_room2.jpg","width":1067,"height":1600,"caption":"Light blue jungle theme mural wallpaper for kids feature wall"},{"@type":"BreadcrumbList","@id":"https:\/\/baubauwall.com\/et\/toode\/pilttapeet-dzungli-dzaiv-helesinine\/#breadcrumb","itemListElement":[{"@type":"ListItem","position":1,"name":"Koju","item":"https:\/\/baubauwall.com\/et\/"},{"@type":"ListItem","position":2,"name":"Tapeedid","item":"https:\/\/baubauwall.com\/et\/tapeedid\/"},{"@type":"ListItem","position":3,"name":"D\u017eungli d\u017eaiv &#8211; helesinine"}]},{"@type":"WebSite","@id":"https:\/\/baubauwall.com\/et\/#website","url":"https:\/\/baubauwall.com\/et\/","name":"BAUBAUWALL Wallpapers","description":"Valmis paanides tapeet Eestist!","publisher":{"@id":"https:\/\/baubauwall.com\/et\/#organization"},"potentialAction":[{"@type":"SearchAction","target":{"@type":"EntryPoint","urlTemplate":"https:\/\/baubauwall.com\/et\/?s={search_term_string}"},"query-input":{"@type":"PropertyValueSpecification","valueRequired":true,"valueName":"search_term_string"}}],"inLanguage":"et"},{"@type":"Organization","@id":"https:\/\/baubauwall.com\/et\/#organization","name":"BAUBAUWALL Wallpapers","url":"https:\/\/baubauwall.com\/et\/","logo":{"@type":"ImageObject","inLanguage":"et","@id":"https:\/\/baubauwall.com\/et\/#\/schema\/logo\/image\/","url":"https:\/\/baubauwall.com\/wp-content\/uploads\/2022\/03\/logo-horizontal.svg","contentUrl":"https:\/\/baubauwall.com\/wp-content\/uploads\/2022\/03\/logo-horizontal.svg","width":"1024","height":"1024","caption":"BAUBAUWALL Wallpapers"},"image":{"@id":"https:\/\/baubauwall.com\/et\/#\/schema\/logo\/image\/"},"sameAs":["https:\/\/www.facebook.com\/Baubauwall","https:\/\/www.instagram.com\/baubauwall"]}]}},"jetpack_sharing_enabled":true,"_links":{"self":[{"href":"https:\/\/baubauwall.com\/et\/wp-json\/wp\/v2\/product\/37087","targetHints":{"allow":["GET"]}}],"collection":[{"href":"https:\/\/baubauwall.com\/et\/wp-json\/wp\/v2\/product"}],"about":[{"href":"https:\/\/baubauwall.com\/et\/wp-json\/wp\/v2\/types\/product"}],"replies":[{"embeddable":true,"href":"https:\/\/baubauwall.com\/et\/wp-json\/wp\/v2\/comments?post=37087"}],"wp:featuredmedia":[{"embeddable":true,"href":"https:\/\/baubauwall.com\/et\/wp-json\/wp\/v2\/media\/37101"}],"wp:attachment":[{"href":"https:\/\/baubauwall.com\/et\/wp-json\/wp\/v2\/media?parent=37087"}],"wp:term":[{"taxonomy":"product_brand","embeddable":true,"href":"https:\/\/baubauwall.com\/et\/wp-json\/wp\/v2\/product_brand?post=37087"},{"taxonomy":"product_cat","embeddable":true,"href":"https:\/\/baubauwall.com\/et\/wp-json\/wp\/v2\/product_cat?post=37087"},{"taxonomy":"product_tag","embeddable":true,"href":"https:\/\/baubauwall.com\/et\/wp-json\/wp\/v2\/product_tag?post=37087"}],"curies":[{"name":"wp","href":"https:\/\/api.w.org\/{rel}","templated":true}]}}