{"id":37322,"date":"2024-07-19T09:00:29","date_gmt":"2024-07-19T07:00:29","guid":{"rendered":"https:\/\/baubauwall.com\/product\/kids-mural-wallpaper-woodland-joy\/"},"modified":"2025-04-14T10:24:26","modified_gmt":"2025-04-14T08:24:26","slug":"lastetoa-pilttapeet-lustlik-mets","status":"publish","type":"product","link":"https:\/\/baubauwall.com\/et\/toode\/lastetoa-pilttapeet-lustlik-mets\/","title":{"rendered":"Lastetoa tapeet &#8211; Lustlik mets"},"content":{"rendered":"<p>Lastetoa tapeetide populaarsuse tipus on kindlasti metsad ja nende elanikud. Lisa siia P\u00f5hjamaine stiil, mahe roheline v\u00e4rvigamma, otsatult palju ilu ja detailirohkust ning tulemuseks on tapeet lastele, mis on lihtsalt nii nunnu! Lase lapse m\u00f5tetel r\u00e4nnata muinasjutumetsas ja saada s\u00f5braks m\u00e4gra, pisikeste rebaste, oravate ja j\u00e4nkudega. Hea lastetoa tapeet on \u00fctlemata inspireeriv, muinasjutuline ja t\u00e4iendab toa muud sisustust! Sellel muinasjutumetsa pilttapeedil on k\u00f5ik see olemas. Ajatu tapeedidisain, millega on lihtne kombineerida toa muud sisustust.<\/p>\n<p>See armas tapeet on osa\u00a0<a href=\"https:\/\/baubauwall.com\/et\/tootekategooria\/tapeedi-kollektsioonid\/oliver-robbins-tapeedid\/\" target=\"_blank\" rel=\"noopener\">Oliver Robins tapeedikollektsioonist,<\/a> mille disainid on just k\u00f5ige pisematele m\u00f5eldud. Siit leiad tapeedid lastetoa seinale, mille taustal on hea olla ja kuhu v\u00f5iks j\u00e4\u00e4dagi lugusid jutustama.\u00a0Loe veel beebitoa tapeetidest\u00a0<a href=\"https:\/\/baubauwall.com\/et\/ideed\/beebitoa-tapeedid-kuidas-lastetuppa-pilttapeete-valida\/\">Baubau ajakirjast!<\/a><\/p>\n<p>See lastetoa tapeet tr\u00fckitakse\u00a0<a href=\"https:\/\/baubauwall.com\/et\/keskkonnasobralikud-tapeedid\/\">keskkonnas\u00f5bralike v\u00e4rvidega<\/a>, hingavale fliistapeedi materjalile, mis ei l\u00e4igi ja on lihtne paigaldada. Sinu uus lastetoa tapeet tuleb valmis l\u00f5igatud ning nummerdatud paanides, mis on t\u00e4pselt nii k\u00f5rged, kui Sinu sein. Tapeetimine \u2013 lihtsalt ja nutikalt! Kuidas see t\u00f6\u00f6tab \u2013 loe l\u00e4hemalt\u00a0<a href=\"https:\/\/baubauwall.com\/et\/kuidas-see-tootab\/\">siit.<\/a><\/p>\n","protected":false},"excerpt":{"rendered":"<p>Lastetoa tapeetide populaarsuse tipus on kindlasti metsad ja nende elanikud. Lisa siia P\u00f5hjamaine stiil, mahe roheline v\u00e4rvigamma, otsatult palju ilu ja detailirohkust ning tulemuseks on tapeet lastele, mis on lihtsalt nii nunnu! Lase lapse m\u00f5tetel r\u00e4nnata muinasjutumetsas ja saada s\u00f5braks m\u00e4gra, pisikeste rebaste, oravate ja j\u00e4nkudega. Hea lastetoa tapeet on \u00fctlemata inspireeriv, muinasjutuline ja t\u00e4iendab [&hellip;]<\/p>\n","protected":false},"featured_media":37310,"comment_status":"open","ping_status":"closed","template":"","meta":{"_acf_changed":false,"inline_featured_image":false},"product_brand":[],"product_cat":[634,387,396,271,400,248,254,255],"product_tag":[635,345,308,724,324],"class_list":{"0":"post-37322","1":"product","2":"type-product","3":"status-publish","4":"has-post-thumbnail","6":"product_cat-oliver-robbins-tapeedid","7":"product_cat-pilttapeedid","8":"product_cat-skandinaavia","9":"product_cat-rohelised-tapeedid","10":"product_cat-lastetoa-tapeedid","11":"product_cat-mets","12":"product_cat-loodus","13":"product_cat-loomad","14":"product_tag-oliver-robbins-tapeedid","15":"product_tag-pilttapeet","16":"product_tag-poiste-tuba","17":"product_tag-sooneutraalsed-varvid-et","18":"product_tag-tudruku-tuba","19":"pa_designedby-sir-edward","21":"first","22":"instock","23":"taxable","24":"shipping-taxable","25":"purchasable","26":"product-type-simple"},"acf":[],"yoast_head":"<!-- This site is optimized with the Yoast SEO plugin v25.9 - https:\/\/yoast.com\/wordpress\/plugins\/seo\/ -->\n<title>Lastetoa tapeet - Lustlik mets - roheline pilttapeet just lastele. Lastetoa tapeet<\/title>\n<meta name=\"description\" content=\"Tapeet lastetoa seinale. Populaarne tapeeditrend ja v\u00e4rv on roheline mets. Pilttapeet, mis sobib nii t\u00fcdrukute kui poiste tuppa. Sinu lastetoa seina m\u00f5\u00f5dus\" \/>\n<meta name=\"robots\" content=\"index, follow, max-snippet:-1, max-image-preview:large, max-video-preview:-1\" \/>\n<link rel=\"canonical\" href=\"https:\/\/baubauwall.com\/et\/toode\/lastetoa-pilttapeet-lustlik-mets\/\" \/>\n<meta property=\"og:locale\" content=\"et_EE\" \/>\n<meta property=\"og:type\" content=\"article\" \/>\n<meta property=\"og:title\" content=\"Lastetoa tapeet - Lustlik mets\" \/>\n<meta property=\"og:description\" content=\"BAUBAUWALL TAPEEDID\" \/>\n<meta property=\"og:url\" content=\"https:\/\/baubauwall.com\/et\/toode\/lastetoa-pilttapeet-lustlik-mets\/\" \/>\n<meta property=\"og:site_name\" content=\"BAUBAUWALL TAPEEDID\" \/>\n<meta property=\"article:publisher\" content=\"https:\/\/www.facebook.com\/Baubauwall\" \/>\n<meta property=\"article:modified_time\" content=\"2025-04-14T08:24:26+00:00\" \/>\n<meta property=\"og:image\" content=\"https:\/\/baubauwall.com\/wp-content\/uploads\/2022\/11\/51200425_WoodlandJoy_Baubauwall_Wall_Mural_room3.jpg\" \/>\n\t<meta property=\"og:image:width\" content=\"1134\" \/>\n\t<meta property=\"og:image:height\" content=\"850\" \/>\n\t<meta property=\"og:image:type\" content=\"image\/jpeg\" \/>\n<meta name=\"twitter:card\" content=\"summary_large_image\" \/>\n<meta name=\"twitter:label1\" content=\"Est. reading time\" \/>\n\t<meta name=\"twitter:data1\" content=\"1 minut\" \/>\n<script type=\"application\/ld+json\" class=\"yoast-schema-graph\">{\"@context\":\"https:\/\/schema.org\",\"@graph\":[{\"@type\":\"WebPage\",\"@id\":\"https:\/\/baubauwall.com\/et\/toode\/lastetoa-pilttapeet-lustlik-mets\/\",\"url\":\"https:\/\/baubauwall.com\/et\/toode\/lastetoa-pilttapeet-lustlik-mets\/\",\"name\":\"Lastetoa tapeet - Lustlik mets - roheline pilttapeet just lastele. Lastetoa tapeet\",\"isPartOf\":{\"@id\":\"https:\/\/baubauwall.com\/et\/#website\"},\"primaryImageOfPage\":{\"@id\":\"https:\/\/baubauwall.com\/et\/toode\/lastetoa-pilttapeet-lustlik-mets\/#primaryimage\"},\"image\":{\"@id\":\"https:\/\/baubauwall.com\/et\/toode\/lastetoa-pilttapeet-lustlik-mets\/#primaryimage\"},\"thumbnailUrl\":\"https:\/\/baubauwall.com\/wp-content\/uploads\/2022\/11\/51200425_WoodlandJoy_Baubauwall_Wall_Mural_room1.jpg\",\"datePublished\":\"2024-07-19T07:00:29+00:00\",\"dateModified\":\"2025-04-14T08:24:26+00:00\",\"description\":\"Tapeet lastetoa seinale. Populaarne tapeeditrend ja v\u00e4rv on roheline mets. Pilttapeet, mis sobib nii t\u00fcdrukute kui poiste tuppa. Sinu lastetoa seina m\u00f5\u00f5dus\",\"breadcrumb\":{\"@id\":\"https:\/\/baubauwall.com\/et\/toode\/lastetoa-pilttapeet-lustlik-mets\/#breadcrumb\"},\"inLanguage\":\"et\",\"potentialAction\":[{\"@type\":\"ReadAction\",\"target\":[\"https:\/\/baubauwall.com\/et\/toode\/lastetoa-pilttapeet-lustlik-mets\/\"]}]},{\"@type\":\"ImageObject\",\"inLanguage\":\"et\",\"@id\":\"https:\/\/baubauwall.com\/et\/toode\/lastetoa-pilttapeet-lustlik-mets\/#primaryimage\",\"url\":\"https:\/\/baubauwall.com\/wp-content\/uploads\/2022\/11\/51200425_WoodlandJoy_Baubauwall_Wall_Mural_room1.jpg\",\"contentUrl\":\"https:\/\/baubauwall.com\/wp-content\/uploads\/2022\/11\/51200425_WoodlandJoy_Baubauwall_Wall_Mural_room1.jpg\",\"width\":2400,\"height\":1600,\"caption\":\"Lastetoa tapeet Baubauwall Tapeedid\"},{\"@type\":\"BreadcrumbList\",\"@id\":\"https:\/\/baubauwall.com\/et\/toode\/lastetoa-pilttapeet-lustlik-mets\/#breadcrumb\",\"itemListElement\":[{\"@type\":\"ListItem\",\"position\":1,\"name\":\"Koju\",\"item\":\"https:\/\/baubauwall.com\/et\/\"},{\"@type\":\"ListItem\",\"position\":2,\"name\":\"Tapeedid\",\"item\":\"https:\/\/baubauwall.com\/et\/tapeedid\/\"},{\"@type\":\"ListItem\",\"position\":3,\"name\":\"Lastetoa tapeet &#8211; Lustlik mets\"}]},{\"@type\":\"WebSite\",\"@id\":\"https:\/\/baubauwall.com\/et\/#website\",\"url\":\"https:\/\/baubauwall.com\/et\/\",\"name\":\"BAUBAUWALL Wallpapers\",\"description\":\"Valmis paanides tapeet Eestist!\",\"publisher\":{\"@id\":\"https:\/\/baubauwall.com\/et\/#organization\"},\"potentialAction\":[{\"@type\":\"SearchAction\",\"target\":{\"@type\":\"EntryPoint\",\"urlTemplate\":\"https:\/\/baubauwall.com\/et\/?s={search_term_string}\"},\"query-input\":{\"@type\":\"PropertyValueSpecification\",\"valueRequired\":true,\"valueName\":\"search_term_string\"}}],\"inLanguage\":\"et\"},{\"@type\":\"Organization\",\"@id\":\"https:\/\/baubauwall.com\/et\/#organization\",\"name\":\"BAUBAUWALL Wallpapers\",\"url\":\"https:\/\/baubauwall.com\/et\/\",\"logo\":{\"@type\":\"ImageObject\",\"inLanguage\":\"et\",\"@id\":\"https:\/\/baubauwall.com\/et\/#\/schema\/logo\/image\/\",\"url\":\"https:\/\/baubauwall.com\/wp-content\/uploads\/2022\/03\/logo-horizontal.svg\",\"contentUrl\":\"https:\/\/baubauwall.com\/wp-content\/uploads\/2022\/03\/logo-horizontal.svg\",\"width\":\"1024\",\"height\":\"1024\",\"caption\":\"BAUBAUWALL Wallpapers\"},\"image\":{\"@id\":\"https:\/\/baubauwall.com\/et\/#\/schema\/logo\/image\/\"},\"sameAs\":[\"https:\/\/www.facebook.com\/Baubauwall\",\"https:\/\/www.instagram.com\/baubauwall\"]}]}<\/script>\n<!-- \/ Yoast SEO plugin. -->","yoast_head_json":{"title":"Lastetoa tapeet - Lustlik mets - roheline pilttapeet just lastele. Lastetoa tapeet","description":"Tapeet lastetoa seinale. Populaarne tapeeditrend ja v\u00e4rv on roheline mets. Pilttapeet, mis sobib nii t\u00fcdrukute kui poiste tuppa. Sinu lastetoa seina m\u00f5\u00f5dus","robots":{"index":"index","follow":"follow","max-snippet":"max-snippet:-1","max-image-preview":"max-image-preview:large","max-video-preview":"max-video-preview:-1"},"canonical":"https:\/\/baubauwall.com\/et\/toode\/lastetoa-pilttapeet-lustlik-mets\/","og_locale":"et_EE","og_type":"article","og_title":"Lastetoa tapeet - Lustlik mets","og_description":"BAUBAUWALL TAPEEDID","og_url":"https:\/\/baubauwall.com\/et\/toode\/lastetoa-pilttapeet-lustlik-mets\/","og_site_name":"BAUBAUWALL TAPEEDID","article_publisher":"https:\/\/www.facebook.com\/Baubauwall","article_modified_time":"2025-04-14T08:24:26+00:00","og_image":[{"width":1134,"height":850,"url":"https:\/\/baubauwall.com\/wp-content\/uploads\/2022\/11\/51200425_WoodlandJoy_Baubauwall_Wall_Mural_room3.jpg","type":"image\/jpeg"}],"twitter_card":"summary_large_image","twitter_misc":{"Est. reading time":"1 minut"},"schema":{"@context":"https:\/\/schema.org","@graph":[{"@type":"WebPage","@id":"https:\/\/baubauwall.com\/et\/toode\/lastetoa-pilttapeet-lustlik-mets\/","url":"https:\/\/baubauwall.com\/et\/toode\/lastetoa-pilttapeet-lustlik-mets\/","name":"Lastetoa tapeet - Lustlik mets - roheline pilttapeet just lastele. Lastetoa tapeet","isPartOf":{"@id":"https:\/\/baubauwall.com\/et\/#website"},"primaryImageOfPage":{"@id":"https:\/\/baubauwall.com\/et\/toode\/lastetoa-pilttapeet-lustlik-mets\/#primaryimage"},"image":{"@id":"https:\/\/baubauwall.com\/et\/toode\/lastetoa-pilttapeet-lustlik-mets\/#primaryimage"},"thumbnailUrl":"https:\/\/baubauwall.com\/wp-content\/uploads\/2022\/11\/51200425_WoodlandJoy_Baubauwall_Wall_Mural_room1.jpg","datePublished":"2024-07-19T07:00:29+00:00","dateModified":"2025-04-14T08:24:26+00:00","description":"Tapeet lastetoa seinale. Populaarne tapeeditrend ja v\u00e4rv on roheline mets. Pilttapeet, mis sobib nii t\u00fcdrukute kui poiste tuppa. Sinu lastetoa seina m\u00f5\u00f5dus","breadcrumb":{"@id":"https:\/\/baubauwall.com\/et\/toode\/lastetoa-pilttapeet-lustlik-mets\/#breadcrumb"},"inLanguage":"et","potentialAction":[{"@type":"ReadAction","target":["https:\/\/baubauwall.com\/et\/toode\/lastetoa-pilttapeet-lustlik-mets\/"]}]},{"@type":"ImageObject","inLanguage":"et","@id":"https:\/\/baubauwall.com\/et\/toode\/lastetoa-pilttapeet-lustlik-mets\/#primaryimage","url":"https:\/\/baubauwall.com\/wp-content\/uploads\/2022\/11\/51200425_WoodlandJoy_Baubauwall_Wall_Mural_room1.jpg","contentUrl":"https:\/\/baubauwall.com\/wp-content\/uploads\/2022\/11\/51200425_WoodlandJoy_Baubauwall_Wall_Mural_room1.jpg","width":2400,"height":1600,"caption":"Lastetoa tapeet Baubauwall Tapeedid"},{"@type":"BreadcrumbList","@id":"https:\/\/baubauwall.com\/et\/toode\/lastetoa-pilttapeet-lustlik-mets\/#breadcrumb","itemListElement":[{"@type":"ListItem","position":1,"name":"Koju","item":"https:\/\/baubauwall.com\/et\/"},{"@type":"ListItem","position":2,"name":"Tapeedid","item":"https:\/\/baubauwall.com\/et\/tapeedid\/"},{"@type":"ListItem","position":3,"name":"Lastetoa tapeet &#8211; Lustlik mets"}]},{"@type":"WebSite","@id":"https:\/\/baubauwall.com\/et\/#website","url":"https:\/\/baubauwall.com\/et\/","name":"BAUBAUWALL Wallpapers","description":"Valmis paanides tapeet Eestist!","publisher":{"@id":"https:\/\/baubauwall.com\/et\/#organization"},"potentialAction":[{"@type":"SearchAction","target":{"@type":"EntryPoint","urlTemplate":"https:\/\/baubauwall.com\/et\/?s={search_term_string}"},"query-input":{"@type":"PropertyValueSpecification","valueRequired":true,"valueName":"search_term_string"}}],"inLanguage":"et"},{"@type":"Organization","@id":"https:\/\/baubauwall.com\/et\/#organization","name":"BAUBAUWALL Wallpapers","url":"https:\/\/baubauwall.com\/et\/","logo":{"@type":"ImageObject","inLanguage":"et","@id":"https:\/\/baubauwall.com\/et\/#\/schema\/logo\/image\/","url":"https:\/\/baubauwall.com\/wp-content\/uploads\/2022\/03\/logo-horizontal.svg","contentUrl":"https:\/\/baubauwall.com\/wp-content\/uploads\/2022\/03\/logo-horizontal.svg","width":"1024","height":"1024","caption":"BAUBAUWALL Wallpapers"},"image":{"@id":"https:\/\/baubauwall.com\/et\/#\/schema\/logo\/image\/"},"sameAs":["https:\/\/www.facebook.com\/Baubauwall","https:\/\/www.instagram.com\/baubauwall"]}]}},"jetpack_sharing_enabled":true,"_links":{"self":[{"href":"https:\/\/baubauwall.com\/et\/wp-json\/wp\/v2\/product\/37322","targetHints":{"allow":["GET"]}}],"collection":[{"href":"https:\/\/baubauwall.com\/et\/wp-json\/wp\/v2\/product"}],"about":[{"href":"https:\/\/baubauwall.com\/et\/wp-json\/wp\/v2\/types\/product"}],"replies":[{"embeddable":true,"href":"https:\/\/baubauwall.com\/et\/wp-json\/wp\/v2\/comments?post=37322"}],"wp:featuredmedia":[{"embeddable":true,"href":"https:\/\/baubauwall.com\/et\/wp-json\/wp\/v2\/media\/37310"}],"wp:attachment":[{"href":"https:\/\/baubauwall.com\/et\/wp-json\/wp\/v2\/media?parent=37322"}],"wp:term":[{"taxonomy":"product_brand","embeddable":true,"href":"https:\/\/baubauwall.com\/et\/wp-json\/wp\/v2\/product_brand?post=37322"},{"taxonomy":"product_cat","embeddable":true,"href":"https:\/\/baubauwall.com\/et\/wp-json\/wp\/v2\/product_cat?post=37322"},{"taxonomy":"product_tag","embeddable":true,"href":"https:\/\/baubauwall.com\/et\/wp-json\/wp\/v2\/product_tag?post=37322"}],"curies":[{"name":"wp","href":"https:\/\/api.w.org\/{rel}","templated":true}]}}