{"id":37379,"date":"2024-07-24T13:00:28","date_gmt":"2024-07-24T11:00:28","guid":{"rendered":"https:\/\/baubauwall.com\/product\/kids-room-mural-wallpaper-monochrome-forest-beige\/"},"modified":"2024-07-25T09:18:19","modified_gmt":"2024-07-25T07:18:19","slug":"lastetoa-pilttapeet-pohjamaa-mets-beez","status":"publish","type":"product","link":"https:\/\/baubauwall.com\/et\/toode\/lastetoa-pilttapeet-pohjamaa-mets-beez\/","title":{"rendered":"P\u00f5hjamaa mets &#8211; bee\u017e"},"content":{"rendered":"<p>Lastetoa pilttapeet just \u00f5iges bee\u017eis toonis, mis sobib peaaegu k\u00f5igega! Lisa siia juurde populaarne mets ja selle elanikud teema, on tulemuseks perfektne tapeet lastetuppa, mis on ilus bee\u017e aktsent kogu muu m\u00e4ngumaailma taustaks. Bee\u017ei tapeeti on k\u00f5ige lihtsam sobitada muude v\u00e4rvide ja sisustusega. Pane see tapeet \u00fchte seina ning n\u00e4ppa teistele seintele tapeedi sama bee\u017e toon. V\u00f5i siis j\u00e4ta valgeks. Tapeedi disainilt leiad P\u00f5hjamaa metsa asukad p\u00f5drast rebase ja \u00f6\u00f6kullini. Kas kellegi veel?<\/p>\n<p>P\u00f5hjamaa mets tapeet bee\u017eina on hea tapeediidee nii poiste kui t\u00fcdrukute tuppa ja p\u00fcsib ajatuna aastaid.<\/p>\n<p>See lastetoa pilttapeet tr\u00fckitakse <a href=\"https:\/\/baubauwall.com\/et\/keskkonnasobralikud-tapeedid\/\" target=\"_blank\" rel=\"noopener\">keskkonnas\u00f5bralike v\u00e4rvidega<\/a>, hingavale fliistapeedi materjalile, mis ei l\u00e4igi ja on lihtne paigaldada. Sinu uus lastetoa tapeet tuleb valmis l\u00f5igatud ning nummerdatud paanides, mis on t\u00e4pselt nii k\u00f5rged, kui Sinu sein. Tapeetimine \u2013 lihtsalt ja nutikalt! Kuidas see t\u00f6\u00f6tab \u2013 loe l\u00e4hemalt\u00a0<a href=\"https:\/\/baubauwall.com\/et\/kuidas-see-tootab\/\" target=\"_blank\" rel=\"noopener\">siit.<\/a><\/p>\n<p>&nbsp;<\/p>\n<p>&nbsp;<\/p>\n","protected":false},"excerpt":{"rendered":"<p>Lastetoa pilttapeet just \u00f5iges bee\u017eis toonis, mis sobib peaaegu k\u00f5igega! Lisa siia juurde populaarne mets ja selle elanikud teema, on tulemuseks perfektne tapeet lastetuppa, mis on ilus bee\u017e aktsent kogu muu m\u00e4ngumaailma taustaks. Bee\u017ei tapeeti on k\u00f5ige lihtsam sobitada muude v\u00e4rvide ja sisustusega. Pane see tapeet \u00fchte seina ning n\u00e4ppa teistele seintele tapeedi sama bee\u017e [&hellip;]<\/p>\n","protected":false},"featured_media":37481,"comment_status":"open","ping_status":"closed","template":"","meta":{"_acf_changed":false,"inline_featured_image":false},"product_brand":[],"product_cat":[629,387,406,396,265,273,276,400,248,255],"product_tag":[349,345,308,724,324],"class_list":{"0":"post-37379","1":"product","2":"type-product","3":"status-publish","4":"has-post-thumbnail","6":"product_cat-kikki-belle-tapeedid","7":"product_cat-pilttapeedid","8":"product_cat-klassika","9":"product_cat-skandinaavia","10":"product_cat-beezid-tapeedid","11":"product_cat-heledad-tapeedid","12":"product_cat-pastelsed-tapeedid","13":"product_cat-lastetoa-tapeedid","14":"product_cat-mets","15":"product_cat-loomad","16":"product_tag-beebituba","17":"product_tag-pilttapeet","18":"product_tag-poiste-tuba","19":"product_tag-sooneutraalsed-varvid-et","20":"product_tag-tudruku-tuba","21":"pa_designedby-sir-edward","23":"first","24":"instock","25":"taxable","26":"shipping-taxable","27":"purchasable","28":"product-type-simple"},"acf":[],"yoast_head":"<!-- This site is optimized with the Yoast SEO plugin v25.9 - https:\/\/yoast.com\/wordpress\/plugins\/seo\/ -->\n<title>P\u00f5hjamaa mets - bee\u017e pilttapeet lastele. Lastetoa tapeet<\/title>\n<meta name=\"description\" content=\"Ilus bee\u017e tapeet lastetuppa. Monokroomne bee\u017e pilttapeet sobib h\u00e4sti lastetoa \u00fchele seinale. Tapeedid sinu seina m\u00f5\u00f5dus, valmis paanides.\" \/>\n<meta name=\"robots\" content=\"index, follow, max-snippet:-1, max-image-preview:large, max-video-preview:-1\" \/>\n<link rel=\"canonical\" href=\"https:\/\/baubauwall.com\/et\/toode\/lastetoa-pilttapeet-pohjamaa-mets-beez\/\" \/>\n<meta property=\"og:locale\" content=\"et_EE\" \/>\n<meta property=\"og:type\" content=\"article\" \/>\n<meta property=\"og:title\" content=\"P\u00f5hjamaa mets - bee\u017e\" \/>\n<meta property=\"og:description\" content=\"BAUBAUWALL Wallpapers\" \/>\n<meta property=\"og:url\" content=\"https:\/\/baubauwall.com\/et\/toode\/lastetoa-pilttapeet-pohjamaa-mets-beez\/\" \/>\n<meta property=\"og:site_name\" content=\"BAUBAUWALL Wallpapers\" \/>\n<meta property=\"article:publisher\" content=\"https:\/\/www.facebook.com\/Baubauwall\" \/>\n<meta property=\"article:modified_time\" content=\"2024-07-25T07:18:19+00:00\" \/>\n<meta property=\"og:image\" content=\"https:\/\/baubauwall.com\/wp-content\/uploads\/2022\/11\/51200409_MonochromeForest-Beige_Baubauwall_Wall_Mural_Kids_room1.jpg\" \/>\n\t<meta property=\"og:image:width\" content=\"1134\" \/>\n\t<meta property=\"og:image:height\" content=\"850\" \/>\n\t<meta property=\"og:image:type\" content=\"image\/jpeg\" \/>\n<meta name=\"twitter:card\" content=\"summary_large_image\" \/>\n<meta name=\"twitter:label1\" content=\"Est. reading time\" \/>\n\t<meta name=\"twitter:data1\" content=\"1 minut\" \/>\n<script type=\"application\/ld+json\" class=\"yoast-schema-graph\">{\"@context\":\"https:\/\/schema.org\",\"@graph\":[{\"@type\":\"WebPage\",\"@id\":\"https:\/\/baubauwall.com\/et\/toode\/lastetoa-pilttapeet-pohjamaa-mets-beez\/\",\"url\":\"https:\/\/baubauwall.com\/et\/toode\/lastetoa-pilttapeet-pohjamaa-mets-beez\/\",\"name\":\"P\u00f5hjamaa mets - bee\u017e pilttapeet lastele. Lastetoa tapeet\",\"isPartOf\":{\"@id\":\"https:\/\/baubauwall.com\/et\/#website\"},\"primaryImageOfPage\":{\"@id\":\"https:\/\/baubauwall.com\/et\/toode\/lastetoa-pilttapeet-pohjamaa-mets-beez\/#primaryimage\"},\"image\":{\"@id\":\"https:\/\/baubauwall.com\/et\/toode\/lastetoa-pilttapeet-pohjamaa-mets-beez\/#primaryimage\"},\"thumbnailUrl\":\"https:\/\/baubauwall.com\/wp-content\/uploads\/2024\/07\/51200409_MonochromeForest-Beige_Baubauwall_Wall_Mural_room1.jpg\",\"datePublished\":\"2024-07-24T11:00:28+00:00\",\"dateModified\":\"2024-07-25T07:18:19+00:00\",\"description\":\"Ilus bee\u017e tapeet lastetuppa. Monokroomne bee\u017e pilttapeet sobib h\u00e4sti lastetoa \u00fchele seinale. Tapeedid sinu seina m\u00f5\u00f5dus, valmis paanides.\",\"breadcrumb\":{\"@id\":\"https:\/\/baubauwall.com\/et\/toode\/lastetoa-pilttapeet-pohjamaa-mets-beez\/#breadcrumb\"},\"inLanguage\":\"et\",\"potentialAction\":[{\"@type\":\"ReadAction\",\"target\":[\"https:\/\/baubauwall.com\/et\/toode\/lastetoa-pilttapeet-pohjamaa-mets-beez\/\"]}]},{\"@type\":\"ImageObject\",\"inLanguage\":\"et\",\"@id\":\"https:\/\/baubauwall.com\/et\/toode\/lastetoa-pilttapeet-pohjamaa-mets-beez\/#primaryimage\",\"url\":\"https:\/\/baubauwall.com\/wp-content\/uploads\/2024\/07\/51200409_MonochromeForest-Beige_Baubauwall_Wall_Mural_room1.jpg\",\"contentUrl\":\"https:\/\/baubauwall.com\/wp-content\/uploads\/2024\/07\/51200409_MonochromeForest-Beige_Baubauwall_Wall_Mural_room1.jpg\",\"width\":2399,\"height\":1600,\"caption\":\"Beige wallcovering for kids feature wall.\"},{\"@type\":\"BreadcrumbList\",\"@id\":\"https:\/\/baubauwall.com\/et\/toode\/lastetoa-pilttapeet-pohjamaa-mets-beez\/#breadcrumb\",\"itemListElement\":[{\"@type\":\"ListItem\",\"position\":1,\"name\":\"Koju\",\"item\":\"https:\/\/baubauwall.com\/et\/\"},{\"@type\":\"ListItem\",\"position\":2,\"name\":\"Tapeedid\",\"item\":\"https:\/\/baubauwall.com\/et\/tapeedid\/\"},{\"@type\":\"ListItem\",\"position\":3,\"name\":\"P\u00f5hjamaa mets &#8211; bee\u017e\"}]},{\"@type\":\"WebSite\",\"@id\":\"https:\/\/baubauwall.com\/et\/#website\",\"url\":\"https:\/\/baubauwall.com\/et\/\",\"name\":\"BAUBAUWALL Wallpapers\",\"description\":\"Valmis paanides tapeet Eestist!\",\"publisher\":{\"@id\":\"https:\/\/baubauwall.com\/et\/#organization\"},\"potentialAction\":[{\"@type\":\"SearchAction\",\"target\":{\"@type\":\"EntryPoint\",\"urlTemplate\":\"https:\/\/baubauwall.com\/et\/?s={search_term_string}\"},\"query-input\":{\"@type\":\"PropertyValueSpecification\",\"valueRequired\":true,\"valueName\":\"search_term_string\"}}],\"inLanguage\":\"et\"},{\"@type\":\"Organization\",\"@id\":\"https:\/\/baubauwall.com\/et\/#organization\",\"name\":\"BAUBAUWALL Wallpapers\",\"url\":\"https:\/\/baubauwall.com\/et\/\",\"logo\":{\"@type\":\"ImageObject\",\"inLanguage\":\"et\",\"@id\":\"https:\/\/baubauwall.com\/et\/#\/schema\/logo\/image\/\",\"url\":\"https:\/\/baubauwall.com\/wp-content\/uploads\/2022\/03\/logo-horizontal.svg\",\"contentUrl\":\"https:\/\/baubauwall.com\/wp-content\/uploads\/2022\/03\/logo-horizontal.svg\",\"width\":\"1024\",\"height\":\"1024\",\"caption\":\"BAUBAUWALL Wallpapers\"},\"image\":{\"@id\":\"https:\/\/baubauwall.com\/et\/#\/schema\/logo\/image\/\"},\"sameAs\":[\"https:\/\/www.facebook.com\/Baubauwall\",\"https:\/\/www.instagram.com\/baubauwall\"]}]}<\/script>\n<!-- \/ Yoast SEO plugin. -->","yoast_head_json":{"title":"P\u00f5hjamaa mets - bee\u017e pilttapeet lastele. Lastetoa tapeet","description":"Ilus bee\u017e tapeet lastetuppa. Monokroomne bee\u017e pilttapeet sobib h\u00e4sti lastetoa \u00fchele seinale. Tapeedid sinu seina m\u00f5\u00f5dus, valmis paanides.","robots":{"index":"index","follow":"follow","max-snippet":"max-snippet:-1","max-image-preview":"max-image-preview:large","max-video-preview":"max-video-preview:-1"},"canonical":"https:\/\/baubauwall.com\/et\/toode\/lastetoa-pilttapeet-pohjamaa-mets-beez\/","og_locale":"et_EE","og_type":"article","og_title":"P\u00f5hjamaa mets - bee\u017e","og_description":"BAUBAUWALL Wallpapers","og_url":"https:\/\/baubauwall.com\/et\/toode\/lastetoa-pilttapeet-pohjamaa-mets-beez\/","og_site_name":"BAUBAUWALL Wallpapers","article_publisher":"https:\/\/www.facebook.com\/Baubauwall","article_modified_time":"2024-07-25T07:18:19+00:00","og_image":[{"width":1134,"height":850,"url":"https:\/\/baubauwall.com\/wp-content\/uploads\/2022\/11\/51200409_MonochromeForest-Beige_Baubauwall_Wall_Mural_Kids_room1.jpg","type":"image\/jpeg"}],"twitter_card":"summary_large_image","twitter_misc":{"Est. reading time":"1 minut"},"schema":{"@context":"https:\/\/schema.org","@graph":[{"@type":"WebPage","@id":"https:\/\/baubauwall.com\/et\/toode\/lastetoa-pilttapeet-pohjamaa-mets-beez\/","url":"https:\/\/baubauwall.com\/et\/toode\/lastetoa-pilttapeet-pohjamaa-mets-beez\/","name":"P\u00f5hjamaa mets - bee\u017e pilttapeet lastele. Lastetoa tapeet","isPartOf":{"@id":"https:\/\/baubauwall.com\/et\/#website"},"primaryImageOfPage":{"@id":"https:\/\/baubauwall.com\/et\/toode\/lastetoa-pilttapeet-pohjamaa-mets-beez\/#primaryimage"},"image":{"@id":"https:\/\/baubauwall.com\/et\/toode\/lastetoa-pilttapeet-pohjamaa-mets-beez\/#primaryimage"},"thumbnailUrl":"https:\/\/baubauwall.com\/wp-content\/uploads\/2024\/07\/51200409_MonochromeForest-Beige_Baubauwall_Wall_Mural_room1.jpg","datePublished":"2024-07-24T11:00:28+00:00","dateModified":"2024-07-25T07:18:19+00:00","description":"Ilus bee\u017e tapeet lastetuppa. Monokroomne bee\u017e pilttapeet sobib h\u00e4sti lastetoa \u00fchele seinale. Tapeedid sinu seina m\u00f5\u00f5dus, valmis paanides.","breadcrumb":{"@id":"https:\/\/baubauwall.com\/et\/toode\/lastetoa-pilttapeet-pohjamaa-mets-beez\/#breadcrumb"},"inLanguage":"et","potentialAction":[{"@type":"ReadAction","target":["https:\/\/baubauwall.com\/et\/toode\/lastetoa-pilttapeet-pohjamaa-mets-beez\/"]}]},{"@type":"ImageObject","inLanguage":"et","@id":"https:\/\/baubauwall.com\/et\/toode\/lastetoa-pilttapeet-pohjamaa-mets-beez\/#primaryimage","url":"https:\/\/baubauwall.com\/wp-content\/uploads\/2024\/07\/51200409_MonochromeForest-Beige_Baubauwall_Wall_Mural_room1.jpg","contentUrl":"https:\/\/baubauwall.com\/wp-content\/uploads\/2024\/07\/51200409_MonochromeForest-Beige_Baubauwall_Wall_Mural_room1.jpg","width":2399,"height":1600,"caption":"Beige wallcovering for kids feature wall."},{"@type":"BreadcrumbList","@id":"https:\/\/baubauwall.com\/et\/toode\/lastetoa-pilttapeet-pohjamaa-mets-beez\/#breadcrumb","itemListElement":[{"@type":"ListItem","position":1,"name":"Koju","item":"https:\/\/baubauwall.com\/et\/"},{"@type":"ListItem","position":2,"name":"Tapeedid","item":"https:\/\/baubauwall.com\/et\/tapeedid\/"},{"@type":"ListItem","position":3,"name":"P\u00f5hjamaa mets &#8211; bee\u017e"}]},{"@type":"WebSite","@id":"https:\/\/baubauwall.com\/et\/#website","url":"https:\/\/baubauwall.com\/et\/","name":"BAUBAUWALL Wallpapers","description":"Valmis paanides tapeet Eestist!","publisher":{"@id":"https:\/\/baubauwall.com\/et\/#organization"},"potentialAction":[{"@type":"SearchAction","target":{"@type":"EntryPoint","urlTemplate":"https:\/\/baubauwall.com\/et\/?s={search_term_string}"},"query-input":{"@type":"PropertyValueSpecification","valueRequired":true,"valueName":"search_term_string"}}],"inLanguage":"et"},{"@type":"Organization","@id":"https:\/\/baubauwall.com\/et\/#organization","name":"BAUBAUWALL Wallpapers","url":"https:\/\/baubauwall.com\/et\/","logo":{"@type":"ImageObject","inLanguage":"et","@id":"https:\/\/baubauwall.com\/et\/#\/schema\/logo\/image\/","url":"https:\/\/baubauwall.com\/wp-content\/uploads\/2022\/03\/logo-horizontal.svg","contentUrl":"https:\/\/baubauwall.com\/wp-content\/uploads\/2022\/03\/logo-horizontal.svg","width":"1024","height":"1024","caption":"BAUBAUWALL Wallpapers"},"image":{"@id":"https:\/\/baubauwall.com\/et\/#\/schema\/logo\/image\/"},"sameAs":["https:\/\/www.facebook.com\/Baubauwall","https:\/\/www.instagram.com\/baubauwall"]}]}},"jetpack_sharing_enabled":true,"_links":{"self":[{"href":"https:\/\/baubauwall.com\/et\/wp-json\/wp\/v2\/product\/37379","targetHints":{"allow":["GET"]}}],"collection":[{"href":"https:\/\/baubauwall.com\/et\/wp-json\/wp\/v2\/product"}],"about":[{"href":"https:\/\/baubauwall.com\/et\/wp-json\/wp\/v2\/types\/product"}],"replies":[{"embeddable":true,"href":"https:\/\/baubauwall.com\/et\/wp-json\/wp\/v2\/comments?post=37379"}],"wp:featuredmedia":[{"embeddable":true,"href":"https:\/\/baubauwall.com\/et\/wp-json\/wp\/v2\/media\/37481"}],"wp:attachment":[{"href":"https:\/\/baubauwall.com\/et\/wp-json\/wp\/v2\/media?parent=37379"}],"wp:term":[{"taxonomy":"product_brand","embeddable":true,"href":"https:\/\/baubauwall.com\/et\/wp-json\/wp\/v2\/product_brand?post=37379"},{"taxonomy":"product_cat","embeddable":true,"href":"https:\/\/baubauwall.com\/et\/wp-json\/wp\/v2\/product_cat?post=37379"},{"taxonomy":"product_tag","embeddable":true,"href":"https:\/\/baubauwall.com\/et\/wp-json\/wp\/v2\/product_tag?post=37379"}],"curies":[{"name":"wp","href":"https:\/\/api.w.org\/{rel}","templated":true}]}}