{"id":37691,"date":"2024-08-15T16:32:59","date_gmt":"2024-08-15T14:32:59","guid":{"rendered":"https:\/\/baubauwall.com\/product\/vertical-wall-mural-wallpaper-waterfront\/"},"modified":"2024-08-19T15:49:51","modified_gmt":"2024-08-19T13:49:51","slug":"pustine-vertiklaane-tapeet-ohtu-rannas","status":"publish","type":"product","link":"https:\/\/baubauwall.com\/et\/toode\/pustine-vertiklaane-tapeet-ohtu-rannas\/","title":{"rendered":"\u00d5htu rannas"},"content":{"rendered":"<p>P\u00fcstine tapeet, mis toob suvise mereranna l\u00f5putu ilu koju. &#8220;\u00d5htu rannas&#8221; on akvarellidega maalitud, moderne tapeedidisain, mis on osa meie vertikaalsete tapeetide kollektsioonist <a href=\"https:\/\/baubauwall.com\/et\/tootekategooria\/tapeedi-kollektsioonid\/rannamaastikud-vertikaalsed-tapeedid\/\" target=\"_blank\" rel=\"noopener\">&#8220;Rannamaastikud&#8221;<\/a>. Too meie l\u00fchikeste suvede hetked oma interj\u00f6\u00f6ri, nii p\u00fcsib suvesoojus kodus aastaringselt!<\/p>\n<p>&#8220;Rannamaastikud&#8221; on abstraktse disainiga tapeedid, mis on disainitud just v\u00e4iksemal seinal efekti loomiseks. Pilttapeedi pehmed hallid ja s\u00e4ravad oran\u017eid toonid toovad ruumi soojust ja s\u00fcgavust. Tapeet, mis sobib suurep\u00e4raselt elutuppa, magamistuppa v\u00f5i esikusse.<\/p>\n<p><strong>NB!<\/strong> Tapeedi disaini saad p\u00f6\u00f6rata nii, mis k\u00f5ige paremini sobib Sinu interj\u00f6\u00f6riga &#8211; kas eelistaksid pehmeid hallikaid k\u00f5rsi \u00fclal, et luua lae poole suunatud efekt v\u00f5i just vastupidi.<\/p>\n<p><strong>Miks osta tapeet siit? Tapeetimine pole kunagi nii lihtne olnud!<\/strong><\/p>\n<ul>\n<li>Eesti disain<\/li>\n<li>Nummerdatud tapeedipaanid<\/li>\n<li>Just nii pikad tapeedipaanid, kui on Sinu sein<\/li>\n<li>Premium, matt fliistapeedi materjal<\/li>\n<li>M\u00fcrgivabad tr\u00fckiv\u00e4rvid, Greenguard sertifitseeritud<\/li>\n<li><a href=\"https:\/\/baubauwall.com\/et\/keskkonnasobralikud-tapeedid\/\" target=\"_blank\" rel=\"noopener\">Keskkonnas\u00f5bralik<\/a>, j\u00e4\u00e4tmevaba tapeetimine<\/li>\n<li>Tasuta tapeediliim<\/li>\n<li>Tasuta transport ja kiire tarne 5 t\u00f6\u00f6p\u00e4evaga<\/li>\n<\/ul>\n<p>Loe l\u00e4hemalt nutikatest, eritellimust\u00f6\u00f6na valmivatest tapeetidest\u00a0<a href=\"https:\/\/baubauwall.com\/et\/keskkonnasobralikud-tapeedid\/\">siit.<\/a><\/p>\n","protected":false},"excerpt":{"rendered":"<p>P\u00fcstine tapeet, mis toob suvise mereranna l\u00f5putu ilu koju. &#8220;\u00d5htu rannas&#8221; on akvarellidega maalitud, moderne tapeedidisain, mis on osa meie vertikaalsete tapeetide kollektsioonist &#8220;Rannamaastikud&#8221;. Too meie l\u00fchikeste suvede hetked oma interj\u00f6\u00f6ri, nii p\u00fcsib suvesoojus kodus aastaringselt! &#8220;Rannamaastikud&#8221; on abstraktse disainiga tapeedid, mis on disainitud just v\u00e4iksemal seinal efekti loomiseks. Pilttapeedi pehmed hallid ja s\u00e4ravad oran\u017eid [&hellip;]<\/p>\n","protected":false},"featured_media":37702,"comment_status":"open","ping_status":"closed","template":"","meta":{"_acf_changed":false,"inline_featured_image":false},"product_brand":[],"product_cat":[729,387,622,404,396,272,273,275,410,411,413,415,416,399,402,699,583,245,246,252],"product_tag":[695,731,381],"class_list":{"0":"post-37691","1":"product","2":"type-product","3":"status-publish","4":"has-post-thumbnail","6":"product_cat-rannamaastikud-vertikaalsed-tapeedid","7":"product_cat-pilttapeedid","8":"product_cat-julged-tapeedid","9":"product_cat-abstraktne","10":"product_cat-skandinaavia","11":"product_cat-hallid-tapeedid","12":"product_cat-heledad-tapeedid","13":"product_cat-oranzid-tapeedid","14":"product_cat-valge-tapeedid","15":"product_cat-kollased-tapeedid","16":"product_cat-magamistoa-tapeedid","17":"product_cat-kulalistetoa-tapeedid","18":"product_cat-esiku-tapeedid","19":"product_cat-kodukontori-tapeedid","20":"product_cat-elutoa-tapeedid","21":"product_cat-eesti-disain-tapeedid","22":"product_cat-vesivarv","23":"product_cat-maastik","24":"product_cat-rand","25":"product_cat-ookean-meri","26":"product_tag-eesti-disain-tapeedid","27":"product_tag-vertikaalne-pustine-pilttapeet-et","28":"product_tag-vesivarv","29":"pa_designedby-triinu-silla","31":"first","32":"instock","33":"taxable","34":"shipping-taxable","35":"purchasable","36":"product-type-simple"},"acf":[],"yoast_head":"<!-- This site is optimized with the Yoast SEO plugin v25.9 - https:\/\/yoast.com\/wordpress\/plugins\/seo\/ -->\n<title>P\u00fcstine tapeet \u00d5htu Rannas - tapeedikollektsioon Rannamaastik<\/title>\n<meta name=\"description\" content=\"Vertikaalne tapeet \u00d5htune rand, mis sobib h\u00e4sti kitsale v\u00f5i v\u00e4ikesele seinale. Autorikollektsioon p\u00fcstiseid tapeete Rannamaastikud.\" \/>\n<meta name=\"robots\" content=\"index, follow, max-snippet:-1, max-image-preview:large, max-video-preview:-1\" \/>\n<link rel=\"canonical\" href=\"https:\/\/baubauwall.com\/et\/toode\/pustine-vertiklaane-tapeet-ohtu-rannas\/\" \/>\n<meta property=\"og:locale\" content=\"et_EE\" \/>\n<meta property=\"og:type\" content=\"article\" \/>\n<meta property=\"og:title\" content=\"\u00d5htu rannas\" \/>\n<meta property=\"og:description\" content=\"BAUBAUWALL TAPEEDID\" \/>\n<meta property=\"og:url\" content=\"https:\/\/baubauwall.com\/et\/toode\/pustine-vertiklaane-tapeet-ohtu-rannas\/\" \/>\n<meta property=\"og:site_name\" content=\"BAUBAUWALL TAPEEDID\" \/>\n<meta property=\"article:publisher\" content=\"https:\/\/www.facebook.com\/Baubauwall\" \/>\n<meta property=\"article:modified_time\" content=\"2024-08-19T13:49:51+00:00\" \/>\n<meta property=\"og:image\" content=\"https:\/\/baubauwall.com\/wp-content\/uploads\/2024\/08\/51200430_vertical_wallpaper_mural_portrait_room4_baubauwall.jpg\" \/>\n\t<meta property=\"og:image:width\" content=\"1000\" \/>\n\t<meta property=\"og:image:height\" content=\"1300\" \/>\n\t<meta property=\"og:image:type\" content=\"image\/jpeg\" \/>\n<meta name=\"twitter:card\" content=\"summary_large_image\" \/>\n<meta name=\"twitter:label1\" content=\"Est. reading time\" \/>\n\t<meta name=\"twitter:data1\" content=\"1 minut\" \/>\n<script type=\"application\/ld+json\" class=\"yoast-schema-graph\">{\"@context\":\"https:\/\/schema.org\",\"@graph\":[{\"@type\":\"WebPage\",\"@id\":\"https:\/\/baubauwall.com\/et\/toode\/pustine-vertiklaane-tapeet-ohtu-rannas\/\",\"url\":\"https:\/\/baubauwall.com\/et\/toode\/pustine-vertiklaane-tapeet-ohtu-rannas\/\",\"name\":\"P\u00fcstine tapeet \u00d5htu Rannas - tapeedikollektsioon Rannamaastik\",\"isPartOf\":{\"@id\":\"https:\/\/baubauwall.com\/et\/#website\"},\"primaryImageOfPage\":{\"@id\":\"https:\/\/baubauwall.com\/et\/toode\/pustine-vertiklaane-tapeet-ohtu-rannas\/#primaryimage\"},\"image\":{\"@id\":\"https:\/\/baubauwall.com\/et\/toode\/pustine-vertiklaane-tapeet-ohtu-rannas\/#primaryimage\"},\"thumbnailUrl\":\"https:\/\/baubauwall.com\/wp-content\/uploads\/2024\/08\/51200430_vertical_wallpaper_mural_portrait_baubauwall.jpg\",\"datePublished\":\"2024-08-15T14:32:59+00:00\",\"dateModified\":\"2024-08-19T13:49:51+00:00\",\"description\":\"Vertikaalne tapeet \u00d5htune rand, mis sobib h\u00e4sti kitsale v\u00f5i v\u00e4ikesele seinale. Autorikollektsioon p\u00fcstiseid tapeete Rannamaastikud.\",\"breadcrumb\":{\"@id\":\"https:\/\/baubauwall.com\/et\/toode\/pustine-vertiklaane-tapeet-ohtu-rannas\/#breadcrumb\"},\"inLanguage\":\"et\",\"potentialAction\":[{\"@type\":\"ReadAction\",\"target\":[\"https:\/\/baubauwall.com\/et\/toode\/pustine-vertiklaane-tapeet-ohtu-rannas\/\"]}]},{\"@type\":\"ImageObject\",\"inLanguage\":\"et\",\"@id\":\"https:\/\/baubauwall.com\/et\/toode\/pustine-vertiklaane-tapeet-ohtu-rannas\/#primaryimage\",\"url\":\"https:\/\/baubauwall.com\/wp-content\/uploads\/2024\/08\/51200430_vertical_wallpaper_mural_portrait_baubauwall.jpg\",\"contentUrl\":\"https:\/\/baubauwall.com\/wp-content\/uploads\/2024\/08\/51200430_vertical_wallpaper_mural_portrait_baubauwall.jpg\",\"width\":709,\"height\":1015,\"caption\":\"POrtrait layout wall mural - Vertical\"},{\"@type\":\"BreadcrumbList\",\"@id\":\"https:\/\/baubauwall.com\/et\/toode\/pustine-vertiklaane-tapeet-ohtu-rannas\/#breadcrumb\",\"itemListElement\":[{\"@type\":\"ListItem\",\"position\":1,\"name\":\"Koju\",\"item\":\"https:\/\/baubauwall.com\/et\/\"},{\"@type\":\"ListItem\",\"position\":2,\"name\":\"Tapeedid\",\"item\":\"https:\/\/baubauwall.com\/et\/tapeedid\/\"},{\"@type\":\"ListItem\",\"position\":3,\"name\":\"\u00d5htu rannas\"}]},{\"@type\":\"WebSite\",\"@id\":\"https:\/\/baubauwall.com\/et\/#website\",\"url\":\"https:\/\/baubauwall.com\/et\/\",\"name\":\"BAUBAUWALL Wallpapers\",\"description\":\"Valmis paanides tapeet Eestist!\",\"publisher\":{\"@id\":\"https:\/\/baubauwall.com\/et\/#organization\"},\"potentialAction\":[{\"@type\":\"SearchAction\",\"target\":{\"@type\":\"EntryPoint\",\"urlTemplate\":\"https:\/\/baubauwall.com\/et\/?s={search_term_string}\"},\"query-input\":{\"@type\":\"PropertyValueSpecification\",\"valueRequired\":true,\"valueName\":\"search_term_string\"}}],\"inLanguage\":\"et\"},{\"@type\":\"Organization\",\"@id\":\"https:\/\/baubauwall.com\/et\/#organization\",\"name\":\"BAUBAUWALL Wallpapers\",\"url\":\"https:\/\/baubauwall.com\/et\/\",\"logo\":{\"@type\":\"ImageObject\",\"inLanguage\":\"et\",\"@id\":\"https:\/\/baubauwall.com\/et\/#\/schema\/logo\/image\/\",\"url\":\"https:\/\/baubauwall.com\/wp-content\/uploads\/2022\/03\/logo-horizontal.svg\",\"contentUrl\":\"https:\/\/baubauwall.com\/wp-content\/uploads\/2022\/03\/logo-horizontal.svg\",\"width\":\"1024\",\"height\":\"1024\",\"caption\":\"BAUBAUWALL Wallpapers\"},\"image\":{\"@id\":\"https:\/\/baubauwall.com\/et\/#\/schema\/logo\/image\/\"},\"sameAs\":[\"https:\/\/www.facebook.com\/Baubauwall\",\"https:\/\/www.instagram.com\/baubauwall\"]}]}<\/script>\n<!-- \/ Yoast SEO plugin. -->","yoast_head_json":{"title":"P\u00fcstine tapeet \u00d5htu Rannas - tapeedikollektsioon Rannamaastik","description":"Vertikaalne tapeet \u00d5htune rand, mis sobib h\u00e4sti kitsale v\u00f5i v\u00e4ikesele seinale. Autorikollektsioon p\u00fcstiseid tapeete Rannamaastikud.","robots":{"index":"index","follow":"follow","max-snippet":"max-snippet:-1","max-image-preview":"max-image-preview:large","max-video-preview":"max-video-preview:-1"},"canonical":"https:\/\/baubauwall.com\/et\/toode\/pustine-vertiklaane-tapeet-ohtu-rannas\/","og_locale":"et_EE","og_type":"article","og_title":"\u00d5htu rannas","og_description":"BAUBAUWALL TAPEEDID","og_url":"https:\/\/baubauwall.com\/et\/toode\/pustine-vertiklaane-tapeet-ohtu-rannas\/","og_site_name":"BAUBAUWALL TAPEEDID","article_publisher":"https:\/\/www.facebook.com\/Baubauwall","article_modified_time":"2024-08-19T13:49:51+00:00","og_image":[{"width":1000,"height":1300,"url":"https:\/\/baubauwall.com\/wp-content\/uploads\/2024\/08\/51200430_vertical_wallpaper_mural_portrait_room4_baubauwall.jpg","type":"image\/jpeg"}],"twitter_card":"summary_large_image","twitter_misc":{"Est. reading time":"1 minut"},"schema":{"@context":"https:\/\/schema.org","@graph":[{"@type":"WebPage","@id":"https:\/\/baubauwall.com\/et\/toode\/pustine-vertiklaane-tapeet-ohtu-rannas\/","url":"https:\/\/baubauwall.com\/et\/toode\/pustine-vertiklaane-tapeet-ohtu-rannas\/","name":"P\u00fcstine tapeet \u00d5htu Rannas - tapeedikollektsioon Rannamaastik","isPartOf":{"@id":"https:\/\/baubauwall.com\/et\/#website"},"primaryImageOfPage":{"@id":"https:\/\/baubauwall.com\/et\/toode\/pustine-vertiklaane-tapeet-ohtu-rannas\/#primaryimage"},"image":{"@id":"https:\/\/baubauwall.com\/et\/toode\/pustine-vertiklaane-tapeet-ohtu-rannas\/#primaryimage"},"thumbnailUrl":"https:\/\/baubauwall.com\/wp-content\/uploads\/2024\/08\/51200430_vertical_wallpaper_mural_portrait_baubauwall.jpg","datePublished":"2024-08-15T14:32:59+00:00","dateModified":"2024-08-19T13:49:51+00:00","description":"Vertikaalne tapeet \u00d5htune rand, mis sobib h\u00e4sti kitsale v\u00f5i v\u00e4ikesele seinale. Autorikollektsioon p\u00fcstiseid tapeete Rannamaastikud.","breadcrumb":{"@id":"https:\/\/baubauwall.com\/et\/toode\/pustine-vertiklaane-tapeet-ohtu-rannas\/#breadcrumb"},"inLanguage":"et","potentialAction":[{"@type":"ReadAction","target":["https:\/\/baubauwall.com\/et\/toode\/pustine-vertiklaane-tapeet-ohtu-rannas\/"]}]},{"@type":"ImageObject","inLanguage":"et","@id":"https:\/\/baubauwall.com\/et\/toode\/pustine-vertiklaane-tapeet-ohtu-rannas\/#primaryimage","url":"https:\/\/baubauwall.com\/wp-content\/uploads\/2024\/08\/51200430_vertical_wallpaper_mural_portrait_baubauwall.jpg","contentUrl":"https:\/\/baubauwall.com\/wp-content\/uploads\/2024\/08\/51200430_vertical_wallpaper_mural_portrait_baubauwall.jpg","width":709,"height":1015,"caption":"POrtrait layout wall mural - Vertical"},{"@type":"BreadcrumbList","@id":"https:\/\/baubauwall.com\/et\/toode\/pustine-vertiklaane-tapeet-ohtu-rannas\/#breadcrumb","itemListElement":[{"@type":"ListItem","position":1,"name":"Koju","item":"https:\/\/baubauwall.com\/et\/"},{"@type":"ListItem","position":2,"name":"Tapeedid","item":"https:\/\/baubauwall.com\/et\/tapeedid\/"},{"@type":"ListItem","position":3,"name":"\u00d5htu rannas"}]},{"@type":"WebSite","@id":"https:\/\/baubauwall.com\/et\/#website","url":"https:\/\/baubauwall.com\/et\/","name":"BAUBAUWALL Wallpapers","description":"Valmis paanides tapeet Eestist!","publisher":{"@id":"https:\/\/baubauwall.com\/et\/#organization"},"potentialAction":[{"@type":"SearchAction","target":{"@type":"EntryPoint","urlTemplate":"https:\/\/baubauwall.com\/et\/?s={search_term_string}"},"query-input":{"@type":"PropertyValueSpecification","valueRequired":true,"valueName":"search_term_string"}}],"inLanguage":"et"},{"@type":"Organization","@id":"https:\/\/baubauwall.com\/et\/#organization","name":"BAUBAUWALL Wallpapers","url":"https:\/\/baubauwall.com\/et\/","logo":{"@type":"ImageObject","inLanguage":"et","@id":"https:\/\/baubauwall.com\/et\/#\/schema\/logo\/image\/","url":"https:\/\/baubauwall.com\/wp-content\/uploads\/2022\/03\/logo-horizontal.svg","contentUrl":"https:\/\/baubauwall.com\/wp-content\/uploads\/2022\/03\/logo-horizontal.svg","width":"1024","height":"1024","caption":"BAUBAUWALL Wallpapers"},"image":{"@id":"https:\/\/baubauwall.com\/et\/#\/schema\/logo\/image\/"},"sameAs":["https:\/\/www.facebook.com\/Baubauwall","https:\/\/www.instagram.com\/baubauwall"]}]}},"jetpack_sharing_enabled":true,"_links":{"self":[{"href":"https:\/\/baubauwall.com\/et\/wp-json\/wp\/v2\/product\/37691","targetHints":{"allow":["GET"]}}],"collection":[{"href":"https:\/\/baubauwall.com\/et\/wp-json\/wp\/v2\/product"}],"about":[{"href":"https:\/\/baubauwall.com\/et\/wp-json\/wp\/v2\/types\/product"}],"replies":[{"embeddable":true,"href":"https:\/\/baubauwall.com\/et\/wp-json\/wp\/v2\/comments?post=37691"}],"wp:featuredmedia":[{"embeddable":true,"href":"https:\/\/baubauwall.com\/et\/wp-json\/wp\/v2\/media\/37702"}],"wp:attachment":[{"href":"https:\/\/baubauwall.com\/et\/wp-json\/wp\/v2\/media?parent=37691"}],"wp:term":[{"taxonomy":"product_brand","embeddable":true,"href":"https:\/\/baubauwall.com\/et\/wp-json\/wp\/v2\/product_brand?post=37691"},{"taxonomy":"product_cat","embeddable":true,"href":"https:\/\/baubauwall.com\/et\/wp-json\/wp\/v2\/product_cat?post=37691"},{"taxonomy":"product_tag","embeddable":true,"href":"https:\/\/baubauwall.com\/et\/wp-json\/wp\/v2\/product_tag?post=37691"}],"curies":[{"name":"wp","href":"https:\/\/api.w.org\/{rel}","templated":true}]}}