{"id":37692,"date":"2024-08-15T16:38:47","date_gmt":"2024-08-15T14:38:47","guid":{"rendered":"https:\/\/baubauwall.com\/product\/vertical-wall-mural-wallpaper-coastal-reflection\/"},"modified":"2024-08-19T15:20:53","modified_gmt":"2024-08-19T13:20:53","slug":"pustine-vertiklaane-pilttapeet-rannikupeegeldus","status":"publish","type":"product","link":"https:\/\/baubauwall.com\/et\/toode\/pustine-vertiklaane-pilttapeet-rannikupeegeldus\/","title":{"rendered":"Rannikupeegeldus"},"content":{"rendered":"<div class=\"flex-shrink-0 flex flex-col relative items-end\">\n<div class=\"pt-0\">\n<div class=\"gizmo-bot-avatar flex h-8 w-8 items-center justify-center overflow-hidden rounded-full\">\n<div>Akvarellidega maalitud p\u00fcstine tapeet, mis toob sumedad suve\u00f5htud mere \u00e4\u00e4res Sinu interj\u00f6\u00f6ri aastaringselt. Tead ju k\u00fcll, kui l\u00fchikesed, ent erilised on meie suved. V\u00e4ike kollektsioon tapeete &#8220;Rannamaastikud&#8221; p\u00fc\u00fcab need erilises hetked tapeedile ja nii v\u00f5ivad nad Sinuga olla just nii kaua, kui soovid. Tapeet &#8220;Rannikupeegeldus&#8221; j\u00e4\u00e4dvustab veelainetuses sumeda p\u00e4ikese, P\u00f5hjamaise rannikutaimestiku ning killukese \u00f5htutaevast.<\/div>\n<div>Pilttapeedi taust on valge &#8211; nii on lihtne paigaldada tapeet valgele seinale. Tulemuseks on efektne disain seinal, mis m\u00f5jub s\u00f5na otseses m\u00f5ttes maalina.<\/div>\n<div><\/div>\n<div class=\"relative p-1 rounded-sm flex items-center justify-center bg-token-main-surface-primary text-token-text-primary h-8 w-8\"><a href=\"https:\/\/baubauwall.com\/et\/tootekategooria\/tapeedi-kollektsioonid\/rannamaastikud-vertikaalsed-tapeedid\/\" target=\"_blank\" rel=\"noopener\"><strong>Rannamaastikud<\/strong><\/a> on vertikaalsete pilttapeetide kollektsioon, mis pakub v\u00e4rske pilgu tapeetidele. See tapeedikollektsioon toob koju abstraktsed suvised rannavaated. Meie l\u00fchikese suve talletas tapeetidele disainer <strong>Triinu Silla<\/strong>. Vesiv\u00e4rvidega maalitud oman\u00e4olised tapeedid on inspiratsiooni saanud nii Peipsiveerelt, Piritalt, P\u00f5hja-Tallinnast, P\u00e4rnu rannaniitudelt ning mujalt. Millist randa t\u00f5lgendad millisel tapeedidisainil &#8211; otsustad ise.<\/div>\n<div><\/div>\n<\/div>\n<\/div>\n<\/div>\n<div class=\"group\/conversation-turn relative flex w-full min-w-0 flex-col agent-turn\">\n<div class=\"flex-col gap-1 md:gap-3\">\n<div class=\"flex max-w-full flex-col flex-grow\">\n<div class=\"min-h-[20px] text-message flex w-full flex-col items-end gap-2 whitespace-pre-wrap break-words [.text-message+&amp;]:mt-5 overflow-x-auto\" dir=\"auto\" data-message-author-role=\"assistant\" data-message-id=\"4a2ceb4f-a163-4e74-82f8-54fb30de6948\">\n<div class=\"flex w-full flex-col gap-1 empty:hidden first:pt-[3px]\">\n<div class=\"markdown prose w-full break-words dark:prose-invert light\">\n<p>\u00a0<strong>Miks osta tapeet siit? Me teeme tapeetimise lihtsaks ja inspireerivaks.<\/strong><\/p>\n<ul>\n<li>Eesti disain<\/li>\n<li>Nummerdatud tapeedipaanid<\/li>\n<li>Just nii pikad tapeedipaanid, kui on Sinu sein<\/li>\n<li>Premium, matt fliistapeedi materjal<\/li>\n<li>M\u00fcrgivabad tr\u00fckiv\u00e4rvid, Greenguard sertifitseeritud<\/li>\n<li>Keskkonnas\u00f5bralik, j\u00e4\u00e4tmevaba tapeetimine<\/li>\n<li>Tasuta tapeediliim<\/li>\n<li>Tasuta transport ja kiire tarne 5 t\u00f6\u00f6p\u00e4evaga<\/li>\n<\/ul>\n<p>Loe l\u00e4hemalt nutikatest, eritellimust\u00f6\u00f6na valmivatest tapeetidest\u00a0<a href=\"https:\/\/baubauwall.com\/et\/keskkonnasobralikud-tapeedid\/\">siit.<\/a><\/p>\n<\/div>\n<\/div>\n<\/div>\n<\/div>\n<\/div>\n<\/div>\n","protected":false},"excerpt":{"rendered":"<p>Akvarellidega maalitud p\u00fcstine tapeet, mis toob sumedad suve\u00f5htud mere \u00e4\u00e4res Sinu interj\u00f6\u00f6ri aastaringselt. Tead ju k\u00fcll, kui l\u00fchikesed, ent erilised on meie suved. V\u00e4ike kollektsioon tapeete &#8220;Rannamaastikud&#8221; p\u00fc\u00fcab need erilises hetked tapeedile ja nii v\u00f5ivad nad Sinuga olla just nii kaua, kui soovid. Tapeet &#8220;Rannikupeegeldus&#8221; j\u00e4\u00e4dvustab veelainetuses sumeda p\u00e4ikese, P\u00f5hjamaise rannikutaimestiku ning killukese \u00f5htutaevast. Pilttapeedi [&hellip;]<\/p>\n","protected":false},"featured_media":37656,"comment_status":"open","ping_status":"closed","template":"","meta":{"_acf_changed":false,"inline_featured_image":false},"product_brand":[],"product_cat":[729,387,622,404,396,265,272,273,275,410,411,413,415,416,399,402,699,583,245,246,252,715],"product_tag":[695,731,381],"class_list":{"0":"post-37692","1":"product","2":"type-product","3":"status-publish","4":"has-post-thumbnail","6":"product_cat-rannamaastikud-vertikaalsed-tapeedid","7":"product_cat-pilttapeedid","8":"product_cat-julged-tapeedid","9":"product_cat-abstraktne","10":"product_cat-skandinaavia","11":"product_cat-beezid-tapeedid","12":"product_cat-hallid-tapeedid","13":"product_cat-heledad-tapeedid","14":"product_cat-oranzid-tapeedid","15":"product_cat-valge-tapeedid","16":"product_cat-kollased-tapeedid","17":"product_cat-magamistoa-tapeedid","18":"product_cat-kulalistetoa-tapeedid","19":"product_cat-esiku-tapeedid","20":"product_cat-kodukontori-tapeedid","21":"product_cat-elutoa-tapeedid","22":"product_cat-eesti-disain-tapeedid","23":"product_cat-vesivarv","24":"product_cat-maastik","25":"product_cat-rand","26":"product_cat-ookean-meri","27":"product_cat-soodsad-tapeedid-leiunurk","28":"product_tag-eesti-disain-tapeedid","29":"product_tag-vertikaalne-pustine-pilttapeet-et","30":"product_tag-vesivarv","31":"pa_designedby-triinu-silla","33":"first","34":"instock","35":"sale","36":"taxable","37":"shipping-taxable","38":"purchasable","39":"product-type-simple"},"acf":[],"yoast_head":"<!-- This site is optimized with the Yoast SEO plugin v25.9 - https:\/\/yoast.com\/wordpress\/plugins\/seo\/ -->\n<title>Disaintapeet, mis on nagu akvarellimaal - Rannikupeegeldus<\/title>\n<meta name=\"description\" content=\"Vesiv\u00e4rvidega maalitud pilttapeet Rannamaastik, mis sobib h\u00e4sti kitsale seinale. P\u00fcstine formaat v\u00f5imaldab kasutada tapeeti h\u00e4sti v\u00e4iksemas ni\u0161is.\" \/>\n<meta name=\"robots\" content=\"index, follow, max-snippet:-1, max-image-preview:large, max-video-preview:-1\" \/>\n<link rel=\"canonical\" href=\"https:\/\/baubauwall.com\/et\/toode\/pustine-vertiklaane-pilttapeet-rannikupeegeldus\/\" \/>\n<meta property=\"og:locale\" content=\"et_EE\" \/>\n<meta property=\"og:type\" content=\"article\" \/>\n<meta property=\"og:title\" content=\"Rannikupeegeldus\" \/>\n<meta property=\"og:description\" content=\"BAUBAUWALL TAPEEDID\" \/>\n<meta property=\"og:url\" content=\"https:\/\/baubauwall.com\/et\/toode\/pustine-vertiklaane-pilttapeet-rannikupeegeldus\/\" \/>\n<meta property=\"og:site_name\" content=\"BAUBAUWALL TAPEEDID\" \/>\n<meta property=\"article:publisher\" content=\"https:\/\/www.facebook.com\/Baubauwall\" \/>\n<meta property=\"article:modified_time\" content=\"2024-08-19T13:20:53+00:00\" \/>\n<meta property=\"og:image\" content=\"https:\/\/baubauwall.com\/wp-content\/uploads\/2024\/08\/51200430_vertical_wallpaper_mural_portrait_room4_baubauwall.jpg\" \/>\n\t<meta property=\"og:image:width\" content=\"1000\" \/>\n\t<meta property=\"og:image:height\" content=\"1300\" \/>\n\t<meta property=\"og:image:type\" content=\"image\/jpeg\" \/>\n<meta name=\"twitter:card\" content=\"summary_large_image\" \/>\n<meta name=\"twitter:label1\" content=\"Est. reading time\" \/>\n\t<meta name=\"twitter:data1\" content=\"1 minut\" \/>\n<script type=\"application\/ld+json\" class=\"yoast-schema-graph\">{\"@context\":\"https:\/\/schema.org\",\"@graph\":[{\"@type\":\"WebPage\",\"@id\":\"https:\/\/baubauwall.com\/et\/toode\/pustine-vertiklaane-pilttapeet-rannikupeegeldus\/\",\"url\":\"https:\/\/baubauwall.com\/et\/toode\/pustine-vertiklaane-pilttapeet-rannikupeegeldus\/\",\"name\":\"Disaintapeet, mis on nagu akvarellimaal - Rannikupeegeldus\",\"isPartOf\":{\"@id\":\"https:\/\/baubauwall.com\/et\/#website\"},\"primaryImageOfPage\":{\"@id\":\"https:\/\/baubauwall.com\/et\/toode\/pustine-vertiklaane-pilttapeet-rannikupeegeldus\/#primaryimage\"},\"image\":{\"@id\":\"https:\/\/baubauwall.com\/et\/toode\/pustine-vertiklaane-pilttapeet-rannikupeegeldus\/#primaryimage\"},\"thumbnailUrl\":\"https:\/\/baubauwall.com\/wp-content\/uploads\/2024\/08\/51200431_bauabuwall_vetical_wallpaper_mural_portrait_room-3-Copy.jpg\",\"datePublished\":\"2024-08-15T14:38:47+00:00\",\"dateModified\":\"2024-08-19T13:20:53+00:00\",\"description\":\"Vesiv\u00e4rvidega maalitud pilttapeet Rannamaastik, mis sobib h\u00e4sti kitsale seinale. P\u00fcstine formaat v\u00f5imaldab kasutada tapeeti h\u00e4sti v\u00e4iksemas ni\u0161is.\",\"breadcrumb\":{\"@id\":\"https:\/\/baubauwall.com\/et\/toode\/pustine-vertiklaane-pilttapeet-rannikupeegeldus\/#breadcrumb\"},\"inLanguage\":\"et\",\"potentialAction\":[{\"@type\":\"ReadAction\",\"target\":[\"https:\/\/baubauwall.com\/et\/toode\/pustine-vertiklaane-pilttapeet-rannikupeegeldus\/\"]}]},{\"@type\":\"ImageObject\",\"inLanguage\":\"et\",\"@id\":\"https:\/\/baubauwall.com\/et\/toode\/pustine-vertiklaane-pilttapeet-rannikupeegeldus\/#primaryimage\",\"url\":\"https:\/\/baubauwall.com\/wp-content\/uploads\/2024\/08\/51200431_bauabuwall_vetical_wallpaper_mural_portrait_room-3-Copy.jpg\",\"contentUrl\":\"https:\/\/baubauwall.com\/wp-content\/uploads\/2024\/08\/51200431_bauabuwall_vetical_wallpaper_mural_portrait_room-3-Copy.jpg\",\"width\":709,\"height\":1068},{\"@type\":\"BreadcrumbList\",\"@id\":\"https:\/\/baubauwall.com\/et\/toode\/pustine-vertiklaane-pilttapeet-rannikupeegeldus\/#breadcrumb\",\"itemListElement\":[{\"@type\":\"ListItem\",\"position\":1,\"name\":\"Koju\",\"item\":\"https:\/\/baubauwall.com\/et\/\"},{\"@type\":\"ListItem\",\"position\":2,\"name\":\"Tapeedid\",\"item\":\"https:\/\/baubauwall.com\/et\/tapeedid\/\"},{\"@type\":\"ListItem\",\"position\":3,\"name\":\"Rannikupeegeldus\"}]},{\"@type\":\"WebSite\",\"@id\":\"https:\/\/baubauwall.com\/et\/#website\",\"url\":\"https:\/\/baubauwall.com\/et\/\",\"name\":\"BAUBAUWALL Wallpapers\",\"description\":\"Valmis paanides tapeet Eestist!\",\"publisher\":{\"@id\":\"https:\/\/baubauwall.com\/et\/#organization\"},\"potentialAction\":[{\"@type\":\"SearchAction\",\"target\":{\"@type\":\"EntryPoint\",\"urlTemplate\":\"https:\/\/baubauwall.com\/et\/?s={search_term_string}\"},\"query-input\":{\"@type\":\"PropertyValueSpecification\",\"valueRequired\":true,\"valueName\":\"search_term_string\"}}],\"inLanguage\":\"et\"},{\"@type\":\"Organization\",\"@id\":\"https:\/\/baubauwall.com\/et\/#organization\",\"name\":\"BAUBAUWALL Wallpapers\",\"url\":\"https:\/\/baubauwall.com\/et\/\",\"logo\":{\"@type\":\"ImageObject\",\"inLanguage\":\"et\",\"@id\":\"https:\/\/baubauwall.com\/et\/#\/schema\/logo\/image\/\",\"url\":\"https:\/\/baubauwall.com\/wp-content\/uploads\/2022\/03\/logo-horizontal.svg\",\"contentUrl\":\"https:\/\/baubauwall.com\/wp-content\/uploads\/2022\/03\/logo-horizontal.svg\",\"width\":\"1024\",\"height\":\"1024\",\"caption\":\"BAUBAUWALL Wallpapers\"},\"image\":{\"@id\":\"https:\/\/baubauwall.com\/et\/#\/schema\/logo\/image\/\"},\"sameAs\":[\"https:\/\/www.facebook.com\/Baubauwall\",\"https:\/\/www.instagram.com\/baubauwall\"]}]}<\/script>\n<!-- \/ Yoast SEO plugin. -->","yoast_head_json":{"title":"Disaintapeet, mis on nagu akvarellimaal - Rannikupeegeldus","description":"Vesiv\u00e4rvidega maalitud pilttapeet Rannamaastik, mis sobib h\u00e4sti kitsale seinale. P\u00fcstine formaat v\u00f5imaldab kasutada tapeeti h\u00e4sti v\u00e4iksemas ni\u0161is.","robots":{"index":"index","follow":"follow","max-snippet":"max-snippet:-1","max-image-preview":"max-image-preview:large","max-video-preview":"max-video-preview:-1"},"canonical":"https:\/\/baubauwall.com\/et\/toode\/pustine-vertiklaane-pilttapeet-rannikupeegeldus\/","og_locale":"et_EE","og_type":"article","og_title":"Rannikupeegeldus","og_description":"BAUBAUWALL TAPEEDID","og_url":"https:\/\/baubauwall.com\/et\/toode\/pustine-vertiklaane-pilttapeet-rannikupeegeldus\/","og_site_name":"BAUBAUWALL TAPEEDID","article_publisher":"https:\/\/www.facebook.com\/Baubauwall","article_modified_time":"2024-08-19T13:20:53+00:00","og_image":[{"width":1000,"height":1300,"url":"https:\/\/baubauwall.com\/wp-content\/uploads\/2024\/08\/51200430_vertical_wallpaper_mural_portrait_room4_baubauwall.jpg","type":"image\/jpeg"}],"twitter_card":"summary_large_image","twitter_misc":{"Est. reading time":"1 minut"},"schema":{"@context":"https:\/\/schema.org","@graph":[{"@type":"WebPage","@id":"https:\/\/baubauwall.com\/et\/toode\/pustine-vertiklaane-pilttapeet-rannikupeegeldus\/","url":"https:\/\/baubauwall.com\/et\/toode\/pustine-vertiklaane-pilttapeet-rannikupeegeldus\/","name":"Disaintapeet, mis on nagu akvarellimaal - Rannikupeegeldus","isPartOf":{"@id":"https:\/\/baubauwall.com\/et\/#website"},"primaryImageOfPage":{"@id":"https:\/\/baubauwall.com\/et\/toode\/pustine-vertiklaane-pilttapeet-rannikupeegeldus\/#primaryimage"},"image":{"@id":"https:\/\/baubauwall.com\/et\/toode\/pustine-vertiklaane-pilttapeet-rannikupeegeldus\/#primaryimage"},"thumbnailUrl":"https:\/\/baubauwall.com\/wp-content\/uploads\/2024\/08\/51200431_bauabuwall_vetical_wallpaper_mural_portrait_room-3-Copy.jpg","datePublished":"2024-08-15T14:38:47+00:00","dateModified":"2024-08-19T13:20:53+00:00","description":"Vesiv\u00e4rvidega maalitud pilttapeet Rannamaastik, mis sobib h\u00e4sti kitsale seinale. P\u00fcstine formaat v\u00f5imaldab kasutada tapeeti h\u00e4sti v\u00e4iksemas ni\u0161is.","breadcrumb":{"@id":"https:\/\/baubauwall.com\/et\/toode\/pustine-vertiklaane-pilttapeet-rannikupeegeldus\/#breadcrumb"},"inLanguage":"et","potentialAction":[{"@type":"ReadAction","target":["https:\/\/baubauwall.com\/et\/toode\/pustine-vertiklaane-pilttapeet-rannikupeegeldus\/"]}]},{"@type":"ImageObject","inLanguage":"et","@id":"https:\/\/baubauwall.com\/et\/toode\/pustine-vertiklaane-pilttapeet-rannikupeegeldus\/#primaryimage","url":"https:\/\/baubauwall.com\/wp-content\/uploads\/2024\/08\/51200431_bauabuwall_vetical_wallpaper_mural_portrait_room-3-Copy.jpg","contentUrl":"https:\/\/baubauwall.com\/wp-content\/uploads\/2024\/08\/51200431_bauabuwall_vetical_wallpaper_mural_portrait_room-3-Copy.jpg","width":709,"height":1068},{"@type":"BreadcrumbList","@id":"https:\/\/baubauwall.com\/et\/toode\/pustine-vertiklaane-pilttapeet-rannikupeegeldus\/#breadcrumb","itemListElement":[{"@type":"ListItem","position":1,"name":"Koju","item":"https:\/\/baubauwall.com\/et\/"},{"@type":"ListItem","position":2,"name":"Tapeedid","item":"https:\/\/baubauwall.com\/et\/tapeedid\/"},{"@type":"ListItem","position":3,"name":"Rannikupeegeldus"}]},{"@type":"WebSite","@id":"https:\/\/baubauwall.com\/et\/#website","url":"https:\/\/baubauwall.com\/et\/","name":"BAUBAUWALL Wallpapers","description":"Valmis paanides tapeet Eestist!","publisher":{"@id":"https:\/\/baubauwall.com\/et\/#organization"},"potentialAction":[{"@type":"SearchAction","target":{"@type":"EntryPoint","urlTemplate":"https:\/\/baubauwall.com\/et\/?s={search_term_string}"},"query-input":{"@type":"PropertyValueSpecification","valueRequired":true,"valueName":"search_term_string"}}],"inLanguage":"et"},{"@type":"Organization","@id":"https:\/\/baubauwall.com\/et\/#organization","name":"BAUBAUWALL Wallpapers","url":"https:\/\/baubauwall.com\/et\/","logo":{"@type":"ImageObject","inLanguage":"et","@id":"https:\/\/baubauwall.com\/et\/#\/schema\/logo\/image\/","url":"https:\/\/baubauwall.com\/wp-content\/uploads\/2022\/03\/logo-horizontal.svg","contentUrl":"https:\/\/baubauwall.com\/wp-content\/uploads\/2022\/03\/logo-horizontal.svg","width":"1024","height":"1024","caption":"BAUBAUWALL Wallpapers"},"image":{"@id":"https:\/\/baubauwall.com\/et\/#\/schema\/logo\/image\/"},"sameAs":["https:\/\/www.facebook.com\/Baubauwall","https:\/\/www.instagram.com\/baubauwall"]}]}},"jetpack_sharing_enabled":true,"_links":{"self":[{"href":"https:\/\/baubauwall.com\/et\/wp-json\/wp\/v2\/product\/37692","targetHints":{"allow":["GET"]}}],"collection":[{"href":"https:\/\/baubauwall.com\/et\/wp-json\/wp\/v2\/product"}],"about":[{"href":"https:\/\/baubauwall.com\/et\/wp-json\/wp\/v2\/types\/product"}],"replies":[{"embeddable":true,"href":"https:\/\/baubauwall.com\/et\/wp-json\/wp\/v2\/comments?post=37692"}],"wp:featuredmedia":[{"embeddable":true,"href":"https:\/\/baubauwall.com\/et\/wp-json\/wp\/v2\/media\/37656"}],"wp:attachment":[{"href":"https:\/\/baubauwall.com\/et\/wp-json\/wp\/v2\/media?parent=37692"}],"wp:term":[{"taxonomy":"product_brand","embeddable":true,"href":"https:\/\/baubauwall.com\/et\/wp-json\/wp\/v2\/product_brand?post=37692"},{"taxonomy":"product_cat","embeddable":true,"href":"https:\/\/baubauwall.com\/et\/wp-json\/wp\/v2\/product_cat?post=37692"},{"taxonomy":"product_tag","embeddable":true,"href":"https:\/\/baubauwall.com\/et\/wp-json\/wp\/v2\/product_tag?post=37692"}],"curies":[{"name":"wp","href":"https:\/\/api.w.org\/{rel}","templated":true}]}}