{"id":37890,"date":"2023-09-03T13:24:45","date_gmt":"2023-09-03T11:24:45","guid":{"rendered":"https:\/\/baubauwall.com\/?post_type=product&#038;p=37890"},"modified":"2024-09-03T15:39:21","modified_gmt":"2024-09-03T13:39:21","slug":"tapeet-grand-gala-oliivroheline","status":"publish","type":"product","link":"https:\/\/baubauwall.com\/et\/toode\/tapeet-grand-gala-oliivroheline\/","title":{"rendered":"Grand Gala &#8211; oliiviroheline"},"content":{"rendered":"<p>Roheline tapeet ei l\u00e4he iialgi moest! Kui Art Deco stiil on olnud sisustajate lemmik aastak\u00fcmneid, siis ei muutu see niipea! Selle tapeedi \u00e4ratuntavas art deco stiilis suur rombimuster laotub k\u00fclluslikes vasetoonides oliivrohelisel taustal.<br \/>\nTapeedi uhked jooned annavad disainile julge v\u00e4limuse ja luksusliku tunde. \u00dchenda geomeetrilise tapeedi\u00a0 v\u00e4rviskeem moodsa sisekujundusega ja saavutad huvitava interj\u00f6\u00f6ri, olgu selleks siis Sinu silmapaistev magamistuba, suurep\u00e4rane elutuba v\u00f5i s\u00f6\u00f6gituba, kus s\u00f5pru v\u00f5\u00f5rustada.<\/p>\n<p><strong>Miks osta tapeet siit? Tapeetimine pole kunagi nii lihtne olnud!<\/strong><\/p>\n<ul>\n<li>Eesti disain<\/li>\n<li>Nummerdatud tapeedipaanid<\/li>\n<li>Just nii pikad paanid, kui on Sinu sein<\/li>\n<li>Premium, matt fliistapeedi materjal<\/li>\n<li>M\u00fcrgivabad tr\u00fckiv\u00e4rvid, Greenguard sertifitseeritud<\/li>\n<li>Keskkonnas\u00f5bralik, j\u00e4\u00e4tmevaba tapeetimine<\/li>\n<li>Tasuta tapeediliim<\/li>\n<li>Tasuta transport ja kiire tarne 5 t\u00f6\u00f6p\u00e4evaga<\/li>\n<\/ul>\n<p>Loe l\u00e4hemalt nutikatest, eritellimust\u00f6\u00f6na valmivatest tapeetidest\u00a0<a href=\"https:\/\/baubauwall.com\/et\/keskkonnasobralikud-tapeedid\/\">siit.<\/a><\/p>\n","protected":false},"excerpt":{"rendered":"<p>Roheline tapeet ei l\u00e4he iialgi moest! Kui Art Deco stiil on olnud sisustajate lemmik aastak\u00fcmneid, siis ei muutu see niipea! Selle tapeedi \u00e4ratuntavas art deco stiilis suur rombimuster laotub k\u00fclluslikes vasetoonides oliivrohelisel taustal. Tapeedi uhked jooned annavad disainile julge v\u00e4limuse ja luksusliku tunde. \u00dchenda geomeetrilise tapeedi\u00a0 v\u00e4rviskeem moodsa sisekujundusega ja saavutad huvitava interj\u00f6\u00f6ri, olgu selleks [&hellip;]<\/p>\n","protected":false},"featured_media":37913,"comment_status":"open","ping_status":"closed","template":"","meta":{"_acf_changed":false,"inline_featured_image":false},"product_brand":[],"product_cat":[386,408,405,271,413,414,415,416,399,402],"product_tag":[],"class_list":{"0":"post-37890","1":"product","2":"type-product","3":"status-publish","4":"has-post-thumbnail","6":"product_cat-kordusmustriga-tapeedid","7":"product_cat-geomeetriline","8":"product_cat-art-deco","9":"product_cat-rohelised-tapeedid","10":"product_cat-magamistoa-tapeedid","11":"product_cat-soogitoa-tapeedid","12":"product_cat-kulalistetoa-tapeedid","13":"product_cat-esiku-tapeedid","14":"product_cat-kodukontori-tapeedid","15":"product_cat-elutoa-tapeedid","16":"pa_designedby-baubauwall","18":"first","19":"instock","20":"taxable","21":"shipping-taxable","22":"purchasable","23":"product-type-simple"},"acf":[],"yoast_head":"<!-- This site is optimized with the Yoast SEO plugin v25.9 - https:\/\/yoast.com\/wordpress\/plugins\/seo\/ -->\n<title>Tapeet Art deco stiilis roheline, geomeetriline disain. Elutoa tapeet<\/title>\n<meta name=\"description\" content=\"Geomeetriline muster laia kordusmustriga. Sinu seina m\u00f5\u00f5tu tr\u00fckitud t\u00e4psed tapeedipaanid. Art deco efektne geomeetriline tapeet rohelisel taustal.\" \/>\n<meta name=\"robots\" content=\"index, follow, max-snippet:-1, max-image-preview:large, max-video-preview:-1\" \/>\n<link rel=\"canonical\" href=\"https:\/\/baubauwall.com\/et\/toode\/tapeet-grand-gala-oliivroheline\/\" \/>\n<meta property=\"og:locale\" content=\"et_EE\" \/>\n<meta property=\"og:type\" content=\"article\" \/>\n<meta property=\"og:title\" content=\"Tapeet Art deco stiilis roheline, geomeetriline disain. Elutoa tapeet\" \/>\n<meta property=\"og:description\" content=\"Geomeetriline muster laia kordusmustriga. Sinu seina m\u00f5\u00f5tu tr\u00fckitud t\u00e4psed tapeedipaanid. Art deco efektne geomeetriline tapeet rohelisel taustal.\" \/>\n<meta property=\"og:url\" content=\"https:\/\/baubauwall.com\/et\/toode\/tapeet-grand-gala-oliivroheline\/\" \/>\n<meta property=\"og:site_name\" content=\"BAUBAUWALL Wallpapers\" \/>\n<meta property=\"article:publisher\" content=\"https:\/\/www.facebook.com\/Baubauwall\" \/>\n<meta property=\"article:modified_time\" content=\"2024-09-03T13:39:21+00:00\" \/>\n<meta property=\"og:image\" content=\"https:\/\/baubauwall.com\/wp-content\/uploads\/2023\/09\/51100427_GrandGala_OliveGreen_Baubauwall_Wallpaper_room-1.jpg\" \/>\n\t<meta property=\"og:image:width\" content=\"2000\" \/>\n\t<meta property=\"og:image:height\" content=\"1334\" \/>\n\t<meta property=\"og:image:type\" content=\"image\/jpeg\" \/>\n<meta name=\"twitter:card\" content=\"summary_large_image\" \/>\n<meta name=\"twitter:label1\" content=\"Est. reading time\" \/>\n\t<meta name=\"twitter:data1\" content=\"1 minut\" \/>\n<script type=\"application\/ld+json\" class=\"yoast-schema-graph\">{\"@context\":\"https:\/\/schema.org\",\"@graph\":[{\"@type\":\"WebPage\",\"@id\":\"https:\/\/baubauwall.com\/et\/toode\/tapeet-grand-gala-oliivroheline\/\",\"url\":\"https:\/\/baubauwall.com\/et\/toode\/tapeet-grand-gala-oliivroheline\/\",\"name\":\"Tapeet Art deco stiilis roheline, geomeetriline disain. Elutoa tapeet\",\"isPartOf\":{\"@id\":\"https:\/\/baubauwall.com\/et\/#website\"},\"primaryImageOfPage\":{\"@id\":\"https:\/\/baubauwall.com\/et\/toode\/tapeet-grand-gala-oliivroheline\/#primaryimage\"},\"image\":{\"@id\":\"https:\/\/baubauwall.com\/et\/toode\/tapeet-grand-gala-oliivroheline\/#primaryimage\"},\"thumbnailUrl\":\"https:\/\/baubauwall.com\/wp-content\/uploads\/2023\/09\/51100427_GrandGala_OliveGreen_Baubauwall_Wallpaper_room-1.jpg\",\"datePublished\":\"2023-09-03T11:24:45+00:00\",\"dateModified\":\"2024-09-03T13:39:21+00:00\",\"description\":\"Geomeetriline muster laia kordusmustriga. Sinu seina m\u00f5\u00f5tu tr\u00fckitud t\u00e4psed tapeedipaanid. Art deco efektne geomeetriline tapeet rohelisel taustal.\",\"breadcrumb\":{\"@id\":\"https:\/\/baubauwall.com\/et\/toode\/tapeet-grand-gala-oliivroheline\/#breadcrumb\"},\"inLanguage\":\"et\",\"potentialAction\":[{\"@type\":\"ReadAction\",\"target\":[\"https:\/\/baubauwall.com\/et\/toode\/tapeet-grand-gala-oliivroheline\/\"]}]},{\"@type\":\"ImageObject\",\"inLanguage\":\"et\",\"@id\":\"https:\/\/baubauwall.com\/et\/toode\/tapeet-grand-gala-oliivroheline\/#primaryimage\",\"url\":\"https:\/\/baubauwall.com\/wp-content\/uploads\/2023\/09\/51100427_GrandGala_OliveGreen_Baubauwall_Wallpaper_room-1.jpg\",\"contentUrl\":\"https:\/\/baubauwall.com\/wp-content\/uploads\/2023\/09\/51100427_GrandGala_OliveGreen_Baubauwall_Wallpaper_room-1.jpg\",\"width\":2000,\"height\":1334,\"caption\":\"Living room feature wall Grand Gala on olive green by Baubauwall\"},{\"@type\":\"BreadcrumbList\",\"@id\":\"https:\/\/baubauwall.com\/et\/toode\/tapeet-grand-gala-oliivroheline\/#breadcrumb\",\"itemListElement\":[{\"@type\":\"ListItem\",\"position\":1,\"name\":\"Koju\",\"item\":\"https:\/\/baubauwall.com\/et\/\"},{\"@type\":\"ListItem\",\"position\":2,\"name\":\"Tapeedid\",\"item\":\"https:\/\/baubauwall.com\/et\/tapeedid\/\"},{\"@type\":\"ListItem\",\"position\":3,\"name\":\"Grand Gala &#8211; oliiviroheline\"}]},{\"@type\":\"WebSite\",\"@id\":\"https:\/\/baubauwall.com\/et\/#website\",\"url\":\"https:\/\/baubauwall.com\/et\/\",\"name\":\"BAUBAUWALL Wallpapers\",\"description\":\"Valmis paanides tapeet Eestist!\",\"publisher\":{\"@id\":\"https:\/\/baubauwall.com\/et\/#organization\"},\"potentialAction\":[{\"@type\":\"SearchAction\",\"target\":{\"@type\":\"EntryPoint\",\"urlTemplate\":\"https:\/\/baubauwall.com\/et\/?s={search_term_string}\"},\"query-input\":{\"@type\":\"PropertyValueSpecification\",\"valueRequired\":true,\"valueName\":\"search_term_string\"}}],\"inLanguage\":\"et\"},{\"@type\":\"Organization\",\"@id\":\"https:\/\/baubauwall.com\/et\/#organization\",\"name\":\"BAUBAUWALL Wallpapers\",\"url\":\"https:\/\/baubauwall.com\/et\/\",\"logo\":{\"@type\":\"ImageObject\",\"inLanguage\":\"et\",\"@id\":\"https:\/\/baubauwall.com\/et\/#\/schema\/logo\/image\/\",\"url\":\"https:\/\/baubauwall.com\/wp-content\/uploads\/2022\/03\/logo-horizontal.svg\",\"contentUrl\":\"https:\/\/baubauwall.com\/wp-content\/uploads\/2022\/03\/logo-horizontal.svg\",\"width\":\"1024\",\"height\":\"1024\",\"caption\":\"BAUBAUWALL Wallpapers\"},\"image\":{\"@id\":\"https:\/\/baubauwall.com\/et\/#\/schema\/logo\/image\/\"},\"sameAs\":[\"https:\/\/www.facebook.com\/Baubauwall\",\"https:\/\/www.instagram.com\/baubauwall\"]}]}<\/script>\n<!-- \/ Yoast SEO plugin. -->","yoast_head_json":{"title":"Tapeet Art deco stiilis roheline, geomeetriline disain. Elutoa tapeet","description":"Geomeetriline muster laia kordusmustriga. Sinu seina m\u00f5\u00f5tu tr\u00fckitud t\u00e4psed tapeedipaanid. Art deco efektne geomeetriline tapeet rohelisel taustal.","robots":{"index":"index","follow":"follow","max-snippet":"max-snippet:-1","max-image-preview":"max-image-preview:large","max-video-preview":"max-video-preview:-1"},"canonical":"https:\/\/baubauwall.com\/et\/toode\/tapeet-grand-gala-oliivroheline\/","og_locale":"et_EE","og_type":"article","og_title":"Tapeet Art deco stiilis roheline, geomeetriline disain. Elutoa tapeet","og_description":"Geomeetriline muster laia kordusmustriga. Sinu seina m\u00f5\u00f5tu tr\u00fckitud t\u00e4psed tapeedipaanid. Art deco efektne geomeetriline tapeet rohelisel taustal.","og_url":"https:\/\/baubauwall.com\/et\/toode\/tapeet-grand-gala-oliivroheline\/","og_site_name":"BAUBAUWALL Wallpapers","article_publisher":"https:\/\/www.facebook.com\/Baubauwall","article_modified_time":"2024-09-03T13:39:21+00:00","og_image":[{"width":2000,"height":1334,"url":"https:\/\/baubauwall.com\/wp-content\/uploads\/2023\/09\/51100427_GrandGala_OliveGreen_Baubauwall_Wallpaper_room-1.jpg","type":"image\/jpeg"}],"twitter_card":"summary_large_image","twitter_misc":{"Est. reading time":"1 minut"},"schema":{"@context":"https:\/\/schema.org","@graph":[{"@type":"WebPage","@id":"https:\/\/baubauwall.com\/et\/toode\/tapeet-grand-gala-oliivroheline\/","url":"https:\/\/baubauwall.com\/et\/toode\/tapeet-grand-gala-oliivroheline\/","name":"Tapeet Art deco stiilis roheline, geomeetriline disain. Elutoa tapeet","isPartOf":{"@id":"https:\/\/baubauwall.com\/et\/#website"},"primaryImageOfPage":{"@id":"https:\/\/baubauwall.com\/et\/toode\/tapeet-grand-gala-oliivroheline\/#primaryimage"},"image":{"@id":"https:\/\/baubauwall.com\/et\/toode\/tapeet-grand-gala-oliivroheline\/#primaryimage"},"thumbnailUrl":"https:\/\/baubauwall.com\/wp-content\/uploads\/2023\/09\/51100427_GrandGala_OliveGreen_Baubauwall_Wallpaper_room-1.jpg","datePublished":"2023-09-03T11:24:45+00:00","dateModified":"2024-09-03T13:39:21+00:00","description":"Geomeetriline muster laia kordusmustriga. Sinu seina m\u00f5\u00f5tu tr\u00fckitud t\u00e4psed tapeedipaanid. Art deco efektne geomeetriline tapeet rohelisel taustal.","breadcrumb":{"@id":"https:\/\/baubauwall.com\/et\/toode\/tapeet-grand-gala-oliivroheline\/#breadcrumb"},"inLanguage":"et","potentialAction":[{"@type":"ReadAction","target":["https:\/\/baubauwall.com\/et\/toode\/tapeet-grand-gala-oliivroheline\/"]}]},{"@type":"ImageObject","inLanguage":"et","@id":"https:\/\/baubauwall.com\/et\/toode\/tapeet-grand-gala-oliivroheline\/#primaryimage","url":"https:\/\/baubauwall.com\/wp-content\/uploads\/2023\/09\/51100427_GrandGala_OliveGreen_Baubauwall_Wallpaper_room-1.jpg","contentUrl":"https:\/\/baubauwall.com\/wp-content\/uploads\/2023\/09\/51100427_GrandGala_OliveGreen_Baubauwall_Wallpaper_room-1.jpg","width":2000,"height":1334,"caption":"Living room feature wall Grand Gala on olive green by Baubauwall"},{"@type":"BreadcrumbList","@id":"https:\/\/baubauwall.com\/et\/toode\/tapeet-grand-gala-oliivroheline\/#breadcrumb","itemListElement":[{"@type":"ListItem","position":1,"name":"Koju","item":"https:\/\/baubauwall.com\/et\/"},{"@type":"ListItem","position":2,"name":"Tapeedid","item":"https:\/\/baubauwall.com\/et\/tapeedid\/"},{"@type":"ListItem","position":3,"name":"Grand Gala &#8211; oliiviroheline"}]},{"@type":"WebSite","@id":"https:\/\/baubauwall.com\/et\/#website","url":"https:\/\/baubauwall.com\/et\/","name":"BAUBAUWALL Wallpapers","description":"Valmis paanides tapeet Eestist!","publisher":{"@id":"https:\/\/baubauwall.com\/et\/#organization"},"potentialAction":[{"@type":"SearchAction","target":{"@type":"EntryPoint","urlTemplate":"https:\/\/baubauwall.com\/et\/?s={search_term_string}"},"query-input":{"@type":"PropertyValueSpecification","valueRequired":true,"valueName":"search_term_string"}}],"inLanguage":"et"},{"@type":"Organization","@id":"https:\/\/baubauwall.com\/et\/#organization","name":"BAUBAUWALL Wallpapers","url":"https:\/\/baubauwall.com\/et\/","logo":{"@type":"ImageObject","inLanguage":"et","@id":"https:\/\/baubauwall.com\/et\/#\/schema\/logo\/image\/","url":"https:\/\/baubauwall.com\/wp-content\/uploads\/2022\/03\/logo-horizontal.svg","contentUrl":"https:\/\/baubauwall.com\/wp-content\/uploads\/2022\/03\/logo-horizontal.svg","width":"1024","height":"1024","caption":"BAUBAUWALL Wallpapers"},"image":{"@id":"https:\/\/baubauwall.com\/et\/#\/schema\/logo\/image\/"},"sameAs":["https:\/\/www.facebook.com\/Baubauwall","https:\/\/www.instagram.com\/baubauwall"]}]}},"jetpack_sharing_enabled":true,"_links":{"self":[{"href":"https:\/\/baubauwall.com\/et\/wp-json\/wp\/v2\/product\/37890","targetHints":{"allow":["GET"]}}],"collection":[{"href":"https:\/\/baubauwall.com\/et\/wp-json\/wp\/v2\/product"}],"about":[{"href":"https:\/\/baubauwall.com\/et\/wp-json\/wp\/v2\/types\/product"}],"replies":[{"embeddable":true,"href":"https:\/\/baubauwall.com\/et\/wp-json\/wp\/v2\/comments?post=37890"}],"wp:featuredmedia":[{"embeddable":true,"href":"https:\/\/baubauwall.com\/et\/wp-json\/wp\/v2\/media\/37913"}],"wp:attachment":[{"href":"https:\/\/baubauwall.com\/et\/wp-json\/wp\/v2\/media?parent=37890"}],"wp:term":[{"taxonomy":"product_brand","embeddable":true,"href":"https:\/\/baubauwall.com\/et\/wp-json\/wp\/v2\/product_brand?post=37890"},{"taxonomy":"product_cat","embeddable":true,"href":"https:\/\/baubauwall.com\/et\/wp-json\/wp\/v2\/product_cat?post=37890"},{"taxonomy":"product_tag","embeddable":true,"href":"https:\/\/baubauwall.com\/et\/wp-json\/wp\/v2\/product_tag?post=37890"}],"curies":[{"name":"wp","href":"https:\/\/api.w.org\/{rel}","templated":true}]}}