{"id":38093,"date":"2024-09-19T15:26:07","date_gmt":"2024-09-19T13:26:07","guid":{"rendered":"https:\/\/baubauwall.com\/?post_type=product&#038;p=38093"},"modified":"2025-10-22T09:16:43","modified_gmt":"2025-10-22T07:16:43","slug":"fototapeet-troopiline-lehestik","status":"publish","type":"product","link":"https:\/\/baubauwall.com\/et\/toode\/fototapeet-troopiline-lehestik\/","title":{"rendered":"Fototapeet Troopiline lehestik"},"content":{"rendered":"<p>Troopiline fototapeet toob koju n\u00f5ksu troopilist ilu ja soojust. Eksootilised lehed kumavad l\u00e4bi vasekarva klaasi, lisades ruumile s\u00fcgavust ja elegantsi. See fototapeet on ideaalne Sulle, kes armastavad troopilist stiili ja soovivad luua kodus rahuliku ja samas luksusliku meeleolu. Vasekarva toon on m\u00f5nus ja soe v\u00e4rv, millega on h\u00f5lbus luua unikaalne interj\u00f6\u00f6r. Troopiline fototapeet sobib suurep\u00e4raselt aktsentseinaks, tuues troopika vahetult sinu elutuppa, magamistuppa v\u00f5i isegi kodukontorisse.<\/p>\n<p>N\u00e4ppa idee: sama sarja bee\u017ei tapeedi valis sisearhitekt Loreida Hein Merko Ehituse <a href=\"https:\/\/merko.ee\/noblessner\/allveelaeva\/\" target=\"_blank\" rel=\"noopener\">Tallinna Noblessneri<\/a>\u00a0arenduse\u00a0<a href=\"https:\/\/baubauwall.com\/wp-content\/uploads\/2025\/07\/magamistoa-tapeet-palmilehega.Baubauwall-tapeedid.jpg\">n\u00e4idiskorteri magamistuppa.<\/a><\/p>\n<p><strong>Miks osta fototapeet siit? Me teeme tapeetimise lihtsaks ja inspireerivaks.<\/strong><\/p>\n<ul>\n<li>Eesti ettev\u00f5te<\/li>\n<li>Nummerdatud tapeedipaanid lihtsaks tapeetimiseks<\/li>\n<li>Just nii pikad tapeedipaanid, kui on Sinu sein<\/li>\n<li>Premium, matt fliistapeedi materjal<\/li>\n<li>M\u00fcrgivabad tr\u00fckiv\u00e4rvid, Greenguard sertifitseeritud<\/li>\n<li>Keskkonnas\u00f5bralik, j\u00e4\u00e4tmevaba tapeetimine<\/li>\n<li>Tasuta tapeediliim<\/li>\n<li>Tasuta transport ja kiire tarne 5 t\u00f6\u00f6p\u00e4evaga<\/li>\n<\/ul>\n","protected":false},"excerpt":{"rendered":"<p>Troopiline fototapeet toob koju n\u00f5ksu troopilist ilu ja soojust. Eksootilised lehed kumavad l\u00e4bi vasekarva klaasi, lisades ruumile s\u00fcgavust ja elegantsi. See fototapeet on ideaalne Sulle, kes armastavad troopilist stiili ja soovivad luua kodus rahuliku ja samas luksusliku meeleolu. Vasekarva toon on m\u00f5nus ja soe v\u00e4rv, millega on h\u00f5lbus luua unikaalne interj\u00f6\u00f6r. Troopiline fototapeet sobib suurep\u00e4raselt [&hellip;]<\/p>\n","protected":false},"featured_media":38326,"comment_status":"open","ping_status":"closed","template":"","meta":{"_acf_changed":false,"inline_featured_image":false},"product_brand":[],"product_cat":[433,406,391,265,269,413,414,415,399,402,250,254],"product_tag":[563,298,454,334,328],"class_list":{"0":"post-38093","1":"product","2":"type-product","3":"status-publish","4":"has-post-thumbnail","6":"product_cat-fototapeedid","7":"product_cat-klassika","8":"product_cat-vahemereline","9":"product_cat-beezid-tapeedid","10":"product_cat-pruunid-tapeedid","11":"product_cat-magamistoa-tapeedid","12":"product_cat-soogitoa-tapeedid","13":"product_cat-kulalistetoa-tapeedid","14":"product_cat-kodukontori-tapeedid","15":"product_cat-elutoa-tapeedid","16":"product_cat-dzungel-troopika","17":"product_cat-loodus","18":"product_tag-biofiilia-stiil","19":"product_tag-botaaniline","20":"product_tag-fototapeet-et","21":"product_tag-japandi-et","22":"product_tag-udune","24":"first","25":"instock","26":"taxable","27":"shipping-taxable","28":"purchasable","29":"product-type-simple"},"acf":[],"yoast_head":"<!-- This site is optimized with the Yoast SEO plugin v25.9 - https:\/\/yoast.com\/wordpress\/plugins\/seo\/ -->\n<title>Troopiline Fototapeet Troopiline lehestik - vasekarva troopiline tapeet<\/title>\n<meta name=\"description\" content=\"Vasekarva troopiline fototapeet sobib kodukontori, magamistoa aktsentseinale v\u00f5i elutuppa. Fototapeet piimja klaasi taga olevatest palmilehtedest.\" \/>\n<meta name=\"robots\" content=\"index, follow, max-snippet:-1, max-image-preview:large, max-video-preview:-1\" \/>\n<link rel=\"canonical\" href=\"https:\/\/baubauwall.com\/et\/toode\/fototapeet-troopiline-lehestik\/\" \/>\n<meta property=\"og:locale\" content=\"et_EE\" \/>\n<meta property=\"og:type\" content=\"article\" \/>\n<meta property=\"og:title\" content=\"BAUBAUWALL TAPEEDID\" \/>\n<meta property=\"og:description\" content=\"Fototapeet Troopiline lehestik\" \/>\n<meta property=\"og:url\" content=\"https:\/\/baubauwall.com\/et\/toode\/fototapeet-troopiline-lehestik\/\" \/>\n<meta property=\"og:site_name\" content=\"BAUBAUWALL TAPEEDID\" \/>\n<meta property=\"article:publisher\" content=\"https:\/\/www.facebook.com\/Baubauwall\" \/>\n<meta property=\"article:modified_time\" content=\"2025-10-22T07:16:43+00:00\" \/>\n<meta name=\"twitter:card\" content=\"summary_large_image\" \/>\n<meta name=\"twitter:image\" content=\"https:\/\/baubauwall.com\/wp-content\/uploads\/2024\/09\/51300028_TropicalFoliage_Baubauwall_Wall_Photo_Wallpaper_room1-1.jpg\" \/>\n<meta name=\"twitter:label1\" content=\"Est. reading time\" \/>\n\t<meta name=\"twitter:data1\" content=\"1 minut\" \/>\n<script type=\"application\/ld+json\" class=\"yoast-schema-graph\">{\"@context\":\"https:\/\/schema.org\",\"@graph\":[{\"@type\":\"WebPage\",\"@id\":\"https:\/\/baubauwall.com\/et\/toode\/fototapeet-troopiline-lehestik\/\",\"url\":\"https:\/\/baubauwall.com\/et\/toode\/fototapeet-troopiline-lehestik\/\",\"name\":\"Troopiline Fototapeet Troopiline lehestik - vasekarva troopiline tapeet\",\"isPartOf\":{\"@id\":\"https:\/\/baubauwall.com\/et\/#website\"},\"primaryImageOfPage\":{\"@id\":\"https:\/\/baubauwall.com\/et\/toode\/fototapeet-troopiline-lehestik\/#primaryimage\"},\"image\":{\"@id\":\"https:\/\/baubauwall.com\/et\/toode\/fototapeet-troopiline-lehestik\/#primaryimage\"},\"thumbnailUrl\":\"https:\/\/baubauwall.com\/wp-content\/uploads\/2024\/09\/51300028_TropicalFoliage_Baubauwall_Wall_Photo_Wallpaper_room1-1.jpg\",\"datePublished\":\"2024-09-19T13:26:07+00:00\",\"dateModified\":\"2025-10-22T07:16:43+00:00\",\"description\":\"Vasekarva troopiline fototapeet sobib kodukontori, magamistoa aktsentseinale v\u00f5i elutuppa. Fototapeet piimja klaasi taga olevatest palmilehtedest.\",\"breadcrumb\":{\"@id\":\"https:\/\/baubauwall.com\/et\/toode\/fototapeet-troopiline-lehestik\/#breadcrumb\"},\"inLanguage\":\"et\",\"potentialAction\":[{\"@type\":\"ReadAction\",\"target\":[\"https:\/\/baubauwall.com\/et\/toode\/fototapeet-troopiline-lehestik\/\"]}]},{\"@type\":\"ImageObject\",\"inLanguage\":\"et\",\"@id\":\"https:\/\/baubauwall.com\/et\/toode\/fototapeet-troopiline-lehestik\/#primaryimage\",\"url\":\"https:\/\/baubauwall.com\/wp-content\/uploads\/2024\/09\/51300028_TropicalFoliage_Baubauwall_Wall_Photo_Wallpaper_room1-1.jpg\",\"contentUrl\":\"https:\/\/baubauwall.com\/wp-content\/uploads\/2024\/09\/51300028_TropicalFoliage_Baubauwall_Wall_Photo_Wallpaper_room1-1.jpg\",\"width\":2400,\"height\":1600,\"caption\":\"Bee\u017e fototoapeet palmilehega l\u00e4bi klaasi. Valik fototapeete koju v\u00f5i avalikku ruumi Eesti tootjalt\"},{\"@type\":\"BreadcrumbList\",\"@id\":\"https:\/\/baubauwall.com\/et\/toode\/fototapeet-troopiline-lehestik\/#breadcrumb\",\"itemListElement\":[{\"@type\":\"ListItem\",\"position\":1,\"name\":\"Koju\",\"item\":\"https:\/\/baubauwall.com\/et\/\"},{\"@type\":\"ListItem\",\"position\":2,\"name\":\"Tapeedid\",\"item\":\"https:\/\/baubauwall.com\/et\/tapeedid\/\"},{\"@type\":\"ListItem\",\"position\":3,\"name\":\"Fototapeet Troopiline lehestik\"}]},{\"@type\":\"WebSite\",\"@id\":\"https:\/\/baubauwall.com\/et\/#website\",\"url\":\"https:\/\/baubauwall.com\/et\/\",\"name\":\"BAUBAUWALL Wallpapers\",\"description\":\"Valmis paanides tapeet Eestist!\",\"publisher\":{\"@id\":\"https:\/\/baubauwall.com\/et\/#organization\"},\"potentialAction\":[{\"@type\":\"SearchAction\",\"target\":{\"@type\":\"EntryPoint\",\"urlTemplate\":\"https:\/\/baubauwall.com\/et\/?s={search_term_string}\"},\"query-input\":{\"@type\":\"PropertyValueSpecification\",\"valueRequired\":true,\"valueName\":\"search_term_string\"}}],\"inLanguage\":\"et\"},{\"@type\":\"Organization\",\"@id\":\"https:\/\/baubauwall.com\/et\/#organization\",\"name\":\"BAUBAUWALL Wallpapers\",\"url\":\"https:\/\/baubauwall.com\/et\/\",\"logo\":{\"@type\":\"ImageObject\",\"inLanguage\":\"et\",\"@id\":\"https:\/\/baubauwall.com\/et\/#\/schema\/logo\/image\/\",\"url\":\"https:\/\/baubauwall.com\/wp-content\/uploads\/2022\/03\/logo-horizontal.svg\",\"contentUrl\":\"https:\/\/baubauwall.com\/wp-content\/uploads\/2022\/03\/logo-horizontal.svg\",\"width\":\"1024\",\"height\":\"1024\",\"caption\":\"BAUBAUWALL Wallpapers\"},\"image\":{\"@id\":\"https:\/\/baubauwall.com\/et\/#\/schema\/logo\/image\/\"},\"sameAs\":[\"https:\/\/www.facebook.com\/Baubauwall\",\"https:\/\/www.instagram.com\/baubauwall\"]}]}<\/script>\n<!-- \/ Yoast SEO plugin. -->","yoast_head_json":{"title":"Troopiline Fototapeet Troopiline lehestik - vasekarva troopiline tapeet","description":"Vasekarva troopiline fototapeet sobib kodukontori, magamistoa aktsentseinale v\u00f5i elutuppa. Fototapeet piimja klaasi taga olevatest palmilehtedest.","robots":{"index":"index","follow":"follow","max-snippet":"max-snippet:-1","max-image-preview":"max-image-preview:large","max-video-preview":"max-video-preview:-1"},"canonical":"https:\/\/baubauwall.com\/et\/toode\/fototapeet-troopiline-lehestik\/","og_locale":"et_EE","og_type":"article","og_title":"BAUBAUWALL TAPEEDID","og_description":"Fototapeet Troopiline lehestik","og_url":"https:\/\/baubauwall.com\/et\/toode\/fototapeet-troopiline-lehestik\/","og_site_name":"BAUBAUWALL TAPEEDID","article_publisher":"https:\/\/www.facebook.com\/Baubauwall","article_modified_time":"2025-10-22T07:16:43+00:00","twitter_card":"summary_large_image","twitter_image":"https:\/\/baubauwall.com\/wp-content\/uploads\/2024\/09\/51300028_TropicalFoliage_Baubauwall_Wall_Photo_Wallpaper_room1-1.jpg","twitter_misc":{"Est. reading time":"1 minut"},"schema":{"@context":"https:\/\/schema.org","@graph":[{"@type":"WebPage","@id":"https:\/\/baubauwall.com\/et\/toode\/fototapeet-troopiline-lehestik\/","url":"https:\/\/baubauwall.com\/et\/toode\/fototapeet-troopiline-lehestik\/","name":"Troopiline Fototapeet Troopiline lehestik - vasekarva troopiline tapeet","isPartOf":{"@id":"https:\/\/baubauwall.com\/et\/#website"},"primaryImageOfPage":{"@id":"https:\/\/baubauwall.com\/et\/toode\/fototapeet-troopiline-lehestik\/#primaryimage"},"image":{"@id":"https:\/\/baubauwall.com\/et\/toode\/fototapeet-troopiline-lehestik\/#primaryimage"},"thumbnailUrl":"https:\/\/baubauwall.com\/wp-content\/uploads\/2024\/09\/51300028_TropicalFoliage_Baubauwall_Wall_Photo_Wallpaper_room1-1.jpg","datePublished":"2024-09-19T13:26:07+00:00","dateModified":"2025-10-22T07:16:43+00:00","description":"Vasekarva troopiline fototapeet sobib kodukontori, magamistoa aktsentseinale v\u00f5i elutuppa. Fototapeet piimja klaasi taga olevatest palmilehtedest.","breadcrumb":{"@id":"https:\/\/baubauwall.com\/et\/toode\/fototapeet-troopiline-lehestik\/#breadcrumb"},"inLanguage":"et","potentialAction":[{"@type":"ReadAction","target":["https:\/\/baubauwall.com\/et\/toode\/fototapeet-troopiline-lehestik\/"]}]},{"@type":"ImageObject","inLanguage":"et","@id":"https:\/\/baubauwall.com\/et\/toode\/fototapeet-troopiline-lehestik\/#primaryimage","url":"https:\/\/baubauwall.com\/wp-content\/uploads\/2024\/09\/51300028_TropicalFoliage_Baubauwall_Wall_Photo_Wallpaper_room1-1.jpg","contentUrl":"https:\/\/baubauwall.com\/wp-content\/uploads\/2024\/09\/51300028_TropicalFoliage_Baubauwall_Wall_Photo_Wallpaper_room1-1.jpg","width":2400,"height":1600,"caption":"Bee\u017e fototoapeet palmilehega l\u00e4bi klaasi. Valik fototapeete koju v\u00f5i avalikku ruumi Eesti tootjalt"},{"@type":"BreadcrumbList","@id":"https:\/\/baubauwall.com\/et\/toode\/fototapeet-troopiline-lehestik\/#breadcrumb","itemListElement":[{"@type":"ListItem","position":1,"name":"Koju","item":"https:\/\/baubauwall.com\/et\/"},{"@type":"ListItem","position":2,"name":"Tapeedid","item":"https:\/\/baubauwall.com\/et\/tapeedid\/"},{"@type":"ListItem","position":3,"name":"Fototapeet Troopiline lehestik"}]},{"@type":"WebSite","@id":"https:\/\/baubauwall.com\/et\/#website","url":"https:\/\/baubauwall.com\/et\/","name":"BAUBAUWALL Wallpapers","description":"Valmis paanides tapeet Eestist!","publisher":{"@id":"https:\/\/baubauwall.com\/et\/#organization"},"potentialAction":[{"@type":"SearchAction","target":{"@type":"EntryPoint","urlTemplate":"https:\/\/baubauwall.com\/et\/?s={search_term_string}"},"query-input":{"@type":"PropertyValueSpecification","valueRequired":true,"valueName":"search_term_string"}}],"inLanguage":"et"},{"@type":"Organization","@id":"https:\/\/baubauwall.com\/et\/#organization","name":"BAUBAUWALL Wallpapers","url":"https:\/\/baubauwall.com\/et\/","logo":{"@type":"ImageObject","inLanguage":"et","@id":"https:\/\/baubauwall.com\/et\/#\/schema\/logo\/image\/","url":"https:\/\/baubauwall.com\/wp-content\/uploads\/2022\/03\/logo-horizontal.svg","contentUrl":"https:\/\/baubauwall.com\/wp-content\/uploads\/2022\/03\/logo-horizontal.svg","width":"1024","height":"1024","caption":"BAUBAUWALL Wallpapers"},"image":{"@id":"https:\/\/baubauwall.com\/et\/#\/schema\/logo\/image\/"},"sameAs":["https:\/\/www.facebook.com\/Baubauwall","https:\/\/www.instagram.com\/baubauwall"]}]}},"jetpack_sharing_enabled":true,"_links":{"self":[{"href":"https:\/\/baubauwall.com\/et\/wp-json\/wp\/v2\/product\/38093","targetHints":{"allow":["GET"]}}],"collection":[{"href":"https:\/\/baubauwall.com\/et\/wp-json\/wp\/v2\/product"}],"about":[{"href":"https:\/\/baubauwall.com\/et\/wp-json\/wp\/v2\/types\/product"}],"replies":[{"embeddable":true,"href":"https:\/\/baubauwall.com\/et\/wp-json\/wp\/v2\/comments?post=38093"}],"wp:featuredmedia":[{"embeddable":true,"href":"https:\/\/baubauwall.com\/et\/wp-json\/wp\/v2\/media\/38326"}],"wp:attachment":[{"href":"https:\/\/baubauwall.com\/et\/wp-json\/wp\/v2\/media?parent=38093"}],"wp:term":[{"taxonomy":"product_brand","embeddable":true,"href":"https:\/\/baubauwall.com\/et\/wp-json\/wp\/v2\/product_brand?post=38093"},{"taxonomy":"product_cat","embeddable":true,"href":"https:\/\/baubauwall.com\/et\/wp-json\/wp\/v2\/product_cat?post=38093"},{"taxonomy":"product_tag","embeddable":true,"href":"https:\/\/baubauwall.com\/et\/wp-json\/wp\/v2\/product_tag?post=38093"}],"curies":[{"name":"wp","href":"https:\/\/api.w.org\/{rel}","templated":true}]}}