{"id":38107,"date":"2024-08-19T15:52:09","date_gmt":"2024-08-19T13:52:09","guid":{"rendered":"https:\/\/baubauwall.com\/?post_type=product&#038;p=38107"},"modified":"2024-09-19T16:05:17","modified_gmt":"2024-09-19T14:05:17","slug":"fototapeet-piiluv-palmipuu","status":"publish","type":"product","link":"https:\/\/baubauwall.com\/et\/toode\/fototapeet-piiluv-palmipuu\/","title":{"rendered":"Fototapeet Piiluv palmipuu"},"content":{"rendered":"<p>Kaunis fototapeet, mis toob interj\u00f6\u00f6ri rahuliku troopika h\u00f5ngu. Lopsakad rohelised palmilehed, mis paistavad l\u00e4bi piimja klaasi, loovad mulje justkui piiluks loodus vaikselt tuppa. See rahulik ja kutsuv disain toob igasse ruumi troopilise stiili v\u00e4rskuse, lisades samas\u00a0 s\u00fcgavust ja tekstuuri. Rohelise lehestiku ja klaasiefekti koosm\u00e4ng sobib ideaalselt, et luua stiilne ja rahustav aktsentsein. Sobita selle fototapeedi juurde magamistoas m\u00f5ni tore roheline padi ja vaip ning vau efekt ongi loodud!<\/p>\n<p><strong>Miks osta fototapeet siit? Me teeme tapeetimise lihtsaks ja inspireerivaks.<\/strong><\/p>\n<ul>\n<li>Eesti ettev\u00f5te<\/li>\n<li>Nummerdatud tapeedipaanid lihtsaks tapeetimiseks<\/li>\n<li>Just nii pikad tapeedipaanid, kui on Sinu sein<\/li>\n<li>Premium, matt fliistapeedi materjal<\/li>\n<li>M\u00fcrgivabad tr\u00fckiv\u00e4rvid, Greenguard sertifitseeritud<\/li>\n<li>Keskkonnas\u00f5bralik, j\u00e4\u00e4tmevaba tapeetimine<\/li>\n<li>Tasuta tapeediliim<\/li>\n<li>Tasuta transport ja kiire tarne 5 t\u00f6\u00f6p\u00e4evaga<\/li>\n<\/ul>\n","protected":false},"excerpt":{"rendered":"<p>Kaunis fototapeet, mis toob interj\u00f6\u00f6ri rahuliku troopika h\u00f5ngu. Lopsakad rohelised palmilehed, mis paistavad l\u00e4bi piimja klaasi, loovad mulje justkui piiluks loodus vaikselt tuppa. See rahulik ja kutsuv disain toob igasse ruumi troopilise stiili v\u00e4rskuse, lisades samas\u00a0 s\u00fcgavust ja tekstuuri. Rohelise lehestiku ja klaasiefekti koosm\u00e4ng sobib ideaalselt, et luua stiilne ja rahustav aktsentsein. Sobita selle fototapeedi [&hellip;]<\/p>\n","protected":false},"featured_media":38344,"comment_status":"open","ping_status":"closed","template":"","meta":{"_acf_changed":false,"inline_featured_image":false},"product_brand":[],"product_cat":[433,406,391,271,273,410,413,414,415,399,402,250,254],"product_tag":[563,454,328],"class_list":{"0":"post-38107","1":"product","2":"type-product","3":"status-publish","4":"has-post-thumbnail","6":"product_cat-fototapeedid","7":"product_cat-klassika","8":"product_cat-vahemereline","9":"product_cat-rohelised-tapeedid","10":"product_cat-heledad-tapeedid","11":"product_cat-valge-tapeedid","12":"product_cat-magamistoa-tapeedid","13":"product_cat-soogitoa-tapeedid","14":"product_cat-kulalistetoa-tapeedid","15":"product_cat-kodukontori-tapeedid","16":"product_cat-elutoa-tapeedid","17":"product_cat-dzungel-troopika","18":"product_cat-loodus","19":"product_tag-biofiilia-stiil","20":"product_tag-fototapeet-et","21":"product_tag-udune","22":"pa_designedby-baubauwall","24":"first","25":"instock","26":"taxable","27":"shipping-taxable","28":"purchasable","29":"product-type-simple"},"acf":[],"yoast_head":"<!-- This site is optimized with the Yoast SEO plugin v25.9 - https:\/\/yoast.com\/wordpress\/plugins\/seo\/ -->\n<title>Fototapeet Piiluv palmipuu - troopiline tapeet<\/title>\n<meta name=\"description\" content=\"Rohelised palmilehed fototapeet sobib kodukontori, magamistoa aktsentseinale v\u00f5i elutuppa. Fototapeet piimja klaasi taga olevatest palmilehtedest.\" \/>\n<meta name=\"robots\" content=\"index, follow, max-snippet:-1, max-image-preview:large, max-video-preview:-1\" \/>\n<link rel=\"canonical\" href=\"https:\/\/baubauwall.com\/et\/toode\/fototapeet-piiluv-palmipuu\/\" \/>\n<meta property=\"og:locale\" content=\"et_EE\" \/>\n<meta property=\"og:type\" content=\"article\" \/>\n<meta property=\"og:title\" content=\"BAUBAUWALL TAPEEDID\" \/>\n<meta property=\"og:description\" content=\"Fototapeet Piiluv palmipuu\" \/>\n<meta property=\"og:url\" content=\"https:\/\/baubauwall.com\/et\/toode\/fototapeet-piiluv-palmipuu\/\" \/>\n<meta property=\"og:site_name\" content=\"BAUBAUWALL TAPEEDID\" \/>\n<meta property=\"article:publisher\" content=\"https:\/\/www.facebook.com\/Baubauwall\" \/>\n<meta property=\"article:modified_time\" content=\"2024-09-19T14:05:17+00:00\" \/>\n<meta property=\"og:image\" content=\"https:\/\/baubauwall.com\/wp-content\/uploads\/2024\/09\/51300029_PalmTreePeeking-room.jpg\" \/>\n\t<meta property=\"og:image:width\" content=\"2400\" \/>\n\t<meta property=\"og:image:height\" content=\"1600\" \/>\n\t<meta property=\"og:image:type\" content=\"image\/jpeg\" \/>\n<meta name=\"twitter:card\" content=\"summary_large_image\" \/>\n<meta name=\"twitter:label1\" content=\"Est. reading time\" \/>\n\t<meta name=\"twitter:data1\" content=\"1 minut\" \/>\n<script type=\"application\/ld+json\" class=\"yoast-schema-graph\">{\"@context\":\"https:\/\/schema.org\",\"@graph\":[{\"@type\":\"WebPage\",\"@id\":\"https:\/\/baubauwall.com\/et\/toode\/fototapeet-piiluv-palmipuu\/\",\"url\":\"https:\/\/baubauwall.com\/et\/toode\/fototapeet-piiluv-palmipuu\/\",\"name\":\"Fototapeet Piiluv palmipuu - troopiline tapeet\",\"isPartOf\":{\"@id\":\"https:\/\/baubauwall.com\/et\/#website\"},\"primaryImageOfPage\":{\"@id\":\"https:\/\/baubauwall.com\/et\/toode\/fototapeet-piiluv-palmipuu\/#primaryimage\"},\"image\":{\"@id\":\"https:\/\/baubauwall.com\/et\/toode\/fototapeet-piiluv-palmipuu\/#primaryimage\"},\"thumbnailUrl\":\"https:\/\/baubauwall.com\/wp-content\/uploads\/2024\/08\/51300029_PalmTreePeeking_Baubauwall_Wall_Photo_Wallpaper_room1.jpg\",\"datePublished\":\"2024-08-19T13:52:09+00:00\",\"dateModified\":\"2024-09-19T14:05:17+00:00\",\"description\":\"Rohelised palmilehed fototapeet sobib kodukontori, magamistoa aktsentseinale v\u00f5i elutuppa. Fototapeet piimja klaasi taga olevatest palmilehtedest.\",\"breadcrumb\":{\"@id\":\"https:\/\/baubauwall.com\/et\/toode\/fototapeet-piiluv-palmipuu\/#breadcrumb\"},\"inLanguage\":\"et\",\"potentialAction\":[{\"@type\":\"ReadAction\",\"target\":[\"https:\/\/baubauwall.com\/et\/toode\/fototapeet-piiluv-palmipuu\/\"]}]},{\"@type\":\"ImageObject\",\"inLanguage\":\"et\",\"@id\":\"https:\/\/baubauwall.com\/et\/toode\/fototapeet-piiluv-palmipuu\/#primaryimage\",\"url\":\"https:\/\/baubauwall.com\/wp-content\/uploads\/2024\/08\/51300029_PalmTreePeeking_Baubauwall_Wall_Photo_Wallpaper_room1.jpg\",\"contentUrl\":\"https:\/\/baubauwall.com\/wp-content\/uploads\/2024\/08\/51300029_PalmTreePeeking_Baubauwall_Wall_Photo_Wallpaper_room1.jpg\",\"width\":2400,\"height\":1600,\"caption\":\"Photo wallpaper of misty palm tree against foggy glass. Feature wall wallpaper idea\"},{\"@type\":\"BreadcrumbList\",\"@id\":\"https:\/\/baubauwall.com\/et\/toode\/fototapeet-piiluv-palmipuu\/#breadcrumb\",\"itemListElement\":[{\"@type\":\"ListItem\",\"position\":1,\"name\":\"Koju\",\"item\":\"https:\/\/baubauwall.com\/et\/\"},{\"@type\":\"ListItem\",\"position\":2,\"name\":\"Tapeedid\",\"item\":\"https:\/\/baubauwall.com\/et\/tapeedid\/\"},{\"@type\":\"ListItem\",\"position\":3,\"name\":\"Fototapeet Piiluv palmipuu\"}]},{\"@type\":\"WebSite\",\"@id\":\"https:\/\/baubauwall.com\/et\/#website\",\"url\":\"https:\/\/baubauwall.com\/et\/\",\"name\":\"BAUBAUWALL Wallpapers\",\"description\":\"Valmis paanides tapeet Eestist!\",\"publisher\":{\"@id\":\"https:\/\/baubauwall.com\/et\/#organization\"},\"potentialAction\":[{\"@type\":\"SearchAction\",\"target\":{\"@type\":\"EntryPoint\",\"urlTemplate\":\"https:\/\/baubauwall.com\/et\/?s={search_term_string}\"},\"query-input\":{\"@type\":\"PropertyValueSpecification\",\"valueRequired\":true,\"valueName\":\"search_term_string\"}}],\"inLanguage\":\"et\"},{\"@type\":\"Organization\",\"@id\":\"https:\/\/baubauwall.com\/et\/#organization\",\"name\":\"BAUBAUWALL Wallpapers\",\"url\":\"https:\/\/baubauwall.com\/et\/\",\"logo\":{\"@type\":\"ImageObject\",\"inLanguage\":\"et\",\"@id\":\"https:\/\/baubauwall.com\/et\/#\/schema\/logo\/image\/\",\"url\":\"https:\/\/baubauwall.com\/wp-content\/uploads\/2022\/03\/logo-horizontal.svg\",\"contentUrl\":\"https:\/\/baubauwall.com\/wp-content\/uploads\/2022\/03\/logo-horizontal.svg\",\"width\":\"1024\",\"height\":\"1024\",\"caption\":\"BAUBAUWALL Wallpapers\"},\"image\":{\"@id\":\"https:\/\/baubauwall.com\/et\/#\/schema\/logo\/image\/\"},\"sameAs\":[\"https:\/\/www.facebook.com\/Baubauwall\",\"https:\/\/www.instagram.com\/baubauwall\"]}]}<\/script>\n<!-- \/ Yoast SEO plugin. -->","yoast_head_json":{"title":"Fototapeet Piiluv palmipuu - troopiline tapeet","description":"Rohelised palmilehed fototapeet sobib kodukontori, magamistoa aktsentseinale v\u00f5i elutuppa. Fototapeet piimja klaasi taga olevatest palmilehtedest.","robots":{"index":"index","follow":"follow","max-snippet":"max-snippet:-1","max-image-preview":"max-image-preview:large","max-video-preview":"max-video-preview:-1"},"canonical":"https:\/\/baubauwall.com\/et\/toode\/fototapeet-piiluv-palmipuu\/","og_locale":"et_EE","og_type":"article","og_title":"BAUBAUWALL TAPEEDID","og_description":"Fototapeet Piiluv palmipuu","og_url":"https:\/\/baubauwall.com\/et\/toode\/fototapeet-piiluv-palmipuu\/","og_site_name":"BAUBAUWALL TAPEEDID","article_publisher":"https:\/\/www.facebook.com\/Baubauwall","article_modified_time":"2024-09-19T14:05:17+00:00","og_image":[{"width":2400,"height":1600,"url":"https:\/\/baubauwall.com\/wp-content\/uploads\/2024\/09\/51300029_PalmTreePeeking-room.jpg","type":"image\/jpeg"}],"twitter_card":"summary_large_image","twitter_misc":{"Est. reading time":"1 minut"},"schema":{"@context":"https:\/\/schema.org","@graph":[{"@type":"WebPage","@id":"https:\/\/baubauwall.com\/et\/toode\/fototapeet-piiluv-palmipuu\/","url":"https:\/\/baubauwall.com\/et\/toode\/fototapeet-piiluv-palmipuu\/","name":"Fototapeet Piiluv palmipuu - troopiline tapeet","isPartOf":{"@id":"https:\/\/baubauwall.com\/et\/#website"},"primaryImageOfPage":{"@id":"https:\/\/baubauwall.com\/et\/toode\/fototapeet-piiluv-palmipuu\/#primaryimage"},"image":{"@id":"https:\/\/baubauwall.com\/et\/toode\/fototapeet-piiluv-palmipuu\/#primaryimage"},"thumbnailUrl":"https:\/\/baubauwall.com\/wp-content\/uploads\/2024\/08\/51300029_PalmTreePeeking_Baubauwall_Wall_Photo_Wallpaper_room1.jpg","datePublished":"2024-08-19T13:52:09+00:00","dateModified":"2024-09-19T14:05:17+00:00","description":"Rohelised palmilehed fototapeet sobib kodukontori, magamistoa aktsentseinale v\u00f5i elutuppa. Fototapeet piimja klaasi taga olevatest palmilehtedest.","breadcrumb":{"@id":"https:\/\/baubauwall.com\/et\/toode\/fototapeet-piiluv-palmipuu\/#breadcrumb"},"inLanguage":"et","potentialAction":[{"@type":"ReadAction","target":["https:\/\/baubauwall.com\/et\/toode\/fototapeet-piiluv-palmipuu\/"]}]},{"@type":"ImageObject","inLanguage":"et","@id":"https:\/\/baubauwall.com\/et\/toode\/fototapeet-piiluv-palmipuu\/#primaryimage","url":"https:\/\/baubauwall.com\/wp-content\/uploads\/2024\/08\/51300029_PalmTreePeeking_Baubauwall_Wall_Photo_Wallpaper_room1.jpg","contentUrl":"https:\/\/baubauwall.com\/wp-content\/uploads\/2024\/08\/51300029_PalmTreePeeking_Baubauwall_Wall_Photo_Wallpaper_room1.jpg","width":2400,"height":1600,"caption":"Photo wallpaper of misty palm tree against foggy glass. Feature wall wallpaper idea"},{"@type":"BreadcrumbList","@id":"https:\/\/baubauwall.com\/et\/toode\/fototapeet-piiluv-palmipuu\/#breadcrumb","itemListElement":[{"@type":"ListItem","position":1,"name":"Koju","item":"https:\/\/baubauwall.com\/et\/"},{"@type":"ListItem","position":2,"name":"Tapeedid","item":"https:\/\/baubauwall.com\/et\/tapeedid\/"},{"@type":"ListItem","position":3,"name":"Fototapeet Piiluv palmipuu"}]},{"@type":"WebSite","@id":"https:\/\/baubauwall.com\/et\/#website","url":"https:\/\/baubauwall.com\/et\/","name":"BAUBAUWALL Wallpapers","description":"Valmis paanides tapeet Eestist!","publisher":{"@id":"https:\/\/baubauwall.com\/et\/#organization"},"potentialAction":[{"@type":"SearchAction","target":{"@type":"EntryPoint","urlTemplate":"https:\/\/baubauwall.com\/et\/?s={search_term_string}"},"query-input":{"@type":"PropertyValueSpecification","valueRequired":true,"valueName":"search_term_string"}}],"inLanguage":"et"},{"@type":"Organization","@id":"https:\/\/baubauwall.com\/et\/#organization","name":"BAUBAUWALL Wallpapers","url":"https:\/\/baubauwall.com\/et\/","logo":{"@type":"ImageObject","inLanguage":"et","@id":"https:\/\/baubauwall.com\/et\/#\/schema\/logo\/image\/","url":"https:\/\/baubauwall.com\/wp-content\/uploads\/2022\/03\/logo-horizontal.svg","contentUrl":"https:\/\/baubauwall.com\/wp-content\/uploads\/2022\/03\/logo-horizontal.svg","width":"1024","height":"1024","caption":"BAUBAUWALL Wallpapers"},"image":{"@id":"https:\/\/baubauwall.com\/et\/#\/schema\/logo\/image\/"},"sameAs":["https:\/\/www.facebook.com\/Baubauwall","https:\/\/www.instagram.com\/baubauwall"]}]}},"jetpack_sharing_enabled":true,"_links":{"self":[{"href":"https:\/\/baubauwall.com\/et\/wp-json\/wp\/v2\/product\/38107","targetHints":{"allow":["GET"]}}],"collection":[{"href":"https:\/\/baubauwall.com\/et\/wp-json\/wp\/v2\/product"}],"about":[{"href":"https:\/\/baubauwall.com\/et\/wp-json\/wp\/v2\/types\/product"}],"replies":[{"embeddable":true,"href":"https:\/\/baubauwall.com\/et\/wp-json\/wp\/v2\/comments?post=38107"}],"wp:featuredmedia":[{"embeddable":true,"href":"https:\/\/baubauwall.com\/et\/wp-json\/wp\/v2\/media\/38344"}],"wp:attachment":[{"href":"https:\/\/baubauwall.com\/et\/wp-json\/wp\/v2\/media?parent=38107"}],"wp:term":[{"taxonomy":"product_brand","embeddable":true,"href":"https:\/\/baubauwall.com\/et\/wp-json\/wp\/v2\/product_brand?post=38107"},{"taxonomy":"product_cat","embeddable":true,"href":"https:\/\/baubauwall.com\/et\/wp-json\/wp\/v2\/product_cat?post=38107"},{"taxonomy":"product_tag","embeddable":true,"href":"https:\/\/baubauwall.com\/et\/wp-json\/wp\/v2\/product_tag?post=38107"}],"curies":[{"name":"wp","href":"https:\/\/api.w.org\/{rel}","templated":true}]}}