{"id":38239,"date":"2024-08-30T17:00:30","date_gmt":"2024-08-30T15:00:30","guid":{"rendered":"https:\/\/baubauwall.com\/product\/mural-wallpaper-beige-palm-oasis\/"},"modified":"2026-03-27T09:22:36","modified_gmt":"2026-03-27T07:22:36","slug":"pilttapeet-palmioaas","status":"publish","type":"product","link":"https:\/\/baubauwall.com\/et\/toode\/pilttapeet-palmioaas\/","title":{"rendered":"Palmide oaas"},"content":{"rendered":"<p>Troopiline, m\u00f5nusalt soojades toonides pilttapeet, mis toob interj\u00f6\u00f6ri n\u00f5ksu troopilist ilu. Palmilehed justkui kumavad l\u00e4bi piimakohvi tooni klaasi, lisades nii ruumile s\u00fcgavust ja elegantsi. See tapeet on ideaalne Sulle, kes armastavad troopilist stiili ja soovivad luua kodus rahuliku ja samas luksusliku meeleolu. Bee\u017e on alati olnud sisustajate lemmik toon &#8211; m\u00f5nus ja soe v\u00e4rv, millega on h\u00f5lbus luua unikaalne interj\u00f6\u00f6r. See pilttapeet sobib suurep\u00e4raselt aktsentseinaks, tuues troopika vahetult sinu elutuppa, magamistuppa v\u00f5i isegi kodukontorisse. Just selle bee\u017ei tapeedi valis sisearhitekt Loreida Hein Merko Ehituse <a href=\"https:\/\/merko.ee\/noblessner\/allveelaeva\/\" target=\"_blank\" rel=\"noopener\">Tallinna Noblessneri<\/a> arenduse <a href=\"https:\/\/baubauwall.com\/wp-content\/uploads\/2025\/07\/magamistoa-tapeet-palmilehega.Baubauwall-tapeedid.jpg\">n\u00e4idiskorteri magamistuppa.<\/a><\/p>\n<p><strong>Miks osta pilttapeet v\u00f5i fototapeet siit? Me teeme tapeetimise lihtsaks ja inspireerivaks.<\/strong><\/p>\n<ul>\n<li>Eesti ettev\u00f5te<\/li>\n<li>Nummerdatud tapeedipaanid lihtsaks tapeetimiseks<\/li>\n<li>Just nii pikad tapeedipaanid, kui on Sinu sein &#8211;<a href=\"https:\/\/baubauwall.com\/et\/kuidas-see-tootab\/\" target=\"_blank\" rel=\"noopener\"> vaata siit, kuidas see t\u00f6\u00f6tab<\/a>!<\/li>\n<li>Premium, matt fliistapeedi materjal<\/li>\n<li>M\u00fcrgivabad tr\u00fckiv\u00e4rvid, Greenguard sertifitseeritud<\/li>\n<li>Keskkonnas\u00f5bralik, j\u00e4\u00e4tmevaba tapeetimine<\/li>\n<li>Tasuta tapeediliim<\/li>\n<li>Tasuta transport ja kiire tarne 5 t\u00f6\u00f6p\u00e4evaga<\/li>\n<\/ul>\n","protected":false},"excerpt":{"rendered":"<p>Troopiline, m\u00f5nusalt soojades toonides pilttapeet, mis toob interj\u00f6\u00f6ri n\u00f5ksu troopilist ilu. Palmilehed justkui kumavad l\u00e4bi piimakohvi tooni klaasi, lisades nii ruumile s\u00fcgavust ja elegantsi. See tapeet on ideaalne Sulle, kes armastavad troopilist stiili ja soovivad luua kodus rahuliku ja samas luksusliku meeleolu. Bee\u017e on alati olnud sisustajate lemmik toon &#8211; m\u00f5nus ja soe v\u00e4rv, millega [&hellip;]<\/p>\n","protected":false},"featured_media":38230,"comment_status":"open","ping_status":"closed","template":"","meta":{"_acf_changed":false,"inline_featured_image":false},"product_brand":[],"product_cat":[387,395,391,265,273,276,413,414,415,402,250,254,561],"product_tag":[584],"class_list":{"0":"post-38239","1":"product","2":"type-product","3":"status-publish","4":"has-post-thumbnail","6":"product_cat-pilttapeedid","7":"product_cat-romantiline","8":"product_cat-vahemereline","9":"product_cat-beezid-tapeedid","10":"product_cat-heledad-tapeedid","11":"product_cat-pastelsed-tapeedid","12":"product_cat-magamistoa-tapeedid","13":"product_cat-soogitoa-tapeedid","14":"product_cat-kulalistetoa-tapeedid","15":"product_cat-elutoa-tapeedid","16":"product_cat-dzungel-troopika","17":"product_cat-loodus","18":"product_cat-suvised-tapeedid","19":"product_tag-boho-et","21":"first","22":"instock","23":"taxable","24":"shipping-taxable","25":"purchasable","26":"product-type-simple"},"acf":[],"yoast_head":"<!-- This site is optimized with the Yoast SEO plugin v25.9 - https:\/\/yoast.com\/wordpress\/plugins\/seo\/ -->\n<title>Troopiline, bee\u017e pilttapeet palmilehtede varjudega<\/title>\n<meta name=\"description\" content=\"Bee\u017e tapeet, millel on elegantne palmileht ja monsterataim. Palmioaas on ilus pilttapeet palmilehtedega magamistuppa v\u00f5i elutuppa. Idee aktsentseinale!\" \/>\n<meta name=\"robots\" content=\"index, follow, max-snippet:-1, max-image-preview:large, max-video-preview:-1\" \/>\n<link rel=\"canonical\" href=\"https:\/\/baubauwall.com\/et\/toode\/pilttapeet-palmioaas\/\" \/>\n<meta property=\"og:locale\" content=\"et_EE\" \/>\n<meta property=\"og:type\" content=\"article\" \/>\n<meta property=\"og:title\" content=\"BAUBAUWALL TAPEEDID\" \/>\n<meta property=\"og:description\" content=\"Palmide oaas\" \/>\n<meta property=\"og:url\" content=\"https:\/\/baubauwall.com\/et\/toode\/pilttapeet-palmioaas\/\" \/>\n<meta property=\"og:site_name\" content=\"BAUBAUWALL TAPEEDID\" \/>\n<meta property=\"article:publisher\" content=\"https:\/\/www.facebook.com\/Baubauwall\" \/>\n<meta property=\"article:modified_time\" content=\"2026-03-27T07:22:36+00:00\" \/>\n<meta property=\"og:image\" content=\"https:\/\/baubauwall.com\/wp-content\/uploads\/2022\/11\/51200433_PalmOasis_Baubauwall_Wall_Mural_room3.jpg\" \/>\n\t<meta property=\"og:image:width\" content=\"1748\" \/>\n\t<meta property=\"og:image:height\" content=\"1600\" \/>\n\t<meta property=\"og:image:type\" content=\"image\/jpeg\" \/>\n<meta name=\"twitter:card\" content=\"summary_large_image\" \/>\n<meta name=\"twitter:label1\" content=\"Est. reading time\" \/>\n\t<meta name=\"twitter:data1\" content=\"1 minut\" \/>\n<script type=\"application\/ld+json\" class=\"yoast-schema-graph\">{\"@context\":\"https:\/\/schema.org\",\"@graph\":[{\"@type\":\"WebPage\",\"@id\":\"https:\/\/baubauwall.com\/et\/toode\/pilttapeet-palmioaas\/\",\"url\":\"https:\/\/baubauwall.com\/et\/toode\/pilttapeet-palmioaas\/\",\"name\":\"Troopiline, bee\u017e pilttapeet palmilehtede varjudega\",\"isPartOf\":{\"@id\":\"https:\/\/baubauwall.com\/et\/#website\"},\"primaryImageOfPage\":{\"@id\":\"https:\/\/baubauwall.com\/et\/toode\/pilttapeet-palmioaas\/#primaryimage\"},\"image\":{\"@id\":\"https:\/\/baubauwall.com\/et\/toode\/pilttapeet-palmioaas\/#primaryimage\"},\"thumbnailUrl\":\"https:\/\/baubauwall.com\/wp-content\/uploads\/2022\/11\/51200433_PalmOasis_Baubauwall_Wall_Mural_room2.jpg\",\"datePublished\":\"2024-08-30T15:00:30+00:00\",\"dateModified\":\"2026-03-27T07:22:36+00:00\",\"description\":\"Bee\u017e tapeet, millel on elegantne palmileht ja monsterataim. Palmioaas on ilus pilttapeet palmilehtedega magamistuppa v\u00f5i elutuppa. Idee aktsentseinale!\",\"breadcrumb\":{\"@id\":\"https:\/\/baubauwall.com\/et\/toode\/pilttapeet-palmioaas\/#breadcrumb\"},\"inLanguage\":\"et\",\"potentialAction\":[{\"@type\":\"ReadAction\",\"target\":[\"https:\/\/baubauwall.com\/et\/toode\/pilttapeet-palmioaas\/\"]}]},{\"@type\":\"ImageObject\",\"inLanguage\":\"et\",\"@id\":\"https:\/\/baubauwall.com\/et\/toode\/pilttapeet-palmioaas\/#primaryimage\",\"url\":\"https:\/\/baubauwall.com\/wp-content\/uploads\/2022\/11\/51200433_PalmOasis_Baubauwall_Wall_Mural_room2.jpg\",\"contentUrl\":\"https:\/\/baubauwall.com\/wp-content\/uploads\/2022\/11\/51200433_PalmOasis_Baubauwall_Wall_Mural_room2.jpg\",\"width\":2400,\"height\":1600,\"caption\":\"Living room feature wall wallpapered with beige palm theme mural wallpaper\"},{\"@type\":\"BreadcrumbList\",\"@id\":\"https:\/\/baubauwall.com\/et\/toode\/pilttapeet-palmioaas\/#breadcrumb\",\"itemListElement\":[{\"@type\":\"ListItem\",\"position\":1,\"name\":\"Koju\",\"item\":\"https:\/\/baubauwall.com\/et\/\"},{\"@type\":\"ListItem\",\"position\":2,\"name\":\"Tapeedid\",\"item\":\"https:\/\/baubauwall.com\/et\/tapeedid\/\"},{\"@type\":\"ListItem\",\"position\":3,\"name\":\"Palmide oaas\"}]},{\"@type\":\"WebSite\",\"@id\":\"https:\/\/baubauwall.com\/et\/#website\",\"url\":\"https:\/\/baubauwall.com\/et\/\",\"name\":\"BAUBAUWALL Wallpapers\",\"description\":\"Valmis paanides tapeet Eestist!\",\"publisher\":{\"@id\":\"https:\/\/baubauwall.com\/et\/#organization\"},\"potentialAction\":[{\"@type\":\"SearchAction\",\"target\":{\"@type\":\"EntryPoint\",\"urlTemplate\":\"https:\/\/baubauwall.com\/et\/?s={search_term_string}\"},\"query-input\":{\"@type\":\"PropertyValueSpecification\",\"valueRequired\":true,\"valueName\":\"search_term_string\"}}],\"inLanguage\":\"et\"},{\"@type\":\"Organization\",\"@id\":\"https:\/\/baubauwall.com\/et\/#organization\",\"name\":\"BAUBAUWALL Wallpapers\",\"url\":\"https:\/\/baubauwall.com\/et\/\",\"logo\":{\"@type\":\"ImageObject\",\"inLanguage\":\"et\",\"@id\":\"https:\/\/baubauwall.com\/et\/#\/schema\/logo\/image\/\",\"url\":\"https:\/\/baubauwall.com\/wp-content\/uploads\/2022\/03\/logo-horizontal.svg\",\"contentUrl\":\"https:\/\/baubauwall.com\/wp-content\/uploads\/2022\/03\/logo-horizontal.svg\",\"width\":\"1024\",\"height\":\"1024\",\"caption\":\"BAUBAUWALL Wallpapers\"},\"image\":{\"@id\":\"https:\/\/baubauwall.com\/et\/#\/schema\/logo\/image\/\"},\"sameAs\":[\"https:\/\/www.facebook.com\/Baubauwall\",\"https:\/\/www.instagram.com\/baubauwall\"]}]}<\/script>\n<!-- \/ Yoast SEO plugin. -->","yoast_head_json":{"title":"Troopiline, bee\u017e pilttapeet palmilehtede varjudega","description":"Bee\u017e tapeet, millel on elegantne palmileht ja monsterataim. Palmioaas on ilus pilttapeet palmilehtedega magamistuppa v\u00f5i elutuppa. Idee aktsentseinale!","robots":{"index":"index","follow":"follow","max-snippet":"max-snippet:-1","max-image-preview":"max-image-preview:large","max-video-preview":"max-video-preview:-1"},"canonical":"https:\/\/baubauwall.com\/et\/toode\/pilttapeet-palmioaas\/","og_locale":"et_EE","og_type":"article","og_title":"BAUBAUWALL TAPEEDID","og_description":"Palmide oaas","og_url":"https:\/\/baubauwall.com\/et\/toode\/pilttapeet-palmioaas\/","og_site_name":"BAUBAUWALL TAPEEDID","article_publisher":"https:\/\/www.facebook.com\/Baubauwall","article_modified_time":"2026-03-27T07:22:36+00:00","og_image":[{"width":1748,"height":1600,"url":"https:\/\/baubauwall.com\/wp-content\/uploads\/2022\/11\/51200433_PalmOasis_Baubauwall_Wall_Mural_room3.jpg","type":"image\/jpeg"}],"twitter_card":"summary_large_image","twitter_misc":{"Est. reading time":"1 minut"},"schema":{"@context":"https:\/\/schema.org","@graph":[{"@type":"WebPage","@id":"https:\/\/baubauwall.com\/et\/toode\/pilttapeet-palmioaas\/","url":"https:\/\/baubauwall.com\/et\/toode\/pilttapeet-palmioaas\/","name":"Troopiline, bee\u017e pilttapeet palmilehtede varjudega","isPartOf":{"@id":"https:\/\/baubauwall.com\/et\/#website"},"primaryImageOfPage":{"@id":"https:\/\/baubauwall.com\/et\/toode\/pilttapeet-palmioaas\/#primaryimage"},"image":{"@id":"https:\/\/baubauwall.com\/et\/toode\/pilttapeet-palmioaas\/#primaryimage"},"thumbnailUrl":"https:\/\/baubauwall.com\/wp-content\/uploads\/2022\/11\/51200433_PalmOasis_Baubauwall_Wall_Mural_room2.jpg","datePublished":"2024-08-30T15:00:30+00:00","dateModified":"2026-03-27T07:22:36+00:00","description":"Bee\u017e tapeet, millel on elegantne palmileht ja monsterataim. Palmioaas on ilus pilttapeet palmilehtedega magamistuppa v\u00f5i elutuppa. Idee aktsentseinale!","breadcrumb":{"@id":"https:\/\/baubauwall.com\/et\/toode\/pilttapeet-palmioaas\/#breadcrumb"},"inLanguage":"et","potentialAction":[{"@type":"ReadAction","target":["https:\/\/baubauwall.com\/et\/toode\/pilttapeet-palmioaas\/"]}]},{"@type":"ImageObject","inLanguage":"et","@id":"https:\/\/baubauwall.com\/et\/toode\/pilttapeet-palmioaas\/#primaryimage","url":"https:\/\/baubauwall.com\/wp-content\/uploads\/2022\/11\/51200433_PalmOasis_Baubauwall_Wall_Mural_room2.jpg","contentUrl":"https:\/\/baubauwall.com\/wp-content\/uploads\/2022\/11\/51200433_PalmOasis_Baubauwall_Wall_Mural_room2.jpg","width":2400,"height":1600,"caption":"Living room feature wall wallpapered with beige palm theme mural wallpaper"},{"@type":"BreadcrumbList","@id":"https:\/\/baubauwall.com\/et\/toode\/pilttapeet-palmioaas\/#breadcrumb","itemListElement":[{"@type":"ListItem","position":1,"name":"Koju","item":"https:\/\/baubauwall.com\/et\/"},{"@type":"ListItem","position":2,"name":"Tapeedid","item":"https:\/\/baubauwall.com\/et\/tapeedid\/"},{"@type":"ListItem","position":3,"name":"Palmide oaas"}]},{"@type":"WebSite","@id":"https:\/\/baubauwall.com\/et\/#website","url":"https:\/\/baubauwall.com\/et\/","name":"BAUBAUWALL Wallpapers","description":"Valmis paanides tapeet Eestist!","publisher":{"@id":"https:\/\/baubauwall.com\/et\/#organization"},"potentialAction":[{"@type":"SearchAction","target":{"@type":"EntryPoint","urlTemplate":"https:\/\/baubauwall.com\/et\/?s={search_term_string}"},"query-input":{"@type":"PropertyValueSpecification","valueRequired":true,"valueName":"search_term_string"}}],"inLanguage":"et"},{"@type":"Organization","@id":"https:\/\/baubauwall.com\/et\/#organization","name":"BAUBAUWALL Wallpapers","url":"https:\/\/baubauwall.com\/et\/","logo":{"@type":"ImageObject","inLanguage":"et","@id":"https:\/\/baubauwall.com\/et\/#\/schema\/logo\/image\/","url":"https:\/\/baubauwall.com\/wp-content\/uploads\/2022\/03\/logo-horizontal.svg","contentUrl":"https:\/\/baubauwall.com\/wp-content\/uploads\/2022\/03\/logo-horizontal.svg","width":"1024","height":"1024","caption":"BAUBAUWALL Wallpapers"},"image":{"@id":"https:\/\/baubauwall.com\/et\/#\/schema\/logo\/image\/"},"sameAs":["https:\/\/www.facebook.com\/Baubauwall","https:\/\/www.instagram.com\/baubauwall"]}]}},"jetpack_sharing_enabled":true,"_links":{"self":[{"href":"https:\/\/baubauwall.com\/et\/wp-json\/wp\/v2\/product\/38239","targetHints":{"allow":["GET"]}}],"collection":[{"href":"https:\/\/baubauwall.com\/et\/wp-json\/wp\/v2\/product"}],"about":[{"href":"https:\/\/baubauwall.com\/et\/wp-json\/wp\/v2\/types\/product"}],"replies":[{"embeddable":true,"href":"https:\/\/baubauwall.com\/et\/wp-json\/wp\/v2\/comments?post=38239"}],"wp:featuredmedia":[{"embeddable":true,"href":"https:\/\/baubauwall.com\/et\/wp-json\/wp\/v2\/media\/38230"}],"wp:attachment":[{"href":"https:\/\/baubauwall.com\/et\/wp-json\/wp\/v2\/media?parent=38239"}],"wp:term":[{"taxonomy":"product_brand","embeddable":true,"href":"https:\/\/baubauwall.com\/et\/wp-json\/wp\/v2\/product_brand?post=38239"},{"taxonomy":"product_cat","embeddable":true,"href":"https:\/\/baubauwall.com\/et\/wp-json\/wp\/v2\/product_cat?post=38239"},{"taxonomy":"product_tag","embeddable":true,"href":"https:\/\/baubauwall.com\/et\/wp-json\/wp\/v2\/product_tag?post=38239"}],"curies":[{"name":"wp","href":"https:\/\/api.w.org\/{rel}","templated":true}]}}