{"id":38636,"date":"2024-11-04T10:00:15","date_gmt":"2024-11-04T08:00:15","guid":{"rendered":"https:\/\/baubauwall.com\/?post_type=product&#038;p=38636"},"modified":"2024-11-04T10:06:54","modified_gmt":"2024-11-04T08:06:54","slug":"tapeet-belle-epoque-beez","status":"publish","type":"product","link":"https:\/\/baubauwall.com\/et\/toode\/tapeet-belle-epoque-beez\/","title":{"rendered":"Belle Epoque &#8211; bee\u017e"},"content":{"rendered":"<p>See bee\u017e tapeet on justkui peegeldus Belle Epoque ajastust \u2013 romantiline disain p\u00f5imitud v\u00f5luva elegantsiga. Tapeedi detailid p\u00e4rinevad sama perioodi maalidelt, moodustades kordusmustri, mis p\u00fc\u00fcab pilku ning muudab iga ruumi ilu pelgupaigaks. Belle Epoque ehk Kuldajastu sai alguse 19. saj Prantsusmaal, mil hedonism ja dekadents muutusid moevooluks. Maailmas valitses vahelduseks rahu ning nii puhkes \u00f5ide kunst ning teadus. Romantilise mustriga tapeet sobib h\u00e4sti ajatusse sisekujundusesse.<\/p>\n<p data-sourcepos=\"3:1-3:90\">Disaini papagoi ja lilled p\u00e4rinevad House of Castlebird Rose asutaja Aira Priksi erakollektsiooni 19. saj maalilt \u201cLe Perroquet\u201d, autoriks prantsuse kunstnik Louis Beurdeley. \u00a0Seesama uhke siniste tiibadega papagoi on t\u00e4naseks\u00a0<a href=\"https:\/\/www.castlebirdrose.com\/collections\/le-perroquet\" target=\"_blank\" rel=\"noopener\">House of Castlebird Rose<\/a>\u00a0br\u00e4ndi signatuur ja s\u00fcmbol, mille leiad eksklusiivsetel siidist kimonotel, kleitidel ning portselanil.<\/p>\n<p><strong>Nagu k\u00f5ik Baubauwalli kordusmustriga tapeedid ja pilttapeedid, on ka see imeilus disain tr\u00fckitud\u00a0<a href=\"https:\/\/baubauwall.com\/et\/keskkonnasobralikud-tapeedid\/\" target=\"_blank\" rel=\"noopener\">keskkonnas\u00f5bralike v\u00e4rvidega<\/a>, hingavale fliistapeedi materjalile, mis ei l\u00e4igi ja on lihtne paigaldada. Sinu uus tapeet tuleb valmis l\u00f5igatud ning nummerdatud paanides, mis on t\u00e4pselt nii k\u00f5rged, kui Sinu sein.<\/strong><\/p>\n","protected":false},"excerpt":{"rendered":"<p>See bee\u017e tapeet on justkui peegeldus Belle Epoque ajastust \u2013 romantiline disain p\u00f5imitud v\u00f5luva elegantsiga. Tapeedi detailid p\u00e4rinevad sama perioodi maalidelt, moodustades kordusmustri, mis p\u00fc\u00fcab pilku ning muudab iga ruumi ilu pelgupaigaks. Belle Epoque ehk Kuldajastu sai alguse 19. saj Prantsusmaal, mil hedonism ja dekadents muutusid moevooluks. Maailmas valitses vahelduseks rahu ning nii puhkes \u00f5ide [&hellip;]<\/p>\n","protected":false},"featured_media":45253,"comment_status":"open","ping_status":"closed","template":"","meta":{"_acf_changed":false,"inline_featured_image":false},"product_brand":[],"product_cat":[710,386,395,406,265,273,413,414,402,699,257,260],"product_tag":[708],"class_list":{"0":"post-38636","1":"product","2":"type-product","3":"status-publish","4":"has-post-thumbnail","6":"product_cat-house-of-castlebird-rose-tapeedid","7":"product_cat-kordusmustriga-tapeedid","8":"product_cat-romantiline","9":"product_cat-klassika","10":"product_cat-beezid-tapeedid","11":"product_cat-heledad-tapeedid","12":"product_cat-magamistoa-tapeedid","13":"product_cat-soogitoa-tapeedid","14":"product_cat-elutoa-tapeedid","15":"product_cat-eesti-disain-tapeedid","16":"product_cat-linnud","17":"product_cat-lilled","18":"product_tag-castlebird-rose-et","19":"pa_designedby-castlebird-rose-murals-wallpapers","21":"first","22":"instock","23":"taxable","24":"shipping-taxable","25":"purchasable","26":"product-type-simple"},"acf":[],"yoast_head":"<!-- This site is optimized with the Yoast SEO plugin v25.9 - https:\/\/yoast.com\/wordpress\/plugins\/seo\/ -->\n<title>Belle Epoque - bee\u017e tapeet - BAUBAUWALL TAPEEDID Tapeedid<\/title>\n<meta name=\"description\" content=\"Romantiline ja elegantne bee\u017e tapeet lillede ja papagoidega. Magamistoa tapeet v\u00f5i elegantse elutoa t\u00e4iendus. Muster, mis t\u00e4idab seinad iluga.\" \/>\n<meta name=\"robots\" content=\"index, follow, max-snippet:-1, max-image-preview:large, max-video-preview:-1\" \/>\n<link rel=\"canonical\" href=\"https:\/\/baubauwall.com\/et\/toode\/tapeet-belle-epoque-beez\/\" \/>\n<meta property=\"og:locale\" content=\"et_EE\" \/>\n<meta property=\"og:type\" content=\"article\" \/>\n<meta property=\"og:title\" content=\"Belle Epoque - bee\u017e tapeet - BAUBAUWALL TAPEEDID Tapeedid\" \/>\n<meta property=\"og:description\" content=\"Romantiline ja elegantne bee\u017e tapeet lillede ja papagoidega. Magamistoa tapeet v\u00f5i elegantse elutoa t\u00e4iendus. Muster, mis t\u00e4idab seinad iluga.\" \/>\n<meta property=\"og:url\" content=\"https:\/\/baubauwall.com\/et\/toode\/tapeet-belle-epoque-beez\/\" \/>\n<meta property=\"og:site_name\" content=\"BAUBAUWALL TAPEEDID\" \/>\n<meta property=\"article:publisher\" content=\"https:\/\/www.facebook.com\/Baubauwall\" \/>\n<meta property=\"article:modified_time\" content=\"2024-11-04T08:06:54+00:00\" \/>\n<meta property=\"og:image\" content=\"https:\/\/i0.wp.com\/baubauwall.com\/wp-content\/uploads\/2024\/10\/51100428_BelleEpoque\u2013SandBeige_Baubauwall_Wallpaper_room3.jpg?fit=1216%2C1600&ssl=1\" \/>\n\t<meta property=\"og:image:width\" content=\"1216\" \/>\n\t<meta property=\"og:image:height\" content=\"1600\" \/>\n\t<meta property=\"og:image:type\" content=\"image\/jpeg\" \/>\n<meta name=\"twitter:card\" content=\"summary_large_image\" \/>\n<meta name=\"twitter:label1\" content=\"Est. reading time\" \/>\n\t<meta name=\"twitter:data1\" content=\"1 minut\" \/>\n<script type=\"application\/ld+json\" class=\"yoast-schema-graph\">{\"@context\":\"https:\/\/schema.org\",\"@graph\":[{\"@type\":\"WebPage\",\"@id\":\"https:\/\/baubauwall.com\/et\/toode\/tapeet-belle-epoque-beez\/\",\"url\":\"https:\/\/baubauwall.com\/et\/toode\/tapeet-belle-epoque-beez\/\",\"name\":\"Belle Epoque - bee\u017e tapeet - BAUBAUWALL TAPEEDID Tapeedid\",\"isPartOf\":{\"@id\":\"https:\/\/baubauwall.com\/et\/#website\"},\"primaryImageOfPage\":{\"@id\":\"https:\/\/baubauwall.com\/et\/toode\/tapeet-belle-epoque-beez\/#primaryimage\"},\"image\":{\"@id\":\"https:\/\/baubauwall.com\/et\/toode\/tapeet-belle-epoque-beez\/#primaryimage\"},\"thumbnailUrl\":\"https:\/\/baubauwall.com\/wp-content\/uploads\/2024\/11\/luxury_wallpapers_maisonCastlebird_baubau.jpg\",\"datePublished\":\"2024-11-04T08:00:15+00:00\",\"dateModified\":\"2024-11-04T08:06:54+00:00\",\"description\":\"Romantiline ja elegantne bee\u017e tapeet lillede ja papagoidega. Magamistoa tapeet v\u00f5i elegantse elutoa t\u00e4iendus. Muster, mis t\u00e4idab seinad iluga.\",\"breadcrumb\":{\"@id\":\"https:\/\/baubauwall.com\/et\/toode\/tapeet-belle-epoque-beez\/#breadcrumb\"},\"inLanguage\":\"et\",\"potentialAction\":[{\"@type\":\"ReadAction\",\"target\":[\"https:\/\/baubauwall.com\/et\/toode\/tapeet-belle-epoque-beez\/\"]}]},{\"@type\":\"ImageObject\",\"inLanguage\":\"et\",\"@id\":\"https:\/\/baubauwall.com\/et\/toode\/tapeet-belle-epoque-beez\/#primaryimage\",\"url\":\"https:\/\/baubauwall.com\/wp-content\/uploads\/2024\/11\/luxury_wallpapers_maisonCastlebird_baubau.jpg\",\"contentUrl\":\"https:\/\/baubauwall.com\/wp-content\/uploads\/2024\/11\/luxury_wallpapers_maisonCastlebird_baubau.jpg\",\"width\":1750,\"height\":1167,\"caption\":\"Beige luxury wallpaper with floral pattern and parrots. Baubauwall wallpapers\"},{\"@type\":\"BreadcrumbList\",\"@id\":\"https:\/\/baubauwall.com\/et\/toode\/tapeet-belle-epoque-beez\/#breadcrumb\",\"itemListElement\":[{\"@type\":\"ListItem\",\"position\":1,\"name\":\"Koju\",\"item\":\"https:\/\/baubauwall.com\/et\/\"},{\"@type\":\"ListItem\",\"position\":2,\"name\":\"Tapeedid\",\"item\":\"https:\/\/baubauwall.com\/et\/tapeedid\/\"},{\"@type\":\"ListItem\",\"position\":3,\"name\":\"Belle Epoque &#8211; bee\u017e\"}]},{\"@type\":\"WebSite\",\"@id\":\"https:\/\/baubauwall.com\/et\/#website\",\"url\":\"https:\/\/baubauwall.com\/et\/\",\"name\":\"BAUBAUWALL Wallpapers\",\"description\":\"Valmis paanides tapeet Eestist!\",\"publisher\":{\"@id\":\"https:\/\/baubauwall.com\/et\/#organization\"},\"potentialAction\":[{\"@type\":\"SearchAction\",\"target\":{\"@type\":\"EntryPoint\",\"urlTemplate\":\"https:\/\/baubauwall.com\/et\/?s={search_term_string}\"},\"query-input\":{\"@type\":\"PropertyValueSpecification\",\"valueRequired\":true,\"valueName\":\"search_term_string\"}}],\"inLanguage\":\"et\"},{\"@type\":\"Organization\",\"@id\":\"https:\/\/baubauwall.com\/et\/#organization\",\"name\":\"BAUBAUWALL Wallpapers\",\"url\":\"https:\/\/baubauwall.com\/et\/\",\"logo\":{\"@type\":\"ImageObject\",\"inLanguage\":\"et\",\"@id\":\"https:\/\/baubauwall.com\/et\/#\/schema\/logo\/image\/\",\"url\":\"https:\/\/baubauwall.com\/wp-content\/uploads\/2022\/03\/logo-horizontal.svg\",\"contentUrl\":\"https:\/\/baubauwall.com\/wp-content\/uploads\/2022\/03\/logo-horizontal.svg\",\"width\":\"1024\",\"height\":\"1024\",\"caption\":\"BAUBAUWALL Wallpapers\"},\"image\":{\"@id\":\"https:\/\/baubauwall.com\/et\/#\/schema\/logo\/image\/\"},\"sameAs\":[\"https:\/\/www.facebook.com\/Baubauwall\",\"https:\/\/www.instagram.com\/baubauwall\"]}]}<\/script>\n<!-- \/ Yoast SEO plugin. -->","yoast_head_json":{"title":"Belle Epoque - bee\u017e tapeet - BAUBAUWALL TAPEEDID Tapeedid","description":"Romantiline ja elegantne bee\u017e tapeet lillede ja papagoidega. Magamistoa tapeet v\u00f5i elegantse elutoa t\u00e4iendus. Muster, mis t\u00e4idab seinad iluga.","robots":{"index":"index","follow":"follow","max-snippet":"max-snippet:-1","max-image-preview":"max-image-preview:large","max-video-preview":"max-video-preview:-1"},"canonical":"https:\/\/baubauwall.com\/et\/toode\/tapeet-belle-epoque-beez\/","og_locale":"et_EE","og_type":"article","og_title":"Belle Epoque - bee\u017e tapeet - BAUBAUWALL TAPEEDID Tapeedid","og_description":"Romantiline ja elegantne bee\u017e tapeet lillede ja papagoidega. Magamistoa tapeet v\u00f5i elegantse elutoa t\u00e4iendus. Muster, mis t\u00e4idab seinad iluga.","og_url":"https:\/\/baubauwall.com\/et\/toode\/tapeet-belle-epoque-beez\/","og_site_name":"BAUBAUWALL TAPEEDID","article_publisher":"https:\/\/www.facebook.com\/Baubauwall","article_modified_time":"2024-11-04T08:06:54+00:00","og_image":[{"width":1216,"height":1600,"url":"https:\/\/i0.wp.com\/baubauwall.com\/wp-content\/uploads\/2024\/10\/51100428_BelleEpoque\u2013SandBeige_Baubauwall_Wallpaper_room3.jpg?fit=1216%2C1600&ssl=1","type":"image\/jpeg"}],"twitter_card":"summary_large_image","twitter_misc":{"Est. reading time":"1 minut"},"schema":{"@context":"https:\/\/schema.org","@graph":[{"@type":"WebPage","@id":"https:\/\/baubauwall.com\/et\/toode\/tapeet-belle-epoque-beez\/","url":"https:\/\/baubauwall.com\/et\/toode\/tapeet-belle-epoque-beez\/","name":"Belle Epoque - bee\u017e tapeet - BAUBAUWALL TAPEEDID Tapeedid","isPartOf":{"@id":"https:\/\/baubauwall.com\/et\/#website"},"primaryImageOfPage":{"@id":"https:\/\/baubauwall.com\/et\/toode\/tapeet-belle-epoque-beez\/#primaryimage"},"image":{"@id":"https:\/\/baubauwall.com\/et\/toode\/tapeet-belle-epoque-beez\/#primaryimage"},"thumbnailUrl":"https:\/\/baubauwall.com\/wp-content\/uploads\/2024\/11\/luxury_wallpapers_maisonCastlebird_baubau.jpg","datePublished":"2024-11-04T08:00:15+00:00","dateModified":"2024-11-04T08:06:54+00:00","description":"Romantiline ja elegantne bee\u017e tapeet lillede ja papagoidega. Magamistoa tapeet v\u00f5i elegantse elutoa t\u00e4iendus. Muster, mis t\u00e4idab seinad iluga.","breadcrumb":{"@id":"https:\/\/baubauwall.com\/et\/toode\/tapeet-belle-epoque-beez\/#breadcrumb"},"inLanguage":"et","potentialAction":[{"@type":"ReadAction","target":["https:\/\/baubauwall.com\/et\/toode\/tapeet-belle-epoque-beez\/"]}]},{"@type":"ImageObject","inLanguage":"et","@id":"https:\/\/baubauwall.com\/et\/toode\/tapeet-belle-epoque-beez\/#primaryimage","url":"https:\/\/baubauwall.com\/wp-content\/uploads\/2024\/11\/luxury_wallpapers_maisonCastlebird_baubau.jpg","contentUrl":"https:\/\/baubauwall.com\/wp-content\/uploads\/2024\/11\/luxury_wallpapers_maisonCastlebird_baubau.jpg","width":1750,"height":1167,"caption":"Beige luxury wallpaper with floral pattern and parrots. Baubauwall wallpapers"},{"@type":"BreadcrumbList","@id":"https:\/\/baubauwall.com\/et\/toode\/tapeet-belle-epoque-beez\/#breadcrumb","itemListElement":[{"@type":"ListItem","position":1,"name":"Koju","item":"https:\/\/baubauwall.com\/et\/"},{"@type":"ListItem","position":2,"name":"Tapeedid","item":"https:\/\/baubauwall.com\/et\/tapeedid\/"},{"@type":"ListItem","position":3,"name":"Belle Epoque &#8211; bee\u017e"}]},{"@type":"WebSite","@id":"https:\/\/baubauwall.com\/et\/#website","url":"https:\/\/baubauwall.com\/et\/","name":"BAUBAUWALL Wallpapers","description":"Valmis paanides tapeet Eestist!","publisher":{"@id":"https:\/\/baubauwall.com\/et\/#organization"},"potentialAction":[{"@type":"SearchAction","target":{"@type":"EntryPoint","urlTemplate":"https:\/\/baubauwall.com\/et\/?s={search_term_string}"},"query-input":{"@type":"PropertyValueSpecification","valueRequired":true,"valueName":"search_term_string"}}],"inLanguage":"et"},{"@type":"Organization","@id":"https:\/\/baubauwall.com\/et\/#organization","name":"BAUBAUWALL Wallpapers","url":"https:\/\/baubauwall.com\/et\/","logo":{"@type":"ImageObject","inLanguage":"et","@id":"https:\/\/baubauwall.com\/et\/#\/schema\/logo\/image\/","url":"https:\/\/baubauwall.com\/wp-content\/uploads\/2022\/03\/logo-horizontal.svg","contentUrl":"https:\/\/baubauwall.com\/wp-content\/uploads\/2022\/03\/logo-horizontal.svg","width":"1024","height":"1024","caption":"BAUBAUWALL Wallpapers"},"image":{"@id":"https:\/\/baubauwall.com\/et\/#\/schema\/logo\/image\/"},"sameAs":["https:\/\/www.facebook.com\/Baubauwall","https:\/\/www.instagram.com\/baubauwall"]}]}},"jetpack_sharing_enabled":true,"_links":{"self":[{"href":"https:\/\/baubauwall.com\/et\/wp-json\/wp\/v2\/product\/38636","targetHints":{"allow":["GET"]}}],"collection":[{"href":"https:\/\/baubauwall.com\/et\/wp-json\/wp\/v2\/product"}],"about":[{"href":"https:\/\/baubauwall.com\/et\/wp-json\/wp\/v2\/types\/product"}],"replies":[{"embeddable":true,"href":"https:\/\/baubauwall.com\/et\/wp-json\/wp\/v2\/comments?post=38636"}],"wp:featuredmedia":[{"embeddable":true,"href":"https:\/\/baubauwall.com\/et\/wp-json\/wp\/v2\/media\/45253"}],"wp:attachment":[{"href":"https:\/\/baubauwall.com\/et\/wp-json\/wp\/v2\/media?parent=38636"}],"wp:term":[{"taxonomy":"product_brand","embeddable":true,"href":"https:\/\/baubauwall.com\/et\/wp-json\/wp\/v2\/product_brand?post=38636"},{"taxonomy":"product_cat","embeddable":true,"href":"https:\/\/baubauwall.com\/et\/wp-json\/wp\/v2\/product_cat?post=38636"},{"taxonomy":"product_tag","embeddable":true,"href":"https:\/\/baubauwall.com\/et\/wp-json\/wp\/v2\/product_tag?post=38636"}],"curies":[{"name":"wp","href":"https:\/\/api.w.org\/{rel}","templated":true}]}}