{"id":38808,"date":"2024-11-13T15:15:16","date_gmt":"2024-11-13T13:15:16","guid":{"rendered":"https:\/\/baubauwall.com\/product\/wallpaper-fantastic-forest-vintage-white\/"},"modified":"2025-01-20T11:53:11","modified_gmt":"2025-01-20T09:53:11","slug":"tapeet-volumets-valge","status":"publish","type":"product","link":"https:\/\/baubauwall.com\/et\/toode\/tapeet-volumets-valge\/","title":{"rendered":"V\u00f5lumets &#8211; kreemikas valge"},"content":{"rendered":"<p>Klassikaliselt P\u00f5hjamaine tapeet romantilise stiiliga interj\u00f6\u00f6ri t\u00e4iendamiseks. Metsateemaline tapeet, mis sobib nii mitmele seinale kui ka vaid \u00fchele \u2013 tegemist on kordusmustriga tapeediga. Tapeedi disainilt leiad k\u00f5ige armsamad loomad ja looduse \u2013 \u00a0majesteetlikud hirved, uudishimulikud oravad, m\u00e4ngulised j\u00e4nesed, targad \u00f6\u00f6kullid ja isegi \u00fcks tagasihoidlik m\u00e4ger. Lopsakad puud ja \u00f5rnad metsikud lilled t\u00e4iendavad metsa, luues inspireeriva tausta teie interj\u00f6\u00f6ri. Olgu selleks maakodu, romantiline linnakodu ajaloolises majas v\u00f5i stuudiokorteri aktsentsein.<\/p>\n<p><strong>Miks valida tapeet siit? Tapeetimine pole kunagi nii lihtne ja kiire olnud!<\/strong><\/p>\n<ul>\n<li>Nummerdatud tapeedipaanid<\/li>\n<li>Just nii pikad tapeedipaanid, kui on Sinu sein<\/li>\n<li>Premium, matt fliistapeedi materjal, 100% taaskasutatud kiust<\/li>\n<li>M\u00fcrgivabad tr\u00fckiv\u00e4rvid, Greenguard sertifitseeritud \u2013 ideaalne lastetuppa<\/li>\n<li>Keskkonnas\u00f5bralik, j\u00e4\u00e4tmevaba tapeetimine<\/li>\n<li>Tasuta tapeediliim<\/li>\n<li>Tasuta transport ja kiire tarne 5 t\u00f6\u00f6p\u00e4evaga<\/li>\n<\/ul>\n<p>Loe l\u00e4hemalt nutikatest, eritellimust\u00f6\u00f6na valmivatest tapeetidest\u00a0<a href=\"https:\/\/baubauwall.com\/et\/keskkonnasobralikud-tapeedid\/\">siit.<\/a><\/p>\n","protected":false},"excerpt":{"rendered":"<p>Klassikaliselt P\u00f5hjamaine tapeet romantilise stiiliga interj\u00f6\u00f6ri t\u00e4iendamiseks. Metsateemaline tapeet, mis sobib nii mitmele seinale kui ka vaid \u00fchele \u2013 tegemist on kordusmustriga tapeediga. Tapeedi disainilt leiad k\u00f5ige armsamad loomad ja looduse \u2013 \u00a0majesteetlikud hirved, uudishimulikud oravad, m\u00e4ngulised j\u00e4nesed, targad \u00f6\u00f6kullid ja isegi \u00fcks tagasihoidlik m\u00e4ger. Lopsakad puud ja \u00f5rnad metsikud lilled t\u00e4iendavad metsa, luues inspireeriva [&hellip;]<\/p>\n","protected":false},"featured_media":38803,"comment_status":"open","ping_status":"closed","template":"","meta":{"_acf_changed":false,"inline_featured_image":false},"product_brand":[],"product_cat":[629,386,395,406,396,388,265,273,410,413,400,402,248,255],"product_tag":[631,832],"class_list":{"0":"post-38808","1":"product","2":"type-product","3":"status-publish","4":"has-post-thumbnail","6":"product_cat-kikki-belle-tapeedid","7":"product_cat-kordusmustriga-tapeedid","8":"product_cat-romantiline","9":"product_cat-klassika","10":"product_cat-skandinaavia","11":"product_cat-vintage-et","12":"product_cat-beezid-tapeedid","13":"product_cat-heledad-tapeedid","14":"product_cat-valge-tapeedid","15":"product_cat-magamistoa-tapeedid","16":"product_cat-lastetoa-tapeedid","17":"product_cat-elutoa-tapeedid","18":"product_cat-mets","19":"product_cat-loomad","20":"product_tag-kikki-belle-et","21":"product_tag-kordusmustriga-tapeedid","22":"pa_designedby-sir-edward","24":"first","25":"instock","26":"taxable","27":"shipping-taxable","28":"purchasable","29":"product-type-simple"},"acf":[],"yoast_head":"<!-- This site is optimized with the Yoast SEO plugin v25.9 - https:\/\/yoast.com\/wordpress\/plugins\/seo\/ -->\n<title>Hele tapeet V\u00f5lumets - kreemikas valge<\/title>\n<meta name=\"description\" content=\"P\u00f5hjamaises stiilis hele tapeet lastetuppa v\u00f5i mujale klassikalises stiilis interj\u00f6\u00f6ri t\u00e4iustamiseks. Kasuta kordusmustriga tapeeti \u00fchel seinal v\u00f5i mitmel.\" \/>\n<meta name=\"robots\" content=\"index, follow, max-snippet:-1, max-image-preview:large, max-video-preview:-1\" \/>\n<link rel=\"canonical\" href=\"https:\/\/baubauwall.com\/et\/toode\/tapeet-volumets-valge\/\" \/>\n<meta property=\"og:locale\" content=\"et_EE\" \/>\n<meta property=\"og:type\" content=\"article\" \/>\n<meta property=\"og:title\" content=\"Hele tapeet V\u00f5lumets - kreemikas valge\" \/>\n<meta property=\"og:description\" content=\"P\u00f5hjamaises stiilis hele tapeet lastetuppa v\u00f5i mujale klassikalises stiilis interj\u00f6\u00f6ri t\u00e4iustamiseks. Kasuta kordusmustriga tapeeti \u00fchel seinal v\u00f5i mitmel.\" \/>\n<meta property=\"og:url\" content=\"https:\/\/baubauwall.com\/et\/toode\/tapeet-volumets-valge\/\" \/>\n<meta property=\"og:site_name\" content=\"BAUBAUWALL Wallpapers\" \/>\n<meta property=\"article:publisher\" content=\"https:\/\/www.facebook.com\/Baubauwall\" \/>\n<meta property=\"article:modified_time\" content=\"2025-01-20T09:53:11+00:00\" \/>\n<meta property=\"og:image\" content=\"https:\/\/baubauwall.com\/wp-content\/uploads\/2022\/11\/51100445_FantasticForest-VintageWhite_Baubauwall_Wallpaper_room1.jpg\" \/>\n\t<meta property=\"og:image:width\" content=\"1061\" \/>\n\t<meta property=\"og:image:height\" content=\"1600\" \/>\n\t<meta property=\"og:image:type\" content=\"image\/jpeg\" \/>\n<meta name=\"twitter:card\" content=\"summary_large_image\" \/>\n<meta name=\"twitter:label1\" content=\"Est. reading time\" \/>\n\t<meta name=\"twitter:data1\" content=\"1 minut\" \/>\n<script type=\"application\/ld+json\" class=\"yoast-schema-graph\">{\"@context\":\"https:\/\/schema.org\",\"@graph\":[{\"@type\":\"WebPage\",\"@id\":\"https:\/\/baubauwall.com\/et\/toode\/tapeet-volumets-valge\/\",\"url\":\"https:\/\/baubauwall.com\/et\/toode\/tapeet-volumets-valge\/\",\"name\":\"Hele tapeet V\u00f5lumets - kreemikas valge\",\"isPartOf\":{\"@id\":\"https:\/\/baubauwall.com\/et\/#website\"},\"primaryImageOfPage\":{\"@id\":\"https:\/\/baubauwall.com\/et\/toode\/tapeet-volumets-valge\/#primaryimage\"},\"image\":{\"@id\":\"https:\/\/baubauwall.com\/et\/toode\/tapeet-volumets-valge\/#primaryimage\"},\"thumbnailUrl\":\"https:\/\/baubauwall.com\/wp-content\/uploads\/2022\/11\/51100445_FantasticForest-VintageWhite_Baubauwall_Wallpaper_room1.jpg\",\"datePublished\":\"2024-11-13T13:15:16+00:00\",\"dateModified\":\"2025-01-20T09:53:11+00:00\",\"description\":\"P\u00f5hjamaises stiilis hele tapeet lastetuppa v\u00f5i mujale klassikalises stiilis interj\u00f6\u00f6ri t\u00e4iustamiseks. Kasuta kordusmustriga tapeeti \u00fchel seinal v\u00f5i mitmel.\",\"breadcrumb\":{\"@id\":\"https:\/\/baubauwall.com\/et\/toode\/tapeet-volumets-valge\/#breadcrumb\"},\"inLanguage\":\"et\",\"potentialAction\":[{\"@type\":\"ReadAction\",\"target\":[\"https:\/\/baubauwall.com\/et\/toode\/tapeet-volumets-valge\/\"]}]},{\"@type\":\"ImageObject\",\"inLanguage\":\"et\",\"@id\":\"https:\/\/baubauwall.com\/et\/toode\/tapeet-volumets-valge\/#primaryimage\",\"url\":\"https:\/\/baubauwall.com\/wp-content\/uploads\/2022\/11\/51100445_FantasticForest-VintageWhite_Baubauwall_Wallpaper_room1.jpg\",\"contentUrl\":\"https:\/\/baubauwall.com\/wp-content\/uploads\/2022\/11\/51100445_FantasticForest-VintageWhite_Baubauwall_Wallpaper_room1.jpg\",\"width\":1061,\"height\":1600,\"caption\":\"Fantastic Forest Wallpaper\"},{\"@type\":\"BreadcrumbList\",\"@id\":\"https:\/\/baubauwall.com\/et\/toode\/tapeet-volumets-valge\/#breadcrumb\",\"itemListElement\":[{\"@type\":\"ListItem\",\"position\":1,\"name\":\"Koju\",\"item\":\"https:\/\/baubauwall.com\/et\/\"},{\"@type\":\"ListItem\",\"position\":2,\"name\":\"Tapeedid\",\"item\":\"https:\/\/baubauwall.com\/et\/tapeedid\/\"},{\"@type\":\"ListItem\",\"position\":3,\"name\":\"V\u00f5lumets &#8211; kreemikas valge\"}]},{\"@type\":\"WebSite\",\"@id\":\"https:\/\/baubauwall.com\/et\/#website\",\"url\":\"https:\/\/baubauwall.com\/et\/\",\"name\":\"BAUBAUWALL Wallpapers\",\"description\":\"Valmis paanides tapeet Eestist!\",\"publisher\":{\"@id\":\"https:\/\/baubauwall.com\/et\/#organization\"},\"potentialAction\":[{\"@type\":\"SearchAction\",\"target\":{\"@type\":\"EntryPoint\",\"urlTemplate\":\"https:\/\/baubauwall.com\/et\/?s={search_term_string}\"},\"query-input\":{\"@type\":\"PropertyValueSpecification\",\"valueRequired\":true,\"valueName\":\"search_term_string\"}}],\"inLanguage\":\"et\"},{\"@type\":\"Organization\",\"@id\":\"https:\/\/baubauwall.com\/et\/#organization\",\"name\":\"BAUBAUWALL Wallpapers\",\"url\":\"https:\/\/baubauwall.com\/et\/\",\"logo\":{\"@type\":\"ImageObject\",\"inLanguage\":\"et\",\"@id\":\"https:\/\/baubauwall.com\/et\/#\/schema\/logo\/image\/\",\"url\":\"https:\/\/baubauwall.com\/wp-content\/uploads\/2022\/03\/logo-horizontal.svg\",\"contentUrl\":\"https:\/\/baubauwall.com\/wp-content\/uploads\/2022\/03\/logo-horizontal.svg\",\"width\":\"1024\",\"height\":\"1024\",\"caption\":\"BAUBAUWALL Wallpapers\"},\"image\":{\"@id\":\"https:\/\/baubauwall.com\/et\/#\/schema\/logo\/image\/\"},\"sameAs\":[\"https:\/\/www.facebook.com\/Baubauwall\",\"https:\/\/www.instagram.com\/baubauwall\"]}]}<\/script>\n<!-- \/ Yoast SEO plugin. -->","yoast_head_json":{"title":"Hele tapeet V\u00f5lumets - kreemikas valge","description":"P\u00f5hjamaises stiilis hele tapeet lastetuppa v\u00f5i mujale klassikalises stiilis interj\u00f6\u00f6ri t\u00e4iustamiseks. Kasuta kordusmustriga tapeeti \u00fchel seinal v\u00f5i mitmel.","robots":{"index":"index","follow":"follow","max-snippet":"max-snippet:-1","max-image-preview":"max-image-preview:large","max-video-preview":"max-video-preview:-1"},"canonical":"https:\/\/baubauwall.com\/et\/toode\/tapeet-volumets-valge\/","og_locale":"et_EE","og_type":"article","og_title":"Hele tapeet V\u00f5lumets - kreemikas valge","og_description":"P\u00f5hjamaises stiilis hele tapeet lastetuppa v\u00f5i mujale klassikalises stiilis interj\u00f6\u00f6ri t\u00e4iustamiseks. Kasuta kordusmustriga tapeeti \u00fchel seinal v\u00f5i mitmel.","og_url":"https:\/\/baubauwall.com\/et\/toode\/tapeet-volumets-valge\/","og_site_name":"BAUBAUWALL Wallpapers","article_publisher":"https:\/\/www.facebook.com\/Baubauwall","article_modified_time":"2025-01-20T09:53:11+00:00","og_image":[{"width":1061,"height":1600,"url":"https:\/\/baubauwall.com\/wp-content\/uploads\/2022\/11\/51100445_FantasticForest-VintageWhite_Baubauwall_Wallpaper_room1.jpg","type":"image\/jpeg"}],"twitter_card":"summary_large_image","twitter_misc":{"Est. reading time":"1 minut"},"schema":{"@context":"https:\/\/schema.org","@graph":[{"@type":"WebPage","@id":"https:\/\/baubauwall.com\/et\/toode\/tapeet-volumets-valge\/","url":"https:\/\/baubauwall.com\/et\/toode\/tapeet-volumets-valge\/","name":"Hele tapeet V\u00f5lumets - kreemikas valge","isPartOf":{"@id":"https:\/\/baubauwall.com\/et\/#website"},"primaryImageOfPage":{"@id":"https:\/\/baubauwall.com\/et\/toode\/tapeet-volumets-valge\/#primaryimage"},"image":{"@id":"https:\/\/baubauwall.com\/et\/toode\/tapeet-volumets-valge\/#primaryimage"},"thumbnailUrl":"https:\/\/baubauwall.com\/wp-content\/uploads\/2022\/11\/51100445_FantasticForest-VintageWhite_Baubauwall_Wallpaper_room1.jpg","datePublished":"2024-11-13T13:15:16+00:00","dateModified":"2025-01-20T09:53:11+00:00","description":"P\u00f5hjamaises stiilis hele tapeet lastetuppa v\u00f5i mujale klassikalises stiilis interj\u00f6\u00f6ri t\u00e4iustamiseks. Kasuta kordusmustriga tapeeti \u00fchel seinal v\u00f5i mitmel.","breadcrumb":{"@id":"https:\/\/baubauwall.com\/et\/toode\/tapeet-volumets-valge\/#breadcrumb"},"inLanguage":"et","potentialAction":[{"@type":"ReadAction","target":["https:\/\/baubauwall.com\/et\/toode\/tapeet-volumets-valge\/"]}]},{"@type":"ImageObject","inLanguage":"et","@id":"https:\/\/baubauwall.com\/et\/toode\/tapeet-volumets-valge\/#primaryimage","url":"https:\/\/baubauwall.com\/wp-content\/uploads\/2022\/11\/51100445_FantasticForest-VintageWhite_Baubauwall_Wallpaper_room1.jpg","contentUrl":"https:\/\/baubauwall.com\/wp-content\/uploads\/2022\/11\/51100445_FantasticForest-VintageWhite_Baubauwall_Wallpaper_room1.jpg","width":1061,"height":1600,"caption":"Fantastic Forest Wallpaper"},{"@type":"BreadcrumbList","@id":"https:\/\/baubauwall.com\/et\/toode\/tapeet-volumets-valge\/#breadcrumb","itemListElement":[{"@type":"ListItem","position":1,"name":"Koju","item":"https:\/\/baubauwall.com\/et\/"},{"@type":"ListItem","position":2,"name":"Tapeedid","item":"https:\/\/baubauwall.com\/et\/tapeedid\/"},{"@type":"ListItem","position":3,"name":"V\u00f5lumets &#8211; kreemikas valge"}]},{"@type":"WebSite","@id":"https:\/\/baubauwall.com\/et\/#website","url":"https:\/\/baubauwall.com\/et\/","name":"BAUBAUWALL Wallpapers","description":"Valmis paanides tapeet Eestist!","publisher":{"@id":"https:\/\/baubauwall.com\/et\/#organization"},"potentialAction":[{"@type":"SearchAction","target":{"@type":"EntryPoint","urlTemplate":"https:\/\/baubauwall.com\/et\/?s={search_term_string}"},"query-input":{"@type":"PropertyValueSpecification","valueRequired":true,"valueName":"search_term_string"}}],"inLanguage":"et"},{"@type":"Organization","@id":"https:\/\/baubauwall.com\/et\/#organization","name":"BAUBAUWALL Wallpapers","url":"https:\/\/baubauwall.com\/et\/","logo":{"@type":"ImageObject","inLanguage":"et","@id":"https:\/\/baubauwall.com\/et\/#\/schema\/logo\/image\/","url":"https:\/\/baubauwall.com\/wp-content\/uploads\/2022\/03\/logo-horizontal.svg","contentUrl":"https:\/\/baubauwall.com\/wp-content\/uploads\/2022\/03\/logo-horizontal.svg","width":"1024","height":"1024","caption":"BAUBAUWALL Wallpapers"},"image":{"@id":"https:\/\/baubauwall.com\/et\/#\/schema\/logo\/image\/"},"sameAs":["https:\/\/www.facebook.com\/Baubauwall","https:\/\/www.instagram.com\/baubauwall"]}]}},"jetpack_sharing_enabled":true,"_links":{"self":[{"href":"https:\/\/baubauwall.com\/et\/wp-json\/wp\/v2\/product\/38808","targetHints":{"allow":["GET"]}}],"collection":[{"href":"https:\/\/baubauwall.com\/et\/wp-json\/wp\/v2\/product"}],"about":[{"href":"https:\/\/baubauwall.com\/et\/wp-json\/wp\/v2\/types\/product"}],"replies":[{"embeddable":true,"href":"https:\/\/baubauwall.com\/et\/wp-json\/wp\/v2\/comments?post=38808"}],"wp:featuredmedia":[{"embeddable":true,"href":"https:\/\/baubauwall.com\/et\/wp-json\/wp\/v2\/media\/38803"}],"wp:attachment":[{"href":"https:\/\/baubauwall.com\/et\/wp-json\/wp\/v2\/media?parent=38808"}],"wp:term":[{"taxonomy":"product_brand","embeddable":true,"href":"https:\/\/baubauwall.com\/et\/wp-json\/wp\/v2\/product_brand?post=38808"},{"taxonomy":"product_cat","embeddable":true,"href":"https:\/\/baubauwall.com\/et\/wp-json\/wp\/v2\/product_cat?post=38808"},{"taxonomy":"product_tag","embeddable":true,"href":"https:\/\/baubauwall.com\/et\/wp-json\/wp\/v2\/product_tag?post=38808"}],"curies":[{"name":"wp","href":"https:\/\/api.w.org\/{rel}","templated":true}]}}