{"id":38837,"date":"2024-11-14T16:30:15","date_gmt":"2024-11-14T14:30:15","guid":{"rendered":"https:\/\/baubauwall.com\/?post_type=product&#038;p=38837"},"modified":"2026-03-03T14:46:28","modified_gmt":"2026-03-03T12:46:28","slug":"ookullid-kased-hele","status":"publish","type":"product","link":"https:\/\/baubauwall.com\/et\/toode\/ookullid-kased-hele\/","title":{"rendered":"\u00d6\u00f6kullid ja kased &#8211; kreemikas"},"content":{"rendered":"<p>Hele ja helge tapeet lastetuppa v\u00f5i mujale. Olgu sul plaanis luua hubane lugemisnurk, tuua s\u00e4rtsu lastetuppa v\u00f5i lisada elutuppa P\u00f5hjamaist stiili, siis see hele tapeet on ideaalne valik. Neutraalne v\u00e4rvipalett ja v\u00f5luv kasemets sobituvad \u00fchtviisi nii romantilise kui moodsa sisekujundusega. Kaskede ja \u00f6\u00f6kullidega tapeet on kordusmustriga, mis lubab tapeeti h\u00f5lpsalt kasutada toa mitmel seinal.<\/p>\n<p><strong>L\u00f5bus fakt:<\/strong> kas teadsid, et \u00f6\u00f6kullid ei saa oma silmamunasid liigutada? \u00d5nneks meie \u00f6\u00f6kullis\u00f5brad tapeedil ei peagi seda tegema \u2013 nad hoiavad teie toal silma peal igast k\u00fcljest! Lisaks oleme tapeedi paigaldamise eriti lihtsaks teinud! Eelnevalt l\u00f5igatud ja nummerdatud tapeedipaanid on lihtsamini paigaldatavad kui \u00f6\u00f6kulli pilgutama saamine (t\u00f5esti, see on v\u00f5imatu). Lihtsalt kanna komplektis olev fliistapeedi liim seinale, pane paanid ritta ja voil\u00e0 \u2013 sul on sein, mis on sama v\u00f5luv kui p\u00e4ev metsas.<\/p>\n","protected":false},"excerpt":{"rendered":"<p>Hele ja helge tapeet lastetuppa v\u00f5i mujale. Olgu sul plaanis luua hubane lugemisnurk, tuua s\u00e4rtsu lastetuppa v\u00f5i lisada elutuppa P\u00f5hjamaist stiili, siis see hele tapeet on ideaalne valik. Neutraalne v\u00e4rvipalett ja v\u00f5luv kasemets sobituvad \u00fchtviisi nii romantilise kui moodsa sisekujundusega. Kaskede ja \u00f6\u00f6kullidega tapeet on kordusmustriga, mis lubab tapeeti h\u00f5lpsalt kasutada toa mitmel seinal. L\u00f5bus [&hellip;]<\/p>\n","protected":false},"featured_media":39483,"comment_status":"open","ping_status":"closed","template":"","meta":{"_acf_changed":false,"inline_featured_image":false},"product_brand":[],"product_cat":[629,386,395,396,265,273,276,400,414,416,402,248,257],"product_tag":[631],"class_list":{"0":"post-38837","1":"product","2":"type-product","3":"status-publish","4":"has-post-thumbnail","6":"product_cat-kikki-belle-tapeedid","7":"product_cat-kordusmustriga-tapeedid","8":"product_cat-romantiline","9":"product_cat-skandinaavia","10":"product_cat-beezid-tapeedid","11":"product_cat-heledad-tapeedid","12":"product_cat-pastelsed-tapeedid","13":"product_cat-lastetoa-tapeedid","14":"product_cat-soogitoa-tapeedid","15":"product_cat-esiku-tapeedid","16":"product_cat-elutoa-tapeedid","17":"product_cat-mets","18":"product_cat-linnud","19":"product_tag-kikki-belle-et","21":"first","22":"instock","23":"taxable","24":"shipping-taxable","25":"purchasable","26":"product-type-simple"},"acf":[],"yoast_head":"<!-- This site is optimized with the Yoast SEO plugin v25.9 - https:\/\/yoast.com\/wordpress\/plugins\/seo\/ -->\n<title>Hele P\u00f5hjamaine tapeet \u00f6\u00f6kullide ja kaskedega<\/title>\n<meta name=\"description\" content=\"Hele tapeet koju, mis viib suvisesse kasemetsa, kus pesitsevad armsad valged \u00f6\u00f6kullid. Tapeet, mis sobib nii lastetuppa kui ka mujale kodus\" \/>\n<meta name=\"robots\" content=\"index, follow, max-snippet:-1, max-image-preview:large, max-video-preview:-1\" \/>\n<link rel=\"canonical\" href=\"https:\/\/baubauwall.com\/et\/toode\/ookullid-kased-hele\/\" \/>\n<meta property=\"og:locale\" content=\"et_EE\" \/>\n<meta property=\"og:type\" content=\"article\" \/>\n<meta property=\"og:title\" content=\"BAUBAUWALL TAPEEDID\" \/>\n<meta property=\"og:description\" content=\"\u00d6\u00f6kullid ja kased - kreemikas\" \/>\n<meta property=\"og:url\" content=\"https:\/\/baubauwall.com\/et\/toode\/ookullid-kased-hele\/\" \/>\n<meta property=\"og:site_name\" content=\"BAUBAUWALL TAPEEDID\" \/>\n<meta property=\"article:publisher\" content=\"https:\/\/www.facebook.com\/Baubauwall\" \/>\n<meta property=\"article:modified_time\" content=\"2026-03-03T12:46:28+00:00\" \/>\n<meta property=\"og:image\" content=\"https:\/\/baubauwall.com\/wp-content\/uploads\/2022\/11\/51100450_BirchandOwls-Blue_Baubauwall_Wallpaper_preview.jpg\" \/>\n\t<meta property=\"og:image:width\" content=\"800\" \/>\n\t<meta property=\"og:image:height\" content=\"800\" \/>\n\t<meta property=\"og:image:type\" content=\"image\/jpeg\" \/>\n<meta name=\"twitter:card\" content=\"summary_large_image\" \/>\n<meta name=\"twitter:label1\" content=\"Est. reading time\" \/>\n\t<meta name=\"twitter:data1\" content=\"1 minut\" \/>\n<script type=\"application\/ld+json\" class=\"yoast-schema-graph\">{\"@context\":\"https:\/\/schema.org\",\"@graph\":[{\"@type\":\"WebPage\",\"@id\":\"https:\/\/baubauwall.com\/et\/toode\/ookullid-kased-hele\/\",\"url\":\"https:\/\/baubauwall.com\/et\/toode\/ookullid-kased-hele\/\",\"name\":\"Hele P\u00f5hjamaine tapeet \u00f6\u00f6kullide ja kaskedega\",\"isPartOf\":{\"@id\":\"https:\/\/baubauwall.com\/et\/#website\"},\"primaryImageOfPage\":{\"@id\":\"https:\/\/baubauwall.com\/et\/toode\/ookullid-kased-hele\/#primaryimage\"},\"image\":{\"@id\":\"https:\/\/baubauwall.com\/et\/toode\/ookullid-kased-hele\/#primaryimage\"},\"thumbnailUrl\":\"https:\/\/baubauwall.com\/wp-content\/uploads\/2024\/11\/51100449_BirchandOwls-White_Baubauwall_Wallpaper_room4-scaled.jpg\",\"datePublished\":\"2024-11-14T14:30:15+00:00\",\"dateModified\":\"2026-03-03T12:46:28+00:00\",\"description\":\"Hele tapeet koju, mis viib suvisesse kasemetsa, kus pesitsevad armsad valged \u00f6\u00f6kullid. Tapeet, mis sobib nii lastetuppa kui ka mujale kodus\",\"breadcrumb\":{\"@id\":\"https:\/\/baubauwall.com\/et\/toode\/ookullid-kased-hele\/#breadcrumb\"},\"inLanguage\":\"et\",\"potentialAction\":[{\"@type\":\"ReadAction\",\"target\":[\"https:\/\/baubauwall.com\/et\/toode\/ookullid-kased-hele\/\"]}]},{\"@type\":\"ImageObject\",\"inLanguage\":\"et\",\"@id\":\"https:\/\/baubauwall.com\/et\/toode\/ookullid-kased-hele\/#primaryimage\",\"url\":\"https:\/\/baubauwall.com\/wp-content\/uploads\/2024\/11\/51100449_BirchandOwls-White_Baubauwall_Wallpaper_room4-scaled.jpg\",\"contentUrl\":\"https:\/\/baubauwall.com\/wp-content\/uploads\/2024\/11\/51100449_BirchandOwls-White_Baubauwall_Wallpaper_room4-scaled.jpg\",\"width\":2560,\"height\":1440,\"caption\":\"Beige wallpaper, Scandi style design for perhaps vintage interiors\"},{\"@type\":\"BreadcrumbList\",\"@id\":\"https:\/\/baubauwall.com\/et\/toode\/ookullid-kased-hele\/#breadcrumb\",\"itemListElement\":[{\"@type\":\"ListItem\",\"position\":1,\"name\":\"Koju\",\"item\":\"https:\/\/baubauwall.com\/et\/\"},{\"@type\":\"ListItem\",\"position\":2,\"name\":\"Tapeedid\",\"item\":\"https:\/\/baubauwall.com\/et\/tapeedid\/\"},{\"@type\":\"ListItem\",\"position\":3,\"name\":\"\u00d6\u00f6kullid ja kased &#8211; kreemikas\"}]},{\"@type\":\"WebSite\",\"@id\":\"https:\/\/baubauwall.com\/et\/#website\",\"url\":\"https:\/\/baubauwall.com\/et\/\",\"name\":\"BAUBAUWALL Wallpapers\",\"description\":\"Valmis paanides tapeet Eestist!\",\"publisher\":{\"@id\":\"https:\/\/baubauwall.com\/et\/#organization\"},\"potentialAction\":[{\"@type\":\"SearchAction\",\"target\":{\"@type\":\"EntryPoint\",\"urlTemplate\":\"https:\/\/baubauwall.com\/et\/?s={search_term_string}\"},\"query-input\":{\"@type\":\"PropertyValueSpecification\",\"valueRequired\":true,\"valueName\":\"search_term_string\"}}],\"inLanguage\":\"et\"},{\"@type\":\"Organization\",\"@id\":\"https:\/\/baubauwall.com\/et\/#organization\",\"name\":\"BAUBAUWALL Wallpapers\",\"url\":\"https:\/\/baubauwall.com\/et\/\",\"logo\":{\"@type\":\"ImageObject\",\"inLanguage\":\"et\",\"@id\":\"https:\/\/baubauwall.com\/et\/#\/schema\/logo\/image\/\",\"url\":\"https:\/\/baubauwall.com\/wp-content\/uploads\/2022\/03\/logo-horizontal.svg\",\"contentUrl\":\"https:\/\/baubauwall.com\/wp-content\/uploads\/2022\/03\/logo-horizontal.svg\",\"width\":\"1024\",\"height\":\"1024\",\"caption\":\"BAUBAUWALL Wallpapers\"},\"image\":{\"@id\":\"https:\/\/baubauwall.com\/et\/#\/schema\/logo\/image\/\"},\"sameAs\":[\"https:\/\/www.facebook.com\/Baubauwall\",\"https:\/\/www.instagram.com\/baubauwall\"]}]}<\/script>\n<!-- \/ Yoast SEO plugin. -->","yoast_head_json":{"title":"Hele P\u00f5hjamaine tapeet \u00f6\u00f6kullide ja kaskedega","description":"Hele tapeet koju, mis viib suvisesse kasemetsa, kus pesitsevad armsad valged \u00f6\u00f6kullid. Tapeet, mis sobib nii lastetuppa kui ka mujale kodus","robots":{"index":"index","follow":"follow","max-snippet":"max-snippet:-1","max-image-preview":"max-image-preview:large","max-video-preview":"max-video-preview:-1"},"canonical":"https:\/\/baubauwall.com\/et\/toode\/ookullid-kased-hele\/","og_locale":"et_EE","og_type":"article","og_title":"BAUBAUWALL TAPEEDID","og_description":"\u00d6\u00f6kullid ja kased - kreemikas","og_url":"https:\/\/baubauwall.com\/et\/toode\/ookullid-kased-hele\/","og_site_name":"BAUBAUWALL TAPEEDID","article_publisher":"https:\/\/www.facebook.com\/Baubauwall","article_modified_time":"2026-03-03T12:46:28+00:00","og_image":[{"width":800,"height":800,"url":"https:\/\/baubauwall.com\/wp-content\/uploads\/2022\/11\/51100450_BirchandOwls-Blue_Baubauwall_Wallpaper_preview.jpg","type":"image\/jpeg"}],"twitter_card":"summary_large_image","twitter_misc":{"Est. reading time":"1 minut"},"schema":{"@context":"https:\/\/schema.org","@graph":[{"@type":"WebPage","@id":"https:\/\/baubauwall.com\/et\/toode\/ookullid-kased-hele\/","url":"https:\/\/baubauwall.com\/et\/toode\/ookullid-kased-hele\/","name":"Hele P\u00f5hjamaine tapeet \u00f6\u00f6kullide ja kaskedega","isPartOf":{"@id":"https:\/\/baubauwall.com\/et\/#website"},"primaryImageOfPage":{"@id":"https:\/\/baubauwall.com\/et\/toode\/ookullid-kased-hele\/#primaryimage"},"image":{"@id":"https:\/\/baubauwall.com\/et\/toode\/ookullid-kased-hele\/#primaryimage"},"thumbnailUrl":"https:\/\/baubauwall.com\/wp-content\/uploads\/2024\/11\/51100449_BirchandOwls-White_Baubauwall_Wallpaper_room4-scaled.jpg","datePublished":"2024-11-14T14:30:15+00:00","dateModified":"2026-03-03T12:46:28+00:00","description":"Hele tapeet koju, mis viib suvisesse kasemetsa, kus pesitsevad armsad valged \u00f6\u00f6kullid. Tapeet, mis sobib nii lastetuppa kui ka mujale kodus","breadcrumb":{"@id":"https:\/\/baubauwall.com\/et\/toode\/ookullid-kased-hele\/#breadcrumb"},"inLanguage":"et","potentialAction":[{"@type":"ReadAction","target":["https:\/\/baubauwall.com\/et\/toode\/ookullid-kased-hele\/"]}]},{"@type":"ImageObject","inLanguage":"et","@id":"https:\/\/baubauwall.com\/et\/toode\/ookullid-kased-hele\/#primaryimage","url":"https:\/\/baubauwall.com\/wp-content\/uploads\/2024\/11\/51100449_BirchandOwls-White_Baubauwall_Wallpaper_room4-scaled.jpg","contentUrl":"https:\/\/baubauwall.com\/wp-content\/uploads\/2024\/11\/51100449_BirchandOwls-White_Baubauwall_Wallpaper_room4-scaled.jpg","width":2560,"height":1440,"caption":"Beige wallpaper, Scandi style design for perhaps vintage interiors"},{"@type":"BreadcrumbList","@id":"https:\/\/baubauwall.com\/et\/toode\/ookullid-kased-hele\/#breadcrumb","itemListElement":[{"@type":"ListItem","position":1,"name":"Koju","item":"https:\/\/baubauwall.com\/et\/"},{"@type":"ListItem","position":2,"name":"Tapeedid","item":"https:\/\/baubauwall.com\/et\/tapeedid\/"},{"@type":"ListItem","position":3,"name":"\u00d6\u00f6kullid ja kased &#8211; kreemikas"}]},{"@type":"WebSite","@id":"https:\/\/baubauwall.com\/et\/#website","url":"https:\/\/baubauwall.com\/et\/","name":"BAUBAUWALL Wallpapers","description":"Valmis paanides tapeet Eestist!","publisher":{"@id":"https:\/\/baubauwall.com\/et\/#organization"},"potentialAction":[{"@type":"SearchAction","target":{"@type":"EntryPoint","urlTemplate":"https:\/\/baubauwall.com\/et\/?s={search_term_string}"},"query-input":{"@type":"PropertyValueSpecification","valueRequired":true,"valueName":"search_term_string"}}],"inLanguage":"et"},{"@type":"Organization","@id":"https:\/\/baubauwall.com\/et\/#organization","name":"BAUBAUWALL Wallpapers","url":"https:\/\/baubauwall.com\/et\/","logo":{"@type":"ImageObject","inLanguage":"et","@id":"https:\/\/baubauwall.com\/et\/#\/schema\/logo\/image\/","url":"https:\/\/baubauwall.com\/wp-content\/uploads\/2022\/03\/logo-horizontal.svg","contentUrl":"https:\/\/baubauwall.com\/wp-content\/uploads\/2022\/03\/logo-horizontal.svg","width":"1024","height":"1024","caption":"BAUBAUWALL Wallpapers"},"image":{"@id":"https:\/\/baubauwall.com\/et\/#\/schema\/logo\/image\/"},"sameAs":["https:\/\/www.facebook.com\/Baubauwall","https:\/\/www.instagram.com\/baubauwall"]}]}},"jetpack_sharing_enabled":true,"_links":{"self":[{"href":"https:\/\/baubauwall.com\/et\/wp-json\/wp\/v2\/product\/38837","targetHints":{"allow":["GET"]}}],"collection":[{"href":"https:\/\/baubauwall.com\/et\/wp-json\/wp\/v2\/product"}],"about":[{"href":"https:\/\/baubauwall.com\/et\/wp-json\/wp\/v2\/types\/product"}],"replies":[{"embeddable":true,"href":"https:\/\/baubauwall.com\/et\/wp-json\/wp\/v2\/comments?post=38837"}],"wp:featuredmedia":[{"embeddable":true,"href":"https:\/\/baubauwall.com\/et\/wp-json\/wp\/v2\/media\/39483"}],"wp:attachment":[{"href":"https:\/\/baubauwall.com\/et\/wp-json\/wp\/v2\/media?parent=38837"}],"wp:term":[{"taxonomy":"product_brand","embeddable":true,"href":"https:\/\/baubauwall.com\/et\/wp-json\/wp\/v2\/product_brand?post=38837"},{"taxonomy":"product_cat","embeddable":true,"href":"https:\/\/baubauwall.com\/et\/wp-json\/wp\/v2\/product_cat?post=38837"},{"taxonomy":"product_tag","embeddable":true,"href":"https:\/\/baubauwall.com\/et\/wp-json\/wp\/v2\/product_tag?post=38837"}],"curies":[{"name":"wp","href":"https:\/\/api.w.org\/{rel}","templated":true}]}}