{"id":38871,"date":"2024-11-14T15:15:15","date_gmt":"2024-11-14T13:15:15","guid":{"rendered":"https:\/\/baubauwall.com\/product\/wallpaper-unique-unicorn-white\/"},"modified":"2024-11-14T17:25:42","modified_gmt":"2024-11-14T15:25:42","slug":"tapeet-voluvae-ukssarvikud-kreemikas","status":"publish","type":"product","link":"https:\/\/baubauwall.com\/et\/toode\/tapeet-voluvae-ukssarvikud-kreemikas\/","title":{"rendered":"V\u00f5luv\u00e4e \u00fckssarvikud &#8211; kreemikas"},"content":{"rendered":"<p>Iga v\u00e4ike printsess v\u00e4\u00e4rib tuba, mis sobib tema muinasjutumaailma! See \u00fckssarvikutega tapeet aitab selle\u00a0 loo ellu \u00e4ratada! Pehmetes pastelsetes toonides romantiline muster kujutab graatsilisi \u00fckssarvikuid, kes kappavad aasal, muutes toa t\u00f5eliseks muinasjuturiigiks.<\/p>\n<p>Olgu sul plaanis luua unistuste lastetuba, lisada t\u00fcdrukute magamistuppa tsipake maagia &#8211; see tapeet on v\u00f5luv valik. \u00d5rn ja romantiline disain sobitub ideaalselt printsessiteemalise sisustuse, pehmete sisustuselementide v\u00f5i isegi kuningliku baldahhiiniga!<\/p>\n<p><strong>L\u00f5bus fakt:<\/strong> \u00dckssarvikud s\u00fcmboliseerivad puhtust ja graatsiat, kuid \u00e4ra muretse &#8211; meie \u00fckssarvikud ei pane pahaks natukest s\u00e4delust ja r\u00f5\u00f5msaid kilkeid! Ja tapeedi paigaldamine? See on sama lihtne kui v\u00f5lukepiga viibutamine. Valmis l\u00f5igatud ja nummerdatud tapeedipaanidega saad seinad muinasjutuliselt kauniks kiiremini, kui j\u00f5uad \u00f6elda \u201cElasid kord&#8230;\u201d.<\/p>\n<p><b>\u00a0<\/b><\/p>\n","protected":false},"excerpt":{"rendered":"<p>Iga v\u00e4ike printsess v\u00e4\u00e4rib tuba, mis sobib tema muinasjutumaailma! See \u00fckssarvikutega tapeet aitab selle\u00a0 loo ellu \u00e4ratada! Pehmetes pastelsetes toonides romantiline muster kujutab graatsilisi \u00fckssarvikuid, kes kappavad aasal, muutes toa t\u00f5eliseks muinasjuturiigiks. Olgu sul plaanis luua unistuste lastetuba, lisada t\u00fcdrukute magamistuppa tsipake maagia &#8211; see tapeet on v\u00f5luv valik. \u00d5rn ja romantiline disain sobitub ideaalselt [&hellip;]<\/p>\n","protected":false},"featured_media":38866,"comment_status":"open","ping_status":"closed","template":"","meta":{"_acf_changed":false,"inline_featured_image":false},"product_brand":[],"product_cat":[629,386,395,265,273,278,410,400,255],"product_tag":[349,631,324,817],"class_list":{"0":"post-38871","1":"product","2":"type-product","3":"status-publish","4":"has-post-thumbnail","6":"product_cat-kikki-belle-tapeedid","7":"product_cat-kordusmustriga-tapeedid","8":"product_cat-romantiline","9":"product_cat-beezid-tapeedid","10":"product_cat-heledad-tapeedid","11":"product_cat-roosad-tapeedid","12":"product_cat-valge-tapeedid","13":"product_cat-lastetoa-tapeedid","14":"product_cat-loomad","15":"product_tag-beebituba","16":"product_tag-kikki-belle-et","17":"product_tag-tudruku-tuba","18":"product_tag-ukssarvikud","19":"pa_designedby-sir-edward","21":"first","22":"instock","23":"taxable","24":"shipping-taxable","25":"purchasable","26":"product-type-simple"},"acf":[],"yoast_head":"<!-- This site is optimized with the Yoast SEO plugin v25.9 - https:\/\/yoast.com\/wordpress\/plugins\/seo\/ -->\n<title>\u00dckssarvikutega lastetoa tapeet t\u00fcdrukutele<\/title>\n<meta name=\"description\" content=\"Lastetoa tapeet \u00fckssarvikutega just v\u00e4ikese t\u00fcdruku tuba kaunistama. \u00dckssarvikud koos j\u00e4nkudega sel heledal tapeedil. Paigalda \u00fchte seina v\u00f5i mitmele.\" \/>\n<meta name=\"robots\" content=\"index, follow, max-snippet:-1, max-image-preview:large, max-video-preview:-1\" \/>\n<link rel=\"canonical\" href=\"https:\/\/baubauwall.com\/et\/toode\/tapeet-voluvae-ukssarvikud-kreemikas\/\" \/>\n<meta property=\"og:locale\" content=\"et_EE\" \/>\n<meta property=\"og:type\" content=\"article\" \/>\n<meta property=\"og:title\" content=\"BAUBAUWALL TAPEEDID\" \/>\n<meta property=\"og:description\" content=\"Unicorns are said to be symbols of purity and grace, but don\u2019t worry - ours won\u2019t mind a little glitter and some playful giggles! And don\u2019t fret about installation; we\u2019ve made it as easy as waving a magic wand. Our pre-cut, numbered panels mean you\u2019ll have your walls looking fairytale-fabulous faster than you can say \u201cOnce upon a time.\u201d\" \/>\n<meta property=\"og:url\" content=\"https:\/\/baubauwall.com\/et\/toode\/tapeet-voluvae-ukssarvikud-kreemikas\/\" \/>\n<meta property=\"og:site_name\" content=\"BAUBAUWALL TAPEEDID\" \/>\n<meta property=\"article:publisher\" content=\"https:\/\/www.facebook.com\/Baubauwall\" \/>\n<meta property=\"article:modified_time\" content=\"2024-11-14T15:25:42+00:00\" \/>\n<meta property=\"og:image\" content=\"https:\/\/i0.wp.com\/baubauwall.com\/wp-content\/uploads\/2022\/11\/51100429_UniqueUnicorn-White_Baubauwall_Wallpaper_room1.jpg?fit=2400%2C1600&ssl=1\" \/>\n\t<meta property=\"og:image:width\" content=\"2400\" \/>\n\t<meta property=\"og:image:height\" content=\"1600\" \/>\n\t<meta property=\"og:image:type\" content=\"image\/jpeg\" \/>\n<meta name=\"twitter:card\" content=\"summary_large_image\" \/>\n<meta name=\"twitter:label1\" content=\"Est. reading time\" \/>\n\t<meta name=\"twitter:data1\" content=\"1 minut\" \/>\n<script type=\"application\/ld+json\" class=\"yoast-schema-graph\">{\"@context\":\"https:\/\/schema.org\",\"@graph\":[{\"@type\":\"WebPage\",\"@id\":\"https:\/\/baubauwall.com\/et\/toode\/tapeet-voluvae-ukssarvikud-kreemikas\/\",\"url\":\"https:\/\/baubauwall.com\/et\/toode\/tapeet-voluvae-ukssarvikud-kreemikas\/\",\"name\":\"\u00dckssarvikutega lastetoa tapeet t\u00fcdrukutele\",\"isPartOf\":{\"@id\":\"https:\/\/baubauwall.com\/et\/#website\"},\"primaryImageOfPage\":{\"@id\":\"https:\/\/baubauwall.com\/et\/toode\/tapeet-voluvae-ukssarvikud-kreemikas\/#primaryimage\"},\"image\":{\"@id\":\"https:\/\/baubauwall.com\/et\/toode\/tapeet-voluvae-ukssarvikud-kreemikas\/#primaryimage\"},\"thumbnailUrl\":\"https:\/\/baubauwall.com\/wp-content\/uploads\/2022\/11\/51100429_UniqueUnicorn-White_Baubauwall_Wallpaper_room1.jpg\",\"datePublished\":\"2024-11-14T13:15:15+00:00\",\"dateModified\":\"2024-11-14T15:25:42+00:00\",\"description\":\"Lastetoa tapeet \u00fckssarvikutega just v\u00e4ikese t\u00fcdruku tuba kaunistama. \u00dckssarvikud koos j\u00e4nkudega sel heledal tapeedil. Paigalda \u00fchte seina v\u00f5i mitmele.\",\"breadcrumb\":{\"@id\":\"https:\/\/baubauwall.com\/et\/toode\/tapeet-voluvae-ukssarvikud-kreemikas\/#breadcrumb\"},\"inLanguage\":\"et\",\"potentialAction\":[{\"@type\":\"ReadAction\",\"target\":[\"https:\/\/baubauwall.com\/et\/toode\/tapeet-voluvae-ukssarvikud-kreemikas\/\"]}]},{\"@type\":\"ImageObject\",\"inLanguage\":\"et\",\"@id\":\"https:\/\/baubauwall.com\/et\/toode\/tapeet-voluvae-ukssarvikud-kreemikas\/#primaryimage\",\"url\":\"https:\/\/baubauwall.com\/wp-content\/uploads\/2022\/11\/51100429_UniqueUnicorn-White_Baubauwall_Wallpaper_room1.jpg\",\"contentUrl\":\"https:\/\/baubauwall.com\/wp-content\/uploads\/2022\/11\/51100429_UniqueUnicorn-White_Baubauwall_Wallpaper_room1.jpg\",\"width\":2400,\"height\":1600,\"caption\":\"Wallpaper for little girls room! Pink unicorns fill this repeating pattern wallpaper with unique beauty and mysticism\"},{\"@type\":\"BreadcrumbList\",\"@id\":\"https:\/\/baubauwall.com\/et\/toode\/tapeet-voluvae-ukssarvikud-kreemikas\/#breadcrumb\",\"itemListElement\":[{\"@type\":\"ListItem\",\"position\":1,\"name\":\"Koju\",\"item\":\"https:\/\/baubauwall.com\/et\/\"},{\"@type\":\"ListItem\",\"position\":2,\"name\":\"Tapeedid\",\"item\":\"https:\/\/baubauwall.com\/et\/tapeedid\/\"},{\"@type\":\"ListItem\",\"position\":3,\"name\":\"V\u00f5luv\u00e4e \u00fckssarvikud &#8211; kreemikas\"}]},{\"@type\":\"WebSite\",\"@id\":\"https:\/\/baubauwall.com\/et\/#website\",\"url\":\"https:\/\/baubauwall.com\/et\/\",\"name\":\"BAUBAUWALL Wallpapers\",\"description\":\"Valmis paanides tapeet Eestist!\",\"publisher\":{\"@id\":\"https:\/\/baubauwall.com\/et\/#organization\"},\"potentialAction\":[{\"@type\":\"SearchAction\",\"target\":{\"@type\":\"EntryPoint\",\"urlTemplate\":\"https:\/\/baubauwall.com\/et\/?s={search_term_string}\"},\"query-input\":{\"@type\":\"PropertyValueSpecification\",\"valueRequired\":true,\"valueName\":\"search_term_string\"}}],\"inLanguage\":\"et\"},{\"@type\":\"Organization\",\"@id\":\"https:\/\/baubauwall.com\/et\/#organization\",\"name\":\"BAUBAUWALL Wallpapers\",\"url\":\"https:\/\/baubauwall.com\/et\/\",\"logo\":{\"@type\":\"ImageObject\",\"inLanguage\":\"et\",\"@id\":\"https:\/\/baubauwall.com\/et\/#\/schema\/logo\/image\/\",\"url\":\"https:\/\/baubauwall.com\/wp-content\/uploads\/2022\/03\/logo-horizontal.svg\",\"contentUrl\":\"https:\/\/baubauwall.com\/wp-content\/uploads\/2022\/03\/logo-horizontal.svg\",\"width\":\"1024\",\"height\":\"1024\",\"caption\":\"BAUBAUWALL Wallpapers\"},\"image\":{\"@id\":\"https:\/\/baubauwall.com\/et\/#\/schema\/logo\/image\/\"},\"sameAs\":[\"https:\/\/www.facebook.com\/Baubauwall\",\"https:\/\/www.instagram.com\/baubauwall\"]}]}<\/script>\n<!-- \/ Yoast SEO plugin. -->","yoast_head_json":{"title":"\u00dckssarvikutega lastetoa tapeet t\u00fcdrukutele","description":"Lastetoa tapeet \u00fckssarvikutega just v\u00e4ikese t\u00fcdruku tuba kaunistama. \u00dckssarvikud koos j\u00e4nkudega sel heledal tapeedil. Paigalda \u00fchte seina v\u00f5i mitmele.","robots":{"index":"index","follow":"follow","max-snippet":"max-snippet:-1","max-image-preview":"max-image-preview:large","max-video-preview":"max-video-preview:-1"},"canonical":"https:\/\/baubauwall.com\/et\/toode\/tapeet-voluvae-ukssarvikud-kreemikas\/","og_locale":"et_EE","og_type":"article","og_title":"BAUBAUWALL TAPEEDID","og_description":"Unicorns are said to be symbols of purity and grace, but don\u2019t worry - ours won\u2019t mind a little glitter and some playful giggles! And don\u2019t fret about installation; we\u2019ve made it as easy as waving a magic wand. Our pre-cut, numbered panels mean you\u2019ll have your walls looking fairytale-fabulous faster than you can say \u201cOnce upon a time.\u201d","og_url":"https:\/\/baubauwall.com\/et\/toode\/tapeet-voluvae-ukssarvikud-kreemikas\/","og_site_name":"BAUBAUWALL TAPEEDID","article_publisher":"https:\/\/www.facebook.com\/Baubauwall","article_modified_time":"2024-11-14T15:25:42+00:00","og_image":[{"width":2400,"height":1600,"url":"https:\/\/i0.wp.com\/baubauwall.com\/wp-content\/uploads\/2022\/11\/51100429_UniqueUnicorn-White_Baubauwall_Wallpaper_room1.jpg?fit=2400%2C1600&ssl=1","type":"image\/jpeg"}],"twitter_card":"summary_large_image","twitter_misc":{"Est. reading time":"1 minut"},"schema":{"@context":"https:\/\/schema.org","@graph":[{"@type":"WebPage","@id":"https:\/\/baubauwall.com\/et\/toode\/tapeet-voluvae-ukssarvikud-kreemikas\/","url":"https:\/\/baubauwall.com\/et\/toode\/tapeet-voluvae-ukssarvikud-kreemikas\/","name":"\u00dckssarvikutega lastetoa tapeet t\u00fcdrukutele","isPartOf":{"@id":"https:\/\/baubauwall.com\/et\/#website"},"primaryImageOfPage":{"@id":"https:\/\/baubauwall.com\/et\/toode\/tapeet-voluvae-ukssarvikud-kreemikas\/#primaryimage"},"image":{"@id":"https:\/\/baubauwall.com\/et\/toode\/tapeet-voluvae-ukssarvikud-kreemikas\/#primaryimage"},"thumbnailUrl":"https:\/\/baubauwall.com\/wp-content\/uploads\/2022\/11\/51100429_UniqueUnicorn-White_Baubauwall_Wallpaper_room1.jpg","datePublished":"2024-11-14T13:15:15+00:00","dateModified":"2024-11-14T15:25:42+00:00","description":"Lastetoa tapeet \u00fckssarvikutega just v\u00e4ikese t\u00fcdruku tuba kaunistama. \u00dckssarvikud koos j\u00e4nkudega sel heledal tapeedil. Paigalda \u00fchte seina v\u00f5i mitmele.","breadcrumb":{"@id":"https:\/\/baubauwall.com\/et\/toode\/tapeet-voluvae-ukssarvikud-kreemikas\/#breadcrumb"},"inLanguage":"et","potentialAction":[{"@type":"ReadAction","target":["https:\/\/baubauwall.com\/et\/toode\/tapeet-voluvae-ukssarvikud-kreemikas\/"]}]},{"@type":"ImageObject","inLanguage":"et","@id":"https:\/\/baubauwall.com\/et\/toode\/tapeet-voluvae-ukssarvikud-kreemikas\/#primaryimage","url":"https:\/\/baubauwall.com\/wp-content\/uploads\/2022\/11\/51100429_UniqueUnicorn-White_Baubauwall_Wallpaper_room1.jpg","contentUrl":"https:\/\/baubauwall.com\/wp-content\/uploads\/2022\/11\/51100429_UniqueUnicorn-White_Baubauwall_Wallpaper_room1.jpg","width":2400,"height":1600,"caption":"Wallpaper for little girls room! Pink unicorns fill this repeating pattern wallpaper with unique beauty and mysticism"},{"@type":"BreadcrumbList","@id":"https:\/\/baubauwall.com\/et\/toode\/tapeet-voluvae-ukssarvikud-kreemikas\/#breadcrumb","itemListElement":[{"@type":"ListItem","position":1,"name":"Koju","item":"https:\/\/baubauwall.com\/et\/"},{"@type":"ListItem","position":2,"name":"Tapeedid","item":"https:\/\/baubauwall.com\/et\/tapeedid\/"},{"@type":"ListItem","position":3,"name":"V\u00f5luv\u00e4e \u00fckssarvikud &#8211; kreemikas"}]},{"@type":"WebSite","@id":"https:\/\/baubauwall.com\/et\/#website","url":"https:\/\/baubauwall.com\/et\/","name":"BAUBAUWALL Wallpapers","description":"Valmis paanides tapeet Eestist!","publisher":{"@id":"https:\/\/baubauwall.com\/et\/#organization"},"potentialAction":[{"@type":"SearchAction","target":{"@type":"EntryPoint","urlTemplate":"https:\/\/baubauwall.com\/et\/?s={search_term_string}"},"query-input":{"@type":"PropertyValueSpecification","valueRequired":true,"valueName":"search_term_string"}}],"inLanguage":"et"},{"@type":"Organization","@id":"https:\/\/baubauwall.com\/et\/#organization","name":"BAUBAUWALL Wallpapers","url":"https:\/\/baubauwall.com\/et\/","logo":{"@type":"ImageObject","inLanguage":"et","@id":"https:\/\/baubauwall.com\/et\/#\/schema\/logo\/image\/","url":"https:\/\/baubauwall.com\/wp-content\/uploads\/2022\/03\/logo-horizontal.svg","contentUrl":"https:\/\/baubauwall.com\/wp-content\/uploads\/2022\/03\/logo-horizontal.svg","width":"1024","height":"1024","caption":"BAUBAUWALL Wallpapers"},"image":{"@id":"https:\/\/baubauwall.com\/et\/#\/schema\/logo\/image\/"},"sameAs":["https:\/\/www.facebook.com\/Baubauwall","https:\/\/www.instagram.com\/baubauwall"]}]}},"jetpack_sharing_enabled":true,"_links":{"self":[{"href":"https:\/\/baubauwall.com\/et\/wp-json\/wp\/v2\/product\/38871","targetHints":{"allow":["GET"]}}],"collection":[{"href":"https:\/\/baubauwall.com\/et\/wp-json\/wp\/v2\/product"}],"about":[{"href":"https:\/\/baubauwall.com\/et\/wp-json\/wp\/v2\/types\/product"}],"replies":[{"embeddable":true,"href":"https:\/\/baubauwall.com\/et\/wp-json\/wp\/v2\/comments?post=38871"}],"wp:featuredmedia":[{"embeddable":true,"href":"https:\/\/baubauwall.com\/et\/wp-json\/wp\/v2\/media\/38866"}],"wp:attachment":[{"href":"https:\/\/baubauwall.com\/et\/wp-json\/wp\/v2\/media?parent=38871"}],"wp:term":[{"taxonomy":"product_brand","embeddable":true,"href":"https:\/\/baubauwall.com\/et\/wp-json\/wp\/v2\/product_brand?post=38871"},{"taxonomy":"product_cat","embeddable":true,"href":"https:\/\/baubauwall.com\/et\/wp-json\/wp\/v2\/product_cat?post=38871"},{"taxonomy":"product_tag","embeddable":true,"href":"https:\/\/baubauwall.com\/et\/wp-json\/wp\/v2\/product_tag?post=38871"}],"curies":[{"name":"wp","href":"https:\/\/api.w.org\/{rel}","templated":true}]}}