{"id":38911,"date":"2024-11-15T15:15:15","date_gmt":"2024-11-15T13:15:15","guid":{"rendered":"https:\/\/baubauwall.com\/product\/pattern-wallpaper-sunny-savannah-white\/"},"modified":"2024-11-15T16:54:51","modified_gmt":"2024-11-15T14:54:51","slug":"kordumustriga-tapeet-paikeseline-savann-valge","status":"publish","type":"product","link":"https:\/\/baubauwall.com\/et\/toode\/kordumustriga-tapeet-paikeseline-savann-valge\/","title":{"rendered":"P\u00e4ikeseline savann &#8211; valge"},"content":{"rendered":"<p><strong>Miks osta\u00a0 lastetoa tapeet siit? Me teeme tapeetimise lihtsaks ja inspireerivaks.<\/strong><\/p>\n<ul>\n<li>Eesti ettev\u00f5te<\/li>\n<li>Nummerdatud tapeedipaanid lihtsaks tapeetimiseks<\/li>\n<li>Just nii pikad tapeedipaanid, kui on Sinu sein<\/li>\n<li>Premium, matt fliistapeedi materjal &#8211; 100% taaskasutatud kiust<\/li>\n<li>M\u00fcrgivabad tr\u00fckiv\u00e4rvid, Greenguard sertifitseeritud<\/li>\n<li>Keskkonnas\u00f5bralik, j\u00e4\u00e4tmevaba tapeetimine<\/li>\n<li>Tasuta tapeediliim<\/li>\n<li>Tasuta transport ja kiire tarne 5 t\u00f6\u00f6p\u00e4evaga<\/li>\n<\/ul>\n","protected":false},"excerpt":{"rendered":"<p>Miks osta\u00a0 lastetoa tapeet siit? Me teeme tapeetimise lihtsaks ja inspireerivaks. Eesti ettev\u00f5te Nummerdatud tapeedipaanid lihtsaks tapeetimiseks Just nii pikad tapeedipaanid, kui on Sinu sein Premium, matt fliistapeedi materjal &#8211; 100% taaskasutatud kiust M\u00fcrgivabad tr\u00fckiv\u00e4rvid, Greenguard sertifitseeritud Keskkonnas\u00f5bralik, j\u00e4\u00e4tmevaba tapeetimine Tasuta tapeediliim Tasuta transport ja kiire tarne 5 t\u00f6\u00f6p\u00e4evaga<\/p>\n","protected":false},"featured_media":38906,"comment_status":"open","ping_status":"closed","template":"","meta":{"_acf_changed":false,"inline_featured_image":false},"product_brand":[],"product_cat":[629,386,406,265,271,273,400,415,255],"product_tag":[349,631],"class_list":{"0":"post-38911","1":"product","2":"type-product","3":"status-publish","4":"has-post-thumbnail","6":"product_cat-kikki-belle-tapeedid","7":"product_cat-kordusmustriga-tapeedid","8":"product_cat-klassika","9":"product_cat-beezid-tapeedid","10":"product_cat-rohelised-tapeedid","11":"product_cat-heledad-tapeedid","12":"product_cat-lastetoa-tapeedid","13":"product_cat-kulalistetoa-tapeedid","14":"product_cat-loomad","15":"product_tag-beebituba","16":"product_tag-kikki-belle-et","17":"pa_designedby-sir-edward","19":"first","20":"instock","21":"taxable","22":"shipping-taxable","23":"purchasable","24":"product-type-simple"},"acf":[],"yoast_head":"<!-- This site is optimized with the Yoast SEO plugin v25.9 - https:\/\/yoast.com\/wordpress\/plugins\/seo\/ -->\n<title>Lastetoa tapeet Aafrika loomadega<\/title>\n<meta name=\"description\" content=\"Ilus tapeet lastetuppa, mida sobib panna \u00fchele seinale kui ka mitmele. Kordusmustriga tapeedilt leiad l\u00f5vi, elevandi, kaelkirja ja teisi loomi.\" \/>\n<meta name=\"robots\" content=\"index, follow, max-snippet:-1, max-image-preview:large, max-video-preview:-1\" \/>\n<link rel=\"canonical\" href=\"https:\/\/baubauwall.com\/et\/toode\/kordumustriga-tapeet-paikeseline-savann-valge\/\" \/>\n<meta property=\"og:locale\" content=\"et_EE\" \/>\n<meta property=\"og:type\" content=\"article\" \/>\n<meta property=\"og:title\" content=\"BAUBAUWALL TAPEEDID\" \/>\n<meta property=\"og:description\" content=\"P\u00e4ikeseline savann - valge\" \/>\n<meta property=\"og:url\" content=\"https:\/\/baubauwall.com\/et\/toode\/kordumustriga-tapeet-paikeseline-savann-valge\/\" \/>\n<meta property=\"og:site_name\" content=\"BAUBAUWALL TAPEEDID\" \/>\n<meta property=\"article:publisher\" content=\"https:\/\/www.facebook.com\/Baubauwall\" \/>\n<meta property=\"article:modified_time\" content=\"2024-11-15T14:54:51+00:00\" \/>\n<meta property=\"og:image\" content=\"https:\/\/baubauwall.com\/wp-content\/uploads\/2022\/11\/51100431_SunnySavannah-White_Baubauwall_Wallpaper_room3.jpg\" \/>\n\t<meta property=\"og:image:width\" content=\"2400\" \/>\n\t<meta property=\"og:image:height\" content=\"1600\" \/>\n\t<meta property=\"og:image:type\" content=\"image\/jpeg\" \/>\n<meta name=\"twitter:card\" content=\"summary_large_image\" \/>\n<meta name=\"twitter:label1\" content=\"Est. reading time\" \/>\n\t<meta name=\"twitter:data1\" content=\"1 minut\" \/>\n<script type=\"application\/ld+json\" class=\"yoast-schema-graph\">{\"@context\":\"https:\/\/schema.org\",\"@graph\":[{\"@type\":\"WebPage\",\"@id\":\"https:\/\/baubauwall.com\/et\/toode\/kordumustriga-tapeet-paikeseline-savann-valge\/\",\"url\":\"https:\/\/baubauwall.com\/et\/toode\/kordumustriga-tapeet-paikeseline-savann-valge\/\",\"name\":\"Lastetoa tapeet Aafrika loomadega\",\"isPartOf\":{\"@id\":\"https:\/\/baubauwall.com\/et\/#website\"},\"primaryImageOfPage\":{\"@id\":\"https:\/\/baubauwall.com\/et\/toode\/kordumustriga-tapeet-paikeseline-savann-valge\/#primaryimage\"},\"image\":{\"@id\":\"https:\/\/baubauwall.com\/et\/toode\/kordumustriga-tapeet-paikeseline-savann-valge\/#primaryimage\"},\"thumbnailUrl\":\"https:\/\/baubauwall.com\/wp-content\/uploads\/2022\/11\/51100431_SunnySavannah-White_Baubauwall_Wallpaper_room3.jpg\",\"datePublished\":\"2024-11-15T13:15:15+00:00\",\"dateModified\":\"2024-11-15T14:54:51+00:00\",\"description\":\"Ilus tapeet lastetuppa, mida sobib panna \u00fchele seinale kui ka mitmele. Kordusmustriga tapeedilt leiad l\u00f5vi, elevandi, kaelkirja ja teisi loomi.\",\"breadcrumb\":{\"@id\":\"https:\/\/baubauwall.com\/et\/toode\/kordumustriga-tapeet-paikeseline-savann-valge\/#breadcrumb\"},\"inLanguage\":\"et\",\"potentialAction\":[{\"@type\":\"ReadAction\",\"target\":[\"https:\/\/baubauwall.com\/et\/toode\/kordumustriga-tapeet-paikeseline-savann-valge\/\"]}]},{\"@type\":\"ImageObject\",\"inLanguage\":\"et\",\"@id\":\"https:\/\/baubauwall.com\/et\/toode\/kordumustriga-tapeet-paikeseline-savann-valge\/#primaryimage\",\"url\":\"https:\/\/baubauwall.com\/wp-content\/uploads\/2022\/11\/51100431_SunnySavannah-White_Baubauwall_Wallpaper_room3.jpg\",\"contentUrl\":\"https:\/\/baubauwall.com\/wp-content\/uploads\/2022\/11\/51100431_SunnySavannah-White_Baubauwall_Wallpaper_room3.jpg\",\"width\":2400,\"height\":1600,\"caption\":\"Kids room wallpaper with safari animals.\"},{\"@type\":\"BreadcrumbList\",\"@id\":\"https:\/\/baubauwall.com\/et\/toode\/kordumustriga-tapeet-paikeseline-savann-valge\/#breadcrumb\",\"itemListElement\":[{\"@type\":\"ListItem\",\"position\":1,\"name\":\"Koju\",\"item\":\"https:\/\/baubauwall.com\/et\/\"},{\"@type\":\"ListItem\",\"position\":2,\"name\":\"Tapeedid\",\"item\":\"https:\/\/baubauwall.com\/et\/tapeedid\/\"},{\"@type\":\"ListItem\",\"position\":3,\"name\":\"P\u00e4ikeseline savann &#8211; valge\"}]},{\"@type\":\"WebSite\",\"@id\":\"https:\/\/baubauwall.com\/et\/#website\",\"url\":\"https:\/\/baubauwall.com\/et\/\",\"name\":\"BAUBAUWALL Wallpapers\",\"description\":\"Valmis paanides tapeet Eestist!\",\"publisher\":{\"@id\":\"https:\/\/baubauwall.com\/et\/#organization\"},\"potentialAction\":[{\"@type\":\"SearchAction\",\"target\":{\"@type\":\"EntryPoint\",\"urlTemplate\":\"https:\/\/baubauwall.com\/et\/?s={search_term_string}\"},\"query-input\":{\"@type\":\"PropertyValueSpecification\",\"valueRequired\":true,\"valueName\":\"search_term_string\"}}],\"inLanguage\":\"et\"},{\"@type\":\"Organization\",\"@id\":\"https:\/\/baubauwall.com\/et\/#organization\",\"name\":\"BAUBAUWALL Wallpapers\",\"url\":\"https:\/\/baubauwall.com\/et\/\",\"logo\":{\"@type\":\"ImageObject\",\"inLanguage\":\"et\",\"@id\":\"https:\/\/baubauwall.com\/et\/#\/schema\/logo\/image\/\",\"url\":\"https:\/\/baubauwall.com\/wp-content\/uploads\/2022\/03\/logo-horizontal.svg\",\"contentUrl\":\"https:\/\/baubauwall.com\/wp-content\/uploads\/2022\/03\/logo-horizontal.svg\",\"width\":\"1024\",\"height\":\"1024\",\"caption\":\"BAUBAUWALL Wallpapers\"},\"image\":{\"@id\":\"https:\/\/baubauwall.com\/et\/#\/schema\/logo\/image\/\"},\"sameAs\":[\"https:\/\/www.facebook.com\/Baubauwall\",\"https:\/\/www.instagram.com\/baubauwall\"]}]}<\/script>\n<!-- \/ Yoast SEO plugin. -->","yoast_head_json":{"title":"Lastetoa tapeet Aafrika loomadega","description":"Ilus tapeet lastetuppa, mida sobib panna \u00fchele seinale kui ka mitmele. Kordusmustriga tapeedilt leiad l\u00f5vi, elevandi, kaelkirja ja teisi loomi.","robots":{"index":"index","follow":"follow","max-snippet":"max-snippet:-1","max-image-preview":"max-image-preview:large","max-video-preview":"max-video-preview:-1"},"canonical":"https:\/\/baubauwall.com\/et\/toode\/kordumustriga-tapeet-paikeseline-savann-valge\/","og_locale":"et_EE","og_type":"article","og_title":"BAUBAUWALL TAPEEDID","og_description":"P\u00e4ikeseline savann - valge","og_url":"https:\/\/baubauwall.com\/et\/toode\/kordumustriga-tapeet-paikeseline-savann-valge\/","og_site_name":"BAUBAUWALL TAPEEDID","article_publisher":"https:\/\/www.facebook.com\/Baubauwall","article_modified_time":"2024-11-15T14:54:51+00:00","og_image":[{"width":2400,"height":1600,"url":"https:\/\/baubauwall.com\/wp-content\/uploads\/2022\/11\/51100431_SunnySavannah-White_Baubauwall_Wallpaper_room3.jpg","type":"image\/jpeg"}],"twitter_card":"summary_large_image","twitter_misc":{"Est. reading time":"1 minut"},"schema":{"@context":"https:\/\/schema.org","@graph":[{"@type":"WebPage","@id":"https:\/\/baubauwall.com\/et\/toode\/kordumustriga-tapeet-paikeseline-savann-valge\/","url":"https:\/\/baubauwall.com\/et\/toode\/kordumustriga-tapeet-paikeseline-savann-valge\/","name":"Lastetoa tapeet Aafrika loomadega","isPartOf":{"@id":"https:\/\/baubauwall.com\/et\/#website"},"primaryImageOfPage":{"@id":"https:\/\/baubauwall.com\/et\/toode\/kordumustriga-tapeet-paikeseline-savann-valge\/#primaryimage"},"image":{"@id":"https:\/\/baubauwall.com\/et\/toode\/kordumustriga-tapeet-paikeseline-savann-valge\/#primaryimage"},"thumbnailUrl":"https:\/\/baubauwall.com\/wp-content\/uploads\/2022\/11\/51100431_SunnySavannah-White_Baubauwall_Wallpaper_room3.jpg","datePublished":"2024-11-15T13:15:15+00:00","dateModified":"2024-11-15T14:54:51+00:00","description":"Ilus tapeet lastetuppa, mida sobib panna \u00fchele seinale kui ka mitmele. Kordusmustriga tapeedilt leiad l\u00f5vi, elevandi, kaelkirja ja teisi loomi.","breadcrumb":{"@id":"https:\/\/baubauwall.com\/et\/toode\/kordumustriga-tapeet-paikeseline-savann-valge\/#breadcrumb"},"inLanguage":"et","potentialAction":[{"@type":"ReadAction","target":["https:\/\/baubauwall.com\/et\/toode\/kordumustriga-tapeet-paikeseline-savann-valge\/"]}]},{"@type":"ImageObject","inLanguage":"et","@id":"https:\/\/baubauwall.com\/et\/toode\/kordumustriga-tapeet-paikeseline-savann-valge\/#primaryimage","url":"https:\/\/baubauwall.com\/wp-content\/uploads\/2022\/11\/51100431_SunnySavannah-White_Baubauwall_Wallpaper_room3.jpg","contentUrl":"https:\/\/baubauwall.com\/wp-content\/uploads\/2022\/11\/51100431_SunnySavannah-White_Baubauwall_Wallpaper_room3.jpg","width":2400,"height":1600,"caption":"Kids room wallpaper with safari animals."},{"@type":"BreadcrumbList","@id":"https:\/\/baubauwall.com\/et\/toode\/kordumustriga-tapeet-paikeseline-savann-valge\/#breadcrumb","itemListElement":[{"@type":"ListItem","position":1,"name":"Koju","item":"https:\/\/baubauwall.com\/et\/"},{"@type":"ListItem","position":2,"name":"Tapeedid","item":"https:\/\/baubauwall.com\/et\/tapeedid\/"},{"@type":"ListItem","position":3,"name":"P\u00e4ikeseline savann &#8211; valge"}]},{"@type":"WebSite","@id":"https:\/\/baubauwall.com\/et\/#website","url":"https:\/\/baubauwall.com\/et\/","name":"BAUBAUWALL Wallpapers","description":"Valmis paanides tapeet Eestist!","publisher":{"@id":"https:\/\/baubauwall.com\/et\/#organization"},"potentialAction":[{"@type":"SearchAction","target":{"@type":"EntryPoint","urlTemplate":"https:\/\/baubauwall.com\/et\/?s={search_term_string}"},"query-input":{"@type":"PropertyValueSpecification","valueRequired":true,"valueName":"search_term_string"}}],"inLanguage":"et"},{"@type":"Organization","@id":"https:\/\/baubauwall.com\/et\/#organization","name":"BAUBAUWALL Wallpapers","url":"https:\/\/baubauwall.com\/et\/","logo":{"@type":"ImageObject","inLanguage":"et","@id":"https:\/\/baubauwall.com\/et\/#\/schema\/logo\/image\/","url":"https:\/\/baubauwall.com\/wp-content\/uploads\/2022\/03\/logo-horizontal.svg","contentUrl":"https:\/\/baubauwall.com\/wp-content\/uploads\/2022\/03\/logo-horizontal.svg","width":"1024","height":"1024","caption":"BAUBAUWALL Wallpapers"},"image":{"@id":"https:\/\/baubauwall.com\/et\/#\/schema\/logo\/image\/"},"sameAs":["https:\/\/www.facebook.com\/Baubauwall","https:\/\/www.instagram.com\/baubauwall"]}]}},"jetpack_sharing_enabled":true,"_links":{"self":[{"href":"https:\/\/baubauwall.com\/et\/wp-json\/wp\/v2\/product\/38911","targetHints":{"allow":["GET"]}}],"collection":[{"href":"https:\/\/baubauwall.com\/et\/wp-json\/wp\/v2\/product"}],"about":[{"href":"https:\/\/baubauwall.com\/et\/wp-json\/wp\/v2\/types\/product"}],"replies":[{"embeddable":true,"href":"https:\/\/baubauwall.com\/et\/wp-json\/wp\/v2\/comments?post=38911"}],"wp:featuredmedia":[{"embeddable":true,"href":"https:\/\/baubauwall.com\/et\/wp-json\/wp\/v2\/media\/38906"}],"wp:attachment":[{"href":"https:\/\/baubauwall.com\/et\/wp-json\/wp\/v2\/media?parent=38911"}],"wp:term":[{"taxonomy":"product_brand","embeddable":true,"href":"https:\/\/baubauwall.com\/et\/wp-json\/wp\/v2\/product_brand?post=38911"},{"taxonomy":"product_cat","embeddable":true,"href":"https:\/\/baubauwall.com\/et\/wp-json\/wp\/v2\/product_cat?post=38911"},{"taxonomy":"product_tag","embeddable":true,"href":"https:\/\/baubauwall.com\/et\/wp-json\/wp\/v2\/product_tag?post=38911"}],"curies":[{"name":"wp","href":"https:\/\/api.w.org\/{rel}","templated":true}]}}