{"id":38944,"date":"2024-11-18T10:15:15","date_gmt":"2024-11-18T08:15:15","guid":{"rendered":"https:\/\/baubauwall.com\/product\/wallpaper-strawberry-hill\/"},"modified":"2026-03-23T14:22:20","modified_gmt":"2026-03-23T12:22:20","slug":"kordumustriga-tapeet-maasikate-aas","status":"publish","type":"product","link":"https:\/\/baubauwall.com\/et\/toode\/kordumustriga-tapeet-maasikate-aas\/","title":{"rendered":"Maasikate aas"},"content":{"rendered":"<p data-start=\"73\" data-end=\"305\">Romantiline tapeet maasikatega, mis toob koju pehmust, m\u00e4ngulisust ja suvise aiatunde. Muster on \u00f5rn, kuid iseloomuga. See sobib h\u00e4sti koju, kus soovitakse midagi armsat, veidi nostalgilist ja samas oman\u00e4olist. Olgu tegu maamaja, romantilises stiilis linnakorteri v\u00f5i kuurortlinna eramuga.<\/p>\n<p data-start=\"307\" data-end=\"580\">Tapeedil p\u00f5imuvad maasikad, \u00f5ied ja lehed loomulikuks tervikuks. Tulemuseks on soe ja detailne muster, mis sobib eriti h\u00e4sti magamistuppa, lastetuppa, v\u00f5i lihtsalt m\u00f5nele v\u00e4iksemale aktsentseinale.<\/p>\n<p data-start=\"582\" data-end=\"788\">Romantiline tapeet maasikatega sobib h\u00e4sti nii heleda m\u00f6\u00f6bli, naturaalsete materjalide kui ka <em>vintage<\/em>-h\u00f5ngulise sisustusega. Sellel tapeedil on pehme ja kodune meeleolu, mis teeb ruumi hubasemaks ja isikup\u00e4rasemaks.<\/p>\n<p data-start=\"582\" data-end=\"788\">Sisustusideed otsas? <a href=\"https:\/\/baubauwall.com\/et\/ideed\/let-the-homes-do-the-talking\/\">Vaata galeriid<\/a>, kuidas meie kliendid on kasutanud tapeete erinevates interj\u00f6\u00f6rides.<\/p>\n<p><strong>Miks osta tapeet siit? Me teeme tapeetimise lihtsaks ja inspireerivaks.<\/strong><\/p>\n<ul>\n<li>Eesti ettev\u00f5te<\/li>\n<li>Nummerdatud tapeedipaanid lihtsaks tapeetimiseks<\/li>\n<li>Just nii pikad tapeedipaanid, kui on Sinu sein<\/li>\n<li>Premium, matt fliistapeedi materjal<\/li>\n<li>M\u00fcrgivabad tr\u00fckiv\u00e4rvid, Greenguard sertifitseeritud<\/li>\n<li>Keskkonnas\u00f5bralik, j\u00e4\u00e4tmevaba tapeetimine<\/li>\n<li>Tasuta tapeediliim<\/li>\n<li>Tasuta transport ja kiire tarne 5 t\u00f6\u00f6p\u00e4evaga<\/li>\n<\/ul>\n","protected":false},"excerpt":{"rendered":"<p>Romantiline tapeet maasikatega, mis toob koju pehmust, m\u00e4ngulisust ja suvise aiatunde. Muster on \u00f5rn, kuid iseloomuga. See sobib h\u00e4sti koju, kus soovitakse midagi armsat, veidi nostalgilist ja samas oman\u00e4olist. Olgu tegu maamaja, romantilises stiilis linnakorteri v\u00f5i kuurortlinna eramuga. Tapeedil p\u00f5imuvad maasikad, \u00f5ied ja lehed loomulikuks tervikuks. Tulemuseks on soe ja detailne muster, mis sobib eriti [&hellip;]<\/p>\n","protected":false},"featured_media":38930,"comment_status":"open","ping_status":"closed","template":"","meta":{"_acf_changed":false,"inline_featured_image":false},"product_brand":[],"product_cat":[629,386,395,406,396,271,273,410,413,400,414,415,401,402,254,256],"product_tag":[563,298,631],"class_list":{"0":"post-38944","1":"product","2":"type-product","3":"status-publish","4":"has-post-thumbnail","6":"product_cat-kikki-belle-tapeedid","7":"product_cat-kordusmustriga-tapeedid","8":"product_cat-romantiline","9":"product_cat-klassika","10":"product_cat-skandinaavia","11":"product_cat-rohelised-tapeedid","12":"product_cat-heledad-tapeedid","13":"product_cat-valge-tapeedid","14":"product_cat-magamistoa-tapeedid","15":"product_cat-lastetoa-tapeedid","16":"product_cat-soogitoa-tapeedid","17":"product_cat-kulalistetoa-tapeedid","18":"product_cat-koogi-tapeedid","19":"product_cat-elutoa-tapeedid","20":"product_cat-loodus","21":"product_cat-marjad","22":"product_tag-biofiilia-stiil","23":"product_tag-botaaniline","24":"product_tag-kikki-belle-et","26":"first","27":"instock","28":"taxable","29":"shipping-taxable","30":"purchasable","31":"product-type-simple"},"acf":[],"yoast_head":"<!-- This site is optimized with the Yoast SEO plugin v25.9 - https:\/\/yoast.com\/wordpress\/plugins\/seo\/ -->\n<title>Maasikate aas - romantiline tapeet maasikatega<\/title>\n<meta name=\"description\" content=\"Romantiline tapeet maasikatega toob ruumi pehmust, suvist aiatunnet ja \u00f5rna mustrim\u00e4ngu. Eritellimusel tapeet sinu seina m\u00f5\u00f5tude j\u00e4rgi.\" \/>\n<meta name=\"robots\" content=\"index, follow, max-snippet:-1, max-image-preview:large, max-video-preview:-1\" \/>\n<link rel=\"canonical\" href=\"https:\/\/baubauwall.com\/et\/toode\/kordumustriga-tapeet-maasikate-aas\/\" \/>\n<meta property=\"og:locale\" content=\"et_EE\" \/>\n<meta property=\"og:type\" content=\"article\" \/>\n<meta property=\"og:title\" content=\"Maasikate aas - romantiline tapeet maasikatega\" \/>\n<meta property=\"og:description\" content=\"Romantiline tapeet maasikatega toob ruumi pehmust, suvist aiatunnet ja \u00f5rna mustrim\u00e4ngu. Eritellimusel tapeet sinu seina m\u00f5\u00f5tude j\u00e4rgi.\" \/>\n<meta property=\"og:url\" content=\"https:\/\/baubauwall.com\/et\/toode\/kordumustriga-tapeet-maasikate-aas\/\" \/>\n<meta property=\"og:site_name\" content=\"BAUBAUWALL TAPEEDID\" \/>\n<meta property=\"article:publisher\" content=\"https:\/\/www.facebook.com\/Baubauwall\" \/>\n<meta property=\"article:modified_time\" content=\"2026-03-23T12:22:20+00:00\" \/>\n<meta property=\"og:image\" content=\"https:\/\/baubauwall.com\/wp-content\/uploads\/2022\/11\/51100433_StawberryHill_Baubauwall_Wallpaper_room2.jpg\" \/>\n\t<meta property=\"og:image:width\" content=\"2397\" \/>\n\t<meta property=\"og:image:height\" content=\"1600\" \/>\n\t<meta property=\"og:image:type\" content=\"image\/jpeg\" \/>\n<meta name=\"twitter:card\" content=\"summary_large_image\" \/>\n<meta name=\"twitter:label1\" content=\"Est. reading time\" \/>\n\t<meta name=\"twitter:data1\" content=\"1 minut\" \/>\n<script type=\"application\/ld+json\" class=\"yoast-schema-graph\">{\"@context\":\"https:\/\/schema.org\",\"@graph\":[{\"@type\":\"WebPage\",\"@id\":\"https:\/\/baubauwall.com\/et\/toode\/kordumustriga-tapeet-maasikate-aas\/\",\"url\":\"https:\/\/baubauwall.com\/et\/toode\/kordumustriga-tapeet-maasikate-aas\/\",\"name\":\"Maasikate aas - romantiline tapeet maasikatega\",\"isPartOf\":{\"@id\":\"https:\/\/baubauwall.com\/et\/#website\"},\"primaryImageOfPage\":{\"@id\":\"https:\/\/baubauwall.com\/et\/toode\/kordumustriga-tapeet-maasikate-aas\/#primaryimage\"},\"image\":{\"@id\":\"https:\/\/baubauwall.com\/et\/toode\/kordumustriga-tapeet-maasikate-aas\/#primaryimage\"},\"thumbnailUrl\":\"https:\/\/baubauwall.com\/wp-content\/uploads\/2022\/11\/51100433_StawberryHill_Baubauwall_Wallpaper_room2.jpg\",\"datePublished\":\"2024-11-18T08:15:15+00:00\",\"dateModified\":\"2026-03-23T12:22:20+00:00\",\"description\":\"Romantiline tapeet maasikatega toob ruumi pehmust, suvist aiatunnet ja \u00f5rna mustrim\u00e4ngu. Eritellimusel tapeet sinu seina m\u00f5\u00f5tude j\u00e4rgi.\",\"breadcrumb\":{\"@id\":\"https:\/\/baubauwall.com\/et\/toode\/kordumustriga-tapeet-maasikate-aas\/#breadcrumb\"},\"inLanguage\":\"et\",\"potentialAction\":[{\"@type\":\"ReadAction\",\"target\":[\"https:\/\/baubauwall.com\/et\/toode\/kordumustriga-tapeet-maasikate-aas\/\"]}]},{\"@type\":\"ImageObject\",\"inLanguage\":\"et\",\"@id\":\"https:\/\/baubauwall.com\/et\/toode\/kordumustriga-tapeet-maasikate-aas\/#primaryimage\",\"url\":\"https:\/\/baubauwall.com\/wp-content\/uploads\/2022\/11\/51100433_StawberryHill_Baubauwall_Wallpaper_room2.jpg\",\"contentUrl\":\"https:\/\/baubauwall.com\/wp-content\/uploads\/2022\/11\/51100433_StawberryHill_Baubauwall_Wallpaper_room2.jpg\",\"width\":2397,\"height\":1600,\"caption\":\"Repeating pattern wallpaper with strawberries. Pretty wallpaper for romantic interior design\"},{\"@type\":\"BreadcrumbList\",\"@id\":\"https:\/\/baubauwall.com\/et\/toode\/kordumustriga-tapeet-maasikate-aas\/#breadcrumb\",\"itemListElement\":[{\"@type\":\"ListItem\",\"position\":1,\"name\":\"Koju\",\"item\":\"https:\/\/baubauwall.com\/et\/\"},{\"@type\":\"ListItem\",\"position\":2,\"name\":\"Tapeedid\",\"item\":\"https:\/\/baubauwall.com\/et\/tapeedid\/\"},{\"@type\":\"ListItem\",\"position\":3,\"name\":\"Maasikate aas\"}]},{\"@type\":\"WebSite\",\"@id\":\"https:\/\/baubauwall.com\/et\/#website\",\"url\":\"https:\/\/baubauwall.com\/et\/\",\"name\":\"BAUBAUWALL Wallpapers\",\"description\":\"Valmis paanides tapeet Eestist!\",\"publisher\":{\"@id\":\"https:\/\/baubauwall.com\/et\/#organization\"},\"potentialAction\":[{\"@type\":\"SearchAction\",\"target\":{\"@type\":\"EntryPoint\",\"urlTemplate\":\"https:\/\/baubauwall.com\/et\/?s={search_term_string}\"},\"query-input\":{\"@type\":\"PropertyValueSpecification\",\"valueRequired\":true,\"valueName\":\"search_term_string\"}}],\"inLanguage\":\"et\"},{\"@type\":\"Organization\",\"@id\":\"https:\/\/baubauwall.com\/et\/#organization\",\"name\":\"BAUBAUWALL Wallpapers\",\"url\":\"https:\/\/baubauwall.com\/et\/\",\"logo\":{\"@type\":\"ImageObject\",\"inLanguage\":\"et\",\"@id\":\"https:\/\/baubauwall.com\/et\/#\/schema\/logo\/image\/\",\"url\":\"https:\/\/baubauwall.com\/wp-content\/uploads\/2022\/03\/logo-horizontal.svg\",\"contentUrl\":\"https:\/\/baubauwall.com\/wp-content\/uploads\/2022\/03\/logo-horizontal.svg\",\"width\":\"1024\",\"height\":\"1024\",\"caption\":\"BAUBAUWALL Wallpapers\"},\"image\":{\"@id\":\"https:\/\/baubauwall.com\/et\/#\/schema\/logo\/image\/\"},\"sameAs\":[\"https:\/\/www.facebook.com\/Baubauwall\",\"https:\/\/www.instagram.com\/baubauwall\"]}]}<\/script>\n<!-- \/ Yoast SEO plugin. -->","yoast_head_json":{"title":"Maasikate aas - romantiline tapeet maasikatega","description":"Romantiline tapeet maasikatega toob ruumi pehmust, suvist aiatunnet ja \u00f5rna mustrim\u00e4ngu. Eritellimusel tapeet sinu seina m\u00f5\u00f5tude j\u00e4rgi.","robots":{"index":"index","follow":"follow","max-snippet":"max-snippet:-1","max-image-preview":"max-image-preview:large","max-video-preview":"max-video-preview:-1"},"canonical":"https:\/\/baubauwall.com\/et\/toode\/kordumustriga-tapeet-maasikate-aas\/","og_locale":"et_EE","og_type":"article","og_title":"Maasikate aas - romantiline tapeet maasikatega","og_description":"Romantiline tapeet maasikatega toob ruumi pehmust, suvist aiatunnet ja \u00f5rna mustrim\u00e4ngu. Eritellimusel tapeet sinu seina m\u00f5\u00f5tude j\u00e4rgi.","og_url":"https:\/\/baubauwall.com\/et\/toode\/kordumustriga-tapeet-maasikate-aas\/","og_site_name":"BAUBAUWALL TAPEEDID","article_publisher":"https:\/\/www.facebook.com\/Baubauwall","article_modified_time":"2026-03-23T12:22:20+00:00","og_image":[{"width":2397,"height":1600,"url":"https:\/\/baubauwall.com\/wp-content\/uploads\/2022\/11\/51100433_StawberryHill_Baubauwall_Wallpaper_room2.jpg","type":"image\/jpeg"}],"twitter_card":"summary_large_image","twitter_misc":{"Est. reading time":"1 minut"},"schema":{"@context":"https:\/\/schema.org","@graph":[{"@type":"WebPage","@id":"https:\/\/baubauwall.com\/et\/toode\/kordumustriga-tapeet-maasikate-aas\/","url":"https:\/\/baubauwall.com\/et\/toode\/kordumustriga-tapeet-maasikate-aas\/","name":"Maasikate aas - romantiline tapeet maasikatega","isPartOf":{"@id":"https:\/\/baubauwall.com\/et\/#website"},"primaryImageOfPage":{"@id":"https:\/\/baubauwall.com\/et\/toode\/kordumustriga-tapeet-maasikate-aas\/#primaryimage"},"image":{"@id":"https:\/\/baubauwall.com\/et\/toode\/kordumustriga-tapeet-maasikate-aas\/#primaryimage"},"thumbnailUrl":"https:\/\/baubauwall.com\/wp-content\/uploads\/2022\/11\/51100433_StawberryHill_Baubauwall_Wallpaper_room2.jpg","datePublished":"2024-11-18T08:15:15+00:00","dateModified":"2026-03-23T12:22:20+00:00","description":"Romantiline tapeet maasikatega toob ruumi pehmust, suvist aiatunnet ja \u00f5rna mustrim\u00e4ngu. Eritellimusel tapeet sinu seina m\u00f5\u00f5tude j\u00e4rgi.","breadcrumb":{"@id":"https:\/\/baubauwall.com\/et\/toode\/kordumustriga-tapeet-maasikate-aas\/#breadcrumb"},"inLanguage":"et","potentialAction":[{"@type":"ReadAction","target":["https:\/\/baubauwall.com\/et\/toode\/kordumustriga-tapeet-maasikate-aas\/"]}]},{"@type":"ImageObject","inLanguage":"et","@id":"https:\/\/baubauwall.com\/et\/toode\/kordumustriga-tapeet-maasikate-aas\/#primaryimage","url":"https:\/\/baubauwall.com\/wp-content\/uploads\/2022\/11\/51100433_StawberryHill_Baubauwall_Wallpaper_room2.jpg","contentUrl":"https:\/\/baubauwall.com\/wp-content\/uploads\/2022\/11\/51100433_StawberryHill_Baubauwall_Wallpaper_room2.jpg","width":2397,"height":1600,"caption":"Repeating pattern wallpaper with strawberries. Pretty wallpaper for romantic interior design"},{"@type":"BreadcrumbList","@id":"https:\/\/baubauwall.com\/et\/toode\/kordumustriga-tapeet-maasikate-aas\/#breadcrumb","itemListElement":[{"@type":"ListItem","position":1,"name":"Koju","item":"https:\/\/baubauwall.com\/et\/"},{"@type":"ListItem","position":2,"name":"Tapeedid","item":"https:\/\/baubauwall.com\/et\/tapeedid\/"},{"@type":"ListItem","position":3,"name":"Maasikate aas"}]},{"@type":"WebSite","@id":"https:\/\/baubauwall.com\/et\/#website","url":"https:\/\/baubauwall.com\/et\/","name":"BAUBAUWALL Wallpapers","description":"Valmis paanides tapeet Eestist!","publisher":{"@id":"https:\/\/baubauwall.com\/et\/#organization"},"potentialAction":[{"@type":"SearchAction","target":{"@type":"EntryPoint","urlTemplate":"https:\/\/baubauwall.com\/et\/?s={search_term_string}"},"query-input":{"@type":"PropertyValueSpecification","valueRequired":true,"valueName":"search_term_string"}}],"inLanguage":"et"},{"@type":"Organization","@id":"https:\/\/baubauwall.com\/et\/#organization","name":"BAUBAUWALL Wallpapers","url":"https:\/\/baubauwall.com\/et\/","logo":{"@type":"ImageObject","inLanguage":"et","@id":"https:\/\/baubauwall.com\/et\/#\/schema\/logo\/image\/","url":"https:\/\/baubauwall.com\/wp-content\/uploads\/2022\/03\/logo-horizontal.svg","contentUrl":"https:\/\/baubauwall.com\/wp-content\/uploads\/2022\/03\/logo-horizontal.svg","width":"1024","height":"1024","caption":"BAUBAUWALL Wallpapers"},"image":{"@id":"https:\/\/baubauwall.com\/et\/#\/schema\/logo\/image\/"},"sameAs":["https:\/\/www.facebook.com\/Baubauwall","https:\/\/www.instagram.com\/baubauwall"]}]}},"jetpack_sharing_enabled":true,"_links":{"self":[{"href":"https:\/\/baubauwall.com\/et\/wp-json\/wp\/v2\/product\/38944","targetHints":{"allow":["GET"]}}],"collection":[{"href":"https:\/\/baubauwall.com\/et\/wp-json\/wp\/v2\/product"}],"about":[{"href":"https:\/\/baubauwall.com\/et\/wp-json\/wp\/v2\/types\/product"}],"replies":[{"embeddable":true,"href":"https:\/\/baubauwall.com\/et\/wp-json\/wp\/v2\/comments?post=38944"}],"wp:featuredmedia":[{"embeddable":true,"href":"https:\/\/baubauwall.com\/et\/wp-json\/wp\/v2\/media\/38930"}],"wp:attachment":[{"href":"https:\/\/baubauwall.com\/et\/wp-json\/wp\/v2\/media?parent=38944"}],"wp:term":[{"taxonomy":"product_brand","embeddable":true,"href":"https:\/\/baubauwall.com\/et\/wp-json\/wp\/v2\/product_brand?post=38944"},{"taxonomy":"product_cat","embeddable":true,"href":"https:\/\/baubauwall.com\/et\/wp-json\/wp\/v2\/product_cat?post=38944"},{"taxonomy":"product_tag","embeddable":true,"href":"https:\/\/baubauwall.com\/et\/wp-json\/wp\/v2\/product_tag?post=38944"}],"curies":[{"name":"wp","href":"https:\/\/api.w.org\/{rel}","templated":true}]}}