{"id":39050,"date":"2024-11-18T12:15:15","date_gmt":"2024-11-18T10:15:15","guid":{"rendered":"https:\/\/baubauwall.com\/product\/wallpaper-merry-mice\/"},"modified":"2024-11-18T13:40:42","modified_gmt":"2024-11-18T11:40:42","slug":"kordusmustriga-tapeet-roomsad-hiired","status":"publish","type":"product","link":"https:\/\/baubauwall.com\/et\/toode\/kordusmustriga-tapeet-roomsad-hiired\/","title":{"rendered":"R\u00f5\u00f5msad hiired"},"content":{"rendered":"<div class=\"col-md-12\">\n<p>P\u00f5hjamaises stiilis tapeet lastetuppa &#8211; ilmselt eriti h\u00e4sti just t\u00fcdrukutele. Selle tapeediga saab\u00a0 lapse tuba t\u00e4is armsaid, m\u00e4ngulisi hiirekesi, kes sebivad \u00f5ite ja lehtede vahel justkui otse muinasjutus. Iga hiireke on vahvas kost\u00fc\u00fcmis, valmis l\u00f5busateks seiklusteks ja naerupahvakuteks! See tapeet on ilus valik beebituppa v\u00f5i veidi suuremale t\u00fcdrukule. Tapeet toob tuppa helgust ja r\u00f5\u00f5mu. Mahedad loodusl\u00e4hedased toonid ja \u00f5rnad lillemustrid loovad hubase, ent m\u00e4ngulise \u00f5hkkonna, mis sobib suurep\u00e4raselt v\u00e4ikestele unistajatele.<\/p>\n<p><strong>Miks osta tapeet siit? Me teeme tapeetimise lihtsaks ja inspireerivaks.<\/strong><\/p>\n<\/div>\n<section id=\"productContentSection\">\n<div class=\"container\">\n<div class=\"row w-75 mx-auto\">\n<div class=\"col-md-12\">\n<ul>\n<li>Eesti ettev\u00f5te<\/li>\n<li>Nummerdatud tapeedipaanid lihtsaks tapeetimiseks<\/li>\n<li>Just nii pikad tapeedipaanid, kui on Sinu sein<\/li>\n<li>Premium, matt fliistapeedi materjal<\/li>\n<li>M\u00fcrgivabad tr\u00fckiv\u00e4rvid, Greenguard sertifitseeritud<\/li>\n<li>Keskkonnas\u00f5bralik, j\u00e4\u00e4tmevaba tapeetimine<\/li>\n<li>Tasuta tapeediliim<\/li>\n<li>Tasuta transport ja kiire tarne 5 t\u00f6\u00f6p\u00e4evaga<\/li>\n<\/ul>\n<\/div>\n<\/div>\n<\/div>\n<\/section>\n","protected":false},"excerpt":{"rendered":"<p>P\u00f5hjamaises stiilis tapeet lastetuppa &#8211; ilmselt eriti h\u00e4sti just t\u00fcdrukutele. Selle tapeediga saab\u00a0 lapse tuba t\u00e4is armsaid, m\u00e4ngulisi hiirekesi, kes sebivad \u00f5ite ja lehtede vahel justkui otse muinasjutus. Iga hiireke on vahvas kost\u00fc\u00fcmis, valmis l\u00f5busateks seiklusteks ja naerupahvakuteks! See tapeet on ilus valik beebituppa v\u00f5i veidi suuremale t\u00fcdrukule. Tapeet toob tuppa helgust ja r\u00f5\u00f5mu. Mahedad [&hellip;]<\/p>\n","protected":false},"featured_media":39042,"comment_status":"open","ping_status":"closed","template":"","meta":{"_acf_changed":false,"inline_featured_image":false},"product_brand":[],"product_cat":[629,386,396,273,278,400,255],"product_tag":[631,324],"class_list":{"0":"post-39050","1":"product","2":"type-product","3":"status-publish","4":"has-post-thumbnail","6":"product_cat-kikki-belle-tapeedid","7":"product_cat-kordusmustriga-tapeedid","8":"product_cat-skandinaavia","9":"product_cat-heledad-tapeedid","10":"product_cat-roosad-tapeedid","11":"product_cat-lastetoa-tapeedid","12":"product_cat-loomad","13":"product_tag-kikki-belle-et","14":"product_tag-tudruku-tuba","15":"pa_designedby-sir-edward","17":"first","18":"instock","19":"taxable","20":"shipping-taxable","21":"purchasable","22":"product-type-simple"},"acf":[],"yoast_head":"<!-- This site is optimized with the Yoast SEO plugin v25.9 - https:\/\/yoast.com\/wordpress\/plugins\/seo\/ -->\n<title>R\u00f5\u00f5msad hiired - tapeet lastetuppa<\/title>\n<meta name=\"description\" content=\"Lastetoa tapeet t\u00e4is armsaid hiiri. Ilus valik pisikestele t\u00fcdrukutele. Unistuste tapeet, tr\u00fckime just sinu lapse toa seina m\u00f5\u00f5dus, m\u00f5nusale fliistapeedile.\" \/>\n<meta name=\"robots\" content=\"index, follow, max-snippet:-1, max-image-preview:large, max-video-preview:-1\" \/>\n<link rel=\"canonical\" href=\"https:\/\/baubauwall.com\/et\/toode\/kordusmustriga-tapeet-roomsad-hiired\/\" \/>\n<meta property=\"og:locale\" content=\"et_EE\" \/>\n<meta property=\"og:type\" content=\"article\" \/>\n<meta property=\"og:title\" content=\"R\u00f5\u00f5msad hiired\" \/>\n<meta property=\"og:description\" content=\"BAUBAUWALL Wallpapers\" \/>\n<meta property=\"og:url\" content=\"https:\/\/baubauwall.com\/et\/toode\/kordusmustriga-tapeet-roomsad-hiired\/\" \/>\n<meta property=\"og:site_name\" content=\"BAUBAUWALL Wallpapers\" \/>\n<meta property=\"article:publisher\" content=\"https:\/\/www.facebook.com\/Baubauwall\" \/>\n<meta property=\"article:modified_time\" content=\"2024-11-18T11:40:42+00:00\" \/>\n<meta property=\"og:image\" content=\"https:\/\/baubauwall.com\/wp-content\/uploads\/2022\/11\/51100438_MerryMice_Baubauwall_Wallpaper_room1.jpg\" \/>\n\t<meta property=\"og:image:width\" content=\"2414\" \/>\n\t<meta property=\"og:image:height\" content=\"1600\" \/>\n\t<meta property=\"og:image:type\" content=\"image\/jpeg\" \/>\n<meta name=\"twitter:card\" content=\"summary_large_image\" \/>\n<meta name=\"twitter:label1\" content=\"Est. reading time\" \/>\n\t<meta name=\"twitter:data1\" content=\"1 minut\" \/>\n<script type=\"application\/ld+json\" class=\"yoast-schema-graph\">{\"@context\":\"https:\/\/schema.org\",\"@graph\":[{\"@type\":\"WebPage\",\"@id\":\"https:\/\/baubauwall.com\/et\/toode\/kordusmustriga-tapeet-roomsad-hiired\/\",\"url\":\"https:\/\/baubauwall.com\/et\/toode\/kordusmustriga-tapeet-roomsad-hiired\/\",\"name\":\"R\u00f5\u00f5msad hiired - tapeet lastetuppa\",\"isPartOf\":{\"@id\":\"https:\/\/baubauwall.com\/et\/#website\"},\"primaryImageOfPage\":{\"@id\":\"https:\/\/baubauwall.com\/et\/toode\/kordusmustriga-tapeet-roomsad-hiired\/#primaryimage\"},\"image\":{\"@id\":\"https:\/\/baubauwall.com\/et\/toode\/kordusmustriga-tapeet-roomsad-hiired\/#primaryimage\"},\"thumbnailUrl\":\"https:\/\/baubauwall.com\/wp-content\/uploads\/2022\/11\/51100438_MerryMice_Baubauwall_Wallpaper_room1.jpg\",\"datePublished\":\"2024-11-18T10:15:15+00:00\",\"dateModified\":\"2024-11-18T11:40:42+00:00\",\"description\":\"Lastetoa tapeet t\u00e4is armsaid hiiri. Ilus valik pisikestele t\u00fcdrukutele. Unistuste tapeet, tr\u00fckime just sinu lapse toa seina m\u00f5\u00f5dus, m\u00f5nusale fliistapeedile.\",\"breadcrumb\":{\"@id\":\"https:\/\/baubauwall.com\/et\/toode\/kordusmustriga-tapeet-roomsad-hiired\/#breadcrumb\"},\"inLanguage\":\"et\",\"potentialAction\":[{\"@type\":\"ReadAction\",\"target\":[\"https:\/\/baubauwall.com\/et\/toode\/kordusmustriga-tapeet-roomsad-hiired\/\"]}]},{\"@type\":\"ImageObject\",\"inLanguage\":\"et\",\"@id\":\"https:\/\/baubauwall.com\/et\/toode\/kordusmustriga-tapeet-roomsad-hiired\/#primaryimage\",\"url\":\"https:\/\/baubauwall.com\/wp-content\/uploads\/2022\/11\/51100438_MerryMice_Baubauwall_Wallpaper_room1.jpg\",\"contentUrl\":\"https:\/\/baubauwall.com\/wp-content\/uploads\/2022\/11\/51100438_MerryMice_Baubauwall_Wallpaper_room1.jpg\",\"width\":2414,\"height\":1600,\"caption\":\"Lastetoa tapeet hiirtega. Kids roo wallpaper with mice.\"},{\"@type\":\"BreadcrumbList\",\"@id\":\"https:\/\/baubauwall.com\/et\/toode\/kordusmustriga-tapeet-roomsad-hiired\/#breadcrumb\",\"itemListElement\":[{\"@type\":\"ListItem\",\"position\":1,\"name\":\"Koju\",\"item\":\"https:\/\/baubauwall.com\/et\/\"},{\"@type\":\"ListItem\",\"position\":2,\"name\":\"Tapeedid\",\"item\":\"https:\/\/baubauwall.com\/et\/tapeedid\/\"},{\"@type\":\"ListItem\",\"position\":3,\"name\":\"R\u00f5\u00f5msad hiired\"}]},{\"@type\":\"WebSite\",\"@id\":\"https:\/\/baubauwall.com\/et\/#website\",\"url\":\"https:\/\/baubauwall.com\/et\/\",\"name\":\"BAUBAUWALL Wallpapers\",\"description\":\"Valmis paanides tapeet Eestist!\",\"publisher\":{\"@id\":\"https:\/\/baubauwall.com\/et\/#organization\"},\"potentialAction\":[{\"@type\":\"SearchAction\",\"target\":{\"@type\":\"EntryPoint\",\"urlTemplate\":\"https:\/\/baubauwall.com\/et\/?s={search_term_string}\"},\"query-input\":{\"@type\":\"PropertyValueSpecification\",\"valueRequired\":true,\"valueName\":\"search_term_string\"}}],\"inLanguage\":\"et\"},{\"@type\":\"Organization\",\"@id\":\"https:\/\/baubauwall.com\/et\/#organization\",\"name\":\"BAUBAUWALL Wallpapers\",\"url\":\"https:\/\/baubauwall.com\/et\/\",\"logo\":{\"@type\":\"ImageObject\",\"inLanguage\":\"et\",\"@id\":\"https:\/\/baubauwall.com\/et\/#\/schema\/logo\/image\/\",\"url\":\"https:\/\/baubauwall.com\/wp-content\/uploads\/2022\/03\/logo-horizontal.svg\",\"contentUrl\":\"https:\/\/baubauwall.com\/wp-content\/uploads\/2022\/03\/logo-horizontal.svg\",\"width\":\"1024\",\"height\":\"1024\",\"caption\":\"BAUBAUWALL Wallpapers\"},\"image\":{\"@id\":\"https:\/\/baubauwall.com\/et\/#\/schema\/logo\/image\/\"},\"sameAs\":[\"https:\/\/www.facebook.com\/Baubauwall\",\"https:\/\/www.instagram.com\/baubauwall\"]}]}<\/script>\n<!-- \/ Yoast SEO plugin. -->","yoast_head_json":{"title":"R\u00f5\u00f5msad hiired - tapeet lastetuppa","description":"Lastetoa tapeet t\u00e4is armsaid hiiri. Ilus valik pisikestele t\u00fcdrukutele. Unistuste tapeet, tr\u00fckime just sinu lapse toa seina m\u00f5\u00f5dus, m\u00f5nusale fliistapeedile.","robots":{"index":"index","follow":"follow","max-snippet":"max-snippet:-1","max-image-preview":"max-image-preview:large","max-video-preview":"max-video-preview:-1"},"canonical":"https:\/\/baubauwall.com\/et\/toode\/kordusmustriga-tapeet-roomsad-hiired\/","og_locale":"et_EE","og_type":"article","og_title":"R\u00f5\u00f5msad hiired","og_description":"BAUBAUWALL Wallpapers","og_url":"https:\/\/baubauwall.com\/et\/toode\/kordusmustriga-tapeet-roomsad-hiired\/","og_site_name":"BAUBAUWALL Wallpapers","article_publisher":"https:\/\/www.facebook.com\/Baubauwall","article_modified_time":"2024-11-18T11:40:42+00:00","og_image":[{"width":2414,"height":1600,"url":"https:\/\/baubauwall.com\/wp-content\/uploads\/2022\/11\/51100438_MerryMice_Baubauwall_Wallpaper_room1.jpg","type":"image\/jpeg"}],"twitter_card":"summary_large_image","twitter_misc":{"Est. reading time":"1 minut"},"schema":{"@context":"https:\/\/schema.org","@graph":[{"@type":"WebPage","@id":"https:\/\/baubauwall.com\/et\/toode\/kordusmustriga-tapeet-roomsad-hiired\/","url":"https:\/\/baubauwall.com\/et\/toode\/kordusmustriga-tapeet-roomsad-hiired\/","name":"R\u00f5\u00f5msad hiired - tapeet lastetuppa","isPartOf":{"@id":"https:\/\/baubauwall.com\/et\/#website"},"primaryImageOfPage":{"@id":"https:\/\/baubauwall.com\/et\/toode\/kordusmustriga-tapeet-roomsad-hiired\/#primaryimage"},"image":{"@id":"https:\/\/baubauwall.com\/et\/toode\/kordusmustriga-tapeet-roomsad-hiired\/#primaryimage"},"thumbnailUrl":"https:\/\/baubauwall.com\/wp-content\/uploads\/2022\/11\/51100438_MerryMice_Baubauwall_Wallpaper_room1.jpg","datePublished":"2024-11-18T10:15:15+00:00","dateModified":"2024-11-18T11:40:42+00:00","description":"Lastetoa tapeet t\u00e4is armsaid hiiri. Ilus valik pisikestele t\u00fcdrukutele. Unistuste tapeet, tr\u00fckime just sinu lapse toa seina m\u00f5\u00f5dus, m\u00f5nusale fliistapeedile.","breadcrumb":{"@id":"https:\/\/baubauwall.com\/et\/toode\/kordusmustriga-tapeet-roomsad-hiired\/#breadcrumb"},"inLanguage":"et","potentialAction":[{"@type":"ReadAction","target":["https:\/\/baubauwall.com\/et\/toode\/kordusmustriga-tapeet-roomsad-hiired\/"]}]},{"@type":"ImageObject","inLanguage":"et","@id":"https:\/\/baubauwall.com\/et\/toode\/kordusmustriga-tapeet-roomsad-hiired\/#primaryimage","url":"https:\/\/baubauwall.com\/wp-content\/uploads\/2022\/11\/51100438_MerryMice_Baubauwall_Wallpaper_room1.jpg","contentUrl":"https:\/\/baubauwall.com\/wp-content\/uploads\/2022\/11\/51100438_MerryMice_Baubauwall_Wallpaper_room1.jpg","width":2414,"height":1600,"caption":"Lastetoa tapeet hiirtega. Kids roo wallpaper with mice."},{"@type":"BreadcrumbList","@id":"https:\/\/baubauwall.com\/et\/toode\/kordusmustriga-tapeet-roomsad-hiired\/#breadcrumb","itemListElement":[{"@type":"ListItem","position":1,"name":"Koju","item":"https:\/\/baubauwall.com\/et\/"},{"@type":"ListItem","position":2,"name":"Tapeedid","item":"https:\/\/baubauwall.com\/et\/tapeedid\/"},{"@type":"ListItem","position":3,"name":"R\u00f5\u00f5msad hiired"}]},{"@type":"WebSite","@id":"https:\/\/baubauwall.com\/et\/#website","url":"https:\/\/baubauwall.com\/et\/","name":"BAUBAUWALL Wallpapers","description":"Valmis paanides tapeet Eestist!","publisher":{"@id":"https:\/\/baubauwall.com\/et\/#organization"},"potentialAction":[{"@type":"SearchAction","target":{"@type":"EntryPoint","urlTemplate":"https:\/\/baubauwall.com\/et\/?s={search_term_string}"},"query-input":{"@type":"PropertyValueSpecification","valueRequired":true,"valueName":"search_term_string"}}],"inLanguage":"et"},{"@type":"Organization","@id":"https:\/\/baubauwall.com\/et\/#organization","name":"BAUBAUWALL Wallpapers","url":"https:\/\/baubauwall.com\/et\/","logo":{"@type":"ImageObject","inLanguage":"et","@id":"https:\/\/baubauwall.com\/et\/#\/schema\/logo\/image\/","url":"https:\/\/baubauwall.com\/wp-content\/uploads\/2022\/03\/logo-horizontal.svg","contentUrl":"https:\/\/baubauwall.com\/wp-content\/uploads\/2022\/03\/logo-horizontal.svg","width":"1024","height":"1024","caption":"BAUBAUWALL Wallpapers"},"image":{"@id":"https:\/\/baubauwall.com\/et\/#\/schema\/logo\/image\/"},"sameAs":["https:\/\/www.facebook.com\/Baubauwall","https:\/\/www.instagram.com\/baubauwall"]}]}},"jetpack_sharing_enabled":true,"_links":{"self":[{"href":"https:\/\/baubauwall.com\/et\/wp-json\/wp\/v2\/product\/39050","targetHints":{"allow":["GET"]}}],"collection":[{"href":"https:\/\/baubauwall.com\/et\/wp-json\/wp\/v2\/product"}],"about":[{"href":"https:\/\/baubauwall.com\/et\/wp-json\/wp\/v2\/types\/product"}],"replies":[{"embeddable":true,"href":"https:\/\/baubauwall.com\/et\/wp-json\/wp\/v2\/comments?post=39050"}],"wp:featuredmedia":[{"embeddable":true,"href":"https:\/\/baubauwall.com\/et\/wp-json\/wp\/v2\/media\/39042"}],"wp:attachment":[{"href":"https:\/\/baubauwall.com\/et\/wp-json\/wp\/v2\/media?parent=39050"}],"wp:term":[{"taxonomy":"product_brand","embeddable":true,"href":"https:\/\/baubauwall.com\/et\/wp-json\/wp\/v2\/product_brand?post=39050"},{"taxonomy":"product_cat","embeddable":true,"href":"https:\/\/baubauwall.com\/et\/wp-json\/wp\/v2\/product_cat?post=39050"},{"taxonomy":"product_tag","embeddable":true,"href":"https:\/\/baubauwall.com\/et\/wp-json\/wp\/v2\/product_tag?post=39050"}],"curies":[{"name":"wp","href":"https:\/\/api.w.org\/{rel}","templated":true}]}}