{"id":39065,"date":"2024-11-18T13:15:15","date_gmt":"2024-11-18T11:15:15","guid":{"rendered":"https:\/\/baubauwall.com\/product\/wallpaper-joyful-jungle-white\/"},"modified":"2025-08-01T15:12:32","modified_gmt":"2025-08-01T13:12:32","slug":"kordumustriga-tapeet-sobrad-dzunglist","status":"publish","type":"product","link":"https:\/\/baubauwall.com\/et\/toode\/kordumustriga-tapeet-sobrad-dzunglist\/","title":{"rendered":"S\u00f5brad d\u017eunglist &#8211; valge"},"content":{"rendered":"<p>Vahva tapeet lastetuppa, mis toob d\u017eunglis\u00f5brad lapsele koju k\u00e4tte! Tapeedil on lummav vaade d\u017eunglielule, kus elevandid, uudishimulikud ahvikesed, k\u00f5rged kaelkirjakud ja laisad l\u00f5vid m\u00e4ngivad roheliste palmide vahel.\u00a0 Neutraalne v\u00e4rvipalett sobib erinevate sisustusstiilidega, aidates luua toreda ja kutsuva interj\u00f6\u00f6ri, kus fantaasia v\u00f5ib vabalt lennata. Tapeet d\u017eunglis\u00f5pradega sobib nii poistele kui t\u00fcdrukutele. Samuti on oluline tapeedi materjal. Fliistapeeti loetakse parimaks v\u00f5imalikuks. See on hingav, vastupidiselt isekleepuvatele ja vin\u00fc\u00fcltapeetidele. Siin Baubauwallis kasutame tr\u00fckiks mittem\u00fcrgiseid v\u00e4rve ning fliistapeedi materjal on ilus matt, ei l\u00e4igi.<\/p>\n<p>Kuidas valida tapeeti lastetuppa, <a href=\"https:\/\/baubauwall.com\/et\/uudised\/kodu-koige-lustlikum-tuba\/\" target=\"_blank\" rel=\"noopener\">loe ka Baubau ajakirjast.<\/a><\/p>\n<p><strong>Miks osta lastetoa tapeet siit? Tapeetimine pole kunagi nii lihtne olnud!<\/strong><\/p>\n<ul>\n<li>Nummerdatud tapeedipaanid<\/li>\n<li>Just nii pikad tapeedipaanid, kui on Sinu sein<\/li>\n<li>Premium, matt fliistapeedi materjal, 100% taaskasutatud kiust<\/li>\n<li>M\u00fcrgivabad tr\u00fckiv\u00e4rvid, Greenguard sertifitseeritud \u2013 ideaalne lastetuppa<\/li>\n<li>Keskkonnas\u00f5bralik, j\u00e4\u00e4tmevaba tapeetimine<\/li>\n<li>Tasuta tapeediliim<\/li>\n<li>Tasuta transport ja kiire tarne 5 t\u00f6\u00f6p\u00e4evaga<\/li>\n<\/ul>\n<p>Loe l\u00e4hemalt nutikatest, eritellimust\u00f6\u00f6na valmivatest tapeetidest\u00a0<a href=\"https:\/\/baubauwall.com\/et\/keskkonnasobralikud-tapeedid\/\">siit.<\/a>hea<\/p>\n","protected":false},"excerpt":{"rendered":"<p>Vahva tapeet lastetuppa, mis toob d\u017eunglis\u00f5brad lapsele koju k\u00e4tte! Tapeedil on lummav vaade d\u017eunglielule, kus elevandid, uudishimulikud ahvikesed, k\u00f5rged kaelkirjakud ja laisad l\u00f5vid m\u00e4ngivad roheliste palmide vahel.\u00a0 Neutraalne v\u00e4rvipalett sobib erinevate sisustusstiilidega, aidates luua toreda ja kutsuva interj\u00f6\u00f6ri, kus fantaasia v\u00f5ib vabalt lennata. Tapeet d\u017eunglis\u00f5pradega sobib nii poistele kui t\u00fcdrukutele. Samuti on oluline tapeedi materjal. [&hellip;]<\/p>\n","protected":false},"featured_media":39060,"comment_status":"open","ping_status":"closed","template":"","meta":{"_acf_changed":false,"inline_featured_image":false},"product_brand":[],"product_cat":[629,386,271,273,410,400,250,255],"product_tag":[631,832,308,724,324],"class_list":{"0":"post-39065","1":"product","2":"type-product","3":"status-publish","4":"has-post-thumbnail","6":"product_cat-kikki-belle-tapeedid","7":"product_cat-kordusmustriga-tapeedid","8":"product_cat-rohelised-tapeedid","9":"product_cat-heledad-tapeedid","10":"product_cat-valge-tapeedid","11":"product_cat-lastetoa-tapeedid","12":"product_cat-dzungel-troopika","13":"product_cat-loomad","14":"product_tag-kikki-belle-et","15":"product_tag-kordusmustriga-tapeedid","16":"product_tag-poiste-tuba","17":"product_tag-sooneutraalsed-varvid-et","18":"product_tag-tudruku-tuba","19":"pa_designedby-sir-edward","21":"first","22":"instock","23":"taxable","24":"shipping-taxable","25":"purchasable","26":"product-type-simple"},"acf":[],"yoast_head":"<!-- This site is optimized with the Yoast SEO plugin v25.9 - https:\/\/yoast.com\/wordpress\/plugins\/seo\/ -->\n<title>Lastetoa fliistapeet - S\u00f5brad d\u017eunglist - valge<\/title>\n<meta name=\"description\" content=\"Tapeet lastetuppa, kus m\u00e4ng ei peatu. D\u017eungliteemaline tapeet on lahe valik lastele, millega on raske eksida. Ilus tapeedivalik nii poistele kui t\u00fcdrukutele\" \/>\n<meta name=\"robots\" content=\"index, follow, max-snippet:-1, max-image-preview:large, max-video-preview:-1\" \/>\n<link rel=\"canonical\" href=\"https:\/\/baubauwall.com\/et\/toode\/kordumustriga-tapeet-sobrad-dzunglist\/\" \/>\n<meta property=\"og:locale\" content=\"et_EE\" \/>\n<meta property=\"og:type\" content=\"article\" \/>\n<meta property=\"og:title\" content=\"S\u00f5brad d\u017eunglist - valge\" \/>\n<meta property=\"og:description\" content=\"BAUBAUWALL Wallpapers\" \/>\n<meta property=\"og:url\" content=\"https:\/\/baubauwall.com\/et\/toode\/kordumustriga-tapeet-sobrad-dzunglist\/\" \/>\n<meta property=\"og:site_name\" content=\"BAUBAUWALL Wallpapers\" \/>\n<meta property=\"article:publisher\" content=\"https:\/\/www.facebook.com\/Baubauwall\" \/>\n<meta property=\"article:modified_time\" content=\"2025-08-01T13:12:32+00:00\" \/>\n<meta property=\"og:image\" content=\"https:\/\/baubauwall.com\/wp-content\/uploads\/2022\/11\/51100439_JoyfulJungle-White_Baubauwall_Wallpaper_room1.jpg\" \/>\n\t<meta property=\"og:image:width\" content=\"2400\" \/>\n\t<meta property=\"og:image:height\" content=\"1600\" \/>\n\t<meta property=\"og:image:type\" content=\"image\/jpeg\" \/>\n<meta name=\"twitter:card\" content=\"summary_large_image\" \/>\n<meta name=\"twitter:label1\" content=\"Est. reading time\" \/>\n\t<meta name=\"twitter:data1\" content=\"1 minut\" \/>\n<script type=\"application\/ld+json\" class=\"yoast-schema-graph\">{\"@context\":\"https:\/\/schema.org\",\"@graph\":[{\"@type\":\"WebPage\",\"@id\":\"https:\/\/baubauwall.com\/et\/toode\/kordumustriga-tapeet-sobrad-dzunglist\/\",\"url\":\"https:\/\/baubauwall.com\/et\/toode\/kordumustriga-tapeet-sobrad-dzunglist\/\",\"name\":\"Lastetoa fliistapeet - S\u00f5brad d\u017eunglist - valge\",\"isPartOf\":{\"@id\":\"https:\/\/baubauwall.com\/et\/#website\"},\"primaryImageOfPage\":{\"@id\":\"https:\/\/baubauwall.com\/et\/toode\/kordumustriga-tapeet-sobrad-dzunglist\/#primaryimage\"},\"image\":{\"@id\":\"https:\/\/baubauwall.com\/et\/toode\/kordumustriga-tapeet-sobrad-dzunglist\/#primaryimage\"},\"thumbnailUrl\":\"https:\/\/baubauwall.com\/wp-content\/uploads\/2022\/11\/51100439_JoyfulJungle-White_Baubauwall_Wallpaper_room1.jpg\",\"datePublished\":\"2024-11-18T11:15:15+00:00\",\"dateModified\":\"2025-08-01T13:12:32+00:00\",\"description\":\"Tapeet lastetuppa, kus m\u00e4ng ei peatu. D\u017eungliteemaline tapeet on lahe valik lastele, millega on raske eksida. Ilus tapeedivalik nii poistele kui t\u00fcdrukutele\",\"breadcrumb\":{\"@id\":\"https:\/\/baubauwall.com\/et\/toode\/kordumustriga-tapeet-sobrad-dzunglist\/#breadcrumb\"},\"inLanguage\":\"et\",\"potentialAction\":[{\"@type\":\"ReadAction\",\"target\":[\"https:\/\/baubauwall.com\/et\/toode\/kordumustriga-tapeet-sobrad-dzunglist\/\"]}]},{\"@type\":\"ImageObject\",\"inLanguage\":\"et\",\"@id\":\"https:\/\/baubauwall.com\/et\/toode\/kordumustriga-tapeet-sobrad-dzunglist\/#primaryimage\",\"url\":\"https:\/\/baubauwall.com\/wp-content\/uploads\/2022\/11\/51100439_JoyfulJungle-White_Baubauwall_Wallpaper_room1.jpg\",\"contentUrl\":\"https:\/\/baubauwall.com\/wp-content\/uploads\/2022\/11\/51100439_JoyfulJungle-White_Baubauwall_Wallpaper_room1.jpg\",\"width\":2400,\"height\":1600,\"caption\":\"Jungle wallpaper for kids room. Gender neutral wallcovering for girls or boys or both!\"},{\"@type\":\"BreadcrumbList\",\"@id\":\"https:\/\/baubauwall.com\/et\/toode\/kordumustriga-tapeet-sobrad-dzunglist\/#breadcrumb\",\"itemListElement\":[{\"@type\":\"ListItem\",\"position\":1,\"name\":\"Koju\",\"item\":\"https:\/\/baubauwall.com\/et\/\"},{\"@type\":\"ListItem\",\"position\":2,\"name\":\"Tapeedid\",\"item\":\"https:\/\/baubauwall.com\/et\/tapeedid\/\"},{\"@type\":\"ListItem\",\"position\":3,\"name\":\"S\u00f5brad d\u017eunglist &#8211; valge\"}]},{\"@type\":\"WebSite\",\"@id\":\"https:\/\/baubauwall.com\/et\/#website\",\"url\":\"https:\/\/baubauwall.com\/et\/\",\"name\":\"BAUBAUWALL Wallpapers\",\"description\":\"Valmis paanides tapeet Eestist!\",\"publisher\":{\"@id\":\"https:\/\/baubauwall.com\/et\/#organization\"},\"potentialAction\":[{\"@type\":\"SearchAction\",\"target\":{\"@type\":\"EntryPoint\",\"urlTemplate\":\"https:\/\/baubauwall.com\/et\/?s={search_term_string}\"},\"query-input\":{\"@type\":\"PropertyValueSpecification\",\"valueRequired\":true,\"valueName\":\"search_term_string\"}}],\"inLanguage\":\"et\"},{\"@type\":\"Organization\",\"@id\":\"https:\/\/baubauwall.com\/et\/#organization\",\"name\":\"BAUBAUWALL Wallpapers\",\"url\":\"https:\/\/baubauwall.com\/et\/\",\"logo\":{\"@type\":\"ImageObject\",\"inLanguage\":\"et\",\"@id\":\"https:\/\/baubauwall.com\/et\/#\/schema\/logo\/image\/\",\"url\":\"https:\/\/baubauwall.com\/wp-content\/uploads\/2022\/03\/logo-horizontal.svg\",\"contentUrl\":\"https:\/\/baubauwall.com\/wp-content\/uploads\/2022\/03\/logo-horizontal.svg\",\"width\":\"1024\",\"height\":\"1024\",\"caption\":\"BAUBAUWALL Wallpapers\"},\"image\":{\"@id\":\"https:\/\/baubauwall.com\/et\/#\/schema\/logo\/image\/\"},\"sameAs\":[\"https:\/\/www.facebook.com\/Baubauwall\",\"https:\/\/www.instagram.com\/baubauwall\"]}]}<\/script>\n<!-- \/ Yoast SEO plugin. -->","yoast_head_json":{"title":"Lastetoa fliistapeet - S\u00f5brad d\u017eunglist - valge","description":"Tapeet lastetuppa, kus m\u00e4ng ei peatu. D\u017eungliteemaline tapeet on lahe valik lastele, millega on raske eksida. Ilus tapeedivalik nii poistele kui t\u00fcdrukutele","robots":{"index":"index","follow":"follow","max-snippet":"max-snippet:-1","max-image-preview":"max-image-preview:large","max-video-preview":"max-video-preview:-1"},"canonical":"https:\/\/baubauwall.com\/et\/toode\/kordumustriga-tapeet-sobrad-dzunglist\/","og_locale":"et_EE","og_type":"article","og_title":"S\u00f5brad d\u017eunglist - valge","og_description":"BAUBAUWALL Wallpapers","og_url":"https:\/\/baubauwall.com\/et\/toode\/kordumustriga-tapeet-sobrad-dzunglist\/","og_site_name":"BAUBAUWALL Wallpapers","article_publisher":"https:\/\/www.facebook.com\/Baubauwall","article_modified_time":"2025-08-01T13:12:32+00:00","og_image":[{"width":2400,"height":1600,"url":"https:\/\/baubauwall.com\/wp-content\/uploads\/2022\/11\/51100439_JoyfulJungle-White_Baubauwall_Wallpaper_room1.jpg","type":"image\/jpeg"}],"twitter_card":"summary_large_image","twitter_misc":{"Est. reading time":"1 minut"},"schema":{"@context":"https:\/\/schema.org","@graph":[{"@type":"WebPage","@id":"https:\/\/baubauwall.com\/et\/toode\/kordumustriga-tapeet-sobrad-dzunglist\/","url":"https:\/\/baubauwall.com\/et\/toode\/kordumustriga-tapeet-sobrad-dzunglist\/","name":"Lastetoa fliistapeet - S\u00f5brad d\u017eunglist - valge","isPartOf":{"@id":"https:\/\/baubauwall.com\/et\/#website"},"primaryImageOfPage":{"@id":"https:\/\/baubauwall.com\/et\/toode\/kordumustriga-tapeet-sobrad-dzunglist\/#primaryimage"},"image":{"@id":"https:\/\/baubauwall.com\/et\/toode\/kordumustriga-tapeet-sobrad-dzunglist\/#primaryimage"},"thumbnailUrl":"https:\/\/baubauwall.com\/wp-content\/uploads\/2022\/11\/51100439_JoyfulJungle-White_Baubauwall_Wallpaper_room1.jpg","datePublished":"2024-11-18T11:15:15+00:00","dateModified":"2025-08-01T13:12:32+00:00","description":"Tapeet lastetuppa, kus m\u00e4ng ei peatu. D\u017eungliteemaline tapeet on lahe valik lastele, millega on raske eksida. Ilus tapeedivalik nii poistele kui t\u00fcdrukutele","breadcrumb":{"@id":"https:\/\/baubauwall.com\/et\/toode\/kordumustriga-tapeet-sobrad-dzunglist\/#breadcrumb"},"inLanguage":"et","potentialAction":[{"@type":"ReadAction","target":["https:\/\/baubauwall.com\/et\/toode\/kordumustriga-tapeet-sobrad-dzunglist\/"]}]},{"@type":"ImageObject","inLanguage":"et","@id":"https:\/\/baubauwall.com\/et\/toode\/kordumustriga-tapeet-sobrad-dzunglist\/#primaryimage","url":"https:\/\/baubauwall.com\/wp-content\/uploads\/2022\/11\/51100439_JoyfulJungle-White_Baubauwall_Wallpaper_room1.jpg","contentUrl":"https:\/\/baubauwall.com\/wp-content\/uploads\/2022\/11\/51100439_JoyfulJungle-White_Baubauwall_Wallpaper_room1.jpg","width":2400,"height":1600,"caption":"Jungle wallpaper for kids room. Gender neutral wallcovering for girls or boys or both!"},{"@type":"BreadcrumbList","@id":"https:\/\/baubauwall.com\/et\/toode\/kordumustriga-tapeet-sobrad-dzunglist\/#breadcrumb","itemListElement":[{"@type":"ListItem","position":1,"name":"Koju","item":"https:\/\/baubauwall.com\/et\/"},{"@type":"ListItem","position":2,"name":"Tapeedid","item":"https:\/\/baubauwall.com\/et\/tapeedid\/"},{"@type":"ListItem","position":3,"name":"S\u00f5brad d\u017eunglist &#8211; valge"}]},{"@type":"WebSite","@id":"https:\/\/baubauwall.com\/et\/#website","url":"https:\/\/baubauwall.com\/et\/","name":"BAUBAUWALL Wallpapers","description":"Valmis paanides tapeet Eestist!","publisher":{"@id":"https:\/\/baubauwall.com\/et\/#organization"},"potentialAction":[{"@type":"SearchAction","target":{"@type":"EntryPoint","urlTemplate":"https:\/\/baubauwall.com\/et\/?s={search_term_string}"},"query-input":{"@type":"PropertyValueSpecification","valueRequired":true,"valueName":"search_term_string"}}],"inLanguage":"et"},{"@type":"Organization","@id":"https:\/\/baubauwall.com\/et\/#organization","name":"BAUBAUWALL Wallpapers","url":"https:\/\/baubauwall.com\/et\/","logo":{"@type":"ImageObject","inLanguage":"et","@id":"https:\/\/baubauwall.com\/et\/#\/schema\/logo\/image\/","url":"https:\/\/baubauwall.com\/wp-content\/uploads\/2022\/03\/logo-horizontal.svg","contentUrl":"https:\/\/baubauwall.com\/wp-content\/uploads\/2022\/03\/logo-horizontal.svg","width":"1024","height":"1024","caption":"BAUBAUWALL Wallpapers"},"image":{"@id":"https:\/\/baubauwall.com\/et\/#\/schema\/logo\/image\/"},"sameAs":["https:\/\/www.facebook.com\/Baubauwall","https:\/\/www.instagram.com\/baubauwall"]}]}},"jetpack_sharing_enabled":true,"_links":{"self":[{"href":"https:\/\/baubauwall.com\/et\/wp-json\/wp\/v2\/product\/39065","targetHints":{"allow":["GET"]}}],"collection":[{"href":"https:\/\/baubauwall.com\/et\/wp-json\/wp\/v2\/product"}],"about":[{"href":"https:\/\/baubauwall.com\/et\/wp-json\/wp\/v2\/types\/product"}],"replies":[{"embeddable":true,"href":"https:\/\/baubauwall.com\/et\/wp-json\/wp\/v2\/comments?post=39065"}],"wp:featuredmedia":[{"embeddable":true,"href":"https:\/\/baubauwall.com\/et\/wp-json\/wp\/v2\/media\/39060"}],"wp:attachment":[{"href":"https:\/\/baubauwall.com\/et\/wp-json\/wp\/v2\/media?parent=39065"}],"wp:term":[{"taxonomy":"product_brand","embeddable":true,"href":"https:\/\/baubauwall.com\/et\/wp-json\/wp\/v2\/product_brand?post=39065"},{"taxonomy":"product_cat","embeddable":true,"href":"https:\/\/baubauwall.com\/et\/wp-json\/wp\/v2\/product_cat?post=39065"},{"taxonomy":"product_tag","embeddable":true,"href":"https:\/\/baubauwall.com\/et\/wp-json\/wp\/v2\/product_tag?post=39065"}],"curies":[{"name":"wp","href":"https:\/\/api.w.org\/{rel}","templated":true}]}}